{"id":20908,"date":"2024-03-01T16:53:34","date_gmt":"2024-03-01T15:53:34","guid":{"rendered":"https:\/\/u15jnbdpoq.preview.infomaniak.website\/produit\/fleco-de-microfibra-con-velcro-l-60cm\/"},"modified":"2026-03-31T02:14:25","modified_gmt":"2026-03-31T00:14:25","slug":"fleco-de-microfibra-con-velcro-l-60cm","status":"publish","type":"product","link":"https:\/\/www.csj-emballages.com\/es\/produit\/fleco-de-microfibra-con-velcro-l-60cm\/","title":{"rendered":"Fleco de microfibra para escoba de velcro 60 cm"},"content":{"rendered":"<h2>Flecos de microfibra<\/h2>\n<hr>\n<h3>Descripci\u00f3n de nuestros flecos de microfibra para escobas de velcro 60 cm<!--more--><\/h3>\n<div class=\"flex max-w-full flex-col flex-grow\">\n<div class=\"min-h-8 text-message flex w-full flex-col items-end gap-2 whitespace-normal break-words text-start [.text-message+&amp;]:mt-5\" dir=\"auto\" data-message-author-role=\"assistant\" data-message-id=\"266ca6f3-5e07-4948-bd20-80ac5e6da4a5\" data-message-model-slug=\"gpt-4o\">\n<div class=\"flex w-full flex-col gap-1 empty:hidden first:pt-[3px]\">\n<div class=\"markdown prose w-full break-words dark:prose-invert dark\">\n<p data-start=\"292\" data-end=\"694\">A la hora de limpiar, lo que m\u00e1s queremos es que sea eficaz&#8230; y r\u00e1pido. Esta <strong data-start=\"377\" data-end=\"423\">mopa de microfibra para fregona trapecio de 60 cm<\/strong> ha sido dise\u00f1ada precisamente para eso. Gracias a su amplia superficie, cubre m\u00e1s suelo de una sola pasada, lo que permite ahorrar tiempo sin esfuerzo adicional. Ideal para <strong>grandes superficies, pasillos, oficinas o espacios profesionales<\/strong> muy concurridos.   <\/p>\n<p data-start=\"696\" data-end=\"1092\">La <strong>microfibra<\/strong> capta f\u00e1cilmente el <strong>polvo, la suciedad fina e incluso las manchas m\u00e1s dif\u00edciles<\/strong>. A diferencia de las mopas cl\u00e1sicas, no se limita a desplazar la suciedad: la atrapa y la retiene. El resultado es un suelo m\u00e1s limpio, m\u00e1s r\u00e1pido y con menos pasadas. Tanto si la utiliza en seco para quitar el polvo como ligeramente h\u00fameda para fregar, se adapta sin problemas.   <\/p>\n<p data-start=\"1094\" data-end=\"1469\">Su sistema de <strong data-start=\"1106\" data-end=\"1116\">velcro<\/strong> hace que la colocaci\u00f3n sea muy sencilla. Se fija en cuesti\u00f3n de segundos a una fregona trapecio compatible y, cuando llega el momento de cambiarla o lavarla, se retira con la misma facilidad. Las <strong>bandas de color integradas<\/strong> tambi\u00e9n permiten organizar mejor la limpieza, sobre todo para diferenciar las zonas y evitar la contaminaci\u00f3n cruzada.  <\/p>\n<p data-start=\"1471\" data-end=\"1709\">S\u00f3lida y resistente, esta <strong>mopa<\/strong> soporta los lavados repetidos sin perder su poder de absorci\u00f3n. Es perfecta para los profesionales de la limpieza, pero tambi\u00e9n para aquellos que desean un material fiable para un uso regular. <\/p>\n<p data-start=\"1711\" data-end=\"1862\">En resumen, es una mopa pr\u00e1ctica, duradera y realmente eficaz, pensada para simplificar la limpieza y garantizar un resultado impecable.<\/p>\n<h3><\/h3>\n<\/div>\n<\/div>\n<\/div>\n<\/div>\n<p><!--more--><\/p>\n<h4>Ventajas :<\/h4>\n<ul>\n<li data-start=\"1890\" data-end=\"1935\"><strong>Formato grande de 60 cm<\/strong> para una limpieza r\u00e1pida.<\/li>\n<li data-start=\"1938\" data-end=\"1981\">Microfibra muy absorbente y eficaz.<\/li>\n<li data-start=\"1984\" data-end=\"2018\">Fijaci\u00f3n con <strong>velcro<\/strong> sencilla y r\u00e1pida.<\/li>\n<li data-start=\"2021\" data-end=\"2049\">Se puede utilizar en seco o en h\u00famedo.<\/li>\n<li data-start=\"2052\" data-end=\"2084\">Resistente a los lavados repetidos.<\/li>\n<li data-start=\"2087\" data-end=\"2135\">Bandas de color para una mejor organizaci\u00f3n.<\/li>\n<\/ul>\n<p>&nbsp;<\/p>\n<p><!--more--><\/p>\n<h4>Informaci\u00f3n adicional :<\/h4>\n<ul>\n<li><strong>Embalaje<\/strong>: Se vende individualmente<\/li>\n<li><strong>Longitud<\/strong>: 60 cm<\/li>\n<li><b>Color: <\/b>Azul<\/li>\n<\/ul>\n<p>&nbsp;<\/p>\n<p><!--more--><\/p>\n<p><a href=\"https:\/\/www.csj-emballages.com\/es\/categorie-produit\/higiene-y-mantenimiento\/cepillos-y-escobas\/escoba-cepillo-plumero\/gama-velcro\/\">Ver el resto de nuestra gama de Velcro<\/a><\/p>\n","protected":false},"excerpt":{"rendered":"<p>Flecos de microfibra Descripci\u00f3n de nuestros flecos de microfibra para escobas de velcro 60 cm<\/p>\n","protected":false},"featured_media":221452,"template":"","meta":{"_acf_changed":false},"product_brand":[],"product_cat":[1226,1420,1832,1972],"product_tag":[],"class_list":{"0":"post-20908","1":"product","2":"type-product","3":"status-publish","4":"has-post-thumbnail","6":"product_cat-higiene-y-mantenimiento","7":"product_cat-cepillos-y-escobas","8":"product_cat-escoba-cepillo-plumero","9":"product_cat-gama-velcro","11":"first","12":"instock","13":"taxable","14":"shipping-taxable","15":"purchasable","16":"product-type-simple"},"acf":[],"yoast_head":"<!-- This site is optimized with the Yoast SEO Premium plugin v26.6 (Yoast SEO v26.6) - https:\/\/yoast.com\/wordpress\/plugins\/seo\/ -->\n<title>Fleco de microfibra para escoba de velcro Trapecio 60 cm<\/title>\n<meta name=\"description\" content=\"Fleco de microfibra para escoba de velcro de 60 cm. Perfecto para una limpieza eficaz del suelo, reutilizable y compatible con diferentes superficies.\" \/>\n<meta name=\"robots\" content=\"index, follow, max-snippet:-1, max-image-preview:large, max-video-preview:-1\" \/>\n<link rel=\"canonical\" href=\"https:\/\/www.csj-emballages.com\/es\/produit\/fleco-de-microfibra-con-velcro-l-60cm\/\" \/>\n<meta property=\"og:locale\" content=\"es_ES\" \/>\n<meta property=\"og:type\" content=\"article\" \/>\n<meta property=\"og:title\" content=\"Fleco de microfibra para escoba de velcro 60 cm\" \/>\n<meta property=\"og:description\" content=\"Fleco de microfibra para escoba de velcro de 60 cm. Perfecto para una limpieza eficaz del suelo, reutilizable y compatible con diferentes superficies.\" \/>\n<meta property=\"og:url\" content=\"https:\/\/www.csj-emballages.com\/es\/produit\/fleco-de-microfibra-con-velcro-l-60cm\/\" \/>\n<meta property=\"og:site_name\" content=\"CSJ Emballages\" \/>\n<meta property=\"article:publisher\" content=\"https:\/\/www.facebook.com\/csjemballages\" \/>\n<meta property=\"article:modified_time\" content=\"2026-03-31T00:14:25+00:00\" \/>\n<meta property=\"og:image\" content=\"https:\/\/www.csj-emballages.com\/wp-content\/uploads\/2024\/03\/Franvelcro.webp\" \/>\n\t<meta property=\"og:image:width\" content=\"800\" \/>\n\t<meta property=\"og:image:height\" content=\"800\" \/>\n\t<meta property=\"og:image:type\" content=\"image\/webp\" \/>\n<meta name=\"twitter:card\" content=\"summary_large_image\" \/>\n<meta name=\"twitter:label1\" content=\"Tiempo de lectura\" \/>\n\t<meta name=\"twitter:data1\" content=\"2 minutos\" \/>\n<script type=\"application\/ld+json\" class=\"yoast-schema-graph\">{\"@context\":\"https:\/\/schema.org\",\"@graph\":[{\"@type\":\"WebPage\",\"@id\":\"https:\/\/www.csj-emballages.com\/es\/produit\/fleco-de-microfibra-con-velcro-l-60cm\/\",\"url\":\"https:\/\/www.csj-emballages.com\/es\/produit\/fleco-de-microfibra-con-velcro-l-60cm\/\",\"name\":\"Fleco de microfibra para escoba de velcro Trapecio 60 cm\",\"isPartOf\":{\"@id\":\"https:\/\/www.csj-emballages.com\/es\/#website\"},\"primaryImageOfPage\":{\"@id\":\"https:\/\/www.csj-emballages.com\/es\/produit\/fleco-de-microfibra-con-velcro-l-60cm\/#primaryimage\"},\"image\":{\"@id\":\"https:\/\/www.csj-emballages.com\/es\/produit\/fleco-de-microfibra-con-velcro-l-60cm\/#primaryimage\"},\"thumbnailUrl\":\"https:\/\/www.csj-emballages.com\/wp-content\/uploads\/2024\/03\/Franvelcro.webp\",\"datePublished\":\"2024-03-01T15:53:34+00:00\",\"dateModified\":\"2026-03-31T00:14:25+00:00\",\"description\":\"Fleco de microfibra para escoba de velcro de 60 cm. Perfecto para una limpieza eficaz del suelo, reutilizable y compatible con diferentes superficies.\",\"breadcrumb\":{\"@id\":\"https:\/\/www.csj-emballages.com\/es\/produit\/fleco-de-microfibra-con-velcro-l-60cm\/#breadcrumb\"},\"inLanguage\":\"es\",\"potentialAction\":[{\"@type\":\"ReadAction\",\"target\":[\"https:\/\/www.csj-emballages.com\/es\/produit\/fleco-de-microfibra-con-velcro-l-60cm\/\"]}]},{\"@type\":\"ImageObject\",\"inLanguage\":\"es\",\"@id\":\"https:\/\/www.csj-emballages.com\/es\/produit\/fleco-de-microfibra-con-velcro-l-60cm\/#primaryimage\",\"url\":\"https:\/\/www.csj-emballages.com\/wp-content\/uploads\/2024\/03\/Franvelcro.webp\",\"contentUrl\":\"https:\/\/www.csj-emballages.com\/wp-content\/uploads\/2024\/03\/Franvelcro.webp\",\"width\":800,\"height\":800,\"caption\":\"Frange microfibre\"},{\"@type\":\"BreadcrumbList\",\"@id\":\"https:\/\/www.csj-emballages.com\/es\/produit\/fleco-de-microfibra-con-velcro-l-60cm\/#breadcrumb\",\"itemListElement\":[{\"@type\":\"ListItem\",\"position\":1,\"name\":\"Accueil\",\"item\":\"https:\/\/www.csj-emballages.com\/es\/universo-del-envasado-alimentario\/\"},{\"@type\":\"ListItem\",\"position\":2,\"name\":\"Tienda\",\"item\":\"https:\/\/www.csj-emballages.com\/tienda\/\"},{\"@type\":\"ListItem\",\"position\":3,\"name\":\"Fleco de microfibra para escoba de velcro 60 cm\"}]},{\"@type\":\"WebSite\",\"@id\":\"https:\/\/www.csj-emballages.com\/es\/#website\",\"url\":\"https:\/\/www.csj-emballages.com\/es\/\",\"name\":\"CSJ Emballages\",\"description\":\"\",\"publisher\":{\"@id\":\"https:\/\/www.csj-emballages.com\/es\/#organization\"},\"potentialAction\":[{\"@type\":\"SearchAction\",\"target\":{\"@type\":\"EntryPoint\",\"urlTemplate\":\"https:\/\/www.csj-emballages.com\/es\/?s={search_term_string}\"},\"query-input\":{\"@type\":\"PropertyValueSpecification\",\"valueRequired\":true,\"valueName\":\"search_term_string\"}}],\"inLanguage\":\"es\"},{\"@type\":\"Organization\",\"@id\":\"https:\/\/www.csj-emballages.com\/es\/#Organization\/\",\"name\":\"CSJ Emballages\",\"url\":\"https:\/\/www.csj-emballages.com\/es\/\",\"logo\":{\"@type\":\"ImageObject\",\"inLanguage\":\"es\",\"@id\":\"https:\/\/www.csj-emballages.com\/es\/#\/schema\/logo\/image\/\",\"url\":\"https:\/\/www.csj-emballages.com\/wp-content\/uploads\/2023\/10\/logo_csj.webp\",\"contentUrl\":\"https:\/\/www.csj-emballages.com\/wp-content\/uploads\/2023\/10\/logo_csj.webp\",\"width\":250,\"height\":95,\"caption\":\"CSJ Emballages\"},\"image\":{\"@id\":\"https:\/\/www.csj-emballages.com\/es\/#\/schema\/logo\/image\/\"},\"sameAs\":[\"https:\/\/www.facebook.com\/csjemballages\"],\"address\":{\"@type\":\"PostalAddress\",\"streetAddress\":\"ZI La Lechere\",\"addressLocality\":\"Patornay\",\"postalCode\":\"39130\",\"addressCountry\":\"FR\"},\"contactPoint\":[{\"@type\":\"ContactPoint\",\"contactType\":\"Service client\",\"telephone\":\"0384254272\",\"email\":\"contact@csj-emballages.com\"}]}]}<\/script>\n<!-- \/ Yoast SEO Premium plugin. -->","yoast_head_json":{"title":"Fleco de microfibra para escoba de velcro Trapecio 60 cm","description":"Fleco de microfibra para escoba de velcro de 60 cm. Perfecto para una limpieza eficaz del suelo, reutilizable y compatible con diferentes superficies.","robots":{"index":"index","follow":"follow","max-snippet":"max-snippet:-1","max-image-preview":"max-image-preview:large","max-video-preview":"max-video-preview:-1"},"canonical":"https:\/\/www.csj-emballages.com\/es\/produit\/fleco-de-microfibra-con-velcro-l-60cm\/","og_locale":"es_ES","og_type":"article","og_title":"Fleco de microfibra para escoba de velcro 60 cm","og_description":"Fleco de microfibra para escoba de velcro de 60 cm. Perfecto para una limpieza eficaz del suelo, reutilizable y compatible con diferentes superficies.","og_url":"https:\/\/www.csj-emballages.com\/es\/produit\/fleco-de-microfibra-con-velcro-l-60cm\/","og_site_name":"CSJ Emballages","article_publisher":"https:\/\/www.facebook.com\/csjemballages","article_modified_time":"2026-03-31T00:14:25+00:00","og_image":[{"width":800,"height":800,"url":"https:\/\/www.csj-emballages.com\/wp-content\/uploads\/2024\/03\/Franvelcro.webp","type":"image\/webp"}],"twitter_card":"summary_large_image","twitter_misc":{"Tiempo de lectura":"2 minutos"},"schema":{"@context":"https:\/\/schema.org","@graph":[{"@type":"WebPage","@id":"https:\/\/www.csj-emballages.com\/es\/produit\/fleco-de-microfibra-con-velcro-l-60cm\/","url":"https:\/\/www.csj-emballages.com\/es\/produit\/fleco-de-microfibra-con-velcro-l-60cm\/","name":"Fleco de microfibra para escoba de velcro Trapecio 60 cm","isPartOf":{"@id":"https:\/\/www.csj-emballages.com\/es\/#website"},"primaryImageOfPage":{"@id":"https:\/\/www.csj-emballages.com\/es\/produit\/fleco-de-microfibra-con-velcro-l-60cm\/#primaryimage"},"image":{"@id":"https:\/\/www.csj-emballages.com\/es\/produit\/fleco-de-microfibra-con-velcro-l-60cm\/#primaryimage"},"thumbnailUrl":"https:\/\/www.csj-emballages.com\/wp-content\/uploads\/2024\/03\/Franvelcro.webp","datePublished":"2024-03-01T15:53:34+00:00","dateModified":"2026-03-31T00:14:25+00:00","description":"Fleco de microfibra para escoba de velcro de 60 cm. Perfecto para una limpieza eficaz del suelo, reutilizable y compatible con diferentes superficies.","breadcrumb":{"@id":"https:\/\/www.csj-emballages.com\/es\/produit\/fleco-de-microfibra-con-velcro-l-60cm\/#breadcrumb"},"inLanguage":"es","potentialAction":[{"@type":"ReadAction","target":["https:\/\/www.csj-emballages.com\/es\/produit\/fleco-de-microfibra-con-velcro-l-60cm\/"]}]},{"@type":"ImageObject","inLanguage":"es","@id":"https:\/\/www.csj-emballages.com\/es\/produit\/fleco-de-microfibra-con-velcro-l-60cm\/#primaryimage","url":"https:\/\/www.csj-emballages.com\/wp-content\/uploads\/2024\/03\/Franvelcro.webp","contentUrl":"https:\/\/www.csj-emballages.com\/wp-content\/uploads\/2024\/03\/Franvelcro.webp","width":800,"height":800,"caption":"Frange microfibre"},{"@type":"BreadcrumbList","@id":"https:\/\/www.csj-emballages.com\/es\/produit\/fleco-de-microfibra-con-velcro-l-60cm\/#breadcrumb","itemListElement":[{"@type":"ListItem","position":1,"name":"Accueil","item":"https:\/\/www.csj-emballages.com\/es\/universo-del-envasado-alimentario\/"},{"@type":"ListItem","position":2,"name":"Tienda","item":"https:\/\/www.csj-emballages.com\/tienda\/"},{"@type":"ListItem","position":3,"name":"Fleco de microfibra para escoba de velcro 60 cm"}]},{"@type":"WebSite","@id":"https:\/\/www.csj-emballages.com\/es\/#website","url":"https:\/\/www.csj-emballages.com\/es\/","name":"CSJ Emballages","description":"","publisher":{"@id":"https:\/\/www.csj-emballages.com\/es\/#organization"},"potentialAction":[{"@type":"SearchAction","target":{"@type":"EntryPoint","urlTemplate":"https:\/\/www.csj-emballages.com\/es\/?s={search_term_string}"},"query-input":{"@type":"PropertyValueSpecification","valueRequired":true,"valueName":"search_term_string"}}],"inLanguage":"es"},{"@type":"Organization","@id":"https:\/\/www.csj-emballages.com\/es\/#Organization\/","name":"CSJ Emballages","url":"https:\/\/www.csj-emballages.com\/es\/","logo":{"@type":"ImageObject","inLanguage":"es","@id":"https:\/\/www.csj-emballages.com\/es\/#\/schema\/logo\/image\/","url":"https:\/\/www.csj-emballages.com\/wp-content\/uploads\/2023\/10\/logo_csj.webp","contentUrl":"https:\/\/www.csj-emballages.com\/wp-content\/uploads\/2023\/10\/logo_csj.webp","width":250,"height":95,"caption":"CSJ Emballages"},"image":{"@id":"https:\/\/www.csj-emballages.com\/es\/#\/schema\/logo\/image\/"},"sameAs":["https:\/\/www.facebook.com\/csjemballages"],"address":{"@type":"PostalAddress","streetAddress":"ZI La Lechere","addressLocality":"Patornay","postalCode":"39130","addressCountry":"FR"},"contactPoint":[{"@type":"ContactPoint","contactType":"Service client","telephone":"0384254272","email":"contact@csj-emballages.com"}]}]}},"df_price":3.07,"df_sale_price":"","df_regular_price":3.07,"df_image_link":"https:\/\/www.csj-emballages.com\/wp-content\/uploads\/2024\/03\/Franvelcro-300x300.webp","tiered_pricing_type":"fixed","tiered_pricing_fixed_rules":[],"tiered_pricing_percentage_rules":[],"tiered_pricing_minimum":1,"tiered_pricing_roles_data":[],"_links":{"self":[{"href":"https:\/\/www.csj-emballages.com\/es\/wp-json\/wp\/v2\/product\/20908","targetHints":{"allow":["GET"]}}],"collection":[{"href":"https:\/\/www.csj-emballages.com\/es\/wp-json\/wp\/v2\/product"}],"about":[{"href":"https:\/\/www.csj-emballages.com\/es\/wp-json\/wp\/v2\/types\/product"}],"wp:featuredmedia":[{"embeddable":true,"href":"https:\/\/www.csj-emballages.com\/es\/wp-json\/wp\/v2\/media\/221452"}],"wp:attachment":[{"href":"https:\/\/www.csj-emballages.com\/es\/wp-json\/wp\/v2\/media?parent=20908"}],"wp:term":[{"taxonomy":"product_brand","embeddable":true,"href":"https:\/\/www.csj-emballages.com\/es\/wp-json\/wp\/v2\/product_brand?post=20908"},{"taxonomy":"product_cat","embeddable":true,"href":"https:\/\/www.csj-emballages.com\/es\/wp-json\/wp\/v2\/product_cat?post=20908"},{"taxonomy":"product_tag","embeddable":true,"href":"https:\/\/www.csj-emballages.com\/es\/wp-json\/wp\/v2\/product_tag?post=20908"}],"curies":[{"name":"wp","href":"https:\/\/api.w.org\/{rel}","templated":true}]}}