{"id":20896,"date":"2024-03-01T16:53:34","date_gmt":"2024-03-01T15:53:34","guid":{"rendered":"https:\/\/u15jnbdpoq.preview.infomaniak.website\/produit\/10-copas-de-champan-de-plastico-desechables-135-cl\/"},"modified":"2026-04-16T02:13:20","modified_gmt":"2026-04-16T00:13:20","slug":"10-copas-de-champan-de-plastico-desechables-135-cl","status":"publish","type":"product","link":"https:\/\/www.csj-emballages.com\/es\/produit\/10-copas-de-champan-de-plastico-desechables-135-cl\/","title":{"rendered":"10 copas de champ\u00e1n de pl\u00e1stico desechables 13,5 cl"},"content":{"rendered":"<h2><span>Copas de champ\u00e1n de pl\u00e1stico desechables 135 ml<\/span><\/h2>\n<p><span>&nbsp;<\/span><\/p>\n<p><span>Descripci\u00f3n :<\/span><\/p>\n<p><span>&nbsp;<\/span><\/p>\n<p><span>Descubre las copas de cristal de pl\u00e1stico desechables 13,5 cl<\/span><\/p>\n<p><span>&nbsp;<\/span><\/p>\n<p><span>Las copas de champ\u00e1n de cristal de pl\u00e1stico desechables se utilizan principalmente para comidas, bodas, cumplea\u00f1os y otras ocasiones festivas&#8230;<\/span><\/p>\n<p><span>Estos vasos desechables festivos son ideales para presentar el champ\u00e1n.<\/span><\/p>\n<p><span>Este vidrio tiene varias ventajas: no se rompe, su forma alargada le da un aspecto muy atractivo, y esta flauta es monobloque, por lo que no hay riesgo de que se desprenda el pie del vidrio.<\/span><\/p>\n<p><span>Tambi\u00e9n disponible en 10cl<\/span><\/p>\n<p><span>&nbsp;<\/span><\/p>\n<p><span>Caracter\u00edsticas de las copas de champ\u00e1n<\/span><\/p>\n<p><span>&nbsp;<\/span><\/p>\n<p><span>-Venta a particulares \/ profesionales<\/span><\/p>\n<p><span>-Volumen: 13,5 cl<\/span><\/p>\n<p><span>-Dimensiones: 50 x 178 (\u00d8 x H en mm)<\/span><\/p>\n<p><span>Embalaje : Bolsa de 10 flautas<\/span><\/p>\n<p><span>Envasado en una bolsa para protegerlo y guardarlo f\u00e1cilmente.<\/span><\/p>\n<p><span>&nbsp;<\/span><\/p>\n<p><span>Material: Poliestireno<\/span><\/p>\n<p><span>&nbsp;<\/span><\/p>\n<h2><span>Opta por copas de cristal de pl\u00e1stico desechables festivas<\/span><\/h2>\n","protected":false},"excerpt":{"rendered":"<p>Copas de champ\u00e1n de pl\u00e1stico desechables 135 ml &nbsp; Descripci\u00f3n : &nbsp; Descubre las copas de cristal de pl\u00e1stico desechables 13,5 cl &nbsp; Las copas de champ\u00e1n de cristal de pl\u00e1stico desechables se utilizan principalmente para comidas, bodas, cumplea\u00f1os y otras ocasiones festivas&#8230; Estos vasos desechables festivos son ideales para presentar el champ\u00e1n. Este vidrio [&hellip;]<\/p>\n","protected":false},"featured_media":197815,"template":"","meta":{"_acf_changed":false},"product_brand":[],"product_cat":[1150,1462,1463],"product_tag":[],"class_list":{"0":"post-20896","1":"product","2":"type-product","3":"status-publish","4":"has-post-thumbnail","6":"product_cat-envasado-de-alimentos","7":"product_cat-tazas-vasos-cubos-botellas","8":"product_cat-vasos-y-tazas-irrompibles-y-reutilizables","10":"first","11":"instock","12":"taxable","13":"shipping-taxable","14":"purchasable","15":"product-type-simple"},"acf":[],"yoast_head":"<!-- This site is optimized with the Yoast SEO Premium plugin v26.6 (Yoast SEO v26.6) - https:\/\/yoast.com\/wordpress\/plugins\/seo\/ -->\n<title>10 Copas Desechables de Cristal para Champ\u00e1n 13,5 cl \/ csj-emballages.com<\/title>\n<meta name=\"description\" content=\"\u00a1Comprar Bolsita de copas de champ\u00e1n \/ flautas 135 ml ! Te ofrecemos una bolsa de 10 flautas resistentes y de calidad a un precio DESCUENTO.\" \/>\n<meta name=\"robots\" content=\"index, follow, max-snippet:-1, max-image-preview:large, max-video-preview:-1\" \/>\n<link rel=\"canonical\" href=\"https:\/\/www.csj-emballages.com\/es\/produit\/10-copas-de-champan-de-plastico-desechables-135-cl\/\" \/>\n<meta property=\"og:locale\" content=\"es_ES\" \/>\n<meta property=\"og:type\" content=\"article\" \/>\n<meta property=\"og:title\" content=\"10 copas de champ\u00e1n de pl\u00e1stico desechables 13,5 cl\" \/>\n<meta property=\"og:description\" content=\"\u00a1Comprar Bolsita de copas de champ\u00e1n \/ flautas 135 ml ! Te ofrecemos una bolsa de 10 flautas resistentes y de calidad a un precio DESCUENTO.\" \/>\n<meta property=\"og:url\" content=\"https:\/\/www.csj-emballages.com\/es\/produit\/10-copas-de-champan-de-plastico-desechables-135-cl\/\" \/>\n<meta property=\"og:site_name\" content=\"CSJ Emballages\" \/>\n<meta property=\"article:publisher\" content=\"https:\/\/www.facebook.com\/csjemballages\" \/>\n<meta property=\"article:modified_time\" content=\"2026-04-16T00:13:20+00:00\" \/>\n<meta property=\"og:image\" content=\"https:\/\/www.csj-emballages.com\/wp-content\/uploads\/2024\/03\/Flute-champagne-13ccl.webp\" \/>\n\t<meta property=\"og:image:width\" content=\"800\" \/>\n\t<meta property=\"og:image:height\" content=\"800\" \/>\n\t<meta property=\"og:image:type\" content=\"image\/webp\" \/>\n<meta name=\"twitter:card\" content=\"summary_large_image\" \/>\n<meta name=\"twitter:label1\" content=\"Tiempo de lectura\" \/>\n\t<meta name=\"twitter:data1\" content=\"1 minuto\" \/>\n<script type=\"application\/ld+json\" class=\"yoast-schema-graph\">{\"@context\":\"https:\/\/schema.org\",\"@graph\":[{\"@type\":\"WebPage\",\"@id\":\"https:\/\/www.csj-emballages.com\/es\/produit\/10-copas-de-champan-de-plastico-desechables-135-cl\/\",\"url\":\"https:\/\/www.csj-emballages.com\/es\/produit\/10-copas-de-champan-de-plastico-desechables-135-cl\/\",\"name\":\"10 Copas Desechables de Cristal para Champ\u00e1n 13,5 cl \/ csj-emballages.com\",\"isPartOf\":{\"@id\":\"https:\/\/www.csj-emballages.com\/es\/#website\"},\"primaryImageOfPage\":{\"@id\":\"https:\/\/www.csj-emballages.com\/es\/produit\/10-copas-de-champan-de-plastico-desechables-135-cl\/#primaryimage\"},\"image\":{\"@id\":\"https:\/\/www.csj-emballages.com\/es\/produit\/10-copas-de-champan-de-plastico-desechables-135-cl\/#primaryimage\"},\"thumbnailUrl\":\"https:\/\/www.csj-emballages.com\/wp-content\/uploads\/2024\/03\/Flute-champagne-13ccl.webp\",\"datePublished\":\"2024-03-01T15:53:34+00:00\",\"dateModified\":\"2026-04-16T00:13:20+00:00\",\"description\":\"\u00a1Comprar Bolsita de copas de champ\u00e1n \/ flautas 135 ml ! Te ofrecemos una bolsa de 10 flautas resistentes y de calidad a un precio DESCUENTO.\",\"breadcrumb\":{\"@id\":\"https:\/\/www.csj-emballages.com\/es\/produit\/10-copas-de-champan-de-plastico-desechables-135-cl\/#breadcrumb\"},\"inLanguage\":\"es\",\"potentialAction\":[{\"@type\":\"ReadAction\",\"target\":[\"https:\/\/www.csj-emballages.com\/es\/produit\/10-copas-de-champan-de-plastico-desechables-135-cl\/\"]}]},{\"@type\":\"ImageObject\",\"inLanguage\":\"es\",\"@id\":\"https:\/\/www.csj-emballages.com\/es\/produit\/10-copas-de-champan-de-plastico-desechables-135-cl\/#primaryimage\",\"url\":\"https:\/\/www.csj-emballages.com\/wp-content\/uploads\/2024\/03\/Flute-champagne-13ccl.webp\",\"contentUrl\":\"https:\/\/www.csj-emballages.com\/wp-content\/uploads\/2024\/03\/Flute-champagne-13ccl.webp\",\"width\":800,\"height\":800,\"caption\":\"Fl\u00fbte champagne\"},{\"@type\":\"BreadcrumbList\",\"@id\":\"https:\/\/www.csj-emballages.com\/es\/produit\/10-copas-de-champan-de-plastico-desechables-135-cl\/#breadcrumb\",\"itemListElement\":[{\"@type\":\"ListItem\",\"position\":1,\"name\":\"Accueil\",\"item\":\"https:\/\/www.csj-emballages.com\/es\/universo-del-envasado-alimentario\/\"},{\"@type\":\"ListItem\",\"position\":2,\"name\":\"Tienda\",\"item\":\"https:\/\/www.csj-emballages.com\/tienda\/\"},{\"@type\":\"ListItem\",\"position\":3,\"name\":\"10 copas de champ\u00e1n de pl\u00e1stico desechables 13,5 cl\"}]},{\"@type\":\"WebSite\",\"@id\":\"https:\/\/www.csj-emballages.com\/es\/#website\",\"url\":\"https:\/\/www.csj-emballages.com\/es\/\",\"name\":\"CSJ Emballages\",\"description\":\"\",\"publisher\":{\"@id\":\"https:\/\/www.csj-emballages.com\/es\/#organization\"},\"potentialAction\":[{\"@type\":\"SearchAction\",\"target\":{\"@type\":\"EntryPoint\",\"urlTemplate\":\"https:\/\/www.csj-emballages.com\/es\/?s={search_term_string}\"},\"query-input\":{\"@type\":\"PropertyValueSpecification\",\"valueRequired\":true,\"valueName\":\"search_term_string\"}}],\"inLanguage\":\"es\"},{\"@type\":\"Organization\",\"@id\":\"https:\/\/www.csj-emballages.com\/es\/#Organization\/\",\"name\":\"CSJ Emballages\",\"url\":\"https:\/\/www.csj-emballages.com\/es\/\",\"logo\":{\"@type\":\"ImageObject\",\"inLanguage\":\"es\",\"@id\":\"https:\/\/www.csj-emballages.com\/es\/#\/schema\/logo\/image\/\",\"url\":\"https:\/\/www.csj-emballages.com\/wp-content\/uploads\/2023\/10\/logo_csj.webp\",\"contentUrl\":\"https:\/\/www.csj-emballages.com\/wp-content\/uploads\/2023\/10\/logo_csj.webp\",\"width\":250,\"height\":95,\"caption\":\"CSJ Emballages\"},\"image\":{\"@id\":\"https:\/\/www.csj-emballages.com\/es\/#\/schema\/logo\/image\/\"},\"sameAs\":[\"https:\/\/www.facebook.com\/csjemballages\"],\"address\":{\"@type\":\"PostalAddress\",\"streetAddress\":\"ZI La Lechere\",\"addressLocality\":\"Patornay\",\"postalCode\":\"39130\",\"addressCountry\":\"FR\"},\"contactPoint\":[{\"@type\":\"ContactPoint\",\"contactType\":\"Service client\",\"telephone\":\"0384254272\",\"email\":\"contact@csj-emballages.com\"}]}]}<\/script>\n<!-- \/ Yoast SEO Premium plugin. -->","yoast_head_json":{"title":"10 Copas Desechables de Cristal para Champ\u00e1n 13,5 cl \/ csj-emballages.com","description":"\u00a1Comprar Bolsita de copas de champ\u00e1n \/ flautas 135 ml ! Te ofrecemos una bolsa de 10 flautas resistentes y de calidad a un precio DESCUENTO.","robots":{"index":"index","follow":"follow","max-snippet":"max-snippet:-1","max-image-preview":"max-image-preview:large","max-video-preview":"max-video-preview:-1"},"canonical":"https:\/\/www.csj-emballages.com\/es\/produit\/10-copas-de-champan-de-plastico-desechables-135-cl\/","og_locale":"es_ES","og_type":"article","og_title":"10 copas de champ\u00e1n de pl\u00e1stico desechables 13,5 cl","og_description":"\u00a1Comprar Bolsita de copas de champ\u00e1n \/ flautas 135 ml ! Te ofrecemos una bolsa de 10 flautas resistentes y de calidad a un precio DESCUENTO.","og_url":"https:\/\/www.csj-emballages.com\/es\/produit\/10-copas-de-champan-de-plastico-desechables-135-cl\/","og_site_name":"CSJ Emballages","article_publisher":"https:\/\/www.facebook.com\/csjemballages","article_modified_time":"2026-04-16T00:13:20+00:00","og_image":[{"width":800,"height":800,"url":"https:\/\/www.csj-emballages.com\/wp-content\/uploads\/2024\/03\/Flute-champagne-13ccl.webp","type":"image\/webp"}],"twitter_card":"summary_large_image","twitter_misc":{"Tiempo de lectura":"1 minuto"},"schema":{"@context":"https:\/\/schema.org","@graph":[{"@type":"WebPage","@id":"https:\/\/www.csj-emballages.com\/es\/produit\/10-copas-de-champan-de-plastico-desechables-135-cl\/","url":"https:\/\/www.csj-emballages.com\/es\/produit\/10-copas-de-champan-de-plastico-desechables-135-cl\/","name":"10 Copas Desechables de Cristal para Champ\u00e1n 13,5 cl \/ csj-emballages.com","isPartOf":{"@id":"https:\/\/www.csj-emballages.com\/es\/#website"},"primaryImageOfPage":{"@id":"https:\/\/www.csj-emballages.com\/es\/produit\/10-copas-de-champan-de-plastico-desechables-135-cl\/#primaryimage"},"image":{"@id":"https:\/\/www.csj-emballages.com\/es\/produit\/10-copas-de-champan-de-plastico-desechables-135-cl\/#primaryimage"},"thumbnailUrl":"https:\/\/www.csj-emballages.com\/wp-content\/uploads\/2024\/03\/Flute-champagne-13ccl.webp","datePublished":"2024-03-01T15:53:34+00:00","dateModified":"2026-04-16T00:13:20+00:00","description":"\u00a1Comprar Bolsita de copas de champ\u00e1n \/ flautas 135 ml ! Te ofrecemos una bolsa de 10 flautas resistentes y de calidad a un precio DESCUENTO.","breadcrumb":{"@id":"https:\/\/www.csj-emballages.com\/es\/produit\/10-copas-de-champan-de-plastico-desechables-135-cl\/#breadcrumb"},"inLanguage":"es","potentialAction":[{"@type":"ReadAction","target":["https:\/\/www.csj-emballages.com\/es\/produit\/10-copas-de-champan-de-plastico-desechables-135-cl\/"]}]},{"@type":"ImageObject","inLanguage":"es","@id":"https:\/\/www.csj-emballages.com\/es\/produit\/10-copas-de-champan-de-plastico-desechables-135-cl\/#primaryimage","url":"https:\/\/www.csj-emballages.com\/wp-content\/uploads\/2024\/03\/Flute-champagne-13ccl.webp","contentUrl":"https:\/\/www.csj-emballages.com\/wp-content\/uploads\/2024\/03\/Flute-champagne-13ccl.webp","width":800,"height":800,"caption":"Fl\u00fbte champagne"},{"@type":"BreadcrumbList","@id":"https:\/\/www.csj-emballages.com\/es\/produit\/10-copas-de-champan-de-plastico-desechables-135-cl\/#breadcrumb","itemListElement":[{"@type":"ListItem","position":1,"name":"Accueil","item":"https:\/\/www.csj-emballages.com\/es\/universo-del-envasado-alimentario\/"},{"@type":"ListItem","position":2,"name":"Tienda","item":"https:\/\/www.csj-emballages.com\/tienda\/"},{"@type":"ListItem","position":3,"name":"10 copas de champ\u00e1n de pl\u00e1stico desechables 13,5 cl"}]},{"@type":"WebSite","@id":"https:\/\/www.csj-emballages.com\/es\/#website","url":"https:\/\/www.csj-emballages.com\/es\/","name":"CSJ Emballages","description":"","publisher":{"@id":"https:\/\/www.csj-emballages.com\/es\/#organization"},"potentialAction":[{"@type":"SearchAction","target":{"@type":"EntryPoint","urlTemplate":"https:\/\/www.csj-emballages.com\/es\/?s={search_term_string}"},"query-input":{"@type":"PropertyValueSpecification","valueRequired":true,"valueName":"search_term_string"}}],"inLanguage":"es"},{"@type":"Organization","@id":"https:\/\/www.csj-emballages.com\/es\/#Organization\/","name":"CSJ Emballages","url":"https:\/\/www.csj-emballages.com\/es\/","logo":{"@type":"ImageObject","inLanguage":"es","@id":"https:\/\/www.csj-emballages.com\/es\/#\/schema\/logo\/image\/","url":"https:\/\/www.csj-emballages.com\/wp-content\/uploads\/2023\/10\/logo_csj.webp","contentUrl":"https:\/\/www.csj-emballages.com\/wp-content\/uploads\/2023\/10\/logo_csj.webp","width":250,"height":95,"caption":"CSJ Emballages"},"image":{"@id":"https:\/\/www.csj-emballages.com\/es\/#\/schema\/logo\/image\/"},"sameAs":["https:\/\/www.facebook.com\/csjemballages"],"address":{"@type":"PostalAddress","streetAddress":"ZI La Lechere","addressLocality":"Patornay","postalCode":"39130","addressCountry":"FR"},"contactPoint":[{"@type":"ContactPoint","contactType":"Service client","telephone":"0384254272","email":"contact@csj-emballages.com"}]}]}},"df_price":2.65,"df_sale_price":"","df_regular_price":2.65,"df_image_link":"https:\/\/www.csj-emballages.com\/wp-content\/uploads\/2024\/03\/Flute-champagne-13ccl-300x300.webp","tiered_pricing_type":"fixed","tiered_pricing_fixed_rules":[],"tiered_pricing_percentage_rules":[],"tiered_pricing_minimum":1,"tiered_pricing_roles_data":[],"_links":{"self":[{"href":"https:\/\/www.csj-emballages.com\/es\/wp-json\/wp\/v2\/product\/20896","targetHints":{"allow":["GET"]}}],"collection":[{"href":"https:\/\/www.csj-emballages.com\/es\/wp-json\/wp\/v2\/product"}],"about":[{"href":"https:\/\/www.csj-emballages.com\/es\/wp-json\/wp\/v2\/types\/product"}],"wp:featuredmedia":[{"embeddable":true,"href":"https:\/\/www.csj-emballages.com\/es\/wp-json\/wp\/v2\/media\/197815"}],"wp:attachment":[{"href":"https:\/\/www.csj-emballages.com\/es\/wp-json\/wp\/v2\/media?parent=20896"}],"wp:term":[{"taxonomy":"product_brand","embeddable":true,"href":"https:\/\/www.csj-emballages.com\/es\/wp-json\/wp\/v2\/product_brand?post=20896"},{"taxonomy":"product_cat","embeddable":true,"href":"https:\/\/www.csj-emballages.com\/es\/wp-json\/wp\/v2\/product_cat?post=20896"},{"taxonomy":"product_tag","embeddable":true,"href":"https:\/\/www.csj-emballages.com\/es\/wp-json\/wp\/v2\/product_tag?post=20896"}],"curies":[{"name":"wp","href":"https:\/\/api.w.org\/{rel}","templated":true}]}}