{"id":20892,"date":"2024-03-01T16:53:35","date_gmt":"2024-03-01T15:53:35","guid":{"rendered":"https:\/\/u15jnbdpoq.preview.infomaniak.website\/produit\/film-estirable-manual-para-paletas-transparente-045-x-270-m\/"},"modified":"2026-05-01T02:12:45","modified_gmt":"2026-05-01T00:12:45","slug":"film-estirable-manual-para-paletas-transparente-045-x-270-m","status":"publish","type":"product","link":"https:\/\/www.csj-emballages.com\/es\/produit\/film-estirable-manual-para-paletas-transparente-045-x-270-m\/","title":{"rendered":"Film para palet transparente estirable manual 0,45 x 270 m"},"content":{"rendered":"<h2>Film para palets<\/h2>\n<hr>\n<h3>Descubra nuestro film para palet transparente estirable manual 0,45 x 270 m<\/h3>\n<p><!--more--><\/p>\n<div class=\"flex flex-col text-sm pb-25\">\n<article class=\"text-token-text-primary w-full focus:outline-none [--shadow-height:45px] has-data-writing-block:pointer-events-none has-data-writing-block:-mt-(--shadow-height) has-data-writing-block:pt-(--shadow-height) [&amp;:has([data-writing-block])&gt;*]:pointer-events-auto scroll-mt-[calc(var(--header-height)+min(200px,max(70px,20svh)))]\" dir=\"auto\" tabindex=\"-1\" data-turn-id=\"request-69820365-5fc4-8392-ad36-ecf1a77244da-11\" data-testid=\"conversation-turn-8\" data-scroll-anchor=\"true\" data-turn=\"assistant\">\n<div class=\"text-base my-auto mx-auto pb-10 [--thread-content-margin:--spacing(4)] @w-sm\/main:[--thread-content-margin:--spacing(6)] @w-lg\/main:[--thread-content-margin:--spacing(16)] px-(--thread-content-margin)\">\n<div class=\"[--thread-content-max-width:40rem] @w-lg\/main:[--thread-content-max-width:48rem] mx-auto max-w-(--thread-content-max-width) flex-1 group\/turn-messages focus-visible:outline-hidden relative flex w-full min-w-0 flex-col agent-turn\" tabindex=\"-1\">\n<div class=\"flex max-w-full flex-col grow\">\n<div class=\"min-h-8 text-message relative flex w-full flex-col items-end gap-2 text-start break-words whitespace-normal [.text-message+&amp;]:mt-1\" dir=\"auto\" data-message-author-role=\"assistant\" data-message-id=\"93028eee-3cf6-4784-8493-abca58045561\" data-message-model-slug=\"gpt-5-2\">\n<div class=\"flex w-full flex-col gap-1 empty:hidden first:pt-[1px]\">\n<div class=\"streaming-animation markdown prose dark:prose-invert w-full wrap-break-word dark markdown-new-styling\">\n<p data-start=\"228\" data-end=\"596\">El <strong>film para palet transparente estirable manual 0,45 x 270 m<\/strong> es una soluci\u00f3n de embalaje indispensable para la <strong>seguridad, la protecci\u00f3n y la sujeci\u00f3n de las cargas sobre palets<\/strong>. Dise\u00f1ado para un uso <strong>manual<\/strong>, permite filmar r\u00e1pida y eficazmente los palets durante el almacenamiento, el transporte o el env\u00edo, garantizando al mismo tiempo una excelente estabilidad de la mercanc\u00eda. <\/p>\n<p data-start=\"598\" data-end=\"956\">Fabricado a partir de un film <strong>pl\u00e1stico estirable<\/strong> de alta calidad, este <strong>film<\/strong> ofrece una muy buena elasticidad, garantizando un tensado \u00f3ptimo de las cargas sin riesgo de desgarro. Su capacidad <strong>de estiramiento<\/strong> permite adaptarse perfectamente a las formas de los productos filmados, asegurando as\u00ed una sujeci\u00f3n homog\u00e9nea y duradera, incluso para las cargas irregulares o inestables. <\/p>\n<p data-start=\"958\" data-end=\"1293\">El <strong>color transparente del film<\/strong> es una verdadera ventaja. La <strong>transparencia<\/strong> permite identificar r\u00e1pidamente el contenido de los palets, lo que limita los errores de mercanc\u00edas. Tambi\u00e9n permite una identificaci\u00f3n visual r\u00e1pida de los palets, lo que facilita la organizaci\u00f3n en el almac\u00e9n o durante el transporte.  <\/p>\n<p data-start=\"1295\" data-end=\"1657\">Asimismo, con una <strong>anchura de 0,45 m y una longitud de 270 metros<\/strong>, este film para palet asegura una excelente autonom\u00eda de uso, reduciendo los cambios frecuentes de rollos y optimizando la productividad. Es perfectamente adecuado para entornos profesionales tales como almacenes log\u00edsticos, plataformas de distribuci\u00f3n, comercios o industrias. <\/p>\n<p data-start=\"1659\" data-end=\"1979\">F\u00e1cil de manipular, el <strong>film estirable manual<\/strong> garantiza un desarrollo fluido y una comodidad de uso diaria. Polivalente, resistente y econ\u00f3mico, el <strong>film para palet transparente estirable manual 0,45 x 270 m<\/strong> satisface las exigencias de los profesionales que buscan una soluci\u00f3n fiable para asegurar sus palets. <\/p>\n<h3 data-start=\"1986\" data-end=\"2001\" data-is-last-node=\"\" data-is-only-node=\"\"><\/h3>\n<\/div>\n<\/div>\n<\/div>\n<\/div>\n<\/div>\n<\/div>\n<\/article>\n<\/div>\n<p data-start=\"1468\" data-end=\"1819\"><!--more--><\/p>\n<h4 data-start=\"1468\" data-end=\"1819\">Ventajas :<\/h4>\n<ul>\n<li>Sujeci\u00f3n \u00f3ptima y homog\u00e9nea de las cargas.<\/li>\n<li><strong>Film estirable<\/strong> resistente con excelente elasticidad.<\/li>\n<li>Color <strong>transparente<\/strong> para la <strong>visualizaci\u00f3n de las mercanc\u00edas<\/strong>.<\/li>\n<li>Adaptado al <strong>filmado manual de palets<\/strong>.<\/li>\n<li>Buena autonom\u00eda gracias a su longitud de <strong>270 m<\/strong>.<\/li>\n<li>Utilizaci\u00f3n sencilla y eficaz en el entorno profesional.<\/li>\n<\/ul>\n<p>&nbsp;<\/p>\n<p><!--more--><\/p>\n<h4>Informaci\u00f3n adicional :<\/h4>\n<ul>\n<li><strong>Embalaje<\/strong>: Por unidad<\/li>\n<li><strong>Altura<\/strong>: 0,45 cm<\/li>\n<li><strong>Longitud<\/strong>: 270 m<\/li>\n<li><strong>Grosor<\/strong>: 17\u00b5<\/li>\n<li><strong>Color<\/strong>: Transparente<\/li>\n<li><strong>Material<\/strong>: PEBD (Polietileno de baja densidad)<\/li>\n<\/ul>\n<p>&nbsp;<\/p>\n<p><!--more--><\/p>\n<p>Este film para palet transparente manual tambi\u00e9n est\u00e1 disponible en negro: <span style=\"color: #d12727;\"><a style=\"color: #d12727;\" href=\"https:\/\/www.csj-emballages.com\/es\/produit\/film-estirable-palet-manual-negro-045-x-270-m\/\">FLPAL45270NOIR<\/a><\/span><\/p>\n<p>&nbsp;<\/p>\n<p><!--more--><\/p>\n<p><a href=\"https:\/\/www.csj-emballages.com\/es\/categorie-produit\/envases-industriales\/film-para-palets\/\">Consulte el resto de nuestra gama de film para palets<\/a><\/p>\n","protected":false},"excerpt":{"rendered":"<p>Film para palets Descubra nuestro film para palet transparente estirable manual 0,45 x 270 m<\/p>\n","protected":false},"featured_media":263435,"template":"","meta":{"_acf_changed":false},"product_brand":[],"product_cat":[1150,1212,2672],"product_tag":[],"class_list":{"0":"post-20892","1":"product","2":"type-product","3":"status-publish","4":"has-post-thumbnail","6":"product_cat-envasado-de-alimentos","7":"product_cat-envases-industriales","8":"product_cat-film-para-palets","10":"first","11":"instock","12":"taxable","13":"shipping-taxable","14":"purchasable","15":"product-type-simple"},"acf":[],"yoast_head":"<!-- This site is optimized with the Yoast SEO Premium plugin v26.6 (Yoast SEO v26.6) - https:\/\/yoast.com\/wordpress\/plugins\/seo\/ -->\n<title>Film para palet transparente estirable manual 0,45 x 270 m<\/title>\n<meta name=\"description\" content=\"Film para palet transparente estirable manual 0,45 x 270 m. Ideal para asegurar, proteger y filmar los palets en el almacenamiento y el transporte.\" \/>\n<meta name=\"robots\" content=\"index, follow, max-snippet:-1, max-image-preview:large, max-video-preview:-1\" \/>\n<link rel=\"canonical\" href=\"https:\/\/www.csj-emballages.com\/es\/produit\/film-estirable-manual-para-paletas-transparente-045-x-270-m\/\" \/>\n<meta property=\"og:locale\" content=\"es_ES\" \/>\n<meta property=\"og:type\" content=\"article\" \/>\n<meta property=\"og:title\" content=\"Film para palet transparente estirable manual 0,45 x 270 m\" \/>\n<meta property=\"og:description\" content=\"Film para palet transparente estirable manual 0,45 x 270 m. Ideal para asegurar, proteger y filmar los palets en el almacenamiento y el transporte.\" \/>\n<meta property=\"og:url\" content=\"https:\/\/www.csj-emballages.com\/es\/produit\/film-estirable-manual-para-paletas-transparente-045-x-270-m\/\" \/>\n<meta property=\"og:site_name\" content=\"CSJ Emballages\" \/>\n<meta property=\"article:publisher\" content=\"https:\/\/www.facebook.com\/csjemballages\" \/>\n<meta property=\"article:modified_time\" content=\"2026-05-01T00:12:45+00:00\" \/>\n<meta property=\"og:image\" content=\"https:\/\/www.csj-emballages.com\/wp-content\/uploads\/2024\/03\/FLPAL45270.webp\" \/>\n\t<meta property=\"og:image:width\" content=\"800\" \/>\n\t<meta property=\"og:image:height\" content=\"800\" \/>\n\t<meta property=\"og:image:type\" content=\"image\/png\" \/>\n<meta name=\"twitter:card\" content=\"summary_large_image\" \/>\n<meta name=\"twitter:label1\" content=\"Tiempo de lectura\" \/>\n\t<meta name=\"twitter:data1\" content=\"2 minutos\" \/>\n<script type=\"application\/ld+json\" class=\"yoast-schema-graph\">{\"@context\":\"https:\/\/schema.org\",\"@graph\":[{\"@type\":\"WebPage\",\"@id\":\"https:\/\/www.csj-emballages.com\/es\/produit\/film-estirable-manual-para-paletas-transparente-045-x-270-m\/\",\"url\":\"https:\/\/www.csj-emballages.com\/es\/produit\/film-estirable-manual-para-paletas-transparente-045-x-270-m\/\",\"name\":\"Film para palet transparente estirable manual 0,45 x 270 m\",\"isPartOf\":{\"@id\":\"https:\/\/www.csj-emballages.com\/es\/#website\"},\"primaryImageOfPage\":{\"@id\":\"https:\/\/www.csj-emballages.com\/es\/produit\/film-estirable-manual-para-paletas-transparente-045-x-270-m\/#primaryimage\"},\"image\":{\"@id\":\"https:\/\/www.csj-emballages.com\/es\/produit\/film-estirable-manual-para-paletas-transparente-045-x-270-m\/#primaryimage\"},\"thumbnailUrl\":\"https:\/\/www.csj-emballages.com\/wp-content\/uploads\/2024\/03\/FLPAL45270.webp\",\"datePublished\":\"2024-03-01T15:53:35+00:00\",\"dateModified\":\"2026-05-01T00:12:45+00:00\",\"description\":\"Film para palet transparente estirable manual 0,45 x 270 m. Ideal para asegurar, proteger y filmar los palets en el almacenamiento y el transporte.\",\"breadcrumb\":{\"@id\":\"https:\/\/www.csj-emballages.com\/es\/produit\/film-estirable-manual-para-paletas-transparente-045-x-270-m\/#breadcrumb\"},\"inLanguage\":\"es\",\"potentialAction\":[{\"@type\":\"ReadAction\",\"target\":[\"https:\/\/www.csj-emballages.com\/es\/produit\/film-estirable-manual-para-paletas-transparente-045-x-270-m\/\"]}]},{\"@type\":\"ImageObject\",\"inLanguage\":\"es\",\"@id\":\"https:\/\/www.csj-emballages.com\/es\/produit\/film-estirable-manual-para-paletas-transparente-045-x-270-m\/#primaryimage\",\"url\":\"https:\/\/www.csj-emballages.com\/wp-content\/uploads\/2024\/03\/FLPAL45270.webp\",\"contentUrl\":\"https:\/\/www.csj-emballages.com\/wp-content\/uploads\/2024\/03\/FLPAL45270.webp\",\"width\":800,\"height\":800,\"caption\":\"Film palette transparent\"},{\"@type\":\"BreadcrumbList\",\"@id\":\"https:\/\/www.csj-emballages.com\/es\/produit\/film-estirable-manual-para-paletas-transparente-045-x-270-m\/#breadcrumb\",\"itemListElement\":[{\"@type\":\"ListItem\",\"position\":1,\"name\":\"Accueil\",\"item\":\"https:\/\/www.csj-emballages.com\/es\/universo-del-envasado-alimentario\/\"},{\"@type\":\"ListItem\",\"position\":2,\"name\":\"Tienda\",\"item\":\"https:\/\/www.csj-emballages.com\/tienda\/\"},{\"@type\":\"ListItem\",\"position\":3,\"name\":\"Film para palet transparente estirable manual 0,45 x 270 m\"}]},{\"@type\":\"WebSite\",\"@id\":\"https:\/\/www.csj-emballages.com\/es\/#website\",\"url\":\"https:\/\/www.csj-emballages.com\/es\/\",\"name\":\"CSJ Emballages\",\"description\":\"\",\"publisher\":{\"@id\":\"https:\/\/www.csj-emballages.com\/es\/#organization\"},\"potentialAction\":[{\"@type\":\"SearchAction\",\"target\":{\"@type\":\"EntryPoint\",\"urlTemplate\":\"https:\/\/www.csj-emballages.com\/es\/?s={search_term_string}\"},\"query-input\":{\"@type\":\"PropertyValueSpecification\",\"valueRequired\":true,\"valueName\":\"search_term_string\"}}],\"inLanguage\":\"es\"},{\"@type\":\"Organization\",\"@id\":\"https:\/\/www.csj-emballages.com\/es\/#Organization\/\",\"name\":\"CSJ Emballages\",\"url\":\"https:\/\/www.csj-emballages.com\/es\/\",\"logo\":{\"@type\":\"ImageObject\",\"inLanguage\":\"es\",\"@id\":\"https:\/\/www.csj-emballages.com\/es\/#\/schema\/logo\/image\/\",\"url\":\"https:\/\/www.csj-emballages.com\/wp-content\/uploads\/2023\/10\/logo_csj.webp\",\"contentUrl\":\"https:\/\/www.csj-emballages.com\/wp-content\/uploads\/2023\/10\/logo_csj.webp\",\"width\":250,\"height\":95,\"caption\":\"CSJ Emballages\"},\"image\":{\"@id\":\"https:\/\/www.csj-emballages.com\/es\/#\/schema\/logo\/image\/\"},\"sameAs\":[\"https:\/\/www.facebook.com\/csjemballages\"],\"address\":{\"@type\":\"PostalAddress\",\"streetAddress\":\"ZI La Lechere\",\"addressLocality\":\"Patornay\",\"postalCode\":\"39130\",\"addressCountry\":\"FR\"},\"contactPoint\":[{\"@type\":\"ContactPoint\",\"contactType\":\"Service client\",\"telephone\":\"0384254272\",\"email\":\"contact@csj-emballages.com\"}]}]}<\/script>\n<!-- \/ Yoast SEO Premium plugin. -->","yoast_head_json":{"title":"Film para palet transparente estirable manual 0,45 x 270 m","description":"Film para palet transparente estirable manual 0,45 x 270 m. Ideal para asegurar, proteger y filmar los palets en el almacenamiento y el transporte.","robots":{"index":"index","follow":"follow","max-snippet":"max-snippet:-1","max-image-preview":"max-image-preview:large","max-video-preview":"max-video-preview:-1"},"canonical":"https:\/\/www.csj-emballages.com\/es\/produit\/film-estirable-manual-para-paletas-transparente-045-x-270-m\/","og_locale":"es_ES","og_type":"article","og_title":"Film para palet transparente estirable manual 0,45 x 270 m","og_description":"Film para palet transparente estirable manual 0,45 x 270 m. Ideal para asegurar, proteger y filmar los palets en el almacenamiento y el transporte.","og_url":"https:\/\/www.csj-emballages.com\/es\/produit\/film-estirable-manual-para-paletas-transparente-045-x-270-m\/","og_site_name":"CSJ Emballages","article_publisher":"https:\/\/www.facebook.com\/csjemballages","article_modified_time":"2026-05-01T00:12:45+00:00","og_image":[{"width":800,"height":800,"url":"https:\/\/www.csj-emballages.com\/wp-content\/uploads\/2024\/03\/FLPAL45270.webp","type":"image\/png"}],"twitter_card":"summary_large_image","twitter_misc":{"Tiempo de lectura":"2 minutos"},"schema":{"@context":"https:\/\/schema.org","@graph":[{"@type":"WebPage","@id":"https:\/\/www.csj-emballages.com\/es\/produit\/film-estirable-manual-para-paletas-transparente-045-x-270-m\/","url":"https:\/\/www.csj-emballages.com\/es\/produit\/film-estirable-manual-para-paletas-transparente-045-x-270-m\/","name":"Film para palet transparente estirable manual 0,45 x 270 m","isPartOf":{"@id":"https:\/\/www.csj-emballages.com\/es\/#website"},"primaryImageOfPage":{"@id":"https:\/\/www.csj-emballages.com\/es\/produit\/film-estirable-manual-para-paletas-transparente-045-x-270-m\/#primaryimage"},"image":{"@id":"https:\/\/www.csj-emballages.com\/es\/produit\/film-estirable-manual-para-paletas-transparente-045-x-270-m\/#primaryimage"},"thumbnailUrl":"https:\/\/www.csj-emballages.com\/wp-content\/uploads\/2024\/03\/FLPAL45270.webp","datePublished":"2024-03-01T15:53:35+00:00","dateModified":"2026-05-01T00:12:45+00:00","description":"Film para palet transparente estirable manual 0,45 x 270 m. Ideal para asegurar, proteger y filmar los palets en el almacenamiento y el transporte.","breadcrumb":{"@id":"https:\/\/www.csj-emballages.com\/es\/produit\/film-estirable-manual-para-paletas-transparente-045-x-270-m\/#breadcrumb"},"inLanguage":"es","potentialAction":[{"@type":"ReadAction","target":["https:\/\/www.csj-emballages.com\/es\/produit\/film-estirable-manual-para-paletas-transparente-045-x-270-m\/"]}]},{"@type":"ImageObject","inLanguage":"es","@id":"https:\/\/www.csj-emballages.com\/es\/produit\/film-estirable-manual-para-paletas-transparente-045-x-270-m\/#primaryimage","url":"https:\/\/www.csj-emballages.com\/wp-content\/uploads\/2024\/03\/FLPAL45270.webp","contentUrl":"https:\/\/www.csj-emballages.com\/wp-content\/uploads\/2024\/03\/FLPAL45270.webp","width":800,"height":800,"caption":"Film palette transparent"},{"@type":"BreadcrumbList","@id":"https:\/\/www.csj-emballages.com\/es\/produit\/film-estirable-manual-para-paletas-transparente-045-x-270-m\/#breadcrumb","itemListElement":[{"@type":"ListItem","position":1,"name":"Accueil","item":"https:\/\/www.csj-emballages.com\/es\/universo-del-envasado-alimentario\/"},{"@type":"ListItem","position":2,"name":"Tienda","item":"https:\/\/www.csj-emballages.com\/tienda\/"},{"@type":"ListItem","position":3,"name":"Film para palet transparente estirable manual 0,45 x 270 m"}]},{"@type":"WebSite","@id":"https:\/\/www.csj-emballages.com\/es\/#website","url":"https:\/\/www.csj-emballages.com\/es\/","name":"CSJ Emballages","description":"","publisher":{"@id":"https:\/\/www.csj-emballages.com\/es\/#organization"},"potentialAction":[{"@type":"SearchAction","target":{"@type":"EntryPoint","urlTemplate":"https:\/\/www.csj-emballages.com\/es\/?s={search_term_string}"},"query-input":{"@type":"PropertyValueSpecification","valueRequired":true,"valueName":"search_term_string"}}],"inLanguage":"es"},{"@type":"Organization","@id":"https:\/\/www.csj-emballages.com\/es\/#Organization\/","name":"CSJ Emballages","url":"https:\/\/www.csj-emballages.com\/es\/","logo":{"@type":"ImageObject","inLanguage":"es","@id":"https:\/\/www.csj-emballages.com\/es\/#\/schema\/logo\/image\/","url":"https:\/\/www.csj-emballages.com\/wp-content\/uploads\/2023\/10\/logo_csj.webp","contentUrl":"https:\/\/www.csj-emballages.com\/wp-content\/uploads\/2023\/10\/logo_csj.webp","width":250,"height":95,"caption":"CSJ Emballages"},"image":{"@id":"https:\/\/www.csj-emballages.com\/es\/#\/schema\/logo\/image\/"},"sameAs":["https:\/\/www.facebook.com\/csjemballages"],"address":{"@type":"PostalAddress","streetAddress":"ZI La Lechere","addressLocality":"Patornay","postalCode":"39130","addressCountry":"FR"},"contactPoint":[{"@type":"ContactPoint","contactType":"Service client","telephone":"0384254272","email":"contact@csj-emballages.com"}]}]}},"df_price":10.56,"df_sale_price":"","df_regular_price":10.56,"df_image_link":"https:\/\/www.csj-emballages.com\/wp-content\/uploads\/2024\/03\/FLPAL45270-300x300.webp","tiered_pricing_type":"fixed","tiered_pricing_fixed_rules":[],"tiered_pricing_percentage_rules":[],"tiered_pricing_minimum":1,"tiered_pricing_roles_data":[],"_links":{"self":[{"href":"https:\/\/www.csj-emballages.com\/es\/wp-json\/wp\/v2\/product\/20892","targetHints":{"allow":["GET"]}}],"collection":[{"href":"https:\/\/www.csj-emballages.com\/es\/wp-json\/wp\/v2\/product"}],"about":[{"href":"https:\/\/www.csj-emballages.com\/es\/wp-json\/wp\/v2\/types\/product"}],"wp:featuredmedia":[{"embeddable":true,"href":"https:\/\/www.csj-emballages.com\/es\/wp-json\/wp\/v2\/media\/263435"}],"wp:attachment":[{"href":"https:\/\/www.csj-emballages.com\/es\/wp-json\/wp\/v2\/media?parent=20892"}],"wp:term":[{"taxonomy":"product_brand","embeddable":true,"href":"https:\/\/www.csj-emballages.com\/es\/wp-json\/wp\/v2\/product_brand?post=20892"},{"taxonomy":"product_cat","embeddable":true,"href":"https:\/\/www.csj-emballages.com\/es\/wp-json\/wp\/v2\/product_cat?post=20892"},{"taxonomy":"product_tag","embeddable":true,"href":"https:\/\/www.csj-emballages.com\/es\/wp-json\/wp\/v2\/product_tag?post=20892"}],"curies":[{"name":"wp","href":"https:\/\/api.w.org\/{rel}","templated":true}]}}