{"id":20885,"date":"2024-03-01T16:53:36","date_gmt":"2024-03-01T15:53:36","guid":{"rendered":"https:\/\/u15jnbdpoq.preview.infomaniak.website\/produit\/rollo-de-film-estirable-alimentario-en-caja-dispensadora-300-x-045-m\/"},"modified":"2026-04-16T02:13:17","modified_gmt":"2026-04-16T00:13:17","slug":"rollo-de-film-estirable-alimentario-en-caja-dispensadora-300-x-045-m","status":"publish","type":"product","link":"https:\/\/www.csj-emballages.com\/es\/produit\/rollo-de-film-estirable-alimentario-en-caja-dispensadora-300-x-045-m\/","title":{"rendered":"Rollo de film estirable alimentario en caja dispensadora 300 x 0,45 m"},"content":{"rendered":"<h2 class=\"p1\">Rollo de film estirable<\/h2>\n<hr>\n<h3>Descripci\u00f3n de nuestro rollo de film estirable alimentario en caja dispensadora 300 x 0,45 m<\/h3>\n<p><!--more--><\/p>\n<p data-start=\"105\" data-end=\"519\">El <strong>rollo de film estirable de calidad alimentaria<\/strong> <strong>en caja dispensadora<\/strong> es esencial para conservar los alimentos en la cocina, tanto si eres un profesional de la restauraci\u00f3n como un proveedor o un consumidor exigente. Dise\u00f1ado para ofrecer una protecci\u00f3n \u00f3ptima, facilita cubrir y envolver tus preparaciones garantizando una frescura duradera. <\/p>\n<p data-start=\"521\" data-end=\"935\">Gracias a su pr\u00e1ctica <strong>caja dispensadora<\/strong>, esta l\u00e1mina es f\u00e1cil de usar y cortar, evitando desperdicios y facilitando la preparaci\u00f3n en la cocina. Su gran tama\u00f1o<strong>(300 metros de largo por 45 cm de<\/strong> ancho) lo convierte en un aliado ideal para un uso frecuente, proporcionando una cobertura eficaz para multitud de platos, ya sea para refrigeraci\u00f3n, presentaci\u00f3n o transporte. <\/p>\n<h3 data-start=\"937\" data-end=\"958\"><\/h3>\n<p><!--more--><\/p>\n<h4>Sus ventajas:<\/h4>\n<ul>\n<li data-start=\"959\" data-end=\"1054\"><strong data-start=\"961\" data-end=\"986\">Conservaci\u00f3n \u00f3ptima<\/strong>: mantiene los alimentos frescos y evita que se sequen.<\/li>\n<li data-start=\"1055\" data-end=\"1167\"><strong data-start=\"1057\" data-end=\"1089\">Pr\u00e1ctica caja dispensadora<\/strong>: f\u00e1cil de usar con recorte integrado para ahorrar tiempo en la cocina.<\/li>\n<li data-start=\"1168\" data-end=\"1259\"><strong data-start=\"1170\" data-end=\"1197\">Longitud larga (300 m)<\/strong>: Ideal para uso profesional y dom\u00e9stico intensivo.<\/li>\n<li data-start=\"1260\" data-end=\"1372\"><strong data-start=\"1262\" data-end=\"1277\">Versatilidad<\/strong>: Adecuado para cubrir platos, fuentes, bandejas o envasar alimentos directamente.<\/li>\n<li data-start=\"1373\" data-end=\"1477\"><strong data-start=\"1375\" data-end=\"1399\">Seguridad alimentaria<\/strong>: La pel\u00edcula cumple las normas alimentarias, sin transferencia de sabor ni olor.<\/li>\n<li data-start=\"1478\" data-end=\"1588\"><strong data-start=\"1480\" data-end=\"1508\">Elasticidad y resistencia<\/strong>: Se adapta perfectamente a recipientes y alimentos de diferentes formas.<\/li>\n<\/ul>\n<p>&nbsp;<\/p>\n<p><!--more--><\/p>\n<h4>Informaci\u00f3n adicional :<\/h4>\n<ul>\n<li><strong>Embalaje<\/strong>: Por unidad<\/li>\n<li><strong>Dimensiones<\/strong>: 300 x 0,45 m<\/li>\n<\/ul>\n<p>&nbsp;<\/p>\n<p><!--more--><\/p>\n<p>Este producto tambi\u00e9n est\u00e1 disponible en caja de 30 cm: <span style=\"color: #d12727;\"><a style=\"color: #d12727;\" href=\"https:\/\/www.csj-emballages.com\/es\/produit\/rollo-de-film-estirable-alimentario-en-caja-dispensadora-300-x-030-m\/\">FL30<\/a><\/span><\/p>\n<p>&nbsp;<\/p>\n<p><!--more--><\/p>\n<p><a href=\"https:\/\/www.csj-emballages.com\/es\/categorie-produit\/envasado-de-alimentos\/carniceria-y-charcuteria\/peliculas-alimentarias\/film-estirable-para-alimentos-en-cajas-zip-film-cutter\/\">Ver el resto de nuestra gama de pel\u00edculas sobre alimentos<\/a><\/p>\n","protected":false},"excerpt":{"rendered":"<p>Rollo de film estirable Descripci\u00f3n de nuestro rollo de film estirable alimentario en caja dispensadora 300 x 0,45 m<\/p>\n","protected":false},"featured_media":227409,"template":"","meta":{"_acf_changed":false},"product_brand":[],"product_cat":[1150,1143,2023,2658],"product_tag":[],"class_list":{"0":"post-20885","1":"product","2":"type-product","3":"status-publish","4":"has-post-thumbnail","6":"product_cat-envasado-de-alimentos","7":"product_cat-carniceria-y-charcuteria","8":"product_cat-peliculas-alimentarias","9":"product_cat-film-estirable-alimentario-en-cajas-dispensadoras","11":"first","12":"instock","13":"taxable","14":"shipping-taxable","15":"purchasable","16":"product-type-simple"},"acf":[],"yoast_head":"<!-- This site is optimized with the Yoast SEO Premium plugin v26.6 (Yoast SEO v26.6) - https:\/\/yoast.com\/wordpress\/plugins\/seo\/ -->\n<title>Rollo de film estirable para alimentos en cajas dispensadoras<\/title>\n<meta name=\"description\" content=\"Rollo de 300 x 0,45 m de film estirable alimentario en caja dispensadora. Ideal para empresas de catering, restaurantes y particulares. Protege, conserva y envasa.\" \/>\n<meta name=\"robots\" content=\"index, follow, max-snippet:-1, max-image-preview:large, max-video-preview:-1\" \/>\n<link rel=\"canonical\" href=\"https:\/\/www.csj-emballages.com\/es\/produit\/rollo-de-film-estirable-alimentario-en-caja-dispensadora-300-x-045-m\/\" \/>\n<meta property=\"og:locale\" content=\"es_ES\" \/>\n<meta property=\"og:type\" content=\"article\" \/>\n<meta property=\"og:title\" content=\"Rollo de film estirable alimentario en caja dispensadora 300 x 0,45 m\" \/>\n<meta property=\"og:description\" content=\"Rollo de 300 x 0,45 m de film estirable alimentario en caja dispensadora. Ideal para empresas de catering, restaurantes y particulares. Protege, conserva y envasa.\" \/>\n<meta property=\"og:url\" content=\"https:\/\/www.csj-emballages.com\/es\/produit\/rollo-de-film-estirable-alimentario-en-caja-dispensadora-300-x-045-m\/\" \/>\n<meta property=\"og:site_name\" content=\"CSJ Emballages\" \/>\n<meta property=\"article:publisher\" content=\"https:\/\/www.facebook.com\/csjemballages\" \/>\n<meta property=\"article:modified_time\" content=\"2026-04-16T00:13:17+00:00\" \/>\n<meta property=\"og:image\" content=\"https:\/\/www.csj-emballages.com\/wp-content\/uploads\/2024\/03\/FL45.webp\" \/>\n\t<meta property=\"og:image:width\" content=\"800\" \/>\n\t<meta property=\"og:image:height\" content=\"800\" \/>\n\t<meta property=\"og:image:type\" content=\"image\/webp\" \/>\n<meta name=\"twitter:card\" content=\"summary_large_image\" \/>\n<meta name=\"twitter:label1\" content=\"Tiempo de lectura\" \/>\n\t<meta name=\"twitter:data1\" content=\"1 minuto\" \/>\n<script type=\"application\/ld+json\" class=\"yoast-schema-graph\">{\"@context\":\"https:\/\/schema.org\",\"@graph\":[{\"@type\":\"WebPage\",\"@id\":\"https:\/\/www.csj-emballages.com\/es\/produit\/rollo-de-film-estirable-alimentario-en-caja-dispensadora-300-x-045-m\/\",\"url\":\"https:\/\/www.csj-emballages.com\/es\/produit\/rollo-de-film-estirable-alimentario-en-caja-dispensadora-300-x-045-m\/\",\"name\":\"Rollo de film estirable para alimentos en cajas dispensadoras\",\"isPartOf\":{\"@id\":\"https:\/\/www.csj-emballages.com\/es\/#website\"},\"primaryImageOfPage\":{\"@id\":\"https:\/\/www.csj-emballages.com\/es\/produit\/rollo-de-film-estirable-alimentario-en-caja-dispensadora-300-x-045-m\/#primaryimage\"},\"image\":{\"@id\":\"https:\/\/www.csj-emballages.com\/es\/produit\/rollo-de-film-estirable-alimentario-en-caja-dispensadora-300-x-045-m\/#primaryimage\"},\"thumbnailUrl\":\"https:\/\/www.csj-emballages.com\/wp-content\/uploads\/2024\/03\/FL45.webp\",\"datePublished\":\"2024-03-01T15:53:36+00:00\",\"dateModified\":\"2026-04-16T00:13:17+00:00\",\"description\":\"Rollo de 300 x 0,45 m de film estirable alimentario en caja dispensadora. Ideal para empresas de catering, restaurantes y particulares. Protege, conserva y envasa.\",\"breadcrumb\":{\"@id\":\"https:\/\/www.csj-emballages.com\/es\/produit\/rollo-de-film-estirable-alimentario-en-caja-dispensadora-300-x-045-m\/#breadcrumb\"},\"inLanguage\":\"es\",\"potentialAction\":[{\"@type\":\"ReadAction\",\"target\":[\"https:\/\/www.csj-emballages.com\/es\/produit\/rollo-de-film-estirable-alimentario-en-caja-dispensadora-300-x-045-m\/\"]}]},{\"@type\":\"ImageObject\",\"inLanguage\":\"es\",\"@id\":\"https:\/\/www.csj-emballages.com\/es\/produit\/rollo-de-film-estirable-alimentario-en-caja-dispensadora-300-x-045-m\/#primaryimage\",\"url\":\"https:\/\/www.csj-emballages.com\/wp-content\/uploads\/2024\/03\/FL45.webp\",\"contentUrl\":\"https:\/\/www.csj-emballages.com\/wp-content\/uploads\/2024\/03\/FL45.webp\",\"width\":800,\"height\":800,\"caption\":\"Rouleau film \u00e9tirable\"},{\"@type\":\"BreadcrumbList\",\"@id\":\"https:\/\/www.csj-emballages.com\/es\/produit\/rollo-de-film-estirable-alimentario-en-caja-dispensadora-300-x-045-m\/#breadcrumb\",\"itemListElement\":[{\"@type\":\"ListItem\",\"position\":1,\"name\":\"Accueil\",\"item\":\"https:\/\/www.csj-emballages.com\/es\/universo-del-envasado-alimentario\/\"},{\"@type\":\"ListItem\",\"position\":2,\"name\":\"Tienda\",\"item\":\"https:\/\/www.csj-emballages.com\/tienda\/\"},{\"@type\":\"ListItem\",\"position\":3,\"name\":\"Rollo de film estirable alimentario en caja dispensadora 300 x 0,45 m\"}]},{\"@type\":\"WebSite\",\"@id\":\"https:\/\/www.csj-emballages.com\/es\/#website\",\"url\":\"https:\/\/www.csj-emballages.com\/es\/\",\"name\":\"CSJ Emballages\",\"description\":\"\",\"publisher\":{\"@id\":\"https:\/\/www.csj-emballages.com\/es\/#organization\"},\"potentialAction\":[{\"@type\":\"SearchAction\",\"target\":{\"@type\":\"EntryPoint\",\"urlTemplate\":\"https:\/\/www.csj-emballages.com\/es\/?s={search_term_string}\"},\"query-input\":{\"@type\":\"PropertyValueSpecification\",\"valueRequired\":true,\"valueName\":\"search_term_string\"}}],\"inLanguage\":\"es\"},{\"@type\":\"Organization\",\"@id\":\"https:\/\/www.csj-emballages.com\/es\/#Organization\/\",\"name\":\"CSJ Emballages\",\"url\":\"https:\/\/www.csj-emballages.com\/es\/\",\"logo\":{\"@type\":\"ImageObject\",\"inLanguage\":\"es\",\"@id\":\"https:\/\/www.csj-emballages.com\/es\/#\/schema\/logo\/image\/\",\"url\":\"https:\/\/www.csj-emballages.com\/wp-content\/uploads\/2023\/10\/logo_csj.webp\",\"contentUrl\":\"https:\/\/www.csj-emballages.com\/wp-content\/uploads\/2023\/10\/logo_csj.webp\",\"width\":250,\"height\":95,\"caption\":\"CSJ Emballages\"},\"image\":{\"@id\":\"https:\/\/www.csj-emballages.com\/es\/#\/schema\/logo\/image\/\"},\"sameAs\":[\"https:\/\/www.facebook.com\/csjemballages\"],\"address\":{\"@type\":\"PostalAddress\",\"streetAddress\":\"ZI La Lechere\",\"addressLocality\":\"Patornay\",\"postalCode\":\"39130\",\"addressCountry\":\"FR\"},\"contactPoint\":[{\"@type\":\"ContactPoint\",\"contactType\":\"Service client\",\"telephone\":\"0384254272\",\"email\":\"contact@csj-emballages.com\"}]}]}<\/script>\n<!-- \/ Yoast SEO Premium plugin. -->","yoast_head_json":{"title":"Rollo de film estirable para alimentos en cajas dispensadoras","description":"Rollo de 300 x 0,45 m de film estirable alimentario en caja dispensadora. Ideal para empresas de catering, restaurantes y particulares. Protege, conserva y envasa.","robots":{"index":"index","follow":"follow","max-snippet":"max-snippet:-1","max-image-preview":"max-image-preview:large","max-video-preview":"max-video-preview:-1"},"canonical":"https:\/\/www.csj-emballages.com\/es\/produit\/rollo-de-film-estirable-alimentario-en-caja-dispensadora-300-x-045-m\/","og_locale":"es_ES","og_type":"article","og_title":"Rollo de film estirable alimentario en caja dispensadora 300 x 0,45 m","og_description":"Rollo de 300 x 0,45 m de film estirable alimentario en caja dispensadora. Ideal para empresas de catering, restaurantes y particulares. Protege, conserva y envasa.","og_url":"https:\/\/www.csj-emballages.com\/es\/produit\/rollo-de-film-estirable-alimentario-en-caja-dispensadora-300-x-045-m\/","og_site_name":"CSJ Emballages","article_publisher":"https:\/\/www.facebook.com\/csjemballages","article_modified_time":"2026-04-16T00:13:17+00:00","og_image":[{"width":800,"height":800,"url":"https:\/\/www.csj-emballages.com\/wp-content\/uploads\/2024\/03\/FL45.webp","type":"image\/webp"}],"twitter_card":"summary_large_image","twitter_misc":{"Tiempo de lectura":"1 minuto"},"schema":{"@context":"https:\/\/schema.org","@graph":[{"@type":"WebPage","@id":"https:\/\/www.csj-emballages.com\/es\/produit\/rollo-de-film-estirable-alimentario-en-caja-dispensadora-300-x-045-m\/","url":"https:\/\/www.csj-emballages.com\/es\/produit\/rollo-de-film-estirable-alimentario-en-caja-dispensadora-300-x-045-m\/","name":"Rollo de film estirable para alimentos en cajas dispensadoras","isPartOf":{"@id":"https:\/\/www.csj-emballages.com\/es\/#website"},"primaryImageOfPage":{"@id":"https:\/\/www.csj-emballages.com\/es\/produit\/rollo-de-film-estirable-alimentario-en-caja-dispensadora-300-x-045-m\/#primaryimage"},"image":{"@id":"https:\/\/www.csj-emballages.com\/es\/produit\/rollo-de-film-estirable-alimentario-en-caja-dispensadora-300-x-045-m\/#primaryimage"},"thumbnailUrl":"https:\/\/www.csj-emballages.com\/wp-content\/uploads\/2024\/03\/FL45.webp","datePublished":"2024-03-01T15:53:36+00:00","dateModified":"2026-04-16T00:13:17+00:00","description":"Rollo de 300 x 0,45 m de film estirable alimentario en caja dispensadora. Ideal para empresas de catering, restaurantes y particulares. Protege, conserva y envasa.","breadcrumb":{"@id":"https:\/\/www.csj-emballages.com\/es\/produit\/rollo-de-film-estirable-alimentario-en-caja-dispensadora-300-x-045-m\/#breadcrumb"},"inLanguage":"es","potentialAction":[{"@type":"ReadAction","target":["https:\/\/www.csj-emballages.com\/es\/produit\/rollo-de-film-estirable-alimentario-en-caja-dispensadora-300-x-045-m\/"]}]},{"@type":"ImageObject","inLanguage":"es","@id":"https:\/\/www.csj-emballages.com\/es\/produit\/rollo-de-film-estirable-alimentario-en-caja-dispensadora-300-x-045-m\/#primaryimage","url":"https:\/\/www.csj-emballages.com\/wp-content\/uploads\/2024\/03\/FL45.webp","contentUrl":"https:\/\/www.csj-emballages.com\/wp-content\/uploads\/2024\/03\/FL45.webp","width":800,"height":800,"caption":"Rouleau film \u00e9tirable"},{"@type":"BreadcrumbList","@id":"https:\/\/www.csj-emballages.com\/es\/produit\/rollo-de-film-estirable-alimentario-en-caja-dispensadora-300-x-045-m\/#breadcrumb","itemListElement":[{"@type":"ListItem","position":1,"name":"Accueil","item":"https:\/\/www.csj-emballages.com\/es\/universo-del-envasado-alimentario\/"},{"@type":"ListItem","position":2,"name":"Tienda","item":"https:\/\/www.csj-emballages.com\/tienda\/"},{"@type":"ListItem","position":3,"name":"Rollo de film estirable alimentario en caja dispensadora 300 x 0,45 m"}]},{"@type":"WebSite","@id":"https:\/\/www.csj-emballages.com\/es\/#website","url":"https:\/\/www.csj-emballages.com\/es\/","name":"CSJ Emballages","description":"","publisher":{"@id":"https:\/\/www.csj-emballages.com\/es\/#organization"},"potentialAction":[{"@type":"SearchAction","target":{"@type":"EntryPoint","urlTemplate":"https:\/\/www.csj-emballages.com\/es\/?s={search_term_string}"},"query-input":{"@type":"PropertyValueSpecification","valueRequired":true,"valueName":"search_term_string"}}],"inLanguage":"es"},{"@type":"Organization","@id":"https:\/\/www.csj-emballages.com\/es\/#Organization\/","name":"CSJ Emballages","url":"https:\/\/www.csj-emballages.com\/es\/","logo":{"@type":"ImageObject","inLanguage":"es","@id":"https:\/\/www.csj-emballages.com\/es\/#\/schema\/logo\/image\/","url":"https:\/\/www.csj-emballages.com\/wp-content\/uploads\/2023\/10\/logo_csj.webp","contentUrl":"https:\/\/www.csj-emballages.com\/wp-content\/uploads\/2023\/10\/logo_csj.webp","width":250,"height":95,"caption":"CSJ Emballages"},"image":{"@id":"https:\/\/www.csj-emballages.com\/es\/#\/schema\/logo\/image\/"},"sameAs":["https:\/\/www.facebook.com\/csjemballages"],"address":{"@type":"PostalAddress","streetAddress":"ZI La Lechere","addressLocality":"Patornay","postalCode":"39130","addressCountry":"FR"},"contactPoint":[{"@type":"ContactPoint","contactType":"Service client","telephone":"0384254272","email":"contact@csj-emballages.com"}]}]}},"df_price":8.47,"df_sale_price":"","df_regular_price":8.47,"df_image_link":"https:\/\/www.csj-emballages.com\/wp-content\/uploads\/2024\/03\/FL45-300x300.webp","tiered_pricing_type":"fixed","tiered_pricing_fixed_rules":[],"tiered_pricing_percentage_rules":[],"tiered_pricing_minimum":1,"tiered_pricing_roles_data":[],"_links":{"self":[{"href":"https:\/\/www.csj-emballages.com\/es\/wp-json\/wp\/v2\/product\/20885","targetHints":{"allow":["GET"]}}],"collection":[{"href":"https:\/\/www.csj-emballages.com\/es\/wp-json\/wp\/v2\/product"}],"about":[{"href":"https:\/\/www.csj-emballages.com\/es\/wp-json\/wp\/v2\/types\/product"}],"wp:featuredmedia":[{"embeddable":true,"href":"https:\/\/www.csj-emballages.com\/es\/wp-json\/wp\/v2\/media\/227409"}],"wp:attachment":[{"href":"https:\/\/www.csj-emballages.com\/es\/wp-json\/wp\/v2\/media?parent=20885"}],"wp:term":[{"taxonomy":"product_brand","embeddable":true,"href":"https:\/\/www.csj-emballages.com\/es\/wp-json\/wp\/v2\/product_brand?post=20885"},{"taxonomy":"product_cat","embeddable":true,"href":"https:\/\/www.csj-emballages.com\/es\/wp-json\/wp\/v2\/product_cat?post=20885"},{"taxonomy":"product_tag","embeddable":true,"href":"https:\/\/www.csj-emballages.com\/es\/wp-json\/wp\/v2\/product_tag?post=20885"}],"curies":[{"name":"wp","href":"https:\/\/api.w.org\/{rel}","templated":true}]}}