{"id":20874,"date":"2024-03-01T16:53:36","date_gmt":"2024-03-01T15:53:36","guid":{"rendered":"https:\/\/u15jnbdpoq.preview.infomaniak.website\/produit\/linalta-sl-38-1500-x-045-m-rollo-de-recambio-de-pvc-de-film-estirable-alimentario\/"},"modified":"2026-05-06T02:14:05","modified_gmt":"2026-05-06T00:14:05","slug":"linalta-sl-38-1500-x-045-m-rollo-de-recambio-de-pvc-de-film-estirable-alimentario","status":"publish","type":"product","link":"https:\/\/www.csj-emballages.com\/es\/produit\/linalta-sl-38-1500-x-045-m-rollo-de-recambio-de-pvc-de-film-estirable-alimentario\/","title":{"rendered":"LINALTA SL 38 1500 x 0,45 m Rollo de recambio de PVC de film estirable alimentario"},"content":{"rendered":"<h2><strong>Recambio de rollo de film estirable alimentario de PVC LINALTA SL<\/strong><\/h2>\n<div style=\"box-sizing: inherit; font-family: Roboto, sans-serif;\">\n<div style=\"box-sizing: inherit; font-family: Roboto, sans-serif;\">\n<div style=\"box-sizing: inherit; font-family: Roboto, sans-serif;\">\n<div style=\"box-sizing: inherit; font-family: Roboto, sans-serif;\">\n<div style=\"box-sizing: inherit; font-family: Roboto, sans-serif;\">\n<div style=\"box-sizing: inherit; font-family: Roboto, sans-serif;\">\n<hr>\n<h3>Descripci\u00f3n del producto<\/h3>\n<p><!--more--><\/p>\n<p>El film estirable alimentario de PVC de recambio LINALTA SL es ideal para envasar bandejas de alimentos. Su composici\u00f3n especial garantiza una conservaci\u00f3n \u00f3ptima de los alimentos. Adem\u00e1s, este film estirable est\u00e1 dise\u00f1ado para un uso r\u00e1pido y sencillo. Por eso se adapta perfectamente a las necesidades tanto de los profesionales como de los particulares.   <\/p>\n<p>Adem\u00e1s, su transparencia facilita la comprobaci\u00f3n del contenido de las bandejas. Para la recarga, es econ\u00f3mico y pr\u00e1ctico, dados sus 1500 m de longitud. <\/p>\n<p>En resumen, la pel\u00edcula estirable de PVC LINALTA SL es esencial para mantener tus alimentos seguros. Est\u00e1 disponible en diferentes longitudes para adaptarse a todas tus necesidades. <\/p>\n<p><strong>Ventajas:<\/strong><\/p>\n<ul>\n<li><strong>Conservaci\u00f3n \u00f3ptima: <\/strong>la pel\u00edcula garantiza que los alimentos se mantengan frescos durante m\u00e1s tiempo, evitando que se sequen y se contaminen.<\/li>\n<li><strong>Econ\u00f3mico y pr\u00e1ctico<\/strong>: Disponible en recambios, lo que reduce los costes y facilita la r\u00e1pida sustituci\u00f3n de la pel\u00edcula. Lo mismo ocurre con sus 1.500 m de longitud. <\/li>\n<li><strong>Versatilidad de uso<\/strong>: Disponible en diferentes longitudes para satisfacer diversas necesidades de envasado, ya sea para peque\u00f1as o grandes cantidades de alimentos.<\/li>\n<\/ul>\n<h4>Para m\u00e1s informaci\u00f3n:<\/h4>\n<p>Disponible en varios tama\u00f1os: <span style=\"color: #d12727;\"><a style=\"color: #d12727;\" href=\"https:\/\/www.csj-emballages.com\/es\/produit\/rollo-de-recambio-de-film-estirable-alimentario-300-x-030-m\/\">300 x 0,30 m<\/a><\/span> \/  <span style=\"color: #d12727;\"><a style=\"color: #d12727;\" href=\"https:\/\/www.csj-emballages.com\/es\/produit\/rollo-de-recambio-de-film-estirable-alimentario-300-x-045-m\/\">300 x 0,45 m<\/a><\/span><\/p>\n<p><!--more--><\/p>\n<p><a href=\"https:\/\/www.csj-emballages.com\/es\/categorie-produit\/envasado-de-alimentos\/carniceria-y-charcuteria\/peliculas-alimentarias\/film-estirable-alimentario-en-recambios\/\">Ver el resto de nuestra gama de film transparente de recambio  <\/a><\/p>\n<\/div>\n<\/div>\n<\/div>\n<\/div>\n<\/div>\n<\/div>\n","protected":false},"excerpt":{"rendered":"<p>Recambio de rollo de film estirable alimentario de PVC LINALTA SL Descripci\u00f3n del producto<\/p>\n","protected":false},"featured_media":28861,"template":"","meta":{"_acf_changed":false},"product_brand":[],"product_cat":[1150,1143,2023,2651],"product_tag":[],"class_list":{"0":"post-20874","1":"product","2":"type-product","3":"status-publish","4":"has-post-thumbnail","6":"product_cat-envasado-de-alimentos","7":"product_cat-carniceria-y-charcuteria","8":"product_cat-peliculas-alimentarias","9":"product_cat-film-estirable-alimentario-en-recambios","11":"first","12":"instock","13":"taxable","14":"shipping-taxable","15":"purchasable","16":"product-type-simple"},"acf":[],"yoast_head":"<!-- This site is optimized with the Yoast SEO Premium plugin v26.6 (Yoast SEO v26.6) - https:\/\/yoast.com\/wordpress\/plugins\/seo\/ -->\n<title>Recambio de film estirable alimentario LINALTA SL 38 \/ 1500 x 0,45 m<\/title>\n<meta name=\"description\" content=\"\u00a1Recambio de film estirable de PVC alimentario LINALTA SL - Recambio de 1500 x 0,45 m ! Este rollo de pel\u00edcula est\u00e1 dise\u00f1ado para envasar bandejas de alimentos.\" \/>\n<meta name=\"robots\" content=\"index, follow, max-snippet:-1, max-image-preview:large, max-video-preview:-1\" \/>\n<link rel=\"canonical\" href=\"https:\/\/www.csj-emballages.com\/es\/produit\/linalta-sl-38-1500-x-045-m-rollo-de-recambio-de-pvc-de-film-estirable-alimentario\/\" \/>\n<meta property=\"og:locale\" content=\"es_ES\" \/>\n<meta property=\"og:type\" content=\"article\" \/>\n<meta property=\"og:title\" content=\"LINALTA SL 38 1500 x 0,45 m Rollo de recambio de PVC de film estirable alimentario\" \/>\n<meta property=\"og:description\" content=\"\u00a1Recambio de film estirable de PVC alimentario LINALTA SL - Recambio de 1500 x 0,45 m ! Este rollo de pel\u00edcula est\u00e1 dise\u00f1ado para envasar bandejas de alimentos.\" \/>\n<meta property=\"og:url\" content=\"https:\/\/www.csj-emballages.com\/es\/produit\/linalta-sl-38-1500-x-045-m-rollo-de-recambio-de-pvc-de-film-estirable-alimentario\/\" \/>\n<meta property=\"og:site_name\" content=\"CSJ Emballages\" \/>\n<meta property=\"article:publisher\" content=\"https:\/\/www.facebook.com\/csjemballages\" \/>\n<meta property=\"article:modified_time\" content=\"2026-05-06T00:14:05+00:00\" \/>\n<meta property=\"og:image\" content=\"https:\/\/www.csj-emballages.com\/wp-content\/uploads\/2024\/03\/Capture_d_ecran_2024-07-08_a_11.01.31-removebg-preview-Small-1-jpeg-e1720429466436.webp\" \/>\n\t<meta property=\"og:image:width\" content=\"1148\" \/>\n\t<meta property=\"og:image:height\" content=\"1152\" \/>\n\t<meta property=\"og:image:type\" content=\"image\/jpeg\" \/>\n<meta name=\"twitter:card\" content=\"summary_large_image\" \/>\n<meta name=\"twitter:label1\" content=\"Tiempo de lectura\" \/>\n\t<meta name=\"twitter:data1\" content=\"1 minuto\" \/>\n<script type=\"application\/ld+json\" class=\"yoast-schema-graph\">{\"@context\":\"https:\/\/schema.org\",\"@graph\":[{\"@type\":\"WebPage\",\"@id\":\"https:\/\/www.csj-emballages.com\/es\/produit\/linalta-sl-38-1500-x-045-m-rollo-de-recambio-de-pvc-de-film-estirable-alimentario\/\",\"url\":\"https:\/\/www.csj-emballages.com\/es\/produit\/linalta-sl-38-1500-x-045-m-rollo-de-recambio-de-pvc-de-film-estirable-alimentario\/\",\"name\":\"Recambio de film estirable alimentario LINALTA SL 38 \/ 1500 x 0,45 m\",\"isPartOf\":{\"@id\":\"https:\/\/www.csj-emballages.com\/es\/#website\"},\"primaryImageOfPage\":{\"@id\":\"https:\/\/www.csj-emballages.com\/es\/produit\/linalta-sl-38-1500-x-045-m-rollo-de-recambio-de-pvc-de-film-estirable-alimentario\/#primaryimage\"},\"image\":{\"@id\":\"https:\/\/www.csj-emballages.com\/es\/produit\/linalta-sl-38-1500-x-045-m-rollo-de-recambio-de-pvc-de-film-estirable-alimentario\/#primaryimage\"},\"thumbnailUrl\":\"https:\/\/www.csj-emballages.com\/wp-content\/uploads\/2024\/03\/Capture_d_ecran_2024-07-08_a_11.01.31-removebg-preview-Small-1-jpeg-e1720429466436.webp\",\"datePublished\":\"2024-03-01T15:53:36+00:00\",\"dateModified\":\"2026-05-06T00:14:05+00:00\",\"description\":\"\u00a1Recambio de film estirable de PVC alimentario LINALTA SL - Recambio de 1500 x 0,45 m ! Este rollo de pel\u00edcula est\u00e1 dise\u00f1ado para envasar bandejas de alimentos.\",\"breadcrumb\":{\"@id\":\"https:\/\/www.csj-emballages.com\/es\/produit\/linalta-sl-38-1500-x-045-m-rollo-de-recambio-de-pvc-de-film-estirable-alimentario\/#breadcrumb\"},\"inLanguage\":\"es\",\"potentialAction\":[{\"@type\":\"ReadAction\",\"target\":[\"https:\/\/www.csj-emballages.com\/es\/produit\/linalta-sl-38-1500-x-045-m-rollo-de-recambio-de-pvc-de-film-estirable-alimentario\/\"]}]},{\"@type\":\"ImageObject\",\"inLanguage\":\"es\",\"@id\":\"https:\/\/www.csj-emballages.com\/es\/produit\/linalta-sl-38-1500-x-045-m-rollo-de-recambio-de-pvc-de-film-estirable-alimentario\/#primaryimage\",\"url\":\"https:\/\/www.csj-emballages.com\/wp-content\/uploads\/2024\/03\/Capture_d_ecran_2024-07-08_a_11.01.31-removebg-preview-Small-1-jpeg-e1720429466436.webp\",\"contentUrl\":\"https:\/\/www.csj-emballages.com\/wp-content\/uploads\/2024\/03\/Capture_d_ecran_2024-07-08_a_11.01.31-removebg-preview-Small-1-jpeg-e1720429466436.webp\",\"width\":1148,\"height\":1152,\"caption\":\"Film \u00e9tirable alimentaire recharge\"},{\"@type\":\"BreadcrumbList\",\"@id\":\"https:\/\/www.csj-emballages.com\/es\/produit\/linalta-sl-38-1500-x-045-m-rollo-de-recambio-de-pvc-de-film-estirable-alimentario\/#breadcrumb\",\"itemListElement\":[{\"@type\":\"ListItem\",\"position\":1,\"name\":\"Accueil\",\"item\":\"https:\/\/www.csj-emballages.com\/es\/universo-del-envasado-alimentario\/\"},{\"@type\":\"ListItem\",\"position\":2,\"name\":\"Tienda\",\"item\":\"https:\/\/www.csj-emballages.com\/tienda\/\"},{\"@type\":\"ListItem\",\"position\":3,\"name\":\"LINALTA SL 38 1500 x 0,45 m Rollo de recambio de PVC de film estirable alimentario\"}]},{\"@type\":\"WebSite\",\"@id\":\"https:\/\/www.csj-emballages.com\/es\/#website\",\"url\":\"https:\/\/www.csj-emballages.com\/es\/\",\"name\":\"CSJ Emballages\",\"description\":\"\",\"publisher\":{\"@id\":\"https:\/\/www.csj-emballages.com\/es\/#organization\"},\"potentialAction\":[{\"@type\":\"SearchAction\",\"target\":{\"@type\":\"EntryPoint\",\"urlTemplate\":\"https:\/\/www.csj-emballages.com\/es\/?s={search_term_string}\"},\"query-input\":{\"@type\":\"PropertyValueSpecification\",\"valueRequired\":true,\"valueName\":\"search_term_string\"}}],\"inLanguage\":\"es\"},{\"@type\":\"Organization\",\"@id\":\"https:\/\/www.csj-emballages.com\/es\/#Organization\/\",\"name\":\"CSJ Emballages\",\"url\":\"https:\/\/www.csj-emballages.com\/es\/\",\"logo\":{\"@type\":\"ImageObject\",\"inLanguage\":\"es\",\"@id\":\"https:\/\/www.csj-emballages.com\/es\/#\/schema\/logo\/image\/\",\"url\":\"https:\/\/www.csj-emballages.com\/wp-content\/uploads\/2023\/10\/logo_csj.webp\",\"contentUrl\":\"https:\/\/www.csj-emballages.com\/wp-content\/uploads\/2023\/10\/logo_csj.webp\",\"width\":250,\"height\":95,\"caption\":\"CSJ Emballages\"},\"image\":{\"@id\":\"https:\/\/www.csj-emballages.com\/es\/#\/schema\/logo\/image\/\"},\"sameAs\":[\"https:\/\/www.facebook.com\/csjemballages\"],\"address\":{\"@type\":\"PostalAddress\",\"streetAddress\":\"ZI La Lechere\",\"addressLocality\":\"Patornay\",\"postalCode\":\"39130\",\"addressCountry\":\"FR\"},\"contactPoint\":[{\"@type\":\"ContactPoint\",\"contactType\":\"Service client\",\"telephone\":\"0384254272\",\"email\":\"contact@csj-emballages.com\"}]}]}<\/script>\n<!-- \/ Yoast SEO Premium plugin. -->","yoast_head_json":{"title":"Recambio de film estirable alimentario LINALTA SL 38 \/ 1500 x 0,45 m","description":"\u00a1Recambio de film estirable de PVC alimentario LINALTA SL - Recambio de 1500 x 0,45 m ! Este rollo de pel\u00edcula est\u00e1 dise\u00f1ado para envasar bandejas de alimentos.","robots":{"index":"index","follow":"follow","max-snippet":"max-snippet:-1","max-image-preview":"max-image-preview:large","max-video-preview":"max-video-preview:-1"},"canonical":"https:\/\/www.csj-emballages.com\/es\/produit\/linalta-sl-38-1500-x-045-m-rollo-de-recambio-de-pvc-de-film-estirable-alimentario\/","og_locale":"es_ES","og_type":"article","og_title":"LINALTA SL 38 1500 x 0,45 m Rollo de recambio de PVC de film estirable alimentario","og_description":"\u00a1Recambio de film estirable de PVC alimentario LINALTA SL - Recambio de 1500 x 0,45 m ! Este rollo de pel\u00edcula est\u00e1 dise\u00f1ado para envasar bandejas de alimentos.","og_url":"https:\/\/www.csj-emballages.com\/es\/produit\/linalta-sl-38-1500-x-045-m-rollo-de-recambio-de-pvc-de-film-estirable-alimentario\/","og_site_name":"CSJ Emballages","article_publisher":"https:\/\/www.facebook.com\/csjemballages","article_modified_time":"2026-05-06T00:14:05+00:00","og_image":[{"width":1148,"height":1152,"url":"https:\/\/www.csj-emballages.com\/wp-content\/uploads\/2024\/03\/Capture_d_ecran_2024-07-08_a_11.01.31-removebg-preview-Small-1-jpeg-e1720429466436.webp","type":"image\/jpeg"}],"twitter_card":"summary_large_image","twitter_misc":{"Tiempo de lectura":"1 minuto"},"schema":{"@context":"https:\/\/schema.org","@graph":[{"@type":"WebPage","@id":"https:\/\/www.csj-emballages.com\/es\/produit\/linalta-sl-38-1500-x-045-m-rollo-de-recambio-de-pvc-de-film-estirable-alimentario\/","url":"https:\/\/www.csj-emballages.com\/es\/produit\/linalta-sl-38-1500-x-045-m-rollo-de-recambio-de-pvc-de-film-estirable-alimentario\/","name":"Recambio de film estirable alimentario LINALTA SL 38 \/ 1500 x 0,45 m","isPartOf":{"@id":"https:\/\/www.csj-emballages.com\/es\/#website"},"primaryImageOfPage":{"@id":"https:\/\/www.csj-emballages.com\/es\/produit\/linalta-sl-38-1500-x-045-m-rollo-de-recambio-de-pvc-de-film-estirable-alimentario\/#primaryimage"},"image":{"@id":"https:\/\/www.csj-emballages.com\/es\/produit\/linalta-sl-38-1500-x-045-m-rollo-de-recambio-de-pvc-de-film-estirable-alimentario\/#primaryimage"},"thumbnailUrl":"https:\/\/www.csj-emballages.com\/wp-content\/uploads\/2024\/03\/Capture_d_ecran_2024-07-08_a_11.01.31-removebg-preview-Small-1-jpeg-e1720429466436.webp","datePublished":"2024-03-01T15:53:36+00:00","dateModified":"2026-05-06T00:14:05+00:00","description":"\u00a1Recambio de film estirable de PVC alimentario LINALTA SL - Recambio de 1500 x 0,45 m ! Este rollo de pel\u00edcula est\u00e1 dise\u00f1ado para envasar bandejas de alimentos.","breadcrumb":{"@id":"https:\/\/www.csj-emballages.com\/es\/produit\/linalta-sl-38-1500-x-045-m-rollo-de-recambio-de-pvc-de-film-estirable-alimentario\/#breadcrumb"},"inLanguage":"es","potentialAction":[{"@type":"ReadAction","target":["https:\/\/www.csj-emballages.com\/es\/produit\/linalta-sl-38-1500-x-045-m-rollo-de-recambio-de-pvc-de-film-estirable-alimentario\/"]}]},{"@type":"ImageObject","inLanguage":"es","@id":"https:\/\/www.csj-emballages.com\/es\/produit\/linalta-sl-38-1500-x-045-m-rollo-de-recambio-de-pvc-de-film-estirable-alimentario\/#primaryimage","url":"https:\/\/www.csj-emballages.com\/wp-content\/uploads\/2024\/03\/Capture_d_ecran_2024-07-08_a_11.01.31-removebg-preview-Small-1-jpeg-e1720429466436.webp","contentUrl":"https:\/\/www.csj-emballages.com\/wp-content\/uploads\/2024\/03\/Capture_d_ecran_2024-07-08_a_11.01.31-removebg-preview-Small-1-jpeg-e1720429466436.webp","width":1148,"height":1152,"caption":"Film \u00e9tirable alimentaire recharge"},{"@type":"BreadcrumbList","@id":"https:\/\/www.csj-emballages.com\/es\/produit\/linalta-sl-38-1500-x-045-m-rollo-de-recambio-de-pvc-de-film-estirable-alimentario\/#breadcrumb","itemListElement":[{"@type":"ListItem","position":1,"name":"Accueil","item":"https:\/\/www.csj-emballages.com\/es\/universo-del-envasado-alimentario\/"},{"@type":"ListItem","position":2,"name":"Tienda","item":"https:\/\/www.csj-emballages.com\/tienda\/"},{"@type":"ListItem","position":3,"name":"LINALTA SL 38 1500 x 0,45 m Rollo de recambio de PVC de film estirable alimentario"}]},{"@type":"WebSite","@id":"https:\/\/www.csj-emballages.com\/es\/#website","url":"https:\/\/www.csj-emballages.com\/es\/","name":"CSJ Emballages","description":"","publisher":{"@id":"https:\/\/www.csj-emballages.com\/es\/#organization"},"potentialAction":[{"@type":"SearchAction","target":{"@type":"EntryPoint","urlTemplate":"https:\/\/www.csj-emballages.com\/es\/?s={search_term_string}"},"query-input":{"@type":"PropertyValueSpecification","valueRequired":true,"valueName":"search_term_string"}}],"inLanguage":"es"},{"@type":"Organization","@id":"https:\/\/www.csj-emballages.com\/es\/#Organization\/","name":"CSJ Emballages","url":"https:\/\/www.csj-emballages.com\/es\/","logo":{"@type":"ImageObject","inLanguage":"es","@id":"https:\/\/www.csj-emballages.com\/es\/#\/schema\/logo\/image\/","url":"https:\/\/www.csj-emballages.com\/wp-content\/uploads\/2023\/10\/logo_csj.webp","contentUrl":"https:\/\/www.csj-emballages.com\/wp-content\/uploads\/2023\/10\/logo_csj.webp","width":250,"height":95,"caption":"CSJ Emballages"},"image":{"@id":"https:\/\/www.csj-emballages.com\/es\/#\/schema\/logo\/image\/"},"sameAs":["https:\/\/www.facebook.com\/csjemballages"],"address":{"@type":"PostalAddress","streetAddress":"ZI La Lechere","addressLocality":"Patornay","postalCode":"39130","addressCountry":"FR"},"contactPoint":[{"@type":"ContactPoint","contactType":"Service client","telephone":"0384254272","email":"contact@csj-emballages.com"}]}]}},"df_price":72.24,"df_sale_price":"","df_regular_price":72.24,"df_image_link":"https:\/\/www.csj-emballages.com\/wp-content\/uploads\/2024\/03\/Capture_d_ecran_2024-07-08_a_11.01.31-removebg-preview-Small-1-300x300.webp","tiered_pricing_type":"fixed","tiered_pricing_fixed_rules":[],"tiered_pricing_percentage_rules":[],"tiered_pricing_minimum":1,"tiered_pricing_roles_data":[],"_links":{"self":[{"href":"https:\/\/www.csj-emballages.com\/es\/wp-json\/wp\/v2\/product\/20874","targetHints":{"allow":["GET"]}}],"collection":[{"href":"https:\/\/www.csj-emballages.com\/es\/wp-json\/wp\/v2\/product"}],"about":[{"href":"https:\/\/www.csj-emballages.com\/es\/wp-json\/wp\/v2\/types\/product"}],"wp:featuredmedia":[{"embeddable":true,"href":"https:\/\/www.csj-emballages.com\/es\/wp-json\/wp\/v2\/media\/28861"}],"wp:attachment":[{"href":"https:\/\/www.csj-emballages.com\/es\/wp-json\/wp\/v2\/media?parent=20874"}],"wp:term":[{"taxonomy":"product_brand","embeddable":true,"href":"https:\/\/www.csj-emballages.com\/es\/wp-json\/wp\/v2\/product_brand?post=20874"},{"taxonomy":"product_cat","embeddable":true,"href":"https:\/\/www.csj-emballages.com\/es\/wp-json\/wp\/v2\/product_cat?post=20874"},{"taxonomy":"product_tag","embeddable":true,"href":"https:\/\/www.csj-emballages.com\/es\/wp-json\/wp\/v2\/product_tag?post=20874"}],"curies":[{"name":"wp","href":"https:\/\/api.w.org\/{rel}","templated":true}]}}