{"id":20872,"date":"2024-03-01T16:53:35","date_gmt":"2024-03-01T15:53:35","guid":{"rendered":"https:\/\/u15jnbdpoq.preview.infomaniak.website\/produit\/film-estirable-automatico-para-paletas-transparente-050-cm-16-kg-23%c2%b5\/"},"modified":"2026-04-17T10:28:48","modified_gmt":"2026-04-17T08:28:48","slug":"film-estirable-automatico-para-paletas-transparente-050-cm-16-kg-23%c2%b5","status":"publish","type":"product","link":"https:\/\/www.csj-emballages.com\/es\/produit\/film-estirable-automatico-para-paletas-transparente-050-cm-16-kg-23%c2%b5\/","title":{"rendered":"Film para palets estirable transparente autom\u00e1tico 0,50 cm 16 kg 23\u00b5"},"content":{"rendered":"<h2>Film para palets<\/h2>\n<hr>\n<h3>Descubra nuestro film para palets estirable transparente autom\u00e1tico 0,50 cm 16 kg 23\u00b5<\/h3>\n<p><!--more--><\/p>\n<p data-start=\"245\" data-end=\"598\">El <strong>film para palets estirable transparente autom\u00e1tico 50 cm \u2013 16 kg \u2013 23 micras<\/strong> est\u00e1 especialmente dise\u00f1ado para el <strong>enfardado seguro de palets<\/strong> con <strong>m\u00e1quinas autom\u00e1ticas o enfardadoras industriales<\/strong>. Garantiza una estabilizaci\u00f3n \u00f3ptima de las cargas durante el almacenamiento y el transporte, a la vez que asegura una protecci\u00f3n eficaz de las mercanc\u00edas. <\/p>\n<p data-start=\"600\" data-end=\"1074\">En efecto, fabricado en <strong>polietileno de alta calidad<\/strong>, este <strong>film estirable<\/strong> ofrece una excelente resistencia a la perforaci\u00f3n, al desgarro y al estiramiento. Su <strong>espesor de 23 micras<\/strong> permite mantener firmemente las cargas, incluso los <strong>pal\u00e9s pesados o inestables<\/strong>, sin riesgo de rotura durante el ciclo de flejado. Gracias a su transparencia, facilita la identificaci\u00f3n de los productos y la lectura de las etiquetas o c\u00f3digos de barras, una ventaja esencial en log\u00edstica y en almac\u00e9n.  <\/p>\n<p data-start=\"1076\" data-end=\"1466\">Del mismo modo, con una <strong>anchura de 50 cm<\/strong> y un <strong>peso de bobina de 16 kg<\/strong>, este film es perfectamente adecuado para un uso intensivo y continuo. Asegura un desarrollo fluido y regular en m\u00e1quina autom\u00e1tica, limitando los tirones y optimizando la cadencia de paletizaci\u00f3n. Su excelente capacidad <strong>de estiramiento<\/strong> permite reducir el consumo de film, garantizando al mismo tiempo una sujeci\u00f3n homog\u00e9nea de la carga.  <\/p>\n<p data-start=\"1468\" data-end=\"1819\">En resumen, este <strong>film estirable autom\u00e1tico<\/strong> es ideal para los profesionales de la <strong>log\u00edstica, de la industria, de la agroalimentaci\u00f3n o de la distribuci\u00f3n<\/strong>, que buscan una soluci\u00f3n fiable, eficaz y econ\u00f3mica para <strong>asegurar sus pal\u00e9s<\/strong>. Tambi\u00e9n contribuye a mejorar la productividad, reduciendo al mismo tiempo las p\u00e9rdidas relacionadas con los da\u00f1os durante el transporte. <\/p>\n<p data-start=\"1468\" data-end=\"1819\"><!--more--><\/p>\n<h4 data-start=\"1468\" data-end=\"1819\">Ventajas :<\/h4>\n<ul>\n<li data-start=\"1857\" data-end=\"1896\">Concebido para <strong>enfardadoras<\/strong> autom\u00e1ticas.<\/li>\n<li data-start=\"1899\" data-end=\"1957\">Excelente resistencia al desgarro y a la perforaci\u00f3n.<\/li>\n<li data-start=\"1960\" data-end=\"2011\">Sujeci\u00f3n \u00f3ptima de las cargas pesadas o inestables.<\/li>\n<li data-start=\"2014\" data-end=\"2076\"><strong>Transparencia<\/strong> para una identificaci\u00f3n f\u00e1cil de las mercanc\u00edas.<\/li>\n<li data-start=\"2079\" data-end=\"2123\">Desarrollo fluido y regular en m\u00e1quina.<\/li>\n<li data-start=\"2126\" data-end=\"2194\"><strong>Espesor 23 \u00b5<\/strong> para una excelente relaci\u00f3n resistencia\/consumo.<\/li>\n<\/ul>\n<p>&nbsp;<\/p>\n<p><!--more--><\/p>\n<h4>Informaci\u00f3n adicional :<\/h4>\n<ul>\n<li><strong>Embalaje<\/strong>: Por unidad<\/li>\n<li><strong>Altura<\/strong>: 0,50 cm<\/li>\n<li><strong>Peso<\/strong>: 16 kg<\/li>\n<li><strong>Espesor<\/strong>: 23\u00b5<\/li>\n<li><strong>Color<\/strong>: Transparente<\/li>\n<li><strong>Material<\/strong>: PEBD (Polietileno de baja densidad)<\/li>\n<\/ul>\n<p>&nbsp;<\/p>\n<p><!--more--><\/p>\n<p>Encuentre aqu\u00ed nuestros films para palets manuales: <span style=\"color: #d12727;\"><a style=\"color: #d12727;\" href=\"https:\/\/www.csj-emballages.com\/produit\/film-etirable-palette-manuelle-noir-0-45-x-270-m\/\">Film para palets negro<\/a><\/span> \/ <span style=\"color: #d12727;\"><a style=\"color: #d12727;\" href=\"https:\/\/www.csj-emballages.com\/produit\/film-etirable-palette-manuelle-transparent-0-45-x-270-m\/\">Film para palets transparente<\/a><\/span><\/p>\n<p>&nbsp;<\/p>\n<p><!--more--><\/p>\n<p><a href=\"https:\/\/www.csj-emballages.com\/es\/categorie-produit\/envases-industriales\/film-para-palets\/\">Consulte el resto de nuestra gama de films para pal\u00e9s<\/a><\/p>\n","protected":false},"excerpt":{"rendered":"<p>Film para palets Descubra nuestro film para palets estirable transparente autom\u00e1tico 0,50 cm 16 kg 23\u00b5<\/p>\n","protected":false},"featured_media":263427,"template":"","meta":{"_acf_changed":false},"product_brand":[],"product_cat":[1150,1212,2672],"product_tag":[],"class_list":{"0":"post-20872","1":"product","2":"type-product","3":"status-publish","4":"has-post-thumbnail","6":"product_cat-envasado-de-alimentos","7":"product_cat-envases-industriales","8":"product_cat-film-para-palets","10":"first","11":"instock","12":"taxable","13":"shipping-taxable","14":"purchasable","15":"product-type-simple"},"acf":[],"yoast_head":"<!-- This site is optimized with the Yoast SEO Premium plugin v26.6 (Yoast SEO v26.6) - https:\/\/yoast.com\/wordpress\/plugins\/seo\/ -->\n<title>Film para Palets Estirable Transparente Autom\u00e1tico 0,50 cm 16 kg 23\u00b5<\/title>\n<meta name=\"description\" content=\"Film para palets estirable transparente autom\u00e1tico 50 cm 16 kg 23 micras. Ideal para asegurar y estabilizar los palets en log\u00edstica e industria.\" \/>\n<meta name=\"robots\" content=\"index, follow, max-snippet:-1, max-image-preview:large, max-video-preview:-1\" \/>\n<link rel=\"canonical\" href=\"https:\/\/www.csj-emballages.com\/es\/produit\/film-estirable-automatico-para-paletas-transparente-050-cm-16-kg-23%c2%b5\/\" \/>\n<meta property=\"og:locale\" content=\"es_ES\" \/>\n<meta property=\"og:type\" content=\"article\" \/>\n<meta property=\"og:title\" content=\"Film para palets estirable transparente autom\u00e1tico 0,50 cm 16 kg 23\u00b5\" \/>\n<meta property=\"og:description\" content=\"Film para palets estirable transparente autom\u00e1tico 50 cm 16 kg 23 micras. Ideal para asegurar y estabilizar los palets en log\u00edstica e industria.\" \/>\n<meta property=\"og:url\" content=\"https:\/\/www.csj-emballages.com\/es\/produit\/film-estirable-automatico-para-paletas-transparente-050-cm-16-kg-23%c2%b5\/\" \/>\n<meta property=\"og:site_name\" content=\"CSJ Emballages\" \/>\n<meta property=\"article:publisher\" content=\"https:\/\/www.facebook.com\/csjemballages\" \/>\n<meta property=\"article:modified_time\" content=\"2026-04-17T08:28:48+00:00\" \/>\n<meta property=\"og:image\" content=\"https:\/\/www.csj-emballages.com\/wp-content\/uploads\/2024\/03\/FLPAUTO-1.webp\" \/>\n\t<meta property=\"og:image:width\" content=\"800\" \/>\n\t<meta property=\"og:image:height\" content=\"800\" \/>\n\t<meta property=\"og:image:type\" content=\"image\/webp\" \/>\n<meta name=\"twitter:card\" content=\"summary_large_image\" \/>\n<meta name=\"twitter:label1\" content=\"Tiempo de lectura\" \/>\n\t<meta name=\"twitter:data1\" content=\"2 minutos\" \/>\n<script type=\"application\/ld+json\" class=\"yoast-schema-graph\">{\"@context\":\"https:\/\/schema.org\",\"@graph\":[{\"@type\":\"WebPage\",\"@id\":\"https:\/\/www.csj-emballages.com\/es\/produit\/film-estirable-automatico-para-paletas-transparente-050-cm-16-kg-23%c2%b5\/\",\"url\":\"https:\/\/www.csj-emballages.com\/es\/produit\/film-estirable-automatico-para-paletas-transparente-050-cm-16-kg-23%c2%b5\/\",\"name\":\"Film para Palets Estirable Transparente Autom\u00e1tico 0,50 cm 16 kg 23\u00b5\",\"isPartOf\":{\"@id\":\"https:\/\/www.csj-emballages.com\/es\/#website\"},\"primaryImageOfPage\":{\"@id\":\"https:\/\/www.csj-emballages.com\/es\/produit\/film-estirable-automatico-para-paletas-transparente-050-cm-16-kg-23%c2%b5\/#primaryimage\"},\"image\":{\"@id\":\"https:\/\/www.csj-emballages.com\/es\/produit\/film-estirable-automatico-para-paletas-transparente-050-cm-16-kg-23%c2%b5\/#primaryimage\"},\"thumbnailUrl\":\"https:\/\/www.csj-emballages.com\/wp-content\/uploads\/2024\/03\/FLPAUTO-1.webp\",\"datePublished\":\"2024-03-01T15:53:35+00:00\",\"dateModified\":\"2026-04-17T08:28:48+00:00\",\"description\":\"Film para palets estirable transparente autom\u00e1tico 50 cm 16 kg 23 micras. Ideal para asegurar y estabilizar los palets en log\u00edstica e industria.\",\"breadcrumb\":{\"@id\":\"https:\/\/www.csj-emballages.com\/es\/produit\/film-estirable-automatico-para-paletas-transparente-050-cm-16-kg-23%c2%b5\/#breadcrumb\"},\"inLanguage\":\"es\",\"potentialAction\":[{\"@type\":\"ReadAction\",\"target\":[\"https:\/\/www.csj-emballages.com\/es\/produit\/film-estirable-automatico-para-paletas-transparente-050-cm-16-kg-23%c2%b5\/\"]}]},{\"@type\":\"ImageObject\",\"inLanguage\":\"es\",\"@id\":\"https:\/\/www.csj-emballages.com\/es\/produit\/film-estirable-automatico-para-paletas-transparente-050-cm-16-kg-23%c2%b5\/#primaryimage\",\"url\":\"https:\/\/www.csj-emballages.com\/wp-content\/uploads\/2024\/03\/FLPAUTO-1.webp\",\"contentUrl\":\"https:\/\/www.csj-emballages.com\/wp-content\/uploads\/2024\/03\/FLPAUTO-1.webp\",\"width\":800,\"height\":800,\"caption\":\"palette\"},{\"@type\":\"BreadcrumbList\",\"@id\":\"https:\/\/www.csj-emballages.com\/es\/produit\/film-estirable-automatico-para-paletas-transparente-050-cm-16-kg-23%c2%b5\/#breadcrumb\",\"itemListElement\":[{\"@type\":\"ListItem\",\"position\":1,\"name\":\"Accueil\",\"item\":\"https:\/\/www.csj-emballages.com\/es\/universo-del-envasado-alimentario\/\"},{\"@type\":\"ListItem\",\"position\":2,\"name\":\"Tienda\",\"item\":\"https:\/\/www.csj-emballages.com\/tienda\/\"},{\"@type\":\"ListItem\",\"position\":3,\"name\":\"Film para palets estirable transparente autom\u00e1tico 0,50 cm 16 kg 23\u00b5\"}]},{\"@type\":\"WebSite\",\"@id\":\"https:\/\/www.csj-emballages.com\/es\/#website\",\"url\":\"https:\/\/www.csj-emballages.com\/es\/\",\"name\":\"CSJ Emballages\",\"description\":\"\",\"publisher\":{\"@id\":\"https:\/\/www.csj-emballages.com\/es\/#organization\"},\"potentialAction\":[{\"@type\":\"SearchAction\",\"target\":{\"@type\":\"EntryPoint\",\"urlTemplate\":\"https:\/\/www.csj-emballages.com\/es\/?s={search_term_string}\"},\"query-input\":{\"@type\":\"PropertyValueSpecification\",\"valueRequired\":true,\"valueName\":\"search_term_string\"}}],\"inLanguage\":\"es\"},{\"@type\":\"Organization\",\"@id\":\"https:\/\/www.csj-emballages.com\/es\/#Organization\/\",\"name\":\"CSJ Emballages\",\"url\":\"https:\/\/www.csj-emballages.com\/es\/\",\"logo\":{\"@type\":\"ImageObject\",\"inLanguage\":\"es\",\"@id\":\"https:\/\/www.csj-emballages.com\/es\/#\/schema\/logo\/image\/\",\"url\":\"https:\/\/www.csj-emballages.com\/wp-content\/uploads\/2023\/10\/logo_csj.webp\",\"contentUrl\":\"https:\/\/www.csj-emballages.com\/wp-content\/uploads\/2023\/10\/logo_csj.webp\",\"width\":250,\"height\":95,\"caption\":\"CSJ Emballages\"},\"image\":{\"@id\":\"https:\/\/www.csj-emballages.com\/es\/#\/schema\/logo\/image\/\"},\"sameAs\":[\"https:\/\/www.facebook.com\/csjemballages\"],\"address\":{\"@type\":\"PostalAddress\",\"streetAddress\":\"ZI La Lechere\",\"addressLocality\":\"Patornay\",\"postalCode\":\"39130\",\"addressCountry\":\"FR\"},\"contactPoint\":[{\"@type\":\"ContactPoint\",\"contactType\":\"Service client\",\"telephone\":\"0384254272\",\"email\":\"contact@csj-emballages.com\"}]}]}<\/script>\n<!-- \/ Yoast SEO Premium plugin. -->","yoast_head_json":{"title":"Film para Palets Estirable Transparente Autom\u00e1tico 0,50 cm 16 kg 23\u00b5","description":"Film para palets estirable transparente autom\u00e1tico 50 cm 16 kg 23 micras. Ideal para asegurar y estabilizar los palets en log\u00edstica e industria.","robots":{"index":"index","follow":"follow","max-snippet":"max-snippet:-1","max-image-preview":"max-image-preview:large","max-video-preview":"max-video-preview:-1"},"canonical":"https:\/\/www.csj-emballages.com\/es\/produit\/film-estirable-automatico-para-paletas-transparente-050-cm-16-kg-23%c2%b5\/","og_locale":"es_ES","og_type":"article","og_title":"Film para palets estirable transparente autom\u00e1tico 0,50 cm 16 kg 23\u00b5","og_description":"Film para palets estirable transparente autom\u00e1tico 50 cm 16 kg 23 micras. Ideal para asegurar y estabilizar los palets en log\u00edstica e industria.","og_url":"https:\/\/www.csj-emballages.com\/es\/produit\/film-estirable-automatico-para-paletas-transparente-050-cm-16-kg-23%c2%b5\/","og_site_name":"CSJ Emballages","article_publisher":"https:\/\/www.facebook.com\/csjemballages","article_modified_time":"2026-04-17T08:28:48+00:00","og_image":[{"width":800,"height":800,"url":"https:\/\/www.csj-emballages.com\/wp-content\/uploads\/2024\/03\/FLPAUTO-1.webp","type":"image\/webp"}],"twitter_card":"summary_large_image","twitter_misc":{"Tiempo de lectura":"2 minutos"},"schema":{"@context":"https:\/\/schema.org","@graph":[{"@type":"WebPage","@id":"https:\/\/www.csj-emballages.com\/es\/produit\/film-estirable-automatico-para-paletas-transparente-050-cm-16-kg-23%c2%b5\/","url":"https:\/\/www.csj-emballages.com\/es\/produit\/film-estirable-automatico-para-paletas-transparente-050-cm-16-kg-23%c2%b5\/","name":"Film para Palets Estirable Transparente Autom\u00e1tico 0,50 cm 16 kg 23\u00b5","isPartOf":{"@id":"https:\/\/www.csj-emballages.com\/es\/#website"},"primaryImageOfPage":{"@id":"https:\/\/www.csj-emballages.com\/es\/produit\/film-estirable-automatico-para-paletas-transparente-050-cm-16-kg-23%c2%b5\/#primaryimage"},"image":{"@id":"https:\/\/www.csj-emballages.com\/es\/produit\/film-estirable-automatico-para-paletas-transparente-050-cm-16-kg-23%c2%b5\/#primaryimage"},"thumbnailUrl":"https:\/\/www.csj-emballages.com\/wp-content\/uploads\/2024\/03\/FLPAUTO-1.webp","datePublished":"2024-03-01T15:53:35+00:00","dateModified":"2026-04-17T08:28:48+00:00","description":"Film para palets estirable transparente autom\u00e1tico 50 cm 16 kg 23 micras. Ideal para asegurar y estabilizar los palets en log\u00edstica e industria.","breadcrumb":{"@id":"https:\/\/www.csj-emballages.com\/es\/produit\/film-estirable-automatico-para-paletas-transparente-050-cm-16-kg-23%c2%b5\/#breadcrumb"},"inLanguage":"es","potentialAction":[{"@type":"ReadAction","target":["https:\/\/www.csj-emballages.com\/es\/produit\/film-estirable-automatico-para-paletas-transparente-050-cm-16-kg-23%c2%b5\/"]}]},{"@type":"ImageObject","inLanguage":"es","@id":"https:\/\/www.csj-emballages.com\/es\/produit\/film-estirable-automatico-para-paletas-transparente-050-cm-16-kg-23%c2%b5\/#primaryimage","url":"https:\/\/www.csj-emballages.com\/wp-content\/uploads\/2024\/03\/FLPAUTO-1.webp","contentUrl":"https:\/\/www.csj-emballages.com\/wp-content\/uploads\/2024\/03\/FLPAUTO-1.webp","width":800,"height":800,"caption":"palette"},{"@type":"BreadcrumbList","@id":"https:\/\/www.csj-emballages.com\/es\/produit\/film-estirable-automatico-para-paletas-transparente-050-cm-16-kg-23%c2%b5\/#breadcrumb","itemListElement":[{"@type":"ListItem","position":1,"name":"Accueil","item":"https:\/\/www.csj-emballages.com\/es\/universo-del-envasado-alimentario\/"},{"@type":"ListItem","position":2,"name":"Tienda","item":"https:\/\/www.csj-emballages.com\/tienda\/"},{"@type":"ListItem","position":3,"name":"Film para palets estirable transparente autom\u00e1tico 0,50 cm 16 kg 23\u00b5"}]},{"@type":"WebSite","@id":"https:\/\/www.csj-emballages.com\/es\/#website","url":"https:\/\/www.csj-emballages.com\/es\/","name":"CSJ Emballages","description":"","publisher":{"@id":"https:\/\/www.csj-emballages.com\/es\/#organization"},"potentialAction":[{"@type":"SearchAction","target":{"@type":"EntryPoint","urlTemplate":"https:\/\/www.csj-emballages.com\/es\/?s={search_term_string}"},"query-input":{"@type":"PropertyValueSpecification","valueRequired":true,"valueName":"search_term_string"}}],"inLanguage":"es"},{"@type":"Organization","@id":"https:\/\/www.csj-emballages.com\/es\/#Organization\/","name":"CSJ Emballages","url":"https:\/\/www.csj-emballages.com\/es\/","logo":{"@type":"ImageObject","inLanguage":"es","@id":"https:\/\/www.csj-emballages.com\/es\/#\/schema\/logo\/image\/","url":"https:\/\/www.csj-emballages.com\/wp-content\/uploads\/2023\/10\/logo_csj.webp","contentUrl":"https:\/\/www.csj-emballages.com\/wp-content\/uploads\/2023\/10\/logo_csj.webp","width":250,"height":95,"caption":"CSJ Emballages"},"image":{"@id":"https:\/\/www.csj-emballages.com\/es\/#\/schema\/logo\/image\/"},"sameAs":["https:\/\/www.facebook.com\/csjemballages"],"address":{"@type":"PostalAddress","streetAddress":"ZI La Lechere","addressLocality":"Patornay","postalCode":"39130","addressCountry":"FR"},"contactPoint":[{"@type":"ContactPoint","contactType":"Service client","telephone":"0384254272","email":"contact@csj-emballages.com"}]}]}},"df_price":70.07,"df_sale_price":"","df_regular_price":70.07,"df_image_link":"https:\/\/www.csj-emballages.com\/wp-content\/uploads\/2024\/03\/FLPAUTO-1-300x300.webp","tiered_pricing_type":"fixed","tiered_pricing_fixed_rules":[],"tiered_pricing_percentage_rules":[],"tiered_pricing_minimum":1,"tiered_pricing_roles_data":[],"_links":{"self":[{"href":"https:\/\/www.csj-emballages.com\/es\/wp-json\/wp\/v2\/product\/20872","targetHints":{"allow":["GET"]}}],"collection":[{"href":"https:\/\/www.csj-emballages.com\/es\/wp-json\/wp\/v2\/product"}],"about":[{"href":"https:\/\/www.csj-emballages.com\/es\/wp-json\/wp\/v2\/types\/product"}],"wp:featuredmedia":[{"embeddable":true,"href":"https:\/\/www.csj-emballages.com\/es\/wp-json\/wp\/v2\/media\/263427"}],"wp:attachment":[{"href":"https:\/\/www.csj-emballages.com\/es\/wp-json\/wp\/v2\/media?parent=20872"}],"wp:term":[{"taxonomy":"product_brand","embeddable":true,"href":"https:\/\/www.csj-emballages.com\/es\/wp-json\/wp\/v2\/product_brand?post=20872"},{"taxonomy":"product_cat","embeddable":true,"href":"https:\/\/www.csj-emballages.com\/es\/wp-json\/wp\/v2\/product_cat?post=20872"},{"taxonomy":"product_tag","embeddable":true,"href":"https:\/\/www.csj-emballages.com\/es\/wp-json\/wp\/v2\/product_tag?post=20872"}],"curies":[{"name":"wp","href":"https:\/\/api.w.org\/{rel}","templated":true}]}}