{"id":20867,"date":"2024-03-01T16:53:35","date_gmt":"2024-03-01T15:53:35","guid":{"rendered":"https:\/\/u15jnbdpoq.preview.infomaniak.website\/produit\/rollo-de-recambio-de-film-estirable-alimentario-300-x-045-m\/"},"modified":"2026-04-15T02:13:44","modified_gmt":"2026-04-15T00:13:44","slug":"rollo-de-recambio-de-film-estirable-alimentario-300-x-045-m","status":"publish","type":"product","link":"https:\/\/www.csj-emballages.com\/es\/produit\/rollo-de-recambio-de-film-estirable-alimentario-300-x-045-m\/","title":{"rendered":"Rollo de recambio de film estirable alimentario 300 x 0,45 m"},"content":{"rendered":"<h2 class=\"p1\">Rollo de film estirable<\/h2>\n<hr>\n<h3>Descripci\u00f3n de nuestro rollo de recambio de 300 x 0,45 m de film estirable alimentario<\/h3>\n<p><!--more--><\/p>\n<p data-start=\"108\" data-end=\"526\"><strong>Los rollos de film estirable alimentario<\/strong> son imprescindibles para los profesionales de la restauraci\u00f3n, los servicios de catering y los particulares. Conserva los alimentos en las mejores condiciones posibles. Este <strong>film transparente<\/strong> de alta calidad proporciona una protecci\u00f3n \u00f3ptima contra el aire y la humedad, ayudando a conservar la frescura, la textura y el sabor de los alimentos durante m\u00e1s tiempo.  <\/p>\n<p data-start=\"528\" data-end=\"891\">Gracias a su elasticidad y resistencia, se adapta perfectamente a todas las formas de recipientes, ya sean platos, bandejas, fuentes o cuencos, garantizando un cierre herm\u00e9tico e higi\u00e9nico. Disponible en <strong>recambios de 300 metros y 45 cm de ancho<\/strong>, es una opci\u00f3n econ\u00f3mica y pr\u00e1ctica para el uso habitual en la cocina. <\/p>\n<p data-start=\"893\" data-end=\"1140\">Tanto si lo utilizas para proteger ingredientes frescos, conservar platos o asegurar alimentos antes del transporte, este <strong>rollo de film estirable<\/strong> es la soluci\u00f3n ideal para combinar eficacia y facilidad de uso.<\/p>\n<p data-start=\"893\" data-end=\"1140\">\n<p><!--more--><\/p>\n<h4>Sus ventajas:<\/h4>\n<ul>\n<li data-start=\"959\" data-end=\"1054\"><strong data-start=\"1183\" data-end=\"1208\">Excelente elasticidad<\/strong>: se adapta perfectamente a todas las formas de envases.<\/li>\n<li data-start=\"959\" data-end=\"1054\"><strong data-start=\"1272\" data-end=\"1297\">Conservaci\u00f3n \u00f3ptima<\/strong>: este rollo de film estirable protege los alimentos del aire y la humedad para mantenerlos frescos durante m\u00e1s tiempo.<\/li>\n<li data-start=\"959\" data-end=\"1054\"><strong data-start=\"1382\" data-end=\"1402\">Uso vers\u00e1til<\/strong>: Ideal para restaurantes, empresas de catering, panader\u00edas y particulares.<\/li>\n<li data-start=\"959\" data-end=\"1054\"><strong data-start=\"1478\" data-end=\"1497\">Larga longitud<\/strong>: formato econ\u00f3mico de 300 metros para un uso prolongado.<\/li>\n<li data-start=\"959\" data-end=\"1054\"><strong data-start=\"1572\" data-end=\"1595\">Higiene alimentaria<\/strong>: Mantiene una protecci\u00f3n eficaz contra la contaminaci\u00f3n externa.<\/li>\n<li data-start=\"959\" data-end=\"1054\"><strong data-start=\"1675\" data-end=\"1696\">F\u00e1cil<\/strong> de <strong data-start=\"1675\" data-end=\"1696\">usar<\/strong>: Desenrollado suave y corte f\u00e1cil para un uso r\u00e1pido.<\/li>\n<\/ul>\n<p>&nbsp;<\/p>\n<p><!--more--><\/p>\n<h4>Informaci\u00f3n adicional :<\/h4>\n<ul>\n<li><strong>Embalaje<\/strong>: Por unidad<\/li>\n<li><strong>Dimensiones<\/strong>: 300 x 0,45 m<\/li>\n<\/ul>\n<p>&nbsp;<\/p>\n<p><!--more--><\/p>\n<p>Este producto tambi\u00e9n est\u00e1 disponible en un recambio de 30 cm: <span style=\"color: #d12727;\"><a style=\"color: #d12727;\" href=\"https:\/\/www.csj-emballages.com\/es\/produit\/rollo-de-recambio-de-film-estirable-alimentario-300-x-030-m\/\">FL30R<\/a><\/span><\/p>\n<p>&nbsp;<\/p>\n<p><!--more--><\/p>\n<p><a href=\"https:\/\/www.csj-emballages.com\/es\/categorie-produit\/envasado-de-alimentos\/carniceria-y-charcuteria\/peliculas-alimentarias\/film-estirable-para-alimentos-en-cajas-zip-film-cutter\/\">Ver el resto de nuestra gama de pel\u00edculas sobre alimentos<\/a><\/p>\n","protected":false},"excerpt":{"rendered":"<p>Rollo de film estirable Descripci\u00f3n de nuestro rollo de recambio de 300 x 0,45 m de film estirable alimentario<\/p>\n","protected":false},"featured_media":227422,"template":"","meta":{"_acf_changed":false},"product_brand":[],"product_cat":[1150,1143,2023,2651],"product_tag":[],"class_list":{"0":"post-20867","1":"product","2":"type-product","3":"status-publish","4":"has-post-thumbnail","6":"product_cat-envasado-de-alimentos","7":"product_cat-carniceria-y-charcuteria","8":"product_cat-peliculas-alimentarias","9":"product_cat-film-estirable-alimentario-en-recambios","11":"first","12":"instock","13":"taxable","14":"shipping-taxable","15":"purchasable","16":"product-type-simple"},"acf":[],"yoast_head":"<!-- This site is optimized with the Yoast SEO Premium plugin v26.6 (Yoast SEO v26.6) - https:\/\/yoast.com\/wordpress\/plugins\/seo\/ -->\n<title>Recambio de rollo de film estirable alimentario de 300 x 0,45 m<\/title>\n<meta name=\"description\" content=\"\u00a1Protege y conserva tus alimentos con nuestro rollo de recambio de 300 x 0,45 m de film estirable apto para uso alimentario! El\u00e1stico, resistente y econ\u00f3mico.\" \/>\n<meta name=\"robots\" content=\"index, follow, max-snippet:-1, max-image-preview:large, max-video-preview:-1\" \/>\n<link rel=\"canonical\" href=\"https:\/\/www.csj-emballages.com\/es\/produit\/rollo-de-recambio-de-film-estirable-alimentario-300-x-045-m\/\" \/>\n<meta property=\"og:locale\" content=\"es_ES\" \/>\n<meta property=\"og:type\" content=\"article\" \/>\n<meta property=\"og:title\" content=\"Rollo de recambio de film estirable alimentario 300 x 0,45 m\" \/>\n<meta property=\"og:description\" content=\"\u00a1Protege y conserva tus alimentos con nuestro rollo de recambio de 300 x 0,45 m de film estirable apto para uso alimentario! El\u00e1stico, resistente y econ\u00f3mico.\" \/>\n<meta property=\"og:url\" content=\"https:\/\/www.csj-emballages.com\/es\/produit\/rollo-de-recambio-de-film-estirable-alimentario-300-x-045-m\/\" \/>\n<meta property=\"og:site_name\" content=\"CSJ Emballages\" \/>\n<meta property=\"article:publisher\" content=\"https:\/\/www.facebook.com\/csjemballages\" \/>\n<meta property=\"article:modified_time\" content=\"2026-04-15T00:13:44+00:00\" \/>\n<meta property=\"og:image\" content=\"https:\/\/www.csj-emballages.com\/wp-content\/uploads\/2024\/03\/FL45R.webp\" \/>\n\t<meta property=\"og:image:width\" content=\"800\" \/>\n\t<meta property=\"og:image:height\" content=\"800\" \/>\n\t<meta property=\"og:image:type\" content=\"image\/webp\" \/>\n<meta name=\"twitter:card\" content=\"summary_large_image\" \/>\n<meta name=\"twitter:label1\" content=\"Tiempo de lectura\" \/>\n\t<meta name=\"twitter:data1\" content=\"1 minuto\" \/>\n<script type=\"application\/ld+json\" class=\"yoast-schema-graph\">{\"@context\":\"https:\/\/schema.org\",\"@graph\":[{\"@type\":\"WebPage\",\"@id\":\"https:\/\/www.csj-emballages.com\/es\/produit\/rollo-de-recambio-de-film-estirable-alimentario-300-x-045-m\/\",\"url\":\"https:\/\/www.csj-emballages.com\/es\/produit\/rollo-de-recambio-de-film-estirable-alimentario-300-x-045-m\/\",\"name\":\"Recambio de rollo de film estirable alimentario de 300 x 0,45 m\",\"isPartOf\":{\"@id\":\"https:\/\/www.csj-emballages.com\/es\/#website\"},\"primaryImageOfPage\":{\"@id\":\"https:\/\/www.csj-emballages.com\/es\/produit\/rollo-de-recambio-de-film-estirable-alimentario-300-x-045-m\/#primaryimage\"},\"image\":{\"@id\":\"https:\/\/www.csj-emballages.com\/es\/produit\/rollo-de-recambio-de-film-estirable-alimentario-300-x-045-m\/#primaryimage\"},\"thumbnailUrl\":\"https:\/\/www.csj-emballages.com\/wp-content\/uploads\/2024\/03\/FL45R.webp\",\"datePublished\":\"2024-03-01T15:53:35+00:00\",\"dateModified\":\"2026-04-15T00:13:44+00:00\",\"description\":\"\u00a1Protege y conserva tus alimentos con nuestro rollo de recambio de 300 x 0,45 m de film estirable apto para uso alimentario! El\u00e1stico, resistente y econ\u00f3mico.\",\"breadcrumb\":{\"@id\":\"https:\/\/www.csj-emballages.com\/es\/produit\/rollo-de-recambio-de-film-estirable-alimentario-300-x-045-m\/#breadcrumb\"},\"inLanguage\":\"es\",\"potentialAction\":[{\"@type\":\"ReadAction\",\"target\":[\"https:\/\/www.csj-emballages.com\/es\/produit\/rollo-de-recambio-de-film-estirable-alimentario-300-x-045-m\/\"]}]},{\"@type\":\"ImageObject\",\"inLanguage\":\"es\",\"@id\":\"https:\/\/www.csj-emballages.com\/es\/produit\/rollo-de-recambio-de-film-estirable-alimentario-300-x-045-m\/#primaryimage\",\"url\":\"https:\/\/www.csj-emballages.com\/wp-content\/uploads\/2024\/03\/FL45R.webp\",\"contentUrl\":\"https:\/\/www.csj-emballages.com\/wp-content\/uploads\/2024\/03\/FL45R.webp\",\"width\":800,\"height\":800,\"caption\":\"Rouleau film \u00e9tirable\"},{\"@type\":\"BreadcrumbList\",\"@id\":\"https:\/\/www.csj-emballages.com\/es\/produit\/rollo-de-recambio-de-film-estirable-alimentario-300-x-045-m\/#breadcrumb\",\"itemListElement\":[{\"@type\":\"ListItem\",\"position\":1,\"name\":\"Accueil\",\"item\":\"https:\/\/www.csj-emballages.com\/es\/universo-del-envasado-alimentario\/\"},{\"@type\":\"ListItem\",\"position\":2,\"name\":\"Tienda\",\"item\":\"https:\/\/www.csj-emballages.com\/tienda\/\"},{\"@type\":\"ListItem\",\"position\":3,\"name\":\"Rollo de recambio de film estirable alimentario 300 x 0,45 m\"}]},{\"@type\":\"WebSite\",\"@id\":\"https:\/\/www.csj-emballages.com\/es\/#website\",\"url\":\"https:\/\/www.csj-emballages.com\/es\/\",\"name\":\"CSJ Emballages\",\"description\":\"\",\"publisher\":{\"@id\":\"https:\/\/www.csj-emballages.com\/es\/#organization\"},\"potentialAction\":[{\"@type\":\"SearchAction\",\"target\":{\"@type\":\"EntryPoint\",\"urlTemplate\":\"https:\/\/www.csj-emballages.com\/es\/?s={search_term_string}\"},\"query-input\":{\"@type\":\"PropertyValueSpecification\",\"valueRequired\":true,\"valueName\":\"search_term_string\"}}],\"inLanguage\":\"es\"},{\"@type\":\"Organization\",\"@id\":\"https:\/\/www.csj-emballages.com\/es\/#Organization\/\",\"name\":\"CSJ Emballages\",\"url\":\"https:\/\/www.csj-emballages.com\/es\/\",\"logo\":{\"@type\":\"ImageObject\",\"inLanguage\":\"es\",\"@id\":\"https:\/\/www.csj-emballages.com\/es\/#\/schema\/logo\/image\/\",\"url\":\"https:\/\/www.csj-emballages.com\/wp-content\/uploads\/2023\/10\/logo_csj.webp\",\"contentUrl\":\"https:\/\/www.csj-emballages.com\/wp-content\/uploads\/2023\/10\/logo_csj.webp\",\"width\":250,\"height\":95,\"caption\":\"CSJ Emballages\"},\"image\":{\"@id\":\"https:\/\/www.csj-emballages.com\/es\/#\/schema\/logo\/image\/\"},\"sameAs\":[\"https:\/\/www.facebook.com\/csjemballages\"],\"address\":{\"@type\":\"PostalAddress\",\"streetAddress\":\"ZI La Lechere\",\"addressLocality\":\"Patornay\",\"postalCode\":\"39130\",\"addressCountry\":\"FR\"},\"contactPoint\":[{\"@type\":\"ContactPoint\",\"contactType\":\"Service client\",\"telephone\":\"0384254272\",\"email\":\"contact@csj-emballages.com\"}]}]}<\/script>\n<!-- \/ Yoast SEO Premium plugin. -->","yoast_head_json":{"title":"Recambio de rollo de film estirable alimentario de 300 x 0,45 m","description":"\u00a1Protege y conserva tus alimentos con nuestro rollo de recambio de 300 x 0,45 m de film estirable apto para uso alimentario! El\u00e1stico, resistente y econ\u00f3mico.","robots":{"index":"index","follow":"follow","max-snippet":"max-snippet:-1","max-image-preview":"max-image-preview:large","max-video-preview":"max-video-preview:-1"},"canonical":"https:\/\/www.csj-emballages.com\/es\/produit\/rollo-de-recambio-de-film-estirable-alimentario-300-x-045-m\/","og_locale":"es_ES","og_type":"article","og_title":"Rollo de recambio de film estirable alimentario 300 x 0,45 m","og_description":"\u00a1Protege y conserva tus alimentos con nuestro rollo de recambio de 300 x 0,45 m de film estirable apto para uso alimentario! El\u00e1stico, resistente y econ\u00f3mico.","og_url":"https:\/\/www.csj-emballages.com\/es\/produit\/rollo-de-recambio-de-film-estirable-alimentario-300-x-045-m\/","og_site_name":"CSJ Emballages","article_publisher":"https:\/\/www.facebook.com\/csjemballages","article_modified_time":"2026-04-15T00:13:44+00:00","og_image":[{"width":800,"height":800,"url":"https:\/\/www.csj-emballages.com\/wp-content\/uploads\/2024\/03\/FL45R.webp","type":"image\/webp"}],"twitter_card":"summary_large_image","twitter_misc":{"Tiempo de lectura":"1 minuto"},"schema":{"@context":"https:\/\/schema.org","@graph":[{"@type":"WebPage","@id":"https:\/\/www.csj-emballages.com\/es\/produit\/rollo-de-recambio-de-film-estirable-alimentario-300-x-045-m\/","url":"https:\/\/www.csj-emballages.com\/es\/produit\/rollo-de-recambio-de-film-estirable-alimentario-300-x-045-m\/","name":"Recambio de rollo de film estirable alimentario de 300 x 0,45 m","isPartOf":{"@id":"https:\/\/www.csj-emballages.com\/es\/#website"},"primaryImageOfPage":{"@id":"https:\/\/www.csj-emballages.com\/es\/produit\/rollo-de-recambio-de-film-estirable-alimentario-300-x-045-m\/#primaryimage"},"image":{"@id":"https:\/\/www.csj-emballages.com\/es\/produit\/rollo-de-recambio-de-film-estirable-alimentario-300-x-045-m\/#primaryimage"},"thumbnailUrl":"https:\/\/www.csj-emballages.com\/wp-content\/uploads\/2024\/03\/FL45R.webp","datePublished":"2024-03-01T15:53:35+00:00","dateModified":"2026-04-15T00:13:44+00:00","description":"\u00a1Protege y conserva tus alimentos con nuestro rollo de recambio de 300 x 0,45 m de film estirable apto para uso alimentario! El\u00e1stico, resistente y econ\u00f3mico.","breadcrumb":{"@id":"https:\/\/www.csj-emballages.com\/es\/produit\/rollo-de-recambio-de-film-estirable-alimentario-300-x-045-m\/#breadcrumb"},"inLanguage":"es","potentialAction":[{"@type":"ReadAction","target":["https:\/\/www.csj-emballages.com\/es\/produit\/rollo-de-recambio-de-film-estirable-alimentario-300-x-045-m\/"]}]},{"@type":"ImageObject","inLanguage":"es","@id":"https:\/\/www.csj-emballages.com\/es\/produit\/rollo-de-recambio-de-film-estirable-alimentario-300-x-045-m\/#primaryimage","url":"https:\/\/www.csj-emballages.com\/wp-content\/uploads\/2024\/03\/FL45R.webp","contentUrl":"https:\/\/www.csj-emballages.com\/wp-content\/uploads\/2024\/03\/FL45R.webp","width":800,"height":800,"caption":"Rouleau film \u00e9tirable"},{"@type":"BreadcrumbList","@id":"https:\/\/www.csj-emballages.com\/es\/produit\/rollo-de-recambio-de-film-estirable-alimentario-300-x-045-m\/#breadcrumb","itemListElement":[{"@type":"ListItem","position":1,"name":"Accueil","item":"https:\/\/www.csj-emballages.com\/es\/universo-del-envasado-alimentario\/"},{"@type":"ListItem","position":2,"name":"Tienda","item":"https:\/\/www.csj-emballages.com\/tienda\/"},{"@type":"ListItem","position":3,"name":"Rollo de recambio de film estirable alimentario 300 x 0,45 m"}]},{"@type":"WebSite","@id":"https:\/\/www.csj-emballages.com\/es\/#website","url":"https:\/\/www.csj-emballages.com\/es\/","name":"CSJ Emballages","description":"","publisher":{"@id":"https:\/\/www.csj-emballages.com\/es\/#organization"},"potentialAction":[{"@type":"SearchAction","target":{"@type":"EntryPoint","urlTemplate":"https:\/\/www.csj-emballages.com\/es\/?s={search_term_string}"},"query-input":{"@type":"PropertyValueSpecification","valueRequired":true,"valueName":"search_term_string"}}],"inLanguage":"es"},{"@type":"Organization","@id":"https:\/\/www.csj-emballages.com\/es\/#Organization\/","name":"CSJ Emballages","url":"https:\/\/www.csj-emballages.com\/es\/","logo":{"@type":"ImageObject","inLanguage":"es","@id":"https:\/\/www.csj-emballages.com\/es\/#\/schema\/logo\/image\/","url":"https:\/\/www.csj-emballages.com\/wp-content\/uploads\/2023\/10\/logo_csj.webp","contentUrl":"https:\/\/www.csj-emballages.com\/wp-content\/uploads\/2023\/10\/logo_csj.webp","width":250,"height":95,"caption":"CSJ Emballages"},"image":{"@id":"https:\/\/www.csj-emballages.com\/es\/#\/schema\/logo\/image\/"},"sameAs":["https:\/\/www.facebook.com\/csjemballages"],"address":{"@type":"PostalAddress","streetAddress":"ZI La Lechere","addressLocality":"Patornay","postalCode":"39130","addressCountry":"FR"},"contactPoint":[{"@type":"ContactPoint","contactType":"Service client","telephone":"0384254272","email":"contact@csj-emballages.com"}]}]}},"df_price":7.81,"df_sale_price":"","df_regular_price":7.81,"df_image_link":"https:\/\/www.csj-emballages.com\/wp-content\/uploads\/2024\/03\/FL45R-300x300.webp","tiered_pricing_type":"fixed","tiered_pricing_fixed_rules":[],"tiered_pricing_percentage_rules":[],"tiered_pricing_minimum":1,"tiered_pricing_roles_data":[],"_links":{"self":[{"href":"https:\/\/www.csj-emballages.com\/es\/wp-json\/wp\/v2\/product\/20867","targetHints":{"allow":["GET"]}}],"collection":[{"href":"https:\/\/www.csj-emballages.com\/es\/wp-json\/wp\/v2\/product"}],"about":[{"href":"https:\/\/www.csj-emballages.com\/es\/wp-json\/wp\/v2\/types\/product"}],"wp:featuredmedia":[{"embeddable":true,"href":"https:\/\/www.csj-emballages.com\/es\/wp-json\/wp\/v2\/media\/227422"}],"wp:attachment":[{"href":"https:\/\/www.csj-emballages.com\/es\/wp-json\/wp\/v2\/media?parent=20867"}],"wp:term":[{"taxonomy":"product_brand","embeddable":true,"href":"https:\/\/www.csj-emballages.com\/es\/wp-json\/wp\/v2\/product_brand?post=20867"},{"taxonomy":"product_cat","embeddable":true,"href":"https:\/\/www.csj-emballages.com\/es\/wp-json\/wp\/v2\/product_cat?post=20867"},{"taxonomy":"product_tag","embeddable":true,"href":"https:\/\/www.csj-emballages.com\/es\/wp-json\/wp\/v2\/product_tag?post=20867"}],"curies":[{"name":"wp","href":"https:\/\/api.w.org\/{rel}","templated":true}]}}