{"id":20863,"date":"2024-03-01T16:53:34","date_gmt":"2024-03-01T15:53:34","guid":{"rendered":"https:\/\/u15jnbdpoq.preview.infomaniak.website\/produit\/10-copas-de-champan-de-plastico-desechables-10-cl\/"},"modified":"2026-04-28T02:15:20","modified_gmt":"2026-04-28T00:15:20","slug":"10-copas-de-champan-de-plastico-desechables-10-cl","status":"publish","type":"product","link":"https:\/\/www.csj-emballages.com\/es\/produit\/10-copas-de-champan-de-plastico-desechables-10-cl\/","title":{"rendered":"10 copas de champ\u00e1n de pl\u00e1stico desechables 10 cl"},"content":{"rendered":"<h2>Copa de champ\u00e1n<\/h2>\n<hr>\n<h3>Descripci\u00f3n de nuestra copa de champ\u00e1n de pl\u00e1stico de 10 cl<\/h3>\n<p><!--more--><\/p>\n<div class=\"flex flex-grow flex-col max-w-full\">\n<div class=\"min-h-[20px] text-message flex w-full flex-col items-end gap-2 whitespace-pre-wrap break-words [.text-message+&amp;]:mt-5 overflow-x-auto\" dir=\"auto\" data-message-author-role=\"assistant\" data-message-id=\"7e3195e7-6ba9-479c-b9b8-5e4b914c2cd7\">\n<div class=\"flex w-full flex-col gap-1 empty:hidden first:pt-[3px]\">\n<div class=\"markdown prose w-full break-words dark:prose-invert light\">\n<p>Estas <strong>copas de champ\u00e1n<\/strong> est\u00e1n dise\u00f1adas para realzar las bebidas que contienen. Su capacidad de <strong>10 cl<\/strong> es ideal para servir champ\u00e1n u otras bebidas espumosas. Su tama\u00f1o compacto garantiza un consumo moderado de combustible al tiempo que conservan un aspecto sofisticado. Estas <strong>copas de champ\u00e1n<\/strong> <strong>de cristal PS<\/strong> tambi\u00e9n son pr\u00e1cticas para los organizadores de eventos. Adecuados para todo tipo de eventos, combinan a la perfecci\u00f3n con la decoraci\u00f3n de la mesa, ya sea cl\u00e1sica o moderna. Su transparencia acent\u00faa el aspecto chic y resalta los colores de las bebidas servidas. Son f\u00e1ciles de combinar con una serie de accesorios para la recepci\u00f3n, como manteles, servilletas y adornos de mesa.<\/p>\n<p>En t\u00e9rminos de seguridad, estas <strong>flautas<\/strong> son ideales para evitar problemas asociados a la rotura de cristales, sobre todo en entornos con presencia de ni\u00f1os o en eventos al aire libre. Tambi\u00e9n son ideales para zonas en las que no est\u00e1 permitido el cristal, como piscinas o parques.<\/p>\n<p>Por \u00faltimo, su excelente relaci\u00f3n calidad-precio las convierte en una soluci\u00f3n econ\u00f3mica para recepciones a gran escala. As\u00ed podr\u00e1 ofrecer a sus hu\u00e9spedes una experiencia de lujo a menor coste. Si opta por estas <strong>copas de champ\u00e1n<\/strong> de cristal desechables <strong>de 10 cl<\/strong>, podr\u00e1 combinar elegancia, practicidad y tranquilidad en todas sus celebraciones. Una soluci\u00f3n perfecta para momentos memorables sin complicaciones.<\/p>\n<p>&nbsp;<\/p>\n<p><!--more--><\/p>\n<\/div>\n<\/div>\n<\/div>\n<\/div>\n<p>Invierta en calidad y elegancia con estas <strong>copas de champ\u00e1n <\/strong> <strong>de 10 cl.<\/strong><\/p>\n<p>&nbsp;<\/p>\n<p><!--more--><\/p>\n<h4><strong>Sus ventajas:<\/strong><\/h4>\n<ul>\n<li><strong>Versatilidad<\/strong>: Ideal para todo tipo de eventos, formales o informales.<\/li>\n<li><strong>Ligeras<\/strong>: M\u00e1s ligeras que el cristal, son f\u00e1ciles de transportar y manejar.<\/li>\n<\/ul>\n<p>&nbsp;<\/p>\n<p><!--more--><\/p>\n<p><a href=\"\/?product_cat=vaisselles-reutilisables\">Ver el resto de nuestra gama de platos reutilizables<\/a><\/p>\n","protected":false},"excerpt":{"rendered":"<p>Copa de champ\u00e1n Descripci\u00f3n de nuestra copa de champ\u00e1n de pl\u00e1stico de 10 cl<\/p>\n","protected":false},"featured_media":197792,"template":"","meta":{"_acf_changed":false},"product_brand":[],"product_cat":[1150,1462,1463],"product_tag":[],"class_list":{"0":"post-20863","1":"product","2":"type-product","3":"status-publish","4":"has-post-thumbnail","6":"product_cat-envasado-de-alimentos","7":"product_cat-tazas-vasos-cubos-botellas","8":"product_cat-vasos-y-tazas-irrompibles-y-reutilizables","10":"first","11":"instock","12":"taxable","13":"shipping-taxable","14":"purchasable","15":"product-type-simple"},"acf":[],"yoast_head":"<!-- This site is optimized with the Yoast SEO Premium plugin v26.6 (Yoast SEO v26.6) - https:\/\/yoast.com\/wordpress\/plugins\/seo\/ -->\n<title>Copa de champ\u00e1n - 10cl<\/title>\n<meta name=\"description\" content=\"Copa de champ\u00e1n desechable de cristal de 10 cl: elegante, pr\u00e1ctica, reciclable y a prueba de roturas. Ideal para todos sus eventos\" \/>\n<meta name=\"robots\" content=\"index, follow, max-snippet:-1, max-image-preview:large, max-video-preview:-1\" \/>\n<link rel=\"canonical\" href=\"https:\/\/www.csj-emballages.com\/es\/produit\/10-copas-de-champan-de-plastico-desechables-10-cl\/\" \/>\n<meta property=\"og:locale\" content=\"es_ES\" \/>\n<meta property=\"og:type\" content=\"article\" \/>\n<meta property=\"og:title\" content=\"10 copas de champ\u00e1n de pl\u00e1stico desechables 10 cl\" \/>\n<meta property=\"og:description\" content=\"Copa de champ\u00e1n desechable de cristal de 10 cl: elegante, pr\u00e1ctica, reciclable y a prueba de roturas. Ideal para todos sus eventos\" \/>\n<meta property=\"og:url\" content=\"https:\/\/www.csj-emballages.com\/es\/produit\/10-copas-de-champan-de-plastico-desechables-10-cl\/\" \/>\n<meta property=\"og:site_name\" content=\"CSJ Emballages\" \/>\n<meta property=\"article:publisher\" content=\"https:\/\/www.facebook.com\/csjemballages\" \/>\n<meta property=\"article:modified_time\" content=\"2026-04-28T00:15:20+00:00\" \/>\n<meta property=\"og:image\" content=\"https:\/\/www.csj-emballages.com\/wp-content\/uploads\/2024\/03\/Flute-champagne-10cl-1.webp\" \/>\n\t<meta property=\"og:image:width\" content=\"800\" \/>\n\t<meta property=\"og:image:height\" content=\"800\" \/>\n\t<meta property=\"og:image:type\" content=\"image\/webp\" \/>\n<meta name=\"twitter:card\" content=\"summary_large_image\" \/>\n<meta name=\"twitter:label1\" content=\"Tiempo de lectura\" \/>\n\t<meta name=\"twitter:data1\" content=\"2 minutos\" \/>\n<script type=\"application\/ld+json\" class=\"yoast-schema-graph\">{\"@context\":\"https:\/\/schema.org\",\"@graph\":[{\"@type\":\"WebPage\",\"@id\":\"https:\/\/www.csj-emballages.com\/es\/produit\/10-copas-de-champan-de-plastico-desechables-10-cl\/\",\"url\":\"https:\/\/www.csj-emballages.com\/es\/produit\/10-copas-de-champan-de-plastico-desechables-10-cl\/\",\"name\":\"Copa de champ\u00e1n - 10cl\",\"isPartOf\":{\"@id\":\"https:\/\/www.csj-emballages.com\/es\/#website\"},\"primaryImageOfPage\":{\"@id\":\"https:\/\/www.csj-emballages.com\/es\/produit\/10-copas-de-champan-de-plastico-desechables-10-cl\/#primaryimage\"},\"image\":{\"@id\":\"https:\/\/www.csj-emballages.com\/es\/produit\/10-copas-de-champan-de-plastico-desechables-10-cl\/#primaryimage\"},\"thumbnailUrl\":\"https:\/\/www.csj-emballages.com\/wp-content\/uploads\/2024\/03\/Flute-champagne-10cl-1.webp\",\"datePublished\":\"2024-03-01T15:53:34+00:00\",\"dateModified\":\"2026-04-28T00:15:20+00:00\",\"description\":\"Copa de champ\u00e1n desechable de cristal de 10 cl: elegante, pr\u00e1ctica, reciclable y a prueba de roturas. Ideal para todos sus eventos\",\"breadcrumb\":{\"@id\":\"https:\/\/www.csj-emballages.com\/es\/produit\/10-copas-de-champan-de-plastico-desechables-10-cl\/#breadcrumb\"},\"inLanguage\":\"es\",\"potentialAction\":[{\"@type\":\"ReadAction\",\"target\":[\"https:\/\/www.csj-emballages.com\/es\/produit\/10-copas-de-champan-de-plastico-desechables-10-cl\/\"]}]},{\"@type\":\"ImageObject\",\"inLanguage\":\"es\",\"@id\":\"https:\/\/www.csj-emballages.com\/es\/produit\/10-copas-de-champan-de-plastico-desechables-10-cl\/#primaryimage\",\"url\":\"https:\/\/www.csj-emballages.com\/wp-content\/uploads\/2024\/03\/Flute-champagne-10cl-1.webp\",\"contentUrl\":\"https:\/\/www.csj-emballages.com\/wp-content\/uploads\/2024\/03\/Flute-champagne-10cl-1.webp\",\"width\":800,\"height\":800,\"caption\":\"Fl\u00fbte champagne\"},{\"@type\":\"BreadcrumbList\",\"@id\":\"https:\/\/www.csj-emballages.com\/es\/produit\/10-copas-de-champan-de-plastico-desechables-10-cl\/#breadcrumb\",\"itemListElement\":[{\"@type\":\"ListItem\",\"position\":1,\"name\":\"Accueil\",\"item\":\"https:\/\/www.csj-emballages.com\/es\/universo-del-envasado-alimentario\/\"},{\"@type\":\"ListItem\",\"position\":2,\"name\":\"Tienda\",\"item\":\"https:\/\/www.csj-emballages.com\/tienda\/\"},{\"@type\":\"ListItem\",\"position\":3,\"name\":\"10 copas de champ\u00e1n de pl\u00e1stico desechables 10 cl\"}]},{\"@type\":\"WebSite\",\"@id\":\"https:\/\/www.csj-emballages.com\/es\/#website\",\"url\":\"https:\/\/www.csj-emballages.com\/es\/\",\"name\":\"CSJ Emballages\",\"description\":\"\",\"publisher\":{\"@id\":\"https:\/\/www.csj-emballages.com\/es\/#organization\"},\"potentialAction\":[{\"@type\":\"SearchAction\",\"target\":{\"@type\":\"EntryPoint\",\"urlTemplate\":\"https:\/\/www.csj-emballages.com\/es\/?s={search_term_string}\"},\"query-input\":{\"@type\":\"PropertyValueSpecification\",\"valueRequired\":true,\"valueName\":\"search_term_string\"}}],\"inLanguage\":\"es\"},{\"@type\":\"Organization\",\"@id\":\"https:\/\/www.csj-emballages.com\/es\/#Organization\/\",\"name\":\"CSJ Emballages\",\"url\":\"https:\/\/www.csj-emballages.com\/es\/\",\"logo\":{\"@type\":\"ImageObject\",\"inLanguage\":\"es\",\"@id\":\"https:\/\/www.csj-emballages.com\/es\/#\/schema\/logo\/image\/\",\"url\":\"https:\/\/www.csj-emballages.com\/wp-content\/uploads\/2023\/10\/logo_csj.webp\",\"contentUrl\":\"https:\/\/www.csj-emballages.com\/wp-content\/uploads\/2023\/10\/logo_csj.webp\",\"width\":250,\"height\":95,\"caption\":\"CSJ Emballages\"},\"image\":{\"@id\":\"https:\/\/www.csj-emballages.com\/es\/#\/schema\/logo\/image\/\"},\"sameAs\":[\"https:\/\/www.facebook.com\/csjemballages\"],\"address\":{\"@type\":\"PostalAddress\",\"streetAddress\":\"ZI La Lechere\",\"addressLocality\":\"Patornay\",\"postalCode\":\"39130\",\"addressCountry\":\"FR\"},\"contactPoint\":[{\"@type\":\"ContactPoint\",\"contactType\":\"Service client\",\"telephone\":\"0384254272\",\"email\":\"contact@csj-emballages.com\"}]}]}<\/script>\n<!-- \/ Yoast SEO Premium plugin. -->","yoast_head_json":{"title":"Copa de champ\u00e1n - 10cl","description":"Copa de champ\u00e1n desechable de cristal de 10 cl: elegante, pr\u00e1ctica, reciclable y a prueba de roturas. Ideal para todos sus eventos","robots":{"index":"index","follow":"follow","max-snippet":"max-snippet:-1","max-image-preview":"max-image-preview:large","max-video-preview":"max-video-preview:-1"},"canonical":"https:\/\/www.csj-emballages.com\/es\/produit\/10-copas-de-champan-de-plastico-desechables-10-cl\/","og_locale":"es_ES","og_type":"article","og_title":"10 copas de champ\u00e1n de pl\u00e1stico desechables 10 cl","og_description":"Copa de champ\u00e1n desechable de cristal de 10 cl: elegante, pr\u00e1ctica, reciclable y a prueba de roturas. Ideal para todos sus eventos","og_url":"https:\/\/www.csj-emballages.com\/es\/produit\/10-copas-de-champan-de-plastico-desechables-10-cl\/","og_site_name":"CSJ Emballages","article_publisher":"https:\/\/www.facebook.com\/csjemballages","article_modified_time":"2026-04-28T00:15:20+00:00","og_image":[{"width":800,"height":800,"url":"https:\/\/www.csj-emballages.com\/wp-content\/uploads\/2024\/03\/Flute-champagne-10cl-1.webp","type":"image\/webp"}],"twitter_card":"summary_large_image","twitter_misc":{"Tiempo de lectura":"2 minutos"},"schema":{"@context":"https:\/\/schema.org","@graph":[{"@type":"WebPage","@id":"https:\/\/www.csj-emballages.com\/es\/produit\/10-copas-de-champan-de-plastico-desechables-10-cl\/","url":"https:\/\/www.csj-emballages.com\/es\/produit\/10-copas-de-champan-de-plastico-desechables-10-cl\/","name":"Copa de champ\u00e1n - 10cl","isPartOf":{"@id":"https:\/\/www.csj-emballages.com\/es\/#website"},"primaryImageOfPage":{"@id":"https:\/\/www.csj-emballages.com\/es\/produit\/10-copas-de-champan-de-plastico-desechables-10-cl\/#primaryimage"},"image":{"@id":"https:\/\/www.csj-emballages.com\/es\/produit\/10-copas-de-champan-de-plastico-desechables-10-cl\/#primaryimage"},"thumbnailUrl":"https:\/\/www.csj-emballages.com\/wp-content\/uploads\/2024\/03\/Flute-champagne-10cl-1.webp","datePublished":"2024-03-01T15:53:34+00:00","dateModified":"2026-04-28T00:15:20+00:00","description":"Copa de champ\u00e1n desechable de cristal de 10 cl: elegante, pr\u00e1ctica, reciclable y a prueba de roturas. Ideal para todos sus eventos","breadcrumb":{"@id":"https:\/\/www.csj-emballages.com\/es\/produit\/10-copas-de-champan-de-plastico-desechables-10-cl\/#breadcrumb"},"inLanguage":"es","potentialAction":[{"@type":"ReadAction","target":["https:\/\/www.csj-emballages.com\/es\/produit\/10-copas-de-champan-de-plastico-desechables-10-cl\/"]}]},{"@type":"ImageObject","inLanguage":"es","@id":"https:\/\/www.csj-emballages.com\/es\/produit\/10-copas-de-champan-de-plastico-desechables-10-cl\/#primaryimage","url":"https:\/\/www.csj-emballages.com\/wp-content\/uploads\/2024\/03\/Flute-champagne-10cl-1.webp","contentUrl":"https:\/\/www.csj-emballages.com\/wp-content\/uploads\/2024\/03\/Flute-champagne-10cl-1.webp","width":800,"height":800,"caption":"Fl\u00fbte champagne"},{"@type":"BreadcrumbList","@id":"https:\/\/www.csj-emballages.com\/es\/produit\/10-copas-de-champan-de-plastico-desechables-10-cl\/#breadcrumb","itemListElement":[{"@type":"ListItem","position":1,"name":"Accueil","item":"https:\/\/www.csj-emballages.com\/es\/universo-del-envasado-alimentario\/"},{"@type":"ListItem","position":2,"name":"Tienda","item":"https:\/\/www.csj-emballages.com\/tienda\/"},{"@type":"ListItem","position":3,"name":"10 copas de champ\u00e1n de pl\u00e1stico desechables 10 cl"}]},{"@type":"WebSite","@id":"https:\/\/www.csj-emballages.com\/es\/#website","url":"https:\/\/www.csj-emballages.com\/es\/","name":"CSJ Emballages","description":"","publisher":{"@id":"https:\/\/www.csj-emballages.com\/es\/#organization"},"potentialAction":[{"@type":"SearchAction","target":{"@type":"EntryPoint","urlTemplate":"https:\/\/www.csj-emballages.com\/es\/?s={search_term_string}"},"query-input":{"@type":"PropertyValueSpecification","valueRequired":true,"valueName":"search_term_string"}}],"inLanguage":"es"},{"@type":"Organization","@id":"https:\/\/www.csj-emballages.com\/es\/#Organization\/","name":"CSJ Emballages","url":"https:\/\/www.csj-emballages.com\/es\/","logo":{"@type":"ImageObject","inLanguage":"es","@id":"https:\/\/www.csj-emballages.com\/es\/#\/schema\/logo\/image\/","url":"https:\/\/www.csj-emballages.com\/wp-content\/uploads\/2023\/10\/logo_csj.webp","contentUrl":"https:\/\/www.csj-emballages.com\/wp-content\/uploads\/2023\/10\/logo_csj.webp","width":250,"height":95,"caption":"CSJ Emballages"},"image":{"@id":"https:\/\/www.csj-emballages.com\/es\/#\/schema\/logo\/image\/"},"sameAs":["https:\/\/www.facebook.com\/csjemballages"],"address":{"@type":"PostalAddress","streetAddress":"ZI La Lechere","addressLocality":"Patornay","postalCode":"39130","addressCountry":"FR"},"contactPoint":[{"@type":"ContactPoint","contactType":"Service client","telephone":"0384254272","email":"contact@csj-emballages.com"}]}]}},"df_price":2.24,"df_sale_price":"","df_regular_price":2.24,"df_image_link":"https:\/\/www.csj-emballages.com\/wp-content\/uploads\/2024\/03\/Flute-champagne-10cl-1-300x300.webp","tiered_pricing_type":"fixed","tiered_pricing_fixed_rules":[],"tiered_pricing_percentage_rules":[],"tiered_pricing_minimum":1,"tiered_pricing_roles_data":[],"_links":{"self":[{"href":"https:\/\/www.csj-emballages.com\/es\/wp-json\/wp\/v2\/product\/20863","targetHints":{"allow":["GET"]}}],"collection":[{"href":"https:\/\/www.csj-emballages.com\/es\/wp-json\/wp\/v2\/product"}],"about":[{"href":"https:\/\/www.csj-emballages.com\/es\/wp-json\/wp\/v2\/types\/product"}],"wp:featuredmedia":[{"embeddable":true,"href":"https:\/\/www.csj-emballages.com\/es\/wp-json\/wp\/v2\/media\/197792"}],"wp:attachment":[{"href":"https:\/\/www.csj-emballages.com\/es\/wp-json\/wp\/v2\/media?parent=20863"}],"wp:term":[{"taxonomy":"product_brand","embeddable":true,"href":"https:\/\/www.csj-emballages.com\/es\/wp-json\/wp\/v2\/product_brand?post=20863"},{"taxonomy":"product_cat","embeddable":true,"href":"https:\/\/www.csj-emballages.com\/es\/wp-json\/wp\/v2\/product_cat?post=20863"},{"taxonomy":"product_tag","embeddable":true,"href":"https:\/\/www.csj-emballages.com\/es\/wp-json\/wp\/v2\/product_tag?post=20863"}],"curies":[{"name":"wp","href":"https:\/\/api.w.org\/{rel}","templated":true}]}}