{"id":20861,"date":"2024-03-01T16:53:35","date_gmt":"2024-03-01T15:53:35","guid":{"rendered":"https:\/\/u15jnbdpoq.preview.infomaniak.website\/produit\/rollo-de-film-estirable-alimentario-en-caja-dispensadora-con-cremallera-300-x-045-m\/"},"modified":"2026-04-26T16:00:32","modified_gmt":"2026-04-26T14:00:32","slug":"rollo-de-film-estirable-alimentario-en-caja-dispensadora-con-cremallera-300-x-045-m","status":"publish","type":"product","link":"https:\/\/www.csj-emballages.com\/es\/produit\/rollo-de-film-estirable-alimentario-en-caja-dispensadora-con-cremallera-300-x-045-m\/","title":{"rendered":"Rollo de film estirable alimentario en caja dispensadora con cremallera 300 x 0,45 m"},"content":{"rendered":"<h2 class=\"p1\">Rollo de film estirable<\/h2>\n<hr>\n<h3>Descripci\u00f3n de nuestro rollo de film estirable alimentario en caja dispensadora zip 300 x 0,45 m<\/h3>\n<p><!--more--><\/p>\n<p data-start=\"84\" data-end=\"533\">Este <strong>rollo de film estirable apto para alimentos<\/strong> es imprescindible para todos los profesionales de la restauraci\u00f3n, panaderos y pasteleros, as\u00ed como para los particulares que quieran conservar sus alimentos de forma eficaz. Gracias a su <strong>caja dispensadora con cremallera integrada<\/strong>, el film puede cortarse con rapidez y precisi\u00f3n, evitando desperdicios y facilitando su uso diario. <\/p>\n<p data-start=\"535\" data-end=\"882\">Con una longitud de <strong>300 metros<\/strong> y una <strong>anchura de 45 cm<\/strong>, este <strong>film estirable<\/strong> est\u00e1 dise\u00f1ado para envolver herm\u00e9ticamente sus alimentos, garantizando as\u00ed su frescura y su protecci\u00f3n frente al aire y la humedad. Es ideal para cubrir platos, almacenar ingredientes frescos o proteger preparaciones culinarias.<\/p>\n<p data-start=\"884\" data-end=\"1152\">Su gran elasticidad y resistencia hacen que se adhiera bien a los envases sin rasgarse f\u00e1cilmente. Este <strong>rollo de film estirable<\/strong> es compatible con el uso en frigor\u00edfico y apto para el contacto alimentario, garantizando as\u00ed una conservaci\u00f3n \u00f3ptima de sus productos.<\/p>\n<p><!--more--><\/p>\n<h4>Sus ventajas:<\/h4>\n<ul>\n<li data-start=\"1125\" data-end=\"1221\"><strong data-start=\"1188\" data-end=\"1228\">Caja dispensadora con cremallera integrada<\/strong>: corte r\u00e1pido y f\u00e1cil para un uso pr\u00e1ctico.<\/li>\n<li data-start=\"1125\" data-end=\"1221\"><strong data-start=\"1282\" data-end=\"1312\" data-is-only-node=\"\">Larga duraci\u00f3n<\/strong>: 300 metros de pel\u00edcula para un uso prolongado.<\/li>\n<li data-start=\"1125\" data-end=\"1221\"><strong data-start=\"1362\" data-end=\"1384\">Sujeci\u00f3n perfecta<\/strong>: Asegura un cierre herm\u00e9tico para conservar la frescura.<\/li>\n<li data-start=\"1125\" data-end=\"1221\"><strong data-start=\"1452\" data-end=\"1466\">Vers\u00e1til<\/strong>: Adecuado para platos, cuencos, ingredientes y preparaci\u00f3n de alimentos.<\/li>\n<li data-start=\"1125\" data-end=\"1221\"><strong data-start=\"1539\" data-end=\"1562\">Resistente y flexible<\/strong>: este rollo de film estirable no se rompe f\u00e1cilmente y se amolda perfectamente a la forma de los envases.<\/li>\n<li data-start=\"1125\" data-end=\"1221\"><strong data-start=\"1648\" data-end=\"1662\">Higi\u00e9nico<\/strong>: Protege los alimentos de los contaminantes externos.<\/li>\n<\/ul>\n<p>&nbsp;<\/p>\n<p><!--more--><\/p>\n<h4>Informaci\u00f3n adicional :<\/h4>\n<ul>\n<li><strong>Embalaje<\/strong>: Por unidad<\/li>\n<li><strong>Dimensiones<\/strong>: 300 x 0,45 m<\/li>\n<\/ul>\n<p>&nbsp;<\/p>\n<p><!--more--><\/p>\n<p>Este producto tambi\u00e9n est\u00e1 disponible en caja de 30 cm: <span style=\"color: #d12727;\"><a style=\"color: #d12727;\" href=\"https:\/\/www.csj-emballages.com\/es\/produit\/rollo-de-film-estirable-alimentario-en-caja-dispensadora-con-cremallera-300-x-030-m\/\">FL30ZIP<\/a><\/span><\/p>\n<p>&nbsp;<\/p>\n<p><!--more--><\/p>\n<p><a href=\"https:\/\/www.csj-emballages.com\/es\/categorie-produit\/envasado-de-alimentos\/carniceria-y-charcuteria\/peliculas-alimentarias\/film-estirable-para-alimentos-en-cajas-zip-film-cutter\/\">Ver el resto de nuestra gama de pel\u00edculas sobre alimentos<\/a><\/p>\n","protected":false},"excerpt":{"rendered":"<p>Rollo de film estirable Descripci\u00f3n de nuestro rollo de film estirable alimentario en caja dispensadora zip 300 x 0,45 m<\/p>\n","protected":false},"featured_media":273518,"template":"","meta":{"_acf_changed":false},"product_brand":[],"product_cat":[1150,1143,2023,2648],"product_tag":[],"class_list":{"0":"post-20861","1":"product","2":"type-product","3":"status-publish","4":"has-post-thumbnail","6":"product_cat-envasado-de-alimentos","7":"product_cat-carniceria-y-charcuteria","8":"product_cat-peliculas-alimentarias","9":"product_cat-film-estirable-para-alimentos-en-cajas-zip-film-cutter","11":"first","12":"instock","13":"taxable","14":"shipping-taxable","15":"purchasable","16":"product-type-simple"},"acf":[],"yoast_head":"<!-- This site is optimized with the Yoast SEO Premium plugin v26.6 (Yoast SEO v26.6) - https:\/\/yoast.com\/wordpress\/plugins\/seo\/ -->\n<title>Rollo de film estirable para alimentos en cajas dispensadoras con cremallera<\/title>\n<meta name=\"description\" content=\"\u00a1Descubre nuestro rollo de 300 x 0,45 m de film estirable alimentario en una caja dispensadora con cremallera! Ideal para restaurantes, empresas de catering y particulares.\" \/>\n<meta name=\"robots\" content=\"index, follow, max-snippet:-1, max-image-preview:large, max-video-preview:-1\" \/>\n<link rel=\"canonical\" href=\"https:\/\/www.csj-emballages.com\/es\/produit\/rollo-de-film-estirable-alimentario-en-caja-dispensadora-con-cremallera-300-x-045-m\/\" \/>\n<meta property=\"og:locale\" content=\"es_ES\" \/>\n<meta property=\"og:type\" content=\"article\" \/>\n<meta property=\"og:title\" content=\"Rollo de film estirable alimentario en caja dispensadora con cremallera 300 x 0,45 m\" \/>\n<meta property=\"og:description\" content=\"\u00a1Descubre nuestro rollo de 300 x 0,45 m de film estirable alimentario en una caja dispensadora con cremallera! Ideal para restaurantes, empresas de catering y particulares.\" \/>\n<meta property=\"og:url\" content=\"https:\/\/www.csj-emballages.com\/es\/produit\/rollo-de-film-estirable-alimentario-en-caja-dispensadora-con-cremallera-300-x-045-m\/\" \/>\n<meta property=\"og:site_name\" content=\"CSJ Emballages\" \/>\n<meta property=\"article:publisher\" content=\"https:\/\/www.facebook.com\/csjemballages\" \/>\n<meta property=\"article:modified_time\" content=\"2026-04-26T14:00:32+00:00\" \/>\n<meta property=\"og:image\" content=\"https:\/\/www.csj-emballages.com\/wp-content\/uploads\/2024\/03\/FL45ZIP.webp\" \/>\n\t<meta property=\"og:image:width\" content=\"800\" \/>\n\t<meta property=\"og:image:height\" content=\"800\" \/>\n\t<meta property=\"og:image:type\" content=\"image\/webp\" \/>\n<meta name=\"twitter:card\" content=\"summary_large_image\" \/>\n<meta name=\"twitter:label1\" content=\"Tiempo de lectura\" \/>\n\t<meta name=\"twitter:data1\" content=\"1 minuto\" \/>\n<script type=\"application\/ld+json\" class=\"yoast-schema-graph\">{\"@context\":\"https:\/\/schema.org\",\"@graph\":[{\"@type\":\"WebPage\",\"@id\":\"https:\/\/www.csj-emballages.com\/es\/produit\/rollo-de-film-estirable-alimentario-en-caja-dispensadora-con-cremallera-300-x-045-m\/\",\"url\":\"https:\/\/www.csj-emballages.com\/es\/produit\/rollo-de-film-estirable-alimentario-en-caja-dispensadora-con-cremallera-300-x-045-m\/\",\"name\":\"Rollo de film estirable para alimentos en cajas dispensadoras con cremallera\",\"isPartOf\":{\"@id\":\"https:\/\/www.csj-emballages.com\/es\/#website\"},\"primaryImageOfPage\":{\"@id\":\"https:\/\/www.csj-emballages.com\/es\/produit\/rollo-de-film-estirable-alimentario-en-caja-dispensadora-con-cremallera-300-x-045-m\/#primaryimage\"},\"image\":{\"@id\":\"https:\/\/www.csj-emballages.com\/es\/produit\/rollo-de-film-estirable-alimentario-en-caja-dispensadora-con-cremallera-300-x-045-m\/#primaryimage\"},\"thumbnailUrl\":\"https:\/\/www.csj-emballages.com\/wp-content\/uploads\/2024\/03\/FL45ZIP.webp\",\"datePublished\":\"2024-03-01T15:53:35+00:00\",\"dateModified\":\"2026-04-26T14:00:32+00:00\",\"description\":\"\u00a1Descubre nuestro rollo de 300 x 0,45 m de film estirable alimentario en una caja dispensadora con cremallera! Ideal para restaurantes, empresas de catering y particulares.\",\"breadcrumb\":{\"@id\":\"https:\/\/www.csj-emballages.com\/es\/produit\/rollo-de-film-estirable-alimentario-en-caja-dispensadora-con-cremallera-300-x-045-m\/#breadcrumb\"},\"inLanguage\":\"es\",\"potentialAction\":[{\"@type\":\"ReadAction\",\"target\":[\"https:\/\/www.csj-emballages.com\/es\/produit\/rollo-de-film-estirable-alimentario-en-caja-dispensadora-con-cremallera-300-x-045-m\/\"]}]},{\"@type\":\"ImageObject\",\"inLanguage\":\"es\",\"@id\":\"https:\/\/www.csj-emballages.com\/es\/produit\/rollo-de-film-estirable-alimentario-en-caja-dispensadora-con-cremallera-300-x-045-m\/#primaryimage\",\"url\":\"https:\/\/www.csj-emballages.com\/wp-content\/uploads\/2024\/03\/FL45ZIP.webp\",\"contentUrl\":\"https:\/\/www.csj-emballages.com\/wp-content\/uploads\/2024\/03\/FL45ZIP.webp\",\"width\":800,\"height\":800,\"caption\":\"Rouleau film \u00e9tirable\"},{\"@type\":\"BreadcrumbList\",\"@id\":\"https:\/\/www.csj-emballages.com\/es\/produit\/rollo-de-film-estirable-alimentario-en-caja-dispensadora-con-cremallera-300-x-045-m\/#breadcrumb\",\"itemListElement\":[{\"@type\":\"ListItem\",\"position\":1,\"name\":\"Accueil\",\"item\":\"https:\/\/www.csj-emballages.com\/es\/universo-del-envasado-alimentario\/\"},{\"@type\":\"ListItem\",\"position\":2,\"name\":\"Tienda\",\"item\":\"https:\/\/www.csj-emballages.com\/tienda\/\"},{\"@type\":\"ListItem\",\"position\":3,\"name\":\"Rollo de film estirable alimentario en caja dispensadora con cremallera 300 x 0,45 m\"}]},{\"@type\":\"WebSite\",\"@id\":\"https:\/\/www.csj-emballages.com\/es\/#website\",\"url\":\"https:\/\/www.csj-emballages.com\/es\/\",\"name\":\"CSJ Emballages\",\"description\":\"\",\"publisher\":{\"@id\":\"https:\/\/www.csj-emballages.com\/es\/#organization\"},\"potentialAction\":[{\"@type\":\"SearchAction\",\"target\":{\"@type\":\"EntryPoint\",\"urlTemplate\":\"https:\/\/www.csj-emballages.com\/es\/?s={search_term_string}\"},\"query-input\":{\"@type\":\"PropertyValueSpecification\",\"valueRequired\":true,\"valueName\":\"search_term_string\"}}],\"inLanguage\":\"es\"},{\"@type\":\"Organization\",\"@id\":\"https:\/\/www.csj-emballages.com\/es\/#Organization\/\",\"name\":\"CSJ Emballages\",\"url\":\"https:\/\/www.csj-emballages.com\/es\/\",\"logo\":{\"@type\":\"ImageObject\",\"inLanguage\":\"es\",\"@id\":\"https:\/\/www.csj-emballages.com\/es\/#\/schema\/logo\/image\/\",\"url\":\"https:\/\/www.csj-emballages.com\/wp-content\/uploads\/2023\/10\/logo_csj.webp\",\"contentUrl\":\"https:\/\/www.csj-emballages.com\/wp-content\/uploads\/2023\/10\/logo_csj.webp\",\"width\":250,\"height\":95,\"caption\":\"CSJ Emballages\"},\"image\":{\"@id\":\"https:\/\/www.csj-emballages.com\/es\/#\/schema\/logo\/image\/\"},\"sameAs\":[\"https:\/\/www.facebook.com\/csjemballages\"],\"address\":{\"@type\":\"PostalAddress\",\"streetAddress\":\"ZI La Lechere\",\"addressLocality\":\"Patornay\",\"postalCode\":\"39130\",\"addressCountry\":\"FR\"},\"contactPoint\":[{\"@type\":\"ContactPoint\",\"contactType\":\"Service client\",\"telephone\":\"0384254272\",\"email\":\"contact@csj-emballages.com\"}]}]}<\/script>\n<!-- \/ Yoast SEO Premium plugin. -->","yoast_head_json":{"title":"Rollo de film estirable para alimentos en cajas dispensadoras con cremallera","description":"\u00a1Descubre nuestro rollo de 300 x 0,45 m de film estirable alimentario en una caja dispensadora con cremallera! Ideal para restaurantes, empresas de catering y particulares.","robots":{"index":"index","follow":"follow","max-snippet":"max-snippet:-1","max-image-preview":"max-image-preview:large","max-video-preview":"max-video-preview:-1"},"canonical":"https:\/\/www.csj-emballages.com\/es\/produit\/rollo-de-film-estirable-alimentario-en-caja-dispensadora-con-cremallera-300-x-045-m\/","og_locale":"es_ES","og_type":"article","og_title":"Rollo de film estirable alimentario en caja dispensadora con cremallera 300 x 0,45 m","og_description":"\u00a1Descubre nuestro rollo de 300 x 0,45 m de film estirable alimentario en una caja dispensadora con cremallera! Ideal para restaurantes, empresas de catering y particulares.","og_url":"https:\/\/www.csj-emballages.com\/es\/produit\/rollo-de-film-estirable-alimentario-en-caja-dispensadora-con-cremallera-300-x-045-m\/","og_site_name":"CSJ Emballages","article_publisher":"https:\/\/www.facebook.com\/csjemballages","article_modified_time":"2026-04-26T14:00:32+00:00","og_image":[{"width":800,"height":800,"url":"https:\/\/www.csj-emballages.com\/wp-content\/uploads\/2024\/03\/FL45ZIP.webp","type":"image\/webp"}],"twitter_card":"summary_large_image","twitter_misc":{"Tiempo de lectura":"1 minuto"},"schema":{"@context":"https:\/\/schema.org","@graph":[{"@type":"WebPage","@id":"https:\/\/www.csj-emballages.com\/es\/produit\/rollo-de-film-estirable-alimentario-en-caja-dispensadora-con-cremallera-300-x-045-m\/","url":"https:\/\/www.csj-emballages.com\/es\/produit\/rollo-de-film-estirable-alimentario-en-caja-dispensadora-con-cremallera-300-x-045-m\/","name":"Rollo de film estirable para alimentos en cajas dispensadoras con cremallera","isPartOf":{"@id":"https:\/\/www.csj-emballages.com\/es\/#website"},"primaryImageOfPage":{"@id":"https:\/\/www.csj-emballages.com\/es\/produit\/rollo-de-film-estirable-alimentario-en-caja-dispensadora-con-cremallera-300-x-045-m\/#primaryimage"},"image":{"@id":"https:\/\/www.csj-emballages.com\/es\/produit\/rollo-de-film-estirable-alimentario-en-caja-dispensadora-con-cremallera-300-x-045-m\/#primaryimage"},"thumbnailUrl":"https:\/\/www.csj-emballages.com\/wp-content\/uploads\/2024\/03\/FL45ZIP.webp","datePublished":"2024-03-01T15:53:35+00:00","dateModified":"2026-04-26T14:00:32+00:00","description":"\u00a1Descubre nuestro rollo de 300 x 0,45 m de film estirable alimentario en una caja dispensadora con cremallera! Ideal para restaurantes, empresas de catering y particulares.","breadcrumb":{"@id":"https:\/\/www.csj-emballages.com\/es\/produit\/rollo-de-film-estirable-alimentario-en-caja-dispensadora-con-cremallera-300-x-045-m\/#breadcrumb"},"inLanguage":"es","potentialAction":[{"@type":"ReadAction","target":["https:\/\/www.csj-emballages.com\/es\/produit\/rollo-de-film-estirable-alimentario-en-caja-dispensadora-con-cremallera-300-x-045-m\/"]}]},{"@type":"ImageObject","inLanguage":"es","@id":"https:\/\/www.csj-emballages.com\/es\/produit\/rollo-de-film-estirable-alimentario-en-caja-dispensadora-con-cremallera-300-x-045-m\/#primaryimage","url":"https:\/\/www.csj-emballages.com\/wp-content\/uploads\/2024\/03\/FL45ZIP.webp","contentUrl":"https:\/\/www.csj-emballages.com\/wp-content\/uploads\/2024\/03\/FL45ZIP.webp","width":800,"height":800,"caption":"Rouleau film \u00e9tirable"},{"@type":"BreadcrumbList","@id":"https:\/\/www.csj-emballages.com\/es\/produit\/rollo-de-film-estirable-alimentario-en-caja-dispensadora-con-cremallera-300-x-045-m\/#breadcrumb","itemListElement":[{"@type":"ListItem","position":1,"name":"Accueil","item":"https:\/\/www.csj-emballages.com\/es\/universo-del-envasado-alimentario\/"},{"@type":"ListItem","position":2,"name":"Tienda","item":"https:\/\/www.csj-emballages.com\/tienda\/"},{"@type":"ListItem","position":3,"name":"Rollo de film estirable alimentario en caja dispensadora con cremallera 300 x 0,45 m"}]},{"@type":"WebSite","@id":"https:\/\/www.csj-emballages.com\/es\/#website","url":"https:\/\/www.csj-emballages.com\/es\/","name":"CSJ Emballages","description":"","publisher":{"@id":"https:\/\/www.csj-emballages.com\/es\/#organization"},"potentialAction":[{"@type":"SearchAction","target":{"@type":"EntryPoint","urlTemplate":"https:\/\/www.csj-emballages.com\/es\/?s={search_term_string}"},"query-input":{"@type":"PropertyValueSpecification","valueRequired":true,"valueName":"search_term_string"}}],"inLanguage":"es"},{"@type":"Organization","@id":"https:\/\/www.csj-emballages.com\/es\/#Organization\/","name":"CSJ Emballages","url":"https:\/\/www.csj-emballages.com\/es\/","logo":{"@type":"ImageObject","inLanguage":"es","@id":"https:\/\/www.csj-emballages.com\/es\/#\/schema\/logo\/image\/","url":"https:\/\/www.csj-emballages.com\/wp-content\/uploads\/2023\/10\/logo_csj.webp","contentUrl":"https:\/\/www.csj-emballages.com\/wp-content\/uploads\/2023\/10\/logo_csj.webp","width":250,"height":95,"caption":"CSJ Emballages"},"image":{"@id":"https:\/\/www.csj-emballages.com\/es\/#\/schema\/logo\/image\/"},"sameAs":["https:\/\/www.facebook.com\/csjemballages"],"address":{"@type":"PostalAddress","streetAddress":"ZI La Lechere","addressLocality":"Patornay","postalCode":"39130","addressCountry":"FR"},"contactPoint":[{"@type":"ContactPoint","contactType":"Service client","telephone":"0384254272","email":"contact@csj-emballages.com"}]}]}},"df_price":8.95,"df_sale_price":"","df_regular_price":8.95,"df_image_link":"https:\/\/www.csj-emballages.com\/wp-content\/uploads\/2024\/03\/FL45ZIP-300x300.webp","tiered_pricing_type":"fixed","tiered_pricing_fixed_rules":[],"tiered_pricing_percentage_rules":[],"tiered_pricing_minimum":1,"tiered_pricing_roles_data":[],"_links":{"self":[{"href":"https:\/\/www.csj-emballages.com\/es\/wp-json\/wp\/v2\/product\/20861","targetHints":{"allow":["GET"]}}],"collection":[{"href":"https:\/\/www.csj-emballages.com\/es\/wp-json\/wp\/v2\/product"}],"about":[{"href":"https:\/\/www.csj-emballages.com\/es\/wp-json\/wp\/v2\/types\/product"}],"wp:featuredmedia":[{"embeddable":true,"href":"https:\/\/www.csj-emballages.com\/es\/wp-json\/wp\/v2\/media\/273518"}],"wp:attachment":[{"href":"https:\/\/www.csj-emballages.com\/es\/wp-json\/wp\/v2\/media?parent=20861"}],"wp:term":[{"taxonomy":"product_brand","embeddable":true,"href":"https:\/\/www.csj-emballages.com\/es\/wp-json\/wp\/v2\/product_brand?post=20861"},{"taxonomy":"product_cat","embeddable":true,"href":"https:\/\/www.csj-emballages.com\/es\/wp-json\/wp\/v2\/product_cat?post=20861"},{"taxonomy":"product_tag","embeddable":true,"href":"https:\/\/www.csj-emballages.com\/es\/wp-json\/wp\/v2\/product_tag?post=20861"}],"curies":[{"name":"wp","href":"https:\/\/api.w.org\/{rel}","templated":true}]}}