{"id":20802,"date":"2024-03-01T16:54:19","date_gmt":"2024-03-01T15:54:19","guid":{"rendered":"https:\/\/u15jnbdpoq.preview.infomaniak.website\/produit\/1000-mini-horquillas-de-madera-85-mm\/"},"modified":"2026-05-13T02:14:31","modified_gmt":"2026-05-13T00:14:31","slug":"1000-mini-horquillas-de-madera-85-mm","status":"publish","type":"product","link":"https:\/\/www.csj-emballages.com\/es\/produit\/1000-mini-horquillas-de-madera-85-mm\/","title":{"rendered":"Mini horquilla de madera 85 mm por 1000"},"content":{"rendered":"<h2>Mini horquilla<\/h2>\n<hr>\n<h3>Descubra nuestro mini tenedor de madera de 85 mm por 1000<\/h3>\n<p><!--more--><\/p>\n<p data-start=\"234\" data-end=\"724\">Si necesita un utensilio peque\u00f1o, sencillo, limpio y ultrapr\u00e1ctico para acompa\u00f1ar sus degustaciones, este <strong data-start=\"349\" data-end=\"385\">mini tenedor de madera de 85 mm<\/strong> es exactamente lo que necesita. Ligero, c\u00f3modo de sujetar y dise\u00f1ado para un uso r\u00e1pido, es perfecto para buffets, degustaciones, food-trucks y puestos de comida callejera. Nada m\u00e1s cogerlo, notar\u00e1 inmediatamente su tacto <strong>natural y aut\u00e9ntico<\/strong>, muy alejado de los cubiertos de pl\u00e1stico desechables convencionales.  <\/p>\n<p data-start=\"726\" data-end=\"1157\">Gracias a su tama\u00f1o compacto, se desliza f\u00e1cilmente en cualquier entorno: patatas fritas, fruta fresca, etc. Cumple su funci\u00f3n sin ocupar demasiado espacio, al tiempo que a\u00f1ade un peque\u00f1o toque est\u00e9tico muy apreciado por los clientes. Y al estar fabricado en <strong>madera<\/strong>, ofrece una alternativa responsable, ideal para los profesionales que buscan reducir su impacto al tiempo que ofrecen una soluci\u00f3n pr\u00e1ctica. <\/p>\n<p data-start=\"1159\" data-end=\"1609\">Asimismo, su sencillo dise\u00f1o con <strong>dos peque\u00f1os dientes<\/strong> <strong>facilita morder<\/strong> los alimentos sin aplastarlos. Ser\u00e1 m\u00e1s eficiente a la hora de servir, especialmente cuando tenga que lidiar con un pedido tras otro. Adem\u00e1s, el <strong data-start=\"1361\" data-end=\"1383\">paquete de 1.000 piezas<\/strong> est\u00e1 dise\u00f1ado para durar, tanto si se trata de un evento como de una temporada ajetreada o una rutina diaria. De este modo, siempre tendr\u00e1 un suministro listo para usar, sin tener que vigilar constantemente sus existencias.   <\/p>\n<p data-start=\"1611\" data-end=\"1793\">En resumen, este <strong>mini tenedor de madera<\/strong> combina practicidad, naturalidad y discreta elegancia. Es una forma sencilla de acompa\u00f1ar tus platos, al tiempo que realzas tus credenciales ecol\u00f3gicas. <\/p>\n<p data-start=\"1611\" data-end=\"1793\">\n<p data-start=\"1611\" data-end=\"1793\"><!--more--><\/p>\n<h4>Ventajas :<\/h4>\n<ul>\n<li data-start=\"1821\" data-end=\"1864\"><strong>Alternativa respetuosa con el medio ambiente<\/strong> y sin pl\u00e1stico.<\/li>\n<li data-start=\"1867\" data-end=\"1915\">Formato compacto, perfecto para degustaciones.<\/li>\n<li data-start=\"1918\" data-end=\"1943\">Agradable de sostener.<\/li>\n<li data-start=\"1946\" data-end=\"1983\">Dise\u00f1o sencillo con dientes eficaces.<\/li>\n<li data-start=\"1986\" data-end=\"2018\">Paquete econ\u00f3mico de <strong>1000 unidades<\/strong>.<\/li>\n<\/ul>\n<p>&nbsp;<\/p>\n<p><!--more--><\/p>\n<h4>Informaci\u00f3n adicional :<\/h4>\n<ul>\n<li><strong>Envase<\/strong>: Paquete de 1000<\/li>\n<li><strong>Dimensiones<\/strong>: 85 mm (longitud)<\/li>\n<li><strong>Material<\/strong>: Madera<\/li>\n<\/ul>\n<p>&nbsp;<\/p>\n<p><!--more--><\/p>\n<p><a href=\"https:\/\/www.csj-emballages.com\/es\/categorie-produit\/envasado-de-alimentos\/catering-es\/platos-cubiertos-desechables-pajitas\/tenedores-cuchillos-cucharas\/cubiertos-biodegradables\/\">Ver el resto de nuestra gama de cubiertos biodegradables<\/a><\/p>\n","protected":false},"excerpt":{"rendered":"<p>Mini horquilla Descubra nuestro mini tenedor de madera de 85 mm por 1000<\/p>\n","protected":false},"featured_media":167802,"template":"","meta":{"_acf_changed":false},"product_brand":[],"product_cat":[1150,2609,2610,1163,2598],"product_tag":[],"class_list":{"0":"post-20802","1":"product","2":"type-product","3":"status-publish","4":"has-post-thumbnail","6":"product_cat-envasado-de-alimentos","7":"product_cat-tenedores-cuchillos-cucharas","8":"product_cat-cubiertos-biodegradables","9":"product_cat-gama-ecologica","10":"product_cat-cubiertos-ecologicos","12":"first","13":"instock","14":"taxable","15":"shipping-taxable","16":"purchasable","17":"product-type-simple"},"acf":[],"yoast_head":"<!-- This site is optimized with the Yoast SEO Premium plugin v26.6 (Yoast SEO v26.6) - https:\/\/yoast.com\/wordpress\/plugins\/seo\/ -->\n<title>Mini tenedor de madera - 85 mm<\/title>\n<meta name=\"description\" content=\"\u00a1Descubra nuestro Mini Tenedor de Madera de 85 mm! Le ofrecemos un Pack de 1000 Tenedores Compostables a PRECIOS DESCUENTABLES\" \/>\n<meta name=\"robots\" content=\"index, follow, max-snippet:-1, max-image-preview:large, max-video-preview:-1\" \/>\n<link rel=\"canonical\" href=\"https:\/\/www.csj-emballages.com\/es\/produit\/1000-mini-horquillas-de-madera-85-mm\/\" \/>\n<meta property=\"og:locale\" content=\"es_ES\" \/>\n<meta property=\"og:type\" content=\"article\" \/>\n<meta property=\"og:title\" content=\"Mini horquilla de madera 85 mm por 1000\" \/>\n<meta property=\"og:description\" content=\"\u00a1Descubra nuestro Mini Tenedor de Madera de 85 mm! Le ofrecemos un Pack de 1000 Tenedores Compostables a PRECIOS DESCUENTABLES\" \/>\n<meta property=\"og:url\" content=\"https:\/\/www.csj-emballages.com\/es\/produit\/1000-mini-horquillas-de-madera-85-mm\/\" \/>\n<meta property=\"og:site_name\" content=\"CSJ Emballages\" \/>\n<meta property=\"article:publisher\" content=\"https:\/\/www.facebook.com\/csjemballages\" \/>\n<meta property=\"article:modified_time\" content=\"2026-05-13T00:14:31+00:00\" \/>\n<meta property=\"og:image\" content=\"https:\/\/www.csj-emballages.com\/wp-content\/uploads\/2024\/03\/PF-85-BOIS-scaled-e1731590733296.webp\" \/>\n\t<meta property=\"og:image:width\" content=\"2048\" \/>\n\t<meta property=\"og:image:height\" content=\"2048\" \/>\n\t<meta property=\"og:image:type\" content=\"image\/webp\" \/>\n<meta name=\"twitter:card\" content=\"summary_large_image\" \/>\n<meta name=\"twitter:label1\" content=\"Tiempo de lectura\" \/>\n\t<meta name=\"twitter:data1\" content=\"2 minutos\" \/>\n<script type=\"application\/ld+json\" class=\"yoast-schema-graph\">{\"@context\":\"https:\/\/schema.org\",\"@graph\":[{\"@type\":\"WebPage\",\"@id\":\"https:\/\/www.csj-emballages.com\/es\/produit\/1000-mini-horquillas-de-madera-85-mm\/\",\"url\":\"https:\/\/www.csj-emballages.com\/es\/produit\/1000-mini-horquillas-de-madera-85-mm\/\",\"name\":\"Mini tenedor de madera - 85 mm\",\"isPartOf\":{\"@id\":\"https:\/\/www.csj-emballages.com\/es\/#website\"},\"primaryImageOfPage\":{\"@id\":\"https:\/\/www.csj-emballages.com\/es\/produit\/1000-mini-horquillas-de-madera-85-mm\/#primaryimage\"},\"image\":{\"@id\":\"https:\/\/www.csj-emballages.com\/es\/produit\/1000-mini-horquillas-de-madera-85-mm\/#primaryimage\"},\"thumbnailUrl\":\"https:\/\/www.csj-emballages.com\/wp-content\/uploads\/2024\/03\/PF-85-BOIS-scaled-e1731590733296.webp\",\"datePublished\":\"2024-03-01T15:54:19+00:00\",\"dateModified\":\"2026-05-13T00:14:31+00:00\",\"description\":\"\u00a1Descubra nuestro Mini Tenedor de Madera de 85 mm! Le ofrecemos un Pack de 1000 Tenedores Compostables a PRECIOS DESCUENTABLES\",\"breadcrumb\":{\"@id\":\"https:\/\/www.csj-emballages.com\/es\/produit\/1000-mini-horquillas-de-madera-85-mm\/#breadcrumb\"},\"inLanguage\":\"es\",\"potentialAction\":[{\"@type\":\"ReadAction\",\"target\":[\"https:\/\/www.csj-emballages.com\/es\/produit\/1000-mini-horquillas-de-madera-85-mm\/\"]}]},{\"@type\":\"ImageObject\",\"inLanguage\":\"es\",\"@id\":\"https:\/\/www.csj-emballages.com\/es\/produit\/1000-mini-horquillas-de-madera-85-mm\/#primaryimage\",\"url\":\"https:\/\/www.csj-emballages.com\/wp-content\/uploads\/2024\/03\/PF-85-BOIS-scaled-e1731590733296.webp\",\"contentUrl\":\"https:\/\/www.csj-emballages.com\/wp-content\/uploads\/2024\/03\/PF-85-BOIS-scaled-e1731590733296.webp\",\"width\":2048,\"height\":2048,\"caption\":\"fourchette bois\"},{\"@type\":\"BreadcrumbList\",\"@id\":\"https:\/\/www.csj-emballages.com\/es\/produit\/1000-mini-horquillas-de-madera-85-mm\/#breadcrumb\",\"itemListElement\":[{\"@type\":\"ListItem\",\"position\":1,\"name\":\"Accueil\",\"item\":\"https:\/\/www.csj-emballages.com\/es\/universo-del-envasado-alimentario\/\"},{\"@type\":\"ListItem\",\"position\":2,\"name\":\"Tienda\",\"item\":\"https:\/\/www.csj-emballages.com\/tienda\/\"},{\"@type\":\"ListItem\",\"position\":3,\"name\":\"Mini horquilla de madera 85 mm por 1000\"}]},{\"@type\":\"WebSite\",\"@id\":\"https:\/\/www.csj-emballages.com\/es\/#website\",\"url\":\"https:\/\/www.csj-emballages.com\/es\/\",\"name\":\"CSJ Emballages\",\"description\":\"\",\"publisher\":{\"@id\":\"https:\/\/www.csj-emballages.com\/es\/#organization\"},\"potentialAction\":[{\"@type\":\"SearchAction\",\"target\":{\"@type\":\"EntryPoint\",\"urlTemplate\":\"https:\/\/www.csj-emballages.com\/es\/?s={search_term_string}\"},\"query-input\":{\"@type\":\"PropertyValueSpecification\",\"valueRequired\":true,\"valueName\":\"search_term_string\"}}],\"inLanguage\":\"es\"},{\"@type\":\"Organization\",\"@id\":\"https:\/\/www.csj-emballages.com\/es\/#Organization\/\",\"name\":\"CSJ Emballages\",\"url\":\"https:\/\/www.csj-emballages.com\/es\/\",\"logo\":{\"@type\":\"ImageObject\",\"inLanguage\":\"es\",\"@id\":\"https:\/\/www.csj-emballages.com\/es\/#\/schema\/logo\/image\/\",\"url\":\"https:\/\/www.csj-emballages.com\/wp-content\/uploads\/2023\/10\/logo_csj.webp\",\"contentUrl\":\"https:\/\/www.csj-emballages.com\/wp-content\/uploads\/2023\/10\/logo_csj.webp\",\"width\":250,\"height\":95,\"caption\":\"CSJ Emballages\"},\"image\":{\"@id\":\"https:\/\/www.csj-emballages.com\/es\/#\/schema\/logo\/image\/\"},\"sameAs\":[\"https:\/\/www.facebook.com\/csjemballages\"],\"address\":{\"@type\":\"PostalAddress\",\"streetAddress\":\"ZI La Lechere\",\"addressLocality\":\"Patornay\",\"postalCode\":\"39130\",\"addressCountry\":\"FR\"},\"contactPoint\":[{\"@type\":\"ContactPoint\",\"contactType\":\"Service client\",\"telephone\":\"0384254272\",\"email\":\"contact@csj-emballages.com\"}]}]}<\/script>\n<!-- \/ Yoast SEO Premium plugin. -->","yoast_head_json":{"title":"Mini tenedor de madera - 85 mm","description":"\u00a1Descubra nuestro Mini Tenedor de Madera de 85 mm! Le ofrecemos un Pack de 1000 Tenedores Compostables a PRECIOS DESCUENTABLES","robots":{"index":"index","follow":"follow","max-snippet":"max-snippet:-1","max-image-preview":"max-image-preview:large","max-video-preview":"max-video-preview:-1"},"canonical":"https:\/\/www.csj-emballages.com\/es\/produit\/1000-mini-horquillas-de-madera-85-mm\/","og_locale":"es_ES","og_type":"article","og_title":"Mini horquilla de madera 85 mm por 1000","og_description":"\u00a1Descubra nuestro Mini Tenedor de Madera de 85 mm! Le ofrecemos un Pack de 1000 Tenedores Compostables a PRECIOS DESCUENTABLES","og_url":"https:\/\/www.csj-emballages.com\/es\/produit\/1000-mini-horquillas-de-madera-85-mm\/","og_site_name":"CSJ Emballages","article_publisher":"https:\/\/www.facebook.com\/csjemballages","article_modified_time":"2026-05-13T00:14:31+00:00","og_image":[{"width":2048,"height":2048,"url":"https:\/\/www.csj-emballages.com\/wp-content\/uploads\/2024\/03\/PF-85-BOIS-scaled-e1731590733296.webp","type":"image\/webp"}],"twitter_card":"summary_large_image","twitter_misc":{"Tiempo de lectura":"2 minutos"},"schema":{"@context":"https:\/\/schema.org","@graph":[{"@type":"WebPage","@id":"https:\/\/www.csj-emballages.com\/es\/produit\/1000-mini-horquillas-de-madera-85-mm\/","url":"https:\/\/www.csj-emballages.com\/es\/produit\/1000-mini-horquillas-de-madera-85-mm\/","name":"Mini tenedor de madera - 85 mm","isPartOf":{"@id":"https:\/\/www.csj-emballages.com\/es\/#website"},"primaryImageOfPage":{"@id":"https:\/\/www.csj-emballages.com\/es\/produit\/1000-mini-horquillas-de-madera-85-mm\/#primaryimage"},"image":{"@id":"https:\/\/www.csj-emballages.com\/es\/produit\/1000-mini-horquillas-de-madera-85-mm\/#primaryimage"},"thumbnailUrl":"https:\/\/www.csj-emballages.com\/wp-content\/uploads\/2024\/03\/PF-85-BOIS-scaled-e1731590733296.webp","datePublished":"2024-03-01T15:54:19+00:00","dateModified":"2026-05-13T00:14:31+00:00","description":"\u00a1Descubra nuestro Mini Tenedor de Madera de 85 mm! Le ofrecemos un Pack de 1000 Tenedores Compostables a PRECIOS DESCUENTABLES","breadcrumb":{"@id":"https:\/\/www.csj-emballages.com\/es\/produit\/1000-mini-horquillas-de-madera-85-mm\/#breadcrumb"},"inLanguage":"es","potentialAction":[{"@type":"ReadAction","target":["https:\/\/www.csj-emballages.com\/es\/produit\/1000-mini-horquillas-de-madera-85-mm\/"]}]},{"@type":"ImageObject","inLanguage":"es","@id":"https:\/\/www.csj-emballages.com\/es\/produit\/1000-mini-horquillas-de-madera-85-mm\/#primaryimage","url":"https:\/\/www.csj-emballages.com\/wp-content\/uploads\/2024\/03\/PF-85-BOIS-scaled-e1731590733296.webp","contentUrl":"https:\/\/www.csj-emballages.com\/wp-content\/uploads\/2024\/03\/PF-85-BOIS-scaled-e1731590733296.webp","width":2048,"height":2048,"caption":"fourchette bois"},{"@type":"BreadcrumbList","@id":"https:\/\/www.csj-emballages.com\/es\/produit\/1000-mini-horquillas-de-madera-85-mm\/#breadcrumb","itemListElement":[{"@type":"ListItem","position":1,"name":"Accueil","item":"https:\/\/www.csj-emballages.com\/es\/universo-del-envasado-alimentario\/"},{"@type":"ListItem","position":2,"name":"Tienda","item":"https:\/\/www.csj-emballages.com\/tienda\/"},{"@type":"ListItem","position":3,"name":"Mini horquilla de madera 85 mm por 1000"}]},{"@type":"WebSite","@id":"https:\/\/www.csj-emballages.com\/es\/#website","url":"https:\/\/www.csj-emballages.com\/es\/","name":"CSJ Emballages","description":"","publisher":{"@id":"https:\/\/www.csj-emballages.com\/es\/#organization"},"potentialAction":[{"@type":"SearchAction","target":{"@type":"EntryPoint","urlTemplate":"https:\/\/www.csj-emballages.com\/es\/?s={search_term_string}"},"query-input":{"@type":"PropertyValueSpecification","valueRequired":true,"valueName":"search_term_string"}}],"inLanguage":"es"},{"@type":"Organization","@id":"https:\/\/www.csj-emballages.com\/es\/#Organization\/","name":"CSJ Emballages","url":"https:\/\/www.csj-emballages.com\/es\/","logo":{"@type":"ImageObject","inLanguage":"es","@id":"https:\/\/www.csj-emballages.com\/es\/#\/schema\/logo\/image\/","url":"https:\/\/www.csj-emballages.com\/wp-content\/uploads\/2023\/10\/logo_csj.webp","contentUrl":"https:\/\/www.csj-emballages.com\/wp-content\/uploads\/2023\/10\/logo_csj.webp","width":250,"height":95,"caption":"CSJ Emballages"},"image":{"@id":"https:\/\/www.csj-emballages.com\/es\/#\/schema\/logo\/image\/"},"sameAs":["https:\/\/www.facebook.com\/csjemballages"],"address":{"@type":"PostalAddress","streetAddress":"ZI La Lechere","addressLocality":"Patornay","postalCode":"39130","addressCountry":"FR"},"contactPoint":[{"@type":"ContactPoint","contactType":"Service client","telephone":"0384254272","email":"contact@csj-emballages.com"}]}]}},"df_price":3.91,"df_sale_price":"","df_regular_price":3.91,"df_image_link":"https:\/\/www.csj-emballages.com\/wp-content\/uploads\/2024\/03\/PF-85-BOIS-300x300.webp","tiered_pricing_type":"fixed","tiered_pricing_fixed_rules":[],"tiered_pricing_percentage_rules":[],"tiered_pricing_minimum":1,"tiered_pricing_roles_data":[],"_links":{"self":[{"href":"https:\/\/www.csj-emballages.com\/es\/wp-json\/wp\/v2\/product\/20802","targetHints":{"allow":["GET"]}}],"collection":[{"href":"https:\/\/www.csj-emballages.com\/es\/wp-json\/wp\/v2\/product"}],"about":[{"href":"https:\/\/www.csj-emballages.com\/es\/wp-json\/wp\/v2\/types\/product"}],"wp:featuredmedia":[{"embeddable":true,"href":"https:\/\/www.csj-emballages.com\/es\/wp-json\/wp\/v2\/media\/167802"}],"wp:attachment":[{"href":"https:\/\/www.csj-emballages.com\/es\/wp-json\/wp\/v2\/media?parent=20802"}],"wp:term":[{"taxonomy":"product_brand","embeddable":true,"href":"https:\/\/www.csj-emballages.com\/es\/wp-json\/wp\/v2\/product_brand?post=20802"},{"taxonomy":"product_cat","embeddable":true,"href":"https:\/\/www.csj-emballages.com\/es\/wp-json\/wp\/v2\/product_cat?post=20802"},{"taxonomy":"product_tag","embeddable":true,"href":"https:\/\/www.csj-emballages.com\/es\/wp-json\/wp\/v2\/product_tag?post=20802"}],"curies":[{"name":"wp","href":"https:\/\/api.w.org\/{rel}","templated":true}]}}