{"id":20777,"date":"2024-03-01T16:54:18","date_gmt":"2024-03-01T15:54:18","guid":{"rendered":"https:\/\/u15jnbdpoq.preview.infomaniak.website\/produit\/red-elastica-de-malla-14-50-m\/"},"modified":"2026-03-12T16:24:52","modified_gmt":"2026-03-12T15:24:52","slug":"red-elastica-de-malla-14-50-m","status":"publish","type":"product","link":"https:\/\/www.csj-emballages.com\/es\/produit\/red-elastica-de-malla-14-50-m\/","title":{"rendered":"Red el\u00e1stica 14 redes 50m"},"content":{"rendered":"<h2 class=\"p1\">Red el\u00e1stica<\/h2>\n<hr>\n<h3>Descripci\u00f3n de nuestra red el\u00e1stica de 14 mallas y 50 m<\/h3>\n<p><!--more--><\/p>\n<p data-start=\"220\" data-end=\"540\">La <strong>malla el\u00e1stica de 14 mallas en rollo de 50 metros<\/strong> est\u00e1 especialmente dise\u00f1ada para la sujeci\u00f3n y el moldeado de <strong>preparaciones de carnicer\u00eda y charcuter\u00eda<\/strong>. Flexible y resistente, permite asegurar una sujeci\u00f3n homog\u00e9nea de <strong>asados, jamones, paupiettes u otras piezas de carne<\/strong> destinadas a la cocci\u00f3n o a la presentaci\u00f3n. <\/p>\n<p data-start=\"542\" data-end=\"811\">Gracias a su <strong>estructura de 14 mallas<\/strong>, esta malla ofrece una sujeci\u00f3n \u00f3ptima adapt\u00e1ndose f\u00e1cilmente a los diferentes tama\u00f1os de las piezas. Su elasticidad garantiza un ajuste regular sin deformar la carne, asegurando as\u00ed una cocci\u00f3n uniforme y una presentaci\u00f3n cuidada. <\/p>\n<p data-start=\"813\" data-end=\"1086\">F\u00e1cil de usar y de cortar a la longitud deseada, se adapta a las necesidades diarias de los profesionales. Presentada en rollos de <strong>50 metros<\/strong>, constituye una soluci\u00f3n econ\u00f3mica y pr\u00e1ctica para carnicer\u00edas, charcuter\u00edas, empresas de catering y talleres de transformaci\u00f3n. <\/p>\n<p data-start=\"1088\" data-end=\"1248\">Dise\u00f1ada para uso alimentario, esta <strong>malla el\u00e1stica<\/strong> es un accesorio indispensable para obtener un acabado profesional, tanto en vitrina como tras la cocci\u00f3n.<\/p>\n<p>&nbsp;<\/p>\n<p><!--more--><\/p>\n<p><strong>Ventajas :<\/strong><\/p>\n<ul>\n<li data-start=\"530\" data-end=\"622\">Permite moldear y conservar la forma de las piezas de carne.<\/li>\n<li data-start=\"623\" data-end=\"695\">Asegura una buena sujeci\u00f3n sin comprimir en exceso.<\/li>\n<li data-start=\"696\" data-end=\"792\">Adecuada para charcuter\u00eda, asados y otras preparaciones.<\/li>\n<li data-start=\"793\" data-end=\"877\">Rollo de <strong data-start=\"830\" data-end=\"843\">50 metros<\/strong> para un uso prolongado.<\/li>\n<li data-start=\"878\" data-end=\"961\">Dise\u00f1ada para soportar las temperaturas de cocci\u00f3n.<\/li>\n<\/ul>\n<p>&nbsp;<\/p>\n<p><!--more--><\/p>\n<h4>Informaci\u00f3n adicional :<\/h4>\n<ul>\n<li><strong>Embalaje<\/strong>: Por unidad<\/li>\n<li><b>Longitud: <\/b>50 m<\/li>\n<li><strong>Color<\/strong>: blanco<\/li>\n<li><strong>Material<\/strong>: Poli\u00e9ster<\/li>\n<li><strong>N\u00famero de mallas<\/strong>: 14<\/li>\n<li><strong>Temperatura de funcionamiento<\/strong>: -18\u00baC\/+100\u00baC<\/li>\n<\/ul>\n<p>&nbsp;<\/p>\n<p><!--more--><\/p>\n<p>Este producto est\u00e1 disponible en diferentes tama\u00f1os: <span style=\"color: #d12727;\"><a style=\"color: #d12727;\" href=\"https:\/\/www.csj-emballages.com\/es\/produit\/red-elastica-de-malla-16-50-m\/\">16 puntos<\/a><\/span> \/ <span style=\"color: #d12727;\"><a style=\"color: #d12727;\" href=\"https:\/\/www.csj-emballages.com\/es\/produit\/red-elastica-18-mallas-50-m\/\">18 mallas<\/a><\/span><\/p>\n<p>&nbsp;<\/p>\n<p><!--more--><\/p>\n<p><a href=\"https:\/\/www.csj-emballages.com\/es\/categorie-produit\/envasado-de-alimentos\/carniceria-y-charcuteria\/bobinas-redes-es\/\">Ver el resto de nuestra gama de carretes \/ redes<\/a><\/p>\n","protected":false},"excerpt":{"rendered":"<p>Red el\u00e1stica Descripci\u00f3n de nuestra red el\u00e1stica de 14 mallas y 50 m<\/p>\n","protected":false},"featured_media":225347,"template":"","meta":{"_acf_changed":false},"product_brand":[],"product_cat":[1143,2620],"product_tag":[],"class_list":{"0":"post-20777","1":"product","2":"type-product","3":"status-publish","4":"has-post-thumbnail","6":"product_cat-carniceria-y-charcuteria","7":"product_cat-bobinas-redes-es","9":"first","10":"instock","11":"taxable","12":"shipping-taxable","13":"purchasable","14":"product-type-simple"},"acf":[],"yoast_head":"<!-- This site is optimized with the Yoast SEO Premium plugin v26.6 (Yoast SEO v26.6) - https:\/\/yoast.com\/wordpress\/plugins\/seo\/ -->\n<title>Red el\u00e1stica de malla 14 50 m<\/title>\n<meta name=\"description\" content=\"Malla el\u00e1stica 14 mallas - 50 m: Ideal para la sujeci\u00f3n y el moldeado de carnes en cocci\u00f3n o almacenamiento. Resistente y flexible, sujeci\u00f3n perfecta.\" \/>\n<meta name=\"robots\" content=\"index, follow, max-snippet:-1, max-image-preview:large, max-video-preview:-1\" \/>\n<link rel=\"canonical\" href=\"https:\/\/www.csj-emballages.com\/es\/produit\/red-elastica-de-malla-14-50-m\/\" \/>\n<meta property=\"og:locale\" content=\"es_ES\" \/>\n<meta property=\"og:type\" content=\"article\" \/>\n<meta property=\"og:title\" content=\"Red el\u00e1stica 14 redes 50m\" \/>\n<meta property=\"og:description\" content=\"Malla el\u00e1stica 14 mallas - 50 m: Ideal para la sujeci\u00f3n y el moldeado de carnes en cocci\u00f3n o almacenamiento. Resistente y flexible, sujeci\u00f3n perfecta.\" \/>\n<meta property=\"og:url\" content=\"https:\/\/www.csj-emballages.com\/es\/produit\/red-elastica-de-malla-14-50-m\/\" \/>\n<meta property=\"og:site_name\" content=\"CSJ Emballages\" \/>\n<meta property=\"article:publisher\" content=\"https:\/\/www.facebook.com\/csjemballages\" \/>\n<meta property=\"article:modified_time\" content=\"2026-03-12T15:24:52+00:00\" \/>\n<meta property=\"og:image\" content=\"https:\/\/www.csj-emballages.com\/wp-content\/uploads\/2024\/03\/Filets-14-png.webp\" \/>\n\t<meta property=\"og:image:width\" content=\"800\" \/>\n\t<meta property=\"og:image:height\" content=\"800\" \/>\n\t<meta property=\"og:image:type\" content=\"image\/png\" \/>\n<meta name=\"twitter:card\" content=\"summary_large_image\" \/>\n<meta name=\"twitter:label1\" content=\"Tiempo de lectura\" \/>\n\t<meta name=\"twitter:data1\" content=\"1 minuto\" \/>\n<script type=\"application\/ld+json\" class=\"yoast-schema-graph\">{\"@context\":\"https:\/\/schema.org\",\"@graph\":[{\"@type\":\"WebPage\",\"@id\":\"https:\/\/www.csj-emballages.com\/es\/produit\/red-elastica-de-malla-14-50-m\/\",\"url\":\"https:\/\/www.csj-emballages.com\/es\/produit\/red-elastica-de-malla-14-50-m\/\",\"name\":\"Red el\u00e1stica de malla 14 50 m\",\"isPartOf\":{\"@id\":\"https:\/\/www.csj-emballages.com\/es\/#website\"},\"primaryImageOfPage\":{\"@id\":\"https:\/\/www.csj-emballages.com\/es\/produit\/red-elastica-de-malla-14-50-m\/#primaryimage\"},\"image\":{\"@id\":\"https:\/\/www.csj-emballages.com\/es\/produit\/red-elastica-de-malla-14-50-m\/#primaryimage\"},\"thumbnailUrl\":\"https:\/\/www.csj-emballages.com\/wp-content\/uploads\/2024\/03\/Filets-14-png.webp\",\"datePublished\":\"2024-03-01T15:54:18+00:00\",\"dateModified\":\"2026-03-12T15:24:52+00:00\",\"description\":\"Malla el\u00e1stica 14 mallas - 50 m: Ideal para la sujeci\u00f3n y el moldeado de carnes en cocci\u00f3n o almacenamiento. Resistente y flexible, sujeci\u00f3n perfecta.\",\"breadcrumb\":{\"@id\":\"https:\/\/www.csj-emballages.com\/es\/produit\/red-elastica-de-malla-14-50-m\/#breadcrumb\"},\"inLanguage\":\"es\",\"potentialAction\":[{\"@type\":\"ReadAction\",\"target\":[\"https:\/\/www.csj-emballages.com\/es\/produit\/red-elastica-de-malla-14-50-m\/\"]}]},{\"@type\":\"ImageObject\",\"inLanguage\":\"es\",\"@id\":\"https:\/\/www.csj-emballages.com\/es\/produit\/red-elastica-de-malla-14-50-m\/#primaryimage\",\"url\":\"https:\/\/www.csj-emballages.com\/wp-content\/uploads\/2024\/03\/Filets-14-png.webp\",\"contentUrl\":\"https:\/\/www.csj-emballages.com\/wp-content\/uploads\/2024\/03\/Filets-14-png.webp\",\"width\":800,\"height\":800,\"caption\":\"Filet \u00e9lastique 14 mailles - 50 m : Id\u00e9al pour le maintien et le fa\u00e7onnage des viandes en cuisson ou stockage. R\u00e9sistant et souple, il garantit un maintien parfait\"},{\"@type\":\"BreadcrumbList\",\"@id\":\"https:\/\/www.csj-emballages.com\/es\/produit\/red-elastica-de-malla-14-50-m\/#breadcrumb\",\"itemListElement\":[{\"@type\":\"ListItem\",\"position\":1,\"name\":\"Accueil\",\"item\":\"https:\/\/www.csj-emballages.com\/es\/universo-del-envasado-alimentario\/\"},{\"@type\":\"ListItem\",\"position\":2,\"name\":\"Tienda\",\"item\":\"https:\/\/www.csj-emballages.com\/tienda\/\"},{\"@type\":\"ListItem\",\"position\":3,\"name\":\"Red el\u00e1stica 14 redes 50m\"}]},{\"@type\":\"WebSite\",\"@id\":\"https:\/\/www.csj-emballages.com\/es\/#website\",\"url\":\"https:\/\/www.csj-emballages.com\/es\/\",\"name\":\"CSJ Emballages\",\"description\":\"\",\"publisher\":{\"@id\":\"https:\/\/www.csj-emballages.com\/es\/#organization\"},\"potentialAction\":[{\"@type\":\"SearchAction\",\"target\":{\"@type\":\"EntryPoint\",\"urlTemplate\":\"https:\/\/www.csj-emballages.com\/es\/?s={search_term_string}\"},\"query-input\":{\"@type\":\"PropertyValueSpecification\",\"valueRequired\":true,\"valueName\":\"search_term_string\"}}],\"inLanguage\":\"es\"},{\"@type\":\"Organization\",\"@id\":\"https:\/\/www.csj-emballages.com\/es\/#Organization\/\",\"name\":\"CSJ Emballages\",\"url\":\"https:\/\/www.csj-emballages.com\/es\/\",\"logo\":{\"@type\":\"ImageObject\",\"inLanguage\":\"es\",\"@id\":\"https:\/\/www.csj-emballages.com\/es\/#\/schema\/logo\/image\/\",\"url\":\"https:\/\/www.csj-emballages.com\/wp-content\/uploads\/2023\/10\/logo_csj.webp\",\"contentUrl\":\"https:\/\/www.csj-emballages.com\/wp-content\/uploads\/2023\/10\/logo_csj.webp\",\"width\":250,\"height\":95,\"caption\":\"CSJ Emballages\"},\"image\":{\"@id\":\"https:\/\/www.csj-emballages.com\/es\/#\/schema\/logo\/image\/\"},\"sameAs\":[\"https:\/\/www.facebook.com\/csjemballages\"],\"address\":{\"@type\":\"PostalAddress\",\"streetAddress\":\"ZI La Lechere\",\"addressLocality\":\"Patornay\",\"postalCode\":\"39130\",\"addressCountry\":\"FR\"},\"contactPoint\":[{\"@type\":\"ContactPoint\",\"contactType\":\"Service client\",\"telephone\":\"0384254272\",\"email\":\"contact@csj-emballages.com\"}]}]}<\/script>\n<!-- \/ Yoast SEO Premium plugin. -->","yoast_head_json":{"title":"Red el\u00e1stica de malla 14 50 m","description":"Malla el\u00e1stica 14 mallas - 50 m: Ideal para la sujeci\u00f3n y el moldeado de carnes en cocci\u00f3n o almacenamiento. Resistente y flexible, sujeci\u00f3n perfecta.","robots":{"index":"index","follow":"follow","max-snippet":"max-snippet:-1","max-image-preview":"max-image-preview:large","max-video-preview":"max-video-preview:-1"},"canonical":"https:\/\/www.csj-emballages.com\/es\/produit\/red-elastica-de-malla-14-50-m\/","og_locale":"es_ES","og_type":"article","og_title":"Red el\u00e1stica 14 redes 50m","og_description":"Malla el\u00e1stica 14 mallas - 50 m: Ideal para la sujeci\u00f3n y el moldeado de carnes en cocci\u00f3n o almacenamiento. Resistente y flexible, sujeci\u00f3n perfecta.","og_url":"https:\/\/www.csj-emballages.com\/es\/produit\/red-elastica-de-malla-14-50-m\/","og_site_name":"CSJ Emballages","article_publisher":"https:\/\/www.facebook.com\/csjemballages","article_modified_time":"2026-03-12T15:24:52+00:00","og_image":[{"width":800,"height":800,"url":"https:\/\/www.csj-emballages.com\/wp-content\/uploads\/2024\/03\/Filets-14-png.webp","type":"image\/png"}],"twitter_card":"summary_large_image","twitter_misc":{"Tiempo de lectura":"1 minuto"},"schema":{"@context":"https:\/\/schema.org","@graph":[{"@type":"WebPage","@id":"https:\/\/www.csj-emballages.com\/es\/produit\/red-elastica-de-malla-14-50-m\/","url":"https:\/\/www.csj-emballages.com\/es\/produit\/red-elastica-de-malla-14-50-m\/","name":"Red el\u00e1stica de malla 14 50 m","isPartOf":{"@id":"https:\/\/www.csj-emballages.com\/es\/#website"},"primaryImageOfPage":{"@id":"https:\/\/www.csj-emballages.com\/es\/produit\/red-elastica-de-malla-14-50-m\/#primaryimage"},"image":{"@id":"https:\/\/www.csj-emballages.com\/es\/produit\/red-elastica-de-malla-14-50-m\/#primaryimage"},"thumbnailUrl":"https:\/\/www.csj-emballages.com\/wp-content\/uploads\/2024\/03\/Filets-14-png.webp","datePublished":"2024-03-01T15:54:18+00:00","dateModified":"2026-03-12T15:24:52+00:00","description":"Malla el\u00e1stica 14 mallas - 50 m: Ideal para la sujeci\u00f3n y el moldeado de carnes en cocci\u00f3n o almacenamiento. Resistente y flexible, sujeci\u00f3n perfecta.","breadcrumb":{"@id":"https:\/\/www.csj-emballages.com\/es\/produit\/red-elastica-de-malla-14-50-m\/#breadcrumb"},"inLanguage":"es","potentialAction":[{"@type":"ReadAction","target":["https:\/\/www.csj-emballages.com\/es\/produit\/red-elastica-de-malla-14-50-m\/"]}]},{"@type":"ImageObject","inLanguage":"es","@id":"https:\/\/www.csj-emballages.com\/es\/produit\/red-elastica-de-malla-14-50-m\/#primaryimage","url":"https:\/\/www.csj-emballages.com\/wp-content\/uploads\/2024\/03\/Filets-14-png.webp","contentUrl":"https:\/\/www.csj-emballages.com\/wp-content\/uploads\/2024\/03\/Filets-14-png.webp","width":800,"height":800,"caption":"Filet \u00e9lastique 14 mailles - 50 m : Id\u00e9al pour le maintien et le fa\u00e7onnage des viandes en cuisson ou stockage. R\u00e9sistant et souple, il garantit un maintien parfait"},{"@type":"BreadcrumbList","@id":"https:\/\/www.csj-emballages.com\/es\/produit\/red-elastica-de-malla-14-50-m\/#breadcrumb","itemListElement":[{"@type":"ListItem","position":1,"name":"Accueil","item":"https:\/\/www.csj-emballages.com\/es\/universo-del-envasado-alimentario\/"},{"@type":"ListItem","position":2,"name":"Tienda","item":"https:\/\/www.csj-emballages.com\/tienda\/"},{"@type":"ListItem","position":3,"name":"Red el\u00e1stica 14 redes 50m"}]},{"@type":"WebSite","@id":"https:\/\/www.csj-emballages.com\/es\/#website","url":"https:\/\/www.csj-emballages.com\/es\/","name":"CSJ Emballages","description":"","publisher":{"@id":"https:\/\/www.csj-emballages.com\/es\/#organization"},"potentialAction":[{"@type":"SearchAction","target":{"@type":"EntryPoint","urlTemplate":"https:\/\/www.csj-emballages.com\/es\/?s={search_term_string}"},"query-input":{"@type":"PropertyValueSpecification","valueRequired":true,"valueName":"search_term_string"}}],"inLanguage":"es"},{"@type":"Organization","@id":"https:\/\/www.csj-emballages.com\/es\/#Organization\/","name":"CSJ Emballages","url":"https:\/\/www.csj-emballages.com\/es\/","logo":{"@type":"ImageObject","inLanguage":"es","@id":"https:\/\/www.csj-emballages.com\/es\/#\/schema\/logo\/image\/","url":"https:\/\/www.csj-emballages.com\/wp-content\/uploads\/2023\/10\/logo_csj.webp","contentUrl":"https:\/\/www.csj-emballages.com\/wp-content\/uploads\/2023\/10\/logo_csj.webp","width":250,"height":95,"caption":"CSJ Emballages"},"image":{"@id":"https:\/\/www.csj-emballages.com\/es\/#\/schema\/logo\/image\/"},"sameAs":["https:\/\/www.facebook.com\/csjemballages"],"address":{"@type":"PostalAddress","streetAddress":"ZI La Lechere","addressLocality":"Patornay","postalCode":"39130","addressCountry":"FR"},"contactPoint":[{"@type":"ContactPoint","contactType":"Service client","telephone":"0384254272","email":"contact@csj-emballages.com"}]}]}},"df_price":21.82,"df_sale_price":"","df_regular_price":21.82,"df_image_link":"https:\/\/www.csj-emballages.com\/wp-content\/uploads\/2024\/03\/Filets-14-300x300.webp","tiered_pricing_type":"fixed","tiered_pricing_fixed_rules":[],"tiered_pricing_percentage_rules":[],"tiered_pricing_minimum":1,"tiered_pricing_roles_data":[],"_links":{"self":[{"href":"https:\/\/www.csj-emballages.com\/es\/wp-json\/wp\/v2\/product\/20777","targetHints":{"allow":["GET"]}}],"collection":[{"href":"https:\/\/www.csj-emballages.com\/es\/wp-json\/wp\/v2\/product"}],"about":[{"href":"https:\/\/www.csj-emballages.com\/es\/wp-json\/wp\/v2\/types\/product"}],"wp:featuredmedia":[{"embeddable":true,"href":"https:\/\/www.csj-emballages.com\/es\/wp-json\/wp\/v2\/media\/225347"}],"wp:attachment":[{"href":"https:\/\/www.csj-emballages.com\/es\/wp-json\/wp\/v2\/media?parent=20777"}],"wp:term":[{"taxonomy":"product_brand","embeddable":true,"href":"https:\/\/www.csj-emballages.com\/es\/wp-json\/wp\/v2\/product_brand?post=20777"},{"taxonomy":"product_cat","embeddable":true,"href":"https:\/\/www.csj-emballages.com\/es\/wp-json\/wp\/v2\/product_cat?post=20777"},{"taxonomy":"product_tag","embeddable":true,"href":"https:\/\/www.csj-emballages.com\/es\/wp-json\/wp\/v2\/product_tag?post=20777"}],"curies":[{"name":"wp","href":"https:\/\/api.w.org\/{rel}","templated":true}]}}