{"id":20759,"date":"2024-03-01T16:54:19","date_gmt":"2024-03-01T15:54:19","guid":{"rendered":"https:\/\/u15jnbdpoq.preview.infomaniak.website\/produit\/250-tazas-blancas-papel-de-horno-doblado-165-ml\/"},"modified":"2026-03-12T16:24:45","modified_gmt":"2026-03-12T15:24:45","slug":"250-tazas-blancas-papel-de-horno-doblado-165-ml","status":"publish","type":"product","link":"https:\/\/www.csj-emballages.com\/es\/produit\/250-tazas-blancas-papel-de-horno-doblado-165-ml\/","title":{"rendered":"Taza de papel de cocina blanco 165 ml por 250"},"content":{"rendered":"<h2>Cubo de papel blanco<\/h2>\n<hr>\n<h3>Descripci\u00f3n de nuestro vaso de papel de horno blanco plisado 165 ml por 250<\/h3>\n<p><!--more--><\/p>\n<div class=\"flex w-full flex-col gap-1 empty:hidden first:pt-[1px]\">\n<div class=\"markdown prose dark:prose-invert w-full break-words dark markdown-new-styling\">\n<p data-start=\"253\" data-end=\"581\">\u00bfNecesita un soporte pr\u00e1ctico y elegante para su vajilla? El <strong>vaso de papel de horno blanco plisado de 165 ml<\/strong> es el peque\u00f1o imprescindible que necesitas en la cocina. Tanto si hornea esponjosas magdalenas, peque\u00f1os pasteles, flanes individuales o incluso bocados salados, tiene lo que busca. Fabricado con <strong>papel de horno<\/strong>, es perfecto para hornear sin deformar, quemar o alterar el sabor de sus preparaciones. Gracias a su tama\u00f1o de <strong>165 ml<\/strong>, ofrece una generosa capacidad. Ideal para porciones generosas, elabora postres y entrantes bien calibrados y f\u00e1ciles de servir.     <\/p>\n<p data-start=\"978\" data-end=\"1421\">Su dise\u00f1o <strong>plisado blanco<\/strong> a\u00f1ade un toque limpio y profesional a todas sus presentaciones. Tanto si es un panadero artesano, un hostelero, un restaurador o un aficionado a la reposter\u00eda casera, apreciar\u00e1 lo f\u00e1cil que es de usar y lo higi\u00e9nico que resulta. No hay necesidad de engrasar sus moldes: el <strong>papel antiadherente<\/strong> garantiza un f\u00e1cil desmoldado y un acabado perfecto, incluso para las recetas m\u00e1s delicadas.  <\/p>\n<p data-start=\"1423\" data-end=\"1695\">Este paquete, que se vende en paquetes de <strong>250<\/strong> unidades, est\u00e1 pensado para los profesionales que buscan eficacia y ahorro de tiempo. Y como el <strong>papel es reciclable<\/strong>, contribuir\u00e1s a un enfoque m\u00e1s responsable y ecol\u00f3gico, sin renunciar a la calidad. <\/p>\n<p data-start=\"1697\" data-end=\"1872\">En resumen, el <strong>vaso de papel de horno blanco plisado de 165 ml<\/strong> combina est\u00e9tica, practicidad y rendimiento: \u00a1todo lo que necesita para sacar lo mejor de sus creaciones dulces y saladas!<\/p>\n<p data-start=\"1697\" data-end=\"1872\">\n<\/div>\n<\/div>\n<p><!--more--><\/p>\n<p><strong>Ventajas :<\/strong><\/p>\n<ul>\n<li data-start=\"1709\" data-end=\"1761\">Soporta <strong data-start=\"1722\" data-end=\"1741\">la cocci\u00f3n en horno<\/strong> sin deformarse.<\/li>\n<li data-start=\"1764\" data-end=\"1821\">Formato de <strong>165<\/strong> <strong data-start=\"1771\" data-end=\"1780\">ml<\/strong> ideal para raciones individuales.<\/li>\n<li data-start=\"1824\" data-end=\"1881\"><strong data-start=\"1824\" data-end=\"1838\">Reciclable<\/strong> y pr\u00e1ctico para uso profesional.<\/li>\n<li data-start=\"1884\" data-end=\"1936\">Papel <strong data-start=\"1891\" data-end=\"1907\">blanco plisado<\/strong> con un acabado limpio y ordenado.<\/li>\n<li data-start=\"1939\" data-end=\"1992\">Envasado <strong data-start=\"1939\" data-end=\"1965\">en paquetes de 250 unidades<\/strong> para un ahorro real.<\/li>\n<\/ul>\n<p>&nbsp;<\/p>\n<p><!--more--><\/p>\n<h4>Informaci\u00f3n adicional :<\/h4>\n<ul>\n<li><strong>Envase<\/strong>: Paquete de 250<\/li>\n<li><strong>Dimensiones<\/strong>: 80 x 40 (\u00d8 x H en mm)<\/li>\n<li><strong>Volumen<\/strong>: 165 ml<\/li>\n<li><strong>Material<\/strong>: Papel sulfurizado<\/li>\n<\/ul>\n<p>&nbsp;<\/p>\n<p><!--more--><\/p>\n<p>Este vaso de papel blanco est\u00e1 disponible en diferentes tama\u00f1os: <span style=\"color: #d12727;\"><a style=\"color: #d12727;\" href=\"https:\/\/www.csj-emballages.com\/es\/produit\/250-tazas-blancas-papel-de-horno-doblado-30-ml\/\">30 ml<\/a><\/span> \/ <span style=\"color: #d12727;\"><a style=\"color: #d12727;\" href=\"https:\/\/www.csj-emballages.com\/es\/produit\/250-tazas-blancas-papel-de-horno-doblado-37-ml\/\">37 ml<\/a><\/span> \/ <span style=\"color: #d12727;\"><a style=\"color: #d12727;\" href=\"https:\/\/www.csj-emballages.com\/produit\/250-godets-blancs-papier-cuissons-plissees-60-ml\/\">60 ml<\/a><\/span> \/ <span style=\"color: #d12727;\"><a style=\"color: #d12727;\" href=\"https:\/\/www.csj-emballages.com\/produit\/250-godets-blancs-papier-cuissons-plissees-100-ml\/\">100 ml<\/a><\/span> \/ <span style=\"color: #d12727;\"><a style=\"color: #d12727;\" href=\"https:\/\/www.csj-emballages.com\/es\/produit\/250-tazas-blancas-papel-de-horno-plisado-120-ml\/\">120 ml<\/a><\/span><\/p>\n<p>&nbsp;<\/p>\n<p><!--more--><\/p>\n<p><a href=\"https:\/\/www.csj-emballages.com\/es\/categorie-produit\/envasado-de-alimentos\/panaderia-y-pasteleria\/cocina-es\/cubos-de-papel\/\">Ver el resto de nuestra gama de cubos de papel<\/a><\/p>\n","protected":false},"excerpt":{"rendered":"<p>Cubo de papel blanco Descripci\u00f3n de nuestro vaso de papel de horno blanco plisado 165 ml por 250<\/p>\n","protected":false},"featured_media":251429,"template":"","meta":{"_acf_changed":false},"product_brand":[],"product_cat":[1145,2600],"product_tag":[],"class_list":{"0":"post-20759","1":"product","2":"type-product","3":"status-publish","4":"has-post-thumbnail","6":"product_cat-panaderia-y-pasteleria","7":"product_cat-cubos-de-papel","9":"first","10":"outofstock","11":"taxable","12":"shipping-taxable","13":"purchasable","14":"product-type-simple"},"acf":[],"yoast_head":"<!-- This site is optimized with the Yoast SEO Premium plugin v26.6 (Yoast SEO v26.6) - https:\/\/yoast.com\/wordpress\/plugins\/seo\/ -->\n<title>Cuet Papier Blanc Cuisson Pliss\u00e9 165 ml par 250<\/title>\n<meta name=\"description\" content=\"\u00a1Te encantar\u00e1 el vaso de papel de horno blanco plisado de 165 ml! Resistente al horno, limpio y pr\u00e1ctico, es perfecto para tus mignardises y salsas individuales.\" \/>\n<meta name=\"robots\" content=\"index, follow, max-snippet:-1, max-image-preview:large, max-video-preview:-1\" \/>\n<link rel=\"canonical\" href=\"https:\/\/www.csj-emballages.com\/es\/produit\/250-tazas-blancas-papel-de-horno-doblado-165-ml\/\" \/>\n<meta property=\"og:locale\" content=\"es_ES\" \/>\n<meta property=\"og:type\" content=\"article\" \/>\n<meta property=\"og:title\" content=\"Taza de papel de cocina blanco 165 ml por 250\" \/>\n<meta property=\"og:description\" content=\"\u00a1Te encantar\u00e1 el vaso de papel de horno blanco plisado de 165 ml! Resistente al horno, limpio y pr\u00e1ctico, es perfecto para tus mignardises y salsas individuales.\" \/>\n<meta property=\"og:url\" content=\"https:\/\/www.csj-emballages.com\/es\/produit\/250-tazas-blancas-papel-de-horno-doblado-165-ml\/\" \/>\n<meta property=\"og:site_name\" content=\"CSJ Emballages\" \/>\n<meta property=\"article:publisher\" content=\"https:\/\/www.facebook.com\/csjemballages\" \/>\n<meta property=\"article:modified_time\" content=\"2026-03-12T15:24:45+00:00\" \/>\n<meta property=\"og:image\" content=\"https:\/\/www.csj-emballages.com\/wp-content\/uploads\/2024\/03\/F550.webp\" \/>\n\t<meta property=\"og:image:width\" content=\"800\" \/>\n\t<meta property=\"og:image:height\" content=\"800\" \/>\n\t<meta property=\"og:image:type\" content=\"image\/webp\" \/>\n<meta name=\"twitter:card\" content=\"summary_large_image\" \/>\n<meta name=\"twitter:label1\" content=\"Tiempo de lectura\" \/>\n\t<meta name=\"twitter:data1\" content=\"2 minutos\" \/>\n<script type=\"application\/ld+json\" class=\"yoast-schema-graph\">{\"@context\":\"https:\/\/schema.org\",\"@graph\":[{\"@type\":\"WebPage\",\"@id\":\"https:\/\/www.csj-emballages.com\/es\/produit\/250-tazas-blancas-papel-de-horno-doblado-165-ml\/\",\"url\":\"https:\/\/www.csj-emballages.com\/es\/produit\/250-tazas-blancas-papel-de-horno-doblado-165-ml\/\",\"name\":\"Cuet Papier Blanc Cuisson Pliss\u00e9 165 ml par 250\",\"isPartOf\":{\"@id\":\"https:\/\/www.csj-emballages.com\/es\/#website\"},\"primaryImageOfPage\":{\"@id\":\"https:\/\/www.csj-emballages.com\/es\/produit\/250-tazas-blancas-papel-de-horno-doblado-165-ml\/#primaryimage\"},\"image\":{\"@id\":\"https:\/\/www.csj-emballages.com\/es\/produit\/250-tazas-blancas-papel-de-horno-doblado-165-ml\/#primaryimage\"},\"thumbnailUrl\":\"https:\/\/www.csj-emballages.com\/wp-content\/uploads\/2024\/03\/F550.webp\",\"datePublished\":\"2024-03-01T15:54:19+00:00\",\"dateModified\":\"2026-03-12T15:24:45+00:00\",\"description\":\"\u00a1Te encantar\u00e1 el vaso de papel de horno blanco plisado de 165 ml! Resistente al horno, limpio y pr\u00e1ctico, es perfecto para tus mignardises y salsas individuales.\",\"breadcrumb\":{\"@id\":\"https:\/\/www.csj-emballages.com\/es\/produit\/250-tazas-blancas-papel-de-horno-doblado-165-ml\/#breadcrumb\"},\"inLanguage\":\"es\",\"potentialAction\":[{\"@type\":\"ReadAction\",\"target\":[\"https:\/\/www.csj-emballages.com\/es\/produit\/250-tazas-blancas-papel-de-horno-doblado-165-ml\/\"]}]},{\"@type\":\"ImageObject\",\"inLanguage\":\"es\",\"@id\":\"https:\/\/www.csj-emballages.com\/es\/produit\/250-tazas-blancas-papel-de-horno-doblado-165-ml\/#primaryimage\",\"url\":\"https:\/\/www.csj-emballages.com\/wp-content\/uploads\/2024\/03\/F550.webp\",\"contentUrl\":\"https:\/\/www.csj-emballages.com\/wp-content\/uploads\/2024\/03\/F550.webp\",\"width\":800,\"height\":800,\"caption\":\"Godet papier blanc\"},{\"@type\":\"BreadcrumbList\",\"@id\":\"https:\/\/www.csj-emballages.com\/es\/produit\/250-tazas-blancas-papel-de-horno-doblado-165-ml\/#breadcrumb\",\"itemListElement\":[{\"@type\":\"ListItem\",\"position\":1,\"name\":\"Accueil\",\"item\":\"https:\/\/www.csj-emballages.com\/es\/universo-del-envasado-alimentario\/\"},{\"@type\":\"ListItem\",\"position\":2,\"name\":\"Tienda\",\"item\":\"https:\/\/www.csj-emballages.com\/tienda\/\"},{\"@type\":\"ListItem\",\"position\":3,\"name\":\"Taza de papel de cocina blanco 165 ml por 250\"}]},{\"@type\":\"WebSite\",\"@id\":\"https:\/\/www.csj-emballages.com\/es\/#website\",\"url\":\"https:\/\/www.csj-emballages.com\/es\/\",\"name\":\"CSJ Emballages\",\"description\":\"\",\"publisher\":{\"@id\":\"https:\/\/www.csj-emballages.com\/es\/#organization\"},\"potentialAction\":[{\"@type\":\"SearchAction\",\"target\":{\"@type\":\"EntryPoint\",\"urlTemplate\":\"https:\/\/www.csj-emballages.com\/es\/?s={search_term_string}\"},\"query-input\":{\"@type\":\"PropertyValueSpecification\",\"valueRequired\":true,\"valueName\":\"search_term_string\"}}],\"inLanguage\":\"es\"},{\"@type\":\"Organization\",\"@id\":\"https:\/\/www.csj-emballages.com\/es\/#Organization\/\",\"name\":\"CSJ Emballages\",\"url\":\"https:\/\/www.csj-emballages.com\/es\/\",\"logo\":{\"@type\":\"ImageObject\",\"inLanguage\":\"es\",\"@id\":\"https:\/\/www.csj-emballages.com\/es\/#\/schema\/logo\/image\/\",\"url\":\"https:\/\/www.csj-emballages.com\/wp-content\/uploads\/2023\/10\/logo_csj.webp\",\"contentUrl\":\"https:\/\/www.csj-emballages.com\/wp-content\/uploads\/2023\/10\/logo_csj.webp\",\"width\":250,\"height\":95,\"caption\":\"CSJ Emballages\"},\"image\":{\"@id\":\"https:\/\/www.csj-emballages.com\/es\/#\/schema\/logo\/image\/\"},\"sameAs\":[\"https:\/\/www.facebook.com\/csjemballages\"],\"address\":{\"@type\":\"PostalAddress\",\"streetAddress\":\"ZI La Lechere\",\"addressLocality\":\"Patornay\",\"postalCode\":\"39130\",\"addressCountry\":\"FR\"},\"contactPoint\":[{\"@type\":\"ContactPoint\",\"contactType\":\"Service client\",\"telephone\":\"0384254272\",\"email\":\"contact@csj-emballages.com\"}]}]}<\/script>\n<!-- \/ Yoast SEO Premium plugin. -->","yoast_head_json":{"title":"Cuet Papier Blanc Cuisson Pliss\u00e9 165 ml par 250","description":"\u00a1Te encantar\u00e1 el vaso de papel de horno blanco plisado de 165 ml! Resistente al horno, limpio y pr\u00e1ctico, es perfecto para tus mignardises y salsas individuales.","robots":{"index":"index","follow":"follow","max-snippet":"max-snippet:-1","max-image-preview":"max-image-preview:large","max-video-preview":"max-video-preview:-1"},"canonical":"https:\/\/www.csj-emballages.com\/es\/produit\/250-tazas-blancas-papel-de-horno-doblado-165-ml\/","og_locale":"es_ES","og_type":"article","og_title":"Taza de papel de cocina blanco 165 ml por 250","og_description":"\u00a1Te encantar\u00e1 el vaso de papel de horno blanco plisado de 165 ml! Resistente al horno, limpio y pr\u00e1ctico, es perfecto para tus mignardises y salsas individuales.","og_url":"https:\/\/www.csj-emballages.com\/es\/produit\/250-tazas-blancas-papel-de-horno-doblado-165-ml\/","og_site_name":"CSJ Emballages","article_publisher":"https:\/\/www.facebook.com\/csjemballages","article_modified_time":"2026-03-12T15:24:45+00:00","og_image":[{"width":800,"height":800,"url":"https:\/\/www.csj-emballages.com\/wp-content\/uploads\/2024\/03\/F550.webp","type":"image\/webp"}],"twitter_card":"summary_large_image","twitter_misc":{"Tiempo de lectura":"2 minutos"},"schema":{"@context":"https:\/\/schema.org","@graph":[{"@type":"WebPage","@id":"https:\/\/www.csj-emballages.com\/es\/produit\/250-tazas-blancas-papel-de-horno-doblado-165-ml\/","url":"https:\/\/www.csj-emballages.com\/es\/produit\/250-tazas-blancas-papel-de-horno-doblado-165-ml\/","name":"Cuet Papier Blanc Cuisson Pliss\u00e9 165 ml par 250","isPartOf":{"@id":"https:\/\/www.csj-emballages.com\/es\/#website"},"primaryImageOfPage":{"@id":"https:\/\/www.csj-emballages.com\/es\/produit\/250-tazas-blancas-papel-de-horno-doblado-165-ml\/#primaryimage"},"image":{"@id":"https:\/\/www.csj-emballages.com\/es\/produit\/250-tazas-blancas-papel-de-horno-doblado-165-ml\/#primaryimage"},"thumbnailUrl":"https:\/\/www.csj-emballages.com\/wp-content\/uploads\/2024\/03\/F550.webp","datePublished":"2024-03-01T15:54:19+00:00","dateModified":"2026-03-12T15:24:45+00:00","description":"\u00a1Te encantar\u00e1 el vaso de papel de horno blanco plisado de 165 ml! Resistente al horno, limpio y pr\u00e1ctico, es perfecto para tus mignardises y salsas individuales.","breadcrumb":{"@id":"https:\/\/www.csj-emballages.com\/es\/produit\/250-tazas-blancas-papel-de-horno-doblado-165-ml\/#breadcrumb"},"inLanguage":"es","potentialAction":[{"@type":"ReadAction","target":["https:\/\/www.csj-emballages.com\/es\/produit\/250-tazas-blancas-papel-de-horno-doblado-165-ml\/"]}]},{"@type":"ImageObject","inLanguage":"es","@id":"https:\/\/www.csj-emballages.com\/es\/produit\/250-tazas-blancas-papel-de-horno-doblado-165-ml\/#primaryimage","url":"https:\/\/www.csj-emballages.com\/wp-content\/uploads\/2024\/03\/F550.webp","contentUrl":"https:\/\/www.csj-emballages.com\/wp-content\/uploads\/2024\/03\/F550.webp","width":800,"height":800,"caption":"Godet papier blanc"},{"@type":"BreadcrumbList","@id":"https:\/\/www.csj-emballages.com\/es\/produit\/250-tazas-blancas-papel-de-horno-doblado-165-ml\/#breadcrumb","itemListElement":[{"@type":"ListItem","position":1,"name":"Accueil","item":"https:\/\/www.csj-emballages.com\/es\/universo-del-envasado-alimentario\/"},{"@type":"ListItem","position":2,"name":"Tienda","item":"https:\/\/www.csj-emballages.com\/tienda\/"},{"@type":"ListItem","position":3,"name":"Taza de papel de cocina blanco 165 ml por 250"}]},{"@type":"WebSite","@id":"https:\/\/www.csj-emballages.com\/es\/#website","url":"https:\/\/www.csj-emballages.com\/es\/","name":"CSJ Emballages","description":"","publisher":{"@id":"https:\/\/www.csj-emballages.com\/es\/#organization"},"potentialAction":[{"@type":"SearchAction","target":{"@type":"EntryPoint","urlTemplate":"https:\/\/www.csj-emballages.com\/es\/?s={search_term_string}"},"query-input":{"@type":"PropertyValueSpecification","valueRequired":true,"valueName":"search_term_string"}}],"inLanguage":"es"},{"@type":"Organization","@id":"https:\/\/www.csj-emballages.com\/es\/#Organization\/","name":"CSJ Emballages","url":"https:\/\/www.csj-emballages.com\/es\/","logo":{"@type":"ImageObject","inLanguage":"es","@id":"https:\/\/www.csj-emballages.com\/es\/#\/schema\/logo\/image\/","url":"https:\/\/www.csj-emballages.com\/wp-content\/uploads\/2023\/10\/logo_csj.webp","contentUrl":"https:\/\/www.csj-emballages.com\/wp-content\/uploads\/2023\/10\/logo_csj.webp","width":250,"height":95,"caption":"CSJ Emballages"},"image":{"@id":"https:\/\/www.csj-emballages.com\/es\/#\/schema\/logo\/image\/"},"sameAs":["https:\/\/www.facebook.com\/csjemballages"],"address":{"@type":"PostalAddress","streetAddress":"ZI La Lechere","addressLocality":"Patornay","postalCode":"39130","addressCountry":"FR"},"contactPoint":[{"@type":"ContactPoint","contactType":"Service client","telephone":"0384254272","email":"contact@csj-emballages.com"}]}]}},"df_price":17.63,"df_sale_price":"","df_regular_price":17.63,"df_image_link":"https:\/\/www.csj-emballages.com\/wp-content\/uploads\/2024\/03\/F550-300x300.webp","tiered_pricing_type":"fixed","tiered_pricing_fixed_rules":[],"tiered_pricing_percentage_rules":[],"tiered_pricing_minimum":1,"tiered_pricing_roles_data":[],"_links":{"self":[{"href":"https:\/\/www.csj-emballages.com\/es\/wp-json\/wp\/v2\/product\/20759","targetHints":{"allow":["GET"]}}],"collection":[{"href":"https:\/\/www.csj-emballages.com\/es\/wp-json\/wp\/v2\/product"}],"about":[{"href":"https:\/\/www.csj-emballages.com\/es\/wp-json\/wp\/v2\/types\/product"}],"wp:featuredmedia":[{"embeddable":true,"href":"https:\/\/www.csj-emballages.com\/es\/wp-json\/wp\/v2\/media\/251429"}],"wp:attachment":[{"href":"https:\/\/www.csj-emballages.com\/es\/wp-json\/wp\/v2\/media?parent=20759"}],"wp:term":[{"taxonomy":"product_brand","embeddable":true,"href":"https:\/\/www.csj-emballages.com\/es\/wp-json\/wp\/v2\/product_brand?post=20759"},{"taxonomy":"product_cat","embeddable":true,"href":"https:\/\/www.csj-emballages.com\/es\/wp-json\/wp\/v2\/product_cat?post=20759"},{"taxonomy":"product_tag","embeddable":true,"href":"https:\/\/www.csj-emballages.com\/es\/wp-json\/wp\/v2\/product_tag?post=20759"}],"curies":[{"name":"wp","href":"https:\/\/api.w.org\/{rel}","templated":true}]}}