{"id":20746,"date":"2024-03-01T16:54:23","date_gmt":"2024-03-01T15:54:23","guid":{"rendered":"https:\/\/u15jnbdpoq.preview.infomaniak.website\/produit\/10-esponjas-sin-forro-n4\/"},"modified":"2026-03-12T16:24:21","modified_gmt":"2026-03-12T15:24:21","slug":"10-esponjas-sin-forro-n4","status":"publish","type":"product","link":"https:\/\/www.csj-emballages.com\/es\/produit\/10-esponjas-sin-forro-n4\/","title":{"rendered":"Esponja vegetal sin borde n.\u00ba 4, paquete de 10"},"content":{"rendered":"<h2>Esponja sin borde<\/h2>\n<hr>\n<h3>Descripci\u00f3n de nuestra esponja vegetal sin borde n.\u00ba 4, paquete de 10<\/h3>\n<p><!--more--><\/p>\n<div class=\"flex max-w-full flex-col flex-grow\">\n<div class=\"min-h-8 text-message flex w-full flex-col items-end gap-2 whitespace-normal break-words text-start [.text-message+&amp;]:mt-5\" dir=\"auto\" data-message-author-role=\"assistant\" data-message-id=\"266ca6f3-5e07-4948-bd20-80ac5e6da4a5\" data-message-model-slug=\"gpt-4o\">\n<div class=\"flex w-full flex-col gap-1 empty:hidden first:pt-[3px]\">\n<div class=\"markdown prose w-full break-words dark:prose-invert dark\">\n<p data-start=\"239\" data-end=\"572\">Simple, eficaz y siempre \u00fatil, la <strong data-start=\"277\" data-end=\"311\">esponja vegetal sin borde n.\u00ba 4<\/strong> es uno de esos elementos esenciales de los que no se puede prescindir en el d\u00eda a d\u00eda. De hecho, con su textura flexible y su formato pr\u00e1ctico, se adapta f\u00e1cilmente a todos los usos de limpieza, ya sea en la cocina, para fregar, en colectividades o en entornos profesionales. <\/p>\n<p data-start=\"574\" data-end=\"1056\">Gracias a su <strong>material de origen vegetal<\/strong>, esta esponja absorbe r\u00e1pidamente el agua y retiene eficazmente los l\u00edquidos. Esto permite limpiar las superficies sin dejar rastros, a la vez que sigue siendo agradable de manipular. Su ausencia de borde le da una gran libertad de uso: puede utilizarla por todas sus caras, enjuagarla f\u00e1cilmente y secarla m\u00e1s r\u00e1pidamente. Como resultado, se mantiene limpia durante m\u00e1s tiempo y conserva su rendimiento lavado tras lavado.   <\/p>\n<p data-start=\"1058\" data-end=\"1370\">Adem\u00e1s, su <strong>estructura aireada capta bien la suciedad<\/strong> sin rayar las superficies. Es adecuada tanto para encimeras como para mesas, fregaderos o equipos profesionales. Su formato n.\u00ba 4 ofrece un buen equilibrio entre agarre y superficie de limpieza, lo que permite trabajar eficazmente sin fatiga.  <\/p>\n<p data-start=\"1372\" data-end=\"1656\">Vendida <strong data-start=\"1379\" data-end=\"1396\">en lote de 10<\/strong>, esta <strong>esponja vegetal<\/strong> es ideal para gestionar las rotaciones, renovar regularmente el material y mantener un buen nivel de higiene. Es una soluci\u00f3n sencilla, fiable y econ\u00f3mica para quienes buscan un producto pr\u00e1ctico, sin lujos, pero realmente eficaz. <\/p>\n<p data-start=\"1658\" data-end=\"1794\">En resumen, esta <strong>esponja amarilla<\/strong> va directa al grano: limpia bien, dura mucho y se integra f\u00e1cilmente en su rutina de limpieza.<\/p>\n<p>&nbsp;<\/p>\n<\/div>\n<\/div>\n<\/div>\n<\/div>\n<p><!--more--><\/p>\n<h4>Ventajas :<\/h4>\n<ul>\n<li>Retiene una gran cantidad de l\u00edquido para una limpieza eficaz.<\/li>\n<li>M\u00e1s flexible y manejable para llegar a los rincones dif\u00edciles.<\/li>\n<li>Adecuada para la cocina, el ba\u00f1o y las superficies profesionales.<\/li>\n<li>Dise\u00f1ada para un uso intensivo sin degradarse r\u00e1pidamente<\/li>\n<\/ul>\n<p>&nbsp;<\/p>\n<p><!--more--><\/p>\n<h4>Informaci\u00f3n adicional :<\/h4>\n<ul>\n<li><strong>Envase<\/strong>: Paquete de 10<\/li>\n<li><strong>Dimensiones<\/strong>: 12 x 8 x 3 (L x A x A en cm)<\/li>\n<li><strong>Color<\/strong>: Amarillo<\/li>\n<li><strong>Tipo<\/strong>: Planta<\/li>\n<\/ul>\n<p>&nbsp;<\/p>\n<p><!--more--><\/p>\n<p>Aqu\u00ed puedes encontrar nuestra esponja sin forro de la talla 6: <span style=\"color: #d12727;\"><a style=\"color: #d12727;\" href=\"https:\/\/www.csj-emballages.com\/produit\/10-eponges-non-bordees-n6\/\">EPVN6<\/a><\/span><\/p>\n<p>&nbsp;<\/p>\n<p><!--more--><\/p>\n<p>Aqu\u00ed encontrar\u00e1 nuestros otros 4 tipos de esponja: <span style=\"color: #d12727;\"><a style=\"color: #d12727;\" href=\"https:\/\/www.csj-emballages.com\/es\/produit\/10-sellos-verdes-sobre-esponja-rubia-110-x-70-x-22-mm\/\">Estropajo verde<\/a><\/span> \/ <span style=\"color: #d12727;\"><a style=\"color: #d12727;\" href=\"https:\/\/www.csj-emballages.com\/es\/produit\/5-esponjas-magicas-de-melamina-110-x-70-x-30-mm\/\">Esponja m\u00e1gica<\/a><\/span> \/ <span style=\"color: #d12727;\"><a style=\"color: #d12727;\" href=\"https:\/\/www.csj-emballages.com\/es\/produit\/10-bolas-espirales-de-acero-inoxidable-40-grs\/\">Estropajo de acero inoxidable 40 gr<\/a><\/span> \/ <span style=\"color: #d12727;\"><a style=\"color: #d12727;\" href=\"https:\/\/www.csj-emballages.com\/es\/produit\/10-bolas-espirales-de-acero-inoxidable-60-grs\/\">Estropajo de acero inoxidable 60 gr<\/a> <\/span> <\/p>\n<p>&nbsp;<\/p>\n<p><!--more--><\/p>\n<p><a href=\"https:\/\/www.csj-emballages.com\/es\/categorie-produit\/higiene-y-mantenimiento\/esponjas-panos-de-cocina-panos-de-cocina\/esponjas-abrasivos-es\/\">Ver el resto de nuestra gama de esponjas \/ abrasivos<\/a><\/p>\n","protected":false},"excerpt":{"rendered":"<p>Esponja sin borde Descripci\u00f3n de nuestra esponja vegetal sin borde n.\u00ba 4, paquete de 10<\/p>\n","protected":false},"featured_media":221786,"template":"","meta":{"_acf_changed":false},"product_brand":[],"product_cat":[1226,1419,2009],"product_tag":[],"class_list":{"0":"post-20746","1":"product","2":"type-product","3":"status-publish","4":"has-post-thumbnail","6":"product_cat-higiene-y-mantenimiento","7":"product_cat-esponjas-panos-de-cocina-panos-de-cocina","8":"product_cat-esponjas-abrasivos-es","10":"first","11":"instock","12":"taxable","13":"shipping-taxable","14":"purchasable","15":"product-type-simple"},"acf":[],"yoast_head":"<!-- This site is optimized with the Yoast SEO Premium plugin v26.6 (Yoast SEO v26.6) - https:\/\/yoast.com\/wordpress\/plugins\/seo\/ -->\n<title>Esponja vegetal sin borde n.\u00ba 4, paquete de 10<\/title>\n<meta name=\"description\" content=\"Descubra la esponja vegetal sin borde n.\u00ba 4, paquete de 10, ideal para una limpieza eficaz y sin esfuerzo. Absorbente, resistente y f\u00e1cil de manejar.\" \/>\n<meta name=\"robots\" content=\"index, follow, max-snippet:-1, max-image-preview:large, max-video-preview:-1\" \/>\n<link rel=\"canonical\" href=\"https:\/\/www.csj-emballages.com\/es\/produit\/10-esponjas-sin-forro-n4\/\" \/>\n<meta property=\"og:locale\" content=\"es_ES\" \/>\n<meta property=\"og:type\" content=\"article\" \/>\n<meta property=\"og:title\" content=\"Esponja vegetal sin borde n.\u00ba 4, paquete de 10\" \/>\n<meta property=\"og:description\" content=\"Descubra la esponja vegetal sin borde n.\u00ba 4, paquete de 10, ideal para una limpieza eficaz y sin esfuerzo. Absorbente, resistente y f\u00e1cil de manejar.\" \/>\n<meta property=\"og:url\" content=\"https:\/\/www.csj-emballages.com\/es\/produit\/10-esponjas-sin-forro-n4\/\" \/>\n<meta property=\"og:site_name\" content=\"CSJ Emballages\" \/>\n<meta property=\"article:publisher\" content=\"https:\/\/www.facebook.com\/csjemballages\" \/>\n<meta property=\"article:modified_time\" content=\"2026-03-12T15:24:21+00:00\" \/>\n<meta property=\"og:image\" content=\"https:\/\/www.csj-emballages.com\/wp-content\/uploads\/2024\/03\/eponge-jaune-n\u00b04.webp\" \/>\n\t<meta property=\"og:image:width\" content=\"800\" \/>\n\t<meta property=\"og:image:height\" content=\"800\" \/>\n\t<meta property=\"og:image:type\" content=\"image\/webp\" \/>\n<meta name=\"twitter:card\" content=\"summary_large_image\" \/>\n<meta name=\"twitter:label1\" content=\"Tiempo de lectura\" \/>\n\t<meta name=\"twitter:data1\" content=\"2 minutos\" \/>\n<script type=\"application\/ld+json\" class=\"yoast-schema-graph\">{\"@context\":\"https:\/\/schema.org\",\"@graph\":[{\"@type\":\"WebPage\",\"@id\":\"https:\/\/www.csj-emballages.com\/es\/produit\/10-esponjas-sin-forro-n4\/\",\"url\":\"https:\/\/www.csj-emballages.com\/es\/produit\/10-esponjas-sin-forro-n4\/\",\"name\":\"Esponja vegetal sin borde n.\u00ba 4, paquete de 10\",\"isPartOf\":{\"@id\":\"https:\/\/www.csj-emballages.com\/es\/#website\"},\"primaryImageOfPage\":{\"@id\":\"https:\/\/www.csj-emballages.com\/es\/produit\/10-esponjas-sin-forro-n4\/#primaryimage\"},\"image\":{\"@id\":\"https:\/\/www.csj-emballages.com\/es\/produit\/10-esponjas-sin-forro-n4\/#primaryimage\"},\"thumbnailUrl\":\"https:\/\/www.csj-emballages.com\/wp-content\/uploads\/2024\/03\/eponge-jaune-n\u00b04.webp\",\"datePublished\":\"2024-03-01T15:54:23+00:00\",\"dateModified\":\"2026-03-12T15:24:21+00:00\",\"description\":\"Descubra la esponja vegetal sin borde n.\u00ba 4, paquete de 10, ideal para una limpieza eficaz y sin esfuerzo. Absorbente, resistente y f\u00e1cil de manejar.\",\"breadcrumb\":{\"@id\":\"https:\/\/www.csj-emballages.com\/es\/produit\/10-esponjas-sin-forro-n4\/#breadcrumb\"},\"inLanguage\":\"es\",\"potentialAction\":[{\"@type\":\"ReadAction\",\"target\":[\"https:\/\/www.csj-emballages.com\/es\/produit\/10-esponjas-sin-forro-n4\/\"]}]},{\"@type\":\"ImageObject\",\"inLanguage\":\"es\",\"@id\":\"https:\/\/www.csj-emballages.com\/es\/produit\/10-esponjas-sin-forro-n4\/#primaryimage\",\"url\":\"https:\/\/www.csj-emballages.com\/wp-content\/uploads\/2024\/03\/eponge-jaune-n\u00b04.webp\",\"contentUrl\":\"https:\/\/www.csj-emballages.com\/wp-content\/uploads\/2024\/03\/eponge-jaune-n\u00b04.webp\",\"width\":800,\"height\":800,\"caption\":\"eponge\"},{\"@type\":\"BreadcrumbList\",\"@id\":\"https:\/\/www.csj-emballages.com\/es\/produit\/10-esponjas-sin-forro-n4\/#breadcrumb\",\"itemListElement\":[{\"@type\":\"ListItem\",\"position\":1,\"name\":\"Accueil\",\"item\":\"https:\/\/www.csj-emballages.com\/es\/universo-del-envasado-alimentario\/\"},{\"@type\":\"ListItem\",\"position\":2,\"name\":\"Tienda\",\"item\":\"https:\/\/www.csj-emballages.com\/tienda\/\"},{\"@type\":\"ListItem\",\"position\":3,\"name\":\"Esponja vegetal sin borde n.\u00ba 4, paquete de 10\"}]},{\"@type\":\"WebSite\",\"@id\":\"https:\/\/www.csj-emballages.com\/es\/#website\",\"url\":\"https:\/\/www.csj-emballages.com\/es\/\",\"name\":\"CSJ Emballages\",\"description\":\"\",\"publisher\":{\"@id\":\"https:\/\/www.csj-emballages.com\/es\/#organization\"},\"potentialAction\":[{\"@type\":\"SearchAction\",\"target\":{\"@type\":\"EntryPoint\",\"urlTemplate\":\"https:\/\/www.csj-emballages.com\/es\/?s={search_term_string}\"},\"query-input\":{\"@type\":\"PropertyValueSpecification\",\"valueRequired\":true,\"valueName\":\"search_term_string\"}}],\"inLanguage\":\"es\"},{\"@type\":\"Organization\",\"@id\":\"https:\/\/www.csj-emballages.com\/es\/#Organization\/\",\"name\":\"CSJ Emballages\",\"url\":\"https:\/\/www.csj-emballages.com\/es\/\",\"logo\":{\"@type\":\"ImageObject\",\"inLanguage\":\"es\",\"@id\":\"https:\/\/www.csj-emballages.com\/es\/#\/schema\/logo\/image\/\",\"url\":\"https:\/\/www.csj-emballages.com\/wp-content\/uploads\/2023\/10\/logo_csj.webp\",\"contentUrl\":\"https:\/\/www.csj-emballages.com\/wp-content\/uploads\/2023\/10\/logo_csj.webp\",\"width\":250,\"height\":95,\"caption\":\"CSJ Emballages\"},\"image\":{\"@id\":\"https:\/\/www.csj-emballages.com\/es\/#\/schema\/logo\/image\/\"},\"sameAs\":[\"https:\/\/www.facebook.com\/csjemballages\"],\"address\":{\"@type\":\"PostalAddress\",\"streetAddress\":\"ZI La Lechere\",\"addressLocality\":\"Patornay\",\"postalCode\":\"39130\",\"addressCountry\":\"FR\"},\"contactPoint\":[{\"@type\":\"ContactPoint\",\"contactType\":\"Service client\",\"telephone\":\"0384254272\",\"email\":\"contact@csj-emballages.com\"}]}]}<\/script>\n<!-- \/ Yoast SEO Premium plugin. -->","yoast_head_json":{"title":"Esponja vegetal sin borde n.\u00ba 4, paquete de 10","description":"Descubra la esponja vegetal sin borde n.\u00ba 4, paquete de 10, ideal para una limpieza eficaz y sin esfuerzo. Absorbente, resistente y f\u00e1cil de manejar.","robots":{"index":"index","follow":"follow","max-snippet":"max-snippet:-1","max-image-preview":"max-image-preview:large","max-video-preview":"max-video-preview:-1"},"canonical":"https:\/\/www.csj-emballages.com\/es\/produit\/10-esponjas-sin-forro-n4\/","og_locale":"es_ES","og_type":"article","og_title":"Esponja vegetal sin borde n.\u00ba 4, paquete de 10","og_description":"Descubra la esponja vegetal sin borde n.\u00ba 4, paquete de 10, ideal para una limpieza eficaz y sin esfuerzo. Absorbente, resistente y f\u00e1cil de manejar.","og_url":"https:\/\/www.csj-emballages.com\/es\/produit\/10-esponjas-sin-forro-n4\/","og_site_name":"CSJ Emballages","article_publisher":"https:\/\/www.facebook.com\/csjemballages","article_modified_time":"2026-03-12T15:24:21+00:00","og_image":[{"width":800,"height":800,"url":"https:\/\/www.csj-emballages.com\/wp-content\/uploads\/2024\/03\/eponge-jaune-n\u00b04.webp","type":"image\/webp"}],"twitter_card":"summary_large_image","twitter_misc":{"Tiempo de lectura":"2 minutos"},"schema":{"@context":"https:\/\/schema.org","@graph":[{"@type":"WebPage","@id":"https:\/\/www.csj-emballages.com\/es\/produit\/10-esponjas-sin-forro-n4\/","url":"https:\/\/www.csj-emballages.com\/es\/produit\/10-esponjas-sin-forro-n4\/","name":"Esponja vegetal sin borde n.\u00ba 4, paquete de 10","isPartOf":{"@id":"https:\/\/www.csj-emballages.com\/es\/#website"},"primaryImageOfPage":{"@id":"https:\/\/www.csj-emballages.com\/es\/produit\/10-esponjas-sin-forro-n4\/#primaryimage"},"image":{"@id":"https:\/\/www.csj-emballages.com\/es\/produit\/10-esponjas-sin-forro-n4\/#primaryimage"},"thumbnailUrl":"https:\/\/www.csj-emballages.com\/wp-content\/uploads\/2024\/03\/eponge-jaune-n\u00b04.webp","datePublished":"2024-03-01T15:54:23+00:00","dateModified":"2026-03-12T15:24:21+00:00","description":"Descubra la esponja vegetal sin borde n.\u00ba 4, paquete de 10, ideal para una limpieza eficaz y sin esfuerzo. Absorbente, resistente y f\u00e1cil de manejar.","breadcrumb":{"@id":"https:\/\/www.csj-emballages.com\/es\/produit\/10-esponjas-sin-forro-n4\/#breadcrumb"},"inLanguage":"es","potentialAction":[{"@type":"ReadAction","target":["https:\/\/www.csj-emballages.com\/es\/produit\/10-esponjas-sin-forro-n4\/"]}]},{"@type":"ImageObject","inLanguage":"es","@id":"https:\/\/www.csj-emballages.com\/es\/produit\/10-esponjas-sin-forro-n4\/#primaryimage","url":"https:\/\/www.csj-emballages.com\/wp-content\/uploads\/2024\/03\/eponge-jaune-n\u00b04.webp","contentUrl":"https:\/\/www.csj-emballages.com\/wp-content\/uploads\/2024\/03\/eponge-jaune-n\u00b04.webp","width":800,"height":800,"caption":"eponge"},{"@type":"BreadcrumbList","@id":"https:\/\/www.csj-emballages.com\/es\/produit\/10-esponjas-sin-forro-n4\/#breadcrumb","itemListElement":[{"@type":"ListItem","position":1,"name":"Accueil","item":"https:\/\/www.csj-emballages.com\/es\/universo-del-envasado-alimentario\/"},{"@type":"ListItem","position":2,"name":"Tienda","item":"https:\/\/www.csj-emballages.com\/tienda\/"},{"@type":"ListItem","position":3,"name":"Esponja vegetal sin borde n.\u00ba 4, paquete de 10"}]},{"@type":"WebSite","@id":"https:\/\/www.csj-emballages.com\/es\/#website","url":"https:\/\/www.csj-emballages.com\/es\/","name":"CSJ Emballages","description":"","publisher":{"@id":"https:\/\/www.csj-emballages.com\/es\/#organization"},"potentialAction":[{"@type":"SearchAction","target":{"@type":"EntryPoint","urlTemplate":"https:\/\/www.csj-emballages.com\/es\/?s={search_term_string}"},"query-input":{"@type":"PropertyValueSpecification","valueRequired":true,"valueName":"search_term_string"}}],"inLanguage":"es"},{"@type":"Organization","@id":"https:\/\/www.csj-emballages.com\/es\/#Organization\/","name":"CSJ Emballages","url":"https:\/\/www.csj-emballages.com\/es\/","logo":{"@type":"ImageObject","inLanguage":"es","@id":"https:\/\/www.csj-emballages.com\/es\/#\/schema\/logo\/image\/","url":"https:\/\/www.csj-emballages.com\/wp-content\/uploads\/2023\/10\/logo_csj.webp","contentUrl":"https:\/\/www.csj-emballages.com\/wp-content\/uploads\/2023\/10\/logo_csj.webp","width":250,"height":95,"caption":"CSJ Emballages"},"image":{"@id":"https:\/\/www.csj-emballages.com\/es\/#\/schema\/logo\/image\/"},"sameAs":["https:\/\/www.facebook.com\/csjemballages"],"address":{"@type":"PostalAddress","streetAddress":"ZI La Lechere","addressLocality":"Patornay","postalCode":"39130","addressCountry":"FR"},"contactPoint":[{"@type":"ContactPoint","contactType":"Service client","telephone":"0384254272","email":"contact@csj-emballages.com"}]}]}},"df_price":7.46,"df_sale_price":"","df_regular_price":7.46,"df_image_link":"https:\/\/www.csj-emballages.com\/wp-content\/uploads\/2024\/03\/eponge-jaune-n\u00b04-300x300.webp","tiered_pricing_type":"fixed","tiered_pricing_fixed_rules":[],"tiered_pricing_percentage_rules":[],"tiered_pricing_minimum":1,"tiered_pricing_roles_data":[],"_links":{"self":[{"href":"https:\/\/www.csj-emballages.com\/es\/wp-json\/wp\/v2\/product\/20746","targetHints":{"allow":["GET"]}}],"collection":[{"href":"https:\/\/www.csj-emballages.com\/es\/wp-json\/wp\/v2\/product"}],"about":[{"href":"https:\/\/www.csj-emballages.com\/es\/wp-json\/wp\/v2\/types\/product"}],"wp:featuredmedia":[{"embeddable":true,"href":"https:\/\/www.csj-emballages.com\/es\/wp-json\/wp\/v2\/media\/221786"}],"wp:attachment":[{"href":"https:\/\/www.csj-emballages.com\/es\/wp-json\/wp\/v2\/media?parent=20746"}],"wp:term":[{"taxonomy":"product_brand","embeddable":true,"href":"https:\/\/www.csj-emballages.com\/es\/wp-json\/wp\/v2\/product_brand?post=20746"},{"taxonomy":"product_cat","embeddable":true,"href":"https:\/\/www.csj-emballages.com\/es\/wp-json\/wp\/v2\/product_cat?post=20746"},{"taxonomy":"product_tag","embeddable":true,"href":"https:\/\/www.csj-emballages.com\/es\/wp-json\/wp\/v2\/product_tag?post=20746"}],"curies":[{"name":"wp","href":"https:\/\/api.w.org\/{rel}","templated":true}]}}