{"id":20739,"date":"2024-03-01T16:54:23","date_gmt":"2024-03-01T15:54:23","guid":{"rendered":"https:\/\/u15jnbdpoq.preview.infomaniak.website\/produit\/10-sellos-verdes-sobre-esponja-rubia-110-x-70-x-22-mm\/"},"modified":"2026-04-17T09:01:04","modified_gmt":"2026-04-17T07:01:04","slug":"10-sellos-verdes-sobre-esponja-rubia-110-x-70-x-22-mm","status":"publish","type":"product","link":"https:\/\/www.csj-emballages.com\/es\/produit\/10-sellos-verdes-sobre-esponja-rubia-110-x-70-x-22-mm\/","title":{"rendered":"Esponja 110 x 70 x 22 mm, paquete de 10"},"content":{"rendered":"<h2>Esponja<\/h2>\n<hr>\n<h3>Descripci\u00f3n de nuestra esponja de 110 x 70 x 22 mm, paquete de 10<\/h3>\n<p><!--more--><\/p>\n<div class=\"flex max-w-full flex-col flex-grow\">\n<div class=\"min-h-8 text-message flex w-full flex-col items-end gap-2 whitespace-normal break-words text-start [.text-message+&amp;]:mt-5\" dir=\"auto\" data-message-author-role=\"assistant\" data-message-id=\"266ca6f3-5e07-4948-bd20-80ac5e6da4a5\" data-message-model-slug=\"gpt-4o\">\n<div class=\"flex w-full flex-col gap-1 empty:hidden first:pt-[3px]\">\n<div class=\"markdown prose w-full break-words dark:prose-invert dark\">\n<p data-start=\"232\" data-end=\"618\">Todos necesitamos una <strong>esponja<\/strong> en la que podamos confiar, y esta cumple su funci\u00f3n a la perfecci\u00f3n. Con su formato de <strong data-start=\"353\" data-end=\"373\">110 x 70 x 22 mm<\/strong>, se adapta bien a la mano y permite limpiar eficazmente sin esfuerzo innecesario. Ni demasiado grande, ni demasiado fina, ofrece un buen equilibrio entre comodidad y eficacia, ya sea para la vajilla, las encimeras o la limpieza general.  <\/p>\n<p data-start=\"620\" data-end=\"916\">Por un lado, su <strong>cara verde abrasiva<\/strong> ayuda a despegar los residuos dif\u00edciles, incluso cuando est\u00e1n muy pegados. Por otro, la <strong>parte amarilla absorbe<\/strong> r\u00e1pidamente el agua y la suciedad, lo que permite limpiar m\u00e1s r\u00e1pido y con mayor higiene. As\u00ed, ahorrar\u00e1 tiempo manteniendo las superficies impecables.  <\/p>\n<p data-start=\"918\" data-end=\"1204\">Adem\u00e1s, esta <strong>esponja<\/strong> est\u00e1 dise\u00f1ada para durar. Resiste bien el uso repetido y conserva su forma lavado tras lavado. Por lo tanto, es una opci\u00f3n pr\u00e1ctica para cocinas profesionales, instituciones, restaurantes o, simplemente, para el uso diario en el hogar.  <\/p>\n<p data-start=\"1206\" data-end=\"1475\">El <strong data-start=\"1209\" data-end=\"1222\">lote de 10<\/strong> es particularmente \u00fatil: siempre tendr\u00e1 una a mano, sin tener que comprar con demasiada frecuencia. Esto facilita la organizaci\u00f3n y permite gestionar la higiene m\u00e1s f\u00e1cilmente. <\/p>\n<p data-start=\"1477\" data-end=\"1618\">En resumen, esta <strong>esponja<\/strong> es sencilla, eficaz y fiable. No promete m\u00e1s de lo que hace, pero lo hace bien, d\u00eda tras d\u00eda. <\/p>\n<\/div>\n<\/div>\n<\/div>\n<\/div>\n<p><!--more--><\/p>\n<h4>Ventajas :<\/h4>\n<ul>\n<li>Dimensiones adaptadas para un buen agarre.<\/li>\n<li>Adecuada para la cocina, el ba\u00f1o y diversas superficies.<\/li>\n<li>Ideal para una limpieza r\u00e1pida y eficaz.<\/li>\n<li>Dise\u00f1ada para un uso prolongado.<\/li>\n<\/ul>\n<p>&nbsp;<\/p>\n<p><!--more--><\/p>\n<h4>Informaci\u00f3n adicional :<\/h4>\n<ul>\n<li><strong>Envase<\/strong>: Paquete de 10<\/li>\n<li><strong>Dimensiones<\/strong>: 110 x 70 x 22 mm (L x A x A en cm)<\/li>\n<li><strong>Color<\/strong>: Amarillo \/ Verde<\/li>\n<\/ul>\n<p>&nbsp;<\/p>\n<p><!--more--><\/p>\n<p>Encuentre aqu\u00ed nuestros otros 5 tipos de esponja: <span style=\"color: #d12727;\"><a style=\"color: #d12727;\" href=\"https:\/\/www.csj-emballages.com\/es\/produit\/10-sellos-azules-sobre-esponja-blanca-110-x-70-x-22-mm\/\">Estropajo azul sanitario<\/a><\/span> \/ <span style=\"color: #d12727;\"><a style=\"color: #d12727;\" href=\"https:\/\/www.csj-emballages.com\/de\/produit\/5-melamin-zauberschwaemme-110-x-70-x-30-mm\/\">Esponja m\u00e1gica<\/a><\/span> \/ <span style=\"color: #d12727;\"><a style=\"color: #d12727;\" href=\"https:\/\/www.csj-emballages.com\/de\/produit\/10-spiralkugeln-aus-edelstahl-40-g\/\">Estropajo de acero inoxidable 40 gr<\/a><\/span> \/ <span style=\"color: #d12727;\"><a style=\"color: #d12727;\" href=\"https:\/\/www.csj-emballages.com\/de\/produit\/10-spiralkugeln-aus-edelstahl-60-g\/\">Estropajo de acero inoxidable 60 gr<\/a> <span style=\"color: #000000;\">\/<\/span> <a style=\"color: #d12727;\" href=\"https:\/\/www.csj-emballages.com\/produit\/10-eponge-non-bordees-n4\/\">Esponja vegetal<\/a><\/span><\/p>\n<p>&nbsp;<\/p>\n<p><!--more--><\/p>\n<p><a href=\"https:\/\/www.csj-emballages.com\/es\/categorie-produit\/higiene-y-mantenimiento\/esponjas-panos-de-cocina-panos-de-cocina\/esponjas-abrasivos-es\/\">Ver el resto de nuestra gama de esponjas \/ abrasivos<\/a><\/p>\n","protected":false},"excerpt":{"rendered":"<p>Esponja Descripci\u00f3n de nuestra esponja de 110 x 70 x 22 mm, paquete de 10<\/p>\n","protected":false},"featured_media":221799,"template":"","meta":{"_acf_changed":false},"product_brand":[],"product_cat":[1226,1419,2009],"product_tag":[],"class_list":{"0":"post-20739","1":"product","2":"type-product","3":"status-publish","4":"has-post-thumbnail","6":"product_cat-higiene-y-mantenimiento","7":"product_cat-esponjas-panos-de-cocina-panos-de-cocina","8":"product_cat-esponjas-abrasivos-es","10":"first","11":"instock","12":"taxable","13":"shipping-taxable","14":"purchasable","15":"product-type-simple"},"acf":[],"yoast_head":"<!-- This site is optimized with the Yoast SEO Premium plugin v26.6 (Yoast SEO v26.6) - https:\/\/yoast.com\/wordpress\/plugins\/seo\/ -->\n<title>Esponja 110 x 70 x 22 mm, paquete de 10<\/title>\n<meta name=\"description\" content=\"Esponjas de 110 x 70 x 22 mm, ideales para una limpieza eficaz y duradera. Absorbentes y resistentes, son adecuadas tanto para profesionales como para particulares\" \/>\n<meta name=\"robots\" content=\"index, follow, max-snippet:-1, max-image-preview:large, max-video-preview:-1\" \/>\n<link rel=\"canonical\" href=\"https:\/\/www.csj-emballages.com\/es\/produit\/10-sellos-verdes-sobre-esponja-rubia-110-x-70-x-22-mm\/\" \/>\n<meta property=\"og:locale\" content=\"es_ES\" \/>\n<meta property=\"og:type\" content=\"article\" \/>\n<meta property=\"og:title\" content=\"Esponja 110 x 70 x 22 mm, paquete de 10\" \/>\n<meta property=\"og:description\" content=\"Esponjas de 110 x 70 x 22 mm, ideales para una limpieza eficaz y duradera. Absorbentes y resistentes, son adecuadas tanto para profesionales como para particulares\" \/>\n<meta property=\"og:url\" content=\"https:\/\/www.csj-emballages.com\/es\/produit\/10-sellos-verdes-sobre-esponja-rubia-110-x-70-x-22-mm\/\" \/>\n<meta property=\"og:site_name\" content=\"CSJ Emballages\" \/>\n<meta property=\"article:publisher\" content=\"https:\/\/www.facebook.com\/csjemballages\" \/>\n<meta property=\"article:modified_time\" content=\"2026-04-17T07:01:04+00:00\" \/>\n<meta property=\"og:image\" content=\"https:\/\/www.csj-emballages.com\/wp-content\/uploads\/2024\/03\/eponge.webp\" \/>\n\t<meta property=\"og:image:width\" content=\"800\" \/>\n\t<meta property=\"og:image:height\" content=\"800\" \/>\n\t<meta property=\"og:image:type\" content=\"image\/webp\" \/>\n<meta name=\"twitter:card\" content=\"summary_large_image\" \/>\n<meta name=\"twitter:label1\" content=\"Tiempo de lectura\" \/>\n\t<meta name=\"twitter:data1\" content=\"2 minutos\" \/>\n<script type=\"application\/ld+json\" class=\"yoast-schema-graph\">{\"@context\":\"https:\/\/schema.org\",\"@graph\":[{\"@type\":\"WebPage\",\"@id\":\"https:\/\/www.csj-emballages.com\/es\/produit\/10-sellos-verdes-sobre-esponja-rubia-110-x-70-x-22-mm\/\",\"url\":\"https:\/\/www.csj-emballages.com\/es\/produit\/10-sellos-verdes-sobre-esponja-rubia-110-x-70-x-22-mm\/\",\"name\":\"Esponja 110 x 70 x 22 mm, paquete de 10\",\"isPartOf\":{\"@id\":\"https:\/\/www.csj-emballages.com\/es\/#website\"},\"primaryImageOfPage\":{\"@id\":\"https:\/\/www.csj-emballages.com\/es\/produit\/10-sellos-verdes-sobre-esponja-rubia-110-x-70-x-22-mm\/#primaryimage\"},\"image\":{\"@id\":\"https:\/\/www.csj-emballages.com\/es\/produit\/10-sellos-verdes-sobre-esponja-rubia-110-x-70-x-22-mm\/#primaryimage\"},\"thumbnailUrl\":\"https:\/\/www.csj-emballages.com\/wp-content\/uploads\/2024\/03\/eponge.webp\",\"datePublished\":\"2024-03-01T15:54:23+00:00\",\"dateModified\":\"2026-04-17T07:01:04+00:00\",\"description\":\"Esponjas de 110 x 70 x 22 mm, ideales para una limpieza eficaz y duradera. Absorbentes y resistentes, son adecuadas tanto para profesionales como para particulares\",\"breadcrumb\":{\"@id\":\"https:\/\/www.csj-emballages.com\/es\/produit\/10-sellos-verdes-sobre-esponja-rubia-110-x-70-x-22-mm\/#breadcrumb\"},\"inLanguage\":\"es\",\"potentialAction\":[{\"@type\":\"ReadAction\",\"target\":[\"https:\/\/www.csj-emballages.com\/es\/produit\/10-sellos-verdes-sobre-esponja-rubia-110-x-70-x-22-mm\/\"]}]},{\"@type\":\"ImageObject\",\"inLanguage\":\"es\",\"@id\":\"https:\/\/www.csj-emballages.com\/es\/produit\/10-sellos-verdes-sobre-esponja-rubia-110-x-70-x-22-mm\/#primaryimage\",\"url\":\"https:\/\/www.csj-emballages.com\/wp-content\/uploads\/2024\/03\/eponge.webp\",\"contentUrl\":\"https:\/\/www.csj-emballages.com\/wp-content\/uploads\/2024\/03\/eponge.webp\",\"width\":800,\"height\":800,\"caption\":\"\u00c9ponge\"},{\"@type\":\"BreadcrumbList\",\"@id\":\"https:\/\/www.csj-emballages.com\/es\/produit\/10-sellos-verdes-sobre-esponja-rubia-110-x-70-x-22-mm\/#breadcrumb\",\"itemListElement\":[{\"@type\":\"ListItem\",\"position\":1,\"name\":\"Accueil\",\"item\":\"https:\/\/www.csj-emballages.com\/es\/universo-del-envasado-alimentario\/\"},{\"@type\":\"ListItem\",\"position\":2,\"name\":\"Tienda\",\"item\":\"https:\/\/www.csj-emballages.com\/tienda\/\"},{\"@type\":\"ListItem\",\"position\":3,\"name\":\"Esponja 110 x 70 x 22 mm, paquete de 10\"}]},{\"@type\":\"WebSite\",\"@id\":\"https:\/\/www.csj-emballages.com\/es\/#website\",\"url\":\"https:\/\/www.csj-emballages.com\/es\/\",\"name\":\"CSJ Emballages\",\"description\":\"\",\"publisher\":{\"@id\":\"https:\/\/www.csj-emballages.com\/es\/#organization\"},\"potentialAction\":[{\"@type\":\"SearchAction\",\"target\":{\"@type\":\"EntryPoint\",\"urlTemplate\":\"https:\/\/www.csj-emballages.com\/es\/?s={search_term_string}\"},\"query-input\":{\"@type\":\"PropertyValueSpecification\",\"valueRequired\":true,\"valueName\":\"search_term_string\"}}],\"inLanguage\":\"es\"},{\"@type\":\"Organization\",\"@id\":\"https:\/\/www.csj-emballages.com\/es\/#Organization\/\",\"name\":\"CSJ Emballages\",\"url\":\"https:\/\/www.csj-emballages.com\/es\/\",\"logo\":{\"@type\":\"ImageObject\",\"inLanguage\":\"es\",\"@id\":\"https:\/\/www.csj-emballages.com\/es\/#\/schema\/logo\/image\/\",\"url\":\"https:\/\/www.csj-emballages.com\/wp-content\/uploads\/2023\/10\/logo_csj.webp\",\"contentUrl\":\"https:\/\/www.csj-emballages.com\/wp-content\/uploads\/2023\/10\/logo_csj.webp\",\"width\":250,\"height\":95,\"caption\":\"CSJ Emballages\"},\"image\":{\"@id\":\"https:\/\/www.csj-emballages.com\/es\/#\/schema\/logo\/image\/\"},\"sameAs\":[\"https:\/\/www.facebook.com\/csjemballages\"],\"address\":{\"@type\":\"PostalAddress\",\"streetAddress\":\"ZI La Lechere\",\"addressLocality\":\"Patornay\",\"postalCode\":\"39130\",\"addressCountry\":\"FR\"},\"contactPoint\":[{\"@type\":\"ContactPoint\",\"contactType\":\"Service client\",\"telephone\":\"0384254272\",\"email\":\"contact@csj-emballages.com\"}]}]}<\/script>\n<!-- \/ Yoast SEO Premium plugin. -->","yoast_head_json":{"title":"Esponja 110 x 70 x 22 mm, paquete de 10","description":"Esponjas de 110 x 70 x 22 mm, ideales para una limpieza eficaz y duradera. Absorbentes y resistentes, son adecuadas tanto para profesionales como para particulares","robots":{"index":"index","follow":"follow","max-snippet":"max-snippet:-1","max-image-preview":"max-image-preview:large","max-video-preview":"max-video-preview:-1"},"canonical":"https:\/\/www.csj-emballages.com\/es\/produit\/10-sellos-verdes-sobre-esponja-rubia-110-x-70-x-22-mm\/","og_locale":"es_ES","og_type":"article","og_title":"Esponja 110 x 70 x 22 mm, paquete de 10","og_description":"Esponjas de 110 x 70 x 22 mm, ideales para una limpieza eficaz y duradera. Absorbentes y resistentes, son adecuadas tanto para profesionales como para particulares","og_url":"https:\/\/www.csj-emballages.com\/es\/produit\/10-sellos-verdes-sobre-esponja-rubia-110-x-70-x-22-mm\/","og_site_name":"CSJ Emballages","article_publisher":"https:\/\/www.facebook.com\/csjemballages","article_modified_time":"2026-04-17T07:01:04+00:00","og_image":[{"width":800,"height":800,"url":"https:\/\/www.csj-emballages.com\/wp-content\/uploads\/2024\/03\/eponge.webp","type":"image\/webp"}],"twitter_card":"summary_large_image","twitter_misc":{"Tiempo de lectura":"2 minutos"},"schema":{"@context":"https:\/\/schema.org","@graph":[{"@type":"WebPage","@id":"https:\/\/www.csj-emballages.com\/es\/produit\/10-sellos-verdes-sobre-esponja-rubia-110-x-70-x-22-mm\/","url":"https:\/\/www.csj-emballages.com\/es\/produit\/10-sellos-verdes-sobre-esponja-rubia-110-x-70-x-22-mm\/","name":"Esponja 110 x 70 x 22 mm, paquete de 10","isPartOf":{"@id":"https:\/\/www.csj-emballages.com\/es\/#website"},"primaryImageOfPage":{"@id":"https:\/\/www.csj-emballages.com\/es\/produit\/10-sellos-verdes-sobre-esponja-rubia-110-x-70-x-22-mm\/#primaryimage"},"image":{"@id":"https:\/\/www.csj-emballages.com\/es\/produit\/10-sellos-verdes-sobre-esponja-rubia-110-x-70-x-22-mm\/#primaryimage"},"thumbnailUrl":"https:\/\/www.csj-emballages.com\/wp-content\/uploads\/2024\/03\/eponge.webp","datePublished":"2024-03-01T15:54:23+00:00","dateModified":"2026-04-17T07:01:04+00:00","description":"Esponjas de 110 x 70 x 22 mm, ideales para una limpieza eficaz y duradera. Absorbentes y resistentes, son adecuadas tanto para profesionales como para particulares","breadcrumb":{"@id":"https:\/\/www.csj-emballages.com\/es\/produit\/10-sellos-verdes-sobre-esponja-rubia-110-x-70-x-22-mm\/#breadcrumb"},"inLanguage":"es","potentialAction":[{"@type":"ReadAction","target":["https:\/\/www.csj-emballages.com\/es\/produit\/10-sellos-verdes-sobre-esponja-rubia-110-x-70-x-22-mm\/"]}]},{"@type":"ImageObject","inLanguage":"es","@id":"https:\/\/www.csj-emballages.com\/es\/produit\/10-sellos-verdes-sobre-esponja-rubia-110-x-70-x-22-mm\/#primaryimage","url":"https:\/\/www.csj-emballages.com\/wp-content\/uploads\/2024\/03\/eponge.webp","contentUrl":"https:\/\/www.csj-emballages.com\/wp-content\/uploads\/2024\/03\/eponge.webp","width":800,"height":800,"caption":"\u00c9ponge"},{"@type":"BreadcrumbList","@id":"https:\/\/www.csj-emballages.com\/es\/produit\/10-sellos-verdes-sobre-esponja-rubia-110-x-70-x-22-mm\/#breadcrumb","itemListElement":[{"@type":"ListItem","position":1,"name":"Accueil","item":"https:\/\/www.csj-emballages.com\/es\/universo-del-envasado-alimentario\/"},{"@type":"ListItem","position":2,"name":"Tienda","item":"https:\/\/www.csj-emballages.com\/tienda\/"},{"@type":"ListItem","position":3,"name":"Esponja 110 x 70 x 22 mm, paquete de 10"}]},{"@type":"WebSite","@id":"https:\/\/www.csj-emballages.com\/es\/#website","url":"https:\/\/www.csj-emballages.com\/es\/","name":"CSJ Emballages","description":"","publisher":{"@id":"https:\/\/www.csj-emballages.com\/es\/#organization"},"potentialAction":[{"@type":"SearchAction","target":{"@type":"EntryPoint","urlTemplate":"https:\/\/www.csj-emballages.com\/es\/?s={search_term_string}"},"query-input":{"@type":"PropertyValueSpecification","valueRequired":true,"valueName":"search_term_string"}}],"inLanguage":"es"},{"@type":"Organization","@id":"https:\/\/www.csj-emballages.com\/es\/#Organization\/","name":"CSJ Emballages","url":"https:\/\/www.csj-emballages.com\/es\/","logo":{"@type":"ImageObject","inLanguage":"es","@id":"https:\/\/www.csj-emballages.com\/es\/#\/schema\/logo\/image\/","url":"https:\/\/www.csj-emballages.com\/wp-content\/uploads\/2023\/10\/logo_csj.webp","contentUrl":"https:\/\/www.csj-emballages.com\/wp-content\/uploads\/2023\/10\/logo_csj.webp","width":250,"height":95,"caption":"CSJ Emballages"},"image":{"@id":"https:\/\/www.csj-emballages.com\/es\/#\/schema\/logo\/image\/"},"sameAs":["https:\/\/www.facebook.com\/csjemballages"],"address":{"@type":"PostalAddress","streetAddress":"ZI La Lechere","addressLocality":"Patornay","postalCode":"39130","addressCountry":"FR"},"contactPoint":[{"@type":"ContactPoint","contactType":"Service client","telephone":"0384254272","email":"contact@csj-emballages.com"}]}]}},"df_price":5.99,"df_sale_price":"","df_regular_price":5.99,"df_image_link":"https:\/\/www.csj-emballages.com\/wp-content\/uploads\/2024\/03\/eponge-300x300.webp","tiered_pricing_type":"fixed","tiered_pricing_fixed_rules":[],"tiered_pricing_percentage_rules":[],"tiered_pricing_minimum":1,"tiered_pricing_roles_data":[],"_links":{"self":[{"href":"https:\/\/www.csj-emballages.com\/es\/wp-json\/wp\/v2\/product\/20739","targetHints":{"allow":["GET"]}}],"collection":[{"href":"https:\/\/www.csj-emballages.com\/es\/wp-json\/wp\/v2\/product"}],"about":[{"href":"https:\/\/www.csj-emballages.com\/es\/wp-json\/wp\/v2\/types\/product"}],"wp:featuredmedia":[{"embeddable":true,"href":"https:\/\/www.csj-emballages.com\/es\/wp-json\/wp\/v2\/media\/221799"}],"wp:attachment":[{"href":"https:\/\/www.csj-emballages.com\/es\/wp-json\/wp\/v2\/media?parent=20739"}],"wp:term":[{"taxonomy":"product_brand","embeddable":true,"href":"https:\/\/www.csj-emballages.com\/es\/wp-json\/wp\/v2\/product_brand?post=20739"},{"taxonomy":"product_cat","embeddable":true,"href":"https:\/\/www.csj-emballages.com\/es\/wp-json\/wp\/v2\/product_cat?post=20739"},{"taxonomy":"product_tag","embeddable":true,"href":"https:\/\/www.csj-emballages.com\/es\/wp-json\/wp\/v2\/product_tag?post=20739"}],"curies":[{"name":"wp","href":"https:\/\/api.w.org\/{rel}","templated":true}]}}