{"id":20726,"date":"2024-03-01T16:54:23","date_gmt":"2024-03-01T15:54:23","guid":{"rendered":"https:\/\/u15jnbdpoq.preview.infomaniak.website\/produit\/10-sellos-azules-sobre-esponja-blanca-110-x-70-x-22-mm\/"},"modified":"2026-03-31T02:14:02","modified_gmt":"2026-03-31T00:14:02","slug":"10-sellos-azules-sobre-esponja-blanca-110-x-70-x-22-mm","status":"publish","type":"product","link":"https:\/\/www.csj-emballages.com\/es\/produit\/10-sellos-azules-sobre-esponja-blanca-110-x-70-x-22-mm\/","title":{"rendered":"Esponja sanitaria azul 110 x 70 x 22 mm por 10"},"content":{"rendered":"<h2>Esponja azul<\/h2>\n<hr>\n<h3>Descripci\u00f3n de nuestra esponja sanitaria azul 110 x 70 x 22 mm por 10<\/h3>\n<p><!--more--><\/p>\n<div class=\"flex max-w-full flex-col flex-grow\">\n<div class=\"min-h-8 text-message flex w-full flex-col items-end gap-2 whitespace-normal break-words text-start [.text-message+&amp;]:mt-5\" dir=\"auto\" data-message-author-role=\"assistant\" data-message-id=\"266ca6f3-5e07-4948-bd20-80ac5e6da4a5\" data-message-model-slug=\"gpt-4o\">\n<div class=\"flex w-full flex-col gap-1 empty:hidden first:pt-[3px]\">\n<div class=\"markdown prose w-full break-words dark:prose-invert dark\">\n<p data-start=\"289\" data-end=\"729\">Limpiar los <strong>sanitarios<\/strong> nunca es la tarea m\u00e1s agradable, as\u00ed que es mejor usar una herramienta que realmente funcione. Esta <strong data-start=\"421\" data-end=\"447\">esponja azul para sanitarios<\/strong> ha sido dise\u00f1ada para ir directa al grano: limpia eficazmente, sin complicar su rutina. Su formato de <strong data-start=\"556\" data-end=\"576\">110 x 70 x 22 mm<\/strong> se adapta perfectamente a la mano, lo que permite frotar con precisi\u00f3n, incluso en las zonas de dif\u00edcil acceso como los bordes, las juntas o los \u00e1ngulos.  <\/p>\n<p data-start=\"731\" data-end=\"1074\">Gracias a su <strong>cara abrasiva blanca<\/strong>, elimina f\u00e1cilmente las manchas dif\u00edciles, la cal y los residuos incrustados. Al mismo tiempo, su espuma azul absorbe bien el agua y el producto de limpieza, lo que facilita el aclarado y deja las superficies limpias sin esfuerzo excesivo. De este modo, ahorra tiempo y obtiene un resultado limpio y visible.  <\/p>\n<p data-start=\"1076\" data-end=\"1406\">Adem\u00e1s, el <strong>c\u00f3digo de color azul<\/strong> no est\u00e1 ah\u00ed por casualidad. Permite identificar r\u00e1pidamente la esponja dedicada a los sanitarios, lo que limita los riesgos de contaminaci\u00f3n cruzada. Esto es una gran ventaja, sobre todo en entornos profesionales como restaurantes, instituciones, hoteles o empresas de limpieza.  <\/p>\n<p data-start=\"1408\" data-end=\"1670\">El <strong data-start=\"1411\" data-end=\"1432\">lote de 10 esponjas<\/strong> es ideal para tener siempre material limpio a disposici\u00f3n, sin tener que renovar su stock con demasiada frecuencia. Son adecuadas tanto para un uso intensivo como para un mantenimiento regular, y conservan su eficacia lavado tras lavado. <\/p>\n<\/div>\n<p data-start=\"1672\" data-end=\"1722\" data-is-last-node=\"\" data-is-only-node=\"\">\n<\/div>\n<\/div>\n<\/div>\n<p><!--more--><\/p>\n<h4>Ventajas :<\/h4>\n<ul>\n<li>Capta eficazmente el agua y la suciedad para una limpieza \u00f3ptima.<\/li>\n<li>Dise\u00f1ada para no rayar las superficies delicadas.<\/li>\n<li>Resistente al desgaste para una utilizaci\u00f3n prolongada.<\/li>\n<li>Adaptada a entornos profesionales y dom\u00e9sticos.<\/li>\n<li>F\u00e1cil de manipular y de almacenar<\/li>\n<\/ul>\n<p>&nbsp;<\/p>\n<p><!--more--><\/p>\n<h4>Informaci\u00f3n adicional :<\/h4>\n<ul>\n<li><strong>Envase<\/strong>: Paquete de 10<\/li>\n<li><strong>Dimensiones<\/strong>: 110 x 70 x 22 mm (L x A x A en mm)<\/li>\n<li><strong>Color<\/strong>: Azul \/ Blanco<\/li>\n<\/ul>\n<p>&nbsp;<\/p>\n<p><!--more--><\/p>\n<p>Aqu\u00ed encontrar\u00e1 nuestros otros 5 tipos de esponja: <span style=\"color: #d12727;\"><a style=\"color: #d12727;\" href=\"https:\/\/www.csj-emballages.com\/es\/produit\/10-sellos-verdes-sobre-esponja-rubia-110-x-70-x-22-mm\/\">Estropajo verde<\/a><\/span> \/ <span style=\"color: #d12727;\"><a style=\"color: #d12727;\" href=\"https:\/\/www.csj-emballages.com\/es\/produit\/5-esponjas-magicas-de-melamina-110-x-70-x-30-mm\/\">Esponja m\u00e1gica<\/a><\/span> \/ <span style=\"color: #d12727;\"><a style=\"color: #d12727;\" href=\"https:\/\/www.csj-emballages.com\/es\/produit\/10-bolas-espirales-de-acero-inoxidable-40-grs\/\">Estropajo de acero inoxidable 40 gr<\/a><\/span> \/ <span style=\"color: #d12727;\"><a style=\"color: #d12727;\" href=\"https:\/\/www.csj-emballages.com\/es\/produit\/10-bolas-espirales-de-acero-inoxidable-60-grs\/\">Estropajo de acero inoxidable 60 gr<\/a> <span style=\"color: #000000;\">\/<\/span> <a style=\"color: #d12727;\" href=\"https:\/\/www.csj-emballages.com\/produit\/10-eponge-non-bordees-n4\/\">Esponja vegetal<\/a><\/span><\/p>\n<p>&nbsp;<\/p>\n<p><!--more--><\/p>\n<p><a href=\"https:\/\/www.csj-emballages.com\/es\/categorie-produit\/higiene-y-mantenimiento\/esponjas-panos-de-cocina-panos-de-cocina\/esponjas-abrasivos-es\/\">Ver el resto de nuestra gama de esponjas \/ abrasivos<\/a><\/p>\n","protected":false},"excerpt":{"rendered":"<p>Esponja azul Descripci\u00f3n de nuestra esponja sanitaria azul 110 x 70 x 22 mm por 10<\/p>\n","protected":false},"featured_media":221813,"template":"","meta":{"_acf_changed":false},"product_brand":[],"product_cat":[1226,1419,2009],"product_tag":[],"class_list":{"0":"post-20726","1":"product","2":"type-product","3":"status-publish","4":"has-post-thumbnail","6":"product_cat-higiene-y-mantenimiento","7":"product_cat-esponjas-panos-de-cocina-panos-de-cocina","8":"product_cat-esponjas-abrasivos-es","10":"first","11":"instock","12":"taxable","13":"shipping-taxable","14":"purchasable","15":"product-type-simple"},"acf":[],"yoast_head":"<!-- This site is optimized with the Yoast SEO Premium plugin v26.6 (Yoast SEO v26.6) - https:\/\/yoast.com\/wordpress\/plugins\/seo\/ -->\n<title>Esponja sanitaria azul 110 x 70 x 22 mm por 10<\/title>\n<meta name=\"description\" content=\"Elija esta esponja sanitaria azul de 110 x 70 x 22 mm (paquete de 10). Muy absorbente y duradera para uso profesional y dom\u00e9stico.\" \/>\n<meta name=\"robots\" content=\"index, follow, max-snippet:-1, max-image-preview:large, max-video-preview:-1\" \/>\n<link rel=\"canonical\" href=\"https:\/\/www.csj-emballages.com\/es\/produit\/10-sellos-azules-sobre-esponja-blanca-110-x-70-x-22-mm\/\" \/>\n<meta property=\"og:locale\" content=\"es_ES\" \/>\n<meta property=\"og:type\" content=\"article\" \/>\n<meta property=\"og:title\" content=\"Esponja sanitaria azul 110 x 70 x 22 mm por 10\" \/>\n<meta property=\"og:description\" content=\"Elija esta esponja sanitaria azul de 110 x 70 x 22 mm (paquete de 10). Muy absorbente y duradera para uso profesional y dom\u00e9stico.\" \/>\n<meta property=\"og:url\" content=\"https:\/\/www.csj-emballages.com\/es\/produit\/10-sellos-azules-sobre-esponja-blanca-110-x-70-x-22-mm\/\" \/>\n<meta property=\"og:site_name\" content=\"CSJ Emballages\" \/>\n<meta property=\"article:publisher\" content=\"https:\/\/www.facebook.com\/csjemballages\" \/>\n<meta property=\"article:modified_time\" content=\"2026-03-31T00:14:02+00:00\" \/>\n<meta property=\"og:image\" content=\"https:\/\/www.csj-emballages.com\/wp-content\/uploads\/2024\/03\/eponge-bleu.webp\" \/>\n\t<meta property=\"og:image:width\" content=\"800\" \/>\n\t<meta property=\"og:image:height\" content=\"800\" \/>\n\t<meta property=\"og:image:type\" content=\"image\/webp\" \/>\n<meta name=\"twitter:card\" content=\"summary_large_image\" \/>\n<meta name=\"twitter:label1\" content=\"Tiempo de lectura\" \/>\n\t<meta name=\"twitter:data1\" content=\"2 minutos\" \/>\n<script type=\"application\/ld+json\" class=\"yoast-schema-graph\">{\"@context\":\"https:\/\/schema.org\",\"@graph\":[{\"@type\":\"WebPage\",\"@id\":\"https:\/\/www.csj-emballages.com\/es\/produit\/10-sellos-azules-sobre-esponja-blanca-110-x-70-x-22-mm\/\",\"url\":\"https:\/\/www.csj-emballages.com\/es\/produit\/10-sellos-azules-sobre-esponja-blanca-110-x-70-x-22-mm\/\",\"name\":\"Esponja sanitaria azul 110 x 70 x 22 mm por 10\",\"isPartOf\":{\"@id\":\"https:\/\/www.csj-emballages.com\/es\/#website\"},\"primaryImageOfPage\":{\"@id\":\"https:\/\/www.csj-emballages.com\/es\/produit\/10-sellos-azules-sobre-esponja-blanca-110-x-70-x-22-mm\/#primaryimage\"},\"image\":{\"@id\":\"https:\/\/www.csj-emballages.com\/es\/produit\/10-sellos-azules-sobre-esponja-blanca-110-x-70-x-22-mm\/#primaryimage\"},\"thumbnailUrl\":\"https:\/\/www.csj-emballages.com\/wp-content\/uploads\/2024\/03\/eponge-bleu.webp\",\"datePublished\":\"2024-03-01T15:54:23+00:00\",\"dateModified\":\"2026-03-31T00:14:02+00:00\",\"description\":\"Elija esta esponja sanitaria azul de 110 x 70 x 22 mm (paquete de 10). Muy absorbente y duradera para uso profesional y dom\u00e9stico.\",\"breadcrumb\":{\"@id\":\"https:\/\/www.csj-emballages.com\/es\/produit\/10-sellos-azules-sobre-esponja-blanca-110-x-70-x-22-mm\/#breadcrumb\"},\"inLanguage\":\"es\",\"potentialAction\":[{\"@type\":\"ReadAction\",\"target\":[\"https:\/\/www.csj-emballages.com\/es\/produit\/10-sellos-azules-sobre-esponja-blanca-110-x-70-x-22-mm\/\"]}]},{\"@type\":\"ImageObject\",\"inLanguage\":\"es\",\"@id\":\"https:\/\/www.csj-emballages.com\/es\/produit\/10-sellos-azules-sobre-esponja-blanca-110-x-70-x-22-mm\/#primaryimage\",\"url\":\"https:\/\/www.csj-emballages.com\/wp-content\/uploads\/2024\/03\/eponge-bleu.webp\",\"contentUrl\":\"https:\/\/www.csj-emballages.com\/wp-content\/uploads\/2024\/03\/eponge-bleu.webp\",\"width\":800,\"height\":800,\"caption\":\"\u00c9ponge bleu\"},{\"@type\":\"BreadcrumbList\",\"@id\":\"https:\/\/www.csj-emballages.com\/es\/produit\/10-sellos-azules-sobre-esponja-blanca-110-x-70-x-22-mm\/#breadcrumb\",\"itemListElement\":[{\"@type\":\"ListItem\",\"position\":1,\"name\":\"Accueil\",\"item\":\"https:\/\/www.csj-emballages.com\/es\/universo-del-envasado-alimentario\/\"},{\"@type\":\"ListItem\",\"position\":2,\"name\":\"Tienda\",\"item\":\"https:\/\/www.csj-emballages.com\/tienda\/\"},{\"@type\":\"ListItem\",\"position\":3,\"name\":\"Esponja sanitaria azul 110 x 70 x 22 mm por 10\"}]},{\"@type\":\"WebSite\",\"@id\":\"https:\/\/www.csj-emballages.com\/es\/#website\",\"url\":\"https:\/\/www.csj-emballages.com\/es\/\",\"name\":\"CSJ Emballages\",\"description\":\"\",\"publisher\":{\"@id\":\"https:\/\/www.csj-emballages.com\/es\/#organization\"},\"potentialAction\":[{\"@type\":\"SearchAction\",\"target\":{\"@type\":\"EntryPoint\",\"urlTemplate\":\"https:\/\/www.csj-emballages.com\/es\/?s={search_term_string}\"},\"query-input\":{\"@type\":\"PropertyValueSpecification\",\"valueRequired\":true,\"valueName\":\"search_term_string\"}}],\"inLanguage\":\"es\"},{\"@type\":\"Organization\",\"@id\":\"https:\/\/www.csj-emballages.com\/es\/#Organization\/\",\"name\":\"CSJ Emballages\",\"url\":\"https:\/\/www.csj-emballages.com\/es\/\",\"logo\":{\"@type\":\"ImageObject\",\"inLanguage\":\"es\",\"@id\":\"https:\/\/www.csj-emballages.com\/es\/#\/schema\/logo\/image\/\",\"url\":\"https:\/\/www.csj-emballages.com\/wp-content\/uploads\/2023\/10\/logo_csj.webp\",\"contentUrl\":\"https:\/\/www.csj-emballages.com\/wp-content\/uploads\/2023\/10\/logo_csj.webp\",\"width\":250,\"height\":95,\"caption\":\"CSJ Emballages\"},\"image\":{\"@id\":\"https:\/\/www.csj-emballages.com\/es\/#\/schema\/logo\/image\/\"},\"sameAs\":[\"https:\/\/www.facebook.com\/csjemballages\"],\"address\":{\"@type\":\"PostalAddress\",\"streetAddress\":\"ZI La Lechere\",\"addressLocality\":\"Patornay\",\"postalCode\":\"39130\",\"addressCountry\":\"FR\"},\"contactPoint\":[{\"@type\":\"ContactPoint\",\"contactType\":\"Service client\",\"telephone\":\"0384254272\",\"email\":\"contact@csj-emballages.com\"}]}]}<\/script>\n<!-- \/ Yoast SEO Premium plugin. -->","yoast_head_json":{"title":"Esponja sanitaria azul 110 x 70 x 22 mm por 10","description":"Elija esta esponja sanitaria azul de 110 x 70 x 22 mm (paquete de 10). Muy absorbente y duradera para uso profesional y dom\u00e9stico.","robots":{"index":"index","follow":"follow","max-snippet":"max-snippet:-1","max-image-preview":"max-image-preview:large","max-video-preview":"max-video-preview:-1"},"canonical":"https:\/\/www.csj-emballages.com\/es\/produit\/10-sellos-azules-sobre-esponja-blanca-110-x-70-x-22-mm\/","og_locale":"es_ES","og_type":"article","og_title":"Esponja sanitaria azul 110 x 70 x 22 mm por 10","og_description":"Elija esta esponja sanitaria azul de 110 x 70 x 22 mm (paquete de 10). Muy absorbente y duradera para uso profesional y dom\u00e9stico.","og_url":"https:\/\/www.csj-emballages.com\/es\/produit\/10-sellos-azules-sobre-esponja-blanca-110-x-70-x-22-mm\/","og_site_name":"CSJ Emballages","article_publisher":"https:\/\/www.facebook.com\/csjemballages","article_modified_time":"2026-03-31T00:14:02+00:00","og_image":[{"width":800,"height":800,"url":"https:\/\/www.csj-emballages.com\/wp-content\/uploads\/2024\/03\/eponge-bleu.webp","type":"image\/webp"}],"twitter_card":"summary_large_image","twitter_misc":{"Tiempo de lectura":"2 minutos"},"schema":{"@context":"https:\/\/schema.org","@graph":[{"@type":"WebPage","@id":"https:\/\/www.csj-emballages.com\/es\/produit\/10-sellos-azules-sobre-esponja-blanca-110-x-70-x-22-mm\/","url":"https:\/\/www.csj-emballages.com\/es\/produit\/10-sellos-azules-sobre-esponja-blanca-110-x-70-x-22-mm\/","name":"Esponja sanitaria azul 110 x 70 x 22 mm por 10","isPartOf":{"@id":"https:\/\/www.csj-emballages.com\/es\/#website"},"primaryImageOfPage":{"@id":"https:\/\/www.csj-emballages.com\/es\/produit\/10-sellos-azules-sobre-esponja-blanca-110-x-70-x-22-mm\/#primaryimage"},"image":{"@id":"https:\/\/www.csj-emballages.com\/es\/produit\/10-sellos-azules-sobre-esponja-blanca-110-x-70-x-22-mm\/#primaryimage"},"thumbnailUrl":"https:\/\/www.csj-emballages.com\/wp-content\/uploads\/2024\/03\/eponge-bleu.webp","datePublished":"2024-03-01T15:54:23+00:00","dateModified":"2026-03-31T00:14:02+00:00","description":"Elija esta esponja sanitaria azul de 110 x 70 x 22 mm (paquete de 10). Muy absorbente y duradera para uso profesional y dom\u00e9stico.","breadcrumb":{"@id":"https:\/\/www.csj-emballages.com\/es\/produit\/10-sellos-azules-sobre-esponja-blanca-110-x-70-x-22-mm\/#breadcrumb"},"inLanguage":"es","potentialAction":[{"@type":"ReadAction","target":["https:\/\/www.csj-emballages.com\/es\/produit\/10-sellos-azules-sobre-esponja-blanca-110-x-70-x-22-mm\/"]}]},{"@type":"ImageObject","inLanguage":"es","@id":"https:\/\/www.csj-emballages.com\/es\/produit\/10-sellos-azules-sobre-esponja-blanca-110-x-70-x-22-mm\/#primaryimage","url":"https:\/\/www.csj-emballages.com\/wp-content\/uploads\/2024\/03\/eponge-bleu.webp","contentUrl":"https:\/\/www.csj-emballages.com\/wp-content\/uploads\/2024\/03\/eponge-bleu.webp","width":800,"height":800,"caption":"\u00c9ponge bleu"},{"@type":"BreadcrumbList","@id":"https:\/\/www.csj-emballages.com\/es\/produit\/10-sellos-azules-sobre-esponja-blanca-110-x-70-x-22-mm\/#breadcrumb","itemListElement":[{"@type":"ListItem","position":1,"name":"Accueil","item":"https:\/\/www.csj-emballages.com\/es\/universo-del-envasado-alimentario\/"},{"@type":"ListItem","position":2,"name":"Tienda","item":"https:\/\/www.csj-emballages.com\/tienda\/"},{"@type":"ListItem","position":3,"name":"Esponja sanitaria azul 110 x 70 x 22 mm por 10"}]},{"@type":"WebSite","@id":"https:\/\/www.csj-emballages.com\/es\/#website","url":"https:\/\/www.csj-emballages.com\/es\/","name":"CSJ Emballages","description":"","publisher":{"@id":"https:\/\/www.csj-emballages.com\/es\/#organization"},"potentialAction":[{"@type":"SearchAction","target":{"@type":"EntryPoint","urlTemplate":"https:\/\/www.csj-emballages.com\/es\/?s={search_term_string}"},"query-input":{"@type":"PropertyValueSpecification","valueRequired":true,"valueName":"search_term_string"}}],"inLanguage":"es"},{"@type":"Organization","@id":"https:\/\/www.csj-emballages.com\/es\/#Organization\/","name":"CSJ Emballages","url":"https:\/\/www.csj-emballages.com\/es\/","logo":{"@type":"ImageObject","inLanguage":"es","@id":"https:\/\/www.csj-emballages.com\/es\/#\/schema\/logo\/image\/","url":"https:\/\/www.csj-emballages.com\/wp-content\/uploads\/2023\/10\/logo_csj.webp","contentUrl":"https:\/\/www.csj-emballages.com\/wp-content\/uploads\/2023\/10\/logo_csj.webp","width":250,"height":95,"caption":"CSJ Emballages"},"image":{"@id":"https:\/\/www.csj-emballages.com\/es\/#\/schema\/logo\/image\/"},"sameAs":["https:\/\/www.facebook.com\/csjemballages"],"address":{"@type":"PostalAddress","streetAddress":"ZI La Lechere","addressLocality":"Patornay","postalCode":"39130","addressCountry":"FR"},"contactPoint":[{"@type":"ContactPoint","contactType":"Service client","telephone":"0384254272","email":"contact@csj-emballages.com"}]}]}},"df_price":8.35,"df_sale_price":"","df_regular_price":8.35,"df_image_link":"https:\/\/www.csj-emballages.com\/wp-content\/uploads\/2024\/03\/eponge-bleu-300x300.webp","tiered_pricing_type":"fixed","tiered_pricing_fixed_rules":[],"tiered_pricing_percentage_rules":[],"tiered_pricing_minimum":1,"tiered_pricing_roles_data":[],"_links":{"self":[{"href":"https:\/\/www.csj-emballages.com\/es\/wp-json\/wp\/v2\/product\/20726","targetHints":{"allow":["GET"]}}],"collection":[{"href":"https:\/\/www.csj-emballages.com\/es\/wp-json\/wp\/v2\/product"}],"about":[{"href":"https:\/\/www.csj-emballages.com\/es\/wp-json\/wp\/v2\/types\/product"}],"wp:featuredmedia":[{"embeddable":true,"href":"https:\/\/www.csj-emballages.com\/es\/wp-json\/wp\/v2\/media\/221813"}],"wp:attachment":[{"href":"https:\/\/www.csj-emballages.com\/es\/wp-json\/wp\/v2\/media?parent=20726"}],"wp:term":[{"taxonomy":"product_brand","embeddable":true,"href":"https:\/\/www.csj-emballages.com\/es\/wp-json\/wp\/v2\/product_brand?post=20726"},{"taxonomy":"product_cat","embeddable":true,"href":"https:\/\/www.csj-emballages.com\/es\/wp-json\/wp\/v2\/product_cat?post=20726"},{"taxonomy":"product_tag","embeddable":true,"href":"https:\/\/www.csj-emballages.com\/es\/wp-json\/wp\/v2\/product_tag?post=20726"}],"curies":[{"name":"wp","href":"https:\/\/api.w.org\/{rel}","templated":true}]}}