{"id":20724,"date":"2024-03-01T16:54:21","date_gmt":"2024-03-01T15:54:21","guid":{"rendered":"https:\/\/u15jnbdpoq.preview.infomaniak.website\/produit\/50-latas-de-plastico-desechables-ergonomicas-de-500-ml-para-catering\/"},"modified":"2026-04-15T02:13:38","modified_gmt":"2026-04-15T00:13:38","slug":"50-latas-de-plastico-desechables-ergonomicas-de-500-ml-para-catering","status":"publish","type":"product","link":"https:\/\/www.csj-emballages.com\/es\/produit\/50-latas-de-plastico-desechables-ergonomicas-de-500-ml-para-catering\/","title":{"rendered":"Lata para delicatessen frescas con tapa abatible, 500 ml, paquete de 50"},"content":{"rendered":"<h2>Caja de catering<\/h2>\n<hr>\n<h3>Descripci\u00f3n de nuestra lata para delicatessen frescas con tapa abatible, 500 ml, paquete de 50<\/h3>\n<p><!--more--><\/p>\n<div class=\"flex max-w-full flex-col flex-grow\">\n<div class=\"min-h-8 text-message flex w-full flex-col items-end gap-2 whitespace-normal break-words text-start [.text-message+&amp;]:mt-5\" dir=\"auto\" data-message-author-role=\"assistant\" data-message-id=\"266ca6f3-5e07-4948-bd20-80ac5e6da4a5\" data-message-model-slug=\"gpt-4o\">\n<div class=\"flex w-full flex-col gap-1 empty:hidden first:pt-[3px]\">\n<div class=\"markdown prose w-full break-words dark:prose-invert dark\">\n<p data-start=\"225\" data-end=\"509\">El <strong>envase de catering para alimentos frescos de 500 ml con tapa abatible<\/strong> es ideal para el envasado y la presentaci\u00f3n de peque\u00f1as porciones fr\u00edas. En primer lugar, compacto y pr\u00e1ctico, es perfecto para <strong>ensaladas individuales, entrantes, postres, fruta fresca o preparaciones de catering para llevar<\/strong>. <\/p>\n<p data-start=\"511\" data-end=\"848\">Dise\u00f1ada en pl\u00e1stico transparente de calidad alimentaria, ofrece una excelente visibilidad del contenido, realzando los productos en el expositor a la vez que garantiza una protecci\u00f3n eficaz. Su <strong>tapa integrada<\/strong> con <strong>bisagra<\/strong> permite un cierre sencillo y r\u00e1pido, limitando los riesgos de apertura accidental durante el transporte. <\/p>\n<p data-start=\"850\" data-end=\"1066\">Gracias a su capacidad de <strong>500 ml<\/strong>, es perfectamente adecuado para porciones individuales y degustaciones. Adem\u00e1s, su estructura r\u00edgida garantiza una buena estabilidad en estanter\u00edas, vitrinas refrigeradas o para la venta para llevar. <\/p>\n<p data-start=\"1068\" data-end=\"1341\">Pr\u00e1ctica para caterings, panader\u00edas, bocadiller\u00edas y comercios de alimentaci\u00f3n, esta <strong>tarrina<\/strong> constituye una soluci\u00f3n fiable para combinar frescura, higiene y una presentaci\u00f3n cuidada. Envasada en lotes de <strong>50 unidades<\/strong>, satisface las necesidades diarias de los profesionales. <\/p>\n<p data-start=\"1068\" data-end=\"1341\">\n<\/div>\n<\/div>\n<\/div>\n<\/div>\n<p><!--more--><\/p>\n<h4>Ventajas :<\/h4>\n<ul>\n<li>Mantiene la frescura, el sabor y la calidad de los alimentos.<\/li>\n<li>Protege sus preparaciones contra las contaminaciones exteriores evitando las fugas.<\/li>\n<li>Ideal para ensaladas, postres, frutas u otras preparaciones fr\u00edas, preservando su frescura.<\/li>\n<li>Aporta un toque profesional gracias a un dise\u00f1o sencillo pero elegante<\/li>\n<li>Estas bandejas fabricadas en APET son totalmente reciclables.<\/li>\n<\/ul>\n<p>&nbsp;<\/p>\n<p><!--more--><\/p>\n<h4>Informaci\u00f3n adicional :<\/h4>\n<ul>\n<li><strong>Envase<\/strong>: Paquete de 50<\/li>\n<li><strong>Dimensiones<\/strong>: 148 x 125 x 50 mm<\/li>\n<li><strong>Volumen<\/strong>: 500 ml<\/li>\n<li><strong>Material<\/strong>: Tereftalato de polietileno virgen (APET)<\/li>\n<li><strong>Uso<\/strong>: Fr\u00edo<\/li>\n<li><strong>Temperatura de funcionamiento<\/strong>: -40\u00b0C\/+70\u00b0C<\/li>\n<\/ul>\n<p>&nbsp;<\/p>\n<p><!--more--><\/p>\n<p>Disponible en diferentes tama\u00f1os: <span style=\"color: #d12727;\"><a style=\"color: #d12727;\" href=\"https:\/\/www.csj-emballages.com\/es\/produit\/50-latas-de-plastico-desechables-ergonomicas-de-250-ml-para-catering\/\">ERGO250<\/a><\/span> \/ <span style=\"color: #d12727;\"><a style=\"color: #d12727;\" href=\"https:\/\/www.csj-emballages.com\/produit\/50-boites-ergonomiques-traiteurs-fraicheurs-plastiques-375-ml\/\">ERGO375<\/a><\/span> \/ <span style=\"color: #d12727;\"><a style=\"color: #d12727;\" href=\"https:\/\/www.csj-emballages.com\/es\/produit\/50-latas-de-plastico-desechables-ergonomicas-para-catering-de-750-ml\/\">ERGO750<\/a><\/span> \/ <span style=\"color: #d12727;\"><a style=\"color: #d12727;\" href=\"https:\/\/www.csj-emballages.com\/es\/produit\/50-botes-de-plastico-desechables-ergonomicos-para-comida-fresca-1000-ml\/\">ERGO1000<\/a><\/span> \/ <span style=\"color: #d12727;\"><a style=\"color: #d12727;\" href=\"https:\/\/www.csj-emballages.com\/es\/produit\/50-cajas-de-plastico-desechables-ergonomicas-para-restauracion-fresca-1500-ml\/\">ERGO1500<\/a><\/span> \/ <span style=\"color: #d12727;\"><a style=\"color: #d12727;\" href=\"https:\/\/www.csj-emballages.com\/es\/produit\/60-cajas-de-plastico-desechables-ergonomicas-para-catering-2000-ml\/\">ERGO2000<\/a><\/span><\/p>\n<p>&nbsp;<\/p>\n<p><!--more--><\/p>\n<p><a href=\"https:\/\/www.csj-emballages.com\/es\/categorie-produit\/envasado-de-alimentos\/carniceria-y-charcuteria\/bandejas-latas-y-tarros\/bandejas-latas-tarros-de-comida\/cajas-para-catering-con-tapas-abatibles-ergopack\/\">Ver el resto de nuestra gama de bandejas frescas<\/a><\/p>\n","protected":false},"excerpt":{"rendered":"<p>Caja de catering Descripci\u00f3n de nuestra lata para delicatessen frescas con tapa abatible, 500 ml, paquete de 50<\/p>\n","protected":false},"featured_media":220713,"template":"","meta":{"_acf_changed":false},"product_brand":[],"product_cat":[1143,1491,2594],"product_tag":[],"class_list":{"0":"post-20724","1":"product","2":"type-product","3":"status-publish","4":"has-post-thumbnail","6":"product_cat-carniceria-y-charcuteria","7":"product_cat-bandejas-latas-tarros-de-comida","8":"product_cat-cajas-para-catering-con-tapas-abatibles-ergopack","10":"first","11":"instock","12":"taxable","13":"shipping-taxable","14":"purchasable","15":"product-type-simple"},"acf":[],"yoast_head":"<!-- This site is optimized with the Yoast SEO Premium plugin v26.6 (Yoast SEO v26.6) - https:\/\/yoast.com\/wordpress\/plugins\/seo\/ -->\n<title>Caja de comida fresca con tapa abatible - 500 ml<\/title>\n<meta name=\"description\" content=\"Envase de catering para alimentos frescos de 500 ml con tapa abatible: ideal para conservar, transportar y presentar sus platos fr\u00edos. Paquete de 50 unidades.\" \/>\n<meta name=\"robots\" content=\"index, follow, max-snippet:-1, max-image-preview:large, max-video-preview:-1\" \/>\n<link rel=\"canonical\" href=\"https:\/\/www.csj-emballages.com\/es\/produit\/50-latas-de-plastico-desechables-ergonomicas-de-500-ml-para-catering\/\" \/>\n<meta property=\"og:locale\" content=\"es_ES\" \/>\n<meta property=\"og:type\" content=\"article\" \/>\n<meta property=\"og:title\" content=\"Lata para delicatessen frescas con tapa abatible, 500 ml, paquete de 50\" \/>\n<meta property=\"og:description\" content=\"Envase de catering para alimentos frescos de 500 ml con tapa abatible: ideal para conservar, transportar y presentar sus platos fr\u00edos. Paquete de 50 unidades.\" \/>\n<meta property=\"og:url\" content=\"https:\/\/www.csj-emballages.com\/es\/produit\/50-latas-de-plastico-desechables-ergonomicas-de-500-ml-para-catering\/\" \/>\n<meta property=\"og:site_name\" content=\"CSJ Emballages\" \/>\n<meta property=\"article:publisher\" content=\"https:\/\/www.facebook.com\/csjemballages\" \/>\n<meta property=\"article:modified_time\" content=\"2026-04-15T00:13:38+00:00\" \/>\n<meta property=\"og:image\" content=\"https:\/\/www.csj-emballages.com\/wp-content\/uploads\/2024\/03\/ERGO500.webp\" \/>\n\t<meta property=\"og:image:width\" content=\"801\" \/>\n\t<meta property=\"og:image:height\" content=\"800\" \/>\n\t<meta property=\"og:image:type\" content=\"image\/webp\" \/>\n<meta name=\"twitter:card\" content=\"summary_large_image\" \/>\n<meta name=\"twitter:label1\" content=\"Tiempo de lectura\" \/>\n\t<meta name=\"twitter:data1\" content=\"1 minuto\" \/>\n<script type=\"application\/ld+json\" class=\"yoast-schema-graph\">{\"@context\":\"https:\/\/schema.org\",\"@graph\":[{\"@type\":\"WebPage\",\"@id\":\"https:\/\/www.csj-emballages.com\/es\/produit\/50-latas-de-plastico-desechables-ergonomicas-de-500-ml-para-catering\/\",\"url\":\"https:\/\/www.csj-emballages.com\/es\/produit\/50-latas-de-plastico-desechables-ergonomicas-de-500-ml-para-catering\/\",\"name\":\"Caja de comida fresca con tapa abatible - 500 ml\",\"isPartOf\":{\"@id\":\"https:\/\/www.csj-emballages.com\/es\/#website\"},\"primaryImageOfPage\":{\"@id\":\"https:\/\/www.csj-emballages.com\/es\/produit\/50-latas-de-plastico-desechables-ergonomicas-de-500-ml-para-catering\/#primaryimage\"},\"image\":{\"@id\":\"https:\/\/www.csj-emballages.com\/es\/produit\/50-latas-de-plastico-desechables-ergonomicas-de-500-ml-para-catering\/#primaryimage\"},\"thumbnailUrl\":\"https:\/\/www.csj-emballages.com\/wp-content\/uploads\/2024\/03\/ERGO500.webp\",\"datePublished\":\"2024-03-01T15:54:21+00:00\",\"dateModified\":\"2026-04-15T00:13:38+00:00\",\"description\":\"Envase de catering para alimentos frescos de 500 ml con tapa abatible: ideal para conservar, transportar y presentar sus platos fr\u00edos. Paquete de 50 unidades.\",\"breadcrumb\":{\"@id\":\"https:\/\/www.csj-emballages.com\/es\/produit\/50-latas-de-plastico-desechables-ergonomicas-de-500-ml-para-catering\/#breadcrumb\"},\"inLanguage\":\"es\",\"potentialAction\":[{\"@type\":\"ReadAction\",\"target\":[\"https:\/\/www.csj-emballages.com\/es\/produit\/50-latas-de-plastico-desechables-ergonomicas-de-500-ml-para-catering\/\"]}]},{\"@type\":\"ImageObject\",\"inLanguage\":\"es\",\"@id\":\"https:\/\/www.csj-emballages.com\/es\/produit\/50-latas-de-plastico-desechables-ergonomicas-de-500-ml-para-catering\/#primaryimage\",\"url\":\"https:\/\/www.csj-emballages.com\/wp-content\/uploads\/2024\/03\/ERGO500.webp\",\"contentUrl\":\"https:\/\/www.csj-emballages.com\/wp-content\/uploads\/2024\/03\/ERGO500.webp\",\"width\":801,\"height\":800,\"caption\":\"Boite traiteur\"},{\"@type\":\"BreadcrumbList\",\"@id\":\"https:\/\/www.csj-emballages.com\/es\/produit\/50-latas-de-plastico-desechables-ergonomicas-de-500-ml-para-catering\/#breadcrumb\",\"itemListElement\":[{\"@type\":\"ListItem\",\"position\":1,\"name\":\"Accueil\",\"item\":\"https:\/\/www.csj-emballages.com\/es\/universo-del-envasado-alimentario\/\"},{\"@type\":\"ListItem\",\"position\":2,\"name\":\"Tienda\",\"item\":\"https:\/\/www.csj-emballages.com\/tienda\/\"},{\"@type\":\"ListItem\",\"position\":3,\"name\":\"Lata para delicatessen frescas con tapa abatible, 500 ml, paquete de 50\"}]},{\"@type\":\"WebSite\",\"@id\":\"https:\/\/www.csj-emballages.com\/es\/#website\",\"url\":\"https:\/\/www.csj-emballages.com\/es\/\",\"name\":\"CSJ Emballages\",\"description\":\"\",\"publisher\":{\"@id\":\"https:\/\/www.csj-emballages.com\/es\/#organization\"},\"potentialAction\":[{\"@type\":\"SearchAction\",\"target\":{\"@type\":\"EntryPoint\",\"urlTemplate\":\"https:\/\/www.csj-emballages.com\/es\/?s={search_term_string}\"},\"query-input\":{\"@type\":\"PropertyValueSpecification\",\"valueRequired\":true,\"valueName\":\"search_term_string\"}}],\"inLanguage\":\"es\"},{\"@type\":\"Organization\",\"@id\":\"https:\/\/www.csj-emballages.com\/es\/#Organization\/\",\"name\":\"CSJ Emballages\",\"url\":\"https:\/\/www.csj-emballages.com\/es\/\",\"logo\":{\"@type\":\"ImageObject\",\"inLanguage\":\"es\",\"@id\":\"https:\/\/www.csj-emballages.com\/es\/#\/schema\/logo\/image\/\",\"url\":\"https:\/\/www.csj-emballages.com\/wp-content\/uploads\/2023\/10\/logo_csj.webp\",\"contentUrl\":\"https:\/\/www.csj-emballages.com\/wp-content\/uploads\/2023\/10\/logo_csj.webp\",\"width\":250,\"height\":95,\"caption\":\"CSJ Emballages\"},\"image\":{\"@id\":\"https:\/\/www.csj-emballages.com\/es\/#\/schema\/logo\/image\/\"},\"sameAs\":[\"https:\/\/www.facebook.com\/csjemballages\"],\"address\":{\"@type\":\"PostalAddress\",\"streetAddress\":\"ZI La Lechere\",\"addressLocality\":\"Patornay\",\"postalCode\":\"39130\",\"addressCountry\":\"FR\"},\"contactPoint\":[{\"@type\":\"ContactPoint\",\"contactType\":\"Service client\",\"telephone\":\"0384254272\",\"email\":\"contact@csj-emballages.com\"}]}]}<\/script>\n<!-- \/ Yoast SEO Premium plugin. -->","yoast_head_json":{"title":"Caja de comida fresca con tapa abatible - 500 ml","description":"Envase de catering para alimentos frescos de 500 ml con tapa abatible: ideal para conservar, transportar y presentar sus platos fr\u00edos. Paquete de 50 unidades.","robots":{"index":"index","follow":"follow","max-snippet":"max-snippet:-1","max-image-preview":"max-image-preview:large","max-video-preview":"max-video-preview:-1"},"canonical":"https:\/\/www.csj-emballages.com\/es\/produit\/50-latas-de-plastico-desechables-ergonomicas-de-500-ml-para-catering\/","og_locale":"es_ES","og_type":"article","og_title":"Lata para delicatessen frescas con tapa abatible, 500 ml, paquete de 50","og_description":"Envase de catering para alimentos frescos de 500 ml con tapa abatible: ideal para conservar, transportar y presentar sus platos fr\u00edos. Paquete de 50 unidades.","og_url":"https:\/\/www.csj-emballages.com\/es\/produit\/50-latas-de-plastico-desechables-ergonomicas-de-500-ml-para-catering\/","og_site_name":"CSJ Emballages","article_publisher":"https:\/\/www.facebook.com\/csjemballages","article_modified_time":"2026-04-15T00:13:38+00:00","og_image":[{"width":801,"height":800,"url":"https:\/\/www.csj-emballages.com\/wp-content\/uploads\/2024\/03\/ERGO500.webp","type":"image\/webp"}],"twitter_card":"summary_large_image","twitter_misc":{"Tiempo de lectura":"1 minuto"},"schema":{"@context":"https:\/\/schema.org","@graph":[{"@type":"WebPage","@id":"https:\/\/www.csj-emballages.com\/es\/produit\/50-latas-de-plastico-desechables-ergonomicas-de-500-ml-para-catering\/","url":"https:\/\/www.csj-emballages.com\/es\/produit\/50-latas-de-plastico-desechables-ergonomicas-de-500-ml-para-catering\/","name":"Caja de comida fresca con tapa abatible - 500 ml","isPartOf":{"@id":"https:\/\/www.csj-emballages.com\/es\/#website"},"primaryImageOfPage":{"@id":"https:\/\/www.csj-emballages.com\/es\/produit\/50-latas-de-plastico-desechables-ergonomicas-de-500-ml-para-catering\/#primaryimage"},"image":{"@id":"https:\/\/www.csj-emballages.com\/es\/produit\/50-latas-de-plastico-desechables-ergonomicas-de-500-ml-para-catering\/#primaryimage"},"thumbnailUrl":"https:\/\/www.csj-emballages.com\/wp-content\/uploads\/2024\/03\/ERGO500.webp","datePublished":"2024-03-01T15:54:21+00:00","dateModified":"2026-04-15T00:13:38+00:00","description":"Envase de catering para alimentos frescos de 500 ml con tapa abatible: ideal para conservar, transportar y presentar sus platos fr\u00edos. Paquete de 50 unidades.","breadcrumb":{"@id":"https:\/\/www.csj-emballages.com\/es\/produit\/50-latas-de-plastico-desechables-ergonomicas-de-500-ml-para-catering\/#breadcrumb"},"inLanguage":"es","potentialAction":[{"@type":"ReadAction","target":["https:\/\/www.csj-emballages.com\/es\/produit\/50-latas-de-plastico-desechables-ergonomicas-de-500-ml-para-catering\/"]}]},{"@type":"ImageObject","inLanguage":"es","@id":"https:\/\/www.csj-emballages.com\/es\/produit\/50-latas-de-plastico-desechables-ergonomicas-de-500-ml-para-catering\/#primaryimage","url":"https:\/\/www.csj-emballages.com\/wp-content\/uploads\/2024\/03\/ERGO500.webp","contentUrl":"https:\/\/www.csj-emballages.com\/wp-content\/uploads\/2024\/03\/ERGO500.webp","width":801,"height":800,"caption":"Boite traiteur"},{"@type":"BreadcrumbList","@id":"https:\/\/www.csj-emballages.com\/es\/produit\/50-latas-de-plastico-desechables-ergonomicas-de-500-ml-para-catering\/#breadcrumb","itemListElement":[{"@type":"ListItem","position":1,"name":"Accueil","item":"https:\/\/www.csj-emballages.com\/es\/universo-del-envasado-alimentario\/"},{"@type":"ListItem","position":2,"name":"Tienda","item":"https:\/\/www.csj-emballages.com\/tienda\/"},{"@type":"ListItem","position":3,"name":"Lata para delicatessen frescas con tapa abatible, 500 ml, paquete de 50"}]},{"@type":"WebSite","@id":"https:\/\/www.csj-emballages.com\/es\/#website","url":"https:\/\/www.csj-emballages.com\/es\/","name":"CSJ Emballages","description":"","publisher":{"@id":"https:\/\/www.csj-emballages.com\/es\/#organization"},"potentialAction":[{"@type":"SearchAction","target":{"@type":"EntryPoint","urlTemplate":"https:\/\/www.csj-emballages.com\/es\/?s={search_term_string}"},"query-input":{"@type":"PropertyValueSpecification","valueRequired":true,"valueName":"search_term_string"}}],"inLanguage":"es"},{"@type":"Organization","@id":"https:\/\/www.csj-emballages.com\/es\/#Organization\/","name":"CSJ Emballages","url":"https:\/\/www.csj-emballages.com\/es\/","logo":{"@type":"ImageObject","inLanguage":"es","@id":"https:\/\/www.csj-emballages.com\/es\/#\/schema\/logo\/image\/","url":"https:\/\/www.csj-emballages.com\/wp-content\/uploads\/2023\/10\/logo_csj.webp","contentUrl":"https:\/\/www.csj-emballages.com\/wp-content\/uploads\/2023\/10\/logo_csj.webp","width":250,"height":95,"caption":"CSJ Emballages"},"image":{"@id":"https:\/\/www.csj-emballages.com\/es\/#\/schema\/logo\/image\/"},"sameAs":["https:\/\/www.facebook.com\/csjemballages"],"address":{"@type":"PostalAddress","streetAddress":"ZI La Lechere","addressLocality":"Patornay","postalCode":"39130","addressCountry":"FR"},"contactPoint":[{"@type":"ContactPoint","contactType":"Service client","telephone":"0384254272","email":"contact@csj-emballages.com"}]}]}},"df_price":5.32,"df_sale_price":"","df_regular_price":5.32,"df_image_link":"https:\/\/www.csj-emballages.com\/wp-content\/uploads\/2024\/03\/ERGO500-300x300.webp","tiered_pricing_type":"fixed","tiered_pricing_fixed_rules":[],"tiered_pricing_percentage_rules":[],"tiered_pricing_minimum":1,"tiered_pricing_roles_data":[],"_links":{"self":[{"href":"https:\/\/www.csj-emballages.com\/es\/wp-json\/wp\/v2\/product\/20724","targetHints":{"allow":["GET"]}}],"collection":[{"href":"https:\/\/www.csj-emballages.com\/es\/wp-json\/wp\/v2\/product"}],"about":[{"href":"https:\/\/www.csj-emballages.com\/es\/wp-json\/wp\/v2\/types\/product"}],"wp:featuredmedia":[{"embeddable":true,"href":"https:\/\/www.csj-emballages.com\/es\/wp-json\/wp\/v2\/media\/220713"}],"wp:attachment":[{"href":"https:\/\/www.csj-emballages.com\/es\/wp-json\/wp\/v2\/media?parent=20724"}],"wp:term":[{"taxonomy":"product_brand","embeddable":true,"href":"https:\/\/www.csj-emballages.com\/es\/wp-json\/wp\/v2\/product_brand?post=20724"},{"taxonomy":"product_cat","embeddable":true,"href":"https:\/\/www.csj-emballages.com\/es\/wp-json\/wp\/v2\/product_cat?post=20724"},{"taxonomy":"product_tag","embeddable":true,"href":"https:\/\/www.csj-emballages.com\/es\/wp-json\/wp\/v2\/product_tag?post=20724"}],"curies":[{"name":"wp","href":"https:\/\/api.w.org\/{rel}","templated":true}]}}