{"id":20690,"date":"2024-03-01T16:54:25","date_gmt":"2024-03-01T15:54:25","guid":{"rendered":"https:\/\/u15jnbdpoq.preview.infomaniak.website\/produit\/6-rollos-de-toallas-de-mano-gofradas-450-formato-185-x-20-cm\/"},"modified":"2026-04-23T08:00:42","modified_gmt":"2026-04-23T06:00:42","slug":"6-rollos-de-toallas-de-mano-gofradas-450-formato-185-x-20-cm","status":"publish","type":"product","link":"https:\/\/www.csj-emballages.com\/es\/produit\/6-rollos-de-toallas-de-mano-gofradas-450-formato-185-x-20-cm\/","title":{"rendered":"Rollo de papel secamanos gofrado, 450 servicios de 19 x 20 cm, pack de 6"},"content":{"rendered":"<h2 data-start=\"209\" data-end=\"521\">Rollo de toallas de papel<\/h2>\n<hr>\n<h3 data-start=\"209\" data-end=\"521\">Descubra nuestro rollo de papel secamanos gofrado, 450 servicios de 19 x 20 cm, pack de 6<\/h3>\n<p><!--more--><\/p>\n<p data-start=\"209\" data-end=\"521\">Este <strong data-start=\"212\" data-end=\"245\">rollo de papel secamanos gofrado<\/strong> est\u00e1 pensado para lugares donde la higiene y la rapidez son importantes. Con sus <strong data-start=\"327\" data-end=\"342\">450 servicios<\/strong> por rollo, es ideal para usos intensivos sin tener que reemplazar el rollo cada hora. Es un verdadero ahorro de tiempo, especialmente en entornos muy concurridos.  <\/p>\n<p data-start=\"523\" data-end=\"847\">El <strong data-start=\"526\" data-end=\"538\">gofrado<\/strong> aporta una mayor capacidad de absorci\u00f3n y hace que cada hoja sea m\u00e1s eficaz desde el primer contacto. Las manos se secan r\u00e1pidamente, sin sensaci\u00f3n de humedad persistente. Gracias a su formato de <strong data-start=\"735\" data-end=\"749\">19 x 20 cm<\/strong>, cada hoja es lo suficientemente grande como para ser pr\u00e1ctica, sin dejar de ser econ\u00f3mica en su uso.  <\/p>\n<p data-start=\"849\" data-end=\"1189\">Este <strong>rollo<\/strong> es perfecto para <strong>sanitarios, cocinas profesionales, talleres, colectividades o espacios de trabajo<\/strong>. Se utiliza f\u00e1cilmente con los dispensadores adecuados y permite mantener un espacio limpio, ordenado y bien organizado. Adem\u00e1s, el corte limpio de las hojas evita el desperdicio y fomenta un consumo controlado.  <\/p>\n<p data-start=\"1191\" data-end=\"1480\">Vendido <strong data-start=\"1197\" data-end=\"1213\">en lote de 6<\/strong>, este acondicionamiento es ideal para anticipar las necesidades y gestionar las existencias con tranquilidad. Estar\u00e1 equipado para durar, sin multiplicar los pedidos. Ya sea para un uso diario o intensivo, este <strong>rollo de papel secamanos<\/strong> se adapta sin problemas a las exigencias profesionales.  <\/p>\n<p data-start=\"1482\" data-end=\"1673\">En resumen, este <strong>papel secamanos gofrado<\/strong> combina eficacia, confort y practicidad. Simplifica la higiene de las manos a la vez que ofrece una soluci\u00f3n fiable, pensada para lugares de mucha afluencia. <\/p>\n<p data-start=\"1482\" data-end=\"1673\">\n<p data-start=\"1482\" data-end=\"1673\"><!--more--><\/p>\n<h4 data-start=\"1482\" data-end=\"1673\">Ventajas :<\/h4>\n<ul>\n<li data-start=\"1701\" data-end=\"1727\"><strong>450 servicios<\/strong> por rollo.<\/li>\n<li data-start=\"1730\" data-end=\"1776\">Papel gofrado para una mejor absorci\u00f3n.<\/li>\n<li data-start=\"1779\" data-end=\"1808\">Formato pr\u00e1ctico de <strong>19 x 20 cm<\/strong>.<\/li>\n<li data-start=\"1811\" data-end=\"1846\">Utilizaci\u00f3n fluida y econ\u00f3mica.<\/li>\n<li data-start=\"1849\" data-end=\"1885\">Adaptado a entornos profesionales.<\/li>\n<li data-start=\"1888\" data-end=\"1933\">Lote de <strong>6 rollos<\/strong> para una gesti\u00f3n facilitada.<\/li>\n<\/ul>\n<p>&nbsp;<\/p>\n<p><!--more--><\/p>\n<h4>Informaci\u00f3n adicional :<\/h4>\n<ul style=\"margin-top: 0; margin-bottom: 0;\">\n<li><strong>Envase<\/strong>: Paquete de 6<\/li>\n<li><strong>Color<\/strong>: blanco<\/li>\n<li><strong>N\u00famero de capas<\/strong>: 2<\/li>\n<li><strong>N\u00famero de servicios<\/strong>: 450<\/li>\n<li><strong>Ancho del servicio<\/strong>: 19 cm<\/li>\n<li><strong>Longitud del servicio<\/strong>: 20 cm<\/li>\n<li><strong>Longitud del rollo<\/strong>: 90 m<\/li>\n<li><strong>Di\u00e1metro del rollo<\/strong>: 19,5 cm<\/li>\n<li><strong>Material<\/strong>: Papel<\/li>\n<\/ul>\n<p>&nbsp;<\/p>\n<p><!--more--><\/p>\n<p>Encuentre aqu\u00ed el dispensador compatible con este papel secamanos: <span style=\"color: #d12727;\"><a style=\"color: #d12727;\" href=\"https:\/\/www.csj-emballages.com\/produit\/distributeur-a-devidage-central-blanc-pour-bobine-450-formats-ref-e822\/?_gl=1*1vk142f*_up*MQ..*_ga*MjA0ODI1MzQ0OC4xNzcwMDM2NDM3*_ga_YNVJLRSSZT*czE3NzAwMzY0MzckbzEkZzAkdDE3NzAwMzY0MzckajYwJGwwJGgyMDQ3NDQ2Mjgw\">DISTRIE822<\/a><\/span><\/p>\n<p>&nbsp;<\/p>\n<p><!--more--><\/p>\n<p><a href=\"\/?product_cat=essuies-mains-rouleaux\">Consulte el resto de nuestra gama de toallas de mano en rollo<\/a><\/p>\n","protected":false},"excerpt":{"rendered":"<p>Rollo de toallas de papel Descubra nuestro rollo de papel secamanos gofrado, 450 servicios de 19 x 20 cm, pack de 6<\/p>\n","protected":false},"featured_media":263164,"template":"","meta":{"_acf_changed":false},"product_brand":[],"product_cat":[1226,1388,1438,1439],"product_tag":[],"class_list":{"0":"post-20690","1":"product","2":"type-product","3":"status-publish","4":"has-post-thumbnail","6":"product_cat-higiene-y-mantenimiento","7":"product_cat-limpiar","8":"product_cat-toallas-de-mano","9":"product_cat-limpiaparabrisas-manuales-de-rodillo","11":"first","12":"instock","13":"taxable","14":"shipping-taxable","15":"purchasable","16":"product-type-simple"},"acf":[],"yoast_head":"<!-- This site is optimized with the Yoast SEO Premium plugin v26.6 (Yoast SEO v26.6) - https:\/\/yoast.com\/wordpress\/plugins\/seo\/ -->\n<title>Rollo de papel secamanos gofrado, 450 servicios de 19 x 20 cm, pack de 6<\/title>\n<meta name=\"description\" content=\"Rollo de papel secamanos gofrado, 450 servicios de 19 x 20 cm, vendido en packs de 6. Absorbente, pr\u00e1ctico e ideal para sanitarios y cocinas profesionales.\" \/>\n<meta name=\"robots\" content=\"index, follow, max-snippet:-1, max-image-preview:large, max-video-preview:-1\" \/>\n<link rel=\"canonical\" href=\"https:\/\/www.csj-emballages.com\/es\/produit\/6-rollos-de-toallas-de-mano-gofradas-450-formato-185-x-20-cm\/\" \/>\n<meta property=\"og:locale\" content=\"es_ES\" \/>\n<meta property=\"og:type\" content=\"article\" \/>\n<meta property=\"og:title\" content=\"Rollo de papel secamanos gofrado, 450 servicios de 19 x 20 cm, pack de 6\" \/>\n<meta property=\"og:description\" content=\"Rollo de papel secamanos gofrado, 450 servicios de 19 x 20 cm, vendido en packs de 6. Absorbente, pr\u00e1ctico e ideal para sanitarios y cocinas profesionales.\" \/>\n<meta property=\"og:url\" content=\"https:\/\/www.csj-emballages.com\/es\/produit\/6-rollos-de-toallas-de-mano-gofradas-450-formato-185-x-20-cm\/\" \/>\n<meta property=\"og:site_name\" content=\"CSJ Emballages\" \/>\n<meta property=\"article:publisher\" content=\"https:\/\/www.facebook.com\/csjemballages\" \/>\n<meta property=\"article:modified_time\" content=\"2026-04-23T06:00:42+00:00\" \/>\n<meta property=\"og:image\" content=\"https:\/\/www.csj-emballages.com\/wp-content\/uploads\/2024\/03\/E822S.webp\" \/>\n\t<meta property=\"og:image:width\" content=\"800\" \/>\n\t<meta property=\"og:image:height\" content=\"800\" \/>\n\t<meta property=\"og:image:type\" content=\"image\/webp\" \/>\n<meta name=\"twitter:card\" content=\"summary_large_image\" \/>\n<meta name=\"twitter:label1\" content=\"Tiempo de lectura\" \/>\n\t<meta name=\"twitter:data1\" content=\"2 minutos\" \/>\n<script type=\"application\/ld+json\" class=\"yoast-schema-graph\">{\"@context\":\"https:\/\/schema.org\",\"@graph\":[{\"@type\":\"WebPage\",\"@id\":\"https:\/\/www.csj-emballages.com\/es\/produit\/6-rollos-de-toallas-de-mano-gofradas-450-formato-185-x-20-cm\/\",\"url\":\"https:\/\/www.csj-emballages.com\/es\/produit\/6-rollos-de-toallas-de-mano-gofradas-450-formato-185-x-20-cm\/\",\"name\":\"Rollo de papel secamanos gofrado, 450 servicios de 19 x 20 cm, pack de 6\",\"isPartOf\":{\"@id\":\"https:\/\/www.csj-emballages.com\/es\/#website\"},\"primaryImageOfPage\":{\"@id\":\"https:\/\/www.csj-emballages.com\/es\/produit\/6-rollos-de-toallas-de-mano-gofradas-450-formato-185-x-20-cm\/#primaryimage\"},\"image\":{\"@id\":\"https:\/\/www.csj-emballages.com\/es\/produit\/6-rollos-de-toallas-de-mano-gofradas-450-formato-185-x-20-cm\/#primaryimage\"},\"thumbnailUrl\":\"https:\/\/www.csj-emballages.com\/wp-content\/uploads\/2024\/03\/E822S.webp\",\"datePublished\":\"2024-03-01T15:54:25+00:00\",\"dateModified\":\"2026-04-23T06:00:42+00:00\",\"description\":\"Rollo de papel secamanos gofrado, 450 servicios de 19 x 20 cm, vendido en packs de 6. Absorbente, pr\u00e1ctico e ideal para sanitarios y cocinas profesionales.\",\"breadcrumb\":{\"@id\":\"https:\/\/www.csj-emballages.com\/es\/produit\/6-rollos-de-toallas-de-mano-gofradas-450-formato-185-x-20-cm\/#breadcrumb\"},\"inLanguage\":\"es\",\"potentialAction\":[{\"@type\":\"ReadAction\",\"target\":[\"https:\/\/www.csj-emballages.com\/es\/produit\/6-rollos-de-toallas-de-mano-gofradas-450-formato-185-x-20-cm\/\"]}]},{\"@type\":\"ImageObject\",\"inLanguage\":\"es\",\"@id\":\"https:\/\/www.csj-emballages.com\/es\/produit\/6-rollos-de-toallas-de-mano-gofradas-450-formato-185-x-20-cm\/#primaryimage\",\"url\":\"https:\/\/www.csj-emballages.com\/wp-content\/uploads\/2024\/03\/E822S.webp\",\"contentUrl\":\"https:\/\/www.csj-emballages.com\/wp-content\/uploads\/2024\/03\/E822S.webp\",\"width\":800,\"height\":800,\"caption\":\"Rouleau essuie-mains\"},{\"@type\":\"BreadcrumbList\",\"@id\":\"https:\/\/www.csj-emballages.com\/es\/produit\/6-rollos-de-toallas-de-mano-gofradas-450-formato-185-x-20-cm\/#breadcrumb\",\"itemListElement\":[{\"@type\":\"ListItem\",\"position\":1,\"name\":\"Accueil\",\"item\":\"https:\/\/www.csj-emballages.com\/es\/universo-del-envasado-alimentario\/\"},{\"@type\":\"ListItem\",\"position\":2,\"name\":\"Tienda\",\"item\":\"https:\/\/www.csj-emballages.com\/tienda\/\"},{\"@type\":\"ListItem\",\"position\":3,\"name\":\"Rollo de papel secamanos gofrado, 450 servicios de 19 x 20 cm, pack de 6\"}]},{\"@type\":\"WebSite\",\"@id\":\"https:\/\/www.csj-emballages.com\/es\/#website\",\"url\":\"https:\/\/www.csj-emballages.com\/es\/\",\"name\":\"CSJ Emballages\",\"description\":\"\",\"publisher\":{\"@id\":\"https:\/\/www.csj-emballages.com\/es\/#organization\"},\"potentialAction\":[{\"@type\":\"SearchAction\",\"target\":{\"@type\":\"EntryPoint\",\"urlTemplate\":\"https:\/\/www.csj-emballages.com\/es\/?s={search_term_string}\"},\"query-input\":{\"@type\":\"PropertyValueSpecification\",\"valueRequired\":true,\"valueName\":\"search_term_string\"}}],\"inLanguage\":\"es\"},{\"@type\":\"Organization\",\"@id\":\"https:\/\/www.csj-emballages.com\/es\/#Organization\/\",\"name\":\"CSJ Emballages\",\"url\":\"https:\/\/www.csj-emballages.com\/es\/\",\"logo\":{\"@type\":\"ImageObject\",\"inLanguage\":\"es\",\"@id\":\"https:\/\/www.csj-emballages.com\/es\/#\/schema\/logo\/image\/\",\"url\":\"https:\/\/www.csj-emballages.com\/wp-content\/uploads\/2023\/10\/logo_csj.webp\",\"contentUrl\":\"https:\/\/www.csj-emballages.com\/wp-content\/uploads\/2023\/10\/logo_csj.webp\",\"width\":250,\"height\":95,\"caption\":\"CSJ Emballages\"},\"image\":{\"@id\":\"https:\/\/www.csj-emballages.com\/es\/#\/schema\/logo\/image\/\"},\"sameAs\":[\"https:\/\/www.facebook.com\/csjemballages\"],\"address\":{\"@type\":\"PostalAddress\",\"streetAddress\":\"ZI La Lechere\",\"addressLocality\":\"Patornay\",\"postalCode\":\"39130\",\"addressCountry\":\"FR\"},\"contactPoint\":[{\"@type\":\"ContactPoint\",\"contactType\":\"Service client\",\"telephone\":\"0384254272\",\"email\":\"contact@csj-emballages.com\"}]}]}<\/script>\n<!-- \/ Yoast SEO Premium plugin. -->","yoast_head_json":{"title":"Rollo de papel secamanos gofrado, 450 servicios de 19 x 20 cm, pack de 6","description":"Rollo de papel secamanos gofrado, 450 servicios de 19 x 20 cm, vendido en packs de 6. Absorbente, pr\u00e1ctico e ideal para sanitarios y cocinas profesionales.","robots":{"index":"index","follow":"follow","max-snippet":"max-snippet:-1","max-image-preview":"max-image-preview:large","max-video-preview":"max-video-preview:-1"},"canonical":"https:\/\/www.csj-emballages.com\/es\/produit\/6-rollos-de-toallas-de-mano-gofradas-450-formato-185-x-20-cm\/","og_locale":"es_ES","og_type":"article","og_title":"Rollo de papel secamanos gofrado, 450 servicios de 19 x 20 cm, pack de 6","og_description":"Rollo de papel secamanos gofrado, 450 servicios de 19 x 20 cm, vendido en packs de 6. Absorbente, pr\u00e1ctico e ideal para sanitarios y cocinas profesionales.","og_url":"https:\/\/www.csj-emballages.com\/es\/produit\/6-rollos-de-toallas-de-mano-gofradas-450-formato-185-x-20-cm\/","og_site_name":"CSJ Emballages","article_publisher":"https:\/\/www.facebook.com\/csjemballages","article_modified_time":"2026-04-23T06:00:42+00:00","og_image":[{"width":800,"height":800,"url":"https:\/\/www.csj-emballages.com\/wp-content\/uploads\/2024\/03\/E822S.webp","type":"image\/webp"}],"twitter_card":"summary_large_image","twitter_misc":{"Tiempo de lectura":"2 minutos"},"schema":{"@context":"https:\/\/schema.org","@graph":[{"@type":"WebPage","@id":"https:\/\/www.csj-emballages.com\/es\/produit\/6-rollos-de-toallas-de-mano-gofradas-450-formato-185-x-20-cm\/","url":"https:\/\/www.csj-emballages.com\/es\/produit\/6-rollos-de-toallas-de-mano-gofradas-450-formato-185-x-20-cm\/","name":"Rollo de papel secamanos gofrado, 450 servicios de 19 x 20 cm, pack de 6","isPartOf":{"@id":"https:\/\/www.csj-emballages.com\/es\/#website"},"primaryImageOfPage":{"@id":"https:\/\/www.csj-emballages.com\/es\/produit\/6-rollos-de-toallas-de-mano-gofradas-450-formato-185-x-20-cm\/#primaryimage"},"image":{"@id":"https:\/\/www.csj-emballages.com\/es\/produit\/6-rollos-de-toallas-de-mano-gofradas-450-formato-185-x-20-cm\/#primaryimage"},"thumbnailUrl":"https:\/\/www.csj-emballages.com\/wp-content\/uploads\/2024\/03\/E822S.webp","datePublished":"2024-03-01T15:54:25+00:00","dateModified":"2026-04-23T06:00:42+00:00","description":"Rollo de papel secamanos gofrado, 450 servicios de 19 x 20 cm, vendido en packs de 6. Absorbente, pr\u00e1ctico e ideal para sanitarios y cocinas profesionales.","breadcrumb":{"@id":"https:\/\/www.csj-emballages.com\/es\/produit\/6-rollos-de-toallas-de-mano-gofradas-450-formato-185-x-20-cm\/#breadcrumb"},"inLanguage":"es","potentialAction":[{"@type":"ReadAction","target":["https:\/\/www.csj-emballages.com\/es\/produit\/6-rollos-de-toallas-de-mano-gofradas-450-formato-185-x-20-cm\/"]}]},{"@type":"ImageObject","inLanguage":"es","@id":"https:\/\/www.csj-emballages.com\/es\/produit\/6-rollos-de-toallas-de-mano-gofradas-450-formato-185-x-20-cm\/#primaryimage","url":"https:\/\/www.csj-emballages.com\/wp-content\/uploads\/2024\/03\/E822S.webp","contentUrl":"https:\/\/www.csj-emballages.com\/wp-content\/uploads\/2024\/03\/E822S.webp","width":800,"height":800,"caption":"Rouleau essuie-mains"},{"@type":"BreadcrumbList","@id":"https:\/\/www.csj-emballages.com\/es\/produit\/6-rollos-de-toallas-de-mano-gofradas-450-formato-185-x-20-cm\/#breadcrumb","itemListElement":[{"@type":"ListItem","position":1,"name":"Accueil","item":"https:\/\/www.csj-emballages.com\/es\/universo-del-envasado-alimentario\/"},{"@type":"ListItem","position":2,"name":"Tienda","item":"https:\/\/www.csj-emballages.com\/tienda\/"},{"@type":"ListItem","position":3,"name":"Rollo de papel secamanos gofrado, 450 servicios de 19 x 20 cm, pack de 6"}]},{"@type":"WebSite","@id":"https:\/\/www.csj-emballages.com\/es\/#website","url":"https:\/\/www.csj-emballages.com\/es\/","name":"CSJ Emballages","description":"","publisher":{"@id":"https:\/\/www.csj-emballages.com\/es\/#organization"},"potentialAction":[{"@type":"SearchAction","target":{"@type":"EntryPoint","urlTemplate":"https:\/\/www.csj-emballages.com\/es\/?s={search_term_string}"},"query-input":{"@type":"PropertyValueSpecification","valueRequired":true,"valueName":"search_term_string"}}],"inLanguage":"es"},{"@type":"Organization","@id":"https:\/\/www.csj-emballages.com\/es\/#Organization\/","name":"CSJ Emballages","url":"https:\/\/www.csj-emballages.com\/es\/","logo":{"@type":"ImageObject","inLanguage":"es","@id":"https:\/\/www.csj-emballages.com\/es\/#\/schema\/logo\/image\/","url":"https:\/\/www.csj-emballages.com\/wp-content\/uploads\/2023\/10\/logo_csj.webp","contentUrl":"https:\/\/www.csj-emballages.com\/wp-content\/uploads\/2023\/10\/logo_csj.webp","width":250,"height":95,"caption":"CSJ Emballages"},"image":{"@id":"https:\/\/www.csj-emballages.com\/es\/#\/schema\/logo\/image\/"},"sameAs":["https:\/\/www.facebook.com\/csjemballages"],"address":{"@type":"PostalAddress","streetAddress":"ZI La Lechere","addressLocality":"Patornay","postalCode":"39130","addressCountry":"FR"},"contactPoint":[{"@type":"ContactPoint","contactType":"Service client","telephone":"0384254272","email":"contact@csj-emballages.com"}]}]}},"df_price":13.68,"df_sale_price":"","df_regular_price":13.68,"df_image_link":"https:\/\/www.csj-emballages.com\/wp-content\/uploads\/2024\/03\/E822S-300x300.webp","tiered_pricing_type":"fixed","tiered_pricing_fixed_rules":[],"tiered_pricing_percentage_rules":[],"tiered_pricing_minimum":1,"tiered_pricing_roles_data":[],"_links":{"self":[{"href":"https:\/\/www.csj-emballages.com\/es\/wp-json\/wp\/v2\/product\/20690","targetHints":{"allow":["GET"]}}],"collection":[{"href":"https:\/\/www.csj-emballages.com\/es\/wp-json\/wp\/v2\/product"}],"about":[{"href":"https:\/\/www.csj-emballages.com\/es\/wp-json\/wp\/v2\/types\/product"}],"wp:featuredmedia":[{"embeddable":true,"href":"https:\/\/www.csj-emballages.com\/es\/wp-json\/wp\/v2\/media\/263164"}],"wp:attachment":[{"href":"https:\/\/www.csj-emballages.com\/es\/wp-json\/wp\/v2\/media?parent=20690"}],"wp:term":[{"taxonomy":"product_brand","embeddable":true,"href":"https:\/\/www.csj-emballages.com\/es\/wp-json\/wp\/v2\/product_brand?post=20690"},{"taxonomy":"product_cat","embeddable":true,"href":"https:\/\/www.csj-emballages.com\/es\/wp-json\/wp\/v2\/product_cat?post=20690"},{"taxonomy":"product_tag","embeddable":true,"href":"https:\/\/www.csj-emballages.com\/es\/wp-json\/wp\/v2\/product_tag?post=20690"}],"curies":[{"name":"wp","href":"https:\/\/api.w.org\/{rel}","templated":true}]}}