{"id":20686,"date":"2024-03-01T16:54:26","date_gmt":"2024-03-01T15:54:26","guid":{"rendered":"https:\/\/u15jnbdpoq.preview.infomaniak.website\/produit\/12-rollos-de-toallas-de-mano-de-guata-pura-gofradas-200-hojas-20-x-25-cm\/"},"modified":"2026-04-24T02:13:40","modified_gmt":"2026-04-24T00:13:40","slug":"12-rollos-de-toallas-de-mano-de-guata-pura-gofradas-200-hojas-20-x-25-cm","status":"publish","type":"product","link":"https:\/\/www.csj-emballages.com\/es\/produit\/12-rollos-de-toallas-de-mano-de-guata-pura-gofradas-200-hojas-20-x-25-cm\/","title":{"rendered":"Rollo de toallas de papel de pura celulosa gofrada, 200 unidades de 20 x 25 cm por 12"},"content":{"rendered":"<h2>Rollo de toallas de papel<\/h2>\n<hr>\n<h3>Descubra nuestro rollo de toallas de papel de pura celulosa gofrada, 200 unidades de 20 x 25 cm por 12<\/h3>\n<p><!--more--><\/p>\n<p data-start=\"228\" data-end=\"568\">Este <strong data-start=\"231\" data-end=\"277\">rollo de toallas de papel de pura celulosa gofrada<\/strong> est\u00e1 pensado para ofrecer un secado eficaz, r\u00e1pido y agradable a diario. Gracias a su textura gofrada, capta la humedad m\u00e1s f\u00e1cilmente y seca las manos en pocos gestos. Resultado: menos hojas utilizadas y un verdadero ahorro de tiempo, sobre todo en lugares con mucha afluencia.  <\/p>\n<p data-start=\"570\" data-end=\"962\">Con sus <strong data-start=\"579\" data-end=\"606\">200 unidades precortadas<\/strong> de <strong data-start=\"610\" data-end=\"624\">20 x 25 cm<\/strong>, este <strong>rollo<\/strong> se adapta perfectamente a los dispensadores est\u00e1ndar y al uso directo. Cada hoja se desprende limpiamente, lo que evita el desperdicio y permite mantener un espacio siempre limpio. La <strong>pura celulosa<\/strong> aporta una sensaci\u00f3n suave al contacto con la piel, a la vez que sigue siendo suficientemente resistente para un uso intensivo.  <\/p>\n<p data-start=\"964\" data-end=\"1332\">Este producto encuentra naturalmente su lugar en los <strong>sanitarios profesionales, las cocinas, los talleres, las colectividades o los establecimientos de restauraci\u00f3n<\/strong>. Responde a las exigencias de higiene a la vez que sigue siendo sencillo de utilizar. Adem\u00e1s, su formato <strong data-start=\"1215\" data-end=\"1241\">en lote de 12 rollos<\/strong> permite gestionar f\u00e1cilmente las existencias y asegurar una continuidad de servicio sin interrupciones.  <\/p>\n<p data-start=\"1334\" data-end=\"1537\">A diario, esta <strong>toalla de papel<\/strong> se convierte r\u00e1pidamente en un indispensable: se desenrolla, se seca, se tira y listo. Sin complicaciones, solo un producto fiable que hace exactamente lo que se espera de \u00e9l. <\/p>\n<p data-start=\"1539\" data-end=\"1712\">En resumen, este <strong>rollo de toallas de papel<\/strong> a\u00fana eficacia, confort y practicidad. Acompa\u00f1a a los profesionales en su rutina a la vez que garantiza una higiene irreprochable <\/p>\n<p>&nbsp;<\/p>\n<p><!--more--><\/p>\n<h4>Ventajas :<\/h4>\n<ul>\n<li data-start=\"1740\" data-end=\"1773\">Pura celulosa suave y resistente.<\/li>\n<li data-start=\"1776\" data-end=\"1810\">Textura gofrada muy absorbente.<\/li>\n<li data-start=\"1813\" data-end=\"1839\"><strong>200 unidades<\/strong> precortadas.<\/li>\n<li data-start=\"1842\" data-end=\"1876\">Dimensiones pr\u00e1cticas <strong>20 x 25 cm<\/strong>.<\/li>\n<li data-start=\"1879\" data-end=\"1921\">Compatible con dispensadores est\u00e1ndar.<\/li>\n<li data-start=\"1924\" data-end=\"1954\">Lote econ\u00f3mico de <strong>12 rollos<\/strong>.<\/li>\n<li data-start=\"1924\" data-end=\"1954\">Precortado a <strong>25 cm<\/strong>.<\/li>\n<\/ul>\n<p>&nbsp;<\/p>\n<p><!--more--><\/p>\n<h4><strong>Informaci\u00f3n adicional :  <\/strong><\/h4>\n<ul>\n<li><strong>Envase<\/strong>: Paquete de 12<\/li>\n<li><strong>Di\u00e1metro del rollo<\/strong>: 14 cm<\/li>\n<li><strong>Mandril<\/strong>: 5.9 cm<\/li>\n<li><strong>Anchura de precorte<\/strong>: 25 cm<\/li>\n<li><strong>Altura<\/strong>: 20 cm<\/li>\n<li><strong>Color<\/strong>: blanco<\/li>\n<li><strong>N\u00famero de capas<\/strong>: 2<\/li>\n<li><strong>N\u00famero de unidades<\/strong>: 200<\/li>\n<li><strong>Material<\/strong>: Celulosa<\/li>\n<\/ul>\n<p>&nbsp;<\/p>\n<p><!--more--><\/p>\n<p>Encuentre aqu\u00ed el dispensador dise\u00f1ado para este rollo de toallas de papel: <span style=\"color: #d12727;\"><a style=\"color: #d12727;\" href=\"https:\/\/www.csj-emballages.com\/produit\/distributeur-essuie-mains-a-devidage-central-blanc-pour-bobine-200-formats-ref-e811\/?_gl=1*g9j0uv*_up*MQ..*_ga*MTUzNTYwMTIzNi4xNzcwMDI2ODY2*_ga_YNVJLRSSZT*czE3NzAwMjY4NjUkbzEkZzAkdDE3NzAwMjY4NjUkajYwJGwwJGgxMjI5NTI1NzE4\">DISTRIE811<\/a><\/span><\/p>\n<p>&nbsp;<\/p>\n<p><!--more--><\/p>\n<p><a href=\"https:\/\/www.csj-emballages.com\/categorie-produit\/hygiene-et-entretiens\/essuyages\/essuie-mains\/essuies-mains-rouleaux\/?_gl=1*1qf72uz*_up*MQ..*_ga*NzE5OTExNjQuMTc2OTc1OTIwNw..*_ga_YNVJLRSSZT*czE3Njk3NjM1ODMkbzIkZzAkdDE3Njk3NjQ1MzUkajQ2JGwwJGgxMDI3NDM2Mzcx\">Consulte el resto de nuestra gama de toallas de papel en rollo<\/a><\/p>\n","protected":false},"excerpt":{"rendered":"<p>Rollo de toallas de papel Descubra nuestro rollo de toallas de papel de pura celulosa gofrada, 200 unidades de 20 x 25 cm por 12<\/p>\n","protected":false},"featured_media":263107,"template":"","meta":{"_acf_changed":false},"product_brand":[],"product_cat":[1226,1388,1438,1439],"product_tag":[],"class_list":{"0":"post-20686","1":"product","2":"type-product","3":"status-publish","4":"has-post-thumbnail","6":"product_cat-higiene-y-mantenimiento","7":"product_cat-limpiar","8":"product_cat-toallas-de-mano","9":"product_cat-limpiaparabrisas-manuales-de-rodillo","11":"first","12":"instock","13":"taxable","14":"shipping-taxable","15":"purchasable","16":"product-type-simple"},"acf":[],"yoast_head":"<!-- This site is optimized with the Yoast SEO Premium plugin v26.6 (Yoast SEO v26.6) - https:\/\/yoast.com\/wordpress\/plugins\/seo\/ -->\n<title>Rollo de toallas de papel de pura celulosa gofrada, 200 unidades de 20 x 25 cm<\/title>\n<meta name=\"description\" content=\"Rollo de toallas de papel de pura celulosa gofrada, 200 unidades de 20 x 25 cm, vendido por 12. Absorbente, pr\u00e1ctico e ideal para sanitarios y cocinas profesionales.\" \/>\n<meta name=\"robots\" content=\"index, follow, max-snippet:-1, max-image-preview:large, max-video-preview:-1\" \/>\n<link rel=\"canonical\" href=\"https:\/\/www.csj-emballages.com\/es\/produit\/12-rollos-de-toallas-de-mano-de-guata-pura-gofradas-200-hojas-20-x-25-cm\/\" \/>\n<meta property=\"og:locale\" content=\"es_ES\" \/>\n<meta property=\"og:type\" content=\"article\" \/>\n<meta property=\"og:title\" content=\"Rollo de toallas de papel de pura celulosa gofrada, 200 unidades de 20 x 25 cm por 12\" \/>\n<meta property=\"og:description\" content=\"Rollo de toallas de papel de pura celulosa gofrada, 200 unidades de 20 x 25 cm, vendido por 12. Absorbente, pr\u00e1ctico e ideal para sanitarios y cocinas profesionales.\" \/>\n<meta property=\"og:url\" content=\"https:\/\/www.csj-emballages.com\/es\/produit\/12-rollos-de-toallas-de-mano-de-guata-pura-gofradas-200-hojas-20-x-25-cm\/\" \/>\n<meta property=\"og:site_name\" content=\"CSJ Emballages\" \/>\n<meta property=\"article:publisher\" content=\"https:\/\/www.facebook.com\/csjemballages\" \/>\n<meta property=\"article:modified_time\" content=\"2026-04-24T00:13:40+00:00\" \/>\n<meta property=\"og:image\" content=\"https:\/\/www.csj-emballages.com\/wp-content\/uploads\/2024\/03\/E811G.webp\" \/>\n\t<meta property=\"og:image:width\" content=\"800\" \/>\n\t<meta property=\"og:image:height\" content=\"800\" \/>\n\t<meta property=\"og:image:type\" content=\"image\/webp\" \/>\n<meta name=\"twitter:card\" content=\"summary_large_image\" \/>\n<meta name=\"twitter:label1\" content=\"Tiempo de lectura\" \/>\n\t<meta name=\"twitter:data1\" content=\"2 minutos\" \/>\n<script type=\"application\/ld+json\" class=\"yoast-schema-graph\">{\"@context\":\"https:\/\/schema.org\",\"@graph\":[{\"@type\":\"WebPage\",\"@id\":\"https:\/\/www.csj-emballages.com\/es\/produit\/12-rollos-de-toallas-de-mano-de-guata-pura-gofradas-200-hojas-20-x-25-cm\/\",\"url\":\"https:\/\/www.csj-emballages.com\/es\/produit\/12-rollos-de-toallas-de-mano-de-guata-pura-gofradas-200-hojas-20-x-25-cm\/\",\"name\":\"Rollo de toallas de papel de pura celulosa gofrada, 200 unidades de 20 x 25 cm\",\"isPartOf\":{\"@id\":\"https:\/\/www.csj-emballages.com\/es\/#website\"},\"primaryImageOfPage\":{\"@id\":\"https:\/\/www.csj-emballages.com\/es\/produit\/12-rollos-de-toallas-de-mano-de-guata-pura-gofradas-200-hojas-20-x-25-cm\/#primaryimage\"},\"image\":{\"@id\":\"https:\/\/www.csj-emballages.com\/es\/produit\/12-rollos-de-toallas-de-mano-de-guata-pura-gofradas-200-hojas-20-x-25-cm\/#primaryimage\"},\"thumbnailUrl\":\"https:\/\/www.csj-emballages.com\/wp-content\/uploads\/2024\/03\/E811G.webp\",\"datePublished\":\"2024-03-01T15:54:26+00:00\",\"dateModified\":\"2026-04-24T00:13:40+00:00\",\"description\":\"Rollo de toallas de papel de pura celulosa gofrada, 200 unidades de 20 x 25 cm, vendido por 12. Absorbente, pr\u00e1ctico e ideal para sanitarios y cocinas profesionales.\",\"breadcrumb\":{\"@id\":\"https:\/\/www.csj-emballages.com\/es\/produit\/12-rollos-de-toallas-de-mano-de-guata-pura-gofradas-200-hojas-20-x-25-cm\/#breadcrumb\"},\"inLanguage\":\"es\",\"potentialAction\":[{\"@type\":\"ReadAction\",\"target\":[\"https:\/\/www.csj-emballages.com\/es\/produit\/12-rollos-de-toallas-de-mano-de-guata-pura-gofradas-200-hojas-20-x-25-cm\/\"]}]},{\"@type\":\"ImageObject\",\"inLanguage\":\"es\",\"@id\":\"https:\/\/www.csj-emballages.com\/es\/produit\/12-rollos-de-toallas-de-mano-de-guata-pura-gofradas-200-hojas-20-x-25-cm\/#primaryimage\",\"url\":\"https:\/\/www.csj-emballages.com\/wp-content\/uploads\/2024\/03\/E811G.webp\",\"contentUrl\":\"https:\/\/www.csj-emballages.com\/wp-content\/uploads\/2024\/03\/E811G.webp\",\"width\":800,\"height\":800,\"caption\":\"Rouleau essuie-mains\"},{\"@type\":\"BreadcrumbList\",\"@id\":\"https:\/\/www.csj-emballages.com\/es\/produit\/12-rollos-de-toallas-de-mano-de-guata-pura-gofradas-200-hojas-20-x-25-cm\/#breadcrumb\",\"itemListElement\":[{\"@type\":\"ListItem\",\"position\":1,\"name\":\"Accueil\",\"item\":\"https:\/\/www.csj-emballages.com\/es\/universo-del-envasado-alimentario\/\"},{\"@type\":\"ListItem\",\"position\":2,\"name\":\"Tienda\",\"item\":\"https:\/\/www.csj-emballages.com\/tienda\/\"},{\"@type\":\"ListItem\",\"position\":3,\"name\":\"Rollo de toallas de papel de pura celulosa gofrada, 200 unidades de 20 x 25 cm por 12\"}]},{\"@type\":\"WebSite\",\"@id\":\"https:\/\/www.csj-emballages.com\/es\/#website\",\"url\":\"https:\/\/www.csj-emballages.com\/es\/\",\"name\":\"CSJ Emballages\",\"description\":\"\",\"publisher\":{\"@id\":\"https:\/\/www.csj-emballages.com\/es\/#organization\"},\"potentialAction\":[{\"@type\":\"SearchAction\",\"target\":{\"@type\":\"EntryPoint\",\"urlTemplate\":\"https:\/\/www.csj-emballages.com\/es\/?s={search_term_string}\"},\"query-input\":{\"@type\":\"PropertyValueSpecification\",\"valueRequired\":true,\"valueName\":\"search_term_string\"}}],\"inLanguage\":\"es\"},{\"@type\":\"Organization\",\"@id\":\"https:\/\/www.csj-emballages.com\/es\/#Organization\/\",\"name\":\"CSJ Emballages\",\"url\":\"https:\/\/www.csj-emballages.com\/es\/\",\"logo\":{\"@type\":\"ImageObject\",\"inLanguage\":\"es\",\"@id\":\"https:\/\/www.csj-emballages.com\/es\/#\/schema\/logo\/image\/\",\"url\":\"https:\/\/www.csj-emballages.com\/wp-content\/uploads\/2023\/10\/logo_csj.webp\",\"contentUrl\":\"https:\/\/www.csj-emballages.com\/wp-content\/uploads\/2023\/10\/logo_csj.webp\",\"width\":250,\"height\":95,\"caption\":\"CSJ Emballages\"},\"image\":{\"@id\":\"https:\/\/www.csj-emballages.com\/es\/#\/schema\/logo\/image\/\"},\"sameAs\":[\"https:\/\/www.facebook.com\/csjemballages\"],\"address\":{\"@type\":\"PostalAddress\",\"streetAddress\":\"ZI La Lechere\",\"addressLocality\":\"Patornay\",\"postalCode\":\"39130\",\"addressCountry\":\"FR\"},\"contactPoint\":[{\"@type\":\"ContactPoint\",\"contactType\":\"Service client\",\"telephone\":\"0384254272\",\"email\":\"contact@csj-emballages.com\"}]}]}<\/script>\n<!-- \/ Yoast SEO Premium plugin. -->","yoast_head_json":{"title":"Rollo de toallas de papel de pura celulosa gofrada, 200 unidades de 20 x 25 cm","description":"Rollo de toallas de papel de pura celulosa gofrada, 200 unidades de 20 x 25 cm, vendido por 12. Absorbente, pr\u00e1ctico e ideal para sanitarios y cocinas profesionales.","robots":{"index":"index","follow":"follow","max-snippet":"max-snippet:-1","max-image-preview":"max-image-preview:large","max-video-preview":"max-video-preview:-1"},"canonical":"https:\/\/www.csj-emballages.com\/es\/produit\/12-rollos-de-toallas-de-mano-de-guata-pura-gofradas-200-hojas-20-x-25-cm\/","og_locale":"es_ES","og_type":"article","og_title":"Rollo de toallas de papel de pura celulosa gofrada, 200 unidades de 20 x 25 cm por 12","og_description":"Rollo de toallas de papel de pura celulosa gofrada, 200 unidades de 20 x 25 cm, vendido por 12. Absorbente, pr\u00e1ctico e ideal para sanitarios y cocinas profesionales.","og_url":"https:\/\/www.csj-emballages.com\/es\/produit\/12-rollos-de-toallas-de-mano-de-guata-pura-gofradas-200-hojas-20-x-25-cm\/","og_site_name":"CSJ Emballages","article_publisher":"https:\/\/www.facebook.com\/csjemballages","article_modified_time":"2026-04-24T00:13:40+00:00","og_image":[{"width":800,"height":800,"url":"https:\/\/www.csj-emballages.com\/wp-content\/uploads\/2024\/03\/E811G.webp","type":"image\/webp"}],"twitter_card":"summary_large_image","twitter_misc":{"Tiempo de lectura":"2 minutos"},"schema":{"@context":"https:\/\/schema.org","@graph":[{"@type":"WebPage","@id":"https:\/\/www.csj-emballages.com\/es\/produit\/12-rollos-de-toallas-de-mano-de-guata-pura-gofradas-200-hojas-20-x-25-cm\/","url":"https:\/\/www.csj-emballages.com\/es\/produit\/12-rollos-de-toallas-de-mano-de-guata-pura-gofradas-200-hojas-20-x-25-cm\/","name":"Rollo de toallas de papel de pura celulosa gofrada, 200 unidades de 20 x 25 cm","isPartOf":{"@id":"https:\/\/www.csj-emballages.com\/es\/#website"},"primaryImageOfPage":{"@id":"https:\/\/www.csj-emballages.com\/es\/produit\/12-rollos-de-toallas-de-mano-de-guata-pura-gofradas-200-hojas-20-x-25-cm\/#primaryimage"},"image":{"@id":"https:\/\/www.csj-emballages.com\/es\/produit\/12-rollos-de-toallas-de-mano-de-guata-pura-gofradas-200-hojas-20-x-25-cm\/#primaryimage"},"thumbnailUrl":"https:\/\/www.csj-emballages.com\/wp-content\/uploads\/2024\/03\/E811G.webp","datePublished":"2024-03-01T15:54:26+00:00","dateModified":"2026-04-24T00:13:40+00:00","description":"Rollo de toallas de papel de pura celulosa gofrada, 200 unidades de 20 x 25 cm, vendido por 12. Absorbente, pr\u00e1ctico e ideal para sanitarios y cocinas profesionales.","breadcrumb":{"@id":"https:\/\/www.csj-emballages.com\/es\/produit\/12-rollos-de-toallas-de-mano-de-guata-pura-gofradas-200-hojas-20-x-25-cm\/#breadcrumb"},"inLanguage":"es","potentialAction":[{"@type":"ReadAction","target":["https:\/\/www.csj-emballages.com\/es\/produit\/12-rollos-de-toallas-de-mano-de-guata-pura-gofradas-200-hojas-20-x-25-cm\/"]}]},{"@type":"ImageObject","inLanguage":"es","@id":"https:\/\/www.csj-emballages.com\/es\/produit\/12-rollos-de-toallas-de-mano-de-guata-pura-gofradas-200-hojas-20-x-25-cm\/#primaryimage","url":"https:\/\/www.csj-emballages.com\/wp-content\/uploads\/2024\/03\/E811G.webp","contentUrl":"https:\/\/www.csj-emballages.com\/wp-content\/uploads\/2024\/03\/E811G.webp","width":800,"height":800,"caption":"Rouleau essuie-mains"},{"@type":"BreadcrumbList","@id":"https:\/\/www.csj-emballages.com\/es\/produit\/12-rollos-de-toallas-de-mano-de-guata-pura-gofradas-200-hojas-20-x-25-cm\/#breadcrumb","itemListElement":[{"@type":"ListItem","position":1,"name":"Accueil","item":"https:\/\/www.csj-emballages.com\/es\/universo-del-envasado-alimentario\/"},{"@type":"ListItem","position":2,"name":"Tienda","item":"https:\/\/www.csj-emballages.com\/tienda\/"},{"@type":"ListItem","position":3,"name":"Rollo de toallas de papel de pura celulosa gofrada, 200 unidades de 20 x 25 cm por 12"}]},{"@type":"WebSite","@id":"https:\/\/www.csj-emballages.com\/es\/#website","url":"https:\/\/www.csj-emballages.com\/es\/","name":"CSJ Emballages","description":"","publisher":{"@id":"https:\/\/www.csj-emballages.com\/es\/#organization"},"potentialAction":[{"@type":"SearchAction","target":{"@type":"EntryPoint","urlTemplate":"https:\/\/www.csj-emballages.com\/es\/?s={search_term_string}"},"query-input":{"@type":"PropertyValueSpecification","valueRequired":true,"valueName":"search_term_string"}}],"inLanguage":"es"},{"@type":"Organization","@id":"https:\/\/www.csj-emballages.com\/es\/#Organization\/","name":"CSJ Emballages","url":"https:\/\/www.csj-emballages.com\/es\/","logo":{"@type":"ImageObject","inLanguage":"es","@id":"https:\/\/www.csj-emballages.com\/es\/#\/schema\/logo\/image\/","url":"https:\/\/www.csj-emballages.com\/wp-content\/uploads\/2023\/10\/logo_csj.webp","contentUrl":"https:\/\/www.csj-emballages.com\/wp-content\/uploads\/2023\/10\/logo_csj.webp","width":250,"height":95,"caption":"CSJ Emballages"},"image":{"@id":"https:\/\/www.csj-emballages.com\/es\/#\/schema\/logo\/image\/"},"sameAs":["https:\/\/www.facebook.com\/csjemballages"],"address":{"@type":"PostalAddress","streetAddress":"ZI La Lechere","addressLocality":"Patornay","postalCode":"39130","addressCountry":"FR"},"contactPoint":[{"@type":"ContactPoint","contactType":"Service client","telephone":"0384254272","email":"contact@csj-emballages.com"}]}]}},"df_price":19.63,"df_sale_price":"","df_regular_price":19.63,"df_image_link":"https:\/\/www.csj-emballages.com\/wp-content\/uploads\/2024\/03\/E811G-300x300.webp","tiered_pricing_type":"fixed","tiered_pricing_fixed_rules":[],"tiered_pricing_percentage_rules":[],"tiered_pricing_minimum":1,"tiered_pricing_roles_data":[],"_links":{"self":[{"href":"https:\/\/www.csj-emballages.com\/es\/wp-json\/wp\/v2\/product\/20686","targetHints":{"allow":["GET"]}}],"collection":[{"href":"https:\/\/www.csj-emballages.com\/es\/wp-json\/wp\/v2\/product"}],"about":[{"href":"https:\/\/www.csj-emballages.com\/es\/wp-json\/wp\/v2\/types\/product"}],"wp:featuredmedia":[{"embeddable":true,"href":"https:\/\/www.csj-emballages.com\/es\/wp-json\/wp\/v2\/media\/263107"}],"wp:attachment":[{"href":"https:\/\/www.csj-emballages.com\/es\/wp-json\/wp\/v2\/media?parent=20686"}],"wp:term":[{"taxonomy":"product_brand","embeddable":true,"href":"https:\/\/www.csj-emballages.com\/es\/wp-json\/wp\/v2\/product_brand?post=20686"},{"taxonomy":"product_cat","embeddable":true,"href":"https:\/\/www.csj-emballages.com\/es\/wp-json\/wp\/v2\/product_cat?post=20686"},{"taxonomy":"product_tag","embeddable":true,"href":"https:\/\/www.csj-emballages.com\/es\/wp-json\/wp\/v2\/product_tag?post=20686"}],"curies":[{"name":"wp","href":"https:\/\/api.w.org\/{rel}","templated":true}]}}