{"id":20681,"date":"2024-03-01T16:54:25","date_gmt":"2024-03-01T15:54:25","guid":{"rendered":"https:\/\/u15jnbdpoq.preview.infomaniak.website\/produit\/funda-para-credenciales-de-pvc-80-x-50-x-50-mm\/"},"modified":"2026-04-14T02:15:58","modified_gmt":"2026-04-14T00:15:58","slug":"funda-para-credenciales-de-pvc-80-x-50-x-50-mm","status":"publish","type":"product","link":"https:\/\/www.csj-emballages.com\/es\/produit\/funda-para-credenciales-de-pvc-80-x-50-x-50-mm\/","title":{"rendered":"Botonera de PVC 80 x 50 x 50 mm"},"content":{"rendered":"<h2>Estuche para macarrones<\/h2>\n<hr>\n<h3>Descripci\u00f3n de nuestra caja de botones de PVC 80 x 50 x 50 mm<\/h3>\n<p><!--more--><\/p>\n<p data-start=\"169\" data-end=\"609\">El<strong data-start=\"171\" data-end=\"207\">estuche de macarrones de PVC de 80 x 50 x 50 mm<\/strong> es la soluci\u00f3n ideal para exponer sus dulces y destacar su maestr\u00eda. Fabricado en <strong data-start=\"317\" data-end=\"346\">pl\u00e1stico PVC transparente<\/strong> combinado con una <strong>base de papel bristol dentado<\/strong>, este envase juega con la transparencia para ofrecer una presentaci\u00f3n elegante y cuidada. Si es usted pastelero artesano, chocolatero o simplemente un apasionado de los dulces, con este estuche lucir\u00e1 sus creaciones de la mejor manera.  <\/p>\n<p data-start=\"611\" data-end=\"933\">Su forma compacta y refinada es perfecta para presentar macarons en bautizos, bodas, cumplea\u00f1os y otros eventos festivos. Gracias a su elegante dise\u00f1o, se integra en cualquier decoraci\u00f3n y puede personalizarse con un <span style=\"color: #d12727;\"><a style=\"color: #d12727;\" href=\"https:\/\/www.csj-emballages.com\/es\/categorie-produit\/envasado-de-alimentos\/panaderia-y-pasteleria\/accesorios-y-equipamiento\/accesorios-decorativos\/\">cinta<\/a><\/span>cinta <span style=\"color: #d12727;\"><a style=\"color: #d12727;\" href=\"https:\/\/www.csj-emballages.com\/es\/categorie-produit\/envasado-de-alimentos\/panaderia-y-pasteleria\/accesorios-y-equipamiento\/etiquetas-2\/\">etiqueta<\/a><\/span> o una pegatina. <\/p>\n<p data-start=\"935\" data-end=\"1305\">Este pr\u00e1ctico <strong>malet\u00edn<\/strong> viene embalado en plano para <strong data-start=\"979\" data-end=\"996\">ahorrar<\/strong> espacio de almacenamiento, y es f\u00e1cil de montar gracias a la <strong>base incluida<\/strong>. Su s\u00f3lida estructura protege sus productos al tiempo que ofrece una excelente visibilidad. Este envase no es un simple contenedor, es un aut\u00e9ntico activo de marketing que atrae la atenci\u00f3n de los clientes y les hace desear probarlo.  <\/p>\n<p data-start=\"1307\" data-end=\"1546\">Y con <strong data-start=\"1316\" data-end=\"1346\">unas dimensiones de 8 x 5 x 5 cm<\/strong>, es compacto pero ofrece espacio suficiente para una presentaci\u00f3n elegante y refinada. Disponible individualmente, puede utilizarse tanto para necesidades puntuales como para series m\u00e1s grandes. <\/p>\n<p data-start=\"1548\" data-end=\"1754\">Elija un embalaje de calidad profesional que combine practicidad, est\u00e9tica y durabilidad. En definitiva, este <strong data-start=\"1651\" data-end=\"1671\">estuche de macarrones<\/strong> de PVC ser\u00e1 sin duda un aliado imprescindible para sus ventas y eventos. <\/p>\n<p data-start=\"1423\" data-end=\"1694\"><!--more--><\/p>\n<h4 data-start=\"1423\" data-end=\"1694\">Ventajas :<\/h4>\n<ul>\n<li data-start=\"1423\" data-end=\"1694\">Presentaci\u00f3n elegante y transparente.<\/li>\n<li data-start=\"1423\" data-end=\"1694\"><strong>Base de papel Bristol dentada<\/strong> para un toque refinado.<\/li>\n<li data-start=\"1423\" data-end=\"1694\"><strong>Tama\u00f1o pr\u00e1ctico<\/strong>: 80 x 50 x 50 mm.<\/li>\n<li data-start=\"1423\" data-end=\"1694\">Se entrega plano, f\u00e1cil de montar.<\/li>\n<li data-start=\"1423\" data-end=\"1694\">Proteger y exhibir sus productos.<\/li>\n<\/ul>\n<p>&nbsp;<\/p>\n<p><!--more--><\/p>\n<h4>Informaci\u00f3n adicional :<\/h4>\n<ul style=\"box-sizing: inherit; font-family: Roboto, sans-serif;\">\n<li><strong>Embalaje<\/strong>: Por unidad<\/li>\n<li><span style=\"font-weight: bold;\">Dimensiones<\/span>: 80 x 50 x 50 (L x A x A en mm)<\/li>\n<li><strong>Material<\/strong>: Cart\u00f3n + Pl\u00e1stico PVC<\/li>\n<li><strong>Color<\/strong>: Transparente \/ Marfil<\/li>\n<\/ul>\n<p>&nbsp;<\/p>\n<p><!--more--><\/p>\n<p>Caja disponible en varios tama\u00f1os: <span style=\"color: #d12727;\"><a style=\"color: #d12727;\" href=\"https:\/\/www.csj-emballages.com\/produit\/etui-macaron-pvc-160-x-50-x-50-mm\/\">160 x 50 x 50 mm<\/a> <\/span>\/ <span style=\"color: #d12727;\"><a style=\"color: #d12727;\" href=\"https:\/\/www.csj-emballages.com\/produit\/etui-macaron-pvc-190-x-50-x-50-mm\/\">190 x 50 x 50 mm<\/a><\/span><\/p>\n<p>&nbsp;<\/p>\n<p><!--more--><\/p>\n<p>Esta cajita de macarrones de marfil est\u00e1 disponible en diferentes colores: <span style=\"color: #d12727;\"><a style=\"color: #d12727;\" href=\"https:\/\/www.csj-emballages.com\/produit\/etui-macarons-rose-pvc-80-x-50-x-50-mm-par-10\/\">Rosa<\/a><\/span> \/ <span style=\"color: #d12727;\"><a style=\"color: #d12727;\" href=\"https:\/\/www.csj-emballages.com\/es\/produit\/estuche-kraft-de-pvc-para-macarrones-80-x-50-x-50-mm-paquete-de-20\/\">Kraft<\/a><\/span><\/p>\n<p>&nbsp;<\/p>\n<p><!--more--><\/p>\n<p><a href=\"https:\/\/www.csj-emballages.com\/es\/categorie-produit\/envasado-de-alimentos\/panaderia-y-pasteleria\/cajas-y-estuches\/cajas-estuches-para-macarrones\/estuches-para-macarrones\/\">Ver el resto de nuestra gama de estuches para macarrones<\/a><\/p>\n","protected":false},"excerpt":{"rendered":"<p>Estuche para macarrones Descripci\u00f3n de nuestra caja de botones de PVC 80 x 50 x 50 mm<\/p>\n","protected":false},"featured_media":242066,"template":"","meta":{"_acf_changed":false},"product_brand":[],"product_cat":[1150,1145,1710,2589],"product_tag":[],"class_list":{"0":"post-20681","1":"product","2":"type-product","3":"status-publish","4":"has-post-thumbnail","6":"product_cat-envasado-de-alimentos","7":"product_cat-panaderia-y-pasteleria","8":"product_cat-cajas-estuches-para-macarrones","9":"product_cat-estuches-para-macarrones","11":"first","12":"instock","13":"taxable","14":"shipping-taxable","15":"purchasable","16":"product-type-simple"},"acf":[],"yoast_head":"<!-- This site is optimized with the Yoast SEO Premium plugin v26.6 (Yoast SEO v26.6) - https:\/\/yoast.com\/wordpress\/plugins\/seo\/ -->\n<title>Estuche de PVC para macarrones 80 x 50 x 50 mm<\/title>\n<meta name=\"description\" content=\"Presuma de sus creaciones con el elegante, transparente y pr\u00e1ctico estuche para macarrones de PVC de 80 x 50 x 50 mm. Ideal para macarrones.\" \/>\n<meta name=\"robots\" content=\"index, follow, max-snippet:-1, max-image-preview:large, max-video-preview:-1\" \/>\n<link rel=\"canonical\" href=\"https:\/\/www.csj-emballages.com\/es\/produit\/funda-para-credenciales-de-pvc-80-x-50-x-50-mm\/\" \/>\n<meta property=\"og:locale\" content=\"es_ES\" \/>\n<meta property=\"og:type\" content=\"article\" \/>\n<meta property=\"og:title\" content=\"Botonera de PVC 80 x 50 x 50 mm\" \/>\n<meta property=\"og:description\" content=\"Presuma de sus creaciones con el elegante, transparente y pr\u00e1ctico estuche para macarrones de PVC de 80 x 50 x 50 mm. Ideal para macarrones.\" \/>\n<meta property=\"og:url\" content=\"https:\/\/www.csj-emballages.com\/es\/produit\/funda-para-credenciales-de-pvc-80-x-50-x-50-mm\/\" \/>\n<meta property=\"og:site_name\" content=\"CSJ Emballages\" \/>\n<meta property=\"article:publisher\" content=\"https:\/\/www.facebook.com\/csjemballages\" \/>\n<meta property=\"article:modified_time\" content=\"2026-04-14T00:15:58+00:00\" \/>\n<meta property=\"og:image\" content=\"https:\/\/www.csj-emballages.com\/wp-content\/uploads\/2024\/03\/EM2.webp\" \/>\n\t<meta property=\"og:image:width\" content=\"800\" \/>\n\t<meta property=\"og:image:height\" content=\"800\" \/>\n\t<meta property=\"og:image:type\" content=\"image\/webp\" \/>\n<meta name=\"twitter:card\" content=\"summary_large_image\" \/>\n<meta name=\"twitter:label1\" content=\"Tiempo de lectura\" \/>\n\t<meta name=\"twitter:data1\" content=\"2 minutos\" \/>\n<script type=\"application\/ld+json\" class=\"yoast-schema-graph\">{\"@context\":\"https:\/\/schema.org\",\"@graph\":[{\"@type\":\"WebPage\",\"@id\":\"https:\/\/www.csj-emballages.com\/es\/produit\/funda-para-credenciales-de-pvc-80-x-50-x-50-mm\/\",\"url\":\"https:\/\/www.csj-emballages.com\/es\/produit\/funda-para-credenciales-de-pvc-80-x-50-x-50-mm\/\",\"name\":\"Estuche de PVC para macarrones 80 x 50 x 50 mm\",\"isPartOf\":{\"@id\":\"https:\/\/www.csj-emballages.com\/es\/#website\"},\"primaryImageOfPage\":{\"@id\":\"https:\/\/www.csj-emballages.com\/es\/produit\/funda-para-credenciales-de-pvc-80-x-50-x-50-mm\/#primaryimage\"},\"image\":{\"@id\":\"https:\/\/www.csj-emballages.com\/es\/produit\/funda-para-credenciales-de-pvc-80-x-50-x-50-mm\/#primaryimage\"},\"thumbnailUrl\":\"https:\/\/www.csj-emballages.com\/wp-content\/uploads\/2024\/03\/EM2.webp\",\"datePublished\":\"2024-03-01T15:54:25+00:00\",\"dateModified\":\"2026-04-14T00:15:58+00:00\",\"description\":\"Presuma de sus creaciones con el elegante, transparente y pr\u00e1ctico estuche para macarrones de PVC de 80 x 50 x 50 mm. Ideal para macarrones.\",\"breadcrumb\":{\"@id\":\"https:\/\/www.csj-emballages.com\/es\/produit\/funda-para-credenciales-de-pvc-80-x-50-x-50-mm\/#breadcrumb\"},\"inLanguage\":\"es\",\"potentialAction\":[{\"@type\":\"ReadAction\",\"target\":[\"https:\/\/www.csj-emballages.com\/es\/produit\/funda-para-credenciales-de-pvc-80-x-50-x-50-mm\/\"]}]},{\"@type\":\"ImageObject\",\"inLanguage\":\"es\",\"@id\":\"https:\/\/www.csj-emballages.com\/es\/produit\/funda-para-credenciales-de-pvc-80-x-50-x-50-mm\/#primaryimage\",\"url\":\"https:\/\/www.csj-emballages.com\/wp-content\/uploads\/2024\/03\/EM2.webp\",\"contentUrl\":\"https:\/\/www.csj-emballages.com\/wp-content\/uploads\/2024\/03\/EM2.webp\",\"width\":800,\"height\":800,\"caption\":\"\u00c9tui macaron\"},{\"@type\":\"BreadcrumbList\",\"@id\":\"https:\/\/www.csj-emballages.com\/es\/produit\/funda-para-credenciales-de-pvc-80-x-50-x-50-mm\/#breadcrumb\",\"itemListElement\":[{\"@type\":\"ListItem\",\"position\":1,\"name\":\"Accueil\",\"item\":\"https:\/\/www.csj-emballages.com\/es\/universo-del-envasado-alimentario\/\"},{\"@type\":\"ListItem\",\"position\":2,\"name\":\"Tienda\",\"item\":\"https:\/\/www.csj-emballages.com\/tienda\/\"},{\"@type\":\"ListItem\",\"position\":3,\"name\":\"Botonera de PVC 80 x 50 x 50 mm\"}]},{\"@type\":\"WebSite\",\"@id\":\"https:\/\/www.csj-emballages.com\/es\/#website\",\"url\":\"https:\/\/www.csj-emballages.com\/es\/\",\"name\":\"CSJ Emballages\",\"description\":\"\",\"publisher\":{\"@id\":\"https:\/\/www.csj-emballages.com\/es\/#organization\"},\"potentialAction\":[{\"@type\":\"SearchAction\",\"target\":{\"@type\":\"EntryPoint\",\"urlTemplate\":\"https:\/\/www.csj-emballages.com\/es\/?s={search_term_string}\"},\"query-input\":{\"@type\":\"PropertyValueSpecification\",\"valueRequired\":true,\"valueName\":\"search_term_string\"}}],\"inLanguage\":\"es\"},{\"@type\":\"Organization\",\"@id\":\"https:\/\/www.csj-emballages.com\/es\/#Organization\/\",\"name\":\"CSJ Emballages\",\"url\":\"https:\/\/www.csj-emballages.com\/es\/\",\"logo\":{\"@type\":\"ImageObject\",\"inLanguage\":\"es\",\"@id\":\"https:\/\/www.csj-emballages.com\/es\/#\/schema\/logo\/image\/\",\"url\":\"https:\/\/www.csj-emballages.com\/wp-content\/uploads\/2023\/10\/logo_csj.webp\",\"contentUrl\":\"https:\/\/www.csj-emballages.com\/wp-content\/uploads\/2023\/10\/logo_csj.webp\",\"width\":250,\"height\":95,\"caption\":\"CSJ Emballages\"},\"image\":{\"@id\":\"https:\/\/www.csj-emballages.com\/es\/#\/schema\/logo\/image\/\"},\"sameAs\":[\"https:\/\/www.facebook.com\/csjemballages\"],\"address\":{\"@type\":\"PostalAddress\",\"streetAddress\":\"ZI La Lechere\",\"addressLocality\":\"Patornay\",\"postalCode\":\"39130\",\"addressCountry\":\"FR\"},\"contactPoint\":[{\"@type\":\"ContactPoint\",\"contactType\":\"Service client\",\"telephone\":\"0384254272\",\"email\":\"contact@csj-emballages.com\"}]}]}<\/script>\n<!-- \/ Yoast SEO Premium plugin. -->","yoast_head_json":{"title":"Estuche de PVC para macarrones 80 x 50 x 50 mm","description":"Presuma de sus creaciones con el elegante, transparente y pr\u00e1ctico estuche para macarrones de PVC de 80 x 50 x 50 mm. Ideal para macarrones.","robots":{"index":"index","follow":"follow","max-snippet":"max-snippet:-1","max-image-preview":"max-image-preview:large","max-video-preview":"max-video-preview:-1"},"canonical":"https:\/\/www.csj-emballages.com\/es\/produit\/funda-para-credenciales-de-pvc-80-x-50-x-50-mm\/","og_locale":"es_ES","og_type":"article","og_title":"Botonera de PVC 80 x 50 x 50 mm","og_description":"Presuma de sus creaciones con el elegante, transparente y pr\u00e1ctico estuche para macarrones de PVC de 80 x 50 x 50 mm. Ideal para macarrones.","og_url":"https:\/\/www.csj-emballages.com\/es\/produit\/funda-para-credenciales-de-pvc-80-x-50-x-50-mm\/","og_site_name":"CSJ Emballages","article_publisher":"https:\/\/www.facebook.com\/csjemballages","article_modified_time":"2026-04-14T00:15:58+00:00","og_image":[{"width":800,"height":800,"url":"https:\/\/www.csj-emballages.com\/wp-content\/uploads\/2024\/03\/EM2.webp","type":"image\/webp"}],"twitter_card":"summary_large_image","twitter_misc":{"Tiempo de lectura":"2 minutos"},"schema":{"@context":"https:\/\/schema.org","@graph":[{"@type":"WebPage","@id":"https:\/\/www.csj-emballages.com\/es\/produit\/funda-para-credenciales-de-pvc-80-x-50-x-50-mm\/","url":"https:\/\/www.csj-emballages.com\/es\/produit\/funda-para-credenciales-de-pvc-80-x-50-x-50-mm\/","name":"Estuche de PVC para macarrones 80 x 50 x 50 mm","isPartOf":{"@id":"https:\/\/www.csj-emballages.com\/es\/#website"},"primaryImageOfPage":{"@id":"https:\/\/www.csj-emballages.com\/es\/produit\/funda-para-credenciales-de-pvc-80-x-50-x-50-mm\/#primaryimage"},"image":{"@id":"https:\/\/www.csj-emballages.com\/es\/produit\/funda-para-credenciales-de-pvc-80-x-50-x-50-mm\/#primaryimage"},"thumbnailUrl":"https:\/\/www.csj-emballages.com\/wp-content\/uploads\/2024\/03\/EM2.webp","datePublished":"2024-03-01T15:54:25+00:00","dateModified":"2026-04-14T00:15:58+00:00","description":"Presuma de sus creaciones con el elegante, transparente y pr\u00e1ctico estuche para macarrones de PVC de 80 x 50 x 50 mm. Ideal para macarrones.","breadcrumb":{"@id":"https:\/\/www.csj-emballages.com\/es\/produit\/funda-para-credenciales-de-pvc-80-x-50-x-50-mm\/#breadcrumb"},"inLanguage":"es","potentialAction":[{"@type":"ReadAction","target":["https:\/\/www.csj-emballages.com\/es\/produit\/funda-para-credenciales-de-pvc-80-x-50-x-50-mm\/"]}]},{"@type":"ImageObject","inLanguage":"es","@id":"https:\/\/www.csj-emballages.com\/es\/produit\/funda-para-credenciales-de-pvc-80-x-50-x-50-mm\/#primaryimage","url":"https:\/\/www.csj-emballages.com\/wp-content\/uploads\/2024\/03\/EM2.webp","contentUrl":"https:\/\/www.csj-emballages.com\/wp-content\/uploads\/2024\/03\/EM2.webp","width":800,"height":800,"caption":"\u00c9tui macaron"},{"@type":"BreadcrumbList","@id":"https:\/\/www.csj-emballages.com\/es\/produit\/funda-para-credenciales-de-pvc-80-x-50-x-50-mm\/#breadcrumb","itemListElement":[{"@type":"ListItem","position":1,"name":"Accueil","item":"https:\/\/www.csj-emballages.com\/es\/universo-del-envasado-alimentario\/"},{"@type":"ListItem","position":2,"name":"Tienda","item":"https:\/\/www.csj-emballages.com\/tienda\/"},{"@type":"ListItem","position":3,"name":"Botonera de PVC 80 x 50 x 50 mm"}]},{"@type":"WebSite","@id":"https:\/\/www.csj-emballages.com\/es\/#website","url":"https:\/\/www.csj-emballages.com\/es\/","name":"CSJ Emballages","description":"","publisher":{"@id":"https:\/\/www.csj-emballages.com\/es\/#organization"},"potentialAction":[{"@type":"SearchAction","target":{"@type":"EntryPoint","urlTemplate":"https:\/\/www.csj-emballages.com\/es\/?s={search_term_string}"},"query-input":{"@type":"PropertyValueSpecification","valueRequired":true,"valueName":"search_term_string"}}],"inLanguage":"es"},{"@type":"Organization","@id":"https:\/\/www.csj-emballages.com\/es\/#Organization\/","name":"CSJ Emballages","url":"https:\/\/www.csj-emballages.com\/es\/","logo":{"@type":"ImageObject","inLanguage":"es","@id":"https:\/\/www.csj-emballages.com\/es\/#\/schema\/logo\/image\/","url":"https:\/\/www.csj-emballages.com\/wp-content\/uploads\/2023\/10\/logo_csj.webp","contentUrl":"https:\/\/www.csj-emballages.com\/wp-content\/uploads\/2023\/10\/logo_csj.webp","width":250,"height":95,"caption":"CSJ Emballages"},"image":{"@id":"https:\/\/www.csj-emballages.com\/es\/#\/schema\/logo\/image\/"},"sameAs":["https:\/\/www.facebook.com\/csjemballages"],"address":{"@type":"PostalAddress","streetAddress":"ZI La Lechere","addressLocality":"Patornay","postalCode":"39130","addressCountry":"FR"},"contactPoint":[{"@type":"ContactPoint","contactType":"Service client","telephone":"0384254272","email":"contact@csj-emballages.com"}]}]}},"df_price":0.7,"df_sale_price":"","df_regular_price":0.7,"df_image_link":"https:\/\/www.csj-emballages.com\/wp-content\/uploads\/2024\/03\/EM2-300x300.webp","tiered_pricing_type":"fixed","tiered_pricing_fixed_rules":[],"tiered_pricing_percentage_rules":[],"tiered_pricing_minimum":1,"tiered_pricing_roles_data":[],"_links":{"self":[{"href":"https:\/\/www.csj-emballages.com\/es\/wp-json\/wp\/v2\/product\/20681","targetHints":{"allow":["GET"]}}],"collection":[{"href":"https:\/\/www.csj-emballages.com\/es\/wp-json\/wp\/v2\/product"}],"about":[{"href":"https:\/\/www.csj-emballages.com\/es\/wp-json\/wp\/v2\/types\/product"}],"wp:featuredmedia":[{"embeddable":true,"href":"https:\/\/www.csj-emballages.com\/es\/wp-json\/wp\/v2\/media\/242066"}],"wp:attachment":[{"href":"https:\/\/www.csj-emballages.com\/es\/wp-json\/wp\/v2\/media?parent=20681"}],"wp:term":[{"taxonomy":"product_brand","embeddable":true,"href":"https:\/\/www.csj-emballages.com\/es\/wp-json\/wp\/v2\/product_brand?post=20681"},{"taxonomy":"product_cat","embeddable":true,"href":"https:\/\/www.csj-emballages.com\/es\/wp-json\/wp\/v2\/product_cat?post=20681"},{"taxonomy":"product_tag","embeddable":true,"href":"https:\/\/www.csj-emballages.com\/es\/wp-json\/wp\/v2\/product_tag?post=20681"}],"curies":[{"name":"wp","href":"https:\/\/api.w.org\/{rel}","templated":true}]}}