{"id":20678,"date":"2024-03-01T16:54:25","date_gmt":"2024-03-01T15:54:25","guid":{"rendered":"https:\/\/u15jnbdpoq.preview.infomaniak.website\/produit\/400-ecocupas-25-cl-33-cl\/"},"modified":"2026-05-05T02:14:20","modified_gmt":"2026-05-05T00:14:20","slug":"400-ecocupas-25-cl-33-cl","status":"publish","type":"product","link":"https:\/\/www.csj-emballages.com\/es\/produit\/400-ecocupas-25-cl-33-cl\/","title":{"rendered":"Tazas ecol\u00f3gicas sin medida de 25 cl \/ 33 cl, 400 unidades"},"content":{"rendered":"<h2>Taza reutilizable<\/h2>\n<hr>\n<h3>Descripci\u00f3n de nuestra ecocopa reutilizable 25 cl \/ 33 cl por 400<\/h3>\n<p><!--more--><\/p>\n<p>Descubra nuestros <strong>vasos reutilizables ecocup 25cl &#8211; 33cl<\/strong>, la soluci\u00f3n ideal para sus eventos ecorresponsables. Fabricados en polipropileno reutilizable, son resistentes, ligeros y respetuosos con el medio ambiente. Estos <strong>vasos<\/strong> son perfectos para fiestas, festivales, bodas o cualquier otra reuni\u00f3n festiva. Gracias a su pr\u00e1ctico dise\u00f1o, son apilables, f\u00e1ciles de transportar y de limpiar. Sus capacidades de <strong>25 cl y 33 cl<\/strong> son adecuadas para todo tipo de bebidas, fr\u00edas o calientes. Cada vaso puede utilizarse cientos de veces, lo que garantiza una larga vida \u00fatil. Opte por una alternativa sostenible y a la moda con nuestros vasos Ecocup, una referencia imprescindible para eventos con cero residuos.      <\/p>\n<p>&nbsp;<\/p>\n<p><!--more--><\/p>\n<p>Elija <strong>vasos reutilizables ecocup 25cl &#8211; 33cl<\/strong>, la elecci\u00f3n inteligente y \u00e9tica para todas sus ocasiones.<\/p>\n<p>&nbsp;<\/p>\n<p><!--more--><\/p>\n<p><strong>Sus ventajas:<\/strong><\/p>\n<ul>\n<li><b><strong>Reutilizables<\/strong>: <\/b>Reduce los residuos de pl\u00e1stico y aporta tu granito de arena al medio ambiente con los vasos reutilizables.<\/li>\n<li><strong>Robustez<\/strong>: Hechos para durar, estos vasos resisten golpes y lavados repetidos.<\/li>\n<li><strong>Apilables<\/strong>: Ahorra espacio al guardarlas y transportarlas gracias a su apilabilidad.<\/li>\n<li><strong>Versatilidad<\/strong>: Puede utilizarse tanto en interiores como en exteriores, para todo tipo de eventos y bebidas.<\/li>\n<\/ul>\n<p>&nbsp;<\/p>\n<p><!--more--><\/p>\n<p>Descubra tambi\u00e9n nuestras <span style=\"color: #d12727;\"><a style=\"color: #d12727;\" href=\"https:\/\/www.csj-emballages.com\/es\/produit\/15-ecocupas-sin-medida-de-40-cl-60-cl\/\">Tazas Ecocup de 40cl \/ 60cl en paquetes de 240<\/a><\/span><\/p>\n<p>as\u00ed como nuestras <span style=\"color: #d12727;\"><a style=\"color: #d12727;\" href=\"https:\/\/www.csj-emballages.com\/produit\/12-gobelets-ecocup-40cl-60cl-non-jauges-verres\/\">tazas Ecocup de 40cl \/ 60cl en paquetes de 12.<\/a><\/span><\/p>\n<p>&nbsp;<\/p>\n<p><!--more--><\/p>\n<p><a href=\"\/?product_cat=vaisselles-reutilisables\">Ver el resto de nuestra gama de platos reutilizables<\/a><\/p>\n","protected":false},"excerpt":{"rendered":"<p>Taza reutilizable Descripci\u00f3n de nuestra ecocopa reutilizable 25 cl \/ 33 cl por 400<\/p>\n","protected":false},"featured_media":197060,"template":"","meta":{"_acf_changed":false},"product_brand":[],"product_cat":[1150,1462,1463,1163,6718,1270],"product_tag":[],"class_list":{"0":"post-20678","1":"product","2":"type-product","3":"status-publish","4":"has-post-thumbnail","6":"product_cat-envasado-de-alimentos","7":"product_cat-tazas-vasos-cubos-botellas","8":"product_cat-vasos-y-tazas-irrompibles-y-reutilizables","9":"product_cat-gama-ecologica","10":"product_cat-platos-reutilizables","11":"product_cat-descuentos","13":"first","14":"instock","15":"sale","16":"taxable","17":"shipping-taxable","18":"purchasable","19":"product-type-simple"},"acf":[],"yoast_head":"<!-- This site is optimized with the Yoast SEO Premium plugin v26.6 (Yoast SEO v26.6) - https:\/\/yoast.com\/wordpress\/plugins\/seo\/ -->\n<title>Vaso Reutilizable Ecocup - 25cl \/ 33cl<\/title>\n<meta name=\"description\" content=\"\u00a1Descubra nuestra ecocopa reutilizable de 25cl \/ 33cl! Le ofrecemos un paquete de 400 tazas Ecocup: duraderas, resistentes y econ\u00f3micas.\" \/>\n<meta name=\"robots\" content=\"index, follow, max-snippet:-1, max-image-preview:large, max-video-preview:-1\" \/>\n<link rel=\"canonical\" href=\"https:\/\/www.csj-emballages.com\/es\/produit\/400-ecocupas-25-cl-33-cl\/\" \/>\n<meta property=\"og:locale\" content=\"es_ES\" \/>\n<meta property=\"og:type\" content=\"article\" \/>\n<meta property=\"og:title\" content=\"Tazas ecol\u00f3gicas sin medida de 25 cl \/ 33 cl, 400 unidades\" \/>\n<meta property=\"og:description\" content=\"\u00a1Descubra nuestra ecocopa reutilizable de 25cl \/ 33cl! Le ofrecemos un paquete de 400 tazas Ecocup: duraderas, resistentes y econ\u00f3micas.\" \/>\n<meta property=\"og:url\" content=\"https:\/\/www.csj-emballages.com\/es\/produit\/400-ecocupas-25-cl-33-cl\/\" \/>\n<meta property=\"og:site_name\" content=\"CSJ Emballages\" \/>\n<meta property=\"article:publisher\" content=\"https:\/\/www.facebook.com\/csjemballages\" \/>\n<meta property=\"article:modified_time\" content=\"2026-05-05T00:14:20+00:00\" \/>\n<meta property=\"og:image\" content=\"https:\/\/www.csj-emballages.com\/wp-content\/uploads\/2024\/08\/ECO5012.webp\" \/>\n\t<meta property=\"og:image:width\" content=\"801\" \/>\n\t<meta property=\"og:image:height\" content=\"801\" \/>\n\t<meta property=\"og:image:type\" content=\"image\/webp\" \/>\n<meta name=\"twitter:card\" content=\"summary_large_image\" \/>\n<meta name=\"twitter:label1\" content=\"Tiempo de lectura\" \/>\n\t<meta name=\"twitter:data1\" content=\"1 minuto\" \/>\n<script type=\"application\/ld+json\" class=\"yoast-schema-graph\">{\"@context\":\"https:\/\/schema.org\",\"@graph\":[{\"@type\":\"WebPage\",\"@id\":\"https:\/\/www.csj-emballages.com\/es\/produit\/400-ecocupas-25-cl-33-cl\/\",\"url\":\"https:\/\/www.csj-emballages.com\/es\/produit\/400-ecocupas-25-cl-33-cl\/\",\"name\":\"Vaso Reutilizable Ecocup - 25cl \/ 33cl\",\"isPartOf\":{\"@id\":\"https:\/\/www.csj-emballages.com\/es\/#website\"},\"primaryImageOfPage\":{\"@id\":\"https:\/\/www.csj-emballages.com\/es\/produit\/400-ecocupas-25-cl-33-cl\/#primaryimage\"},\"image\":{\"@id\":\"https:\/\/www.csj-emballages.com\/es\/produit\/400-ecocupas-25-cl-33-cl\/#primaryimage\"},\"thumbnailUrl\":\"https:\/\/www.csj-emballages.com\/wp-content\/uploads\/2024\/08\/ECO5012.webp\",\"datePublished\":\"2024-03-01T15:54:25+00:00\",\"dateModified\":\"2026-05-05T00:14:20+00:00\",\"description\":\"\u00a1Descubra nuestra ecocopa reutilizable de 25cl \/ 33cl! Le ofrecemos un paquete de 400 tazas Ecocup: duraderas, resistentes y econ\u00f3micas.\",\"breadcrumb\":{\"@id\":\"https:\/\/www.csj-emballages.com\/es\/produit\/400-ecocupas-25-cl-33-cl\/#breadcrumb\"},\"inLanguage\":\"es\",\"potentialAction\":[{\"@type\":\"ReadAction\",\"target\":[\"https:\/\/www.csj-emballages.com\/es\/produit\/400-ecocupas-25-cl-33-cl\/\"]}]},{\"@type\":\"ImageObject\",\"inLanguage\":\"es\",\"@id\":\"https:\/\/www.csj-emballages.com\/es\/produit\/400-ecocupas-25-cl-33-cl\/#primaryimage\",\"url\":\"https:\/\/www.csj-emballages.com\/wp-content\/uploads\/2024\/08\/ECO5012.webp\",\"contentUrl\":\"https:\/\/www.csj-emballages.com\/wp-content\/uploads\/2024\/08\/ECO5012.webp\",\"width\":801,\"height\":801,\"caption\":\"gobelet r\u00e9utilisable\"},{\"@type\":\"BreadcrumbList\",\"@id\":\"https:\/\/www.csj-emballages.com\/es\/produit\/400-ecocupas-25-cl-33-cl\/#breadcrumb\",\"itemListElement\":[{\"@type\":\"ListItem\",\"position\":1,\"name\":\"Accueil\",\"item\":\"https:\/\/www.csj-emballages.com\/es\/universo-del-envasado-alimentario\/\"},{\"@type\":\"ListItem\",\"position\":2,\"name\":\"Tienda\",\"item\":\"https:\/\/www.csj-emballages.com\/tienda\/\"},{\"@type\":\"ListItem\",\"position\":3,\"name\":\"Tazas ecol\u00f3gicas sin medida de 25 cl \/ 33 cl, 400 unidades\"}]},{\"@type\":\"WebSite\",\"@id\":\"https:\/\/www.csj-emballages.com\/es\/#website\",\"url\":\"https:\/\/www.csj-emballages.com\/es\/\",\"name\":\"CSJ Emballages\",\"description\":\"\",\"publisher\":{\"@id\":\"https:\/\/www.csj-emballages.com\/es\/#organization\"},\"potentialAction\":[{\"@type\":\"SearchAction\",\"target\":{\"@type\":\"EntryPoint\",\"urlTemplate\":\"https:\/\/www.csj-emballages.com\/es\/?s={search_term_string}\"},\"query-input\":{\"@type\":\"PropertyValueSpecification\",\"valueRequired\":true,\"valueName\":\"search_term_string\"}}],\"inLanguage\":\"es\"},{\"@type\":\"Organization\",\"@id\":\"https:\/\/www.csj-emballages.com\/es\/#Organization\/\",\"name\":\"CSJ Emballages\",\"url\":\"https:\/\/www.csj-emballages.com\/es\/\",\"logo\":{\"@type\":\"ImageObject\",\"inLanguage\":\"es\",\"@id\":\"https:\/\/www.csj-emballages.com\/es\/#\/schema\/logo\/image\/\",\"url\":\"https:\/\/www.csj-emballages.com\/wp-content\/uploads\/2023\/10\/logo_csj.webp\",\"contentUrl\":\"https:\/\/www.csj-emballages.com\/wp-content\/uploads\/2023\/10\/logo_csj.webp\",\"width\":250,\"height\":95,\"caption\":\"CSJ Emballages\"},\"image\":{\"@id\":\"https:\/\/www.csj-emballages.com\/es\/#\/schema\/logo\/image\/\"},\"sameAs\":[\"https:\/\/www.facebook.com\/csjemballages\"],\"address\":{\"@type\":\"PostalAddress\",\"streetAddress\":\"ZI La Lechere\",\"addressLocality\":\"Patornay\",\"postalCode\":\"39130\",\"addressCountry\":\"FR\"},\"contactPoint\":[{\"@type\":\"ContactPoint\",\"contactType\":\"Service client\",\"telephone\":\"0384254272\",\"email\":\"contact@csj-emballages.com\"}]}]}<\/script>\n<!-- \/ Yoast SEO Premium plugin. -->","yoast_head_json":{"title":"Vaso Reutilizable Ecocup - 25cl \/ 33cl","description":"\u00a1Descubra nuestra ecocopa reutilizable de 25cl \/ 33cl! Le ofrecemos un paquete de 400 tazas Ecocup: duraderas, resistentes y econ\u00f3micas.","robots":{"index":"index","follow":"follow","max-snippet":"max-snippet:-1","max-image-preview":"max-image-preview:large","max-video-preview":"max-video-preview:-1"},"canonical":"https:\/\/www.csj-emballages.com\/es\/produit\/400-ecocupas-25-cl-33-cl\/","og_locale":"es_ES","og_type":"article","og_title":"Tazas ecol\u00f3gicas sin medida de 25 cl \/ 33 cl, 400 unidades","og_description":"\u00a1Descubra nuestra ecocopa reutilizable de 25cl \/ 33cl! Le ofrecemos un paquete de 400 tazas Ecocup: duraderas, resistentes y econ\u00f3micas.","og_url":"https:\/\/www.csj-emballages.com\/es\/produit\/400-ecocupas-25-cl-33-cl\/","og_site_name":"CSJ Emballages","article_publisher":"https:\/\/www.facebook.com\/csjemballages","article_modified_time":"2026-05-05T00:14:20+00:00","og_image":[{"width":801,"height":801,"url":"https:\/\/www.csj-emballages.com\/wp-content\/uploads\/2024\/08\/ECO5012.webp","type":"image\/webp"}],"twitter_card":"summary_large_image","twitter_misc":{"Tiempo de lectura":"1 minuto"},"schema":{"@context":"https:\/\/schema.org","@graph":[{"@type":"WebPage","@id":"https:\/\/www.csj-emballages.com\/es\/produit\/400-ecocupas-25-cl-33-cl\/","url":"https:\/\/www.csj-emballages.com\/es\/produit\/400-ecocupas-25-cl-33-cl\/","name":"Vaso Reutilizable Ecocup - 25cl \/ 33cl","isPartOf":{"@id":"https:\/\/www.csj-emballages.com\/es\/#website"},"primaryImageOfPage":{"@id":"https:\/\/www.csj-emballages.com\/es\/produit\/400-ecocupas-25-cl-33-cl\/#primaryimage"},"image":{"@id":"https:\/\/www.csj-emballages.com\/es\/produit\/400-ecocupas-25-cl-33-cl\/#primaryimage"},"thumbnailUrl":"https:\/\/www.csj-emballages.com\/wp-content\/uploads\/2024\/08\/ECO5012.webp","datePublished":"2024-03-01T15:54:25+00:00","dateModified":"2026-05-05T00:14:20+00:00","description":"\u00a1Descubra nuestra ecocopa reutilizable de 25cl \/ 33cl! Le ofrecemos un paquete de 400 tazas Ecocup: duraderas, resistentes y econ\u00f3micas.","breadcrumb":{"@id":"https:\/\/www.csj-emballages.com\/es\/produit\/400-ecocupas-25-cl-33-cl\/#breadcrumb"},"inLanguage":"es","potentialAction":[{"@type":"ReadAction","target":["https:\/\/www.csj-emballages.com\/es\/produit\/400-ecocupas-25-cl-33-cl\/"]}]},{"@type":"ImageObject","inLanguage":"es","@id":"https:\/\/www.csj-emballages.com\/es\/produit\/400-ecocupas-25-cl-33-cl\/#primaryimage","url":"https:\/\/www.csj-emballages.com\/wp-content\/uploads\/2024\/08\/ECO5012.webp","contentUrl":"https:\/\/www.csj-emballages.com\/wp-content\/uploads\/2024\/08\/ECO5012.webp","width":801,"height":801,"caption":"gobelet r\u00e9utilisable"},{"@type":"BreadcrumbList","@id":"https:\/\/www.csj-emballages.com\/es\/produit\/400-ecocupas-25-cl-33-cl\/#breadcrumb","itemListElement":[{"@type":"ListItem","position":1,"name":"Accueil","item":"https:\/\/www.csj-emballages.com\/es\/universo-del-envasado-alimentario\/"},{"@type":"ListItem","position":2,"name":"Tienda","item":"https:\/\/www.csj-emballages.com\/tienda\/"},{"@type":"ListItem","position":3,"name":"Tazas ecol\u00f3gicas sin medida de 25 cl \/ 33 cl, 400 unidades"}]},{"@type":"WebSite","@id":"https:\/\/www.csj-emballages.com\/es\/#website","url":"https:\/\/www.csj-emballages.com\/es\/","name":"CSJ Emballages","description":"","publisher":{"@id":"https:\/\/www.csj-emballages.com\/es\/#organization"},"potentialAction":[{"@type":"SearchAction","target":{"@type":"EntryPoint","urlTemplate":"https:\/\/www.csj-emballages.com\/es\/?s={search_term_string}"},"query-input":{"@type":"PropertyValueSpecification","valueRequired":true,"valueName":"search_term_string"}}],"inLanguage":"es"},{"@type":"Organization","@id":"https:\/\/www.csj-emballages.com\/es\/#Organization\/","name":"CSJ Emballages","url":"https:\/\/www.csj-emballages.com\/es\/","logo":{"@type":"ImageObject","inLanguage":"es","@id":"https:\/\/www.csj-emballages.com\/es\/#\/schema\/logo\/image\/","url":"https:\/\/www.csj-emballages.com\/wp-content\/uploads\/2023\/10\/logo_csj.webp","contentUrl":"https:\/\/www.csj-emballages.com\/wp-content\/uploads\/2023\/10\/logo_csj.webp","width":250,"height":95,"caption":"CSJ Emballages"},"image":{"@id":"https:\/\/www.csj-emballages.com\/es\/#\/schema\/logo\/image\/"},"sameAs":["https:\/\/www.facebook.com\/csjemballages"],"address":{"@type":"PostalAddress","streetAddress":"ZI La Lechere","addressLocality":"Patornay","postalCode":"39130","addressCountry":"FR"},"contactPoint":[{"@type":"ContactPoint","contactType":"Service client","telephone":"0384254272","email":"contact@csj-emballages.com"}]}]}},"df_price":112.99,"df_sale_price":112.99,"df_regular_price":132.92,"df_image_link":"https:\/\/www.csj-emballages.com\/wp-content\/uploads\/2024\/08\/ECO5012-300x300.webp","tiered_pricing_type":"fixed","tiered_pricing_fixed_rules":[],"tiered_pricing_percentage_rules":[],"tiered_pricing_minimum":1,"tiered_pricing_roles_data":[],"_links":{"self":[{"href":"https:\/\/www.csj-emballages.com\/es\/wp-json\/wp\/v2\/product\/20678","targetHints":{"allow":["GET"]}}],"collection":[{"href":"https:\/\/www.csj-emballages.com\/es\/wp-json\/wp\/v2\/product"}],"about":[{"href":"https:\/\/www.csj-emballages.com\/es\/wp-json\/wp\/v2\/types\/product"}],"wp:featuredmedia":[{"embeddable":true,"href":"https:\/\/www.csj-emballages.com\/es\/wp-json\/wp\/v2\/media\/197060"}],"wp:attachment":[{"href":"https:\/\/www.csj-emballages.com\/es\/wp-json\/wp\/v2\/media?parent=20678"}],"wp:term":[{"taxonomy":"product_brand","embeddable":true,"href":"https:\/\/www.csj-emballages.com\/es\/wp-json\/wp\/v2\/product_brand?post=20678"},{"taxonomy":"product_cat","embeddable":true,"href":"https:\/\/www.csj-emballages.com\/es\/wp-json\/wp\/v2\/product_cat?post=20678"},{"taxonomy":"product_tag","embeddable":true,"href":"https:\/\/www.csj-emballages.com\/es\/wp-json\/wp\/v2\/product_tag?post=20678"}],"curies":[{"name":"wp","href":"https:\/\/api.w.org\/{rel}","templated":true}]}}