{"id":20672,"date":"2024-03-01T16:54:27","date_gmt":"2024-03-01T15:54:27","guid":{"rendered":"https:\/\/u15jnbdpoq.preview.infomaniak.website\/produit\/130-campanas-de-cristal-270-x-270-x-85-mm\/"},"modified":"2026-03-12T16:23:49","modified_gmt":"2026-03-12T15:23:49","slug":"130-campanas-de-cristal-270-x-270-x-85-mm","status":"publish","type":"product","link":"https:\/\/www.csj-emballages.com\/es\/produit\/130-campanas-de-cristal-270-x-270-x-85-mm\/","title":{"rendered":"Cubierta de cristal 270 x 270 x 85 mm por 130"},"content":{"rendered":"<h2 class=\"p1\">Cubierta de cristal<\/h2>\n<hr>\n<h3>Descubra nuestras tapas de cristal de 270 x 270 x 85 mm en paquetes de 130<\/h3>\n<p><!--more--><\/p>\n<p data-start=\"277\" data-end=\"677\">Las <strong data-start=\"281\" data-end=\"329\">tapas de cristal de 270 x 270 x 85 mm por 130<\/strong> est\u00e1n especialmente dise\u00f1adas para adaptarse a la <strong data-start=\"373\" data-end=\"398\">bandeja kraft <span style=\"color: #d12727;\"><a style=\"color: #d12727;\" href=\"https:\/\/www.csj-emballages.com\/es\/produit\/130-bandejas-de-carton-kraft-27-x-27-cm\/\">LX27RKB<\/a><\/span><\/strong>, creando una soluci\u00f3n completa y elegante para presentar y transportar sus platos. Fabricadas en pl\u00e1stico transparente (PET), estas <strong>tapas transparentes<\/strong> garantizan <strong data-start=\"605\" data-end=\"628\">una resistencia \u00f3ptima<\/strong> y una presentaci\u00f3n impecable de sus platos. <\/p>\n<p data-start=\"679\" data-end=\"1066\">Su <strong>transparencia cristalina<\/strong> le permite presentar sus creaciones culinarias -ya sean pasteles, mignardises, platos delicatessen o surtidos salados- protegi\u00e9ndolas eficazmente del polvo, la humedad y las manipulaciones externas. Con una altura de <strong>85 mm<\/strong>, ofrecen espacio suficiente para almacenar preparaciones generosas sin aplastarlas. <\/p>\n<p data-start=\"1068\" data-end=\"1424\">Robustas pero ligeras, estas <strong data-start=\"1094\" data-end=\"1116\">tapas transparentes<\/strong> son f\u00e1ciles de colocar y retirar, y garantizan <strong data-start=\"1169\" data-end=\"1190\">una sujeci\u00f3n segura<\/strong> durante el transporte. Envasadas en paquetes de <strong>130<\/strong> unidades, son una opci\u00f3n econ\u00f3mica para profesionales de la restauraci\u00f3n, panaderos y pasteleros que buscan un envase pr\u00e1ctico, fiable y atractivo. <\/p>\n<p data-start=\"1426\" data-end=\"1747\">Combinadas con la <strong data-start=\"1438\" data-end=\"1457\">bandeja <span style=\"color: #d12727;\"><a style=\"color: #d12727;\" href=\"https:\/\/www.csj-emballages.com\/es\/produit\/130-bandejas-de-carton-kraft-27-x-27-cm\/\">LX27RKB<\/a><\/span><\/strong>, crean una soluci\u00f3n de envasado de alta gama: el kraft a\u00f1ade un toque natural y ecol\u00f3gico, mientras que el cristal transparente resalta la calidad y el cuidado de sus productos. Juntos, garantizan una presentaci\u00f3n profesional, cuidada y atractiva. <\/p>\n<p data-start=\"1749\" data-end=\"1926\">En resumen, al elegir estas <strong data-start=\"1764\" data-end=\"1804\">tapas de cristal de 270 x 270 x 85 mm<\/strong>, estar\u00e1 optando por un envase pr\u00e1ctico, resistente y atractivo, perfectamente adaptado a las exigencias del sector de la restauraci\u00f3n.<\/p>\n<p data-start=\"1749\" data-end=\"1926\"><!--more--><\/p>\n<h4 data-start=\"1749\" data-end=\"1926\">Ventajas :<\/h4>\n<ul>\n<li>Compatible con bandeja kraft <span style=\"color: #d12727;\"><a style=\"color: #d12727;\" href=\"https:\/\/www.csj-emballages.com\/es\/produit\/130-bandejas-de-carton-kraft-27-x-27-cm\/\">LX27RKB<\/a><\/span>.<\/li>\n<li>Cristalina para sacar lo mejor de sus platos.<\/li>\n<li>Altura 85 mm para productos voluminosos.<\/li>\n<li>Protecci\u00f3n fiable contra la humedad y la manipulaci\u00f3n.<\/li>\n<li><strong data-start=\"2364\" data-end=\"2378\">Lote de 130<\/strong>: econ\u00f3mico y pr\u00e1ctico para los profesionales.<\/li>\n<\/ul>\n<p>&nbsp;<\/p>\n<p><!--more--><\/p>\n<h4>Informaci\u00f3n adicional :<\/h4>\n<ul>\n<li><strong>Dimensiones<\/strong>: 270 x 270 x 85 (L x A x A en mm)<\/li>\n<li><strong>Envase<\/strong>: Paquetes de 130<\/li>\n<li><strong>Color<\/strong>: Cristal<\/li>\n<li><strong>Material<\/strong>: PET<\/li>\n<\/ul>\n<p>&nbsp;<\/p>\n<p><!--more--><\/p>\n<p>Esta tapa es compatible con <span style=\"color: #d12727;\"><a style=\"color: #d12727;\" href=\"https:\/\/www.csj-emballages.com\/es\/produit\/130-bandejas-de-carton-kraft-27-x-27-cm\/\">LX27RKB<\/a><\/span><\/p>\n<p>&nbsp;<\/p>\n<p><!--more--><\/p>\n<p>Esta funda tambi\u00e9n est\u00e1 disponible en un tama\u00f1o m\u00e1s peque\u00f1o: <span style=\"color: #d12727;\"><a style=\"color: #d12727;\" href=\"https:\/\/www.csj-emballages.com\/produit\/130-cloches-cristal-270-x-270-x-65-mm\/\">270 x 270 x 65 mm<\/a><\/span><\/p>\n<p>&nbsp;<\/p>\n<p><!--more--><\/p>\n<p><a href=\"https:\/\/www.csj-emballages.com\/es\/categorie-produit\/envasado-de-alimentos\/catering-es\/bandejas-es\/bandejas-de-vision-es\/\">Ver el resto de nuestra gama de bandejas con tapa<\/a><\/p>\n","protected":false},"excerpt":{"rendered":"<p>Cubierta de cristal Descubra nuestras tapas de cristal de 270 x 270 x 85 mm en paquetes de 130<\/p>\n","protected":false},"featured_media":200802,"template":"","meta":{"_acf_changed":false},"product_brand":[],"product_cat":[1150,1143,1288,2585,1145,1179,1302,2586],"product_tag":[],"class_list":{"0":"post-20672","1":"product","2":"type-product","3":"status-publish","4":"has-post-thumbnail","6":"product_cat-envasado-de-alimentos","7":"product_cat-carniceria-y-charcuteria","8":"product_cat-bandejas","9":"product_cat-bandejas-de-vision","10":"product_cat-panaderia-y-pasteleria","11":"product_cat-catering-es","12":"product_cat-bandejas-es","13":"product_cat-bandejas-de-vision-es","15":"first","16":"instock","17":"taxable","18":"shipping-taxable","19":"purchasable","20":"product-type-simple"},"acf":[],"yoast_head":"<!-- This site is optimized with the Yoast SEO Premium plugin v26.6 (Yoast SEO v26.6) - https:\/\/yoast.com\/wordpress\/plugins\/seo\/ -->\n<title>Tapa de cristal 270 x 270 x 85 mm<\/title>\n<meta name=\"description\" content=\"Tapas de cristal 270 x 270 x 85 mm por 130, compatibles con la bandeja kraft LX27RKB: protecci\u00f3n, visibilidad y presentaci\u00f3n de gama alta.\" \/>\n<meta name=\"robots\" content=\"index, follow, max-snippet:-1, max-image-preview:large, max-video-preview:-1\" \/>\n<link rel=\"canonical\" href=\"https:\/\/www.csj-emballages.com\/es\/produit\/130-campanas-de-cristal-270-x-270-x-85-mm\/\" \/>\n<meta property=\"og:locale\" content=\"es_ES\" \/>\n<meta property=\"og:type\" content=\"article\" \/>\n<meta property=\"og:title\" content=\"Cubierta de cristal 270 x 270 x 85 mm por 130\" \/>\n<meta property=\"og:description\" content=\"Tapas de cristal 270 x 270 x 85 mm por 130, compatibles con la bandeja kraft LX27RKB: protecci\u00f3n, visibilidad y presentaci\u00f3n de gama alta.\" \/>\n<meta property=\"og:url\" content=\"https:\/\/www.csj-emballages.com\/es\/produit\/130-campanas-de-cristal-270-x-270-x-85-mm\/\" \/>\n<meta property=\"og:site_name\" content=\"CSJ Emballages\" \/>\n<meta property=\"article:publisher\" content=\"https:\/\/www.facebook.com\/csjemballages\" \/>\n<meta property=\"article:modified_time\" content=\"2026-03-12T15:23:49+00:00\" \/>\n<meta property=\"og:image\" content=\"https:\/\/www.csj-emballages.com\/wp-content\/uploads\/2024\/03\/couvercle-luxipack-G85.webp\" \/>\n\t<meta property=\"og:image:width\" content=\"804\" \/>\n\t<meta property=\"og:image:height\" content=\"804\" \/>\n\t<meta property=\"og:image:type\" content=\"image\/webp\" \/>\n<meta name=\"twitter:card\" content=\"summary_large_image\" \/>\n<meta name=\"twitter:label1\" content=\"Tiempo de lectura\" \/>\n\t<meta name=\"twitter:data1\" content=\"2 minutos\" \/>\n<script type=\"application\/ld+json\" class=\"yoast-schema-graph\">{\"@context\":\"https:\/\/schema.org\",\"@graph\":[{\"@type\":\"WebPage\",\"@id\":\"https:\/\/www.csj-emballages.com\/es\/produit\/130-campanas-de-cristal-270-x-270-x-85-mm\/\",\"url\":\"https:\/\/www.csj-emballages.com\/es\/produit\/130-campanas-de-cristal-270-x-270-x-85-mm\/\",\"name\":\"Tapa de cristal 270 x 270 x 85 mm\",\"isPartOf\":{\"@id\":\"https:\/\/www.csj-emballages.com\/es\/#website\"},\"primaryImageOfPage\":{\"@id\":\"https:\/\/www.csj-emballages.com\/es\/produit\/130-campanas-de-cristal-270-x-270-x-85-mm\/#primaryimage\"},\"image\":{\"@id\":\"https:\/\/www.csj-emballages.com\/es\/produit\/130-campanas-de-cristal-270-x-270-x-85-mm\/#primaryimage\"},\"thumbnailUrl\":\"https:\/\/www.csj-emballages.com\/wp-content\/uploads\/2024\/03\/couvercle-luxipack-G85.webp\",\"datePublished\":\"2024-03-01T15:54:27+00:00\",\"dateModified\":\"2026-03-12T15:23:49+00:00\",\"description\":\"Tapas de cristal 270 x 270 x 85 mm por 130, compatibles con la bandeja kraft LX27RKB: protecci\u00f3n, visibilidad y presentaci\u00f3n de gama alta.\",\"breadcrumb\":{\"@id\":\"https:\/\/www.csj-emballages.com\/es\/produit\/130-campanas-de-cristal-270-x-270-x-85-mm\/#breadcrumb\"},\"inLanguage\":\"es\",\"potentialAction\":[{\"@type\":\"ReadAction\",\"target\":[\"https:\/\/www.csj-emballages.com\/es\/produit\/130-campanas-de-cristal-270-x-270-x-85-mm\/\"]}]},{\"@type\":\"ImageObject\",\"inLanguage\":\"es\",\"@id\":\"https:\/\/www.csj-emballages.com\/es\/produit\/130-campanas-de-cristal-270-x-270-x-85-mm\/#primaryimage\",\"url\":\"https:\/\/www.csj-emballages.com\/wp-content\/uploads\/2024\/03\/couvercle-luxipack-G85.webp\",\"contentUrl\":\"https:\/\/www.csj-emballages.com\/wp-content\/uploads\/2024\/03\/couvercle-luxipack-G85.webp\",\"width\":804,\"height\":804,\"caption\":\"Couvercle transparent\"},{\"@type\":\"BreadcrumbList\",\"@id\":\"https:\/\/www.csj-emballages.com\/es\/produit\/130-campanas-de-cristal-270-x-270-x-85-mm\/#breadcrumb\",\"itemListElement\":[{\"@type\":\"ListItem\",\"position\":1,\"name\":\"Accueil\",\"item\":\"https:\/\/www.csj-emballages.com\/es\/universo-del-envasado-alimentario\/\"},{\"@type\":\"ListItem\",\"position\":2,\"name\":\"Tienda\",\"item\":\"https:\/\/www.csj-emballages.com\/tienda\/\"},{\"@type\":\"ListItem\",\"position\":3,\"name\":\"Cubierta de cristal 270 x 270 x 85 mm por 130\"}]},{\"@type\":\"WebSite\",\"@id\":\"https:\/\/www.csj-emballages.com\/es\/#website\",\"url\":\"https:\/\/www.csj-emballages.com\/es\/\",\"name\":\"CSJ Emballages\",\"description\":\"\",\"publisher\":{\"@id\":\"https:\/\/www.csj-emballages.com\/es\/#organization\"},\"potentialAction\":[{\"@type\":\"SearchAction\",\"target\":{\"@type\":\"EntryPoint\",\"urlTemplate\":\"https:\/\/www.csj-emballages.com\/es\/?s={search_term_string}\"},\"query-input\":{\"@type\":\"PropertyValueSpecification\",\"valueRequired\":true,\"valueName\":\"search_term_string\"}}],\"inLanguage\":\"es\"},{\"@type\":\"Organization\",\"@id\":\"https:\/\/www.csj-emballages.com\/es\/#Organization\/\",\"name\":\"CSJ Emballages\",\"url\":\"https:\/\/www.csj-emballages.com\/es\/\",\"logo\":{\"@type\":\"ImageObject\",\"inLanguage\":\"es\",\"@id\":\"https:\/\/www.csj-emballages.com\/es\/#\/schema\/logo\/image\/\",\"url\":\"https:\/\/www.csj-emballages.com\/wp-content\/uploads\/2023\/10\/logo_csj.webp\",\"contentUrl\":\"https:\/\/www.csj-emballages.com\/wp-content\/uploads\/2023\/10\/logo_csj.webp\",\"width\":250,\"height\":95,\"caption\":\"CSJ Emballages\"},\"image\":{\"@id\":\"https:\/\/www.csj-emballages.com\/es\/#\/schema\/logo\/image\/\"},\"sameAs\":[\"https:\/\/www.facebook.com\/csjemballages\"],\"address\":{\"@type\":\"PostalAddress\",\"streetAddress\":\"ZI La Lechere\",\"addressLocality\":\"Patornay\",\"postalCode\":\"39130\",\"addressCountry\":\"FR\"},\"contactPoint\":[{\"@type\":\"ContactPoint\",\"contactType\":\"Service client\",\"telephone\":\"0384254272\",\"email\":\"contact@csj-emballages.com\"}]}]}<\/script>\n<!-- \/ Yoast SEO Premium plugin. -->","yoast_head_json":{"title":"Tapa de cristal 270 x 270 x 85 mm","description":"Tapas de cristal 270 x 270 x 85 mm por 130, compatibles con la bandeja kraft LX27RKB: protecci\u00f3n, visibilidad y presentaci\u00f3n de gama alta.","robots":{"index":"index","follow":"follow","max-snippet":"max-snippet:-1","max-image-preview":"max-image-preview:large","max-video-preview":"max-video-preview:-1"},"canonical":"https:\/\/www.csj-emballages.com\/es\/produit\/130-campanas-de-cristal-270-x-270-x-85-mm\/","og_locale":"es_ES","og_type":"article","og_title":"Cubierta de cristal 270 x 270 x 85 mm por 130","og_description":"Tapas de cristal 270 x 270 x 85 mm por 130, compatibles con la bandeja kraft LX27RKB: protecci\u00f3n, visibilidad y presentaci\u00f3n de gama alta.","og_url":"https:\/\/www.csj-emballages.com\/es\/produit\/130-campanas-de-cristal-270-x-270-x-85-mm\/","og_site_name":"CSJ Emballages","article_publisher":"https:\/\/www.facebook.com\/csjemballages","article_modified_time":"2026-03-12T15:23:49+00:00","og_image":[{"width":804,"height":804,"url":"https:\/\/www.csj-emballages.com\/wp-content\/uploads\/2024\/03\/couvercle-luxipack-G85.webp","type":"image\/webp"}],"twitter_card":"summary_large_image","twitter_misc":{"Tiempo de lectura":"2 minutos"},"schema":{"@context":"https:\/\/schema.org","@graph":[{"@type":"WebPage","@id":"https:\/\/www.csj-emballages.com\/es\/produit\/130-campanas-de-cristal-270-x-270-x-85-mm\/","url":"https:\/\/www.csj-emballages.com\/es\/produit\/130-campanas-de-cristal-270-x-270-x-85-mm\/","name":"Tapa de cristal 270 x 270 x 85 mm","isPartOf":{"@id":"https:\/\/www.csj-emballages.com\/es\/#website"},"primaryImageOfPage":{"@id":"https:\/\/www.csj-emballages.com\/es\/produit\/130-campanas-de-cristal-270-x-270-x-85-mm\/#primaryimage"},"image":{"@id":"https:\/\/www.csj-emballages.com\/es\/produit\/130-campanas-de-cristal-270-x-270-x-85-mm\/#primaryimage"},"thumbnailUrl":"https:\/\/www.csj-emballages.com\/wp-content\/uploads\/2024\/03\/couvercle-luxipack-G85.webp","datePublished":"2024-03-01T15:54:27+00:00","dateModified":"2026-03-12T15:23:49+00:00","description":"Tapas de cristal 270 x 270 x 85 mm por 130, compatibles con la bandeja kraft LX27RKB: protecci\u00f3n, visibilidad y presentaci\u00f3n de gama alta.","breadcrumb":{"@id":"https:\/\/www.csj-emballages.com\/es\/produit\/130-campanas-de-cristal-270-x-270-x-85-mm\/#breadcrumb"},"inLanguage":"es","potentialAction":[{"@type":"ReadAction","target":["https:\/\/www.csj-emballages.com\/es\/produit\/130-campanas-de-cristal-270-x-270-x-85-mm\/"]}]},{"@type":"ImageObject","inLanguage":"es","@id":"https:\/\/www.csj-emballages.com\/es\/produit\/130-campanas-de-cristal-270-x-270-x-85-mm\/#primaryimage","url":"https:\/\/www.csj-emballages.com\/wp-content\/uploads\/2024\/03\/couvercle-luxipack-G85.webp","contentUrl":"https:\/\/www.csj-emballages.com\/wp-content\/uploads\/2024\/03\/couvercle-luxipack-G85.webp","width":804,"height":804,"caption":"Couvercle transparent"},{"@type":"BreadcrumbList","@id":"https:\/\/www.csj-emballages.com\/es\/produit\/130-campanas-de-cristal-270-x-270-x-85-mm\/#breadcrumb","itemListElement":[{"@type":"ListItem","position":1,"name":"Accueil","item":"https:\/\/www.csj-emballages.com\/es\/universo-del-envasado-alimentario\/"},{"@type":"ListItem","position":2,"name":"Tienda","item":"https:\/\/www.csj-emballages.com\/tienda\/"},{"@type":"ListItem","position":3,"name":"Cubierta de cristal 270 x 270 x 85 mm por 130"}]},{"@type":"WebSite","@id":"https:\/\/www.csj-emballages.com\/es\/#website","url":"https:\/\/www.csj-emballages.com\/es\/","name":"CSJ Emballages","description":"","publisher":{"@id":"https:\/\/www.csj-emballages.com\/es\/#organization"},"potentialAction":[{"@type":"SearchAction","target":{"@type":"EntryPoint","urlTemplate":"https:\/\/www.csj-emballages.com\/es\/?s={search_term_string}"},"query-input":{"@type":"PropertyValueSpecification","valueRequired":true,"valueName":"search_term_string"}}],"inLanguage":"es"},{"@type":"Organization","@id":"https:\/\/www.csj-emballages.com\/es\/#Organization\/","name":"CSJ Emballages","url":"https:\/\/www.csj-emballages.com\/es\/","logo":{"@type":"ImageObject","inLanguage":"es","@id":"https:\/\/www.csj-emballages.com\/es\/#\/schema\/logo\/image\/","url":"https:\/\/www.csj-emballages.com\/wp-content\/uploads\/2023\/10\/logo_csj.webp","contentUrl":"https:\/\/www.csj-emballages.com\/wp-content\/uploads\/2023\/10\/logo_csj.webp","width":250,"height":95,"caption":"CSJ Emballages"},"image":{"@id":"https:\/\/www.csj-emballages.com\/es\/#\/schema\/logo\/image\/"},"sameAs":["https:\/\/www.facebook.com\/csjemballages"],"address":{"@type":"PostalAddress","streetAddress":"ZI La Lechere","addressLocality":"Patornay","postalCode":"39130","addressCountry":"FR"},"contactPoint":[{"@type":"ContactPoint","contactType":"Service client","telephone":"0384254272","email":"contact@csj-emballages.com"}]}]}},"df_price":174.96,"df_sale_price":"","df_regular_price":174.96,"df_image_link":"https:\/\/www.csj-emballages.com\/wp-content\/uploads\/2024\/03\/couvercle-luxipack-G85-300x300.webp","tiered_pricing_type":"fixed","tiered_pricing_fixed_rules":[],"tiered_pricing_percentage_rules":[],"tiered_pricing_minimum":1,"tiered_pricing_roles_data":[],"_links":{"self":[{"href":"https:\/\/www.csj-emballages.com\/es\/wp-json\/wp\/v2\/product\/20672","targetHints":{"allow":["GET"]}}],"collection":[{"href":"https:\/\/www.csj-emballages.com\/es\/wp-json\/wp\/v2\/product"}],"about":[{"href":"https:\/\/www.csj-emballages.com\/es\/wp-json\/wp\/v2\/types\/product"}],"wp:featuredmedia":[{"embeddable":true,"href":"https:\/\/www.csj-emballages.com\/es\/wp-json\/wp\/v2\/media\/200802"}],"wp:attachment":[{"href":"https:\/\/www.csj-emballages.com\/es\/wp-json\/wp\/v2\/media?parent=20672"}],"wp:term":[{"taxonomy":"product_brand","embeddable":true,"href":"https:\/\/www.csj-emballages.com\/es\/wp-json\/wp\/v2\/product_brand?post=20672"},{"taxonomy":"product_cat","embeddable":true,"href":"https:\/\/www.csj-emballages.com\/es\/wp-json\/wp\/v2\/product_cat?post=20672"},{"taxonomy":"product_tag","embeddable":true,"href":"https:\/\/www.csj-emballages.com\/es\/wp-json\/wp\/v2\/product_tag?post=20672"}],"curies":[{"name":"wp","href":"https:\/\/api.w.org\/{rel}","templated":true}]}}