{"id":20629,"date":"2024-03-01T16:54:28","date_gmt":"2024-03-01T15:54:28","guid":{"rendered":"https:\/\/u15jnbdpoq.preview.infomaniak.website\/produit\/rollo-de-papel-vichy-duplex-33-cm-ancho-10-kg\/"},"modified":"2026-05-01T02:12:22","modified_gmt":"2026-05-01T00:12:22","slug":"rollo-de-papel-vichy-duplex-33-cm-ancho-10-kg","status":"publish","type":"product","link":"https:\/\/www.csj-emballages.com\/es\/produit\/rollo-de-papel-vichy-duplex-33-cm-ancho-10-kg\/","title":{"rendered":"Rollo de papel de carnicero duplex guinga 33 cm ancho 8 kg"},"content":{"rendered":"<h2 class=\"p1\">Rollo de papel de carnicero<\/h2>\n<hr>\n<h3>Descripci\u00f3n de nuestro rollo de papel de carnicero duplex vichy 33 cm ancho 8 kg<\/h3>\n<p><!--more--><\/p>\n<p>El <strong data-start=\"35\" data-end=\"79\">rollo de papel de carnicero gingham d\u00faplex<\/strong><strong>(33 cm de ancho &#8211; 8 kg<\/strong>) es imprescindible para <strong data-start=\"135\" data-end=\"197\">carnicer\u00edas, charcuter\u00edas, empresas de catering y minoristas de alimentaci\u00f3n<\/strong>. Con su cl\u00e1sico estampado de cuadros, es una forma <strong data-start=\"241\" data-end=\"268\">atractiva y<\/strong> pr\u00e1ctica de envasar la carne, el queso y otros productos frescos. Gracias a su composici\u00f3n <strong>d\u00faplex<\/strong>, proporciona una <strong data-start=\"381\" data-end=\"436\">barrera eficaz contra la humedad y la grasa<\/strong>, garantizando una presentaci\u00f3n pulcra y una protecci\u00f3n \u00f3ptima <strong data-start=\"381\" data-end=\"436\">.<\/strong><\/p>\n<p>&nbsp;<\/p>\n<p><!--more--><\/p>\n<p>Este <strong>papel d\u00faplex<\/strong> est\u00e1 fabricado con una hoja de celulosa blanca de 52 g\/m\u00b2, laminada con una pel\u00edcula de HDPE de 8\u00b5 que lo convierte en una barrera contra la humedad y la grasa.<\/p>\n<p>&nbsp;<\/p>\n<p><!--more--><\/p>\n<h4>Sus ventajas:<\/h4>\n<ul>\n<li data-start=\"527\" data-end=\"630\"><strong data-start=\"529\" data-end=\"557\">Papel d\u00faplex de calidad<\/strong>: Reforzado para una mayor resistencia a la grasa y la humedad.<\/li>\n<li data-start=\"631\" data-end=\"725\"><strong data-start=\"633\" data-end=\"652\">Formato pr\u00e1ctico<\/strong>: 33 cm de ancho, ideal para diversos tipos de envases alimentarios.<\/li>\n<li data-start=\"726\" data-end=\"830\"><strong data-start=\"728\" data-end=\"752\">Elegante dise\u00f1o de guinga<\/strong>: A\u00f1ade un toque tradicional y profesional a tus presentaciones.<\/li>\n<li data-start=\"831\" data-end=\"914\"><strong data-start=\"833\" data-end=\"853\">Uso vers\u00e1til<\/strong>: Adecuado para carnicer\u00edas, empresas de catering y minoristas de alimentaci\u00f3n.<\/li>\n<\/ul>\n<p>&nbsp;<\/p>\n<p><!--more--><\/p>\n<h4><strong>Informaci\u00f3n adicional :  <\/strong><\/h4>\n<ul>\n<li><strong>Embalaje<\/strong>: Por unidad<\/li>\n<li><strong>Dimensiones<\/strong>: 33 cm de ancho<\/li>\n<li><strong>Peso<\/strong>: 52 g\/m\u00b2 + 8\u00b5 HDPE<\/li>\n<li><strong>Color<\/strong>: rosa \/ blanco<\/li>\n<\/ul>\n<p>&nbsp;<\/p>\n<p><!--more--><\/p>\n<p><a href=\"\/?product_cat=papier-duplex\">Ver el resto de nuestra gama de papeles d\u00faplex<\/a><\/p>\n","protected":false},"excerpt":{"rendered":"<p>Rollo de papel de carnicero Descripci\u00f3n de nuestro rollo de papel de carnicero duplex vichy 33 cm ancho 8 kg<\/p>\n","protected":false},"featured_media":225221,"template":"","meta":{"_acf_changed":false},"product_brand":[],"product_cat":[1150,1143,2572,2573,1270],"product_tag":[],"class_list":{"0":"post-20629","1":"product","2":"type-product","3":"status-publish","4":"has-post-thumbnail","6":"product_cat-envasado-de-alimentos","7":"product_cat-carniceria-y-charcuteria","8":"product_cat-papel-alimentario","9":"product_cat-papel-duplex","10":"product_cat-descuentos","12":"first","13":"instock","14":"sale","15":"taxable","16":"shipping-taxable","17":"purchasable","18":"product-type-simple"},"acf":[],"yoast_head":"<!-- This site is optimized with the Yoast SEO Premium plugin v26.6 (Yoast SEO v26.6) - https:\/\/yoast.com\/wordpress\/plugins\/seo\/ -->\n<title>Rollo de papel de carnicero Duplex Vichy 33 cm ancho 8 kg<\/title>\n<meta name=\"description\" content=\"Elija el rollo de papel de carnicero d\u00faplex vichy 33 cm - 8 kg, un envase pr\u00e1ctico y resistente para carniceros y restauradores.\" \/>\n<meta name=\"robots\" content=\"index, follow, max-snippet:-1, max-image-preview:large, max-video-preview:-1\" \/>\n<link rel=\"canonical\" href=\"https:\/\/www.csj-emballages.com\/es\/produit\/rollo-de-papel-vichy-duplex-33-cm-ancho-10-kg\/\" \/>\n<meta property=\"og:locale\" content=\"es_ES\" \/>\n<meta property=\"og:type\" content=\"article\" \/>\n<meta property=\"og:title\" content=\"Rollo de papel de carnicero duplex guinga 33 cm ancho 8 kg\" \/>\n<meta property=\"og:description\" content=\"Elija el rollo de papel de carnicero d\u00faplex vichy 33 cm - 8 kg, un envase pr\u00e1ctico y resistente para carniceros y restauradores.\" \/>\n<meta property=\"og:url\" content=\"https:\/\/www.csj-emballages.com\/es\/produit\/rollo-de-papel-vichy-duplex-33-cm-ancho-10-kg\/\" \/>\n<meta property=\"og:site_name\" content=\"CSJ Emballages\" \/>\n<meta property=\"article:publisher\" content=\"https:\/\/www.facebook.com\/csjemballages\" \/>\n<meta property=\"article:modified_time\" content=\"2026-05-01T00:12:22+00:00\" \/>\n<meta property=\"og:image\" content=\"https:\/\/www.csj-emballages.com\/wp-content\/uploads\/2024\/03\/Rouleau-papier-boucherie-duplex.webp\" \/>\n\t<meta property=\"og:image:width\" content=\"800\" \/>\n\t<meta property=\"og:image:height\" content=\"800\" \/>\n\t<meta property=\"og:image:type\" content=\"image\/webp\" \/>\n<meta name=\"twitter:card\" content=\"summary_large_image\" \/>\n<meta name=\"twitter:label1\" content=\"Tiempo de lectura\" \/>\n\t<meta name=\"twitter:data1\" content=\"1 minuto\" \/>\n<script type=\"application\/ld+json\" class=\"yoast-schema-graph\">{\"@context\":\"https:\/\/schema.org\",\"@graph\":[{\"@type\":\"WebPage\",\"@id\":\"https:\/\/www.csj-emballages.com\/es\/produit\/rollo-de-papel-vichy-duplex-33-cm-ancho-10-kg\/\",\"url\":\"https:\/\/www.csj-emballages.com\/es\/produit\/rollo-de-papel-vichy-duplex-33-cm-ancho-10-kg\/\",\"name\":\"Rollo de papel de carnicero Duplex Vichy 33 cm ancho 8 kg\",\"isPartOf\":{\"@id\":\"https:\/\/www.csj-emballages.com\/es\/#website\"},\"primaryImageOfPage\":{\"@id\":\"https:\/\/www.csj-emballages.com\/es\/produit\/rollo-de-papel-vichy-duplex-33-cm-ancho-10-kg\/#primaryimage\"},\"image\":{\"@id\":\"https:\/\/www.csj-emballages.com\/es\/produit\/rollo-de-papel-vichy-duplex-33-cm-ancho-10-kg\/#primaryimage\"},\"thumbnailUrl\":\"https:\/\/www.csj-emballages.com\/wp-content\/uploads\/2024\/03\/Rouleau-papier-boucherie-duplex.webp\",\"datePublished\":\"2024-03-01T15:54:28+00:00\",\"dateModified\":\"2026-05-01T00:12:22+00:00\",\"description\":\"Elija el rollo de papel de carnicero d\u00faplex vichy 33 cm - 8 kg, un envase pr\u00e1ctico y resistente para carniceros y restauradores.\",\"breadcrumb\":{\"@id\":\"https:\/\/www.csj-emballages.com\/es\/produit\/rollo-de-papel-vichy-duplex-33-cm-ancho-10-kg\/#breadcrumb\"},\"inLanguage\":\"es\",\"potentialAction\":[{\"@type\":\"ReadAction\",\"target\":[\"https:\/\/www.csj-emballages.com\/es\/produit\/rollo-de-papel-vichy-duplex-33-cm-ancho-10-kg\/\"]}]},{\"@type\":\"ImageObject\",\"inLanguage\":\"es\",\"@id\":\"https:\/\/www.csj-emballages.com\/es\/produit\/rollo-de-papel-vichy-duplex-33-cm-ancho-10-kg\/#primaryimage\",\"url\":\"https:\/\/www.csj-emballages.com\/wp-content\/uploads\/2024\/03\/Rouleau-papier-boucherie-duplex.webp\",\"contentUrl\":\"https:\/\/www.csj-emballages.com\/wp-content\/uploads\/2024\/03\/Rouleau-papier-boucherie-duplex.webp\",\"width\":800,\"height\":800,\"caption\":\"rouleau papier boucherie\"},{\"@type\":\"BreadcrumbList\",\"@id\":\"https:\/\/www.csj-emballages.com\/es\/produit\/rollo-de-papel-vichy-duplex-33-cm-ancho-10-kg\/#breadcrumb\",\"itemListElement\":[{\"@type\":\"ListItem\",\"position\":1,\"name\":\"Accueil\",\"item\":\"https:\/\/www.csj-emballages.com\/es\/universo-del-envasado-alimentario\/\"},{\"@type\":\"ListItem\",\"position\":2,\"name\":\"Tienda\",\"item\":\"https:\/\/www.csj-emballages.com\/tienda\/\"},{\"@type\":\"ListItem\",\"position\":3,\"name\":\"Rollo de papel de carnicero duplex guinga 33 cm ancho 8 kg\"}]},{\"@type\":\"WebSite\",\"@id\":\"https:\/\/www.csj-emballages.com\/es\/#website\",\"url\":\"https:\/\/www.csj-emballages.com\/es\/\",\"name\":\"CSJ Emballages\",\"description\":\"\",\"publisher\":{\"@id\":\"https:\/\/www.csj-emballages.com\/es\/#organization\"},\"potentialAction\":[{\"@type\":\"SearchAction\",\"target\":{\"@type\":\"EntryPoint\",\"urlTemplate\":\"https:\/\/www.csj-emballages.com\/es\/?s={search_term_string}\"},\"query-input\":{\"@type\":\"PropertyValueSpecification\",\"valueRequired\":true,\"valueName\":\"search_term_string\"}}],\"inLanguage\":\"es\"},{\"@type\":\"Organization\",\"@id\":\"https:\/\/www.csj-emballages.com\/es\/#Organization\/\",\"name\":\"CSJ Emballages\",\"url\":\"https:\/\/www.csj-emballages.com\/es\/\",\"logo\":{\"@type\":\"ImageObject\",\"inLanguage\":\"es\",\"@id\":\"https:\/\/www.csj-emballages.com\/es\/#\/schema\/logo\/image\/\",\"url\":\"https:\/\/www.csj-emballages.com\/wp-content\/uploads\/2023\/10\/logo_csj.webp\",\"contentUrl\":\"https:\/\/www.csj-emballages.com\/wp-content\/uploads\/2023\/10\/logo_csj.webp\",\"width\":250,\"height\":95,\"caption\":\"CSJ Emballages\"},\"image\":{\"@id\":\"https:\/\/www.csj-emballages.com\/es\/#\/schema\/logo\/image\/\"},\"sameAs\":[\"https:\/\/www.facebook.com\/csjemballages\"],\"address\":{\"@type\":\"PostalAddress\",\"streetAddress\":\"ZI La Lechere\",\"addressLocality\":\"Patornay\",\"postalCode\":\"39130\",\"addressCountry\":\"FR\"},\"contactPoint\":[{\"@type\":\"ContactPoint\",\"contactType\":\"Service client\",\"telephone\":\"0384254272\",\"email\":\"contact@csj-emballages.com\"}]}]}<\/script>\n<!-- \/ Yoast SEO Premium plugin. -->","yoast_head_json":{"title":"Rollo de papel de carnicero Duplex Vichy 33 cm ancho 8 kg","description":"Elija el rollo de papel de carnicero d\u00faplex vichy 33 cm - 8 kg, un envase pr\u00e1ctico y resistente para carniceros y restauradores.","robots":{"index":"index","follow":"follow","max-snippet":"max-snippet:-1","max-image-preview":"max-image-preview:large","max-video-preview":"max-video-preview:-1"},"canonical":"https:\/\/www.csj-emballages.com\/es\/produit\/rollo-de-papel-vichy-duplex-33-cm-ancho-10-kg\/","og_locale":"es_ES","og_type":"article","og_title":"Rollo de papel de carnicero duplex guinga 33 cm ancho 8 kg","og_description":"Elija el rollo de papel de carnicero d\u00faplex vichy 33 cm - 8 kg, un envase pr\u00e1ctico y resistente para carniceros y restauradores.","og_url":"https:\/\/www.csj-emballages.com\/es\/produit\/rollo-de-papel-vichy-duplex-33-cm-ancho-10-kg\/","og_site_name":"CSJ Emballages","article_publisher":"https:\/\/www.facebook.com\/csjemballages","article_modified_time":"2026-05-01T00:12:22+00:00","og_image":[{"width":800,"height":800,"url":"https:\/\/www.csj-emballages.com\/wp-content\/uploads\/2024\/03\/Rouleau-papier-boucherie-duplex.webp","type":"image\/webp"}],"twitter_card":"summary_large_image","twitter_misc":{"Tiempo de lectura":"1 minuto"},"schema":{"@context":"https:\/\/schema.org","@graph":[{"@type":"WebPage","@id":"https:\/\/www.csj-emballages.com\/es\/produit\/rollo-de-papel-vichy-duplex-33-cm-ancho-10-kg\/","url":"https:\/\/www.csj-emballages.com\/es\/produit\/rollo-de-papel-vichy-duplex-33-cm-ancho-10-kg\/","name":"Rollo de papel de carnicero Duplex Vichy 33 cm ancho 8 kg","isPartOf":{"@id":"https:\/\/www.csj-emballages.com\/es\/#website"},"primaryImageOfPage":{"@id":"https:\/\/www.csj-emballages.com\/es\/produit\/rollo-de-papel-vichy-duplex-33-cm-ancho-10-kg\/#primaryimage"},"image":{"@id":"https:\/\/www.csj-emballages.com\/es\/produit\/rollo-de-papel-vichy-duplex-33-cm-ancho-10-kg\/#primaryimage"},"thumbnailUrl":"https:\/\/www.csj-emballages.com\/wp-content\/uploads\/2024\/03\/Rouleau-papier-boucherie-duplex.webp","datePublished":"2024-03-01T15:54:28+00:00","dateModified":"2026-05-01T00:12:22+00:00","description":"Elija el rollo de papel de carnicero d\u00faplex vichy 33 cm - 8 kg, un envase pr\u00e1ctico y resistente para carniceros y restauradores.","breadcrumb":{"@id":"https:\/\/www.csj-emballages.com\/es\/produit\/rollo-de-papel-vichy-duplex-33-cm-ancho-10-kg\/#breadcrumb"},"inLanguage":"es","potentialAction":[{"@type":"ReadAction","target":["https:\/\/www.csj-emballages.com\/es\/produit\/rollo-de-papel-vichy-duplex-33-cm-ancho-10-kg\/"]}]},{"@type":"ImageObject","inLanguage":"es","@id":"https:\/\/www.csj-emballages.com\/es\/produit\/rollo-de-papel-vichy-duplex-33-cm-ancho-10-kg\/#primaryimage","url":"https:\/\/www.csj-emballages.com\/wp-content\/uploads\/2024\/03\/Rouleau-papier-boucherie-duplex.webp","contentUrl":"https:\/\/www.csj-emballages.com\/wp-content\/uploads\/2024\/03\/Rouleau-papier-boucherie-duplex.webp","width":800,"height":800,"caption":"rouleau papier boucherie"},{"@type":"BreadcrumbList","@id":"https:\/\/www.csj-emballages.com\/es\/produit\/rollo-de-papel-vichy-duplex-33-cm-ancho-10-kg\/#breadcrumb","itemListElement":[{"@type":"ListItem","position":1,"name":"Accueil","item":"https:\/\/www.csj-emballages.com\/es\/universo-del-envasado-alimentario\/"},{"@type":"ListItem","position":2,"name":"Tienda","item":"https:\/\/www.csj-emballages.com\/tienda\/"},{"@type":"ListItem","position":3,"name":"Rollo de papel de carnicero duplex guinga 33 cm ancho 8 kg"}]},{"@type":"WebSite","@id":"https:\/\/www.csj-emballages.com\/es\/#website","url":"https:\/\/www.csj-emballages.com\/es\/","name":"CSJ Emballages","description":"","publisher":{"@id":"https:\/\/www.csj-emballages.com\/es\/#organization"},"potentialAction":[{"@type":"SearchAction","target":{"@type":"EntryPoint","urlTemplate":"https:\/\/www.csj-emballages.com\/es\/?s={search_term_string}"},"query-input":{"@type":"PropertyValueSpecification","valueRequired":true,"valueName":"search_term_string"}}],"inLanguage":"es"},{"@type":"Organization","@id":"https:\/\/www.csj-emballages.com\/es\/#Organization\/","name":"CSJ Emballages","url":"https:\/\/www.csj-emballages.com\/es\/","logo":{"@type":"ImageObject","inLanguage":"es","@id":"https:\/\/www.csj-emballages.com\/es\/#\/schema\/logo\/image\/","url":"https:\/\/www.csj-emballages.com\/wp-content\/uploads\/2023\/10\/logo_csj.webp","contentUrl":"https:\/\/www.csj-emballages.com\/wp-content\/uploads\/2023\/10\/logo_csj.webp","width":250,"height":95,"caption":"CSJ Emballages"},"image":{"@id":"https:\/\/www.csj-emballages.com\/es\/#\/schema\/logo\/image\/"},"sameAs":["https:\/\/www.facebook.com\/csjemballages"],"address":{"@type":"PostalAddress","streetAddress":"ZI La Lechere","addressLocality":"Patornay","postalCode":"39130","addressCountry":"FR"},"contactPoint":[{"@type":"ContactPoint","contactType":"Service client","telephone":"0384254272","email":"contact@csj-emballages.com"}]}]}},"df_price":36.18,"df_sale_price":36.18,"df_regular_price":51.68,"df_image_link":"https:\/\/www.csj-emballages.com\/wp-content\/uploads\/2024\/03\/Rouleau-papier-boucherie-duplex-300x300.webp","tiered_pricing_type":"fixed","tiered_pricing_fixed_rules":[],"tiered_pricing_percentage_rules":[],"tiered_pricing_minimum":1,"tiered_pricing_roles_data":[],"_links":{"self":[{"href":"https:\/\/www.csj-emballages.com\/es\/wp-json\/wp\/v2\/product\/20629","targetHints":{"allow":["GET"]}}],"collection":[{"href":"https:\/\/www.csj-emballages.com\/es\/wp-json\/wp\/v2\/product"}],"about":[{"href":"https:\/\/www.csj-emballages.com\/es\/wp-json\/wp\/v2\/types\/product"}],"wp:featuredmedia":[{"embeddable":true,"href":"https:\/\/www.csj-emballages.com\/es\/wp-json\/wp\/v2\/media\/225221"}],"wp:attachment":[{"href":"https:\/\/www.csj-emballages.com\/es\/wp-json\/wp\/v2\/media?parent=20629"}],"wp:term":[{"taxonomy":"product_brand","embeddable":true,"href":"https:\/\/www.csj-emballages.com\/es\/wp-json\/wp\/v2\/product_brand?post=20629"},{"taxonomy":"product_cat","embeddable":true,"href":"https:\/\/www.csj-emballages.com\/es\/wp-json\/wp\/v2\/product_cat?post=20629"},{"taxonomy":"product_tag","embeddable":true,"href":"https:\/\/www.csj-emballages.com\/es\/wp-json\/wp\/v2\/product_tag?post=20629"}],"curies":[{"name":"wp","href":"https:\/\/api.w.org\/{rel}","templated":true}]}}