{"id":20591,"date":"2024-03-01T16:54:30","date_gmt":"2024-03-01T15:54:30","guid":{"rendered":"https:\/\/u15jnbdpoq.preview.infomaniak.website\/produit\/450-fiambreras-kraft-doggy-bag-de-780-ml\/"},"modified":"2026-03-28T02:12:44","modified_gmt":"2026-03-28T01:12:44","slug":"450-fiambreras-kraft-doggy-bag-de-780-ml","status":"publish","type":"product","link":"https:\/\/www.csj-emballages.com\/es\/produit\/450-fiambreras-kraft-doggy-bag-de-780-ml\/","title":{"rendered":"Doggy Bag\u00bb caja de comida americana 780 ml por 450"},"content":{"rendered":"<div style=\"font-family: Roboto, sans-serif;\">\n<div style=\"font-family: Roboto, sans-serif;\">\n<div style=\"font-family: Roboto, sans-serif;\">\n<h2>Caja de comida<\/h2>\n<hr>\n<h3>Descripci\u00f3n de nuestra fiambrera americana \u00abDoggy Bag\u00bb 780 ml por 450<\/h3>\n<p><!--more--><\/p>\n<div class=\"flex-shrink-0 flex flex-col relative items-end\">\n<div class=\"pt-0.5 juice:pt-0\">\n<div class=\"gizmo-bot-avatar flex h-6 w-6 items-center justify-center overflow-hidden rounded-full juice:h-8 juice:w-8\">\n<p data-start=\"159\" data-end=\"626\">La <strong data-start=\"162\" data-end=\"207\">fiambrera americana \u00abDoggy Bag\u00bb de 780 ml<\/strong> es justo lo que necesita si ofrece comidas para llevar a diario. Tanto si trabajas en un restaurante, food truck, snack bar o catering, esta <strong data-start=\"162\" data-end=\"207\">fiambrera<\/strong> te har\u00e1 la vida mucho m\u00e1s f\u00e1cil. En primer lugar, se abre y se cierra muy f\u00e1cilmente, lo que la hace especialmente f\u00e1cil de usar. Adem\u00e1s, el <strong>cierre<\/strong> es lo suficientemente resistente como para evitar derrames, incluso con platos ligeramente l\u00edquidos.   <\/p>\n<p data-start=\"628\" data-end=\"1072\">Con una capacidad de <strong data-start=\"650\" data-end=\"660\">780 ml<\/strong>, puede meter en ella una raci\u00f3n completa sin ninguna limitaci\u00f3n: ensaladas, pasta, platos calientes, woks o incluso carne. Gracias a su <g id=\"gid_1\">grueso cart\u00f3n<\/g>, la <g id=\"gid_2\">bolsa para perritos<\/g> se mantiene estable y resistente, tanto si tu comida est\u00e1 fr\u00eda como caliente. Su aspecto <g id=\"gid_3\">kraft<\/g> le da un estilo moderno y natural, que confiere inmediatamente a sus platos una bonita presentaci\u00f3n. Es un peque\u00f1o detalle, pero sus clientes son cada vez m\u00e1s sensibles a \u00e9l.   <\/p>\n<p data-start=\"1074\" data-end=\"1399\">Al elegir el pack <strong data-start=\"1099\" data-end=\"1113\">de 450 bidones<\/strong>, te aseguras unas existencias c\u00f3modas y duraderas. Esto evita que se agoten las existencias y le permite anticipar su actividad sin estr\u00e9s. Adem\u00e1s, como cada <strong data-start=\"162\" data-end=\"207\">caja<\/strong> es plegable, ahorras espacio en tu almac\u00e9n, lo que siempre es de agradecer cuando el espacio es limitado.  <\/p>\n<p data-start=\"1401\" data-end=\"1526\">En resumen, esta <strong data-start=\"162\" data-end=\"207\">caja para comidas<\/strong> es un envase fiable, pr\u00e1ctico y atractivo dise\u00f1ado para facilitarle la organizaci\u00f3n diaria.<\/p>\n<\/div>\n<\/div>\n<\/div>\n<div class=\"flex-shrink-0 flex flex-col relative items-end\">\n<div class=\"pt-0.5 juice:pt-0\">\n<p data-start=\"1520\" data-end=\"1759\">\n<\/div>\n<\/div>\n<p><!--more--><\/p>\n<p><strong>Ventajas :<\/strong><\/p>\n<ul>\n<li data-start=\"1550\" data-end=\"1582\">Contiene <strong>780 ml<\/strong>.<\/li>\n<li data-start=\"1585\" data-end=\"1630\">Buena resistencia a los platos fr\u00edos y calientes.<\/li>\n<li data-start=\"1633\" data-end=\"1664\">Cierre r\u00e1pido y seguro.<\/li>\n<li data-start=\"1667\" data-end=\"1706\">Estilo kraft moderno y profesional.<\/li>\n<li data-start=\"1709\" data-end=\"1739\">Paquete econ\u00f3mico de <strong>450 unidades<\/strong>.<\/li>\n<li data-start=\"1742\" data-end=\"1782\">Formato plegable para guardarlo f\u00e1cilmente.<\/li>\n<\/ul>\n<p>&nbsp;<\/p>\n<p><!--more--><\/p>\n<h4>Informaci\u00f3n adicional :<\/h4>\n<ul>\n<li><strong>Envase<\/strong>: Paquete de 450<\/li>\n<li><strong>Dimensiones exteriores<\/strong>: 130 \u00d7 110 mm<\/li>\n<li><strong>Dimensiones interiores<\/strong>: 110 \u00d7 90 mm<\/li>\n<li><strong>Altura<\/strong>: 65 mm<\/li>\n<li><strong>Volumen<\/strong>: 780 ml<\/li>\n<li><span style=\"font-weight: bold;\">Color <\/span>: Marr\u00f3n<\/li>\n<li><span style=\"font-weight: bold;\">Material <\/span>: Cart\u00f3n<\/li>\n<\/ul>\n<p>&nbsp;<\/p>\n<\/div>\n<\/div>\n<\/div>\n<p><!--more--><\/p>\n<p>Esta fiambrera para perros est\u00e1 disponible en diferentes tama\u00f1os: <span style=\"color: #d12727;\"><a style=\"color: #d12727;\" href=\"https:\/\/www.csj-emballages.com\/es\/produit\/50-cajas-de-comida-americana-doggy-bag-kraft-de-2-compartimentos-1300-ml\/\">1300 ml<\/a><\/span> \/ <span style=\"color: #d12727;\"><a style=\"color: #d12727;\" href=\"https:\/\/www.csj-emballages.com\/es\/produit\/200-fiambreras-kraft-1500-ml-doggy-bag\/\">1500 ml<\/a><\/span> \/ <span style=\"color: #d12727;\"><a style=\"color: #d12727;\" href=\"https:\/\/www.csj-emballages.com\/es\/produit\/200-cajas-de-comida-kraft-doggy-bag-2000-ml\/\">2000 ml<\/a><\/span> \/ <span style=\"color: #d12727;\"><a style=\"color: #d12727;\" href=\"https:\/\/www.csj-emballages.com\/es\/produit\/40-cajas-de-comida-americana-kraft-doggy-bag-2800-ml\/\">2800 ml<\/a><\/span><\/p>\n<div style=\"font-family: Roboto, sans-serif;\">\n<div style=\"font-family: Roboto, sans-serif;\">\n<div style=\"font-family: Roboto, sans-serif;\">\n<p>&nbsp;<\/p>\n<p><!--more--><\/p>\n<p><a href=\"https:\/\/www.csj-emballages.com\/es\/categorie-produit\/envasado-de-alimentos\/catering-es\/cajas-bandejas-bolsas-conos\/bandejas-cajas-de-carton\/cajas-americanas-para-llevar\/\">Ver el resto de nuestra gama de cajas de cart\u00f3n americanas<\/a><\/p>\n<\/div>\n<\/div>\n<\/div>\n","protected":false},"excerpt":{"rendered":"<p>Caja de comida Descripci\u00f3n de nuestra fiambrera americana \u00abDoggy Bag\u00bb 780 ml por 450<\/p>\n","protected":false},"featured_media":255231,"template":"","meta":{"_acf_changed":false},"product_brand":[],"product_cat":[1150,1179,2043],"product_tag":[],"class_list":{"0":"post-20591","1":"product","2":"type-product","3":"status-publish","4":"has-post-thumbnail","6":"product_cat-envasado-de-alimentos","7":"product_cat-catering-es","8":"product_cat-cajas-americanas-para-llevar","10":"first","11":"instock","12":"taxable","13":"shipping-taxable","14":"purchasable","15":"product-type-simple"},"acf":[],"yoast_head":"<!-- This site is optimized with the Yoast SEO Premium plugin v26.6 (Yoast SEO v26.6) - https:\/\/yoast.com\/wordpress\/plugins\/seo\/ -->\n<title>Doggy Bag&quot; American Meal Box 780 ml por 450<\/title>\n<meta name=\"description\" content=\"Fiambrera americana kraft de 780 ml. Ideal para la venta para llevar, s\u00f3lida, pr\u00e1ctica y econ\u00f3mica. Paquete de 450 para restaurantes.\" \/>\n<meta name=\"robots\" content=\"index, follow, max-snippet:-1, max-image-preview:large, max-video-preview:-1\" \/>\n<link rel=\"canonical\" href=\"https:\/\/www.csj-emballages.com\/es\/produit\/450-fiambreras-kraft-doggy-bag-de-780-ml\/\" \/>\n<meta property=\"og:locale\" content=\"es_ES\" \/>\n<meta property=\"og:type\" content=\"article\" \/>\n<meta property=\"og:title\" content=\"Doggy Bag&quot; caja de comida americana 780 ml por 450\" \/>\n<meta property=\"og:description\" content=\"Fiambrera americana kraft de 780 ml. Ideal para la venta para llevar, s\u00f3lida, pr\u00e1ctica y econ\u00f3mica. Paquete de 450 para restaurantes.\" \/>\n<meta property=\"og:url\" content=\"https:\/\/www.csj-emballages.com\/es\/produit\/450-fiambreras-kraft-doggy-bag-de-780-ml\/\" \/>\n<meta property=\"og:site_name\" content=\"CSJ Emballages\" \/>\n<meta property=\"article:publisher\" content=\"https:\/\/www.facebook.com\/csjemballages\" \/>\n<meta property=\"article:modified_time\" content=\"2026-03-28T01:12:44+00:00\" \/>\n<meta property=\"og:image\" content=\"https:\/\/www.csj-emballages.com\/wp-content\/uploads\/2024\/03\/DOGGYBAG780.webp\" \/>\n\t<meta property=\"og:image:width\" content=\"800\" \/>\n\t<meta property=\"og:image:height\" content=\"800\" \/>\n\t<meta property=\"og:image:type\" content=\"image\/webp\" \/>\n<meta name=\"twitter:card\" content=\"summary_large_image\" \/>\n<meta name=\"twitter:label1\" content=\"Tiempo de lectura\" \/>\n\t<meta name=\"twitter:data1\" content=\"2 minutos\" \/>\n<script type=\"application\/ld+json\" class=\"yoast-schema-graph\">{\"@context\":\"https:\/\/schema.org\",\"@graph\":[{\"@type\":\"WebPage\",\"@id\":\"https:\/\/www.csj-emballages.com\/es\/produit\/450-fiambreras-kraft-doggy-bag-de-780-ml\/\",\"url\":\"https:\/\/www.csj-emballages.com\/es\/produit\/450-fiambreras-kraft-doggy-bag-de-780-ml\/\",\"name\":\"Doggy Bag\\\" American Meal Box 780 ml por 450\",\"isPartOf\":{\"@id\":\"https:\/\/www.csj-emballages.com\/es\/#website\"},\"primaryImageOfPage\":{\"@id\":\"https:\/\/www.csj-emballages.com\/es\/produit\/450-fiambreras-kraft-doggy-bag-de-780-ml\/#primaryimage\"},\"image\":{\"@id\":\"https:\/\/www.csj-emballages.com\/es\/produit\/450-fiambreras-kraft-doggy-bag-de-780-ml\/#primaryimage\"},\"thumbnailUrl\":\"https:\/\/www.csj-emballages.com\/wp-content\/uploads\/2024\/03\/DOGGYBAG780.webp\",\"datePublished\":\"2024-03-01T15:54:30+00:00\",\"dateModified\":\"2026-03-28T01:12:44+00:00\",\"description\":\"Fiambrera americana kraft de 780 ml. Ideal para la venta para llevar, s\u00f3lida, pr\u00e1ctica y econ\u00f3mica. Paquete de 450 para restaurantes.\",\"breadcrumb\":{\"@id\":\"https:\/\/www.csj-emballages.com\/es\/produit\/450-fiambreras-kraft-doggy-bag-de-780-ml\/#breadcrumb\"},\"inLanguage\":\"es\",\"potentialAction\":[{\"@type\":\"ReadAction\",\"target\":[\"https:\/\/www.csj-emballages.com\/es\/produit\/450-fiambreras-kraft-doggy-bag-de-780-ml\/\"]}]},{\"@type\":\"ImageObject\",\"inLanguage\":\"es\",\"@id\":\"https:\/\/www.csj-emballages.com\/es\/produit\/450-fiambreras-kraft-doggy-bag-de-780-ml\/#primaryimage\",\"url\":\"https:\/\/www.csj-emballages.com\/wp-content\/uploads\/2024\/03\/DOGGYBAG780.webp\",\"contentUrl\":\"https:\/\/www.csj-emballages.com\/wp-content\/uploads\/2024\/03\/DOGGYBAG780.webp\",\"width\":800,\"height\":800,\"caption\":\"Boite repas\"},{\"@type\":\"BreadcrumbList\",\"@id\":\"https:\/\/www.csj-emballages.com\/es\/produit\/450-fiambreras-kraft-doggy-bag-de-780-ml\/#breadcrumb\",\"itemListElement\":[{\"@type\":\"ListItem\",\"position\":1,\"name\":\"Accueil\",\"item\":\"https:\/\/www.csj-emballages.com\/es\/universo-del-envasado-alimentario\/\"},{\"@type\":\"ListItem\",\"position\":2,\"name\":\"Tienda\",\"item\":\"https:\/\/www.csj-emballages.com\/tienda\/\"},{\"@type\":\"ListItem\",\"position\":3,\"name\":\"Doggy Bag\u00a0\u00bb caja de comida americana 780 ml por 450\"}]},{\"@type\":\"WebSite\",\"@id\":\"https:\/\/www.csj-emballages.com\/es\/#website\",\"url\":\"https:\/\/www.csj-emballages.com\/es\/\",\"name\":\"CSJ Emballages\",\"description\":\"\",\"publisher\":{\"@id\":\"https:\/\/www.csj-emballages.com\/es\/#organization\"},\"potentialAction\":[{\"@type\":\"SearchAction\",\"target\":{\"@type\":\"EntryPoint\",\"urlTemplate\":\"https:\/\/www.csj-emballages.com\/es\/?s={search_term_string}\"},\"query-input\":{\"@type\":\"PropertyValueSpecification\",\"valueRequired\":true,\"valueName\":\"search_term_string\"}}],\"inLanguage\":\"es\"},{\"@type\":\"Organization\",\"@id\":\"https:\/\/www.csj-emballages.com\/es\/#Organization\/\",\"name\":\"CSJ Emballages\",\"url\":\"https:\/\/www.csj-emballages.com\/es\/\",\"logo\":{\"@type\":\"ImageObject\",\"inLanguage\":\"es\",\"@id\":\"https:\/\/www.csj-emballages.com\/es\/#\/schema\/logo\/image\/\",\"url\":\"https:\/\/www.csj-emballages.com\/wp-content\/uploads\/2023\/10\/logo_csj.webp\",\"contentUrl\":\"https:\/\/www.csj-emballages.com\/wp-content\/uploads\/2023\/10\/logo_csj.webp\",\"width\":250,\"height\":95,\"caption\":\"CSJ Emballages\"},\"image\":{\"@id\":\"https:\/\/www.csj-emballages.com\/es\/#\/schema\/logo\/image\/\"},\"sameAs\":[\"https:\/\/www.facebook.com\/csjemballages\"],\"address\":{\"@type\":\"PostalAddress\",\"streetAddress\":\"ZI La Lechere\",\"addressLocality\":\"Patornay\",\"postalCode\":\"39130\",\"addressCountry\":\"FR\"},\"contactPoint\":[{\"@type\":\"ContactPoint\",\"contactType\":\"Service client\",\"telephone\":\"0384254272\",\"email\":\"contact@csj-emballages.com\"}]}]}<\/script>\n<!-- \/ Yoast SEO Premium plugin. -->","yoast_head_json":{"title":"Doggy Bag\" American Meal Box 780 ml por 450","description":"Fiambrera americana kraft de 780 ml. Ideal para la venta para llevar, s\u00f3lida, pr\u00e1ctica y econ\u00f3mica. Paquete de 450 para restaurantes.","robots":{"index":"index","follow":"follow","max-snippet":"max-snippet:-1","max-image-preview":"max-image-preview:large","max-video-preview":"max-video-preview:-1"},"canonical":"https:\/\/www.csj-emballages.com\/es\/produit\/450-fiambreras-kraft-doggy-bag-de-780-ml\/","og_locale":"es_ES","og_type":"article","og_title":"Doggy Bag\" caja de comida americana 780 ml por 450","og_description":"Fiambrera americana kraft de 780 ml. Ideal para la venta para llevar, s\u00f3lida, pr\u00e1ctica y econ\u00f3mica. Paquete de 450 para restaurantes.","og_url":"https:\/\/www.csj-emballages.com\/es\/produit\/450-fiambreras-kraft-doggy-bag-de-780-ml\/","og_site_name":"CSJ Emballages","article_publisher":"https:\/\/www.facebook.com\/csjemballages","article_modified_time":"2026-03-28T01:12:44+00:00","og_image":[{"width":800,"height":800,"url":"https:\/\/www.csj-emballages.com\/wp-content\/uploads\/2024\/03\/DOGGYBAG780.webp","type":"image\/webp"}],"twitter_card":"summary_large_image","twitter_misc":{"Tiempo de lectura":"2 minutos"},"schema":{"@context":"https:\/\/schema.org","@graph":[{"@type":"WebPage","@id":"https:\/\/www.csj-emballages.com\/es\/produit\/450-fiambreras-kraft-doggy-bag-de-780-ml\/","url":"https:\/\/www.csj-emballages.com\/es\/produit\/450-fiambreras-kraft-doggy-bag-de-780-ml\/","name":"Doggy Bag\" American Meal Box 780 ml por 450","isPartOf":{"@id":"https:\/\/www.csj-emballages.com\/es\/#website"},"primaryImageOfPage":{"@id":"https:\/\/www.csj-emballages.com\/es\/produit\/450-fiambreras-kraft-doggy-bag-de-780-ml\/#primaryimage"},"image":{"@id":"https:\/\/www.csj-emballages.com\/es\/produit\/450-fiambreras-kraft-doggy-bag-de-780-ml\/#primaryimage"},"thumbnailUrl":"https:\/\/www.csj-emballages.com\/wp-content\/uploads\/2024\/03\/DOGGYBAG780.webp","datePublished":"2024-03-01T15:54:30+00:00","dateModified":"2026-03-28T01:12:44+00:00","description":"Fiambrera americana kraft de 780 ml. Ideal para la venta para llevar, s\u00f3lida, pr\u00e1ctica y econ\u00f3mica. Paquete de 450 para restaurantes.","breadcrumb":{"@id":"https:\/\/www.csj-emballages.com\/es\/produit\/450-fiambreras-kraft-doggy-bag-de-780-ml\/#breadcrumb"},"inLanguage":"es","potentialAction":[{"@type":"ReadAction","target":["https:\/\/www.csj-emballages.com\/es\/produit\/450-fiambreras-kraft-doggy-bag-de-780-ml\/"]}]},{"@type":"ImageObject","inLanguage":"es","@id":"https:\/\/www.csj-emballages.com\/es\/produit\/450-fiambreras-kraft-doggy-bag-de-780-ml\/#primaryimage","url":"https:\/\/www.csj-emballages.com\/wp-content\/uploads\/2024\/03\/DOGGYBAG780.webp","contentUrl":"https:\/\/www.csj-emballages.com\/wp-content\/uploads\/2024\/03\/DOGGYBAG780.webp","width":800,"height":800,"caption":"Boite repas"},{"@type":"BreadcrumbList","@id":"https:\/\/www.csj-emballages.com\/es\/produit\/450-fiambreras-kraft-doggy-bag-de-780-ml\/#breadcrumb","itemListElement":[{"@type":"ListItem","position":1,"name":"Accueil","item":"https:\/\/www.csj-emballages.com\/es\/universo-del-envasado-alimentario\/"},{"@type":"ListItem","position":2,"name":"Tienda","item":"https:\/\/www.csj-emballages.com\/tienda\/"},{"@type":"ListItem","position":3,"name":"Doggy Bag\u00a0\u00bb caja de comida americana 780 ml por 450"}]},{"@type":"WebSite","@id":"https:\/\/www.csj-emballages.com\/es\/#website","url":"https:\/\/www.csj-emballages.com\/es\/","name":"CSJ Emballages","description":"","publisher":{"@id":"https:\/\/www.csj-emballages.com\/es\/#organization"},"potentialAction":[{"@type":"SearchAction","target":{"@type":"EntryPoint","urlTemplate":"https:\/\/www.csj-emballages.com\/es\/?s={search_term_string}"},"query-input":{"@type":"PropertyValueSpecification","valueRequired":true,"valueName":"search_term_string"}}],"inLanguage":"es"},{"@type":"Organization","@id":"https:\/\/www.csj-emballages.com\/es\/#Organization\/","name":"CSJ Emballages","url":"https:\/\/www.csj-emballages.com\/es\/","logo":{"@type":"ImageObject","inLanguage":"es","@id":"https:\/\/www.csj-emballages.com\/es\/#\/schema\/logo\/image\/","url":"https:\/\/www.csj-emballages.com\/wp-content\/uploads\/2023\/10\/logo_csj.webp","contentUrl":"https:\/\/www.csj-emballages.com\/wp-content\/uploads\/2023\/10\/logo_csj.webp","width":250,"height":95,"caption":"CSJ Emballages"},"image":{"@id":"https:\/\/www.csj-emballages.com\/es\/#\/schema\/logo\/image\/"},"sameAs":["https:\/\/www.facebook.com\/csjemballages"],"address":{"@type":"PostalAddress","streetAddress":"ZI La Lechere","addressLocality":"Patornay","postalCode":"39130","addressCountry":"FR"},"contactPoint":[{"@type":"ContactPoint","contactType":"Service client","telephone":"0384254272","email":"contact@csj-emballages.com"}]}]}},"df_price":84.55,"df_sale_price":"","df_regular_price":84.55,"df_image_link":"https:\/\/www.csj-emballages.com\/wp-content\/uploads\/2024\/03\/DOGGYBAG780-300x300.webp","tiered_pricing_type":"fixed","tiered_pricing_fixed_rules":[],"tiered_pricing_percentage_rules":[],"tiered_pricing_minimum":1,"tiered_pricing_roles_data":[],"_links":{"self":[{"href":"https:\/\/www.csj-emballages.com\/es\/wp-json\/wp\/v2\/product\/20591","targetHints":{"allow":["GET"]}}],"collection":[{"href":"https:\/\/www.csj-emballages.com\/es\/wp-json\/wp\/v2\/product"}],"about":[{"href":"https:\/\/www.csj-emballages.com\/es\/wp-json\/wp\/v2\/types\/product"}],"wp:featuredmedia":[{"embeddable":true,"href":"https:\/\/www.csj-emballages.com\/es\/wp-json\/wp\/v2\/media\/255231"}],"wp:attachment":[{"href":"https:\/\/www.csj-emballages.com\/es\/wp-json\/wp\/v2\/media?parent=20591"}],"wp:term":[{"taxonomy":"product_brand","embeddable":true,"href":"https:\/\/www.csj-emballages.com\/es\/wp-json\/wp\/v2\/product_brand?post=20591"},{"taxonomy":"product_cat","embeddable":true,"href":"https:\/\/www.csj-emballages.com\/es\/wp-json\/wp\/v2\/product_cat?post=20591"},{"taxonomy":"product_tag","embeddable":true,"href":"https:\/\/www.csj-emballages.com\/es\/wp-json\/wp\/v2\/product_tag?post=20591"}],"curies":[{"name":"wp","href":"https:\/\/api.w.org\/{rel}","templated":true}]}}