{"id":20588,"date":"2024-03-01T16:54:30","date_gmt":"2024-03-01T15:54:30","guid":{"rendered":"https:\/\/u15jnbdpoq.preview.infomaniak.website\/produit\/50-tapas-de-cupula-desechables-para-vasos-de-postre-cp125\/"},"modified":"2026-03-12T16:23:21","modified_gmt":"2026-03-12T15:23:21","slug":"50-tapas-de-cupula-desechables-para-vasos-de-postre-cp125","status":"publish","type":"product","link":"https:\/\/www.csj-emballages.com\/es\/produit\/50-tapas-de-cupula-desechables-para-vasos-de-postre-cp125\/","title":{"rendered":"Tapa de c\u00fapula de pl\u00e1stico para cuenco de postre CP125, 50 uds."},"content":{"rendered":"<h2>Tapa de pl\u00e1stico<\/h2>\n<hr>\n<h3>Descripci\u00f3n de nuestra tapa de pl\u00e1stico para cuenco de postre CP125 por 50<\/h3>\n<p><!--more--><\/p>\n<p data-start=\"220\" data-end=\"516\">La <strong>tapa de pl\u00e1stico con c\u00fapula para las copas de postre CP125<\/strong> est\u00e1 especialmente dise\u00f1ada para proteger y realzar sus postres individuales. Gracias a su forma <strong>abombada<\/strong>, permite conservar las preparaciones dejando suficiente espacio para los toppings, las cremas batidas o las decoraciones gourmet. <\/p>\n<p data-start=\"518\" data-end=\"826\">Fabricada en <strong>pl\u00e1stico transparente<\/strong> de calidad alimentaria, esta tapa realza el contenido de la copa a la vez que asegura una protecci\u00f3n eficaz contra las contaminaciones externas y los riesgos de derrame. Su <strong>transparencia<\/strong> es ideal para vitrinas refrigeradas y venta para llevar. <\/p>\n<p data-start=\"828\" data-end=\"1134\">Su dise\u00f1o garantiza un ajuste preciso en las <strong>copas CP125<\/strong>, asegurando un cierre fiable y una buena sujeci\u00f3n durante el transporte. La forma de <strong>c\u00fapula<\/strong> es particularmente adecuada para <strong>postres generosamente decorados, como mousses, tiramis\u00fas, ensaladas de frutas, helados o postres en vasito<\/strong>. <\/p>\n<p data-start=\"1136\" data-end=\"1321\">Acondicionado en lotes de <strong>50 unidades<\/strong>, la <strong>tapa con c\u00fapula para copas CP125<\/strong> constituye una soluci\u00f3n pr\u00e1ctica y profesional para pasteleros, caterings, restauradores y puntos de venta para llevar.<\/p>\n<p data-start=\"1136\" data-end=\"1321\">\n<p data-start=\"1136\" data-end=\"1321\"><!--more--><\/p>\n<h4 data-start=\"1136\" data-end=\"1321\">Ventajas :<\/h4>\n<ul>\n<li data-start=\"1359\" data-end=\"1403\">Compatible con las copas de postre <strong>CP125<\/strong>.<\/li>\n<li data-start=\"1406\" data-end=\"1447\">Forma de <strong>c\u00fapula<\/strong> ideal para postres decorados.<\/li>\n<li data-start=\"1591\" data-end=\"1637\">Adaptado a vitrinas y venta para llevar.<\/li>\n<li data-start=\"1640\" data-end=\"1676\">Buen ajuste y cierre seguro.<\/li>\n<li data-start=\"1679\" data-end=\"1723\">Acondicionamiento pr\u00e1ctico por <strong>50 tapas<\/strong>.<\/li>\n<\/ul>\n<p>&nbsp;<\/p>\n<p><!--more--><\/p>\n<h4>Informaci\u00f3n adicional :<\/h4>\n<ul>\n<li><strong>Dimensiones<\/strong>: 95 x 25 (\u00d8 x H en mm).<\/li>\n<li><strong>Envases<\/strong>: Paquetes de 25<\/li>\n<li><strong>Material<\/strong>: PP<\/li>\n<\/ul>\n<p>&nbsp;<\/p>\n<p><!--more--><\/p>\n<p>Encuentre aqu\u00ed las copas de postre vendidas por separado compatibles con esta tapa: <span style=\"color: #d12727;\"><a style=\"color: #d12727;\" href=\"https:\/\/www.csj-emballages.com\/es\/categorie-produit\/envasado-de-alimentos\/carniceria-y-charcuteria\/tazas-tarros-vasos\/tazas-de-postre\/\">CP125<\/a><\/span><\/p>\n<p>&nbsp;<\/p>\n<p><!--more--><\/p>\n<p><a href=\"https:\/\/www.csj-emballages.com\/es\/categorie-produit\/envasado-de-alimentos\/carniceria-y-charcuteria\/tazas-tarros-vasos\/tazas-de-postre\/\">Descubre el resto de nuestra gama de cuencos de postre<\/a><\/p>\n","protected":false},"excerpt":{"rendered":"<p>Tapa de pl\u00e1stico Descripci\u00f3n de nuestra tapa de pl\u00e1stico para cuenco de postre CP125 por 50<\/p>\n","protected":false},"featured_media":218653,"template":"","meta":{"_acf_changed":false},"product_brand":[],"product_cat":[1150,1143,1324,1458],"product_tag":[],"class_list":{"0":"post-20588","1":"product","2":"type-product","3":"status-publish","4":"has-post-thumbnail","6":"product_cat-envasado-de-alimentos","7":"product_cat-carniceria-y-charcuteria","8":"product_cat-tazas-tarros-vasos","9":"product_cat-tazas-de-postre","11":"first","12":"instock","13":"taxable","14":"shipping-taxable","15":"purchasable","16":"product-type-simple"},"acf":[],"yoast_head":"<!-- This site is optimized with the Yoast SEO Premium plugin v26.6 (Yoast SEO v26.6) - https:\/\/yoast.com\/wordpress\/plugins\/seo\/ -->\n<title>Tapa de pl\u00e1stico para cuenco de postre CP125<\/title>\n<meta name=\"description\" content=\"Tapa de pl\u00e1stico para copa de postre CP125, ideal para un cierre herm\u00e9tico y seguro. Perfecto para facilitar el transporte.\" \/>\n<meta name=\"robots\" content=\"index, follow, max-snippet:-1, max-image-preview:large, max-video-preview:-1\" \/>\n<link rel=\"canonical\" href=\"https:\/\/www.csj-emballages.com\/es\/produit\/50-tapas-de-cupula-desechables-para-vasos-de-postre-cp125\/\" \/>\n<meta property=\"og:locale\" content=\"es_ES\" \/>\n<meta property=\"og:type\" content=\"article\" \/>\n<meta property=\"og:title\" content=\"Tapa de c\u00fapula de pl\u00e1stico para cuenco de postre CP125, 50 uds.\" \/>\n<meta property=\"og:description\" content=\"Tapa de pl\u00e1stico para copa de postre CP125, ideal para un cierre herm\u00e9tico y seguro. Perfecto para facilitar el transporte.\" \/>\n<meta property=\"og:url\" content=\"https:\/\/www.csj-emballages.com\/es\/produit\/50-tapas-de-cupula-desechables-para-vasos-de-postre-cp125\/\" \/>\n<meta property=\"og:site_name\" content=\"CSJ Emballages\" \/>\n<meta property=\"article:publisher\" content=\"https:\/\/www.facebook.com\/csjemballages\" \/>\n<meta property=\"article:modified_time\" content=\"2026-03-12T15:23:21+00:00\" \/>\n<meta property=\"og:image\" content=\"https:\/\/www.csj-emballages.com\/wp-content\/uploads\/2024\/03\/DOME-CP.webp\" \/>\n\t<meta property=\"og:image:width\" content=\"801\" \/>\n\t<meta property=\"og:image:height\" content=\"801\" \/>\n\t<meta property=\"og:image:type\" content=\"image\/webp\" \/>\n<meta name=\"twitter:card\" content=\"summary_large_image\" \/>\n<meta name=\"twitter:label1\" content=\"Tiempo de lectura\" \/>\n\t<meta name=\"twitter:data1\" content=\"1 minuto\" \/>\n<script type=\"application\/ld+json\" class=\"yoast-schema-graph\">{\"@context\":\"https:\/\/schema.org\",\"@graph\":[{\"@type\":\"WebPage\",\"@id\":\"https:\/\/www.csj-emballages.com\/es\/produit\/50-tapas-de-cupula-desechables-para-vasos-de-postre-cp125\/\",\"url\":\"https:\/\/www.csj-emballages.com\/es\/produit\/50-tapas-de-cupula-desechables-para-vasos-de-postre-cp125\/\",\"name\":\"Tapa de pl\u00e1stico para cuenco de postre CP125\",\"isPartOf\":{\"@id\":\"https:\/\/www.csj-emballages.com\/es\/#website\"},\"primaryImageOfPage\":{\"@id\":\"https:\/\/www.csj-emballages.com\/es\/produit\/50-tapas-de-cupula-desechables-para-vasos-de-postre-cp125\/#primaryimage\"},\"image\":{\"@id\":\"https:\/\/www.csj-emballages.com\/es\/produit\/50-tapas-de-cupula-desechables-para-vasos-de-postre-cp125\/#primaryimage\"},\"thumbnailUrl\":\"https:\/\/www.csj-emballages.com\/wp-content\/uploads\/2024\/03\/DOME-CP.webp\",\"datePublished\":\"2024-03-01T15:54:30+00:00\",\"dateModified\":\"2026-03-12T15:23:21+00:00\",\"description\":\"Tapa de pl\u00e1stico para copa de postre CP125, ideal para un cierre herm\u00e9tico y seguro. Perfecto para facilitar el transporte.\",\"breadcrumb\":{\"@id\":\"https:\/\/www.csj-emballages.com\/es\/produit\/50-tapas-de-cupula-desechables-para-vasos-de-postre-cp125\/#breadcrumb\"},\"inLanguage\":\"es\",\"potentialAction\":[{\"@type\":\"ReadAction\",\"target\":[\"https:\/\/www.csj-emballages.com\/es\/produit\/50-tapas-de-cupula-desechables-para-vasos-de-postre-cp125\/\"]}]},{\"@type\":\"ImageObject\",\"inLanguage\":\"es\",\"@id\":\"https:\/\/www.csj-emballages.com\/es\/produit\/50-tapas-de-cupula-desechables-para-vasos-de-postre-cp125\/#primaryimage\",\"url\":\"https:\/\/www.csj-emballages.com\/wp-content\/uploads\/2024\/03\/DOME-CP.webp\",\"contentUrl\":\"https:\/\/www.csj-emballages.com\/wp-content\/uploads\/2024\/03\/DOME-CP.webp\",\"width\":801,\"height\":801,\"caption\":\"couvercle plastique\"},{\"@type\":\"BreadcrumbList\",\"@id\":\"https:\/\/www.csj-emballages.com\/es\/produit\/50-tapas-de-cupula-desechables-para-vasos-de-postre-cp125\/#breadcrumb\",\"itemListElement\":[{\"@type\":\"ListItem\",\"position\":1,\"name\":\"Accueil\",\"item\":\"https:\/\/www.csj-emballages.com\/es\/universo-del-envasado-alimentario\/\"},{\"@type\":\"ListItem\",\"position\":2,\"name\":\"Tienda\",\"item\":\"https:\/\/www.csj-emballages.com\/tienda\/\"},{\"@type\":\"ListItem\",\"position\":3,\"name\":\"Tapa de c\u00fapula de pl\u00e1stico para cuenco de postre CP125, 50 uds.\"}]},{\"@type\":\"WebSite\",\"@id\":\"https:\/\/www.csj-emballages.com\/es\/#website\",\"url\":\"https:\/\/www.csj-emballages.com\/es\/\",\"name\":\"CSJ Emballages\",\"description\":\"\",\"publisher\":{\"@id\":\"https:\/\/www.csj-emballages.com\/es\/#organization\"},\"potentialAction\":[{\"@type\":\"SearchAction\",\"target\":{\"@type\":\"EntryPoint\",\"urlTemplate\":\"https:\/\/www.csj-emballages.com\/es\/?s={search_term_string}\"},\"query-input\":{\"@type\":\"PropertyValueSpecification\",\"valueRequired\":true,\"valueName\":\"search_term_string\"}}],\"inLanguage\":\"es\"},{\"@type\":\"Organization\",\"@id\":\"https:\/\/www.csj-emballages.com\/es\/#Organization\/\",\"name\":\"CSJ Emballages\",\"url\":\"https:\/\/www.csj-emballages.com\/es\/\",\"logo\":{\"@type\":\"ImageObject\",\"inLanguage\":\"es\",\"@id\":\"https:\/\/www.csj-emballages.com\/es\/#\/schema\/logo\/image\/\",\"url\":\"https:\/\/www.csj-emballages.com\/wp-content\/uploads\/2023\/10\/logo_csj.webp\",\"contentUrl\":\"https:\/\/www.csj-emballages.com\/wp-content\/uploads\/2023\/10\/logo_csj.webp\",\"width\":250,\"height\":95,\"caption\":\"CSJ Emballages\"},\"image\":{\"@id\":\"https:\/\/www.csj-emballages.com\/es\/#\/schema\/logo\/image\/\"},\"sameAs\":[\"https:\/\/www.facebook.com\/csjemballages\"],\"address\":{\"@type\":\"PostalAddress\",\"streetAddress\":\"ZI La Lechere\",\"addressLocality\":\"Patornay\",\"postalCode\":\"39130\",\"addressCountry\":\"FR\"},\"contactPoint\":[{\"@type\":\"ContactPoint\",\"contactType\":\"Service client\",\"telephone\":\"0384254272\",\"email\":\"contact@csj-emballages.com\"}]}]}<\/script>\n<!-- \/ Yoast SEO Premium plugin. -->","yoast_head_json":{"title":"Tapa de pl\u00e1stico para cuenco de postre CP125","description":"Tapa de pl\u00e1stico para copa de postre CP125, ideal para un cierre herm\u00e9tico y seguro. Perfecto para facilitar el transporte.","robots":{"index":"index","follow":"follow","max-snippet":"max-snippet:-1","max-image-preview":"max-image-preview:large","max-video-preview":"max-video-preview:-1"},"canonical":"https:\/\/www.csj-emballages.com\/es\/produit\/50-tapas-de-cupula-desechables-para-vasos-de-postre-cp125\/","og_locale":"es_ES","og_type":"article","og_title":"Tapa de c\u00fapula de pl\u00e1stico para cuenco de postre CP125, 50 uds.","og_description":"Tapa de pl\u00e1stico para copa de postre CP125, ideal para un cierre herm\u00e9tico y seguro. Perfecto para facilitar el transporte.","og_url":"https:\/\/www.csj-emballages.com\/es\/produit\/50-tapas-de-cupula-desechables-para-vasos-de-postre-cp125\/","og_site_name":"CSJ Emballages","article_publisher":"https:\/\/www.facebook.com\/csjemballages","article_modified_time":"2026-03-12T15:23:21+00:00","og_image":[{"width":801,"height":801,"url":"https:\/\/www.csj-emballages.com\/wp-content\/uploads\/2024\/03\/DOME-CP.webp","type":"image\/webp"}],"twitter_card":"summary_large_image","twitter_misc":{"Tiempo de lectura":"1 minuto"},"schema":{"@context":"https:\/\/schema.org","@graph":[{"@type":"WebPage","@id":"https:\/\/www.csj-emballages.com\/es\/produit\/50-tapas-de-cupula-desechables-para-vasos-de-postre-cp125\/","url":"https:\/\/www.csj-emballages.com\/es\/produit\/50-tapas-de-cupula-desechables-para-vasos-de-postre-cp125\/","name":"Tapa de pl\u00e1stico para cuenco de postre CP125","isPartOf":{"@id":"https:\/\/www.csj-emballages.com\/es\/#website"},"primaryImageOfPage":{"@id":"https:\/\/www.csj-emballages.com\/es\/produit\/50-tapas-de-cupula-desechables-para-vasos-de-postre-cp125\/#primaryimage"},"image":{"@id":"https:\/\/www.csj-emballages.com\/es\/produit\/50-tapas-de-cupula-desechables-para-vasos-de-postre-cp125\/#primaryimage"},"thumbnailUrl":"https:\/\/www.csj-emballages.com\/wp-content\/uploads\/2024\/03\/DOME-CP.webp","datePublished":"2024-03-01T15:54:30+00:00","dateModified":"2026-03-12T15:23:21+00:00","description":"Tapa de pl\u00e1stico para copa de postre CP125, ideal para un cierre herm\u00e9tico y seguro. Perfecto para facilitar el transporte.","breadcrumb":{"@id":"https:\/\/www.csj-emballages.com\/es\/produit\/50-tapas-de-cupula-desechables-para-vasos-de-postre-cp125\/#breadcrumb"},"inLanguage":"es","potentialAction":[{"@type":"ReadAction","target":["https:\/\/www.csj-emballages.com\/es\/produit\/50-tapas-de-cupula-desechables-para-vasos-de-postre-cp125\/"]}]},{"@type":"ImageObject","inLanguage":"es","@id":"https:\/\/www.csj-emballages.com\/es\/produit\/50-tapas-de-cupula-desechables-para-vasos-de-postre-cp125\/#primaryimage","url":"https:\/\/www.csj-emballages.com\/wp-content\/uploads\/2024\/03\/DOME-CP.webp","contentUrl":"https:\/\/www.csj-emballages.com\/wp-content\/uploads\/2024\/03\/DOME-CP.webp","width":801,"height":801,"caption":"couvercle plastique"},{"@type":"BreadcrumbList","@id":"https:\/\/www.csj-emballages.com\/es\/produit\/50-tapas-de-cupula-desechables-para-vasos-de-postre-cp125\/#breadcrumb","itemListElement":[{"@type":"ListItem","position":1,"name":"Accueil","item":"https:\/\/www.csj-emballages.com\/es\/universo-del-envasado-alimentario\/"},{"@type":"ListItem","position":2,"name":"Tienda","item":"https:\/\/www.csj-emballages.com\/tienda\/"},{"@type":"ListItem","position":3,"name":"Tapa de c\u00fapula de pl\u00e1stico para cuenco de postre CP125, 50 uds."}]},{"@type":"WebSite","@id":"https:\/\/www.csj-emballages.com\/es\/#website","url":"https:\/\/www.csj-emballages.com\/es\/","name":"CSJ Emballages","description":"","publisher":{"@id":"https:\/\/www.csj-emballages.com\/es\/#organization"},"potentialAction":[{"@type":"SearchAction","target":{"@type":"EntryPoint","urlTemplate":"https:\/\/www.csj-emballages.com\/es\/?s={search_term_string}"},"query-input":{"@type":"PropertyValueSpecification","valueRequired":true,"valueName":"search_term_string"}}],"inLanguage":"es"},{"@type":"Organization","@id":"https:\/\/www.csj-emballages.com\/es\/#Organization\/","name":"CSJ Emballages","url":"https:\/\/www.csj-emballages.com\/es\/","logo":{"@type":"ImageObject","inLanguage":"es","@id":"https:\/\/www.csj-emballages.com\/es\/#\/schema\/logo\/image\/","url":"https:\/\/www.csj-emballages.com\/wp-content\/uploads\/2023\/10\/logo_csj.webp","contentUrl":"https:\/\/www.csj-emballages.com\/wp-content\/uploads\/2023\/10\/logo_csj.webp","width":250,"height":95,"caption":"CSJ Emballages"},"image":{"@id":"https:\/\/www.csj-emballages.com\/es\/#\/schema\/logo\/image\/"},"sameAs":["https:\/\/www.facebook.com\/csjemballages"],"address":{"@type":"PostalAddress","streetAddress":"ZI La Lechere","addressLocality":"Patornay","postalCode":"39130","addressCountry":"FR"},"contactPoint":[{"@type":"ContactPoint","contactType":"Service client","telephone":"0384254272","email":"contact@csj-emballages.com"}]}]}},"df_price":3.01,"df_sale_price":"","df_regular_price":3.01,"df_image_link":"https:\/\/www.csj-emballages.com\/wp-content\/uploads\/2024\/03\/DOME-CP-300x300.webp","tiered_pricing_type":"fixed","tiered_pricing_fixed_rules":[],"tiered_pricing_percentage_rules":[],"tiered_pricing_minimum":1,"tiered_pricing_roles_data":[],"_links":{"self":[{"href":"https:\/\/www.csj-emballages.com\/es\/wp-json\/wp\/v2\/product\/20588","targetHints":{"allow":["GET"]}}],"collection":[{"href":"https:\/\/www.csj-emballages.com\/es\/wp-json\/wp\/v2\/product"}],"about":[{"href":"https:\/\/www.csj-emballages.com\/es\/wp-json\/wp\/v2\/types\/product"}],"wp:featuredmedia":[{"embeddable":true,"href":"https:\/\/www.csj-emballages.com\/es\/wp-json\/wp\/v2\/media\/218653"}],"wp:attachment":[{"href":"https:\/\/www.csj-emballages.com\/es\/wp-json\/wp\/v2\/media?parent=20588"}],"wp:term":[{"taxonomy":"product_brand","embeddable":true,"href":"https:\/\/www.csj-emballages.com\/es\/wp-json\/wp\/v2\/product_brand?post=20588"},{"taxonomy":"product_cat","embeddable":true,"href":"https:\/\/www.csj-emballages.com\/es\/wp-json\/wp\/v2\/product_cat?post=20588"},{"taxonomy":"product_tag","embeddable":true,"href":"https:\/\/www.csj-emballages.com\/es\/wp-json\/wp\/v2\/product_tag?post=20588"}],"curies":[{"name":"wp","href":"https:\/\/api.w.org\/{rel}","templated":true}]}}