{"id":20574,"date":"2024-03-01T16:54:32","date_gmt":"2024-03-01T15:54:32","guid":{"rendered":"https:\/\/u15jnbdpoq.preview.infomaniak.website\/produit\/dispensador-de-toallas-de-mano-autocut-blanco\/"},"modified":"2026-03-12T16:23:06","modified_gmt":"2026-03-12T15:23:06","slug":"dispensador-de-toallas-de-mano-autocut-blanco","status":"publish","type":"product","link":"https:\/\/www.csj-emballages.com\/es\/produit\/dispensador-de-toallas-de-mano-autocut-blanco\/","title":{"rendered":"Dispensador de toallas de mano AUTOCUT blanco"},"content":{"rendered":"<h2>Dispensador de toallas de mano<\/h2>\n<hr>\n<h3>Descripci\u00f3n de nuestro dispensador de toallas de mano AUTOCUT blanco<!--more--><\/h3>\n<p data-start=\"201\" data-end=\"535\">Si busca mantener un espacio limpio sin multiplicar las manipulaciones, el <strong data-start=\"282\" data-end=\"325\">dispensador de toallas de mano AUTOCUT blanco<\/strong> marca claramente la diferencia. Su principio es sencillo: usted tira, \u00e9l corta autom\u00e1ticamente. No es necesario tocar el resto del rollo, lo que limita los contactos innecesarios y mejora la higiene diaria.  <\/p>\n<p data-start=\"537\" data-end=\"951\">Su <strong>dise\u00f1o blanco<\/strong>, sobrio y moderno, se integra f\u00e1cilmente en todos los entornos profesionales. Ya sea en sanitarios, una cocina, un laboratorio o un espacio de trabajo, permanece discreto a la vez que cumple perfectamente su funci\u00f3n. Gracias a su sistema <strong>AUTOCUT<\/strong>, cada usuario obtiene una hoja limpia, siempre de la misma longitud. Resultado: menos desperdicio y un consumo mejor controlado.   <\/p>\n<p data-start=\"953\" data-end=\"1310\">En el d\u00eda a d\u00eda, este <strong>dispensador<\/strong> tambi\u00e9n es muy agradable de usar. El <strong>papel<\/strong> sale sin esfuerzo, el corte es limpio y r\u00e1pido, y la recarga se realiza de forma sencilla. Su carcasa robusta protege eficazmente el rollo en el interior, incluso en las zonas muy transitadas. Es una verdadera ventaja para los equipos de limpieza y para los usuarios.   <\/p>\n<p data-start=\"1312\" data-end=\"1592\">Adem\u00e1s, su funcionamiento mec\u00e1nico fiable evita las aver\u00edas complicadas. Se instala, se recarga y funciona. As\u00ed de simple. Este dispensador es, por tanto, ideal para los profesionales que desean una soluci\u00f3n pr\u00e1ctica, higi\u00e9nica y duradera, sin complicarse la vida.   <\/p>\n<p data-start=\"1594\" data-end=\"1726\">En resumen, el <strong>dispensador de toallas de mano AUTOCUT blanco<\/strong> combina eficacia, limpieza y simplicidad para un uso fluido en el d\u00eda a d\u00eda.<\/p>\n<p data-start=\"1594\" data-end=\"1726\">\n<p data-start=\"1594\" data-end=\"1726\"><!--more--><\/p>\n<div class=\"markdown prose w-full break-words dark:prose-invert dark\">\n<p>Utilizaci\u00f3n manual con ruleta en el lateral.<\/p>\n<p>*Este dispensador de toallas de mano se suministra con los tornillos.<\/p>\n<\/div>\n<p>&nbsp;<\/p>\n<p><!--more--><\/p>\n<h4>Informaci\u00f3n adicional :<\/h4>\n<ul>\n<li><strong>Embalaje<\/strong>: Por unidad<\/li>\n<li><strong>Dimensiones<\/strong>: 29,5 x 22 x 35,5 (L x A x A en cm)<\/li>\n<li><strong>Material<\/strong>: Pl\u00e1stico<\/li>\n<li><strong>Color<\/strong>: Blanco \/ Negro<\/li>\n<li><strong>Uso<\/strong>: Rodillo \/ manual<\/li>\n<\/ul>\n<p>&nbsp;<\/p>\n<p><!--more--><\/p>\n<p>Encuentra aqu\u00ed la toalla de mano compatible con este dispensador: <span style=\"color: #d12727;\"><a style=\"color: #d12727;\" href=\"https:\/\/www.csj-emballages.com\/produit\/6-rouleaux-autocut-essuie-mains-rouleaux-blanc-150-m\/\">EMAUTOCUT<\/a><\/span><\/p>\n<p>&nbsp;<\/p>\n<p><!--more--><\/p>\n<p><a href=\"https:\/\/www.csj-emballages.com\/es\/categorie-produit\/higiene-y-mantenimiento\/distribuidores\/\">Ver el resto de nuestra gama de distribuidores<\/a><\/p>\n","protected":false},"excerpt":{"rendered":"<p>Dispensador de toallas de mano Descripci\u00f3n de nuestro dispensador de toallas de mano AUTOCUT blanco<\/p>\n","protected":false},"featured_media":221601,"template":"","meta":{"_acf_changed":false},"product_brand":[],"product_cat":[1226,1398,1388,1438,1439],"product_tag":[],"class_list":{"0":"post-20574","1":"product","2":"type-product","3":"status-publish","4":"has-post-thumbnail","6":"product_cat-higiene-y-mantenimiento","7":"product_cat-distribuidores","8":"product_cat-limpiar","9":"product_cat-toallas-de-mano","10":"product_cat-limpiaparabrisas-manuales-de-rodillo","12":"first","13":"instock","14":"taxable","15":"shipping-taxable","16":"purchasable","17":"product-type-simple"},"acf":[],"yoast_head":"<!-- This site is optimized with the Yoast SEO Premium plugin v26.6 (Yoast SEO v26.6) - https:\/\/yoast.com\/wordpress\/plugins\/seo\/ -->\n<title>Dispensador de Toallas de Ba\u00f1o AUTOCUT Blanco<\/title>\n<meta name=\"description\" content=\"Descubra nuestro dispensador de toallas de mano AUTOCUT blanco. Funcionamiento manual con rueda de rotaci\u00f3n lateral. Compatible con las toallas de mano EMAUTOCUT\" \/>\n<meta name=\"robots\" content=\"index, follow, max-snippet:-1, max-image-preview:large, max-video-preview:-1\" \/>\n<link rel=\"canonical\" href=\"https:\/\/www.csj-emballages.com\/es\/produit\/dispensador-de-toallas-de-mano-autocut-blanco\/\" \/>\n<meta property=\"og:locale\" content=\"es_ES\" \/>\n<meta property=\"og:type\" content=\"article\" \/>\n<meta property=\"og:title\" content=\"Dispensador de toallas de mano AUTOCUT blanco\" \/>\n<meta property=\"og:description\" content=\"Descubra nuestro dispensador de toallas de mano AUTOCUT blanco. Funcionamiento manual con rueda de rotaci\u00f3n lateral. Compatible con las toallas de mano EMAUTOCUT\" \/>\n<meta property=\"og:url\" content=\"https:\/\/www.csj-emballages.com\/es\/produit\/dispensador-de-toallas-de-mano-autocut-blanco\/\" \/>\n<meta property=\"og:site_name\" content=\"CSJ Emballages\" \/>\n<meta property=\"article:publisher\" content=\"https:\/\/www.facebook.com\/csjemballages\" \/>\n<meta property=\"article:modified_time\" content=\"2026-03-12T15:23:06+00:00\" \/>\n<meta property=\"og:image\" content=\"https:\/\/www.csj-emballages.com\/wp-content\/uploads\/2024\/03\/Distributeur-essuies-mains.webp\" \/>\n\t<meta property=\"og:image:width\" content=\"800\" \/>\n\t<meta property=\"og:image:height\" content=\"800\" \/>\n\t<meta property=\"og:image:type\" content=\"image\/webp\" \/>\n<meta name=\"twitter:card\" content=\"summary_large_image\" \/>\n<meta name=\"twitter:label1\" content=\"Tiempo de lectura\" \/>\n\t<meta name=\"twitter:data1\" content=\"2 minutos\" \/>\n<script type=\"application\/ld+json\" class=\"yoast-schema-graph\">{\"@context\":\"https:\/\/schema.org\",\"@graph\":[{\"@type\":\"WebPage\",\"@id\":\"https:\/\/www.csj-emballages.com\/es\/produit\/dispensador-de-toallas-de-mano-autocut-blanco\/\",\"url\":\"https:\/\/www.csj-emballages.com\/es\/produit\/dispensador-de-toallas-de-mano-autocut-blanco\/\",\"name\":\"Dispensador de Toallas de Ba\u00f1o AUTOCUT Blanco\",\"isPartOf\":{\"@id\":\"https:\/\/www.csj-emballages.com\/es\/#website\"},\"primaryImageOfPage\":{\"@id\":\"https:\/\/www.csj-emballages.com\/es\/produit\/dispensador-de-toallas-de-mano-autocut-blanco\/#primaryimage\"},\"image\":{\"@id\":\"https:\/\/www.csj-emballages.com\/es\/produit\/dispensador-de-toallas-de-mano-autocut-blanco\/#primaryimage\"},\"thumbnailUrl\":\"https:\/\/www.csj-emballages.com\/wp-content\/uploads\/2024\/03\/Distributeur-essuies-mains.webp\",\"datePublished\":\"2024-03-01T15:54:32+00:00\",\"dateModified\":\"2026-03-12T15:23:06+00:00\",\"description\":\"Descubra nuestro dispensador de toallas de mano AUTOCUT blanco. Funcionamiento manual con rueda de rotaci\u00f3n lateral. Compatible con las toallas de mano EMAUTOCUT\",\"breadcrumb\":{\"@id\":\"https:\/\/www.csj-emballages.com\/es\/produit\/dispensador-de-toallas-de-mano-autocut-blanco\/#breadcrumb\"},\"inLanguage\":\"es\",\"potentialAction\":[{\"@type\":\"ReadAction\",\"target\":[\"https:\/\/www.csj-emballages.com\/es\/produit\/dispensador-de-toallas-de-mano-autocut-blanco\/\"]}]},{\"@type\":\"ImageObject\",\"inLanguage\":\"es\",\"@id\":\"https:\/\/www.csj-emballages.com\/es\/produit\/dispensador-de-toallas-de-mano-autocut-blanco\/#primaryimage\",\"url\":\"https:\/\/www.csj-emballages.com\/wp-content\/uploads\/2024\/03\/Distributeur-essuies-mains.webp\",\"contentUrl\":\"https:\/\/www.csj-emballages.com\/wp-content\/uploads\/2024\/03\/Distributeur-essuies-mains.webp\",\"width\":800,\"height\":800,\"caption\":\"Distributeur essuies main\"},{\"@type\":\"BreadcrumbList\",\"@id\":\"https:\/\/www.csj-emballages.com\/es\/produit\/dispensador-de-toallas-de-mano-autocut-blanco\/#breadcrumb\",\"itemListElement\":[{\"@type\":\"ListItem\",\"position\":1,\"name\":\"Accueil\",\"item\":\"https:\/\/www.csj-emballages.com\/es\/universo-del-envasado-alimentario\/\"},{\"@type\":\"ListItem\",\"position\":2,\"name\":\"Tienda\",\"item\":\"https:\/\/www.csj-emballages.com\/tienda\/\"},{\"@type\":\"ListItem\",\"position\":3,\"name\":\"Dispensador de toallas de mano AUTOCUT blanco\"}]},{\"@type\":\"WebSite\",\"@id\":\"https:\/\/www.csj-emballages.com\/es\/#website\",\"url\":\"https:\/\/www.csj-emballages.com\/es\/\",\"name\":\"CSJ Emballages\",\"description\":\"\",\"publisher\":{\"@id\":\"https:\/\/www.csj-emballages.com\/es\/#organization\"},\"potentialAction\":[{\"@type\":\"SearchAction\",\"target\":{\"@type\":\"EntryPoint\",\"urlTemplate\":\"https:\/\/www.csj-emballages.com\/es\/?s={search_term_string}\"},\"query-input\":{\"@type\":\"PropertyValueSpecification\",\"valueRequired\":true,\"valueName\":\"search_term_string\"}}],\"inLanguage\":\"es\"},{\"@type\":\"Organization\",\"@id\":\"https:\/\/www.csj-emballages.com\/es\/#Organization\/\",\"name\":\"CSJ Emballages\",\"url\":\"https:\/\/www.csj-emballages.com\/es\/\",\"logo\":{\"@type\":\"ImageObject\",\"inLanguage\":\"es\",\"@id\":\"https:\/\/www.csj-emballages.com\/es\/#\/schema\/logo\/image\/\",\"url\":\"https:\/\/www.csj-emballages.com\/wp-content\/uploads\/2023\/10\/logo_csj.webp\",\"contentUrl\":\"https:\/\/www.csj-emballages.com\/wp-content\/uploads\/2023\/10\/logo_csj.webp\",\"width\":250,\"height\":95,\"caption\":\"CSJ Emballages\"},\"image\":{\"@id\":\"https:\/\/www.csj-emballages.com\/es\/#\/schema\/logo\/image\/\"},\"sameAs\":[\"https:\/\/www.facebook.com\/csjemballages\"],\"address\":{\"@type\":\"PostalAddress\",\"streetAddress\":\"ZI La Lechere\",\"addressLocality\":\"Patornay\",\"postalCode\":\"39130\",\"addressCountry\":\"FR\"},\"contactPoint\":[{\"@type\":\"ContactPoint\",\"contactType\":\"Service client\",\"telephone\":\"0384254272\",\"email\":\"contact@csj-emballages.com\"}]}]}<\/script>\n<!-- \/ Yoast SEO Premium plugin. -->","yoast_head_json":{"title":"Dispensador de Toallas de Ba\u00f1o AUTOCUT Blanco","description":"Descubra nuestro dispensador de toallas de mano AUTOCUT blanco. Funcionamiento manual con rueda de rotaci\u00f3n lateral. Compatible con las toallas de mano EMAUTOCUT","robots":{"index":"index","follow":"follow","max-snippet":"max-snippet:-1","max-image-preview":"max-image-preview:large","max-video-preview":"max-video-preview:-1"},"canonical":"https:\/\/www.csj-emballages.com\/es\/produit\/dispensador-de-toallas-de-mano-autocut-blanco\/","og_locale":"es_ES","og_type":"article","og_title":"Dispensador de toallas de mano AUTOCUT blanco","og_description":"Descubra nuestro dispensador de toallas de mano AUTOCUT blanco. Funcionamiento manual con rueda de rotaci\u00f3n lateral. Compatible con las toallas de mano EMAUTOCUT","og_url":"https:\/\/www.csj-emballages.com\/es\/produit\/dispensador-de-toallas-de-mano-autocut-blanco\/","og_site_name":"CSJ Emballages","article_publisher":"https:\/\/www.facebook.com\/csjemballages","article_modified_time":"2026-03-12T15:23:06+00:00","og_image":[{"width":800,"height":800,"url":"https:\/\/www.csj-emballages.com\/wp-content\/uploads\/2024\/03\/Distributeur-essuies-mains.webp","type":"image\/webp"}],"twitter_card":"summary_large_image","twitter_misc":{"Tiempo de lectura":"2 minutos"},"schema":{"@context":"https:\/\/schema.org","@graph":[{"@type":"WebPage","@id":"https:\/\/www.csj-emballages.com\/es\/produit\/dispensador-de-toallas-de-mano-autocut-blanco\/","url":"https:\/\/www.csj-emballages.com\/es\/produit\/dispensador-de-toallas-de-mano-autocut-blanco\/","name":"Dispensador de Toallas de Ba\u00f1o AUTOCUT Blanco","isPartOf":{"@id":"https:\/\/www.csj-emballages.com\/es\/#website"},"primaryImageOfPage":{"@id":"https:\/\/www.csj-emballages.com\/es\/produit\/dispensador-de-toallas-de-mano-autocut-blanco\/#primaryimage"},"image":{"@id":"https:\/\/www.csj-emballages.com\/es\/produit\/dispensador-de-toallas-de-mano-autocut-blanco\/#primaryimage"},"thumbnailUrl":"https:\/\/www.csj-emballages.com\/wp-content\/uploads\/2024\/03\/Distributeur-essuies-mains.webp","datePublished":"2024-03-01T15:54:32+00:00","dateModified":"2026-03-12T15:23:06+00:00","description":"Descubra nuestro dispensador de toallas de mano AUTOCUT blanco. Funcionamiento manual con rueda de rotaci\u00f3n lateral. Compatible con las toallas de mano EMAUTOCUT","breadcrumb":{"@id":"https:\/\/www.csj-emballages.com\/es\/produit\/dispensador-de-toallas-de-mano-autocut-blanco\/#breadcrumb"},"inLanguage":"es","potentialAction":[{"@type":"ReadAction","target":["https:\/\/www.csj-emballages.com\/es\/produit\/dispensador-de-toallas-de-mano-autocut-blanco\/"]}]},{"@type":"ImageObject","inLanguage":"es","@id":"https:\/\/www.csj-emballages.com\/es\/produit\/dispensador-de-toallas-de-mano-autocut-blanco\/#primaryimage","url":"https:\/\/www.csj-emballages.com\/wp-content\/uploads\/2024\/03\/Distributeur-essuies-mains.webp","contentUrl":"https:\/\/www.csj-emballages.com\/wp-content\/uploads\/2024\/03\/Distributeur-essuies-mains.webp","width":800,"height":800,"caption":"Distributeur essuies main"},{"@type":"BreadcrumbList","@id":"https:\/\/www.csj-emballages.com\/es\/produit\/dispensador-de-toallas-de-mano-autocut-blanco\/#breadcrumb","itemListElement":[{"@type":"ListItem","position":1,"name":"Accueil","item":"https:\/\/www.csj-emballages.com\/es\/universo-del-envasado-alimentario\/"},{"@type":"ListItem","position":2,"name":"Tienda","item":"https:\/\/www.csj-emballages.com\/tienda\/"},{"@type":"ListItem","position":3,"name":"Dispensador de toallas de mano AUTOCUT blanco"}]},{"@type":"WebSite","@id":"https:\/\/www.csj-emballages.com\/es\/#website","url":"https:\/\/www.csj-emballages.com\/es\/","name":"CSJ Emballages","description":"","publisher":{"@id":"https:\/\/www.csj-emballages.com\/es\/#organization"},"potentialAction":[{"@type":"SearchAction","target":{"@type":"EntryPoint","urlTemplate":"https:\/\/www.csj-emballages.com\/es\/?s={search_term_string}"},"query-input":{"@type":"PropertyValueSpecification","valueRequired":true,"valueName":"search_term_string"}}],"inLanguage":"es"},{"@type":"Organization","@id":"https:\/\/www.csj-emballages.com\/es\/#Organization\/","name":"CSJ Emballages","url":"https:\/\/www.csj-emballages.com\/es\/","logo":{"@type":"ImageObject","inLanguage":"es","@id":"https:\/\/www.csj-emballages.com\/es\/#\/schema\/logo\/image\/","url":"https:\/\/www.csj-emballages.com\/wp-content\/uploads\/2023\/10\/logo_csj.webp","contentUrl":"https:\/\/www.csj-emballages.com\/wp-content\/uploads\/2023\/10\/logo_csj.webp","width":250,"height":95,"caption":"CSJ Emballages"},"image":{"@id":"https:\/\/www.csj-emballages.com\/es\/#\/schema\/logo\/image\/"},"sameAs":["https:\/\/www.facebook.com\/csjemballages"],"address":{"@type":"PostalAddress","streetAddress":"ZI La Lechere","addressLocality":"Patornay","postalCode":"39130","addressCountry":"FR"},"contactPoint":[{"@type":"ContactPoint","contactType":"Service client","telephone":"0384254272","email":"contact@csj-emballages.com"}]}]}},"df_price":62.99,"df_sale_price":"","df_regular_price":62.99,"df_image_link":"https:\/\/www.csj-emballages.com\/wp-content\/uploads\/2024\/03\/Distributeur-essuies-mains-300x300.webp","tiered_pricing_type":"fixed","tiered_pricing_fixed_rules":[],"tiered_pricing_percentage_rules":[],"tiered_pricing_minimum":1,"tiered_pricing_roles_data":[],"_links":{"self":[{"href":"https:\/\/www.csj-emballages.com\/es\/wp-json\/wp\/v2\/product\/20574","targetHints":{"allow":["GET"]}}],"collection":[{"href":"https:\/\/www.csj-emballages.com\/es\/wp-json\/wp\/v2\/product"}],"about":[{"href":"https:\/\/www.csj-emballages.com\/es\/wp-json\/wp\/v2\/types\/product"}],"wp:featuredmedia":[{"embeddable":true,"href":"https:\/\/www.csj-emballages.com\/es\/wp-json\/wp\/v2\/media\/221601"}],"wp:attachment":[{"href":"https:\/\/www.csj-emballages.com\/es\/wp-json\/wp\/v2\/media?parent=20574"}],"wp:term":[{"taxonomy":"product_brand","embeddable":true,"href":"https:\/\/www.csj-emballages.com\/es\/wp-json\/wp\/v2\/product_brand?post=20574"},{"taxonomy":"product_cat","embeddable":true,"href":"https:\/\/www.csj-emballages.com\/es\/wp-json\/wp\/v2\/product_cat?post=20574"},{"taxonomy":"product_tag","embeddable":true,"href":"https:\/\/www.csj-emballages.com\/es\/wp-json\/wp\/v2\/product_tag?post=20574"}],"curies":[{"name":"wp","href":"https:\/\/api.w.org\/{rel}","templated":true}]}}