{"id":20563,"date":"2024-03-01T16:54:31","date_gmt":"2024-03-01T15:54:31","guid":{"rendered":"https:\/\/u15jnbdpoq.preview.infomaniak.website\/produit\/dispensador-de-papel-higienico-para-ref-to350d60\/"},"modified":"2026-03-31T02:13:49","modified_gmt":"2026-03-31T00:13:49","slug":"dispensador-de-papel-higienico-para-ref-to350d60","status":"publish","type":"product","link":"https:\/\/www.csj-emballages.com\/es\/produit\/dispensador-de-papel-higienico-para-ref-to350d60\/","title":{"rendered":"Dispensador de papel higi\u00e9nico para ref \u00abTO350D60"},"content":{"rendered":"<h2>Dispensador de papel higi\u00e9nico<\/h2>\n<hr>\n<h3>Descripci\u00f3n de nuestro dispensador de papel higi\u00e9nico para ref \u00abTO350D60\u00bb.<!--more--><\/h3>\n<div class=\"flex max-w-full flex-col flex-grow\">\n<div class=\"min-h-8 text-message flex w-full flex-col items-end gap-2 whitespace-normal break-words text-start [.text-message+&amp;]:mt-5\" dir=\"auto\" data-message-author-role=\"assistant\" data-message-id=\"266ca6f3-5e07-4948-bd20-80ac5e6da4a5\" data-message-model-slug=\"gpt-4o\">\n<div class=\"flex w-full flex-col gap-1 empty:hidden first:pt-[3px]\">\n<div class=\"markdown prose w-full break-words dark:prose-invert dark\">\n<p data-start=\"294\" data-end=\"664\">En unos aseos profesionales, se busca ante todo algo sencillo, fiable y f\u00e1cil de gestionar. El <strong data-start=\"406\" data-end=\"447\">dispensador de papel higi\u00e9nico para ref. <span style=\"color: #d12727;\"><a style=\"color: #d12727;\" href=\"https:\/\/www.csj-emballages.com\/es\/produit\/6-rollos-de-papel-higienico-maxi-jumbo-blanco-de-algodon-de-2-capas-320-m\/\">TO350D60<\/a><\/span><\/strong> responde exactamente a estas expectativas. Con su dise\u00f1o sobrio y redondeado, se integra discretamente en todo tipo de espacios, ya sea en un restaurante, una oficina, un comercio o unos aseos abiertos al p\u00fablico.  <\/p>\n<p data-start=\"666\" data-end=\"1044\">Dise\u00f1ado para albergar <strong>rollos de papel higi\u00e9nico<\/strong> de gran capacidad, permite limitar las recargas demasiado frecuentes. Resultado: gana tiempo y se asegura una mejor continuidad de uso, incluso en los lugares con mucha afluencia. Gracias a su ventana de control, el <strong>nivel de papel permanece visible<\/strong> de un vistazo, lo que evita las malas sorpresas.  <\/p>\n<p data-start=\"1046\" data-end=\"1313\">Su sistema de distribuci\u00f3n es fluido y controlado. Dispensa la cantidad justa de papel, lo que ayuda a reducir el derroche a la vez que mejora la higiene. Adem\u00e1s, su <strong>carcasa<\/strong> robusta protege eficazmente el rollo contra la humedad y las manipulaciones innecesarias.  <\/p>\n<p data-start=\"1315\" data-end=\"1575\">La instalaci\u00f3n mural es sencilla y r\u00e1pida, lo que lo convierte en un equipo f\u00e1cil de instalar durante una reforma o una sustituci\u00f3n. Su mantenimiento no requiere ning\u00fan esfuerzo especial: una limpieza regular es suficiente para mantenerlo limpio y funcional. <\/p>\n<p data-start=\"1577\" data-end=\"1762\">En resumen, el <strong>dispensador de papel higi\u00e9nico<\/strong> es una soluci\u00f3n pr\u00e1ctica y duradera para equipar sus aseos con un material fiable, pensado para un uso diario intensivo y sin complicaciones.<\/p>\n<\/div>\n<p>&nbsp;<\/p>\n<\/div>\n<\/div>\n<\/div>\n<p><!--more--><\/p>\n<p><strong>Dispensador de toallas de mano, se utiliza con el producto de referencia <span style=\"color: #d12727;\"><a style=\"color: #d12727;\" href=\"https:\/\/www.csj-emballages.com\/es\/produit\/6-rollos-de-papel-higienico-maxi-jumbo-blanco-de-algodon-de-2-capas-320-m\/\">TO350D60<\/a><\/span><\/strong><\/p>\n<p>*Este dispensador de toallas de mano se suministra con los tornillos.<\/p>\n<p>&nbsp;<\/p>\n<p><!--more--><\/p>\n<h4>Ventajas :<\/h4>\n<ul>\n<li data-start=\"1791\" data-end=\"1818\">Dise\u00f1o discreto y moderno.<\/li>\n<li data-start=\"1821\" data-end=\"1863\">Compatible con rollos de gran capacidad.<\/li>\n<li data-start=\"1866\" data-end=\"1897\"><strong>Ventana de control<\/strong> del nivel.<\/li>\n<li data-start=\"1900\" data-end=\"1951\">Distribuci\u00f3n controlada para limitar el derroche.<\/li>\n<li data-start=\"1954\" data-end=\"1989\">Instalaci\u00f3n y mantenimiento f\u00e1ciles.<\/li>\n<\/ul>\n<p>&nbsp;<\/p>\n<p><!--more--><\/p>\n<h4>Informaci\u00f3n adicional :<\/h4>\n<ul>\n<li><strong>Embalaje<\/strong>: Por unidad<\/li>\n<li><strong>Material<\/strong>: Pl\u00e1stico<\/li>\n<li><strong>Color<\/strong>: blanco<\/li>\n<li><strong>Uso<\/strong>: Manual<\/li>\n<li><strong>Capacidad<\/strong>: Papel higi\u00e9nico (<strong><span style=\"color: #d12727;\"><a style=\"color: #d12727;\" href=\"https:\/\/www.csj-emballages.com\/es\/produit\/6-rollos-de-papel-higienico-maxi-jumbo-blanco-de-algodon-de-2-capas-320-m\/\">TO350D60<\/a><\/span><\/strong>)<\/li>\n<\/ul>\n<p>&nbsp;<\/p>\n<p><!--more--><\/p>\n<p><a href=\"https:\/\/www.csj-emballages.com\/es\/categorie-produit\/higiene-y-mantenimiento\/distribuidores\/\">Ver el resto de nuestra gama de distribuidores<\/a><\/p>\n","protected":false},"excerpt":{"rendered":"<p>Dispensador de papel higi\u00e9nico Descripci\u00f3n de nuestro dispensador de papel higi\u00e9nico para ref \u00abTO350D60\u00bb.<\/p>\n","protected":false},"featured_media":221639,"template":"","meta":{"_acf_changed":false},"product_brand":[],"product_cat":[1226,1398,1388,1389],"product_tag":[],"class_list":{"0":"post-20563","1":"product","2":"type-product","3":"status-publish","4":"has-post-thumbnail","6":"product_cat-higiene-y-mantenimiento","7":"product_cat-distribuidores","8":"product_cat-limpiar","9":"product_cat-papel-higienico-es","11":"first","12":"instock","13":"taxable","14":"shipping-taxable","15":"purchasable","16":"product-type-simple"},"acf":[],"yoast_head":"<!-- This site is optimized with the Yoast SEO Premium plugin v26.6 (Yoast SEO v26.6) - https:\/\/yoast.com\/wordpress\/plugins\/seo\/ -->\n<title>Dispensador de papel higi\u00e9nico para ref &quot;TO350D60<\/title>\n<meta name=\"description\" content=\"Descubra nuestro dispensador de papel higi\u00e9nico blanco. Uso manual. Compatible con toallas de mano TO350D60\" \/>\n<meta name=\"robots\" content=\"index, follow, max-snippet:-1, max-image-preview:large, max-video-preview:-1\" \/>\n<link rel=\"canonical\" href=\"https:\/\/www.csj-emballages.com\/es\/produit\/dispensador-de-papel-higienico-para-ref-to350d60\/\" \/>\n<meta property=\"og:locale\" content=\"es_ES\" \/>\n<meta property=\"og:type\" content=\"article\" \/>\n<meta property=\"og:title\" content=\"Dispensador de papel higi\u00e9nico para ref &quot;TO350D60\" \/>\n<meta property=\"og:description\" content=\"Descubra nuestro dispensador de papel higi\u00e9nico blanco. Uso manual. Compatible con toallas de mano TO350D60\" \/>\n<meta property=\"og:url\" content=\"https:\/\/www.csj-emballages.com\/es\/produit\/dispensador-de-papel-higienico-para-ref-to350d60\/\" \/>\n<meta property=\"og:site_name\" content=\"CSJ Emballages\" \/>\n<meta property=\"article:publisher\" content=\"https:\/\/www.facebook.com\/csjemballages\" \/>\n<meta property=\"article:modified_time\" content=\"2026-03-31T00:13:49+00:00\" \/>\n<meta property=\"og:image\" content=\"https:\/\/www.csj-emballages.com\/wp-content\/uploads\/2024\/03\/DISTRITO350D60.webp\" \/>\n\t<meta property=\"og:image:width\" content=\"800\" \/>\n\t<meta property=\"og:image:height\" content=\"800\" \/>\n\t<meta property=\"og:image:type\" content=\"image\/webp\" \/>\n<meta name=\"twitter:card\" content=\"summary_large_image\" \/>\n<meta name=\"twitter:label1\" content=\"Tiempo de lectura\" \/>\n\t<meta name=\"twitter:data1\" content=\"2 minutos\" \/>\n<script type=\"application\/ld+json\" class=\"yoast-schema-graph\">{\"@context\":\"https:\/\/schema.org\",\"@graph\":[{\"@type\":\"WebPage\",\"@id\":\"https:\/\/www.csj-emballages.com\/es\/produit\/dispensador-de-papel-higienico-para-ref-to350d60\/\",\"url\":\"https:\/\/www.csj-emballages.com\/es\/produit\/dispensador-de-papel-higienico-para-ref-to350d60\/\",\"name\":\"Dispensador de papel higi\u00e9nico para ref \\\"TO350D60\",\"isPartOf\":{\"@id\":\"https:\/\/www.csj-emballages.com\/es\/#website\"},\"primaryImageOfPage\":{\"@id\":\"https:\/\/www.csj-emballages.com\/es\/produit\/dispensador-de-papel-higienico-para-ref-to350d60\/#primaryimage\"},\"image\":{\"@id\":\"https:\/\/www.csj-emballages.com\/es\/produit\/dispensador-de-papel-higienico-para-ref-to350d60\/#primaryimage\"},\"thumbnailUrl\":\"https:\/\/www.csj-emballages.com\/wp-content\/uploads\/2024\/03\/DISTRITO350D60.webp\",\"datePublished\":\"2024-03-01T15:54:31+00:00\",\"dateModified\":\"2026-03-31T00:13:49+00:00\",\"description\":\"Descubra nuestro dispensador de papel higi\u00e9nico blanco. Uso manual. Compatible con toallas de mano TO350D60\",\"breadcrumb\":{\"@id\":\"https:\/\/www.csj-emballages.com\/es\/produit\/dispensador-de-papel-higienico-para-ref-to350d60\/#breadcrumb\"},\"inLanguage\":\"es\",\"potentialAction\":[{\"@type\":\"ReadAction\",\"target\":[\"https:\/\/www.csj-emballages.com\/es\/produit\/dispensador-de-papel-higienico-para-ref-to350d60\/\"]}]},{\"@type\":\"ImageObject\",\"inLanguage\":\"es\",\"@id\":\"https:\/\/www.csj-emballages.com\/es\/produit\/dispensador-de-papel-higienico-para-ref-to350d60\/#primaryimage\",\"url\":\"https:\/\/www.csj-emballages.com\/wp-content\/uploads\/2024\/03\/DISTRITO350D60.webp\",\"contentUrl\":\"https:\/\/www.csj-emballages.com\/wp-content\/uploads\/2024\/03\/DISTRITO350D60.webp\",\"width\":800,\"height\":800,\"caption\":\"Distributeur papier toilette\"},{\"@type\":\"BreadcrumbList\",\"@id\":\"https:\/\/www.csj-emballages.com\/es\/produit\/dispensador-de-papel-higienico-para-ref-to350d60\/#breadcrumb\",\"itemListElement\":[{\"@type\":\"ListItem\",\"position\":1,\"name\":\"Accueil\",\"item\":\"https:\/\/www.csj-emballages.com\/es\/universo-del-envasado-alimentario\/\"},{\"@type\":\"ListItem\",\"position\":2,\"name\":\"Tienda\",\"item\":\"https:\/\/www.csj-emballages.com\/tienda\/\"},{\"@type\":\"ListItem\",\"position\":3,\"name\":\"Dispensador de papel higi\u00e9nico para ref \u00ab\u00a0TO350D60\"}]},{\"@type\":\"WebSite\",\"@id\":\"https:\/\/www.csj-emballages.com\/es\/#website\",\"url\":\"https:\/\/www.csj-emballages.com\/es\/\",\"name\":\"CSJ Emballages\",\"description\":\"\",\"publisher\":{\"@id\":\"https:\/\/www.csj-emballages.com\/es\/#organization\"},\"potentialAction\":[{\"@type\":\"SearchAction\",\"target\":{\"@type\":\"EntryPoint\",\"urlTemplate\":\"https:\/\/www.csj-emballages.com\/es\/?s={search_term_string}\"},\"query-input\":{\"@type\":\"PropertyValueSpecification\",\"valueRequired\":true,\"valueName\":\"search_term_string\"}}],\"inLanguage\":\"es\"},{\"@type\":\"Organization\",\"@id\":\"https:\/\/www.csj-emballages.com\/es\/#Organization\/\",\"name\":\"CSJ Emballages\",\"url\":\"https:\/\/www.csj-emballages.com\/es\/\",\"logo\":{\"@type\":\"ImageObject\",\"inLanguage\":\"es\",\"@id\":\"https:\/\/www.csj-emballages.com\/es\/#\/schema\/logo\/image\/\",\"url\":\"https:\/\/www.csj-emballages.com\/wp-content\/uploads\/2023\/10\/logo_csj.webp\",\"contentUrl\":\"https:\/\/www.csj-emballages.com\/wp-content\/uploads\/2023\/10\/logo_csj.webp\",\"width\":250,\"height\":95,\"caption\":\"CSJ Emballages\"},\"image\":{\"@id\":\"https:\/\/www.csj-emballages.com\/es\/#\/schema\/logo\/image\/\"},\"sameAs\":[\"https:\/\/www.facebook.com\/csjemballages\"],\"address\":{\"@type\":\"PostalAddress\",\"streetAddress\":\"ZI La Lechere\",\"addressLocality\":\"Patornay\",\"postalCode\":\"39130\",\"addressCountry\":\"FR\"},\"contactPoint\":[{\"@type\":\"ContactPoint\",\"contactType\":\"Service client\",\"telephone\":\"0384254272\",\"email\":\"contact@csj-emballages.com\"}]}]}<\/script>\n<!-- \/ Yoast SEO Premium plugin. -->","yoast_head_json":{"title":"Dispensador de papel higi\u00e9nico para ref \"TO350D60","description":"Descubra nuestro dispensador de papel higi\u00e9nico blanco. Uso manual. Compatible con toallas de mano TO350D60","robots":{"index":"index","follow":"follow","max-snippet":"max-snippet:-1","max-image-preview":"max-image-preview:large","max-video-preview":"max-video-preview:-1"},"canonical":"https:\/\/www.csj-emballages.com\/es\/produit\/dispensador-de-papel-higienico-para-ref-to350d60\/","og_locale":"es_ES","og_type":"article","og_title":"Dispensador de papel higi\u00e9nico para ref \"TO350D60","og_description":"Descubra nuestro dispensador de papel higi\u00e9nico blanco. Uso manual. Compatible con toallas de mano TO350D60","og_url":"https:\/\/www.csj-emballages.com\/es\/produit\/dispensador-de-papel-higienico-para-ref-to350d60\/","og_site_name":"CSJ Emballages","article_publisher":"https:\/\/www.facebook.com\/csjemballages","article_modified_time":"2026-03-31T00:13:49+00:00","og_image":[{"width":800,"height":800,"url":"https:\/\/www.csj-emballages.com\/wp-content\/uploads\/2024\/03\/DISTRITO350D60.webp","type":"image\/webp"}],"twitter_card":"summary_large_image","twitter_misc":{"Tiempo de lectura":"2 minutos"},"schema":{"@context":"https:\/\/schema.org","@graph":[{"@type":"WebPage","@id":"https:\/\/www.csj-emballages.com\/es\/produit\/dispensador-de-papel-higienico-para-ref-to350d60\/","url":"https:\/\/www.csj-emballages.com\/es\/produit\/dispensador-de-papel-higienico-para-ref-to350d60\/","name":"Dispensador de papel higi\u00e9nico para ref \"TO350D60","isPartOf":{"@id":"https:\/\/www.csj-emballages.com\/es\/#website"},"primaryImageOfPage":{"@id":"https:\/\/www.csj-emballages.com\/es\/produit\/dispensador-de-papel-higienico-para-ref-to350d60\/#primaryimage"},"image":{"@id":"https:\/\/www.csj-emballages.com\/es\/produit\/dispensador-de-papel-higienico-para-ref-to350d60\/#primaryimage"},"thumbnailUrl":"https:\/\/www.csj-emballages.com\/wp-content\/uploads\/2024\/03\/DISTRITO350D60.webp","datePublished":"2024-03-01T15:54:31+00:00","dateModified":"2026-03-31T00:13:49+00:00","description":"Descubra nuestro dispensador de papel higi\u00e9nico blanco. Uso manual. Compatible con toallas de mano TO350D60","breadcrumb":{"@id":"https:\/\/www.csj-emballages.com\/es\/produit\/dispensador-de-papel-higienico-para-ref-to350d60\/#breadcrumb"},"inLanguage":"es","potentialAction":[{"@type":"ReadAction","target":["https:\/\/www.csj-emballages.com\/es\/produit\/dispensador-de-papel-higienico-para-ref-to350d60\/"]}]},{"@type":"ImageObject","inLanguage":"es","@id":"https:\/\/www.csj-emballages.com\/es\/produit\/dispensador-de-papel-higienico-para-ref-to350d60\/#primaryimage","url":"https:\/\/www.csj-emballages.com\/wp-content\/uploads\/2024\/03\/DISTRITO350D60.webp","contentUrl":"https:\/\/www.csj-emballages.com\/wp-content\/uploads\/2024\/03\/DISTRITO350D60.webp","width":800,"height":800,"caption":"Distributeur papier toilette"},{"@type":"BreadcrumbList","@id":"https:\/\/www.csj-emballages.com\/es\/produit\/dispensador-de-papel-higienico-para-ref-to350d60\/#breadcrumb","itemListElement":[{"@type":"ListItem","position":1,"name":"Accueil","item":"https:\/\/www.csj-emballages.com\/es\/universo-del-envasado-alimentario\/"},{"@type":"ListItem","position":2,"name":"Tienda","item":"https:\/\/www.csj-emballages.com\/tienda\/"},{"@type":"ListItem","position":3,"name":"Dispensador de papel higi\u00e9nico para ref \u00ab\u00a0TO350D60"}]},{"@type":"WebSite","@id":"https:\/\/www.csj-emballages.com\/es\/#website","url":"https:\/\/www.csj-emballages.com\/es\/","name":"CSJ Emballages","description":"","publisher":{"@id":"https:\/\/www.csj-emballages.com\/es\/#organization"},"potentialAction":[{"@type":"SearchAction","target":{"@type":"EntryPoint","urlTemplate":"https:\/\/www.csj-emballages.com\/es\/?s={search_term_string}"},"query-input":{"@type":"PropertyValueSpecification","valueRequired":true,"valueName":"search_term_string"}}],"inLanguage":"es"},{"@type":"Organization","@id":"https:\/\/www.csj-emballages.com\/es\/#Organization\/","name":"CSJ Emballages","url":"https:\/\/www.csj-emballages.com\/es\/","logo":{"@type":"ImageObject","inLanguage":"es","@id":"https:\/\/www.csj-emballages.com\/es\/#\/schema\/logo\/image\/","url":"https:\/\/www.csj-emballages.com\/wp-content\/uploads\/2023\/10\/logo_csj.webp","contentUrl":"https:\/\/www.csj-emballages.com\/wp-content\/uploads\/2023\/10\/logo_csj.webp","width":250,"height":95,"caption":"CSJ Emballages"},"image":{"@id":"https:\/\/www.csj-emballages.com\/es\/#\/schema\/logo\/image\/"},"sameAs":["https:\/\/www.facebook.com\/csjemballages"],"address":{"@type":"PostalAddress","streetAddress":"ZI La Lechere","addressLocality":"Patornay","postalCode":"39130","addressCountry":"FR"},"contactPoint":[{"@type":"ContactPoint","contactType":"Service client","telephone":"0384254272","email":"contact@csj-emballages.com"}]}]}},"df_price":14.66,"df_sale_price":"","df_regular_price":14.66,"df_image_link":"https:\/\/www.csj-emballages.com\/wp-content\/uploads\/2024\/03\/DISTRITO350D60-300x300.webp","tiered_pricing_type":"fixed","tiered_pricing_fixed_rules":[],"tiered_pricing_percentage_rules":[],"tiered_pricing_minimum":1,"tiered_pricing_roles_data":[],"_links":{"self":[{"href":"https:\/\/www.csj-emballages.com\/es\/wp-json\/wp\/v2\/product\/20563","targetHints":{"allow":["GET"]}}],"collection":[{"href":"https:\/\/www.csj-emballages.com\/es\/wp-json\/wp\/v2\/product"}],"about":[{"href":"https:\/\/www.csj-emballages.com\/es\/wp-json\/wp\/v2\/types\/product"}],"wp:featuredmedia":[{"embeddable":true,"href":"https:\/\/www.csj-emballages.com\/es\/wp-json\/wp\/v2\/media\/221639"}],"wp:attachment":[{"href":"https:\/\/www.csj-emballages.com\/es\/wp-json\/wp\/v2\/media?parent=20563"}],"wp:term":[{"taxonomy":"product_brand","embeddable":true,"href":"https:\/\/www.csj-emballages.com\/es\/wp-json\/wp\/v2\/product_brand?post=20563"},{"taxonomy":"product_cat","embeddable":true,"href":"https:\/\/www.csj-emballages.com\/es\/wp-json\/wp\/v2\/product_cat?post=20563"},{"taxonomy":"product_tag","embeddable":true,"href":"https:\/\/www.csj-emballages.com\/es\/wp-json\/wp\/v2\/product_tag?post=20563"}],"curies":[{"name":"wp","href":"https:\/\/api.w.org\/{rel}","templated":true}]}}