{"id":20558,"date":"2024-03-01T16:54:32","date_gmt":"2024-03-01T15:54:32","guid":{"rendered":"https:\/\/u15jnbdpoq.preview.infomaniak.website\/produit\/dispensador-de-alimentacion-central-blanco-para-bobinas-de-200-formatos-ref-e811\/"},"modified":"2026-04-30T10:01:01","modified_gmt":"2026-04-30T08:01:01","slug":"dispensador-de-alimentacion-central-blanco-para-bobinas-de-200-formatos-ref-e811","status":"publish","type":"product","link":"https:\/\/www.csj-emballages.com\/es\/produit\/dispensador-de-alimentacion-central-blanco-para-bobinas-de-200-formatos-ref-e811\/","title":{"rendered":"Dispensador de toallas blanco de alimentaci\u00f3n central para bobinas de 200 hojas (ref."},"content":{"rendered":"<h2>Dispensador de toallas de mano<\/h2>\n<hr>\n<h3>Descripci\u00f3n de nuestro dispensador de toallitas de papel blanco de alimentaci\u00f3n central para bobinas de 200 hojas (ref E811)<!--more--><\/h3>\n<p data-start=\"243\" data-end=\"576\">Este <strong data-start=\"246\" data-end=\"296\">dispensador de toallas de papel de extracci\u00f3n central<\/strong> est\u00e1 pensado para que las tareas cotidianas sean m\u00e1s sencillas, limpias y eficaces. Con su dise\u00f1o blanco liso y discreto, encuentra f\u00e1cilmente su lugar en todos los entornos profesionales: <strong>cocinas, sanitarios, talleres, oficinas o zonas de paso frecuente<\/strong>. <\/p>\n<p data-start=\"578\" data-end=\"931\">Su verdadero punto fuerte es su <strong data-start=\"609\" data-end=\"640\">sistema de extracci\u00f3n central<\/strong>. Se <strong>tira de la hoja por el centro<\/strong>, sin tocar el resto del rollo. Resultado: un uso m\u00e1s higi\u00e9nico y, sobre todo, un consumo mejor controlado. Cada persona toma \u00fanicamente lo que necesita, lo que limita el desperdicio a la vez que mantiene el espacio limpio durante m\u00e1s tiempo.   <\/p>\n<p data-start=\"933\" data-end=\"1249\">El <strong>dispensador<\/strong> es compatible con <strong data-start=\"973\" data-end=\"999\">bobinas de 200 servicios<\/strong>, lo que permite reducir la frecuencia de recarga. Es una verdadera ventaja en lugares muy concurridos donde el tiempo es oro. Adem\u00e1s, la apertura es sencilla y r\u00e1pida, lo que facilita el mantenimiento diario, incluso en periodos de gran actividad.  <\/p>\n<p data-start=\"1251\" data-end=\"1521\">Dise\u00f1ado para durar, este <strong>dispensador<\/strong> ofrece una buena resistencia a los usos intensivos. Sigue siendo fiable d\u00eda tras d\u00eda y contribuye a mantener una imagen profesional y cuidada. Adem\u00e1s, su formato compacto permite instalarlo f\u00e1cilmente en la pared sin ocupar mucho espacio.  <\/p>\n<p data-start=\"1523\" data-end=\"1745\">En resumen, este <strong>dispensador de toallas de papel<\/strong> combina practicidad, higiene y sobriedad. Responde perfectamente a las necesidades de los profesionales que buscan una soluci\u00f3n eficaz, sencilla de usar y adaptada a un uso regular. <\/p>\n<p data-start=\"1523\" data-end=\"1745\">\n<p data-start=\"1523\" data-end=\"1745\"><!--more--><\/p>\n<div class=\"markdown prose w-full break-words dark:prose-invert dark\">\n<p><strong>Dispensador<\/strong> de toallas de <strong>mano, para utilizar con la referencia de producto <span style=\"color: #d12727;\"><a style=\"color: #d12727;\" href=\"https:\/\/www.csj-emballages.com\/es\/produit\/12-rollos-de-toallas-de-mano-de-guata-pura-gofradas-200-hojas-20-x-25-cm\/\">E811<\/a><\/span><\/strong><\/p>\n<p>*Este dispensador de toallas de mano se suministra con tornillos.<\/p>\n<\/div>\n<p><!--more--><\/p>\n<h4>Ventajas :<\/h4>\n<ul>\n<li data-start=\"1773\" data-end=\"1814\">Extracci\u00f3n central higi\u00e9nica y pr\u00e1ctica.<\/li>\n<li data-start=\"1817\" data-end=\"1848\">Compatible con bobinas de <strong>200 servicios<\/strong>.<\/li>\n<li data-start=\"1851\" data-end=\"1876\">Reducci\u00f3n del desperdicio.<\/li>\n<li data-start=\"1879\" data-end=\"1910\">Recarga sencilla y r\u00e1pida.<\/li>\n<li data-start=\"1913\" data-end=\"1946\"><strong>Dise\u00f1o discreto<\/strong> y profesional.<\/li>\n<li data-start=\"1949\" data-end=\"1982\">Adaptado a lugares de mucho tr\u00e1nsito.<\/li>\n<\/ul>\n<p>&nbsp;<\/p>\n<p><!--more--><\/p>\n<h4>Informaci\u00f3n adicional :<\/h4>\n<ul>\n<li><strong>Embalaje<\/strong>: Por unidad<\/li>\n<li><strong>Dimensiones<\/strong>: 17,5 x 14 x 24,5 (L x A x A en cm)<\/li>\n<li><strong>Material<\/strong>: Pl\u00e1stico<\/li>\n<li><strong>Color<\/strong>: blanco<\/li>\n<li><strong>Uso<\/strong>: Manual<\/li>\n<li><strong>Capacidad<\/strong>: bobina de 200 formatos (<span style=\"color: #d12727;\"><a style=\"color: #d12727;\" href=\"https:\/\/www.csj-emballages.com\/es\/produit\/12-rollos-de-toallas-de-mano-de-guata-pura-gofradas-200-hojas-20-x-25-cm\/\">E811<\/a><\/span>)<\/li>\n<\/ul>\n<p>&nbsp;<\/p>\n<p><!--more--><\/p>\n<p><a href=\"https:\/\/www.csj-emballages.com\/es\/categorie-produit\/higiene-y-mantenimiento\/distribuidores\/\">Ver el resto de nuestra gama de distribuidores<\/a><\/p>\n","protected":false},"excerpt":{"rendered":"<p>Dispensador de toallas de mano Descripci\u00f3n de nuestro dispensador de toallitas de papel blanco de alimentaci\u00f3n central para bobinas de 200 hojas (ref E811)<\/p>\n","protected":false},"featured_media":221607,"template":"","meta":{"_acf_changed":false},"product_brand":[],"product_cat":[1226,1398,1388,1438,1439],"product_tag":[],"class_list":{"0":"post-20558","1":"product","2":"type-product","3":"status-publish","4":"has-post-thumbnail","6":"product_cat-higiene-y-mantenimiento","7":"product_cat-distribuidores","8":"product_cat-limpiar","9":"product_cat-toallas-de-mano","10":"product_cat-limpiaparabrisas-manuales-de-rodillo","12":"first","13":"instock","14":"taxable","15":"shipping-taxable","16":"purchasable","17":"product-type-simple"},"acf":[],"yoast_head":"<!-- This site is optimized with the Yoast SEO Premium plugin v26.6 (Yoast SEO v26.6) - https:\/\/yoast.com\/wordpress\/plugins\/seo\/ -->\n<title>Dispensador central para bobinas E811<\/title>\n<meta name=\"description\" content=\"Descubra nuestro dispensador de toallas de mano blanco de alimentaci\u00f3n central. Uso manual. Compatible con las toallas de mano E811\" \/>\n<meta name=\"robots\" content=\"index, follow, max-snippet:-1, max-image-preview:large, max-video-preview:-1\" \/>\n<link rel=\"canonical\" href=\"https:\/\/www.csj-emballages.com\/es\/produit\/dispensador-de-alimentacion-central-blanco-para-bobinas-de-200-formatos-ref-e811\/\" \/>\n<meta property=\"og:locale\" content=\"es_ES\" \/>\n<meta property=\"og:type\" content=\"article\" \/>\n<meta property=\"og:title\" content=\"Dispensador de toallas blanco de alimentaci\u00f3n central para bobinas de 200 hojas (ref.\" \/>\n<meta property=\"og:description\" content=\"Descubra nuestro dispensador de toallas de mano blanco de alimentaci\u00f3n central. Uso manual. Compatible con las toallas de mano E811\" \/>\n<meta property=\"og:url\" content=\"https:\/\/www.csj-emballages.com\/es\/produit\/dispensador-de-alimentacion-central-blanco-para-bobinas-de-200-formatos-ref-e811\/\" \/>\n<meta property=\"og:site_name\" content=\"CSJ Emballages\" \/>\n<meta property=\"article:publisher\" content=\"https:\/\/www.facebook.com\/csjemballages\" \/>\n<meta property=\"article:modified_time\" content=\"2026-04-30T08:01:01+00:00\" \/>\n<meta property=\"og:image\" content=\"https:\/\/www.csj-emballages.com\/wp-content\/uploads\/2024\/03\/Evadis-distributeur.webp\" \/>\n\t<meta property=\"og:image:width\" content=\"800\" \/>\n\t<meta property=\"og:image:height\" content=\"799\" \/>\n\t<meta property=\"og:image:type\" content=\"image\/webp\" \/>\n<meta name=\"twitter:card\" content=\"summary_large_image\" \/>\n<meta name=\"twitter:label1\" content=\"Tiempo de lectura\" \/>\n\t<meta name=\"twitter:data1\" content=\"2 minutos\" \/>\n<script type=\"application\/ld+json\" class=\"yoast-schema-graph\">{\"@context\":\"https:\/\/schema.org\",\"@graph\":[{\"@type\":\"WebPage\",\"@id\":\"https:\/\/www.csj-emballages.com\/es\/produit\/dispensador-de-alimentacion-central-blanco-para-bobinas-de-200-formatos-ref-e811\/\",\"url\":\"https:\/\/www.csj-emballages.com\/es\/produit\/dispensador-de-alimentacion-central-blanco-para-bobinas-de-200-formatos-ref-e811\/\",\"name\":\"Dispensador central para bobinas E811\",\"isPartOf\":{\"@id\":\"https:\/\/www.csj-emballages.com\/es\/#website\"},\"primaryImageOfPage\":{\"@id\":\"https:\/\/www.csj-emballages.com\/es\/produit\/dispensador-de-alimentacion-central-blanco-para-bobinas-de-200-formatos-ref-e811\/#primaryimage\"},\"image\":{\"@id\":\"https:\/\/www.csj-emballages.com\/es\/produit\/dispensador-de-alimentacion-central-blanco-para-bobinas-de-200-formatos-ref-e811\/#primaryimage\"},\"thumbnailUrl\":\"https:\/\/www.csj-emballages.com\/wp-content\/uploads\/2024\/03\/Evadis-distributeur.webp\",\"datePublished\":\"2024-03-01T15:54:32+00:00\",\"dateModified\":\"2026-04-30T08:01:01+00:00\",\"description\":\"Descubra nuestro dispensador de toallas de mano blanco de alimentaci\u00f3n central. Uso manual. Compatible con las toallas de mano E811\",\"breadcrumb\":{\"@id\":\"https:\/\/www.csj-emballages.com\/es\/produit\/dispensador-de-alimentacion-central-blanco-para-bobinas-de-200-formatos-ref-e811\/#breadcrumb\"},\"inLanguage\":\"es\",\"potentialAction\":[{\"@type\":\"ReadAction\",\"target\":[\"https:\/\/www.csj-emballages.com\/es\/produit\/dispensador-de-alimentacion-central-blanco-para-bobinas-de-200-formatos-ref-e811\/\"]}]},{\"@type\":\"ImageObject\",\"inLanguage\":\"es\",\"@id\":\"https:\/\/www.csj-emballages.com\/es\/produit\/dispensador-de-alimentacion-central-blanco-para-bobinas-de-200-formatos-ref-e811\/#primaryimage\",\"url\":\"https:\/\/www.csj-emballages.com\/wp-content\/uploads\/2024\/03\/Evadis-distributeur.webp\",\"contentUrl\":\"https:\/\/www.csj-emballages.com\/wp-content\/uploads\/2024\/03\/Evadis-distributeur.webp\",\"width\":800,\"height\":799,\"caption\":\"Distributeur \u00e0 d\u00e9vidage central\"},{\"@type\":\"BreadcrumbList\",\"@id\":\"https:\/\/www.csj-emballages.com\/es\/produit\/dispensador-de-alimentacion-central-blanco-para-bobinas-de-200-formatos-ref-e811\/#breadcrumb\",\"itemListElement\":[{\"@type\":\"ListItem\",\"position\":1,\"name\":\"Accueil\",\"item\":\"https:\/\/www.csj-emballages.com\/es\/universo-del-envasado-alimentario\/\"},{\"@type\":\"ListItem\",\"position\":2,\"name\":\"Tienda\",\"item\":\"https:\/\/www.csj-emballages.com\/tienda\/\"},{\"@type\":\"ListItem\",\"position\":3,\"name\":\"Dispensador de toallas blanco de alimentaci\u00f3n central para bobinas de 200 hojas (ref.\"}]},{\"@type\":\"WebSite\",\"@id\":\"https:\/\/www.csj-emballages.com\/es\/#website\",\"url\":\"https:\/\/www.csj-emballages.com\/es\/\",\"name\":\"CSJ Emballages\",\"description\":\"\",\"publisher\":{\"@id\":\"https:\/\/www.csj-emballages.com\/es\/#organization\"},\"potentialAction\":[{\"@type\":\"SearchAction\",\"target\":{\"@type\":\"EntryPoint\",\"urlTemplate\":\"https:\/\/www.csj-emballages.com\/es\/?s={search_term_string}\"},\"query-input\":{\"@type\":\"PropertyValueSpecification\",\"valueRequired\":true,\"valueName\":\"search_term_string\"}}],\"inLanguage\":\"es\"},{\"@type\":\"Organization\",\"@id\":\"https:\/\/www.csj-emballages.com\/es\/#Organization\/\",\"name\":\"CSJ Emballages\",\"url\":\"https:\/\/www.csj-emballages.com\/es\/\",\"logo\":{\"@type\":\"ImageObject\",\"inLanguage\":\"es\",\"@id\":\"https:\/\/www.csj-emballages.com\/es\/#\/schema\/logo\/image\/\",\"url\":\"https:\/\/www.csj-emballages.com\/wp-content\/uploads\/2023\/10\/logo_csj.webp\",\"contentUrl\":\"https:\/\/www.csj-emballages.com\/wp-content\/uploads\/2023\/10\/logo_csj.webp\",\"width\":250,\"height\":95,\"caption\":\"CSJ Emballages\"},\"image\":{\"@id\":\"https:\/\/www.csj-emballages.com\/es\/#\/schema\/logo\/image\/\"},\"sameAs\":[\"https:\/\/www.facebook.com\/csjemballages\"],\"address\":{\"@type\":\"PostalAddress\",\"streetAddress\":\"ZI La Lechere\",\"addressLocality\":\"Patornay\",\"postalCode\":\"39130\",\"addressCountry\":\"FR\"},\"contactPoint\":[{\"@type\":\"ContactPoint\",\"contactType\":\"Service client\",\"telephone\":\"0384254272\",\"email\":\"contact@csj-emballages.com\"}]}]}<\/script>\n<!-- \/ Yoast SEO Premium plugin. -->","yoast_head_json":{"title":"Dispensador central para bobinas E811","description":"Descubra nuestro dispensador de toallas de mano blanco de alimentaci\u00f3n central. Uso manual. Compatible con las toallas de mano E811","robots":{"index":"index","follow":"follow","max-snippet":"max-snippet:-1","max-image-preview":"max-image-preview:large","max-video-preview":"max-video-preview:-1"},"canonical":"https:\/\/www.csj-emballages.com\/es\/produit\/dispensador-de-alimentacion-central-blanco-para-bobinas-de-200-formatos-ref-e811\/","og_locale":"es_ES","og_type":"article","og_title":"Dispensador de toallas blanco de alimentaci\u00f3n central para bobinas de 200 hojas (ref.","og_description":"Descubra nuestro dispensador de toallas de mano blanco de alimentaci\u00f3n central. Uso manual. Compatible con las toallas de mano E811","og_url":"https:\/\/www.csj-emballages.com\/es\/produit\/dispensador-de-alimentacion-central-blanco-para-bobinas-de-200-formatos-ref-e811\/","og_site_name":"CSJ Emballages","article_publisher":"https:\/\/www.facebook.com\/csjemballages","article_modified_time":"2026-04-30T08:01:01+00:00","og_image":[{"width":800,"height":799,"url":"https:\/\/www.csj-emballages.com\/wp-content\/uploads\/2024\/03\/Evadis-distributeur.webp","type":"image\/webp"}],"twitter_card":"summary_large_image","twitter_misc":{"Tiempo de lectura":"2 minutos"},"schema":{"@context":"https:\/\/schema.org","@graph":[{"@type":"WebPage","@id":"https:\/\/www.csj-emballages.com\/es\/produit\/dispensador-de-alimentacion-central-blanco-para-bobinas-de-200-formatos-ref-e811\/","url":"https:\/\/www.csj-emballages.com\/es\/produit\/dispensador-de-alimentacion-central-blanco-para-bobinas-de-200-formatos-ref-e811\/","name":"Dispensador central para bobinas E811","isPartOf":{"@id":"https:\/\/www.csj-emballages.com\/es\/#website"},"primaryImageOfPage":{"@id":"https:\/\/www.csj-emballages.com\/es\/produit\/dispensador-de-alimentacion-central-blanco-para-bobinas-de-200-formatos-ref-e811\/#primaryimage"},"image":{"@id":"https:\/\/www.csj-emballages.com\/es\/produit\/dispensador-de-alimentacion-central-blanco-para-bobinas-de-200-formatos-ref-e811\/#primaryimage"},"thumbnailUrl":"https:\/\/www.csj-emballages.com\/wp-content\/uploads\/2024\/03\/Evadis-distributeur.webp","datePublished":"2024-03-01T15:54:32+00:00","dateModified":"2026-04-30T08:01:01+00:00","description":"Descubra nuestro dispensador de toallas de mano blanco de alimentaci\u00f3n central. Uso manual. Compatible con las toallas de mano E811","breadcrumb":{"@id":"https:\/\/www.csj-emballages.com\/es\/produit\/dispensador-de-alimentacion-central-blanco-para-bobinas-de-200-formatos-ref-e811\/#breadcrumb"},"inLanguage":"es","potentialAction":[{"@type":"ReadAction","target":["https:\/\/www.csj-emballages.com\/es\/produit\/dispensador-de-alimentacion-central-blanco-para-bobinas-de-200-formatos-ref-e811\/"]}]},{"@type":"ImageObject","inLanguage":"es","@id":"https:\/\/www.csj-emballages.com\/es\/produit\/dispensador-de-alimentacion-central-blanco-para-bobinas-de-200-formatos-ref-e811\/#primaryimage","url":"https:\/\/www.csj-emballages.com\/wp-content\/uploads\/2024\/03\/Evadis-distributeur.webp","contentUrl":"https:\/\/www.csj-emballages.com\/wp-content\/uploads\/2024\/03\/Evadis-distributeur.webp","width":800,"height":799,"caption":"Distributeur \u00e0 d\u00e9vidage central"},{"@type":"BreadcrumbList","@id":"https:\/\/www.csj-emballages.com\/es\/produit\/dispensador-de-alimentacion-central-blanco-para-bobinas-de-200-formatos-ref-e811\/#breadcrumb","itemListElement":[{"@type":"ListItem","position":1,"name":"Accueil","item":"https:\/\/www.csj-emballages.com\/es\/universo-del-envasado-alimentario\/"},{"@type":"ListItem","position":2,"name":"Tienda","item":"https:\/\/www.csj-emballages.com\/tienda\/"},{"@type":"ListItem","position":3,"name":"Dispensador de toallas blanco de alimentaci\u00f3n central para bobinas de 200 hojas (ref."}]},{"@type":"WebSite","@id":"https:\/\/www.csj-emballages.com\/es\/#website","url":"https:\/\/www.csj-emballages.com\/es\/","name":"CSJ Emballages","description":"","publisher":{"@id":"https:\/\/www.csj-emballages.com\/es\/#organization"},"potentialAction":[{"@type":"SearchAction","target":{"@type":"EntryPoint","urlTemplate":"https:\/\/www.csj-emballages.com\/es\/?s={search_term_string}"},"query-input":{"@type":"PropertyValueSpecification","valueRequired":true,"valueName":"search_term_string"}}],"inLanguage":"es"},{"@type":"Organization","@id":"https:\/\/www.csj-emballages.com\/es\/#Organization\/","name":"CSJ Emballages","url":"https:\/\/www.csj-emballages.com\/es\/","logo":{"@type":"ImageObject","inLanguage":"es","@id":"https:\/\/www.csj-emballages.com\/es\/#\/schema\/logo\/image\/","url":"https:\/\/www.csj-emballages.com\/wp-content\/uploads\/2023\/10\/logo_csj.webp","contentUrl":"https:\/\/www.csj-emballages.com\/wp-content\/uploads\/2023\/10\/logo_csj.webp","width":250,"height":95,"caption":"CSJ Emballages"},"image":{"@id":"https:\/\/www.csj-emballages.com\/es\/#\/schema\/logo\/image\/"},"sameAs":["https:\/\/www.facebook.com\/csjemballages"],"address":{"@type":"PostalAddress","streetAddress":"ZI La Lechere","addressLocality":"Patornay","postalCode":"39130","addressCountry":"FR"},"contactPoint":[{"@type":"ContactPoint","contactType":"Service client","telephone":"0384254272","email":"contact@csj-emballages.com"}]}]}},"df_price":8.71,"df_sale_price":"","df_regular_price":8.71,"df_image_link":"https:\/\/www.csj-emballages.com\/wp-content\/uploads\/2024\/03\/Evadis-distributeur-300x300.webp","tiered_pricing_type":"fixed","tiered_pricing_fixed_rules":[],"tiered_pricing_percentage_rules":[],"tiered_pricing_minimum":1,"tiered_pricing_roles_data":[],"_links":{"self":[{"href":"https:\/\/www.csj-emballages.com\/es\/wp-json\/wp\/v2\/product\/20558","targetHints":{"allow":["GET"]}}],"collection":[{"href":"https:\/\/www.csj-emballages.com\/es\/wp-json\/wp\/v2\/product"}],"about":[{"href":"https:\/\/www.csj-emballages.com\/es\/wp-json\/wp\/v2\/types\/product"}],"wp:featuredmedia":[{"embeddable":true,"href":"https:\/\/www.csj-emballages.com\/es\/wp-json\/wp\/v2\/media\/221607"}],"wp:attachment":[{"href":"https:\/\/www.csj-emballages.com\/es\/wp-json\/wp\/v2\/media?parent=20558"}],"wp:term":[{"taxonomy":"product_brand","embeddable":true,"href":"https:\/\/www.csj-emballages.com\/es\/wp-json\/wp\/v2\/product_brand?post=20558"},{"taxonomy":"product_cat","embeddable":true,"href":"https:\/\/www.csj-emballages.com\/es\/wp-json\/wp\/v2\/product_cat?post=20558"},{"taxonomy":"product_tag","embeddable":true,"href":"https:\/\/www.csj-emballages.com\/es\/wp-json\/wp\/v2\/product_tag?post=20558"}],"curies":[{"name":"wp","href":"https:\/\/api.w.org\/{rel}","templated":true}]}}