{"id":20557,"date":"2024-03-01T16:54:34","date_gmt":"2024-03-01T15:54:34","guid":{"rendered":"https:\/\/u15jnbdpoq.preview.infomaniak.website\/produit\/50-tarros-de-postre-de-plastico-translucido-y-tapas-de-200-ml\/"},"modified":"2026-04-16T02:13:02","modified_gmt":"2026-04-16T00:13:02","slug":"50-tarros-de-postre-de-plastico-translucido-y-tapas-de-200-ml","status":"publish","type":"product","link":"https:\/\/www.csj-emballages.com\/es\/produit\/50-tarros-de-postre-de-plastico-translucido-y-tapas-de-200-ml\/","title":{"rendered":"Vaso de postre con tapa de pl\u00e1stico 200 ml por 50"},"content":{"rendered":"<h2>Taza de postre<\/h2>\n<hr>\n<h3>Descripci\u00f3n de nuestro vaso de postre con tapa de pl\u00e1stico 200 ml por 50<\/h3>\n<p><!--more--><\/p>\n<p data-start=\"254\" data-end=\"633\">La <strong>tarrina para postres con tapa de pl\u00e1stico de 200 ml<\/strong> es una soluci\u00f3n pr\u00e1ctica y est\u00e9tica para la presentaci\u00f3n, la conservaci\u00f3n y la venta de <strong>postres individuales<\/strong>. De hecho, es ideal para los profesionales de la <strong>restauraci\u00f3n, pasteleros, empresas de catering, helader\u00edas o ventas para llevar<\/strong>, ya que permite realzar las preparaciones al tiempo que garantiza una manipulaci\u00f3n sencilla e higi\u00e9nica. <\/p>\n<p data-start=\"635\" data-end=\"1001\">Fabricada en <strong>pl\u00e1stico transparente<\/strong> de calidad alimentaria, esta <strong>tarrina<\/strong> ofrece una excelente visibilidad del contenido. Realza a la perfecci\u00f3n los <strong>postres de varias capas, mousses, tiramis\u00fas, ensaladas de frutas, cremas o preparaciones dulces y saladas<\/strong>. Gracias a su capacidad de <strong>200 ml<\/strong>, es ideal para porciones generosas a la vez que se adapta a la venta individual.  <\/p>\n<p data-start=\"1003\" data-end=\"1350\">Adem\u00e1s, la <strong>tapa transparente<\/strong> incluida garantiza un cierre seguro, lo que facilita el transporte y la conservaci\u00f3n de los postres. Protege eficazmente el contenido contra las contaminaciones externas al tiempo que limita el riesgo de derrames. Del mismo modo, esta tarrina es especialmente adecuada para la venta <strong>para llevar, los expositores refrigerados y los eventos<\/strong>.  <\/p>\n<p data-start=\"1352\" data-end=\"1753\">En resumen, su <strong>forma ergon\u00f3mica<\/strong> permite un agarre c\u00f3modo para el consumidor y una colocaci\u00f3n f\u00e1cil para el profesional. Ligera, apilable y pr\u00e1ctica, optimiza el almacenamiento y el ahorro de espacio en la reserva. Acondicionada en lotes de <strong>50 unidades<\/strong>, la <strong>tarrina para postres de 200 ml<\/strong> se adapta perfectamente a las necesidades de las peque\u00f1as y medianas estructuras, as\u00ed como a los usos puntuales o regulares.  <\/p>\n<p data-start=\"1352\" data-end=\"1753\">\n<p data-start=\"1352\" data-end=\"1753\"><!--more--><\/p>\n<p data-start=\"1352\" data-end=\"1753\"><strong>Ventajas<\/strong>:<\/p>\n<ul>\n<li data-start=\"1791\" data-end=\"1843\">Capacidad de <strong>200 ml<\/strong> ideal para postres individuales.<\/li>\n<li data-start=\"1846\" data-end=\"1897\">Pl\u00e1stico transparente apto para el contacto alimentario.<\/li>\n<li data-start=\"1900\" data-end=\"1942\"><strong>Realce visual<\/strong> de las preparaciones.<\/li>\n<li data-start=\"1945\" data-end=\"1990\"><strong>Tapa incluida<\/strong> para un transporte seguro.<\/li>\n<li data-start=\"1993\" data-end=\"2027\">Protecci\u00f3n higi\u00e9nica del contenido.<\/li>\n<li data-start=\"2030\" data-end=\"2069\">Ligera, apilable y f\u00e1cil de almacenar.<\/li>\n<li data-start=\"2072\" data-end=\"2119\">Adaptada a la venta para llevar y a los expositores.<\/li>\n<li data-start=\"2122\" data-end=\"2162\">Acondicionamiento pr\u00e1ctico por <strong>50 unidades<\/strong>.<\/li>\n<\/ul>\n<p data-start=\"1352\" data-end=\"1753\">\n<p><!--more--><\/p>\n<h4>Informaci\u00f3n adicional :<\/h4>\n<ul>\n<li><strong>Dimensiones<\/strong>: 81 x 93 (\u00d8 x A en mm).<\/li>\n<li><strong>Envases<\/strong>: Paquetes de 50<\/li>\n<li><strong>Volumen<\/strong>: 200 ml<\/li>\n<li><strong>Material<\/strong>: PET<\/li>\n<li><strong>Temperatura de funcionamiento<\/strong>: -40\u00b0C \/ +60\u00b0C<\/li>\n<\/ul>\n<p>&nbsp;<\/p>\n<p><!--more--><\/p>\n<p>Producto disponible en tama\u00f1o m\u00e1s grande <span style=\"color: #d12727;\"><a style=\"color: #d12727;\" href=\"https:\/\/www.csj-emballages.com\/produit\/50-pots-a-dessert-plastiques-300-ml-o95-mm\/\">DELICOV270C<\/a><\/span><\/p>\n<p>&nbsp;<\/p>\n<p><!--more--><\/p>\n<p><a href=\"https:\/\/www.csj-emballages.com\/es\/categorie-produit\/envasado-de-alimentos\/carniceria-y-charcuteria\/tazas-tarros-vasos\/tazas-de-postre\/\">Descubre el resto de nuestra gama de cuencos de postre<\/a><\/p>\n","protected":false},"excerpt":{"rendered":"<p>Taza de postre Descripci\u00f3n de nuestro vaso de postre con tapa de pl\u00e1stico 200 ml por 50<\/p>\n","protected":false},"featured_media":263768,"template":"","meta":{"_acf_changed":false},"product_brand":[],"product_cat":[1150,1143,1324,1458],"product_tag":[],"class_list":{"0":"post-20557","1":"product","2":"type-product","3":"status-publish","4":"has-post-thumbnail","6":"product_cat-envasado-de-alimentos","7":"product_cat-carniceria-y-charcuteria","8":"product_cat-tazas-tarros-vasos","9":"product_cat-tazas-de-postre","11":"first","12":"outofstock","13":"taxable","14":"shipping-taxable","15":"purchasable","16":"product-type-simple"},"acf":[],"yoast_head":"<!-- This site is optimized with the Yoast SEO Premium plugin v26.6 (Yoast SEO v26.6) - https:\/\/yoast.com\/wordpress\/plugins\/seo\/ -->\n<title>Vaso de Postre con Tapa de Pl\u00e1stico - 200 ml<\/title>\n<meta name=\"description\" content=\"Tarrina para postres de 200 ml con tapa de pl\u00e1stico, ideal para presentar y transportar sus postres de forma segura. Pr\u00e1ctica, elegante y herm\u00e9tica.\" \/>\n<meta name=\"robots\" content=\"index, follow, max-snippet:-1, max-image-preview:large, max-video-preview:-1\" \/>\n<link rel=\"canonical\" href=\"https:\/\/www.csj-emballages.com\/es\/produit\/50-tarros-de-postre-de-plastico-translucido-y-tapas-de-200-ml\/\" \/>\n<meta property=\"og:locale\" content=\"es_ES\" \/>\n<meta property=\"og:type\" content=\"article\" \/>\n<meta property=\"og:title\" content=\"Vaso de postre con tapa de pl\u00e1stico 200 ml por 50\" \/>\n<meta property=\"og:description\" content=\"Tarrina para postres de 200 ml con tapa de pl\u00e1stico, ideal para presentar y transportar sus postres de forma segura. Pr\u00e1ctica, elegante y herm\u00e9tica.\" \/>\n<meta property=\"og:url\" content=\"https:\/\/www.csj-emballages.com\/es\/produit\/50-tarros-de-postre-de-plastico-translucido-y-tapas-de-200-ml\/\" \/>\n<meta property=\"og:site_name\" content=\"CSJ Emballages\" \/>\n<meta property=\"article:publisher\" content=\"https:\/\/www.facebook.com\/csjemballages\" \/>\n<meta property=\"article:modified_time\" content=\"2026-04-16T00:13:02+00:00\" \/>\n<meta property=\"og:image\" content=\"https:\/\/www.csj-emballages.com\/wp-content\/uploads\/2024\/03\/DELICOV200C.webp\" \/>\n\t<meta property=\"og:image:width\" content=\"800\" \/>\n\t<meta property=\"og:image:height\" content=\"800\" \/>\n\t<meta property=\"og:image:type\" content=\"image\/webp\" \/>\n<meta name=\"twitter:card\" content=\"summary_large_image\" \/>\n<meta name=\"twitter:label1\" content=\"Tiempo de lectura\" \/>\n\t<meta name=\"twitter:data1\" content=\"2 minutos\" \/>\n<script type=\"application\/ld+json\" class=\"yoast-schema-graph\">{\"@context\":\"https:\/\/schema.org\",\"@graph\":[{\"@type\":\"WebPage\",\"@id\":\"https:\/\/www.csj-emballages.com\/es\/produit\/50-tarros-de-postre-de-plastico-translucido-y-tapas-de-200-ml\/\",\"url\":\"https:\/\/www.csj-emballages.com\/es\/produit\/50-tarros-de-postre-de-plastico-translucido-y-tapas-de-200-ml\/\",\"name\":\"Vaso de Postre con Tapa de Pl\u00e1stico - 200 ml\",\"isPartOf\":{\"@id\":\"https:\/\/www.csj-emballages.com\/es\/#website\"},\"primaryImageOfPage\":{\"@id\":\"https:\/\/www.csj-emballages.com\/es\/produit\/50-tarros-de-postre-de-plastico-translucido-y-tapas-de-200-ml\/#primaryimage\"},\"image\":{\"@id\":\"https:\/\/www.csj-emballages.com\/es\/produit\/50-tarros-de-postre-de-plastico-translucido-y-tapas-de-200-ml\/#primaryimage\"},\"thumbnailUrl\":\"https:\/\/www.csj-emballages.com\/wp-content\/uploads\/2024\/03\/DELICOV200C.webp\",\"datePublished\":\"2024-03-01T15:54:34+00:00\",\"dateModified\":\"2026-04-16T00:13:02+00:00\",\"description\":\"Tarrina para postres de 200 ml con tapa de pl\u00e1stico, ideal para presentar y transportar sus postres de forma segura. Pr\u00e1ctica, elegante y herm\u00e9tica.\",\"breadcrumb\":{\"@id\":\"https:\/\/www.csj-emballages.com\/es\/produit\/50-tarros-de-postre-de-plastico-translucido-y-tapas-de-200-ml\/#breadcrumb\"},\"inLanguage\":\"es\",\"potentialAction\":[{\"@type\":\"ReadAction\",\"target\":[\"https:\/\/www.csj-emballages.com\/es\/produit\/50-tarros-de-postre-de-plastico-translucido-y-tapas-de-200-ml\/\"]}]},{\"@type\":\"ImageObject\",\"inLanguage\":\"es\",\"@id\":\"https:\/\/www.csj-emballages.com\/es\/produit\/50-tarros-de-postre-de-plastico-translucido-y-tapas-de-200-ml\/#primaryimage\",\"url\":\"https:\/\/www.csj-emballages.com\/wp-content\/uploads\/2024\/03\/DELICOV200C.webp\",\"contentUrl\":\"https:\/\/www.csj-emballages.com\/wp-content\/uploads\/2024\/03\/DELICOV200C.webp\",\"width\":800,\"height\":800,\"caption\":\"Coupe \u00e0 dessert\"},{\"@type\":\"BreadcrumbList\",\"@id\":\"https:\/\/www.csj-emballages.com\/es\/produit\/50-tarros-de-postre-de-plastico-translucido-y-tapas-de-200-ml\/#breadcrumb\",\"itemListElement\":[{\"@type\":\"ListItem\",\"position\":1,\"name\":\"Accueil\",\"item\":\"https:\/\/www.csj-emballages.com\/es\/universo-del-envasado-alimentario\/\"},{\"@type\":\"ListItem\",\"position\":2,\"name\":\"Tienda\",\"item\":\"https:\/\/www.csj-emballages.com\/tienda\/\"},{\"@type\":\"ListItem\",\"position\":3,\"name\":\"Vaso de postre con tapa de pl\u00e1stico 200 ml por 50\"}]},{\"@type\":\"WebSite\",\"@id\":\"https:\/\/www.csj-emballages.com\/es\/#website\",\"url\":\"https:\/\/www.csj-emballages.com\/es\/\",\"name\":\"CSJ Emballages\",\"description\":\"\",\"publisher\":{\"@id\":\"https:\/\/www.csj-emballages.com\/es\/#organization\"},\"potentialAction\":[{\"@type\":\"SearchAction\",\"target\":{\"@type\":\"EntryPoint\",\"urlTemplate\":\"https:\/\/www.csj-emballages.com\/es\/?s={search_term_string}\"},\"query-input\":{\"@type\":\"PropertyValueSpecification\",\"valueRequired\":true,\"valueName\":\"search_term_string\"}}],\"inLanguage\":\"es\"},{\"@type\":\"Organization\",\"@id\":\"https:\/\/www.csj-emballages.com\/es\/#Organization\/\",\"name\":\"CSJ Emballages\",\"url\":\"https:\/\/www.csj-emballages.com\/es\/\",\"logo\":{\"@type\":\"ImageObject\",\"inLanguage\":\"es\",\"@id\":\"https:\/\/www.csj-emballages.com\/es\/#\/schema\/logo\/image\/\",\"url\":\"https:\/\/www.csj-emballages.com\/wp-content\/uploads\/2023\/10\/logo_csj.webp\",\"contentUrl\":\"https:\/\/www.csj-emballages.com\/wp-content\/uploads\/2023\/10\/logo_csj.webp\",\"width\":250,\"height\":95,\"caption\":\"CSJ Emballages\"},\"image\":{\"@id\":\"https:\/\/www.csj-emballages.com\/es\/#\/schema\/logo\/image\/\"},\"sameAs\":[\"https:\/\/www.facebook.com\/csjemballages\"],\"address\":{\"@type\":\"PostalAddress\",\"streetAddress\":\"ZI La Lechere\",\"addressLocality\":\"Patornay\",\"postalCode\":\"39130\",\"addressCountry\":\"FR\"},\"contactPoint\":[{\"@type\":\"ContactPoint\",\"contactType\":\"Service client\",\"telephone\":\"0384254272\",\"email\":\"contact@csj-emballages.com\"}]}]}<\/script>\n<!-- \/ Yoast SEO Premium plugin. -->","yoast_head_json":{"title":"Vaso de Postre con Tapa de Pl\u00e1stico - 200 ml","description":"Tarrina para postres de 200 ml con tapa de pl\u00e1stico, ideal para presentar y transportar sus postres de forma segura. Pr\u00e1ctica, elegante y herm\u00e9tica.","robots":{"index":"index","follow":"follow","max-snippet":"max-snippet:-1","max-image-preview":"max-image-preview:large","max-video-preview":"max-video-preview:-1"},"canonical":"https:\/\/www.csj-emballages.com\/es\/produit\/50-tarros-de-postre-de-plastico-translucido-y-tapas-de-200-ml\/","og_locale":"es_ES","og_type":"article","og_title":"Vaso de postre con tapa de pl\u00e1stico 200 ml por 50","og_description":"Tarrina para postres de 200 ml con tapa de pl\u00e1stico, ideal para presentar y transportar sus postres de forma segura. Pr\u00e1ctica, elegante y herm\u00e9tica.","og_url":"https:\/\/www.csj-emballages.com\/es\/produit\/50-tarros-de-postre-de-plastico-translucido-y-tapas-de-200-ml\/","og_site_name":"CSJ Emballages","article_publisher":"https:\/\/www.facebook.com\/csjemballages","article_modified_time":"2026-04-16T00:13:02+00:00","og_image":[{"width":800,"height":800,"url":"https:\/\/www.csj-emballages.com\/wp-content\/uploads\/2024\/03\/DELICOV200C.webp","type":"image\/webp"}],"twitter_card":"summary_large_image","twitter_misc":{"Tiempo de lectura":"2 minutos"},"schema":{"@context":"https:\/\/schema.org","@graph":[{"@type":"WebPage","@id":"https:\/\/www.csj-emballages.com\/es\/produit\/50-tarros-de-postre-de-plastico-translucido-y-tapas-de-200-ml\/","url":"https:\/\/www.csj-emballages.com\/es\/produit\/50-tarros-de-postre-de-plastico-translucido-y-tapas-de-200-ml\/","name":"Vaso de Postre con Tapa de Pl\u00e1stico - 200 ml","isPartOf":{"@id":"https:\/\/www.csj-emballages.com\/es\/#website"},"primaryImageOfPage":{"@id":"https:\/\/www.csj-emballages.com\/es\/produit\/50-tarros-de-postre-de-plastico-translucido-y-tapas-de-200-ml\/#primaryimage"},"image":{"@id":"https:\/\/www.csj-emballages.com\/es\/produit\/50-tarros-de-postre-de-plastico-translucido-y-tapas-de-200-ml\/#primaryimage"},"thumbnailUrl":"https:\/\/www.csj-emballages.com\/wp-content\/uploads\/2024\/03\/DELICOV200C.webp","datePublished":"2024-03-01T15:54:34+00:00","dateModified":"2026-04-16T00:13:02+00:00","description":"Tarrina para postres de 200 ml con tapa de pl\u00e1stico, ideal para presentar y transportar sus postres de forma segura. Pr\u00e1ctica, elegante y herm\u00e9tica.","breadcrumb":{"@id":"https:\/\/www.csj-emballages.com\/es\/produit\/50-tarros-de-postre-de-plastico-translucido-y-tapas-de-200-ml\/#breadcrumb"},"inLanguage":"es","potentialAction":[{"@type":"ReadAction","target":["https:\/\/www.csj-emballages.com\/es\/produit\/50-tarros-de-postre-de-plastico-translucido-y-tapas-de-200-ml\/"]}]},{"@type":"ImageObject","inLanguage":"es","@id":"https:\/\/www.csj-emballages.com\/es\/produit\/50-tarros-de-postre-de-plastico-translucido-y-tapas-de-200-ml\/#primaryimage","url":"https:\/\/www.csj-emballages.com\/wp-content\/uploads\/2024\/03\/DELICOV200C.webp","contentUrl":"https:\/\/www.csj-emballages.com\/wp-content\/uploads\/2024\/03\/DELICOV200C.webp","width":800,"height":800,"caption":"Coupe \u00e0 dessert"},{"@type":"BreadcrumbList","@id":"https:\/\/www.csj-emballages.com\/es\/produit\/50-tarros-de-postre-de-plastico-translucido-y-tapas-de-200-ml\/#breadcrumb","itemListElement":[{"@type":"ListItem","position":1,"name":"Accueil","item":"https:\/\/www.csj-emballages.com\/es\/universo-del-envasado-alimentario\/"},{"@type":"ListItem","position":2,"name":"Tienda","item":"https:\/\/www.csj-emballages.com\/tienda\/"},{"@type":"ListItem","position":3,"name":"Vaso de postre con tapa de pl\u00e1stico 200 ml por 50"}]},{"@type":"WebSite","@id":"https:\/\/www.csj-emballages.com\/es\/#website","url":"https:\/\/www.csj-emballages.com\/es\/","name":"CSJ Emballages","description":"","publisher":{"@id":"https:\/\/www.csj-emballages.com\/es\/#organization"},"potentialAction":[{"@type":"SearchAction","target":{"@type":"EntryPoint","urlTemplate":"https:\/\/www.csj-emballages.com\/es\/?s={search_term_string}"},"query-input":{"@type":"PropertyValueSpecification","valueRequired":true,"valueName":"search_term_string"}}],"inLanguage":"es"},{"@type":"Organization","@id":"https:\/\/www.csj-emballages.com\/es\/#Organization\/","name":"CSJ Emballages","url":"https:\/\/www.csj-emballages.com\/es\/","logo":{"@type":"ImageObject","inLanguage":"es","@id":"https:\/\/www.csj-emballages.com\/es\/#\/schema\/logo\/image\/","url":"https:\/\/www.csj-emballages.com\/wp-content\/uploads\/2023\/10\/logo_csj.webp","contentUrl":"https:\/\/www.csj-emballages.com\/wp-content\/uploads\/2023\/10\/logo_csj.webp","width":250,"height":95,"caption":"CSJ Emballages"},"image":{"@id":"https:\/\/www.csj-emballages.com\/es\/#\/schema\/logo\/image\/"},"sameAs":["https:\/\/www.facebook.com\/csjemballages"],"address":{"@type":"PostalAddress","streetAddress":"ZI La Lechere","addressLocality":"Patornay","postalCode":"39130","addressCountry":"FR"},"contactPoint":[{"@type":"ContactPoint","contactType":"Service client","telephone":"0384254272","email":"contact@csj-emballages.com"}]}]}},"df_price":6.46,"df_sale_price":"","df_regular_price":6.46,"df_image_link":"https:\/\/www.csj-emballages.com\/wp-content\/uploads\/2024\/03\/DELICOV200C-300x300.webp","tiered_pricing_type":"fixed","tiered_pricing_fixed_rules":[],"tiered_pricing_percentage_rules":[],"tiered_pricing_minimum":1,"tiered_pricing_roles_data":[],"_links":{"self":[{"href":"https:\/\/www.csj-emballages.com\/es\/wp-json\/wp\/v2\/product\/20557","targetHints":{"allow":["GET"]}}],"collection":[{"href":"https:\/\/www.csj-emballages.com\/es\/wp-json\/wp\/v2\/product"}],"about":[{"href":"https:\/\/www.csj-emballages.com\/es\/wp-json\/wp\/v2\/types\/product"}],"wp:featuredmedia":[{"embeddable":true,"href":"https:\/\/www.csj-emballages.com\/es\/wp-json\/wp\/v2\/media\/263768"}],"wp:attachment":[{"href":"https:\/\/www.csj-emballages.com\/es\/wp-json\/wp\/v2\/media?parent=20557"}],"wp:term":[{"taxonomy":"product_brand","embeddable":true,"href":"https:\/\/www.csj-emballages.com\/es\/wp-json\/wp\/v2\/product_brand?post=20557"},{"taxonomy":"product_cat","embeddable":true,"href":"https:\/\/www.csj-emballages.com\/es\/wp-json\/wp\/v2\/product_cat?post=20557"},{"taxonomy":"product_tag","embeddable":true,"href":"https:\/\/www.csj-emballages.com\/es\/wp-json\/wp\/v2\/product_tag?post=20557"}],"curies":[{"name":"wp","href":"https:\/\/api.w.org\/{rel}","templated":true}]}}