{"id":20554,"date":"2024-03-01T16:54:32","date_gmt":"2024-03-01T15:54:32","guid":{"rendered":"https:\/\/u15jnbdpoq.preview.infomaniak.website\/produit\/dispensador-de-alimentacion-central-blanco-para-bobinas-de-450-formatos-ref-e822\/"},"modified":"2026-04-17T02:13:09","modified_gmt":"2026-04-17T00:13:09","slug":"dispensador-de-alimentacion-central-blanco-para-bobinas-de-450-formatos-ref-e822","status":"publish","type":"product","link":"https:\/\/www.csj-emballages.com\/es\/produit\/dispensador-de-alimentacion-central-blanco-para-bobinas-de-450-formatos-ref-e822\/","title":{"rendered":"Dispensador de toallas de papel de extracci\u00f3n central blanco para ref \u00abE822\u00bb"},"content":{"rendered":"<h2>Dispensador de toallas de mano<\/h2>\n<hr>\n<h3>Descripci\u00f3n de nuestro dispensador de toallas blanco de alimentaci\u00f3n central para rollos de 450 hojas (ref E822)<!--more--><\/h3>\n<p data-start=\"309\" data-end=\"696\">El <strong>dispensador de toallas de papel de extracci\u00f3n central<\/strong> es una soluci\u00f3n sencilla y eficaz para mantener los espacios limpios, organizados y f\u00e1ciles de mantener. Con su dise\u00f1o <strong>blanco y depurado<\/strong>, se integra sin esfuerzo en todos los entornos: cocinas profesionales, sanitarios, talleres, oficinas o zonas de paso. Permanece discreto, a la vez que realiza el trabajo a la perfecci\u00f3n.  <\/p>\n<p data-start=\"698\" data-end=\"1062\">Gracias a su sistema de <strong data-start=\"721\" data-end=\"741\">extracci\u00f3n central<\/strong>, la toalla de papel se dispensa hoja por hoja, directamente desde la parte inferior. Resultado: menos desperdicio y un uso m\u00e1s higi\u00e9nico, ya que cada usuario solo toca la hoja que utiliza. Este funcionamiento es ideal para lugares donde el flujo es importante y donde la limpieza debe ser impecable.  <\/p>\n<p data-start=\"1064\" data-end=\"1437\">El <strong>dispensador<\/strong> est\u00e1 dise\u00f1ado para ser <strong data-start=\"1100\" data-end=\"1122\">robusto y duradero<\/strong>. Su carcasa protege eficazmente el rollo contra la humedad y la suciedad, a la vez que facilita la recarga. En cuesti\u00f3n de segundos, el <strong>rollo se reemplaza<\/strong> y el dispensador vuelve a estar operativo. Adem\u00e1s, su fijaci\u00f3n mural permite liberar espacio y mantener una superficie de trabajo siempre despejada.   <\/p>\n<p data-start=\"1439\" data-end=\"1727\">Su formato es compatible con los <strong>rollos de toallas de papel de extracci\u00f3n central est\u00e1ndar<\/strong>, lo que evita las limitaciones y facilita el suministro. Ya sea para secarse las manos, limpiar una superficie o absorber un l\u00edquido, este dispensador se adapta a todos los usos cotidianos. <\/p>\n<p data-start=\"1729\" data-end=\"1914\">En resumen, este dispensador de toallas de papel de extracci\u00f3n central combina practicidad, higiene y sobriedad. Es una elecci\u00f3n segura para los profesionales que desean un equipo fiable, f\u00e1cil de usar y pensado para durar. <\/p>\n<p data-start=\"1729\" data-end=\"1914\">\n<p data-start=\"1729\" data-end=\"1914\"><!--more--><\/p>\n<div class=\"markdown prose w-full break-words dark:prose-invert dark\">\n<p><strong>Dispensador<\/strong> de toallas de <strong>mano, para utilizar con la referencia de producto <span style=\"color: #d12727;\"><a style=\"color: #d12727;\" href=\"https:\/\/www.csj-emballages.com\/es\/produit\/6-rollos-de-toallas-de-mano-lisas-de-puro-algodon-450-formato-19-x-25-cm\/\">E822L<\/a> \/ <a style=\"color: #d12727;\" href=\"https:\/\/www.csj-emballages.com\/es\/produit\/6-rollos-de-toallas-de-mano-gofradas-450-formato-185-x-20-cm\/\">E822S<\/a><\/span><\/strong><\/p>\n<p>*Este dispensador de toallas de mano se suministra con tornillos.<\/p>\n<p>&nbsp;<\/p>\n<\/div>\n<p><!--more--><\/p>\n<h4>Ventajas :<\/h4>\n<ul>\n<li data-start=\"1942\" data-end=\"1992\">Distribuci\u00f3n <strong>hoja a hoja<\/strong>, m\u00e1s econ\u00f3mica.<\/li>\n<li data-start=\"1995\" data-end=\"2046\">Uso higi\u00e9nico gracias a la extracci\u00f3n central.<\/li>\n<li data-start=\"2049\" data-end=\"2089\"><strong>Dise\u00f1o blanco<\/strong> discreto y profesional.<\/li>\n<li data-start=\"2092\" data-end=\"2124\">Recarga r\u00e1pida y f\u00e1cil.<\/li>\n<li data-start=\"2127\" data-end=\"2167\"><strong>Fijaci\u00f3n mural<\/strong> para ahorrar espacio.<\/li>\n<li data-start=\"2170\" data-end=\"2205\">Compatible con rollos est\u00e1ndar.<\/li>\n<\/ul>\n<p>&nbsp;<\/p>\n<p><!--more--><\/p>\n<h4>Informaci\u00f3n adicional :<\/h4>\n<ul>\n<li><strong>Embalaje<\/strong>: Por unidad<\/li>\n<li><strong>Dimensiones<\/strong>: 25 x 29,5 (ancho x alto en cm)<\/li>\n<li><strong>Material<\/strong>: Pl\u00e1stico<\/li>\n<li><strong>Color<\/strong>: blanco<\/li>\n<li><strong>Uso<\/strong>: Manual<\/li>\n<li><strong>Capacidad<\/strong>: bobina de 200 formatos<span style=\"color: #d12727;\"><a style=\"color: #d12727;\" href=\"https:\/\/www.csj-emballages.com\/es\/produit\/6-rollos-de-toallas-de-mano-gofradas-450-formato-185-x-20-cm\/\">(E822S<\/a> \/ <a style=\"color: #d12727;\" href=\"https:\/\/www.csj-emballages.com\/es\/produit\/6-rollos-de-toallas-de-mano-lisas-de-puro-algodon-450-formato-19-x-25-cm\/\">E822L<\/a><\/span>)<\/li>\n<\/ul>\n<p>&nbsp;<\/p>\n<p><!--more--><\/p>\n<p><a href=\"https:\/\/www.csj-emballages.com\/es\/categorie-produit\/higiene-y-mantenimiento\/distribuidores\/\">Ver el resto de nuestra gama de distribuidores<\/a><\/p>\n","protected":false},"excerpt":{"rendered":"<p>Dispensador de toallas de mano Descripci\u00f3n de nuestro dispensador de toallas blanco de alimentaci\u00f3n central para rollos de 450 hojas (ref E822)<\/p>\n","protected":false},"featured_media":221612,"template":"","meta":{"_acf_changed":false},"product_brand":[],"product_cat":[1226,1398,1388,1438,1439],"product_tag":[],"class_list":{"0":"post-20554","1":"product","2":"type-product","3":"status-publish","4":"has-post-thumbnail","6":"product_cat-higiene-y-mantenimiento","7":"product_cat-distribuidores","8":"product_cat-limpiar","9":"product_cat-toallas-de-mano","10":"product_cat-limpiaparabrisas-manuales-de-rodillo","12":"first","13":"instock","14":"taxable","15":"shipping-taxable","16":"purchasable","17":"product-type-simple"},"acf":[],"yoast_head":"<!-- This site is optimized with the Yoast SEO Premium plugin v26.6 (Yoast SEO v26.6) - https:\/\/yoast.com\/wordpress\/plugins\/seo\/ -->\n<title>Dispensador central para bobinas E822<\/title>\n<meta name=\"description\" content=\"Descubra nuestro dispensador de toallas de mano blanco de alimentaci\u00f3n central. Uso manual. Compatible con las toallas de mano E822S\/L\" \/>\n<meta name=\"robots\" content=\"index, follow, max-snippet:-1, max-image-preview:large, max-video-preview:-1\" \/>\n<link rel=\"canonical\" href=\"https:\/\/www.csj-emballages.com\/es\/produit\/dispensador-de-alimentacion-central-blanco-para-bobinas-de-450-formatos-ref-e822\/\" \/>\n<meta property=\"og:locale\" content=\"es_ES\" \/>\n<meta property=\"og:type\" content=\"article\" \/>\n<meta property=\"og:title\" content=\"Dispensador de toallas de papel de extracci\u00f3n central blanco para ref &quot;E822&quot;\" \/>\n<meta property=\"og:description\" content=\"Descubra nuestro dispensador de toallas de mano blanco de alimentaci\u00f3n central. Uso manual. Compatible con las toallas de mano E822S\/L\" \/>\n<meta property=\"og:url\" content=\"https:\/\/www.csj-emballages.com\/es\/produit\/dispensador-de-alimentacion-central-blanco-para-bobinas-de-450-formatos-ref-e822\/\" \/>\n<meta property=\"og:site_name\" content=\"CSJ Emballages\" \/>\n<meta property=\"article:publisher\" content=\"https:\/\/www.facebook.com\/csjemballages\" \/>\n<meta property=\"article:modified_time\" content=\"2026-04-17T00:13:09+00:00\" \/>\n<meta property=\"og:image\" content=\"https:\/\/www.csj-emballages.com\/wp-content\/uploads\/2024\/03\/DistriE822.webp\" \/>\n\t<meta property=\"og:image:width\" content=\"800\" \/>\n\t<meta property=\"og:image:height\" content=\"800\" \/>\n\t<meta property=\"og:image:type\" content=\"image\/webp\" \/>\n<meta name=\"twitter:card\" content=\"summary_large_image\" \/>\n<meta name=\"twitter:label1\" content=\"Tiempo de lectura\" \/>\n\t<meta name=\"twitter:data1\" content=\"2 minutos\" \/>\n<script type=\"application\/ld+json\" class=\"yoast-schema-graph\">{\"@context\":\"https:\/\/schema.org\",\"@graph\":[{\"@type\":\"WebPage\",\"@id\":\"https:\/\/www.csj-emballages.com\/es\/produit\/dispensador-de-alimentacion-central-blanco-para-bobinas-de-450-formatos-ref-e822\/\",\"url\":\"https:\/\/www.csj-emballages.com\/es\/produit\/dispensador-de-alimentacion-central-blanco-para-bobinas-de-450-formatos-ref-e822\/\",\"name\":\"Dispensador central para bobinas E822\",\"isPartOf\":{\"@id\":\"https:\/\/www.csj-emballages.com\/es\/#website\"},\"primaryImageOfPage\":{\"@id\":\"https:\/\/www.csj-emballages.com\/es\/produit\/dispensador-de-alimentacion-central-blanco-para-bobinas-de-450-formatos-ref-e822\/#primaryimage\"},\"image\":{\"@id\":\"https:\/\/www.csj-emballages.com\/es\/produit\/dispensador-de-alimentacion-central-blanco-para-bobinas-de-450-formatos-ref-e822\/#primaryimage\"},\"thumbnailUrl\":\"https:\/\/www.csj-emballages.com\/wp-content\/uploads\/2024\/03\/DistriE822.webp\",\"datePublished\":\"2024-03-01T15:54:32+00:00\",\"dateModified\":\"2026-04-17T00:13:09+00:00\",\"description\":\"Descubra nuestro dispensador de toallas de mano blanco de alimentaci\u00f3n central. Uso manual. Compatible con las toallas de mano E822S\/L\",\"breadcrumb\":{\"@id\":\"https:\/\/www.csj-emballages.com\/es\/produit\/dispensador-de-alimentacion-central-blanco-para-bobinas-de-450-formatos-ref-e822\/#breadcrumb\"},\"inLanguage\":\"es\",\"potentialAction\":[{\"@type\":\"ReadAction\",\"target\":[\"https:\/\/www.csj-emballages.com\/es\/produit\/dispensador-de-alimentacion-central-blanco-para-bobinas-de-450-formatos-ref-e822\/\"]}]},{\"@type\":\"ImageObject\",\"inLanguage\":\"es\",\"@id\":\"https:\/\/www.csj-emballages.com\/es\/produit\/dispensador-de-alimentacion-central-blanco-para-bobinas-de-450-formatos-ref-e822\/#primaryimage\",\"url\":\"https:\/\/www.csj-emballages.com\/wp-content\/uploads\/2024\/03\/DistriE822.webp\",\"contentUrl\":\"https:\/\/www.csj-emballages.com\/wp-content\/uploads\/2024\/03\/DistriE822.webp\",\"width\":800,\"height\":800,\"caption\":\"Distributeur \u00e0 d\u00e9vidage central\"},{\"@type\":\"BreadcrumbList\",\"@id\":\"https:\/\/www.csj-emballages.com\/es\/produit\/dispensador-de-alimentacion-central-blanco-para-bobinas-de-450-formatos-ref-e822\/#breadcrumb\",\"itemListElement\":[{\"@type\":\"ListItem\",\"position\":1,\"name\":\"Accueil\",\"item\":\"https:\/\/www.csj-emballages.com\/es\/universo-del-envasado-alimentario\/\"},{\"@type\":\"ListItem\",\"position\":2,\"name\":\"Tienda\",\"item\":\"https:\/\/www.csj-emballages.com\/tienda\/\"},{\"@type\":\"ListItem\",\"position\":3,\"name\":\"Dispensador de toallas de papel de extracci\u00f3n central blanco para ref \u00ab\u00a0E822\u00a0\u00bb\"}]},{\"@type\":\"WebSite\",\"@id\":\"https:\/\/www.csj-emballages.com\/es\/#website\",\"url\":\"https:\/\/www.csj-emballages.com\/es\/\",\"name\":\"CSJ Emballages\",\"description\":\"\",\"publisher\":{\"@id\":\"https:\/\/www.csj-emballages.com\/es\/#organization\"},\"potentialAction\":[{\"@type\":\"SearchAction\",\"target\":{\"@type\":\"EntryPoint\",\"urlTemplate\":\"https:\/\/www.csj-emballages.com\/es\/?s={search_term_string}\"},\"query-input\":{\"@type\":\"PropertyValueSpecification\",\"valueRequired\":true,\"valueName\":\"search_term_string\"}}],\"inLanguage\":\"es\"},{\"@type\":\"Organization\",\"@id\":\"https:\/\/www.csj-emballages.com\/es\/#Organization\/\",\"name\":\"CSJ Emballages\",\"url\":\"https:\/\/www.csj-emballages.com\/es\/\",\"logo\":{\"@type\":\"ImageObject\",\"inLanguage\":\"es\",\"@id\":\"https:\/\/www.csj-emballages.com\/es\/#\/schema\/logo\/image\/\",\"url\":\"https:\/\/www.csj-emballages.com\/wp-content\/uploads\/2023\/10\/logo_csj.webp\",\"contentUrl\":\"https:\/\/www.csj-emballages.com\/wp-content\/uploads\/2023\/10\/logo_csj.webp\",\"width\":250,\"height\":95,\"caption\":\"CSJ Emballages\"},\"image\":{\"@id\":\"https:\/\/www.csj-emballages.com\/es\/#\/schema\/logo\/image\/\"},\"sameAs\":[\"https:\/\/www.facebook.com\/csjemballages\"],\"address\":{\"@type\":\"PostalAddress\",\"streetAddress\":\"ZI La Lechere\",\"addressLocality\":\"Patornay\",\"postalCode\":\"39130\",\"addressCountry\":\"FR\"},\"contactPoint\":[{\"@type\":\"ContactPoint\",\"contactType\":\"Service client\",\"telephone\":\"0384254272\",\"email\":\"contact@csj-emballages.com\"}]}]}<\/script>\n<!-- \/ Yoast SEO Premium plugin. -->","yoast_head_json":{"title":"Dispensador central para bobinas E822","description":"Descubra nuestro dispensador de toallas de mano blanco de alimentaci\u00f3n central. Uso manual. Compatible con las toallas de mano E822S\/L","robots":{"index":"index","follow":"follow","max-snippet":"max-snippet:-1","max-image-preview":"max-image-preview:large","max-video-preview":"max-video-preview:-1"},"canonical":"https:\/\/www.csj-emballages.com\/es\/produit\/dispensador-de-alimentacion-central-blanco-para-bobinas-de-450-formatos-ref-e822\/","og_locale":"es_ES","og_type":"article","og_title":"Dispensador de toallas de papel de extracci\u00f3n central blanco para ref \"E822\"","og_description":"Descubra nuestro dispensador de toallas de mano blanco de alimentaci\u00f3n central. Uso manual. Compatible con las toallas de mano E822S\/L","og_url":"https:\/\/www.csj-emballages.com\/es\/produit\/dispensador-de-alimentacion-central-blanco-para-bobinas-de-450-formatos-ref-e822\/","og_site_name":"CSJ Emballages","article_publisher":"https:\/\/www.facebook.com\/csjemballages","article_modified_time":"2026-04-17T00:13:09+00:00","og_image":[{"width":800,"height":800,"url":"https:\/\/www.csj-emballages.com\/wp-content\/uploads\/2024\/03\/DistriE822.webp","type":"image\/webp"}],"twitter_card":"summary_large_image","twitter_misc":{"Tiempo de lectura":"2 minutos"},"schema":{"@context":"https:\/\/schema.org","@graph":[{"@type":"WebPage","@id":"https:\/\/www.csj-emballages.com\/es\/produit\/dispensador-de-alimentacion-central-blanco-para-bobinas-de-450-formatos-ref-e822\/","url":"https:\/\/www.csj-emballages.com\/es\/produit\/dispensador-de-alimentacion-central-blanco-para-bobinas-de-450-formatos-ref-e822\/","name":"Dispensador central para bobinas E822","isPartOf":{"@id":"https:\/\/www.csj-emballages.com\/es\/#website"},"primaryImageOfPage":{"@id":"https:\/\/www.csj-emballages.com\/es\/produit\/dispensador-de-alimentacion-central-blanco-para-bobinas-de-450-formatos-ref-e822\/#primaryimage"},"image":{"@id":"https:\/\/www.csj-emballages.com\/es\/produit\/dispensador-de-alimentacion-central-blanco-para-bobinas-de-450-formatos-ref-e822\/#primaryimage"},"thumbnailUrl":"https:\/\/www.csj-emballages.com\/wp-content\/uploads\/2024\/03\/DistriE822.webp","datePublished":"2024-03-01T15:54:32+00:00","dateModified":"2026-04-17T00:13:09+00:00","description":"Descubra nuestro dispensador de toallas de mano blanco de alimentaci\u00f3n central. Uso manual. Compatible con las toallas de mano E822S\/L","breadcrumb":{"@id":"https:\/\/www.csj-emballages.com\/es\/produit\/dispensador-de-alimentacion-central-blanco-para-bobinas-de-450-formatos-ref-e822\/#breadcrumb"},"inLanguage":"es","potentialAction":[{"@type":"ReadAction","target":["https:\/\/www.csj-emballages.com\/es\/produit\/dispensador-de-alimentacion-central-blanco-para-bobinas-de-450-formatos-ref-e822\/"]}]},{"@type":"ImageObject","inLanguage":"es","@id":"https:\/\/www.csj-emballages.com\/es\/produit\/dispensador-de-alimentacion-central-blanco-para-bobinas-de-450-formatos-ref-e822\/#primaryimage","url":"https:\/\/www.csj-emballages.com\/wp-content\/uploads\/2024\/03\/DistriE822.webp","contentUrl":"https:\/\/www.csj-emballages.com\/wp-content\/uploads\/2024\/03\/DistriE822.webp","width":800,"height":800,"caption":"Distributeur \u00e0 d\u00e9vidage central"},{"@type":"BreadcrumbList","@id":"https:\/\/www.csj-emballages.com\/es\/produit\/dispensador-de-alimentacion-central-blanco-para-bobinas-de-450-formatos-ref-e822\/#breadcrumb","itemListElement":[{"@type":"ListItem","position":1,"name":"Accueil","item":"https:\/\/www.csj-emballages.com\/es\/universo-del-envasado-alimentario\/"},{"@type":"ListItem","position":2,"name":"Tienda","item":"https:\/\/www.csj-emballages.com\/tienda\/"},{"@type":"ListItem","position":3,"name":"Dispensador de toallas de papel de extracci\u00f3n central blanco para ref \u00ab\u00a0E822\u00a0\u00bb"}]},{"@type":"WebSite","@id":"https:\/\/www.csj-emballages.com\/es\/#website","url":"https:\/\/www.csj-emballages.com\/es\/","name":"CSJ Emballages","description":"","publisher":{"@id":"https:\/\/www.csj-emballages.com\/es\/#organization"},"potentialAction":[{"@type":"SearchAction","target":{"@type":"EntryPoint","urlTemplate":"https:\/\/www.csj-emballages.com\/es\/?s={search_term_string}"},"query-input":{"@type":"PropertyValueSpecification","valueRequired":true,"valueName":"search_term_string"}}],"inLanguage":"es"},{"@type":"Organization","@id":"https:\/\/www.csj-emballages.com\/es\/#Organization\/","name":"CSJ Emballages","url":"https:\/\/www.csj-emballages.com\/es\/","logo":{"@type":"ImageObject","inLanguage":"es","@id":"https:\/\/www.csj-emballages.com\/es\/#\/schema\/logo\/image\/","url":"https:\/\/www.csj-emballages.com\/wp-content\/uploads\/2023\/10\/logo_csj.webp","contentUrl":"https:\/\/www.csj-emballages.com\/wp-content\/uploads\/2023\/10\/logo_csj.webp","width":250,"height":95,"caption":"CSJ Emballages"},"image":{"@id":"https:\/\/www.csj-emballages.com\/es\/#\/schema\/logo\/image\/"},"sameAs":["https:\/\/www.facebook.com\/csjemballages"],"address":{"@type":"PostalAddress","streetAddress":"ZI La Lechere","addressLocality":"Patornay","postalCode":"39130","addressCountry":"FR"},"contactPoint":[{"@type":"ContactPoint","contactType":"Service client","telephone":"0384254272","email":"contact@csj-emballages.com"}]}]}},"df_price":23.82,"df_sale_price":"","df_regular_price":23.82,"df_image_link":"https:\/\/www.csj-emballages.com\/wp-content\/uploads\/2024\/03\/DistriE822-300x300.webp","tiered_pricing_type":"fixed","tiered_pricing_fixed_rules":[],"tiered_pricing_percentage_rules":[],"tiered_pricing_minimum":1,"tiered_pricing_roles_data":[],"_links":{"self":[{"href":"https:\/\/www.csj-emballages.com\/es\/wp-json\/wp\/v2\/product\/20554","targetHints":{"allow":["GET"]}}],"collection":[{"href":"https:\/\/www.csj-emballages.com\/es\/wp-json\/wp\/v2\/product"}],"about":[{"href":"https:\/\/www.csj-emballages.com\/es\/wp-json\/wp\/v2\/types\/product"}],"wp:featuredmedia":[{"embeddable":true,"href":"https:\/\/www.csj-emballages.com\/es\/wp-json\/wp\/v2\/media\/221612"}],"wp:attachment":[{"href":"https:\/\/www.csj-emballages.com\/es\/wp-json\/wp\/v2\/media?parent=20554"}],"wp:term":[{"taxonomy":"product_brand","embeddable":true,"href":"https:\/\/www.csj-emballages.com\/es\/wp-json\/wp\/v2\/product_brand?post=20554"},{"taxonomy":"product_cat","embeddable":true,"href":"https:\/\/www.csj-emballages.com\/es\/wp-json\/wp\/v2\/product_cat?post=20554"},{"taxonomy":"product_tag","embeddable":true,"href":"https:\/\/www.csj-emballages.com\/es\/wp-json\/wp\/v2\/product_tag?post=20554"}],"curies":[{"name":"wp","href":"https:\/\/api.w.org\/{rel}","templated":true}]}}