{"id":20541,"date":"2024-03-01T16:54:37","date_gmt":"2024-03-01T15:54:37","guid":{"rendered":"https:\/\/u15jnbdpoq.preview.infomaniak.website\/produit\/1000-palillos\/"},"modified":"2026-04-21T02:13:01","modified_gmt":"2026-04-21T00:13:01","slug":"1000-palillos","status":"publish","type":"product","link":"https:\/\/www.csj-emballages.com\/es\/produit\/1000-palillos\/","title":{"rendered":"Palillo por 1000"},"content":{"rendered":"<h2 class=\"p1\">Limpieza dental<\/h2>\n<hr>\n<h3>Descripci\u00f3n de nuestros palillos por 1000<\/h3>\n<p><!--more--><\/p>\n<p data-start=\"220\" data-end=\"466\">Los <strong>palillos de madera por 1000<\/strong> son indispensables para los profesionales de la restauraci\u00f3n, cafeter\u00edas, hoteles y colectividades. Sencillos, pr\u00e1cticos y polivalentes, responden a las necesidades del servicio en sala como a la preparaci\u00f3n culinaria. <\/p>\n<p data-start=\"468\" data-end=\"772\">Fabricados en <strong>madera<\/strong>, estos <strong>palillos<\/strong> son ligeros, resistentes y aptos para el contacto alimentario. Su acabado <strong>liso<\/strong> garantiza un uso c\u00f3modo y seguro. Son adecuados tanto para el <strong>uso cl\u00e1sico despu\u00e9s de las comidas como para la presentaci\u00f3n de aperitivos, tapas, aceitunas o peque\u00f1os bocados<\/strong>.  <\/p>\n<p data-start=\"774\" data-end=\"1069\">Gracias a su formato compacto, se disponen f\u00e1cilmente sobre la mesa, en dispensador o en cocina para un uso r\u00e1pido. Su presentaci\u00f3n en lote de <strong>1000 unidades<\/strong> es especialmente adecuada para establecimientos de alta afluencia, garantizando una soluci\u00f3n econ\u00f3mica y pr\u00e1ctica en el d\u00eda a d\u00eda. <\/p>\n<p data-start=\"1071\" data-end=\"1301\">Polivalentes, los <strong>palillos<\/strong> tambi\u00e9n pueden utilizarse en laboratorio para pruebas de cocci\u00f3n o peque\u00f1as manipulaciones culinarias. Constituyen un accesorio sencillo pero esencial en todo establecimiento alimentario. <\/p>\n<p>&nbsp;<\/p>\n<p><!--more--><\/p>\n<p><strong>Ventajas :<\/strong><\/p>\n<ul>\n<li data-start=\"1339\" data-end=\"1373\">Madera apta para contacto alimentario.<\/li>\n<li data-start=\"1376\" data-end=\"1406\">Resistentes y acabado liso.<\/li>\n<li data-start=\"1455\" data-end=\"1503\">Ideal para restaurantes, cafeter\u00edas y colectividades.<\/li>\n<li data-start=\"1548\" data-end=\"1584\">Soluci\u00f3n econ\u00f3mica en <strong>lote de 1000<\/strong>.<\/li>\n<\/ul>\n<p>&nbsp;<\/p>\n<p><!--more--><\/p>\n<h4>Informaci\u00f3n adicional :<\/h4>\n<ul>\n<li><strong>Envase<\/strong>: Paquete de 1000<\/li>\n<li><strong>Material<\/strong>: Madera<\/li>\n<\/ul>\n<p>&nbsp;<\/p>\n<p><!--more--><\/p>\n<p><a href=\"https:\/\/www.csj-emballages.com\/es\/categorie-produit\/envasado-de-alimentos\/carniceria-y-charcuteria\/recogida-de-alimentos\/aperitivos\/picos-de-madera-para-cocteles\/\">Ver el resto de nuestra selecci\u00f3n de aperitivos<\/a><\/p>\n","protected":false},"excerpt":{"rendered":"<p>Limpieza dental Descripci\u00f3n de nuestros palillos por 1000<\/p>\n","protected":false},"featured_media":225322,"template":"","meta":{"_acf_changed":false},"product_brand":[],"product_cat":[1150,1143,1324,1816,1824],"product_tag":[],"class_list":{"0":"post-20541","1":"product","2":"type-product","3":"status-publish","4":"has-post-thumbnail","6":"product_cat-envasado-de-alimentos","7":"product_cat-carniceria-y-charcuteria","8":"product_cat-tazas-tarros-vasos","9":"product_cat-aperitivos","10":"product_cat-picos-de-madera-para-cocteles","12":"first","13":"instock","14":"taxable","15":"shipping-taxable","16":"purchasable","17":"product-type-simple"},"acf":[],"yoast_head":"<!-- This site is optimized with the Yoast SEO Premium plugin v26.6 (Yoast SEO v26.6) - https:\/\/yoast.com\/wordpress\/plugins\/seo\/ -->\n<title>Curaci\u00f3n de dientes por 1000<\/title>\n<meta name=\"description\" content=\"Opte por estos palillos de madera biodegradables: pr\u00e1cticos, ecol\u00f3gicos y vers\u00e1tiles, garantizan una higiene impecable y convierten sus aperitivos en una aut\u00e9ntica delicia.\" \/>\n<meta name=\"robots\" content=\"index, follow, max-snippet:-1, max-image-preview:large, max-video-preview:-1\" \/>\n<link rel=\"canonical\" href=\"https:\/\/www.csj-emballages.com\/es\/produit\/1000-palillos\/\" \/>\n<meta property=\"og:locale\" content=\"es_ES\" \/>\n<meta property=\"og:type\" content=\"article\" \/>\n<meta property=\"og:title\" content=\"Palillo por 1000\" \/>\n<meta property=\"og:description\" content=\"Opte por estos palillos de madera biodegradables: pr\u00e1cticos, ecol\u00f3gicos y vers\u00e1tiles, garantizan una higiene impecable y convierten sus aperitivos en una aut\u00e9ntica delicia.\" \/>\n<meta property=\"og:url\" content=\"https:\/\/www.csj-emballages.com\/es\/produit\/1000-palillos\/\" \/>\n<meta property=\"og:site_name\" content=\"CSJ Emballages\" \/>\n<meta property=\"article:publisher\" content=\"https:\/\/www.facebook.com\/csjemballages\" \/>\n<meta property=\"article:modified_time\" content=\"2026-04-21T00:13:01+00:00\" \/>\n<meta property=\"og:image\" content=\"https:\/\/www.csj-emballages.com\/wp-content\/uploads\/2024\/03\/cure_dent_1.webp\" \/>\n\t<meta property=\"og:image:width\" content=\"1000\" \/>\n\t<meta property=\"og:image:height\" content=\"1000\" \/>\n\t<meta property=\"og:image:type\" content=\"image\/jpeg\" \/>\n<meta name=\"twitter:card\" content=\"summary_large_image\" \/>\n<meta name=\"twitter:label1\" content=\"Tiempo de lectura\" \/>\n\t<meta name=\"twitter:data1\" content=\"1 minuto\" \/>\n<script type=\"application\/ld+json\" class=\"yoast-schema-graph\">{\"@context\":\"https:\/\/schema.org\",\"@graph\":[{\"@type\":\"WebPage\",\"@id\":\"https:\/\/www.csj-emballages.com\/es\/produit\/1000-palillos\/\",\"url\":\"https:\/\/www.csj-emballages.com\/es\/produit\/1000-palillos\/\",\"name\":\"Curaci\u00f3n de dientes por 1000\",\"isPartOf\":{\"@id\":\"https:\/\/www.csj-emballages.com\/es\/#website\"},\"primaryImageOfPage\":{\"@id\":\"https:\/\/www.csj-emballages.com\/es\/produit\/1000-palillos\/#primaryimage\"},\"image\":{\"@id\":\"https:\/\/www.csj-emballages.com\/es\/produit\/1000-palillos\/#primaryimage\"},\"thumbnailUrl\":\"https:\/\/www.csj-emballages.com\/wp-content\/uploads\/2024\/03\/cure_dent_1.webp\",\"datePublished\":\"2024-03-01T15:54:37+00:00\",\"dateModified\":\"2026-04-21T00:13:01+00:00\",\"description\":\"Opte por estos palillos de madera biodegradables: pr\u00e1cticos, ecol\u00f3gicos y vers\u00e1tiles, garantizan una higiene impecable y convierten sus aperitivos en una aut\u00e9ntica delicia.\",\"breadcrumb\":{\"@id\":\"https:\/\/www.csj-emballages.com\/es\/produit\/1000-palillos\/#breadcrumb\"},\"inLanguage\":\"es\",\"potentialAction\":[{\"@type\":\"ReadAction\",\"target\":[\"https:\/\/www.csj-emballages.com\/es\/produit\/1000-palillos\/\"]}]},{\"@type\":\"ImageObject\",\"inLanguage\":\"es\",\"@id\":\"https:\/\/www.csj-emballages.com\/es\/produit\/1000-palillos\/#primaryimage\",\"url\":\"https:\/\/www.csj-emballages.com\/wp-content\/uploads\/2024\/03\/cure_dent_1.webp\",\"contentUrl\":\"https:\/\/www.csj-emballages.com\/wp-content\/uploads\/2024\/03\/cure_dent_1.webp\",\"width\":1000,\"height\":1000,\"caption\":\"cure dents\"},{\"@type\":\"BreadcrumbList\",\"@id\":\"https:\/\/www.csj-emballages.com\/es\/produit\/1000-palillos\/#breadcrumb\",\"itemListElement\":[{\"@type\":\"ListItem\",\"position\":1,\"name\":\"Accueil\",\"item\":\"https:\/\/www.csj-emballages.com\/es\/universo-del-envasado-alimentario\/\"},{\"@type\":\"ListItem\",\"position\":2,\"name\":\"Tienda\",\"item\":\"https:\/\/www.csj-emballages.com\/tienda\/\"},{\"@type\":\"ListItem\",\"position\":3,\"name\":\"Palillo por 1000\"}]},{\"@type\":\"WebSite\",\"@id\":\"https:\/\/www.csj-emballages.com\/es\/#website\",\"url\":\"https:\/\/www.csj-emballages.com\/es\/\",\"name\":\"CSJ Emballages\",\"description\":\"\",\"publisher\":{\"@id\":\"https:\/\/www.csj-emballages.com\/es\/#organization\"},\"potentialAction\":[{\"@type\":\"SearchAction\",\"target\":{\"@type\":\"EntryPoint\",\"urlTemplate\":\"https:\/\/www.csj-emballages.com\/es\/?s={search_term_string}\"},\"query-input\":{\"@type\":\"PropertyValueSpecification\",\"valueRequired\":true,\"valueName\":\"search_term_string\"}}],\"inLanguage\":\"es\"},{\"@type\":\"Organization\",\"@id\":\"https:\/\/www.csj-emballages.com\/es\/#Organization\/\",\"name\":\"CSJ Emballages\",\"url\":\"https:\/\/www.csj-emballages.com\/es\/\",\"logo\":{\"@type\":\"ImageObject\",\"inLanguage\":\"es\",\"@id\":\"https:\/\/www.csj-emballages.com\/es\/#\/schema\/logo\/image\/\",\"url\":\"https:\/\/www.csj-emballages.com\/wp-content\/uploads\/2023\/10\/logo_csj.webp\",\"contentUrl\":\"https:\/\/www.csj-emballages.com\/wp-content\/uploads\/2023\/10\/logo_csj.webp\",\"width\":250,\"height\":95,\"caption\":\"CSJ Emballages\"},\"image\":{\"@id\":\"https:\/\/www.csj-emballages.com\/es\/#\/schema\/logo\/image\/\"},\"sameAs\":[\"https:\/\/www.facebook.com\/csjemballages\"],\"address\":{\"@type\":\"PostalAddress\",\"streetAddress\":\"ZI La Lechere\",\"addressLocality\":\"Patornay\",\"postalCode\":\"39130\",\"addressCountry\":\"FR\"},\"contactPoint\":[{\"@type\":\"ContactPoint\",\"contactType\":\"Service client\",\"telephone\":\"0384254272\",\"email\":\"contact@csj-emballages.com\"}]}]}<\/script>\n<!-- \/ Yoast SEO Premium plugin. -->","yoast_head_json":{"title":"Curaci\u00f3n de dientes por 1000","description":"Opte por estos palillos de madera biodegradables: pr\u00e1cticos, ecol\u00f3gicos y vers\u00e1tiles, garantizan una higiene impecable y convierten sus aperitivos en una aut\u00e9ntica delicia.","robots":{"index":"index","follow":"follow","max-snippet":"max-snippet:-1","max-image-preview":"max-image-preview:large","max-video-preview":"max-video-preview:-1"},"canonical":"https:\/\/www.csj-emballages.com\/es\/produit\/1000-palillos\/","og_locale":"es_ES","og_type":"article","og_title":"Palillo por 1000","og_description":"Opte por estos palillos de madera biodegradables: pr\u00e1cticos, ecol\u00f3gicos y vers\u00e1tiles, garantizan una higiene impecable y convierten sus aperitivos en una aut\u00e9ntica delicia.","og_url":"https:\/\/www.csj-emballages.com\/es\/produit\/1000-palillos\/","og_site_name":"CSJ Emballages","article_publisher":"https:\/\/www.facebook.com\/csjemballages","article_modified_time":"2026-04-21T00:13:01+00:00","og_image":[{"width":1000,"height":1000,"url":"https:\/\/www.csj-emballages.com\/wp-content\/uploads\/2024\/03\/cure_dent_1.webp","type":"image\/jpeg"}],"twitter_card":"summary_large_image","twitter_misc":{"Tiempo de lectura":"1 minuto"},"schema":{"@context":"https:\/\/schema.org","@graph":[{"@type":"WebPage","@id":"https:\/\/www.csj-emballages.com\/es\/produit\/1000-palillos\/","url":"https:\/\/www.csj-emballages.com\/es\/produit\/1000-palillos\/","name":"Curaci\u00f3n de dientes por 1000","isPartOf":{"@id":"https:\/\/www.csj-emballages.com\/es\/#website"},"primaryImageOfPage":{"@id":"https:\/\/www.csj-emballages.com\/es\/produit\/1000-palillos\/#primaryimage"},"image":{"@id":"https:\/\/www.csj-emballages.com\/es\/produit\/1000-palillos\/#primaryimage"},"thumbnailUrl":"https:\/\/www.csj-emballages.com\/wp-content\/uploads\/2024\/03\/cure_dent_1.webp","datePublished":"2024-03-01T15:54:37+00:00","dateModified":"2026-04-21T00:13:01+00:00","description":"Opte por estos palillos de madera biodegradables: pr\u00e1cticos, ecol\u00f3gicos y vers\u00e1tiles, garantizan una higiene impecable y convierten sus aperitivos en una aut\u00e9ntica delicia.","breadcrumb":{"@id":"https:\/\/www.csj-emballages.com\/es\/produit\/1000-palillos\/#breadcrumb"},"inLanguage":"es","potentialAction":[{"@type":"ReadAction","target":["https:\/\/www.csj-emballages.com\/es\/produit\/1000-palillos\/"]}]},{"@type":"ImageObject","inLanguage":"es","@id":"https:\/\/www.csj-emballages.com\/es\/produit\/1000-palillos\/#primaryimage","url":"https:\/\/www.csj-emballages.com\/wp-content\/uploads\/2024\/03\/cure_dent_1.webp","contentUrl":"https:\/\/www.csj-emballages.com\/wp-content\/uploads\/2024\/03\/cure_dent_1.webp","width":1000,"height":1000,"caption":"cure dents"},{"@type":"BreadcrumbList","@id":"https:\/\/www.csj-emballages.com\/es\/produit\/1000-palillos\/#breadcrumb","itemListElement":[{"@type":"ListItem","position":1,"name":"Accueil","item":"https:\/\/www.csj-emballages.com\/es\/universo-del-envasado-alimentario\/"},{"@type":"ListItem","position":2,"name":"Tienda","item":"https:\/\/www.csj-emballages.com\/tienda\/"},{"@type":"ListItem","position":3,"name":"Palillo por 1000"}]},{"@type":"WebSite","@id":"https:\/\/www.csj-emballages.com\/es\/#website","url":"https:\/\/www.csj-emballages.com\/es\/","name":"CSJ Emballages","description":"","publisher":{"@id":"https:\/\/www.csj-emballages.com\/es\/#organization"},"potentialAction":[{"@type":"SearchAction","target":{"@type":"EntryPoint","urlTemplate":"https:\/\/www.csj-emballages.com\/es\/?s={search_term_string}"},"query-input":{"@type":"PropertyValueSpecification","valueRequired":true,"valueName":"search_term_string"}}],"inLanguage":"es"},{"@type":"Organization","@id":"https:\/\/www.csj-emballages.com\/es\/#Organization\/","name":"CSJ Emballages","url":"https:\/\/www.csj-emballages.com\/es\/","logo":{"@type":"ImageObject","inLanguage":"es","@id":"https:\/\/www.csj-emballages.com\/es\/#\/schema\/logo\/image\/","url":"https:\/\/www.csj-emballages.com\/wp-content\/uploads\/2023\/10\/logo_csj.webp","contentUrl":"https:\/\/www.csj-emballages.com\/wp-content\/uploads\/2023\/10\/logo_csj.webp","width":250,"height":95,"caption":"CSJ Emballages"},"image":{"@id":"https:\/\/www.csj-emballages.com\/es\/#\/schema\/logo\/image\/"},"sameAs":["https:\/\/www.facebook.com\/csjemballages"],"address":{"@type":"PostalAddress","streetAddress":"ZI La Lechere","addressLocality":"Patornay","postalCode":"39130","addressCountry":"FR"},"contactPoint":[{"@type":"ContactPoint","contactType":"Service client","telephone":"0384254272","email":"contact@csj-emballages.com"}]}]}},"df_price":1.26,"df_sale_price":"","df_regular_price":1.26,"df_image_link":"https:\/\/www.csj-emballages.com\/wp-content\/uploads\/2024\/03\/cure_dent_1-300x300.webp","tiered_pricing_type":"fixed","tiered_pricing_fixed_rules":[],"tiered_pricing_percentage_rules":[],"tiered_pricing_minimum":1,"tiered_pricing_roles_data":[],"_links":{"self":[{"href":"https:\/\/www.csj-emballages.com\/es\/wp-json\/wp\/v2\/product\/20541","targetHints":{"allow":["GET"]}}],"collection":[{"href":"https:\/\/www.csj-emballages.com\/es\/wp-json\/wp\/v2\/product"}],"about":[{"href":"https:\/\/www.csj-emballages.com\/es\/wp-json\/wp\/v2\/types\/product"}],"wp:featuredmedia":[{"embeddable":true,"href":"https:\/\/www.csj-emballages.com\/es\/wp-json\/wp\/v2\/media\/225322"}],"wp:attachment":[{"href":"https:\/\/www.csj-emballages.com\/es\/wp-json\/wp\/v2\/media?parent=20541"}],"wp:term":[{"taxonomy":"product_brand","embeddable":true,"href":"https:\/\/www.csj-emballages.com\/es\/wp-json\/wp\/v2\/product_brand?post=20541"},{"taxonomy":"product_cat","embeddable":true,"href":"https:\/\/www.csj-emballages.com\/es\/wp-json\/wp\/v2\/product_cat?post=20541"},{"taxonomy":"product_tag","embeddable":true,"href":"https:\/\/www.csj-emballages.com\/es\/wp-json\/wp\/v2\/product_tag?post=20541"}],"curies":[{"name":"wp","href":"https:\/\/api.w.org\/{rel}","templated":true}]}}