{"id":20533,"date":"2024-03-01T16:54:34","date_gmt":"2024-03-01T15:54:34","guid":{"rendered":"https:\/\/u15jnbdpoq.preview.infomaniak.website\/produit\/250-encaje-blanco-redondo-o-26-cm\/"},"modified":"2026-03-12T16:22:54","modified_gmt":"2026-03-12T15:22:54","slug":"250-encaje-blanco-redondo-o-26-cm","status":"publish","type":"product","link":"https:\/\/www.csj-emballages.com\/es\/produit\/250-encaje-blanco-redondo-o-26-cm\/","title":{"rendered":"Cord\u00f3n redondo blanco \u00d826 cm por 250"},"content":{"rendered":"<h2>Encaje redondo<\/h2>\n<hr>\n<h3><span style=\"font-weight: bold\">Descubra nuestro encaje<\/span>blanco redondo \u00d826 cm por 250<\/h3>\n<p><!--more--><\/p>\n<p class=\"\" data-start=\"131\" data-end=\"577\">A\u00f1ada un toque de elegancia y refinamiento a sus presentaciones con estos <strong data-start=\"212\" data-end=\"248\">cordones redondos blancos de \u00d826 cm<\/strong>, perfectos para profesionales de la restauraci\u00f3n, pasteleros e incluso clientes particulares exigentes. Fabricados en <strong>papel blanco<\/strong> de alta calidad, presentan un bonito patr\u00f3n calado que realza al instante sus platos, fuentes, pasteles y otras delicias dulces y saladas. <\/p>\n<p class=\"\" data-start=\"579\" data-end=\"949\">Estos <strong>cordones blancos<\/strong> son ideales para realzar sus preparaciones al tiempo que garantizan una higiene impecable entre sus productos y su soporte. Evitan el contacto directo con platos o bandejas, al tiempo que proporcionan un acabado pulcro y refinado. Su <strong>di\u00e1metro de 26 cm<\/strong> es perfecto para pasteles, entremeses, quiches, tartas, minisandwiches o mignardises.  <\/p>\n<p class=\"\" data-start=\"951\" data-end=\"1275\">Envasados en econ\u00f3micos lotes de <strong>250 piezas<\/strong>, estos <strong>soportes de enc<\/strong> aje satisfacen las necesidades de profesionales y aficionados por igual. Ya sea para un servicio de emplatado, un buf\u00e9, un escaparate o un evento especial, estos soportes de encaje marcar\u00e1n la diferencia por su aspecto chic y su practicidad. <\/p>\n<p data-start=\"951\" data-end=\"1275\">\n<p class=\"\" data-start=\"951\" data-end=\"1275\"><!--more--><\/p>\n<p><strong><span style=\"color: #ff0000\">*Por favor, tenga en cuenta que la foto muestra el lote completo.<\/span><\/strong><\/p>\n<p>&nbsp;<\/p>\n<p><!--more--><\/p>\n<h4>Ventajas:<\/h4>\n<ul>\n<li>Presentaci\u00f3n elegante y profesional.<\/li>\n<li>Di\u00e1metro vers\u00e1til de 26 cm adecuado para una amplia gama de formatos.<\/li>\n<li>Estos cordones redondos est\u00e1n fabricados con papel blanco apto para uso alimentario.<\/li>\n<li>Paquete econ\u00f3mico de 250 piezas, ideal para uso regular.<\/li>\n<\/ul>\n<p>&nbsp;<\/p>\n<p><!--more--><\/p>\n<h4>Informaci\u00f3n adicional :<\/h4>\n<ul>\n<li><strong>Envase<\/strong>: Paquete de 250<\/li>\n<li><b>Di\u00e1metro <\/b>: 26 cm<\/li>\n<li><strong>Color<\/strong>: blanco<\/li>\n<li><strong>Material<\/strong>: Papel<\/li>\n<\/ul>\n<p>&nbsp;<\/p>\n<p><!--more--><\/p>\n<p>Encuentre aqu\u00ed todas las tallas disponibles para estos cordones:<span style=\"color: #d12727\"> <a style=\"color: #d12727\" href=\"https:\/\/www.csj-emballages.com\/produit\/250-dentelles-rondes-blanches-o-22-cm\/\">\u00d822<\/a> <span style=\"color: #000000\">\/<\/span> <a style=\"color: #d12727\" href=\"https:\/\/www.csj-emballages.com\/produit\/250-dentelle-ronde-blanche-o-27-cm-2\/\">\u00d827<\/a> <span style=\"color: #000000\">\/<\/span> <a style=\"color: #d12727\" href=\"https:\/\/www.csj-emballages.com\/produit\/250-dentelles-rondes-blanches-o-27-cm\/\">\u00d828<\/a> <span style=\"color: #000000\">\/<\/span> <a style=\"color: #d12727\" href=\"https:\/\/www.csj-emballages.com\/produit\/250-dentelles-rondes-blanches-o-30-cm\/\">\u00d830<\/a> <span style=\"color: #000000\">\/<\/span> <a style=\"color: #d12727\" href=\"https:\/\/www.csj-emballages.com\/produit\/250-dentelles-rondes-blanches-o-40-cm\/\">\u00d840<\/a><\/span><\/p>\n<div style=\"font-family: Roboto, sans-serif\"><\/div>\n<p><!--more--><\/p>\n<p><a href=\"https:\/\/www.csj-emballages.com\/es\/categorie-produit\/alimentacion-es\/frutos-secos-es-2\/\">Consulta el resto de nuestra gama de frutos secos aqu\u00ed<\/a><\/p>\n","protected":false},"excerpt":{"rendered":"<p>Encaje redondo Descubra nuestro encajeblanco redondo \u00d826 cm por 250<\/p>\n","protected":false},"featured_media":231304,"template":"","meta":{"_acf_changed":false},"product_brand":[],"product_cat":[1145,1911,2557,2558],"product_tag":[],"class_list":{"0":"post-20533","1":"product","2":"type-product","3":"status-publish","4":"has-post-thumbnail","6":"product_cat-panaderia-y-pasteleria","7":"product_cat-soportes-de-base-para-tartas","8":"product_cat-encaje","9":"product_cat-encaje-redondo","11":"first","12":"instock","13":"taxable","14":"shipping-taxable","15":"purchasable","16":"product-type-simple"},"acf":[],"yoast_head":"<!-- This site is optimized with the Yoast SEO Premium plugin v26.6 (Yoast SEO v26.6) - https:\/\/yoast.com\/wordpress\/plugins\/seo\/ -->\n<title>Cord\u00f3n redondo blanco \u00d826 cm por 250<\/title>\n<meta name=\"description\" content=\"Puntilla redonda de papel blanco \u00d826 cm, ideal para presentar con elegancia sus pasteles, buffets o platos. Paquete de 250. Higi\u00e9nicas, elegantes y pr\u00e1cticas.\" \/>\n<meta name=\"robots\" content=\"index, follow, max-snippet:-1, max-image-preview:large, max-video-preview:-1\" \/>\n<link rel=\"canonical\" href=\"https:\/\/www.csj-emballages.com\/es\/produit\/250-encaje-blanco-redondo-o-26-cm\/\" \/>\n<meta property=\"og:locale\" content=\"es_ES\" \/>\n<meta property=\"og:type\" content=\"article\" \/>\n<meta property=\"og:title\" content=\"Cord\u00f3n redondo blanco \u00d826 cm por 250\" \/>\n<meta property=\"og:description\" content=\"Puntilla redonda de papel blanco \u00d826 cm, ideal para presentar con elegancia sus pasteles, buffets o platos. Paquete de 250. Higi\u00e9nicas, elegantes y pr\u00e1cticas.\" \/>\n<meta property=\"og:url\" content=\"https:\/\/www.csj-emballages.com\/es\/produit\/250-encaje-blanco-redondo-o-26-cm\/\" \/>\n<meta property=\"og:site_name\" content=\"CSJ Emballages\" \/>\n<meta property=\"article:publisher\" content=\"https:\/\/www.facebook.com\/csjemballages\" \/>\n<meta property=\"article:modified_time\" content=\"2026-03-12T15:22:54+00:00\" \/>\n<meta property=\"og:image\" content=\"https:\/\/www.csj-emballages.com\/wp-content\/uploads\/2024\/03\/Dent22.webp\" \/>\n\t<meta property=\"og:image:width\" content=\"800\" \/>\n\t<meta property=\"og:image:height\" content=\"800\" \/>\n\t<meta property=\"og:image:type\" content=\"image\/webp\" \/>\n<meta name=\"twitter:card\" content=\"summary_large_image\" \/>\n<meta name=\"twitter:label1\" content=\"Tiempo de lectura\" \/>\n\t<meta name=\"twitter:data1\" content=\"1 minuto\" \/>\n<script type=\"application\/ld+json\" class=\"yoast-schema-graph\">{\"@context\":\"https:\/\/schema.org\",\"@graph\":[{\"@type\":\"WebPage\",\"@id\":\"https:\/\/www.csj-emballages.com\/es\/produit\/250-encaje-blanco-redondo-o-26-cm\/\",\"url\":\"https:\/\/www.csj-emballages.com\/es\/produit\/250-encaje-blanco-redondo-o-26-cm\/\",\"name\":\"Cord\u00f3n redondo blanco \u00d826 cm por 250\",\"isPartOf\":{\"@id\":\"https:\/\/www.csj-emballages.com\/es\/#website\"},\"primaryImageOfPage\":{\"@id\":\"https:\/\/www.csj-emballages.com\/es\/produit\/250-encaje-blanco-redondo-o-26-cm\/#primaryimage\"},\"image\":{\"@id\":\"https:\/\/www.csj-emballages.com\/es\/produit\/250-encaje-blanco-redondo-o-26-cm\/#primaryimage\"},\"thumbnailUrl\":\"https:\/\/www.csj-emballages.com\/wp-content\/uploads\/2024\/03\/Dent22.webp\",\"datePublished\":\"2024-03-01T15:54:34+00:00\",\"dateModified\":\"2026-03-12T15:22:54+00:00\",\"description\":\"Puntilla redonda de papel blanco \u00d826 cm, ideal para presentar con elegancia sus pasteles, buffets o platos. Paquete de 250. Higi\u00e9nicas, elegantes y pr\u00e1cticas.\",\"breadcrumb\":{\"@id\":\"https:\/\/www.csj-emballages.com\/es\/produit\/250-encaje-blanco-redondo-o-26-cm\/#breadcrumb\"},\"inLanguage\":\"es\",\"potentialAction\":[{\"@type\":\"ReadAction\",\"target\":[\"https:\/\/www.csj-emballages.com\/es\/produit\/250-encaje-blanco-redondo-o-26-cm\/\"]}]},{\"@type\":\"ImageObject\",\"inLanguage\":\"es\",\"@id\":\"https:\/\/www.csj-emballages.com\/es\/produit\/250-encaje-blanco-redondo-o-26-cm\/#primaryimage\",\"url\":\"https:\/\/www.csj-emballages.com\/wp-content\/uploads\/2024\/03\/Dent22.webp\",\"contentUrl\":\"https:\/\/www.csj-emballages.com\/wp-content\/uploads\/2024\/03\/Dent22.webp\",\"width\":800,\"height\":800,\"caption\":\"Dentelle ronde\"},{\"@type\":\"BreadcrumbList\",\"@id\":\"https:\/\/www.csj-emballages.com\/es\/produit\/250-encaje-blanco-redondo-o-26-cm\/#breadcrumb\",\"itemListElement\":[{\"@type\":\"ListItem\",\"position\":1,\"name\":\"Accueil\",\"item\":\"https:\/\/www.csj-emballages.com\/es\/universo-del-envasado-alimentario\/\"},{\"@type\":\"ListItem\",\"position\":2,\"name\":\"Tienda\",\"item\":\"https:\/\/www.csj-emballages.com\/tienda\/\"},{\"@type\":\"ListItem\",\"position\":3,\"name\":\"Cord\u00f3n redondo blanco \u00d826 cm por 250\"}]},{\"@type\":\"WebSite\",\"@id\":\"https:\/\/www.csj-emballages.com\/es\/#website\",\"url\":\"https:\/\/www.csj-emballages.com\/es\/\",\"name\":\"CSJ Emballages\",\"description\":\"\",\"publisher\":{\"@id\":\"https:\/\/www.csj-emballages.com\/es\/#organization\"},\"potentialAction\":[{\"@type\":\"SearchAction\",\"target\":{\"@type\":\"EntryPoint\",\"urlTemplate\":\"https:\/\/www.csj-emballages.com\/es\/?s={search_term_string}\"},\"query-input\":{\"@type\":\"PropertyValueSpecification\",\"valueRequired\":true,\"valueName\":\"search_term_string\"}}],\"inLanguage\":\"es\"},{\"@type\":\"Organization\",\"@id\":\"https:\/\/www.csj-emballages.com\/es\/#Organization\/\",\"name\":\"CSJ Emballages\",\"url\":\"https:\/\/www.csj-emballages.com\/es\/\",\"logo\":{\"@type\":\"ImageObject\",\"inLanguage\":\"es\",\"@id\":\"https:\/\/www.csj-emballages.com\/es\/#\/schema\/logo\/image\/\",\"url\":\"https:\/\/www.csj-emballages.com\/wp-content\/uploads\/2023\/10\/logo_csj.webp\",\"contentUrl\":\"https:\/\/www.csj-emballages.com\/wp-content\/uploads\/2023\/10\/logo_csj.webp\",\"width\":250,\"height\":95,\"caption\":\"CSJ Emballages\"},\"image\":{\"@id\":\"https:\/\/www.csj-emballages.com\/es\/#\/schema\/logo\/image\/\"},\"sameAs\":[\"https:\/\/www.facebook.com\/csjemballages\"],\"address\":{\"@type\":\"PostalAddress\",\"streetAddress\":\"ZI La Lechere\",\"addressLocality\":\"Patornay\",\"postalCode\":\"39130\",\"addressCountry\":\"FR\"},\"contactPoint\":[{\"@type\":\"ContactPoint\",\"contactType\":\"Service client\",\"telephone\":\"0384254272\",\"email\":\"contact@csj-emballages.com\"}]}]}<\/script>\n<!-- \/ Yoast SEO Premium plugin. -->","yoast_head_json":{"title":"Cord\u00f3n redondo blanco \u00d826 cm por 250","description":"Puntilla redonda de papel blanco \u00d826 cm, ideal para presentar con elegancia sus pasteles, buffets o platos. Paquete de 250. Higi\u00e9nicas, elegantes y pr\u00e1cticas.","robots":{"index":"index","follow":"follow","max-snippet":"max-snippet:-1","max-image-preview":"max-image-preview:large","max-video-preview":"max-video-preview:-1"},"canonical":"https:\/\/www.csj-emballages.com\/es\/produit\/250-encaje-blanco-redondo-o-26-cm\/","og_locale":"es_ES","og_type":"article","og_title":"Cord\u00f3n redondo blanco \u00d826 cm por 250","og_description":"Puntilla redonda de papel blanco \u00d826 cm, ideal para presentar con elegancia sus pasteles, buffets o platos. Paquete de 250. Higi\u00e9nicas, elegantes y pr\u00e1cticas.","og_url":"https:\/\/www.csj-emballages.com\/es\/produit\/250-encaje-blanco-redondo-o-26-cm\/","og_site_name":"CSJ Emballages","article_publisher":"https:\/\/www.facebook.com\/csjemballages","article_modified_time":"2026-03-12T15:22:54+00:00","og_image":[{"width":800,"height":800,"url":"https:\/\/www.csj-emballages.com\/wp-content\/uploads\/2024\/03\/Dent22.webp","type":"image\/webp"}],"twitter_card":"summary_large_image","twitter_misc":{"Tiempo de lectura":"1 minuto"},"schema":{"@context":"https:\/\/schema.org","@graph":[{"@type":"WebPage","@id":"https:\/\/www.csj-emballages.com\/es\/produit\/250-encaje-blanco-redondo-o-26-cm\/","url":"https:\/\/www.csj-emballages.com\/es\/produit\/250-encaje-blanco-redondo-o-26-cm\/","name":"Cord\u00f3n redondo blanco \u00d826 cm por 250","isPartOf":{"@id":"https:\/\/www.csj-emballages.com\/es\/#website"},"primaryImageOfPage":{"@id":"https:\/\/www.csj-emballages.com\/es\/produit\/250-encaje-blanco-redondo-o-26-cm\/#primaryimage"},"image":{"@id":"https:\/\/www.csj-emballages.com\/es\/produit\/250-encaje-blanco-redondo-o-26-cm\/#primaryimage"},"thumbnailUrl":"https:\/\/www.csj-emballages.com\/wp-content\/uploads\/2024\/03\/Dent22.webp","datePublished":"2024-03-01T15:54:34+00:00","dateModified":"2026-03-12T15:22:54+00:00","description":"Puntilla redonda de papel blanco \u00d826 cm, ideal para presentar con elegancia sus pasteles, buffets o platos. Paquete de 250. Higi\u00e9nicas, elegantes y pr\u00e1cticas.","breadcrumb":{"@id":"https:\/\/www.csj-emballages.com\/es\/produit\/250-encaje-blanco-redondo-o-26-cm\/#breadcrumb"},"inLanguage":"es","potentialAction":[{"@type":"ReadAction","target":["https:\/\/www.csj-emballages.com\/es\/produit\/250-encaje-blanco-redondo-o-26-cm\/"]}]},{"@type":"ImageObject","inLanguage":"es","@id":"https:\/\/www.csj-emballages.com\/es\/produit\/250-encaje-blanco-redondo-o-26-cm\/#primaryimage","url":"https:\/\/www.csj-emballages.com\/wp-content\/uploads\/2024\/03\/Dent22.webp","contentUrl":"https:\/\/www.csj-emballages.com\/wp-content\/uploads\/2024\/03\/Dent22.webp","width":800,"height":800,"caption":"Dentelle ronde"},{"@type":"BreadcrumbList","@id":"https:\/\/www.csj-emballages.com\/es\/produit\/250-encaje-blanco-redondo-o-26-cm\/#breadcrumb","itemListElement":[{"@type":"ListItem","position":1,"name":"Accueil","item":"https:\/\/www.csj-emballages.com\/es\/universo-del-envasado-alimentario\/"},{"@type":"ListItem","position":2,"name":"Tienda","item":"https:\/\/www.csj-emballages.com\/tienda\/"},{"@type":"ListItem","position":3,"name":"Cord\u00f3n redondo blanco \u00d826 cm por 250"}]},{"@type":"WebSite","@id":"https:\/\/www.csj-emballages.com\/es\/#website","url":"https:\/\/www.csj-emballages.com\/es\/","name":"CSJ Emballages","description":"","publisher":{"@id":"https:\/\/www.csj-emballages.com\/es\/#organization"},"potentialAction":[{"@type":"SearchAction","target":{"@type":"EntryPoint","urlTemplate":"https:\/\/www.csj-emballages.com\/es\/?s={search_term_string}"},"query-input":{"@type":"PropertyValueSpecification","valueRequired":true,"valueName":"search_term_string"}}],"inLanguage":"es"},{"@type":"Organization","@id":"https:\/\/www.csj-emballages.com\/es\/#Organization\/","name":"CSJ Emballages","url":"https:\/\/www.csj-emballages.com\/es\/","logo":{"@type":"ImageObject","inLanguage":"es","@id":"https:\/\/www.csj-emballages.com\/es\/#\/schema\/logo\/image\/","url":"https:\/\/www.csj-emballages.com\/wp-content\/uploads\/2023\/10\/logo_csj.webp","contentUrl":"https:\/\/www.csj-emballages.com\/wp-content\/uploads\/2023\/10\/logo_csj.webp","width":250,"height":95,"caption":"CSJ Emballages"},"image":{"@id":"https:\/\/www.csj-emballages.com\/es\/#\/schema\/logo\/image\/"},"sameAs":["https:\/\/www.facebook.com\/csjemballages"],"address":{"@type":"PostalAddress","streetAddress":"ZI La Lechere","addressLocality":"Patornay","postalCode":"39130","addressCountry":"FR"},"contactPoint":[{"@type":"ContactPoint","contactType":"Service client","telephone":"0384254272","email":"contact@csj-emballages.com"}]}]}},"df_price":8.95,"df_sale_price":"","df_regular_price":8.95,"df_image_link":"https:\/\/www.csj-emballages.com\/wp-content\/uploads\/2024\/03\/Dent22-300x300.webp","tiered_pricing_type":"fixed","tiered_pricing_fixed_rules":[],"tiered_pricing_percentage_rules":[],"tiered_pricing_minimum":1,"tiered_pricing_roles_data":[],"_links":{"self":[{"href":"https:\/\/www.csj-emballages.com\/es\/wp-json\/wp\/v2\/product\/20533","targetHints":{"allow":["GET"]}}],"collection":[{"href":"https:\/\/www.csj-emballages.com\/es\/wp-json\/wp\/v2\/product"}],"about":[{"href":"https:\/\/www.csj-emballages.com\/es\/wp-json\/wp\/v2\/types\/product"}],"wp:featuredmedia":[{"embeddable":true,"href":"https:\/\/www.csj-emballages.com\/es\/wp-json\/wp\/v2\/media\/231304"}],"wp:attachment":[{"href":"https:\/\/www.csj-emballages.com\/es\/wp-json\/wp\/v2\/media?parent=20533"}],"wp:term":[{"taxonomy":"product_brand","embeddable":true,"href":"https:\/\/www.csj-emballages.com\/es\/wp-json\/wp\/v2\/product_brand?post=20533"},{"taxonomy":"product_cat","embeddable":true,"href":"https:\/\/www.csj-emballages.com\/es\/wp-json\/wp\/v2\/product_cat?post=20533"},{"taxonomy":"product_tag","embeddable":true,"href":"https:\/\/www.csj-emballages.com\/es\/wp-json\/wp\/v2\/product_tag?post=20533"}],"curies":[{"name":"wp","href":"https:\/\/api.w.org\/{rel}","templated":true}]}}