{"id":20517,"date":"2024-03-01T16:54:33","date_gmt":"2024-03-01T15:54:33","guid":{"rendered":"https:\/\/u15jnbdpoq.preview.infomaniak.website\/produit\/1-dispensador-eco-para-cinta-adhesiva-de-50-mm\/"},"modified":"2026-04-21T02:13:20","modified_gmt":"2026-04-21T00:13:20","slug":"1-dispensador-eco-para-cinta-adhesiva-de-50-mm","status":"publish","type":"product","link":"https:\/\/www.csj-emballages.com\/es\/produit\/1-dispensador-eco-para-cinta-adhesiva-de-50-mm\/","title":{"rendered":"Dispensador de cinta adhesiva eco de 50 mm"},"content":{"rendered":"<h2>Dispensador de cinta adhesiva<\/h2>\n<hr>\n<h3>Descubra nuestro dispensador de cinta adhesiva eco de 50 mm<\/h3>\n<p><!--more--><\/p>\n<p data-start=\"168\" data-end=\"502\">Este <strong data-start=\"171\" data-end=\"210\">dispensador de cinta adhesiva eco de 50 mm<\/strong> es la herramienta perfecta para cerrar sus paquetes r\u00e1pidamente, sin esfuerzo y sin complicaciones. Sencillo, eficaz y bien pensado, facilita el trabajo diario, ya sea en un almac\u00e9n, en una tienda o durante la preparaci\u00f3n de los pedidos. Se toma en la mano, se desenrolla, se corta&#8230; y listo.  <\/p>\n<p data-start=\"504\" data-end=\"787\">Dise\u00f1ado para alojar <strong data-start=\"530\" data-end=\"558\">cintas adhesivas de 50 mm<\/strong>, asegura un desenrollado fluido y regular, sin tirones. Su cuchilla integrada permite un corte limpio, lo que evita las p\u00e9rdidas de tiempo y los trozos mal cortados. Resultado: sus cajas de cart\u00f3n se cierran limpiamente, en un solo gesto.  <\/p>\n<p data-start=\"789\" data-end=\"1098\">Su dise\u00f1o <strong data-start=\"800\" data-end=\"807\">eco<\/strong> va a lo esencial. Es ligero, manejable y f\u00e1cil de usar, incluso durante un uso repetido. Este <strong>dispensador<\/strong> es adecuado tanto para peque\u00f1as estructuras como para entornos m\u00e1s din\u00e1micos donde los env\u00edos se suceden. Se adapta naturalmente a su ritmo de trabajo, sin ralentizarle.   <\/p>\n<p data-start=\"1100\" data-end=\"1335\">Ya sea para un embalaje puntual o para un uso diario, este dispensador aporta una verdadera comodidad. Limita la fatiga de la mano y permite ganar en eficacia, sobre todo cuando hay que preparar varios paquetes seguidos. <\/p>\n<p data-start=\"1337\" data-end=\"1538\">En resumen, este <strong>dispensador de cinta adhesiva eco<\/strong> es una herramienta sencilla, fiable y pr\u00e1ctica. Hace exactamente lo que se espera de \u00e9l: ayudarle a trabajar m\u00e1s r\u00e1pido y m\u00e1s limpiamente, sin complicaciones. <\/p>\n<p data-start=\"1337\" data-end=\"1538\">\n<p data-start=\"1423\" data-end=\"1581\"><!--more--><\/p>\n<h4 data-start=\"1423\" data-end=\"1581\">Ventajas :<\/h4>\n<ul>\n<li data-start=\"112\" data-end=\"163\">Agarre c\u00f3modo para un uso prolongado.<\/li>\n<li data-start=\"166\" data-end=\"224\"><strong>Reducci\u00f3n de las p\u00e9rdidas de cinta<\/strong> gracias a un corte preciso.<\/li>\n<li data-start=\"227\" data-end=\"269\">Colocaci\u00f3n r\u00e1pida del <strong>rollo adhesivo<\/strong>.<\/li>\n<li data-start=\"324\" data-end=\"368\">Mantenimiento sencillo y uso intuitivo.<\/li>\n<li data-start=\"371\" data-end=\"403\">Buena relaci\u00f3n eficacia\/coste.<\/li>\n<li data-start=\"406\" data-end=\"465\">Ideal para optimizar el ritmo de preparaci\u00f3n de los paquetes.<\/li>\n<\/ul>\n<p>&nbsp;<\/p>\n<p><!--more--><\/p>\n<h4>Informaci\u00f3n adicional :<\/h4>\n<ul>\n<li><strong>Embalaje<\/strong>: Por unidad<\/li>\n<li><strong>Ancho del corte<\/strong>: 50 mm<\/li>\n<\/ul>\n<p>&nbsp;<\/p>\n<p><!--more--><\/p>\n<p>Encuentre aqu\u00ed nuestra cinta adhesiva marr\u00f3n BOPP de 48 mm: <span style=\"color: #d12727;\"><a style=\"color: #d12727;\" href=\"https:\/\/www.csj-emballages.com\/es\/produit\/cinta-adhesiva-bopp-marron-48-mm-x-126-m\/\">SCOTCHPVC<\/a><\/span><\/p>\n<p>&nbsp;<\/p>\n<p><!--more--><\/p>\n<p><a href=\"https:\/\/www.csj-emballages.com\/es\/categorie-produit\/envases-industriales\/carretes-y-cintas\/\">Consulte el resto de nuestra gama de dispensadores y cintas adhesivas<\/a><\/p>\n<p>&nbsp;<\/p>\n","protected":false},"excerpt":{"rendered":"<p>Dispensador de cinta adhesiva Descubra nuestro dispensador de cinta adhesiva eco de 50 mm<\/p>\n","protected":false},"featured_media":263381,"template":"","meta":{"_acf_changed":false},"product_brand":[],"product_cat":[1150,1212,1928],"product_tag":[],"class_list":{"0":"post-20517","1":"product","2":"type-product","3":"status-publish","4":"has-post-thumbnail","6":"product_cat-envasado-de-alimentos","7":"product_cat-envases-industriales","8":"product_cat-carretes-y-cintas","10":"first","11":"instock","12":"taxable","13":"shipping-taxable","14":"purchasable","15":"product-type-simple"},"acf":[],"yoast_head":"<!-- This site is optimized with the Yoast SEO Premium plugin v26.6 (Yoast SEO v26.6) - https:\/\/yoast.com\/wordpress\/plugins\/seo\/ -->\n<title>Dispensador de cinta adhesiva eco de 50 mm<\/title>\n<meta name=\"description\" content=\"Dispensador de cinta adhesiva eco de 50 mm, pr\u00e1ctico y ligero, ideal para el cierre r\u00e1pido de cajas de cart\u00f3n en entornos profesionales o dom\u00e9sticos.\" \/>\n<meta name=\"robots\" content=\"index, follow, max-snippet:-1, max-image-preview:large, max-video-preview:-1\" \/>\n<link rel=\"canonical\" href=\"https:\/\/www.csj-emballages.com\/es\/produit\/1-dispensador-eco-para-cinta-adhesiva-de-50-mm\/\" \/>\n<meta property=\"og:locale\" content=\"es_ES\" \/>\n<meta property=\"og:type\" content=\"article\" \/>\n<meta property=\"og:title\" content=\"Dispensador de cinta adhesiva eco de 50 mm\" \/>\n<meta property=\"og:description\" content=\"Dispensador de cinta adhesiva eco de 50 mm, pr\u00e1ctico y ligero, ideal para el cierre r\u00e1pido de cajas de cart\u00f3n en entornos profesionales o dom\u00e9sticos.\" \/>\n<meta property=\"og:url\" content=\"https:\/\/www.csj-emballages.com\/es\/produit\/1-dispensador-eco-para-cinta-adhesiva-de-50-mm\/\" \/>\n<meta property=\"og:site_name\" content=\"CSJ Emballages\" \/>\n<meta property=\"article:publisher\" content=\"https:\/\/www.facebook.com\/csjemballages\" \/>\n<meta property=\"article:modified_time\" content=\"2026-04-21T00:13:20+00:00\" \/>\n<meta property=\"og:image\" content=\"https:\/\/www.csj-emballages.com\/wp-content\/uploads\/2024\/03\/DEVIRUB.webp\" \/>\n\t<meta property=\"og:image:width\" content=\"800\" \/>\n\t<meta property=\"og:image:height\" content=\"800\" \/>\n\t<meta property=\"og:image:type\" content=\"image\/webp\" \/>\n<meta name=\"twitter:card\" content=\"summary_large_image\" \/>\n<script type=\"application\/ld+json\" class=\"yoast-schema-graph\">{\"@context\":\"https:\/\/schema.org\",\"@graph\":[{\"@type\":\"WebPage\",\"@id\":\"https:\/\/www.csj-emballages.com\/es\/produit\/1-dispensador-eco-para-cinta-adhesiva-de-50-mm\/\",\"url\":\"https:\/\/www.csj-emballages.com\/es\/produit\/1-dispensador-eco-para-cinta-adhesiva-de-50-mm\/\",\"name\":\"Dispensador de cinta adhesiva eco de 50 mm\",\"isPartOf\":{\"@id\":\"https:\/\/www.csj-emballages.com\/es\/#website\"},\"primaryImageOfPage\":{\"@id\":\"https:\/\/www.csj-emballages.com\/es\/produit\/1-dispensador-eco-para-cinta-adhesiva-de-50-mm\/#primaryimage\"},\"image\":{\"@id\":\"https:\/\/www.csj-emballages.com\/es\/produit\/1-dispensador-eco-para-cinta-adhesiva-de-50-mm\/#primaryimage\"},\"thumbnailUrl\":\"https:\/\/www.csj-emballages.com\/wp-content\/uploads\/2024\/03\/DEVIRUB.webp\",\"datePublished\":\"2024-03-01T15:54:33+00:00\",\"dateModified\":\"2026-04-21T00:13:20+00:00\",\"description\":\"Dispensador de cinta adhesiva eco de 50 mm, pr\u00e1ctico y ligero, ideal para el cierre r\u00e1pido de cajas de cart\u00f3n en entornos profesionales o dom\u00e9sticos.\",\"breadcrumb\":{\"@id\":\"https:\/\/www.csj-emballages.com\/es\/produit\/1-dispensador-eco-para-cinta-adhesiva-de-50-mm\/#breadcrumb\"},\"inLanguage\":\"es\",\"potentialAction\":[{\"@type\":\"ReadAction\",\"target\":[\"https:\/\/www.csj-emballages.com\/es\/produit\/1-dispensador-eco-para-cinta-adhesiva-de-50-mm\/\"]}]},{\"@type\":\"ImageObject\",\"inLanguage\":\"es\",\"@id\":\"https:\/\/www.csj-emballages.com\/es\/produit\/1-dispensador-eco-para-cinta-adhesiva-de-50-mm\/#primaryimage\",\"url\":\"https:\/\/www.csj-emballages.com\/wp-content\/uploads\/2024\/03\/DEVIRUB.webp\",\"contentUrl\":\"https:\/\/www.csj-emballages.com\/wp-content\/uploads\/2024\/03\/DEVIRUB.webp\",\"width\":800,\"height\":800,\"caption\":\"D\u00e9vidoir ruban adh\u00e9sif\"},{\"@type\":\"BreadcrumbList\",\"@id\":\"https:\/\/www.csj-emballages.com\/es\/produit\/1-dispensador-eco-para-cinta-adhesiva-de-50-mm\/#breadcrumb\",\"itemListElement\":[{\"@type\":\"ListItem\",\"position\":1,\"name\":\"Accueil\",\"item\":\"https:\/\/www.csj-emballages.com\/es\/universo-del-envasado-alimentario\/\"},{\"@type\":\"ListItem\",\"position\":2,\"name\":\"Tienda\",\"item\":\"https:\/\/www.csj-emballages.com\/tienda\/\"},{\"@type\":\"ListItem\",\"position\":3,\"name\":\"Dispensador de cinta adhesiva eco de 50 mm\"}]},{\"@type\":\"WebSite\",\"@id\":\"https:\/\/www.csj-emballages.com\/es\/#website\",\"url\":\"https:\/\/www.csj-emballages.com\/es\/\",\"name\":\"CSJ Emballages\",\"description\":\"\",\"publisher\":{\"@id\":\"https:\/\/www.csj-emballages.com\/es\/#organization\"},\"potentialAction\":[{\"@type\":\"SearchAction\",\"target\":{\"@type\":\"EntryPoint\",\"urlTemplate\":\"https:\/\/www.csj-emballages.com\/es\/?s={search_term_string}\"},\"query-input\":{\"@type\":\"PropertyValueSpecification\",\"valueRequired\":true,\"valueName\":\"search_term_string\"}}],\"inLanguage\":\"es\"},{\"@type\":\"Organization\",\"@id\":\"https:\/\/www.csj-emballages.com\/es\/#Organization\/\",\"name\":\"CSJ Emballages\",\"url\":\"https:\/\/www.csj-emballages.com\/es\/\",\"logo\":{\"@type\":\"ImageObject\",\"inLanguage\":\"es\",\"@id\":\"https:\/\/www.csj-emballages.com\/es\/#\/schema\/logo\/image\/\",\"url\":\"https:\/\/www.csj-emballages.com\/wp-content\/uploads\/2023\/10\/logo_csj.webp\",\"contentUrl\":\"https:\/\/www.csj-emballages.com\/wp-content\/uploads\/2023\/10\/logo_csj.webp\",\"width\":250,\"height\":95,\"caption\":\"CSJ Emballages\"},\"image\":{\"@id\":\"https:\/\/www.csj-emballages.com\/es\/#\/schema\/logo\/image\/\"},\"sameAs\":[\"https:\/\/www.facebook.com\/csjemballages\"],\"address\":{\"@type\":\"PostalAddress\",\"streetAddress\":\"ZI La Lechere\",\"addressLocality\":\"Patornay\",\"postalCode\":\"39130\",\"addressCountry\":\"FR\"},\"contactPoint\":[{\"@type\":\"ContactPoint\",\"contactType\":\"Service client\",\"telephone\":\"0384254272\",\"email\":\"contact@csj-emballages.com\"}]}]}<\/script>\n<!-- \/ Yoast SEO Premium plugin. -->","yoast_head_json":{"title":"Dispensador de cinta adhesiva eco de 50 mm","description":"Dispensador de cinta adhesiva eco de 50 mm, pr\u00e1ctico y ligero, ideal para el cierre r\u00e1pido de cajas de cart\u00f3n en entornos profesionales o dom\u00e9sticos.","robots":{"index":"index","follow":"follow","max-snippet":"max-snippet:-1","max-image-preview":"max-image-preview:large","max-video-preview":"max-video-preview:-1"},"canonical":"https:\/\/www.csj-emballages.com\/es\/produit\/1-dispensador-eco-para-cinta-adhesiva-de-50-mm\/","og_locale":"es_ES","og_type":"article","og_title":"Dispensador de cinta adhesiva eco de 50 mm","og_description":"Dispensador de cinta adhesiva eco de 50 mm, pr\u00e1ctico y ligero, ideal para el cierre r\u00e1pido de cajas de cart\u00f3n en entornos profesionales o dom\u00e9sticos.","og_url":"https:\/\/www.csj-emballages.com\/es\/produit\/1-dispensador-eco-para-cinta-adhesiva-de-50-mm\/","og_site_name":"CSJ Emballages","article_publisher":"https:\/\/www.facebook.com\/csjemballages","article_modified_time":"2026-04-21T00:13:20+00:00","og_image":[{"width":800,"height":800,"url":"https:\/\/www.csj-emballages.com\/wp-content\/uploads\/2024\/03\/DEVIRUB.webp","type":"image\/webp"}],"twitter_card":"summary_large_image","schema":{"@context":"https:\/\/schema.org","@graph":[{"@type":"WebPage","@id":"https:\/\/www.csj-emballages.com\/es\/produit\/1-dispensador-eco-para-cinta-adhesiva-de-50-mm\/","url":"https:\/\/www.csj-emballages.com\/es\/produit\/1-dispensador-eco-para-cinta-adhesiva-de-50-mm\/","name":"Dispensador de cinta adhesiva eco de 50 mm","isPartOf":{"@id":"https:\/\/www.csj-emballages.com\/es\/#website"},"primaryImageOfPage":{"@id":"https:\/\/www.csj-emballages.com\/es\/produit\/1-dispensador-eco-para-cinta-adhesiva-de-50-mm\/#primaryimage"},"image":{"@id":"https:\/\/www.csj-emballages.com\/es\/produit\/1-dispensador-eco-para-cinta-adhesiva-de-50-mm\/#primaryimage"},"thumbnailUrl":"https:\/\/www.csj-emballages.com\/wp-content\/uploads\/2024\/03\/DEVIRUB.webp","datePublished":"2024-03-01T15:54:33+00:00","dateModified":"2026-04-21T00:13:20+00:00","description":"Dispensador de cinta adhesiva eco de 50 mm, pr\u00e1ctico y ligero, ideal para el cierre r\u00e1pido de cajas de cart\u00f3n en entornos profesionales o dom\u00e9sticos.","breadcrumb":{"@id":"https:\/\/www.csj-emballages.com\/es\/produit\/1-dispensador-eco-para-cinta-adhesiva-de-50-mm\/#breadcrumb"},"inLanguage":"es","potentialAction":[{"@type":"ReadAction","target":["https:\/\/www.csj-emballages.com\/es\/produit\/1-dispensador-eco-para-cinta-adhesiva-de-50-mm\/"]}]},{"@type":"ImageObject","inLanguage":"es","@id":"https:\/\/www.csj-emballages.com\/es\/produit\/1-dispensador-eco-para-cinta-adhesiva-de-50-mm\/#primaryimage","url":"https:\/\/www.csj-emballages.com\/wp-content\/uploads\/2024\/03\/DEVIRUB.webp","contentUrl":"https:\/\/www.csj-emballages.com\/wp-content\/uploads\/2024\/03\/DEVIRUB.webp","width":800,"height":800,"caption":"D\u00e9vidoir ruban adh\u00e9sif"},{"@type":"BreadcrumbList","@id":"https:\/\/www.csj-emballages.com\/es\/produit\/1-dispensador-eco-para-cinta-adhesiva-de-50-mm\/#breadcrumb","itemListElement":[{"@type":"ListItem","position":1,"name":"Accueil","item":"https:\/\/www.csj-emballages.com\/es\/universo-del-envasado-alimentario\/"},{"@type":"ListItem","position":2,"name":"Tienda","item":"https:\/\/www.csj-emballages.com\/tienda\/"},{"@type":"ListItem","position":3,"name":"Dispensador de cinta adhesiva eco de 50 mm"}]},{"@type":"WebSite","@id":"https:\/\/www.csj-emballages.com\/es\/#website","url":"https:\/\/www.csj-emballages.com\/es\/","name":"CSJ Emballages","description":"","publisher":{"@id":"https:\/\/www.csj-emballages.com\/es\/#organization"},"potentialAction":[{"@type":"SearchAction","target":{"@type":"EntryPoint","urlTemplate":"https:\/\/www.csj-emballages.com\/es\/?s={search_term_string}"},"query-input":{"@type":"PropertyValueSpecification","valueRequired":true,"valueName":"search_term_string"}}],"inLanguage":"es"},{"@type":"Organization","@id":"https:\/\/www.csj-emballages.com\/es\/#Organization\/","name":"CSJ Emballages","url":"https:\/\/www.csj-emballages.com\/es\/","logo":{"@type":"ImageObject","inLanguage":"es","@id":"https:\/\/www.csj-emballages.com\/es\/#\/schema\/logo\/image\/","url":"https:\/\/www.csj-emballages.com\/wp-content\/uploads\/2023\/10\/logo_csj.webp","contentUrl":"https:\/\/www.csj-emballages.com\/wp-content\/uploads\/2023\/10\/logo_csj.webp","width":250,"height":95,"caption":"CSJ Emballages"},"image":{"@id":"https:\/\/www.csj-emballages.com\/es\/#\/schema\/logo\/image\/"},"sameAs":["https:\/\/www.facebook.com\/csjemballages"],"address":{"@type":"PostalAddress","streetAddress":"ZI La Lechere","addressLocality":"Patornay","postalCode":"39130","addressCountry":"FR"},"contactPoint":[{"@type":"ContactPoint","contactType":"Service client","telephone":"0384254272","email":"contact@csj-emballages.com"}]}]}},"df_price":11.26,"df_sale_price":"","df_regular_price":11.26,"df_image_link":"https:\/\/www.csj-emballages.com\/wp-content\/uploads\/2024\/03\/DEVIRUB-300x300.webp","tiered_pricing_type":"fixed","tiered_pricing_fixed_rules":[],"tiered_pricing_percentage_rules":[],"tiered_pricing_minimum":1,"tiered_pricing_roles_data":[],"_links":{"self":[{"href":"https:\/\/www.csj-emballages.com\/es\/wp-json\/wp\/v2\/product\/20517","targetHints":{"allow":["GET"]}}],"collection":[{"href":"https:\/\/www.csj-emballages.com\/es\/wp-json\/wp\/v2\/product"}],"about":[{"href":"https:\/\/www.csj-emballages.com\/es\/wp-json\/wp\/v2\/types\/product"}],"wp:featuredmedia":[{"embeddable":true,"href":"https:\/\/www.csj-emballages.com\/es\/wp-json\/wp\/v2\/media\/263381"}],"wp:attachment":[{"href":"https:\/\/www.csj-emballages.com\/es\/wp-json\/wp\/v2\/media?parent=20517"}],"wp:term":[{"taxonomy":"product_brand","embeddable":true,"href":"https:\/\/www.csj-emballages.com\/es\/wp-json\/wp\/v2\/product_brand?post=20517"},{"taxonomy":"product_cat","embeddable":true,"href":"https:\/\/www.csj-emballages.com\/es\/wp-json\/wp\/v2\/product_cat?post=20517"},{"taxonomy":"product_tag","embeddable":true,"href":"https:\/\/www.csj-emballages.com\/es\/wp-json\/wp\/v2\/product_tag?post=20517"}],"curies":[{"name":"wp","href":"https:\/\/api.w.org\/{rel}","templated":true}]}}