{"id":20514,"date":"2024-03-01T16:54:32","date_gmt":"2024-03-01T15:54:32","guid":{"rendered":"https:\/\/u15jnbdpoq.preview.infomaniak.website\/produit\/dosificador-de-jabon-a-presion-de-1-litro\/"},"modified":"2026-04-17T02:13:05","modified_gmt":"2026-04-17T00:13:05","slug":"dosificador-de-jabon-a-presion-de-1-litro","status":"publish","type":"product","link":"https:\/\/www.csj-emballages.com\/es\/produit\/dosificador-de-jabon-a-presion-de-1-litro\/","title":{"rendered":"Dosificador de jab\u00f3n a presi\u00f3n de 900 ml"},"content":{"rendered":"<h2>Dispensador de jab\u00f3n<\/h2>\n<hr>\n<h3>Descripci\u00f3n de nuestro dosificador de jab\u00f3n a presi\u00f3n de 1 litro<!--more--><\/h3>\n<div class=\"flex max-w-full flex-col flex-grow\">\n<div class=\"min-h-8 text-message flex w-full flex-col items-end gap-2 whitespace-normal break-words text-start [.text-message+&amp;]:mt-5\" dir=\"auto\" data-message-author-role=\"assistant\" data-message-id=\"266ca6f3-5e07-4948-bd20-80ac5e6da4a5\" data-message-model-slug=\"gpt-4o\">\n<div class=\"flex w-full flex-col gap-1 empty:hidden first:pt-[3px]\">\n<div class=\"markdown prose w-full break-words dark:prose-invert dark\"><\/div>\n<\/div>\n<\/div>\n<\/div>\n<p data-start=\"248\" data-end=\"596\">Este <strong>dispensador de jab\u00f3n a presi\u00f3n<\/strong> de <strong data-start=\"284\" data-end=\"294\">900 ml<\/strong> est\u00e1 pensado para ir a lo esencial: eficacia, simplicidad e higiene. Con su <strong>dise\u00f1o sobrio blanco<\/strong> y <strong>gris<\/strong>, se integra f\u00e1cilmente en todos los entornos, ya sean sanitarios profesionales, una cocina de restaurante, una oficina o un espacio p\u00fablico. Cumple su funci\u00f3n, sin exagerar.  <\/p>\n<p data-start=\"598\" data-end=\"1012\">Gracias a su sistema a presi\u00f3n, el uso es intuitivo. Una simple presi\u00f3n es suficiente para dispensar la cantidad justa de jab\u00f3n, lo que evita el desperdicio y mantiene las manos limpias sin salpicaduras. Es pr\u00e1ctico en el d\u00eda a d\u00eda, sobre todo en lugares de mucho tr\u00e1nsito. Adem\u00e1s, su <strong data-start=\"894\" data-end=\"923\">gran capacidad de 900 ml<\/strong> permite espaciar las recargas, lo que ahorra tiempo y simplifica el mantenimiento.   <\/p>\n<p data-start=\"1014\" data-end=\"1292\">Adem\u00e1s, su <strong>ventana transparente<\/strong> permite visualizar r\u00e1pidamente el nivel de jab\u00f3n. Sin sorpresas desagradables: sabe cu\u00e1ndo es el momento de recargarlo. Su formato mural libera espacio en las encimeras y contribuye a mantener una zona limpia y organizada.  <\/p>\n<p data-start=\"1294\" data-end=\"1514\">S\u00f3lido y fiable, este <strong>dispensador<\/strong> est\u00e1 dise\u00f1ado para un uso intensivo. Es adecuado tanto para jabones l\u00edquidos como para geles lavantes, lo que lo hace vers\u00e1til y f\u00e1cil de integrar en diferentes contextos profesionales. <\/p>\n<p data-start=\"1516\" data-end=\"1764\">En resumen, este <strong>dispensador de jab\u00f3n a presi\u00f3n<\/strong> es una soluci\u00f3n sencilla, limpia y duradera. Mejora la higiene sin complicar el d\u00eda a d\u00eda y responde perfectamente a las necesidades de los profesionales que buscan un material funcional y eficaz. <\/p>\n<p data-start=\"1516\" data-end=\"1764\">\n<p data-start=\"1516\" data-end=\"1764\"><!--more--><\/p>\n<div class=\"flex max-w-full flex-col flex-grow\">\n<div class=\"min-h-8 text-message flex w-full flex-col items-end gap-2 whitespace-normal break-words text-start [.text-message+&amp;]:mt-5\" dir=\"auto\" data-message-author-role=\"assistant\" data-message-id=\"266ca6f3-5e07-4948-bd20-80ac5e6da4a5\" data-message-model-slug=\"gpt-4o\">\n<div class=\"flex w-full flex-col gap-1 empty:hidden first:pt-[3px]\">\n<div class=\"markdown prose w-full break-words dark:prose-invert dark\">\n<p>Uso manual con una dosificaci\u00f3n de hasta 3 ml por presi\u00f3n.<\/p>\n<p>*Este dispensador se suministra con los tornillos.<\/p>\n<\/div>\n<\/div>\n<\/div>\n<\/div>\n<p>&nbsp;<\/p>\n<p><!--more--><\/p>\n<h4>Ventajas :<\/h4>\n<ul>\n<li data-start=\"1792\" data-end=\"1820\">Gran capacidad de <strong>900 ml<\/strong>.<\/li>\n<li data-start=\"1823\" data-end=\"1876\">Distribuci\u00f3n controlada gracias al sistema a presi\u00f3n.<\/li>\n<li data-start=\"1879\" data-end=\"1911\"><strong>Ventana de control<\/strong> del nivel.<\/li>\n<li data-start=\"1914\" data-end=\"1948\">Dise\u00f1o discreto y profesional.<\/li>\n<li data-start=\"1951\" data-end=\"1978\"><strong>Fijaci\u00f3n mural<\/strong> pr\u00e1ctica.<\/li>\n<li data-start=\"1981\" data-end=\"2008\">Adaptado a un uso intensivo.<\/li>\n<\/ul>\n<p>&nbsp;<\/p>\n<p><!--more--><\/p>\n<h4>Informaci\u00f3n adicional :<\/h4>\n<ul>\n<li><strong>Embalaje<\/strong>: Por unidad<\/li>\n<li><strong>Material<\/strong>: Pl\u00e1stico<\/li>\n<li><strong>Color<\/strong>: blanco<\/li>\n<li><strong>Uso<\/strong>: Presurizado \/ manual<\/li>\n<li><strong>Capacidad<\/strong>: 1 litro \/ 3 ml por exprimido<\/li>\n<\/ul>\n<p>&nbsp;<\/p>\n<p><!--more--><\/p>\n<p><a href=\"\/?product_cat=savon-main\">Ver nuestra gama de jabones de manos<\/a><\/p>\n<p>&nbsp;<\/p>\n<p><!--more--><\/p>\n<p><a href=\"https:\/\/www.csj-emballages.com\/es\/categorie-produit\/higiene-y-mantenimiento\/distribuidores\/\">Ver el resto de nuestra gama de distribuidores<\/a><\/p>\n","protected":false},"excerpt":{"rendered":"<p>Dispensador de jab\u00f3n Descripci\u00f3n de nuestro dosificador de jab\u00f3n a presi\u00f3n de 1 litro<\/p>\n","protected":false},"featured_media":256841,"template":"","meta":{"_acf_changed":false},"product_brand":[],"product_cat":[1226,1398],"product_tag":[],"class_list":{"0":"post-20514","1":"product","2":"type-product","3":"status-publish","4":"has-post-thumbnail","6":"product_cat-higiene-y-mantenimiento","7":"product_cat-distribuidores","9":"first","10":"instock","11":"taxable","12":"shipping-taxable","13":"purchasable","14":"product-type-simple"},"acf":[],"yoast_head":"<!-- This site is optimized with the Yoast SEO Premium plugin v26.6 (Yoast SEO v26.6) - https:\/\/yoast.com\/wordpress\/plugins\/seo\/ -->\n<title>Dispensador de jab\u00f3n a presi\u00f3n de 1 litro<\/title>\n<meta name=\"description\" content=\"Descubra nuestro dispensador de jab\u00f3n a presi\u00f3n de 1 litro. Con una capacidad de 1L con 3ml por presi\u00f3n manual. Uso manual.\" \/>\n<meta name=\"robots\" content=\"index, follow, max-snippet:-1, max-image-preview:large, max-video-preview:-1\" \/>\n<link rel=\"canonical\" href=\"https:\/\/www.csj-emballages.com\/es\/produit\/dosificador-de-jabon-a-presion-de-1-litro\/\" \/>\n<meta property=\"og:locale\" content=\"es_ES\" \/>\n<meta property=\"og:type\" content=\"article\" \/>\n<meta property=\"og:title\" content=\"Dosificador de jab\u00f3n a presi\u00f3n de 900 ml\" \/>\n<meta property=\"og:description\" content=\"Descubra nuestro dispensador de jab\u00f3n a presi\u00f3n de 1 litro. Con una capacidad de 1L con 3ml por presi\u00f3n manual. Uso manual.\" \/>\n<meta property=\"og:url\" content=\"https:\/\/www.csj-emballages.com\/es\/produit\/dosificador-de-jabon-a-presion-de-1-litro\/\" \/>\n<meta property=\"og:site_name\" content=\"CSJ Emballages\" \/>\n<meta property=\"article:publisher\" content=\"https:\/\/www.facebook.com\/csjemballages\" \/>\n<meta property=\"article:modified_time\" content=\"2026-04-17T00:13:05+00:00\" \/>\n<meta property=\"og:image\" content=\"https:\/\/www.csj-emballages.com\/wp-content\/uploads\/2024\/03\/DISTRI1L-2.webp\" \/>\n\t<meta property=\"og:image:width\" content=\"800\" \/>\n\t<meta property=\"og:image:height\" content=\"800\" \/>\n\t<meta property=\"og:image:type\" content=\"image\/webp\" \/>\n<meta name=\"twitter:card\" content=\"summary_large_image\" \/>\n<meta name=\"twitter:label1\" content=\"Tiempo de lectura\" \/>\n\t<meta name=\"twitter:data1\" content=\"2 minutos\" \/>\n<script type=\"application\/ld+json\" class=\"yoast-schema-graph\">{\"@context\":\"https:\/\/schema.org\",\"@graph\":[{\"@type\":\"WebPage\",\"@id\":\"https:\/\/www.csj-emballages.com\/es\/produit\/dosificador-de-jabon-a-presion-de-1-litro\/\",\"url\":\"https:\/\/www.csj-emballages.com\/es\/produit\/dosificador-de-jabon-a-presion-de-1-litro\/\",\"name\":\"Dispensador de jab\u00f3n a presi\u00f3n de 1 litro\",\"isPartOf\":{\"@id\":\"https:\/\/www.csj-emballages.com\/es\/#website\"},\"primaryImageOfPage\":{\"@id\":\"https:\/\/www.csj-emballages.com\/es\/produit\/dosificador-de-jabon-a-presion-de-1-litro\/#primaryimage\"},\"image\":{\"@id\":\"https:\/\/www.csj-emballages.com\/es\/produit\/dosificador-de-jabon-a-presion-de-1-litro\/#primaryimage\"},\"thumbnailUrl\":\"https:\/\/www.csj-emballages.com\/wp-content\/uploads\/2024\/03\/DISTRI1L-2.webp\",\"datePublished\":\"2024-03-01T15:54:32+00:00\",\"dateModified\":\"2026-04-17T00:13:05+00:00\",\"description\":\"Descubra nuestro dispensador de jab\u00f3n a presi\u00f3n de 1 litro. Con una capacidad de 1L con 3ml por presi\u00f3n manual. Uso manual.\",\"breadcrumb\":{\"@id\":\"https:\/\/www.csj-emballages.com\/es\/produit\/dosificador-de-jabon-a-presion-de-1-litro\/#breadcrumb\"},\"inLanguage\":\"es\",\"potentialAction\":[{\"@type\":\"ReadAction\",\"target\":[\"https:\/\/www.csj-emballages.com\/es\/produit\/dosificador-de-jabon-a-presion-de-1-litro\/\"]}]},{\"@type\":\"ImageObject\",\"inLanguage\":\"es\",\"@id\":\"https:\/\/www.csj-emballages.com\/es\/produit\/dosificador-de-jabon-a-presion-de-1-litro\/#primaryimage\",\"url\":\"https:\/\/www.csj-emballages.com\/wp-content\/uploads\/2024\/03\/DISTRI1L-2.webp\",\"contentUrl\":\"https:\/\/www.csj-emballages.com\/wp-content\/uploads\/2024\/03\/DISTRI1L-2.webp\",\"width\":800,\"height\":800,\"caption\":\"Distributeur savon\"},{\"@type\":\"BreadcrumbList\",\"@id\":\"https:\/\/www.csj-emballages.com\/es\/produit\/dosificador-de-jabon-a-presion-de-1-litro\/#breadcrumb\",\"itemListElement\":[{\"@type\":\"ListItem\",\"position\":1,\"name\":\"Accueil\",\"item\":\"https:\/\/www.csj-emballages.com\/es\/universo-del-envasado-alimentario\/\"},{\"@type\":\"ListItem\",\"position\":2,\"name\":\"Tienda\",\"item\":\"https:\/\/www.csj-emballages.com\/tienda\/\"},{\"@type\":\"ListItem\",\"position\":3,\"name\":\"Dosificador de jab\u00f3n a presi\u00f3n de 900 ml\"}]},{\"@type\":\"WebSite\",\"@id\":\"https:\/\/www.csj-emballages.com\/es\/#website\",\"url\":\"https:\/\/www.csj-emballages.com\/es\/\",\"name\":\"CSJ Emballages\",\"description\":\"\",\"publisher\":{\"@id\":\"https:\/\/www.csj-emballages.com\/es\/#organization\"},\"potentialAction\":[{\"@type\":\"SearchAction\",\"target\":{\"@type\":\"EntryPoint\",\"urlTemplate\":\"https:\/\/www.csj-emballages.com\/es\/?s={search_term_string}\"},\"query-input\":{\"@type\":\"PropertyValueSpecification\",\"valueRequired\":true,\"valueName\":\"search_term_string\"}}],\"inLanguage\":\"es\"},{\"@type\":\"Organization\",\"@id\":\"https:\/\/www.csj-emballages.com\/es\/#Organization\/\",\"name\":\"CSJ Emballages\",\"url\":\"https:\/\/www.csj-emballages.com\/es\/\",\"logo\":{\"@type\":\"ImageObject\",\"inLanguage\":\"es\",\"@id\":\"https:\/\/www.csj-emballages.com\/es\/#\/schema\/logo\/image\/\",\"url\":\"https:\/\/www.csj-emballages.com\/wp-content\/uploads\/2023\/10\/logo_csj.webp\",\"contentUrl\":\"https:\/\/www.csj-emballages.com\/wp-content\/uploads\/2023\/10\/logo_csj.webp\",\"width\":250,\"height\":95,\"caption\":\"CSJ Emballages\"},\"image\":{\"@id\":\"https:\/\/www.csj-emballages.com\/es\/#\/schema\/logo\/image\/\"},\"sameAs\":[\"https:\/\/www.facebook.com\/csjemballages\"],\"address\":{\"@type\":\"PostalAddress\",\"streetAddress\":\"ZI La Lechere\",\"addressLocality\":\"Patornay\",\"postalCode\":\"39130\",\"addressCountry\":\"FR\"},\"contactPoint\":[{\"@type\":\"ContactPoint\",\"contactType\":\"Service client\",\"telephone\":\"0384254272\",\"email\":\"contact@csj-emballages.com\"}]}]}<\/script>\n<!-- \/ Yoast SEO Premium plugin. -->","yoast_head_json":{"title":"Dispensador de jab\u00f3n a presi\u00f3n de 1 litro","description":"Descubra nuestro dispensador de jab\u00f3n a presi\u00f3n de 1 litro. Con una capacidad de 1L con 3ml por presi\u00f3n manual. Uso manual.","robots":{"index":"index","follow":"follow","max-snippet":"max-snippet:-1","max-image-preview":"max-image-preview:large","max-video-preview":"max-video-preview:-1"},"canonical":"https:\/\/www.csj-emballages.com\/es\/produit\/dosificador-de-jabon-a-presion-de-1-litro\/","og_locale":"es_ES","og_type":"article","og_title":"Dosificador de jab\u00f3n a presi\u00f3n de 900 ml","og_description":"Descubra nuestro dispensador de jab\u00f3n a presi\u00f3n de 1 litro. Con una capacidad de 1L con 3ml por presi\u00f3n manual. Uso manual.","og_url":"https:\/\/www.csj-emballages.com\/es\/produit\/dosificador-de-jabon-a-presion-de-1-litro\/","og_site_name":"CSJ Emballages","article_publisher":"https:\/\/www.facebook.com\/csjemballages","article_modified_time":"2026-04-17T00:13:05+00:00","og_image":[{"width":800,"height":800,"url":"https:\/\/www.csj-emballages.com\/wp-content\/uploads\/2024\/03\/DISTRI1L-2.webp","type":"image\/webp"}],"twitter_card":"summary_large_image","twitter_misc":{"Tiempo de lectura":"2 minutos"},"schema":{"@context":"https:\/\/schema.org","@graph":[{"@type":"WebPage","@id":"https:\/\/www.csj-emballages.com\/es\/produit\/dosificador-de-jabon-a-presion-de-1-litro\/","url":"https:\/\/www.csj-emballages.com\/es\/produit\/dosificador-de-jabon-a-presion-de-1-litro\/","name":"Dispensador de jab\u00f3n a presi\u00f3n de 1 litro","isPartOf":{"@id":"https:\/\/www.csj-emballages.com\/es\/#website"},"primaryImageOfPage":{"@id":"https:\/\/www.csj-emballages.com\/es\/produit\/dosificador-de-jabon-a-presion-de-1-litro\/#primaryimage"},"image":{"@id":"https:\/\/www.csj-emballages.com\/es\/produit\/dosificador-de-jabon-a-presion-de-1-litro\/#primaryimage"},"thumbnailUrl":"https:\/\/www.csj-emballages.com\/wp-content\/uploads\/2024\/03\/DISTRI1L-2.webp","datePublished":"2024-03-01T15:54:32+00:00","dateModified":"2026-04-17T00:13:05+00:00","description":"Descubra nuestro dispensador de jab\u00f3n a presi\u00f3n de 1 litro. Con una capacidad de 1L con 3ml por presi\u00f3n manual. Uso manual.","breadcrumb":{"@id":"https:\/\/www.csj-emballages.com\/es\/produit\/dosificador-de-jabon-a-presion-de-1-litro\/#breadcrumb"},"inLanguage":"es","potentialAction":[{"@type":"ReadAction","target":["https:\/\/www.csj-emballages.com\/es\/produit\/dosificador-de-jabon-a-presion-de-1-litro\/"]}]},{"@type":"ImageObject","inLanguage":"es","@id":"https:\/\/www.csj-emballages.com\/es\/produit\/dosificador-de-jabon-a-presion-de-1-litro\/#primaryimage","url":"https:\/\/www.csj-emballages.com\/wp-content\/uploads\/2024\/03\/DISTRI1L-2.webp","contentUrl":"https:\/\/www.csj-emballages.com\/wp-content\/uploads\/2024\/03\/DISTRI1L-2.webp","width":800,"height":800,"caption":"Distributeur savon"},{"@type":"BreadcrumbList","@id":"https:\/\/www.csj-emballages.com\/es\/produit\/dosificador-de-jabon-a-presion-de-1-litro\/#breadcrumb","itemListElement":[{"@type":"ListItem","position":1,"name":"Accueil","item":"https:\/\/www.csj-emballages.com\/es\/universo-del-envasado-alimentario\/"},{"@type":"ListItem","position":2,"name":"Tienda","item":"https:\/\/www.csj-emballages.com\/tienda\/"},{"@type":"ListItem","position":3,"name":"Dosificador de jab\u00f3n a presi\u00f3n de 900 ml"}]},{"@type":"WebSite","@id":"https:\/\/www.csj-emballages.com\/es\/#website","url":"https:\/\/www.csj-emballages.com\/es\/","name":"CSJ Emballages","description":"","publisher":{"@id":"https:\/\/www.csj-emballages.com\/es\/#organization"},"potentialAction":[{"@type":"SearchAction","target":{"@type":"EntryPoint","urlTemplate":"https:\/\/www.csj-emballages.com\/es\/?s={search_term_string}"},"query-input":{"@type":"PropertyValueSpecification","valueRequired":true,"valueName":"search_term_string"}}],"inLanguage":"es"},{"@type":"Organization","@id":"https:\/\/www.csj-emballages.com\/es\/#Organization\/","name":"CSJ Emballages","url":"https:\/\/www.csj-emballages.com\/es\/","logo":{"@type":"ImageObject","inLanguage":"es","@id":"https:\/\/www.csj-emballages.com\/es\/#\/schema\/logo\/image\/","url":"https:\/\/www.csj-emballages.com\/wp-content\/uploads\/2023\/10\/logo_csj.webp","contentUrl":"https:\/\/www.csj-emballages.com\/wp-content\/uploads\/2023\/10\/logo_csj.webp","width":250,"height":95,"caption":"CSJ Emballages"},"image":{"@id":"https:\/\/www.csj-emballages.com\/es\/#\/schema\/logo\/image\/"},"sameAs":["https:\/\/www.facebook.com\/csjemballages"],"address":{"@type":"PostalAddress","streetAddress":"ZI La Lechere","addressLocality":"Patornay","postalCode":"39130","addressCountry":"FR"},"contactPoint":[{"@type":"ContactPoint","contactType":"Service client","telephone":"0384254272","email":"contact@csj-emballages.com"}]}]}},"df_price":18.06,"df_sale_price":"","df_regular_price":18.06,"df_image_link":"https:\/\/www.csj-emballages.com\/wp-content\/uploads\/2024\/03\/DISTRI1L-2-300x300.webp","tiered_pricing_type":"fixed","tiered_pricing_fixed_rules":[],"tiered_pricing_percentage_rules":[],"tiered_pricing_minimum":1,"tiered_pricing_roles_data":[],"_links":{"self":[{"href":"https:\/\/www.csj-emballages.com\/es\/wp-json\/wp\/v2\/product\/20514","targetHints":{"allow":["GET"]}}],"collection":[{"href":"https:\/\/www.csj-emballages.com\/es\/wp-json\/wp\/v2\/product"}],"about":[{"href":"https:\/\/www.csj-emballages.com\/es\/wp-json\/wp\/v2\/types\/product"}],"wp:featuredmedia":[{"embeddable":true,"href":"https:\/\/www.csj-emballages.com\/es\/wp-json\/wp\/v2\/media\/256841"}],"wp:attachment":[{"href":"https:\/\/www.csj-emballages.com\/es\/wp-json\/wp\/v2\/media?parent=20514"}],"wp:term":[{"taxonomy":"product_brand","embeddable":true,"href":"https:\/\/www.csj-emballages.com\/es\/wp-json\/wp\/v2\/product_brand?post=20514"},{"taxonomy":"product_cat","embeddable":true,"href":"https:\/\/www.csj-emballages.com\/es\/wp-json\/wp\/v2\/product_cat?post=20514"},{"taxonomy":"product_tag","embeddable":true,"href":"https:\/\/www.csj-emballages.com\/es\/wp-json\/wp\/v2\/product_tag?post=20514"}],"curies":[{"name":"wp","href":"https:\/\/api.w.org\/{rel}","templated":true}]}}