{"id":20505,"date":"2024-03-01T16:54:33","date_gmt":"2024-03-01T15:54:33","guid":{"rendered":"https:\/\/u15jnbdpoq.preview.infomaniak.website\/produit\/hoja-de-examen-2-pliegues-en-relieve-135-medidas-50-x-35-cm\/"},"modified":"2026-05-06T02:13:29","modified_gmt":"2026-05-06T00:13:29","slug":"hoja-de-examen-2-pliegues-en-relieve-135-medidas-50-x-35-cm","status":"publish","type":"product","link":"https:\/\/www.csj-emballages.com\/es\/produit\/hoja-de-examen-2-pliegues-en-relieve-135-medidas-50-x-35-cm\/","title":{"rendered":"Hoja de examen 2 pliegues en relieve 135 medidas 50 x 35 cm"},"content":{"rendered":"<h2>Rollo de camilla de examen<\/h2>\n<hr>\n<h3>Descubra nuestro rollo de camilla de examen de 2 capas gofradas, 135 unidades de 50 x 35 cm<\/h3>\n<p><!--more--><\/p>\n<p data-start=\"242\" data-end=\"621\">Cuando se encadenan las consultas, se necesitan productos sencillos, fiables y c\u00f3modos. Este <strong data-start=\"340\" data-end=\"372\">rollo de camilla de examen de 2 capas gofradas<\/strong> responde exactamente a esta necesidad. Dise\u00f1ado para el uso diario, protege eficazmente las mesas de exploraci\u00f3n a la vez que ofrece una sensaci\u00f3n agradable al contacto con la piel. Gracias a su papel gofrado, combina suavidad y resistencia, sin concesiones.   <\/p>\n<p data-start=\"623\" data-end=\"966\">Con sus <strong data-start=\"632\" data-end=\"673\">135 unidades precortadas de 50 x 35 cm<\/strong>, el rollo permite un uso r\u00e1pido y sin p\u00e9rdidas. Cada hoja se desprende f\u00e1cilmente, lo que ahorra tiempo entre pacientes. Es una verdadera ventaja para mantener un ritmo fluido, sobre todo en <strong>consultorios m\u00e9dicos, centros de atenci\u00f3n, salones de bienestar o institutos<\/strong>.  <\/p>\n<p data-start=\"968\" data-end=\"1260\">El <strong data-start=\"971\" data-end=\"985\">doble pliegue<\/strong> proporciona una mejor absorci\u00f3n y limita el riesgo de desgarro durante el examen. De este modo, la mesa permanece limpia durante m\u00e1s tiempo y la higiene se controla perfectamente. Adem\u00e1s, su formato se adapta a la mayor\u00eda de las mesas est\u00e1ndar, lo que evita ajustes innecesarios.  <\/p>\n<p data-start=\"1262\" data-end=\"1601\">Adem\u00e1s, este <strong>rollo de camilla de examen<\/strong> est\u00e1 acondicionado de forma pr\u00e1ctica, lo que facilita su almacenamiento y colocaci\u00f3n. Se integra de forma natural en la organizaci\u00f3n del d\u00eda a d\u00eda, sin a\u00f1adir limitaciones. Discreto, eficaz y agradable de usar, contribuye a crear un entorno tranquilizador tanto para el profesional como para el paciente.  <\/p>\n<p data-start=\"1603\" data-end=\"1744\">En resumen, este <strong>rollo de camilla de examen<\/strong> es un elemento indispensable para trabajar con serenidad, con una soluci\u00f3n higi\u00e9nica, c\u00f3moda y f\u00e1cil de usar.<\/p>\n<p data-start=\"1603\" data-end=\"1744\">\n<p data-start=\"1603\" data-end=\"1744\"><!--more--><\/p>\n<h4 data-start=\"1603\" data-end=\"1744\">Ventajas :<\/h4>\n<ul>\n<li data-start=\"1772\" data-end=\"1806\"><strong>Papel gofrado suave<\/strong> y resistente.<\/li>\n<li data-start=\"1809\" data-end=\"1848\"><strong>2 capas<\/strong> para una mejor absorci\u00f3n.<\/li>\n<li data-start=\"1851\" data-end=\"1887\"><strong>135 unidades<\/strong> precortadas pr\u00e1cticas.<\/li>\n<li data-start=\"1890\" data-end=\"1921\">F\u00e1cil de desenrollar y cortar.<\/li>\n<li data-start=\"1924\" data-end=\"1963\">Adaptado a las mesas de exploraci\u00f3n est\u00e1ndar.<\/li>\n<li data-start=\"1966\" data-end=\"2007\">Ideal para uso m\u00e9dico o de bienestar.<\/li>\n<\/ul>\n<p>&nbsp;<\/p>\n<p><!--more--><\/p>\n<p><strong>Informaci\u00f3n adicional :  <\/strong><\/p>\n<ul>\n<li><strong>Embalaje<\/strong>: Por unidad<\/li>\n<li><strong>Anchura<\/strong>: 50 cm<\/li>\n<li><strong>Material<\/strong>: <span style=\"background-color: #ffffff;\">100 % guata pura<\/span><\/li>\n<li><span style=\"background-color: #ffffff;\"><strong>Dimensiones<\/strong>: 135 unidades de 35 cm<\/span><\/li>\n<\/ul>\n<p>&nbsp;<\/p>\n<p><!--more--><\/p>\n<p><a href=\"https:\/\/www.csj-emballages.com\/es\/universo-de-la-higiene\/\">Consulte el resto de nuestra gama de higiene  <\/a><\/p>\n","protected":false},"excerpt":{"rendered":"<p>Rollo de camilla de examen Descubra nuestro rollo de camilla de examen de 2 capas gofradas, 135 unidades de 50 x 35 cm<\/p>\n","protected":false},"featured_media":221079,"template":"","meta":{"_acf_changed":false},"product_brand":[],"product_cat":[1226,2560],"product_tag":[],"class_list":{"0":"post-20505","1":"product","2":"type-product","3":"status-publish","4":"has-post-thumbnail","6":"product_cat-higiene-y-mantenimiento","7":"product_cat-hojas-de-examen","9":"first","10":"instock","11":"taxable","12":"shipping-taxable","13":"purchasable","14":"product-type-simple"},"acf":[],"yoast_head":"<!-- This site is optimized with the Yoast SEO Premium plugin v26.6 (Yoast SEO v26.6) - https:\/\/yoast.com\/wordpress\/plugins\/seo\/ -->\n<title>Rollo de camilla de examen de 2 capas gofradas, 135 unidades de 50 x 35 cm<\/title>\n<meta name=\"description\" content=\"Rollo de camilla de examen de 2 capas gofradas de 50 x 35 cm, 135 unidades precortadas. Comodidad, higiene y practicidad para consultorios m\u00e9dicos y centros de atenci\u00f3n.\" \/>\n<meta name=\"robots\" content=\"index, follow, max-snippet:-1, max-image-preview:large, max-video-preview:-1\" \/>\n<link rel=\"canonical\" href=\"https:\/\/www.csj-emballages.com\/es\/produit\/hoja-de-examen-2-pliegues-en-relieve-135-medidas-50-x-35-cm\/\" \/>\n<meta property=\"og:locale\" content=\"es_ES\" \/>\n<meta property=\"og:type\" content=\"article\" \/>\n<meta property=\"og:title\" content=\"Hoja de examen 2 pliegues en relieve 135 medidas 50 x 35 cm\" \/>\n<meta property=\"og:description\" content=\"Rollo de camilla de examen de 2 capas gofradas de 50 x 35 cm, 135 unidades precortadas. Comodidad, higiene y practicidad para consultorios m\u00e9dicos y centros de atenci\u00f3n.\" \/>\n<meta property=\"og:url\" content=\"https:\/\/www.csj-emballages.com\/es\/produit\/hoja-de-examen-2-pliegues-en-relieve-135-medidas-50-x-35-cm\/\" \/>\n<meta property=\"og:site_name\" content=\"CSJ Emballages\" \/>\n<meta property=\"article:publisher\" content=\"https:\/\/www.facebook.com\/csjemballages\" \/>\n<meta property=\"article:modified_time\" content=\"2026-05-06T00:13:29+00:00\" \/>\n<meta property=\"og:image\" content=\"https:\/\/www.csj-emballages.com\/wp-content\/uploads\/2024\/03\/DRAP-EXAMEN-BLANC-2-PLIS-J226PMR.webp\" \/>\n\t<meta property=\"og:image:width\" content=\"800\" \/>\n\t<meta property=\"og:image:height\" content=\"800\" \/>\n\t<meta property=\"og:image:type\" content=\"image\/webp\" \/>\n<meta name=\"twitter:card\" content=\"summary_large_image\" \/>\n<meta name=\"twitter:label1\" content=\"Tiempo de lectura\" \/>\n\t<meta name=\"twitter:data1\" content=\"2 minutos\" \/>\n<script type=\"application\/ld+json\" class=\"yoast-schema-graph\">{\"@context\":\"https:\/\/schema.org\",\"@graph\":[{\"@type\":\"WebPage\",\"@id\":\"https:\/\/www.csj-emballages.com\/es\/produit\/hoja-de-examen-2-pliegues-en-relieve-135-medidas-50-x-35-cm\/\",\"url\":\"https:\/\/www.csj-emballages.com\/es\/produit\/hoja-de-examen-2-pliegues-en-relieve-135-medidas-50-x-35-cm\/\",\"name\":\"Rollo de camilla de examen de 2 capas gofradas, 135 unidades de 50 x 35 cm\",\"isPartOf\":{\"@id\":\"https:\/\/www.csj-emballages.com\/es\/#website\"},\"primaryImageOfPage\":{\"@id\":\"https:\/\/www.csj-emballages.com\/es\/produit\/hoja-de-examen-2-pliegues-en-relieve-135-medidas-50-x-35-cm\/#primaryimage\"},\"image\":{\"@id\":\"https:\/\/www.csj-emballages.com\/es\/produit\/hoja-de-examen-2-pliegues-en-relieve-135-medidas-50-x-35-cm\/#primaryimage\"},\"thumbnailUrl\":\"https:\/\/www.csj-emballages.com\/wp-content\/uploads\/2024\/03\/DRAP-EXAMEN-BLANC-2-PLIS-J226PMR.webp\",\"datePublished\":\"2024-03-01T15:54:33+00:00\",\"dateModified\":\"2026-05-06T00:13:29+00:00\",\"description\":\"Rollo de camilla de examen de 2 capas gofradas de 50 x 35 cm, 135 unidades precortadas. Comodidad, higiene y practicidad para consultorios m\u00e9dicos y centros de atenci\u00f3n.\",\"breadcrumb\":{\"@id\":\"https:\/\/www.csj-emballages.com\/es\/produit\/hoja-de-examen-2-pliegues-en-relieve-135-medidas-50-x-35-cm\/#breadcrumb\"},\"inLanguage\":\"es\",\"potentialAction\":[{\"@type\":\"ReadAction\",\"target\":[\"https:\/\/www.csj-emballages.com\/es\/produit\/hoja-de-examen-2-pliegues-en-relieve-135-medidas-50-x-35-cm\/\"]}]},{\"@type\":\"ImageObject\",\"inLanguage\":\"es\",\"@id\":\"https:\/\/www.csj-emballages.com\/es\/produit\/hoja-de-examen-2-pliegues-en-relieve-135-medidas-50-x-35-cm\/#primaryimage\",\"url\":\"https:\/\/www.csj-emballages.com\/wp-content\/uploads\/2024\/03\/DRAP-EXAMEN-BLANC-2-PLIS-J226PMR.webp\",\"contentUrl\":\"https:\/\/www.csj-emballages.com\/wp-content\/uploads\/2024\/03\/DRAP-EXAMEN-BLANC-2-PLIS-J226PMR.webp\",\"width\":800,\"height\":800,\"caption\":\"Drap d'examen\"},{\"@type\":\"BreadcrumbList\",\"@id\":\"https:\/\/www.csj-emballages.com\/es\/produit\/hoja-de-examen-2-pliegues-en-relieve-135-medidas-50-x-35-cm\/#breadcrumb\",\"itemListElement\":[{\"@type\":\"ListItem\",\"position\":1,\"name\":\"Accueil\",\"item\":\"https:\/\/www.csj-emballages.com\/es\/universo-del-envasado-alimentario\/\"},{\"@type\":\"ListItem\",\"position\":2,\"name\":\"Tienda\",\"item\":\"https:\/\/www.csj-emballages.com\/tienda\/\"},{\"@type\":\"ListItem\",\"position\":3,\"name\":\"Hoja de examen 2 pliegues en relieve 135 medidas 50 x 35 cm\"}]},{\"@type\":\"WebSite\",\"@id\":\"https:\/\/www.csj-emballages.com\/es\/#website\",\"url\":\"https:\/\/www.csj-emballages.com\/es\/\",\"name\":\"CSJ Emballages\",\"description\":\"\",\"publisher\":{\"@id\":\"https:\/\/www.csj-emballages.com\/es\/#organization\"},\"potentialAction\":[{\"@type\":\"SearchAction\",\"target\":{\"@type\":\"EntryPoint\",\"urlTemplate\":\"https:\/\/www.csj-emballages.com\/es\/?s={search_term_string}\"},\"query-input\":{\"@type\":\"PropertyValueSpecification\",\"valueRequired\":true,\"valueName\":\"search_term_string\"}}],\"inLanguage\":\"es\"},{\"@type\":\"Organization\",\"@id\":\"https:\/\/www.csj-emballages.com\/es\/#Organization\/\",\"name\":\"CSJ Emballages\",\"url\":\"https:\/\/www.csj-emballages.com\/es\/\",\"logo\":{\"@type\":\"ImageObject\",\"inLanguage\":\"es\",\"@id\":\"https:\/\/www.csj-emballages.com\/es\/#\/schema\/logo\/image\/\",\"url\":\"https:\/\/www.csj-emballages.com\/wp-content\/uploads\/2023\/10\/logo_csj.webp\",\"contentUrl\":\"https:\/\/www.csj-emballages.com\/wp-content\/uploads\/2023\/10\/logo_csj.webp\",\"width\":250,\"height\":95,\"caption\":\"CSJ Emballages\"},\"image\":{\"@id\":\"https:\/\/www.csj-emballages.com\/es\/#\/schema\/logo\/image\/\"},\"sameAs\":[\"https:\/\/www.facebook.com\/csjemballages\"],\"address\":{\"@type\":\"PostalAddress\",\"streetAddress\":\"ZI La Lechere\",\"addressLocality\":\"Patornay\",\"postalCode\":\"39130\",\"addressCountry\":\"FR\"},\"contactPoint\":[{\"@type\":\"ContactPoint\",\"contactType\":\"Service client\",\"telephone\":\"0384254272\",\"email\":\"contact@csj-emballages.com\"}]}]}<\/script>\n<!-- \/ Yoast SEO Premium plugin. -->","yoast_head_json":{"title":"Rollo de camilla de examen de 2 capas gofradas, 135 unidades de 50 x 35 cm","description":"Rollo de camilla de examen de 2 capas gofradas de 50 x 35 cm, 135 unidades precortadas. Comodidad, higiene y practicidad para consultorios m\u00e9dicos y centros de atenci\u00f3n.","robots":{"index":"index","follow":"follow","max-snippet":"max-snippet:-1","max-image-preview":"max-image-preview:large","max-video-preview":"max-video-preview:-1"},"canonical":"https:\/\/www.csj-emballages.com\/es\/produit\/hoja-de-examen-2-pliegues-en-relieve-135-medidas-50-x-35-cm\/","og_locale":"es_ES","og_type":"article","og_title":"Hoja de examen 2 pliegues en relieve 135 medidas 50 x 35 cm","og_description":"Rollo de camilla de examen de 2 capas gofradas de 50 x 35 cm, 135 unidades precortadas. Comodidad, higiene y practicidad para consultorios m\u00e9dicos y centros de atenci\u00f3n.","og_url":"https:\/\/www.csj-emballages.com\/es\/produit\/hoja-de-examen-2-pliegues-en-relieve-135-medidas-50-x-35-cm\/","og_site_name":"CSJ Emballages","article_publisher":"https:\/\/www.facebook.com\/csjemballages","article_modified_time":"2026-05-06T00:13:29+00:00","og_image":[{"width":800,"height":800,"url":"https:\/\/www.csj-emballages.com\/wp-content\/uploads\/2024\/03\/DRAP-EXAMEN-BLANC-2-PLIS-J226PMR.webp","type":"image\/webp"}],"twitter_card":"summary_large_image","twitter_misc":{"Tiempo de lectura":"2 minutos"},"schema":{"@context":"https:\/\/schema.org","@graph":[{"@type":"WebPage","@id":"https:\/\/www.csj-emballages.com\/es\/produit\/hoja-de-examen-2-pliegues-en-relieve-135-medidas-50-x-35-cm\/","url":"https:\/\/www.csj-emballages.com\/es\/produit\/hoja-de-examen-2-pliegues-en-relieve-135-medidas-50-x-35-cm\/","name":"Rollo de camilla de examen de 2 capas gofradas, 135 unidades de 50 x 35 cm","isPartOf":{"@id":"https:\/\/www.csj-emballages.com\/es\/#website"},"primaryImageOfPage":{"@id":"https:\/\/www.csj-emballages.com\/es\/produit\/hoja-de-examen-2-pliegues-en-relieve-135-medidas-50-x-35-cm\/#primaryimage"},"image":{"@id":"https:\/\/www.csj-emballages.com\/es\/produit\/hoja-de-examen-2-pliegues-en-relieve-135-medidas-50-x-35-cm\/#primaryimage"},"thumbnailUrl":"https:\/\/www.csj-emballages.com\/wp-content\/uploads\/2024\/03\/DRAP-EXAMEN-BLANC-2-PLIS-J226PMR.webp","datePublished":"2024-03-01T15:54:33+00:00","dateModified":"2026-05-06T00:13:29+00:00","description":"Rollo de camilla de examen de 2 capas gofradas de 50 x 35 cm, 135 unidades precortadas. Comodidad, higiene y practicidad para consultorios m\u00e9dicos y centros de atenci\u00f3n.","breadcrumb":{"@id":"https:\/\/www.csj-emballages.com\/es\/produit\/hoja-de-examen-2-pliegues-en-relieve-135-medidas-50-x-35-cm\/#breadcrumb"},"inLanguage":"es","potentialAction":[{"@type":"ReadAction","target":["https:\/\/www.csj-emballages.com\/es\/produit\/hoja-de-examen-2-pliegues-en-relieve-135-medidas-50-x-35-cm\/"]}]},{"@type":"ImageObject","inLanguage":"es","@id":"https:\/\/www.csj-emballages.com\/es\/produit\/hoja-de-examen-2-pliegues-en-relieve-135-medidas-50-x-35-cm\/#primaryimage","url":"https:\/\/www.csj-emballages.com\/wp-content\/uploads\/2024\/03\/DRAP-EXAMEN-BLANC-2-PLIS-J226PMR.webp","contentUrl":"https:\/\/www.csj-emballages.com\/wp-content\/uploads\/2024\/03\/DRAP-EXAMEN-BLANC-2-PLIS-J226PMR.webp","width":800,"height":800,"caption":"Drap d'examen"},{"@type":"BreadcrumbList","@id":"https:\/\/www.csj-emballages.com\/es\/produit\/hoja-de-examen-2-pliegues-en-relieve-135-medidas-50-x-35-cm\/#breadcrumb","itemListElement":[{"@type":"ListItem","position":1,"name":"Accueil","item":"https:\/\/www.csj-emballages.com\/es\/universo-del-envasado-alimentario\/"},{"@type":"ListItem","position":2,"name":"Tienda","item":"https:\/\/www.csj-emballages.com\/tienda\/"},{"@type":"ListItem","position":3,"name":"Hoja de examen 2 pliegues en relieve 135 medidas 50 x 35 cm"}]},{"@type":"WebSite","@id":"https:\/\/www.csj-emballages.com\/es\/#website","url":"https:\/\/www.csj-emballages.com\/es\/","name":"CSJ Emballages","description":"","publisher":{"@id":"https:\/\/www.csj-emballages.com\/es\/#organization"},"potentialAction":[{"@type":"SearchAction","target":{"@type":"EntryPoint","urlTemplate":"https:\/\/www.csj-emballages.com\/es\/?s={search_term_string}"},"query-input":{"@type":"PropertyValueSpecification","valueRequired":true,"valueName":"search_term_string"}}],"inLanguage":"es"},{"@type":"Organization","@id":"https:\/\/www.csj-emballages.com\/es\/#Organization\/","name":"CSJ Emballages","url":"https:\/\/www.csj-emballages.com\/es\/","logo":{"@type":"ImageObject","inLanguage":"es","@id":"https:\/\/www.csj-emballages.com\/es\/#\/schema\/logo\/image\/","url":"https:\/\/www.csj-emballages.com\/wp-content\/uploads\/2023\/10\/logo_csj.webp","contentUrl":"https:\/\/www.csj-emballages.com\/wp-content\/uploads\/2023\/10\/logo_csj.webp","width":250,"height":95,"caption":"CSJ Emballages"},"image":{"@id":"https:\/\/www.csj-emballages.com\/es\/#\/schema\/logo\/image\/"},"sameAs":["https:\/\/www.facebook.com\/csjemballages"],"address":{"@type":"PostalAddress","streetAddress":"ZI La Lechere","addressLocality":"Patornay","postalCode":"39130","addressCountry":"FR"},"contactPoint":[{"@type":"ContactPoint","contactType":"Service client","telephone":"0384254272","email":"contact@csj-emballages.com"}]}]}},"df_price":4.93,"df_sale_price":"","df_regular_price":4.93,"df_image_link":"https:\/\/www.csj-emballages.com\/wp-content\/uploads\/2024\/03\/DRAP-EXAMEN-BLANC-2-PLIS-J226PMR-300x300.webp","tiered_pricing_type":"fixed","tiered_pricing_fixed_rules":[],"tiered_pricing_percentage_rules":[],"tiered_pricing_minimum":1,"tiered_pricing_roles_data":[],"_links":{"self":[{"href":"https:\/\/www.csj-emballages.com\/es\/wp-json\/wp\/v2\/product\/20505","targetHints":{"allow":["GET"]}}],"collection":[{"href":"https:\/\/www.csj-emballages.com\/es\/wp-json\/wp\/v2\/product"}],"about":[{"href":"https:\/\/www.csj-emballages.com\/es\/wp-json\/wp\/v2\/types\/product"}],"wp:featuredmedia":[{"embeddable":true,"href":"https:\/\/www.csj-emballages.com\/es\/wp-json\/wp\/v2\/media\/221079"}],"wp:attachment":[{"href":"https:\/\/www.csj-emballages.com\/es\/wp-json\/wp\/v2\/media?parent=20505"}],"wp:term":[{"taxonomy":"product_brand","embeddable":true,"href":"https:\/\/www.csj-emballages.com\/es\/wp-json\/wp\/v2\/product_brand?post=20505"},{"taxonomy":"product_cat","embeddable":true,"href":"https:\/\/www.csj-emballages.com\/es\/wp-json\/wp\/v2\/product_cat?post=20505"},{"taxonomy":"product_tag","embeddable":true,"href":"https:\/\/www.csj-emballages.com\/es\/wp-json\/wp\/v2\/product_tag?post=20505"}],"curies":[{"name":"wp","href":"https:\/\/api.w.org\/{rel}","templated":true}]}}