{"id":20494,"date":"2024-03-01T16:54:37","date_gmt":"2024-03-01T15:54:37","guid":{"rendered":"https:\/\/u15jnbdpoq.preview.infomaniak.website\/produit\/25-cucharas-chinas-de-plastico-cristal\/"},"modified":"2026-04-18T02:13:59","modified_gmt":"2026-04-18T00:13:59","slug":"25-cucharas-chinas-de-plastico-cristal","status":"publish","type":"product","link":"https:\/\/www.csj-emballages.com\/es\/produit\/25-cucharas-chinas-de-plastico-cristal\/","title":{"rendered":"Cuchara \u00abchina\u00bb de pl\u00e1stico 25 piezas"},"content":{"rendered":"<h2 id=\"prod-h1\" class=\"prod-details__name prod__name ai-optimize-52\">Cuchara de pl\u00e1stico<\/h2>\n<div style=\"font-family: Roboto, sans-serif;\">\n<div style=\"font-family: Roboto, sans-serif;\">\n<div style=\"font-family: Roboto, sans-serif;\">\n<div style=\"font-family: Roboto, sans-serif;\">\n<div style=\"font-family: Roboto, sans-serif;\">\n<div style=\"font-family: Roboto, sans-serif;\">\n<hr>\n<h3 class=\"ai-optimize-27\">Descripci\u00f3n de nuestra cuchara \u00abchina\u00bb verrine de pl\u00e1stico, cristal, 25 piezas<\/h3>\n<p><!--more--><\/p>\n<\/div>\n<\/div>\n<\/div>\n<\/div>\n<\/div>\n<\/div>\n<p class=\"ai-optimize-59 ai-optimize-introduction\" data-start=\"327\" data-end=\"602\">Elegantes, pr\u00e1cticas y siempre listas para realzar sus presentaciones, las <strong>verrinas de pl\u00e1stico<\/strong> <strong>en forma de cuchara<\/strong> <strong>\u00abchina<\/strong> \u00bb son imprescindibles en todos sus eventos, buffets y c\u00f3cteles. Se venden en paquetes de <strong>25<\/strong> unidades y ofrecen un excelente compromiso entre est\u00e9tica y practicidad. Su forma de <strong>cuchara<\/strong> curvada de estilo asi\u00e1tico est\u00e1 muy de moda y permite una presentaci\u00f3n individual y refinada de sus entrantes, aperitivos, postres o creaciones saladas. Fabricada en <strong>pl\u00e1stico<\/strong> r\u00edgido <strong>efecto cristal<\/strong>, imita a la perfecci\u00f3n la transparencia del vidrio, pero es <strong data-start=\"885\" data-end=\"899\">irrompible<\/strong>, <strong data-start=\"901\" data-end=\"911\">ligera<\/strong> y <strong data-start=\"915\" data-end=\"937\">f\u00e1cil de manejar<\/strong>, incluso para un servicio r\u00e1pido.   <\/p>\n<p class=\"ai-optimize-60\" data-start=\"964\" data-end=\"1299\">Este formato es especialmente popular entre <strong data-start=\"1012\" data-end=\"1025\">empresas de catering<\/strong> y <strong data-start=\"1027\" data-end=\"1044\">restauradores<\/strong>, as\u00ed como entre <strong data-start=\"1065\" data-end=\"1091\">clientes particulares exigentes<\/strong> que desean impresionar a sus invitados sin comprometer la comodidad ni la seguridad. Gracias a su dise\u00f1o ergon\u00f3mico, cada invitado puede utilizarlo f\u00e1cilmente con una sola mano, lo que lo hace ideal para recepciones de pie. <\/p>\n<p class=\"ai-optimize-61\" data-start=\"1301\" data-end=\"1465\">Su formato mini permite comerlo en un bocado, al tiempo que ofrece la profundidad suficiente para dar cabida a salsas, cremas, mousses o preparaciones m\u00e1s complejas.<\/p>\n<p class=\"ai-optimize-62\" data-start=\"1467\" data-end=\"1678\">Reutilizable en determinadas condiciones, tambi\u00e9n es una <strong data-start=\"1535\" data-end=\"1571\">elegante soluci\u00f3n de un solo uso<\/strong> para sus eventos profesionales o privados. Un aut\u00e9ntico valor a\u00f1adido para sus presentaciones culinarias. <\/p>\n<p><!--more--><\/p>\n<div style=\"font-family: Roboto, sans-serif;\">\n<div style=\"font-family: Roboto, sans-serif;\">\n<div style=\"font-family: Roboto, sans-serif;\">\n<div style=\"font-family: Roboto, sans-serif;\">\n<div style=\"font-family: Roboto, sans-serif;\">\n<div style=\"font-family: Roboto, sans-serif;\">\n<p class=\"ai-optimize-30\"><strong>Sus ventajas:<\/strong><\/p>\n<ul>\n<li class=\"ai-optimize-31\">Elegante dise\u00f1o de cuchara asi\u00e1tica.<\/li>\n<li class=\"ai-optimize-32\"><strong>Pl\u00e1stico r\u00edgido efecto cristal<\/strong>: chic e irrompible.<\/li>\n<li class=\"ai-optimize-33\">Perfecto para aperitivos o postres.<\/li>\n<li class=\"ai-optimize-34\">Estable, ergon\u00f3mica y f\u00e1cil de manejar.<\/li>\n<li class=\"ai-optimize-63\">Ideal para empresas de catering, restauradores y eventos privados.<\/li>\n<\/ul>\n<\/div>\n<div style=\"font-family: Roboto, sans-serif;\">\n<p>&nbsp;<\/p>\n<\/div>\n<\/div>\n<\/div>\n<\/div>\n<\/div>\n<\/div>\n<p><!--more--><\/p>\n<h4 class=\"ai-optimize-33\">Informaci\u00f3n adicional :<\/h4>\n<ul>\n<li class=\"ai-optimize-34\"><strong>Envase<\/strong>: Paquete de 25<\/li>\n<li class=\"ai-optimize-35\"><strong>Longitud total<\/strong>: 11 cm<\/li>\n<li class=\"ai-optimize-64\"><strong>Tama\u00f1o de la cuchara<\/strong>: 36 mm x 55 mm<\/li>\n<li class=\"ai-optimize-64\"><strong>Material<\/strong>: Pl\u00e1stico<\/li>\n<\/ul>\n<p>&nbsp;<\/p>\n<p><!--more--><\/p>\n<p class=\"ai-optimize-35\">Esta verrine \u00abchina\u00bb tambi\u00e9n est\u00e1 disponible en negro: <span style=\"color: #d12727;\"><a style=\"color: #d12727;\" href=\"https:\/\/www.csj-emballages.com\/produit\/25-cuilleres-chinoise-noirs-en-plastique\/\">CUICHINNR<\/a><\/span><\/p>\n<p>&nbsp;<\/p>\n<p><!--more--><\/p>\n<p class=\"ai-optimize-66\">V\u00e9ase tambi\u00e9n nuestro verrine \u00abchino\u00bb biodegradable : <span style=\"color: #d12727;\"><a style=\"color: #d12727;\" href=\"https:\/\/www.csj-emballages.com\/produit\/50-mise-en-bouche-cuilleres-chinoise-biodegradables\/\">VERCUIBIO<\/a><\/span><\/p>\n<p>&nbsp;<\/p>\n<p><!--more--><\/p>\n<p class=\"ai-optimize-67\"><a href=\"https:\/\/www.csj-emballages.com\/es\/categorie-produit\/envasado-de-alimentos\/carniceria-y-charcuteria\/tazas-tarros-vasos\/verrines-es\/cucharas-tenedores\/\">Ver el resto de nuestra gama de mini cucharas \/ tenedores<\/a><\/p>\n","protected":false},"excerpt":{"rendered":"<p>Cuchara de pl\u00e1stico Descripci\u00f3n de nuestra cuchara \u00abchina\u00bb verrine de pl\u00e1stico, cristal, 25 piezas<\/p>\n","protected":false},"featured_media":237603,"template":"","meta":{"_acf_changed":false},"product_brand":[],"product_cat":[1143,1324,1326,1468],"product_tag":[],"class_list":{"0":"post-20494","1":"product","2":"type-product","3":"status-publish","4":"has-post-thumbnail","6":"product_cat-carniceria-y-charcuteria","7":"product_cat-tazas-tarros-vasos","8":"product_cat-verrines-es","9":"product_cat-cucharas-para-hacer-la-boca-agua","11":"first","12":"instock","13":"taxable","14":"shipping-taxable","15":"purchasable","16":"product-type-simple"},"acf":[],"yoast_head":"<!-- This site is optimized with the Yoast SEO Premium plugin v26.6 (Yoast SEO v26.6) - https:\/\/yoast.com\/wordpress\/plugins\/seo\/ -->\n<title>Cuchara de pl\u00e1stico Verrine &quot;Chinoise&quot; Cristal Juego de 25<\/title>\n<meta name=\"description\" content=\"Cuchara &quot;china&quot; de pl\u00e1stico con efecto cristal, ideal para buffets, c\u00f3cteles y aperitivos. Elegante, pr\u00e1ctica y robusta.\" \/>\n<meta name=\"robots\" content=\"index, follow, max-snippet:-1, max-image-preview:large, max-video-preview:-1\" \/>\n<link rel=\"canonical\" href=\"https:\/\/www.csj-emballages.com\/es\/produit\/25-cucharas-chinas-de-plastico-cristal\/\" \/>\n<meta property=\"og:locale\" content=\"es_ES\" \/>\n<meta property=\"og:type\" content=\"article\" \/>\n<meta property=\"og:title\" content=\"Cuchara &quot;china&quot; de pl\u00e1stico 25 piezas\" \/>\n<meta property=\"og:description\" content=\"Cuchara &quot;china&quot; de pl\u00e1stico con efecto cristal, ideal para buffets, c\u00f3cteles y aperitivos. Elegante, pr\u00e1ctica y robusta.\" \/>\n<meta property=\"og:url\" content=\"https:\/\/www.csj-emballages.com\/es\/produit\/25-cucharas-chinas-de-plastico-cristal\/\" \/>\n<meta property=\"og:site_name\" content=\"CSJ Emballages\" \/>\n<meta property=\"article:publisher\" content=\"https:\/\/www.facebook.com\/csjemballages\" \/>\n<meta property=\"article:modified_time\" content=\"2026-04-18T00:13:59+00:00\" \/>\n<meta property=\"og:image\" content=\"https:\/\/www.csj-emballages.com\/wp-content\/uploads\/2024\/03\/CUICHINCR.webp\" \/>\n\t<meta property=\"og:image:width\" content=\"800\" \/>\n\t<meta property=\"og:image:height\" content=\"800\" \/>\n\t<meta property=\"og:image:type\" content=\"image\/webp\" \/>\n<meta name=\"twitter:card\" content=\"summary_large_image\" \/>\n<meta name=\"twitter:label1\" content=\"Tiempo de lectura\" \/>\n\t<meta name=\"twitter:data1\" content=\"2 minutos\" \/>\n<script type=\"application\/ld+json\" class=\"yoast-schema-graph\">{\"@context\":\"https:\/\/schema.org\",\"@graph\":[{\"@type\":\"WebPage\",\"@id\":\"https:\/\/www.csj-emballages.com\/es\/produit\/25-cucharas-chinas-de-plastico-cristal\/\",\"url\":\"https:\/\/www.csj-emballages.com\/es\/produit\/25-cucharas-chinas-de-plastico-cristal\/\",\"name\":\"Cuchara de pl\u00e1stico Verrine \\\"Chinoise\\\" Cristal Juego de 25\",\"isPartOf\":{\"@id\":\"https:\/\/www.csj-emballages.com\/es\/#website\"},\"primaryImageOfPage\":{\"@id\":\"https:\/\/www.csj-emballages.com\/es\/produit\/25-cucharas-chinas-de-plastico-cristal\/#primaryimage\"},\"image\":{\"@id\":\"https:\/\/www.csj-emballages.com\/es\/produit\/25-cucharas-chinas-de-plastico-cristal\/#primaryimage\"},\"thumbnailUrl\":\"https:\/\/www.csj-emballages.com\/wp-content\/uploads\/2024\/03\/CUICHINCR.webp\",\"datePublished\":\"2024-03-01T15:54:37+00:00\",\"dateModified\":\"2026-04-18T00:13:59+00:00\",\"description\":\"Cuchara \\\"china\\\" de pl\u00e1stico con efecto cristal, ideal para buffets, c\u00f3cteles y aperitivos. Elegante, pr\u00e1ctica y robusta.\",\"breadcrumb\":{\"@id\":\"https:\/\/www.csj-emballages.com\/es\/produit\/25-cucharas-chinas-de-plastico-cristal\/#breadcrumb\"},\"inLanguage\":\"es\",\"potentialAction\":[{\"@type\":\"ReadAction\",\"target\":[\"https:\/\/www.csj-emballages.com\/es\/produit\/25-cucharas-chinas-de-plastico-cristal\/\"]}]},{\"@type\":\"ImageObject\",\"inLanguage\":\"es\",\"@id\":\"https:\/\/www.csj-emballages.com\/es\/produit\/25-cucharas-chinas-de-plastico-cristal\/#primaryimage\",\"url\":\"https:\/\/www.csj-emballages.com\/wp-content\/uploads\/2024\/03\/CUICHINCR.webp\",\"contentUrl\":\"https:\/\/www.csj-emballages.com\/wp-content\/uploads\/2024\/03\/CUICHINCR.webp\",\"width\":800,\"height\":800,\"caption\":\"Verrine plastique cuill\u00e8re\"},{\"@type\":\"BreadcrumbList\",\"@id\":\"https:\/\/www.csj-emballages.com\/es\/produit\/25-cucharas-chinas-de-plastico-cristal\/#breadcrumb\",\"itemListElement\":[{\"@type\":\"ListItem\",\"position\":1,\"name\":\"Accueil\",\"item\":\"https:\/\/www.csj-emballages.com\/es\/universo-del-envasado-alimentario\/\"},{\"@type\":\"ListItem\",\"position\":2,\"name\":\"Tienda\",\"item\":\"https:\/\/www.csj-emballages.com\/tienda\/\"},{\"@type\":\"ListItem\",\"position\":3,\"name\":\"Cuchara \u00ab\u00a0china\u00a0\u00bb de pl\u00e1stico 25 piezas\"}]},{\"@type\":\"WebSite\",\"@id\":\"https:\/\/www.csj-emballages.com\/es\/#website\",\"url\":\"https:\/\/www.csj-emballages.com\/es\/\",\"name\":\"CSJ Emballages\",\"description\":\"\",\"publisher\":{\"@id\":\"https:\/\/www.csj-emballages.com\/es\/#organization\"},\"potentialAction\":[{\"@type\":\"SearchAction\",\"target\":{\"@type\":\"EntryPoint\",\"urlTemplate\":\"https:\/\/www.csj-emballages.com\/es\/?s={search_term_string}\"},\"query-input\":{\"@type\":\"PropertyValueSpecification\",\"valueRequired\":true,\"valueName\":\"search_term_string\"}}],\"inLanguage\":\"es\"},{\"@type\":\"Organization\",\"@id\":\"https:\/\/www.csj-emballages.com\/es\/#Organization\/\",\"name\":\"CSJ Emballages\",\"url\":\"https:\/\/www.csj-emballages.com\/es\/\",\"logo\":{\"@type\":\"ImageObject\",\"inLanguage\":\"es\",\"@id\":\"https:\/\/www.csj-emballages.com\/es\/#\/schema\/logo\/image\/\",\"url\":\"https:\/\/www.csj-emballages.com\/wp-content\/uploads\/2023\/10\/logo_csj.webp\",\"contentUrl\":\"https:\/\/www.csj-emballages.com\/wp-content\/uploads\/2023\/10\/logo_csj.webp\",\"width\":250,\"height\":95,\"caption\":\"CSJ Emballages\"},\"image\":{\"@id\":\"https:\/\/www.csj-emballages.com\/es\/#\/schema\/logo\/image\/\"},\"sameAs\":[\"https:\/\/www.facebook.com\/csjemballages\"],\"address\":{\"@type\":\"PostalAddress\",\"streetAddress\":\"ZI La Lechere\",\"addressLocality\":\"Patornay\",\"postalCode\":\"39130\",\"addressCountry\":\"FR\"},\"contactPoint\":[{\"@type\":\"ContactPoint\",\"contactType\":\"Service client\",\"telephone\":\"0384254272\",\"email\":\"contact@csj-emballages.com\"}]}]}<\/script>\n<!-- \/ Yoast SEO Premium plugin. -->","yoast_head_json":{"title":"Cuchara de pl\u00e1stico Verrine \"Chinoise\" Cristal Juego de 25","description":"Cuchara \"china\" de pl\u00e1stico con efecto cristal, ideal para buffets, c\u00f3cteles y aperitivos. Elegante, pr\u00e1ctica y robusta.","robots":{"index":"index","follow":"follow","max-snippet":"max-snippet:-1","max-image-preview":"max-image-preview:large","max-video-preview":"max-video-preview:-1"},"canonical":"https:\/\/www.csj-emballages.com\/es\/produit\/25-cucharas-chinas-de-plastico-cristal\/","og_locale":"es_ES","og_type":"article","og_title":"Cuchara \"china\" de pl\u00e1stico 25 piezas","og_description":"Cuchara \"china\" de pl\u00e1stico con efecto cristal, ideal para buffets, c\u00f3cteles y aperitivos. Elegante, pr\u00e1ctica y robusta.","og_url":"https:\/\/www.csj-emballages.com\/es\/produit\/25-cucharas-chinas-de-plastico-cristal\/","og_site_name":"CSJ Emballages","article_publisher":"https:\/\/www.facebook.com\/csjemballages","article_modified_time":"2026-04-18T00:13:59+00:00","og_image":[{"width":800,"height":800,"url":"https:\/\/www.csj-emballages.com\/wp-content\/uploads\/2024\/03\/CUICHINCR.webp","type":"image\/webp"}],"twitter_card":"summary_large_image","twitter_misc":{"Tiempo de lectura":"2 minutos"},"schema":{"@context":"https:\/\/schema.org","@graph":[{"@type":"WebPage","@id":"https:\/\/www.csj-emballages.com\/es\/produit\/25-cucharas-chinas-de-plastico-cristal\/","url":"https:\/\/www.csj-emballages.com\/es\/produit\/25-cucharas-chinas-de-plastico-cristal\/","name":"Cuchara de pl\u00e1stico Verrine \"Chinoise\" Cristal Juego de 25","isPartOf":{"@id":"https:\/\/www.csj-emballages.com\/es\/#website"},"primaryImageOfPage":{"@id":"https:\/\/www.csj-emballages.com\/es\/produit\/25-cucharas-chinas-de-plastico-cristal\/#primaryimage"},"image":{"@id":"https:\/\/www.csj-emballages.com\/es\/produit\/25-cucharas-chinas-de-plastico-cristal\/#primaryimage"},"thumbnailUrl":"https:\/\/www.csj-emballages.com\/wp-content\/uploads\/2024\/03\/CUICHINCR.webp","datePublished":"2024-03-01T15:54:37+00:00","dateModified":"2026-04-18T00:13:59+00:00","description":"Cuchara \"china\" de pl\u00e1stico con efecto cristal, ideal para buffets, c\u00f3cteles y aperitivos. Elegante, pr\u00e1ctica y robusta.","breadcrumb":{"@id":"https:\/\/www.csj-emballages.com\/es\/produit\/25-cucharas-chinas-de-plastico-cristal\/#breadcrumb"},"inLanguage":"es","potentialAction":[{"@type":"ReadAction","target":["https:\/\/www.csj-emballages.com\/es\/produit\/25-cucharas-chinas-de-plastico-cristal\/"]}]},{"@type":"ImageObject","inLanguage":"es","@id":"https:\/\/www.csj-emballages.com\/es\/produit\/25-cucharas-chinas-de-plastico-cristal\/#primaryimage","url":"https:\/\/www.csj-emballages.com\/wp-content\/uploads\/2024\/03\/CUICHINCR.webp","contentUrl":"https:\/\/www.csj-emballages.com\/wp-content\/uploads\/2024\/03\/CUICHINCR.webp","width":800,"height":800,"caption":"Verrine plastique cuill\u00e8re"},{"@type":"BreadcrumbList","@id":"https:\/\/www.csj-emballages.com\/es\/produit\/25-cucharas-chinas-de-plastico-cristal\/#breadcrumb","itemListElement":[{"@type":"ListItem","position":1,"name":"Accueil","item":"https:\/\/www.csj-emballages.com\/es\/universo-del-envasado-alimentario\/"},{"@type":"ListItem","position":2,"name":"Tienda","item":"https:\/\/www.csj-emballages.com\/tienda\/"},{"@type":"ListItem","position":3,"name":"Cuchara \u00ab\u00a0china\u00a0\u00bb de pl\u00e1stico 25 piezas"}]},{"@type":"WebSite","@id":"https:\/\/www.csj-emballages.com\/es\/#website","url":"https:\/\/www.csj-emballages.com\/es\/","name":"CSJ Emballages","description":"","publisher":{"@id":"https:\/\/www.csj-emballages.com\/es\/#organization"},"potentialAction":[{"@type":"SearchAction","target":{"@type":"EntryPoint","urlTemplate":"https:\/\/www.csj-emballages.com\/es\/?s={search_term_string}"},"query-input":{"@type":"PropertyValueSpecification","valueRequired":true,"valueName":"search_term_string"}}],"inLanguage":"es"},{"@type":"Organization","@id":"https:\/\/www.csj-emballages.com\/es\/#Organization\/","name":"CSJ Emballages","url":"https:\/\/www.csj-emballages.com\/es\/","logo":{"@type":"ImageObject","inLanguage":"es","@id":"https:\/\/www.csj-emballages.com\/es\/#\/schema\/logo\/image\/","url":"https:\/\/www.csj-emballages.com\/wp-content\/uploads\/2023\/10\/logo_csj.webp","contentUrl":"https:\/\/www.csj-emballages.com\/wp-content\/uploads\/2023\/10\/logo_csj.webp","width":250,"height":95,"caption":"CSJ Emballages"},"image":{"@id":"https:\/\/www.csj-emballages.com\/es\/#\/schema\/logo\/image\/"},"sameAs":["https:\/\/www.facebook.com\/csjemballages"],"address":{"@type":"PostalAddress","streetAddress":"ZI La Lechere","addressLocality":"Patornay","postalCode":"39130","addressCountry":"FR"},"contactPoint":[{"@type":"ContactPoint","contactType":"Service client","telephone":"0384254272","email":"contact@csj-emballages.com"}]}]}},"df_price":2.32,"df_sale_price":"","df_regular_price":2.32,"df_image_link":"https:\/\/www.csj-emballages.com\/wp-content\/uploads\/2024\/03\/CUICHINCR-300x300.webp","tiered_pricing_type":"fixed","tiered_pricing_fixed_rules":[],"tiered_pricing_percentage_rules":[],"tiered_pricing_minimum":1,"tiered_pricing_roles_data":[],"_links":{"self":[{"href":"https:\/\/www.csj-emballages.com\/es\/wp-json\/wp\/v2\/product\/20494","targetHints":{"allow":["GET"]}}],"collection":[{"href":"https:\/\/www.csj-emballages.com\/es\/wp-json\/wp\/v2\/product"}],"about":[{"href":"https:\/\/www.csj-emballages.com\/es\/wp-json\/wp\/v2\/types\/product"}],"wp:featuredmedia":[{"embeddable":true,"href":"https:\/\/www.csj-emballages.com\/es\/wp-json\/wp\/v2\/media\/237603"}],"wp:attachment":[{"href":"https:\/\/www.csj-emballages.com\/es\/wp-json\/wp\/v2\/media?parent=20494"}],"wp:term":[{"taxonomy":"product_brand","embeddable":true,"href":"https:\/\/www.csj-emballages.com\/es\/wp-json\/wp\/v2\/product_brand?post=20494"},{"taxonomy":"product_cat","embeddable":true,"href":"https:\/\/www.csj-emballages.com\/es\/wp-json\/wp\/v2\/product_cat?post=20494"},{"taxonomy":"product_tag","embeddable":true,"href":"https:\/\/www.csj-emballages.com\/es\/wp-json\/wp\/v2\/product_tag?post=20494"}],"curies":[{"name":"wp","href":"https:\/\/api.w.org\/{rel}","templated":true}]}}