{"id":20479,"date":"2024-03-01T16:54:35","date_gmt":"2024-03-01T15:54:35","guid":{"rendered":"https:\/\/u15jnbdpoq.preview.infomaniak.website\/produit\/50-tapas-de-cupula-con-orificio-para-batidos-en-plastico-de-78-o\/"},"modified":"2026-05-01T02:12:14","modified_gmt":"2026-05-01T00:12:14","slug":"50-tapas-de-cupula-con-orificio-para-batidos-en-plastico-de-78-o","status":"publish","type":"product","link":"https:\/\/www.csj-emballages.com\/es\/produit\/50-tapas-de-cupula-con-orificio-para-batidos-en-plastico-de-78-o\/","title":{"rendered":"Tapa c\u00fapula de pl\u00e1stico con orificio 78 \u00d8 par 50"},"content":{"rendered":"<h2>Tapa de pl\u00e1stico<\/h2>\n<hr>\n<h3>  Descubre nuestra tapa c\u00fapula de pl\u00e1stico con orificio 78 \u00d8 por 50<\/h3>\n<p><!--more--><\/p>\n<p data-start=\"264\" data-end=\"710\">Si desea un acabado limpio y profesional para sus bebidas fr\u00edas, esta <strong data-start=\"357\" data-end=\"380\">tapa abovedada de 78 \u00d8<\/strong> es justo lo que necesita. Su <strong>forma abovedada<\/strong> da inmediatamente un aspecto cuidado y resalta el contenido del <strong>vaso<\/strong>, ya sea un <strong>batido<\/strong>, un <strong>licuado <\/strong>o un <strong>batido de leche<\/strong>. La <strong>transparencia del pl\u00e1stico<\/strong> hace que sea f\u00e1cil ver lo que hay dentro, por lo que es ideal para mostrar sus recetas y coberturas.  <\/p>\n<p data-start=\"712\" data-end=\"1047\">El <strong data-start=\"715\" data-end=\"731\">orificio central<\/strong> facilita la inserci\u00f3n de una <span style=\"color: #d12727;\"><a style=\"color: #d12727;\" href=\"https:\/\/www.csj-emballages.com\/es\/categorie-produit\/envasado-de-alimentos\/catering-es\/platos-cubiertos-desechables-pajitas\/pajitas\/\">pajita<\/a><\/span> sin deformar la tapa. Esto es una verdadera ventaja para el servicio para llevar: la bebida permanece estable, transportable y, sobre todo, a prueba de salpicaduras. Del mismo modo, la <strong>c\u00fapula<\/strong> da un poco m\u00e1s de volumen visual, a\u00f1adiendo un valor real a las presentaciones.  <\/p>\n<p data-start=\"1049\" data-end=\"1433\">Gracias a su di\u00e1metro <strong data-start=\"1073\" data-end=\"1082\">de 78 mm<\/strong>, se adapta r\u00e1pidamente a los vasos compatibles sin forzar, y se mantiene firmemente en su sitio. Encaja perfectamente en su sitio, tranquilizando tanto a su personal como a sus clientes durante el servicio. Y con un <strong data-start=\"1272\" data-end=\"1292\">lote de 50 unidades<\/strong>, dispondr\u00e1 de la cantidad perfecta para peque\u00f1as tiradas, eventos puntuales o simplemente para evitar sobrecargar sus existencias.  <\/p>\n<p data-start=\"1435\" data-end=\"1661\">Esta <strong>tapa<\/strong> est\u00e1 dise\u00f1ada para profesionales que desean una soluci\u00f3n sencilla, eficaz y atractiva. Es el acompa\u00f1amiento perfecto para una oferta de bebidas moderna, al tiempo que hace la experiencia m\u00e1s c\u00f3moda para los consumidores. <\/p>\n<p data-start=\"1435\" data-end=\"1661\">\n<p data-start=\"1435\" data-end=\"1661\"><!--more--><\/p>\n<h4>Ventajas :<\/h4>\n<ul>\n<li data-start=\"1689\" data-end=\"1726\">Elegante y realzadora <strong>forma de c\u00fapula<\/strong>.<\/li>\n<li data-start=\"1729\" data-end=\"1762\">Agujero central ideal para paja.<\/li>\n<li data-start=\"1765\" data-end=\"1804\">Excelente agarre en vasos <strong>de 78 \u00d8.<\/strong><\/li>\n<li data-start=\"1807\" data-end=\"1853\">Perfecto para bebidas fr\u00edas y gourmet.<\/li>\n<li data-start=\"1856\" data-end=\"1897\">Paquete de 50, pr\u00e1ctico para gestionar las existencias.<\/li>\n<\/ul>\n<p>&nbsp;<\/p>\n<p><!--more--><\/p>\n<h4><span style=\"font-weight: bold;\">Informaci\u00f3n adicional :<\/span><\/h4>\n<ul>\n<li><strong>Envase<\/strong>: Paquete de 50<\/li>\n<li><strong>Dimensiones<\/strong>: 78 x 35,5 (\u00d8 x H en mm)<\/li>\n<li><strong>Material<\/strong>: Polietileno<\/li>\n<\/ul>\n<p>&nbsp;<\/p>\n<p><!--more--><\/p>\n<p><a href=\"https:\/\/www.csj-emballages.com\/es\/categorie-produit\/envasado-de-alimentos\/catering-es\/tazas-vasos-cubos-botellas\/vasos-para-bebidas-frias\/tarros-para-batidos\/tarros-para-batidos-diametro-78-mm\/\">Ver el resto de nuestra gama de tarros para batidos de 78 mm de di\u00e1metro<\/a><\/p>\n","protected":false},"excerpt":{"rendered":"<p>Tapa de pl\u00e1stico Descubre nuestra tapa c\u00fapula de pl\u00e1stico con orificio 78 \u00d8 por 50<\/p>\n","protected":false},"featured_media":193422,"template":"","meta":{"_acf_changed":false},"product_brand":[],"product_cat":[1150,1143,1324,1458,1462,1795,2538,2542],"product_tag":[],"class_list":{"0":"post-20479","1":"product","2":"type-product","3":"status-publish","4":"has-post-thumbnail","6":"product_cat-envasado-de-alimentos","7":"product_cat-carniceria-y-charcuteria","8":"product_cat-tazas-tarros-vasos","9":"product_cat-tazas-de-postre","10":"product_cat-tazas-vasos-cubos-botellas","11":"product_cat-vasos-para-bebidas-frias","12":"product_cat-tarros-para-batidos","13":"product_cat-tarros-para-batidos-diametro-78-mm","15":"first","16":"instock","17":"taxable","18":"shipping-taxable","19":"purchasable","20":"product-type-simple"},"acf":[],"yoast_head":"<!-- This site is optimized with the Yoast SEO Premium plugin v26.6 (Yoast SEO v26.6) - https:\/\/yoast.com\/wordpress\/plugins\/seo\/ -->\n<title>Tapa de c\u00fapula de pl\u00e1stico con orificio 78 \u00d8 par 50<\/title>\n<meta name=\"description\" content=\"Tapa de c\u00fapula de pl\u00e1stico de \u00d878 mm con orificio, vendida en paquetes de 50. Ideal para batidos, smoothies y bebidas para llevar. Transparente, pr\u00e1ctica y atractiva.\" \/>\n<meta name=\"robots\" content=\"index, follow, max-snippet:-1, max-image-preview:large, max-video-preview:-1\" \/>\n<link rel=\"canonical\" href=\"https:\/\/www.csj-emballages.com\/es\/produit\/50-tapas-de-cupula-con-orificio-para-batidos-en-plastico-de-78-o\/\" \/>\n<meta property=\"og:locale\" content=\"es_ES\" \/>\n<meta property=\"og:type\" content=\"article\" \/>\n<meta property=\"og:title\" content=\"Tapa c\u00fapula de pl\u00e1stico con orificio 78 \u00d8 par 50\" \/>\n<meta property=\"og:description\" content=\"Tapa de c\u00fapula de pl\u00e1stico de \u00d878 mm con orificio, vendida en paquetes de 50. Ideal para batidos, smoothies y bebidas para llevar. Transparente, pr\u00e1ctica y atractiva.\" \/>\n<meta property=\"og:url\" content=\"https:\/\/www.csj-emballages.com\/es\/produit\/50-tapas-de-cupula-con-orificio-para-batidos-en-plastico-de-78-o\/\" \/>\n<meta property=\"og:site_name\" content=\"CSJ Emballages\" \/>\n<meta property=\"article:publisher\" content=\"https:\/\/www.facebook.com\/csjemballages\" \/>\n<meta property=\"article:modified_time\" content=\"2026-05-01T00:12:14+00:00\" \/>\n<meta property=\"og:image\" content=\"https:\/\/www.csj-emballages.com\/wp-content\/uploads\/2024\/03\/CVDOMTR300CC.webp\" \/>\n\t<meta property=\"og:image:width\" content=\"800\" \/>\n\t<meta property=\"og:image:height\" content=\"800\" \/>\n\t<meta property=\"og:image:type\" content=\"image\/webp\" \/>\n<meta name=\"twitter:card\" content=\"summary_large_image\" \/>\n<meta name=\"twitter:label1\" content=\"Tiempo de lectura\" \/>\n\t<meta name=\"twitter:data1\" content=\"2 minutos\" \/>\n<script type=\"application\/ld+json\" class=\"yoast-schema-graph\">{\"@context\":\"https:\/\/schema.org\",\"@graph\":[{\"@type\":\"WebPage\",\"@id\":\"https:\/\/www.csj-emballages.com\/es\/produit\/50-tapas-de-cupula-con-orificio-para-batidos-en-plastico-de-78-o\/\",\"url\":\"https:\/\/www.csj-emballages.com\/es\/produit\/50-tapas-de-cupula-con-orificio-para-batidos-en-plastico-de-78-o\/\",\"name\":\"Tapa de c\u00fapula de pl\u00e1stico con orificio 78 \u00d8 par 50\",\"isPartOf\":{\"@id\":\"https:\/\/www.csj-emballages.com\/es\/#website\"},\"primaryImageOfPage\":{\"@id\":\"https:\/\/www.csj-emballages.com\/es\/produit\/50-tapas-de-cupula-con-orificio-para-batidos-en-plastico-de-78-o\/#primaryimage\"},\"image\":{\"@id\":\"https:\/\/www.csj-emballages.com\/es\/produit\/50-tapas-de-cupula-con-orificio-para-batidos-en-plastico-de-78-o\/#primaryimage\"},\"thumbnailUrl\":\"https:\/\/www.csj-emballages.com\/wp-content\/uploads\/2024\/03\/CVDOMTR300CC.webp\",\"datePublished\":\"2024-03-01T15:54:35+00:00\",\"dateModified\":\"2026-05-01T00:12:14+00:00\",\"description\":\"Tapa de c\u00fapula de pl\u00e1stico de \u00d878 mm con orificio, vendida en paquetes de 50. Ideal para batidos, smoothies y bebidas para llevar. Transparente, pr\u00e1ctica y atractiva.\",\"breadcrumb\":{\"@id\":\"https:\/\/www.csj-emballages.com\/es\/produit\/50-tapas-de-cupula-con-orificio-para-batidos-en-plastico-de-78-o\/#breadcrumb\"},\"inLanguage\":\"es\",\"potentialAction\":[{\"@type\":\"ReadAction\",\"target\":[\"https:\/\/www.csj-emballages.com\/es\/produit\/50-tapas-de-cupula-con-orificio-para-batidos-en-plastico-de-78-o\/\"]}]},{\"@type\":\"ImageObject\",\"inLanguage\":\"es\",\"@id\":\"https:\/\/www.csj-emballages.com\/es\/produit\/50-tapas-de-cupula-con-orificio-para-batidos-en-plastico-de-78-o\/#primaryimage\",\"url\":\"https:\/\/www.csj-emballages.com\/wp-content\/uploads\/2024\/03\/CVDOMTR300CC.webp\",\"contentUrl\":\"https:\/\/www.csj-emballages.com\/wp-content\/uploads\/2024\/03\/CVDOMTR300CC.webp\",\"width\":800,\"height\":800,\"caption\":\"Couvercle plastique\"},{\"@type\":\"BreadcrumbList\",\"@id\":\"https:\/\/www.csj-emballages.com\/es\/produit\/50-tapas-de-cupula-con-orificio-para-batidos-en-plastico-de-78-o\/#breadcrumb\",\"itemListElement\":[{\"@type\":\"ListItem\",\"position\":1,\"name\":\"Accueil\",\"item\":\"https:\/\/www.csj-emballages.com\/es\/universo-del-envasado-alimentario\/\"},{\"@type\":\"ListItem\",\"position\":2,\"name\":\"Tienda\",\"item\":\"https:\/\/www.csj-emballages.com\/tienda\/\"},{\"@type\":\"ListItem\",\"position\":3,\"name\":\"Tapa c\u00fapula de pl\u00e1stico con orificio 78 \u00d8 par 50\"}]},{\"@type\":\"WebSite\",\"@id\":\"https:\/\/www.csj-emballages.com\/es\/#website\",\"url\":\"https:\/\/www.csj-emballages.com\/es\/\",\"name\":\"CSJ Emballages\",\"description\":\"\",\"publisher\":{\"@id\":\"https:\/\/www.csj-emballages.com\/es\/#organization\"},\"potentialAction\":[{\"@type\":\"SearchAction\",\"target\":{\"@type\":\"EntryPoint\",\"urlTemplate\":\"https:\/\/www.csj-emballages.com\/es\/?s={search_term_string}\"},\"query-input\":{\"@type\":\"PropertyValueSpecification\",\"valueRequired\":true,\"valueName\":\"search_term_string\"}}],\"inLanguage\":\"es\"},{\"@type\":\"Organization\",\"@id\":\"https:\/\/www.csj-emballages.com\/es\/#Organization\/\",\"name\":\"CSJ Emballages\",\"url\":\"https:\/\/www.csj-emballages.com\/es\/\",\"logo\":{\"@type\":\"ImageObject\",\"inLanguage\":\"es\",\"@id\":\"https:\/\/www.csj-emballages.com\/es\/#\/schema\/logo\/image\/\",\"url\":\"https:\/\/www.csj-emballages.com\/wp-content\/uploads\/2023\/10\/logo_csj.webp\",\"contentUrl\":\"https:\/\/www.csj-emballages.com\/wp-content\/uploads\/2023\/10\/logo_csj.webp\",\"width\":250,\"height\":95,\"caption\":\"CSJ Emballages\"},\"image\":{\"@id\":\"https:\/\/www.csj-emballages.com\/es\/#\/schema\/logo\/image\/\"},\"sameAs\":[\"https:\/\/www.facebook.com\/csjemballages\"],\"address\":{\"@type\":\"PostalAddress\",\"streetAddress\":\"ZI La Lechere\",\"addressLocality\":\"Patornay\",\"postalCode\":\"39130\",\"addressCountry\":\"FR\"},\"contactPoint\":[{\"@type\":\"ContactPoint\",\"contactType\":\"Service client\",\"telephone\":\"0384254272\",\"email\":\"contact@csj-emballages.com\"}]}]}<\/script>\n<!-- \/ Yoast SEO Premium plugin. -->","yoast_head_json":{"title":"Tapa de c\u00fapula de pl\u00e1stico con orificio 78 \u00d8 par 50","description":"Tapa de c\u00fapula de pl\u00e1stico de \u00d878 mm con orificio, vendida en paquetes de 50. Ideal para batidos, smoothies y bebidas para llevar. Transparente, pr\u00e1ctica y atractiva.","robots":{"index":"index","follow":"follow","max-snippet":"max-snippet:-1","max-image-preview":"max-image-preview:large","max-video-preview":"max-video-preview:-1"},"canonical":"https:\/\/www.csj-emballages.com\/es\/produit\/50-tapas-de-cupula-con-orificio-para-batidos-en-plastico-de-78-o\/","og_locale":"es_ES","og_type":"article","og_title":"Tapa c\u00fapula de pl\u00e1stico con orificio 78 \u00d8 par 50","og_description":"Tapa de c\u00fapula de pl\u00e1stico de \u00d878 mm con orificio, vendida en paquetes de 50. Ideal para batidos, smoothies y bebidas para llevar. Transparente, pr\u00e1ctica y atractiva.","og_url":"https:\/\/www.csj-emballages.com\/es\/produit\/50-tapas-de-cupula-con-orificio-para-batidos-en-plastico-de-78-o\/","og_site_name":"CSJ Emballages","article_publisher":"https:\/\/www.facebook.com\/csjemballages","article_modified_time":"2026-05-01T00:12:14+00:00","og_image":[{"width":800,"height":800,"url":"https:\/\/www.csj-emballages.com\/wp-content\/uploads\/2024\/03\/CVDOMTR300CC.webp","type":"image\/webp"}],"twitter_card":"summary_large_image","twitter_misc":{"Tiempo de lectura":"2 minutos"},"schema":{"@context":"https:\/\/schema.org","@graph":[{"@type":"WebPage","@id":"https:\/\/www.csj-emballages.com\/es\/produit\/50-tapas-de-cupula-con-orificio-para-batidos-en-plastico-de-78-o\/","url":"https:\/\/www.csj-emballages.com\/es\/produit\/50-tapas-de-cupula-con-orificio-para-batidos-en-plastico-de-78-o\/","name":"Tapa de c\u00fapula de pl\u00e1stico con orificio 78 \u00d8 par 50","isPartOf":{"@id":"https:\/\/www.csj-emballages.com\/es\/#website"},"primaryImageOfPage":{"@id":"https:\/\/www.csj-emballages.com\/es\/produit\/50-tapas-de-cupula-con-orificio-para-batidos-en-plastico-de-78-o\/#primaryimage"},"image":{"@id":"https:\/\/www.csj-emballages.com\/es\/produit\/50-tapas-de-cupula-con-orificio-para-batidos-en-plastico-de-78-o\/#primaryimage"},"thumbnailUrl":"https:\/\/www.csj-emballages.com\/wp-content\/uploads\/2024\/03\/CVDOMTR300CC.webp","datePublished":"2024-03-01T15:54:35+00:00","dateModified":"2026-05-01T00:12:14+00:00","description":"Tapa de c\u00fapula de pl\u00e1stico de \u00d878 mm con orificio, vendida en paquetes de 50. Ideal para batidos, smoothies y bebidas para llevar. Transparente, pr\u00e1ctica y atractiva.","breadcrumb":{"@id":"https:\/\/www.csj-emballages.com\/es\/produit\/50-tapas-de-cupula-con-orificio-para-batidos-en-plastico-de-78-o\/#breadcrumb"},"inLanguage":"es","potentialAction":[{"@type":"ReadAction","target":["https:\/\/www.csj-emballages.com\/es\/produit\/50-tapas-de-cupula-con-orificio-para-batidos-en-plastico-de-78-o\/"]}]},{"@type":"ImageObject","inLanguage":"es","@id":"https:\/\/www.csj-emballages.com\/es\/produit\/50-tapas-de-cupula-con-orificio-para-batidos-en-plastico-de-78-o\/#primaryimage","url":"https:\/\/www.csj-emballages.com\/wp-content\/uploads\/2024\/03\/CVDOMTR300CC.webp","contentUrl":"https:\/\/www.csj-emballages.com\/wp-content\/uploads\/2024\/03\/CVDOMTR300CC.webp","width":800,"height":800,"caption":"Couvercle plastique"},{"@type":"BreadcrumbList","@id":"https:\/\/www.csj-emballages.com\/es\/produit\/50-tapas-de-cupula-con-orificio-para-batidos-en-plastico-de-78-o\/#breadcrumb","itemListElement":[{"@type":"ListItem","position":1,"name":"Accueil","item":"https:\/\/www.csj-emballages.com\/es\/universo-del-envasado-alimentario\/"},{"@type":"ListItem","position":2,"name":"Tienda","item":"https:\/\/www.csj-emballages.com\/tienda\/"},{"@type":"ListItem","position":3,"name":"Tapa c\u00fapula de pl\u00e1stico con orificio 78 \u00d8 par 50"}]},{"@type":"WebSite","@id":"https:\/\/www.csj-emballages.com\/es\/#website","url":"https:\/\/www.csj-emballages.com\/es\/","name":"CSJ Emballages","description":"","publisher":{"@id":"https:\/\/www.csj-emballages.com\/es\/#organization"},"potentialAction":[{"@type":"SearchAction","target":{"@type":"EntryPoint","urlTemplate":"https:\/\/www.csj-emballages.com\/es\/?s={search_term_string}"},"query-input":{"@type":"PropertyValueSpecification","valueRequired":true,"valueName":"search_term_string"}}],"inLanguage":"es"},{"@type":"Organization","@id":"https:\/\/www.csj-emballages.com\/es\/#Organization\/","name":"CSJ Emballages","url":"https:\/\/www.csj-emballages.com\/es\/","logo":{"@type":"ImageObject","inLanguage":"es","@id":"https:\/\/www.csj-emballages.com\/es\/#\/schema\/logo\/image\/","url":"https:\/\/www.csj-emballages.com\/wp-content\/uploads\/2023\/10\/logo_csj.webp","contentUrl":"https:\/\/www.csj-emballages.com\/wp-content\/uploads\/2023\/10\/logo_csj.webp","width":250,"height":95,"caption":"CSJ Emballages"},"image":{"@id":"https:\/\/www.csj-emballages.com\/es\/#\/schema\/logo\/image\/"},"sameAs":["https:\/\/www.facebook.com\/csjemballages"],"address":{"@type":"PostalAddress","streetAddress":"ZI La Lechere","addressLocality":"Patornay","postalCode":"39130","addressCountry":"FR"},"contactPoint":[{"@type":"ContactPoint","contactType":"Service client","telephone":"0384254272","email":"contact@csj-emballages.com"}]}]}},"df_price":2.3,"df_sale_price":"","df_regular_price":2.3,"df_image_link":"https:\/\/www.csj-emballages.com\/wp-content\/uploads\/2024\/03\/CVDOMTR300CC-300x300.webp","tiered_pricing_type":"fixed","tiered_pricing_fixed_rules":[],"tiered_pricing_percentage_rules":[],"tiered_pricing_minimum":1,"tiered_pricing_roles_data":[],"_links":{"self":[{"href":"https:\/\/www.csj-emballages.com\/es\/wp-json\/wp\/v2\/product\/20479","targetHints":{"allow":["GET"]}}],"collection":[{"href":"https:\/\/www.csj-emballages.com\/es\/wp-json\/wp\/v2\/product"}],"about":[{"href":"https:\/\/www.csj-emballages.com\/es\/wp-json\/wp\/v2\/types\/product"}],"wp:featuredmedia":[{"embeddable":true,"href":"https:\/\/www.csj-emballages.com\/es\/wp-json\/wp\/v2\/media\/193422"}],"wp:attachment":[{"href":"https:\/\/www.csj-emballages.com\/es\/wp-json\/wp\/v2\/media?parent=20479"}],"wp:term":[{"taxonomy":"product_brand","embeddable":true,"href":"https:\/\/www.csj-emballages.com\/es\/wp-json\/wp\/v2\/product_brand?post=20479"},{"taxonomy":"product_cat","embeddable":true,"href":"https:\/\/www.csj-emballages.com\/es\/wp-json\/wp\/v2\/product_cat?post=20479"},{"taxonomy":"product_tag","embeddable":true,"href":"https:\/\/www.csj-emballages.com\/es\/wp-json\/wp\/v2\/product_tag?post=20479"}],"curies":[{"name":"wp","href":"https:\/\/api.w.org\/{rel}","templated":true}]}}