{"id":20473,"date":"2024-03-01T16:54:35","date_gmt":"2024-03-01T15:54:35","guid":{"rendered":"https:\/\/u15jnbdpoq.preview.infomaniak.website\/produit\/50-tapas-de-cupula-con-orificio-para-batidos-en-plastico-95-o\/"},"modified":"2026-04-05T02:10:38","modified_gmt":"2026-04-05T00:10:38","slug":"50-tapas-de-cupula-con-orificio-para-batidos-en-plastico-95-o","status":"publish","type":"product","link":"https:\/\/www.csj-emballages.com\/es\/produit\/50-tapas-de-cupula-con-orificio-para-batidos-en-plastico-95-o\/","title":{"rendered":"Tapa de c\u00fapula de pl\u00e1stico con orificio \u00d895 por 50"},"content":{"rendered":"<h2>Tapa de pl\u00e1stico<\/h2>\n<div style=\"box-sizing: inherit; font-family: Roboto, sans-serif;\">\n<div style=\"box-sizing: inherit; font-family: Roboto, sans-serif;\">\n<div style=\"box-sizing: inherit; font-family: Roboto, sans-serif;\">\n<div style=\"text-align: center;\">\n<div style=\"box-sizing: inherit; font-family: Roboto, sans-serif;\">\n<div style=\"box-sizing: inherit; font-family: Roboto, sans-serif;\">\n<div style=\"box-sizing: inherit; font-family: Roboto, sans-serif;\">\n<div style=\"box-sizing: inherit; font-family: Roboto, sans-serif;\">\n<div style=\"box-sizing: inherit; font-family: Roboto, sans-serif;\">\n<div style=\"box-sizing: inherit; font-family: Roboto, sans-serif; text-align: left;\">\n<hr>\n<h3 style=\"text-align: left;\">Descripci\u00f3n de nuestra tapa de c\u00fapula de pl\u00e1stico con orificio \u00d895 por 50<\/h3>\n<p><!--more--><\/p>\n<div>\n<div>\n<div>\n<div>\n<div>\n<div>\n<div>\n<div>\n<div>\n<div>\n<p data-start=\"289\" data-end=\"703\">Cuando se trata de bebidas para llevar, la <strong>tapa<\/strong> marca la diferencia. Esta <strong data-start=\"373\" data-end=\"421\">tapa de pl\u00e1stico abombada de \u00d895 con orificio<\/strong> se ha dise\u00f1ado para simplificar el servicio y garantizar una presentaci\u00f3n limpia y ordenada. Su forma abovedada deja mucho espacio para espumas, cubitos de hielo o guarniciones, sin aplastar el contenido del vaso. Resultado: la bebida mantiene su belleza hasta el \u00faltimo momento.   <\/p>\n<p data-start=\"705\" data-end=\"1072\">Gracias a su <strong data-start=\"717\" data-end=\"739\">orificio integrado<\/strong>, puede <strong>introducir<\/strong> r\u00e1pidamente <strong>una pajita<\/strong>. Es pr\u00e1ctico, sobre todo cuando tienes prisa, y evita las aberturas demasiado anchas que pueden provocar salpicaduras. Una vez enganchada, la <strong>tapa<\/strong> se mantiene en su sitio, haciendo m\u00e1s seguro el transporte y limitando los accidentes durante la entrega o la comida para llevar.<\/p>\n<p data-start=\"1074\" data-end=\"1433\">Su <strong>transparencia<\/strong> es tambi\u00e9n una verdadera ventaja. Permite ver inmediatamente la bebida, resaltando los colores de los batidos, zumos o caf\u00e9s helados. Visualmente, es m\u00e1s atractivo, y para el cliente, tranquilizador. Asimismo, el <strong>pl\u00e1stico<\/strong> es lo bastante r\u00edgido como para conservar su forma, incluso cuando el vaso se manipula varias veces.   <\/p>\n<p data-start=\"1435\" data-end=\"1720\">Esta tapa, que se vende <strong data-start=\"1441\" data-end=\"1458\">en paquetes de 50 unidades<\/strong>, se integra f\u00e1cilmente en su organizaci\u00f3n diaria. Perfecto para zumer\u00edas, bares, cafeter\u00edas, food-trucks o eventos puntuales. Sencillo, eficaz y bien pensado, acompa\u00f1a sus bebidas sin complicar su servicio.<\/p>\n<p data-start=\"1435\" data-end=\"1720\">\n<\/div>\n<\/div>\n<\/div>\n<\/div>\n<\/div>\n<\/div>\n<\/div>\n<\/div>\n<\/div>\n<\/div>\n<p><!--more--><\/p>\n<h4>Ventajas :<\/h4>\n<ul>\n<li data-start=\"1748\" data-end=\"1805\">Forma de <strong>c\u00fapula<\/strong> ideal para bebidas con espuma o cubitos de hielo.<\/li>\n<li data-start=\"1808\" data-end=\"1842\">Pr\u00e1ctico <strong>agujero<\/strong> para la paja.<\/li>\n<li data-start=\"1845\" data-end=\"1880\">Se sujeta bien en tazas de <strong>\u00d895<\/strong>.<\/li>\n<li data-start=\"1883\" data-end=\"1917\">Pl\u00e1stico r\u00edgido transparente.<\/li>\n<li data-start=\"1920\" data-end=\"1948\">Paquete de <strong>50<\/strong>, f\u00e1cil de manejar.<\/li>\n<\/ul>\n<div class=\"elementor elementor-175 elementor-location-footer\" data-elementor-type=\"footer\" data-elementor-id=\"175\" data-elementor-post-type=\"elementor_library\">\n<div class=\"elementor-element elementor-element-d413b54 e-flex e-con-boxed e-con e-parent e-lazyloaded\" data-id=\"d413b54\" data-element_type=\"container\">\n<div class=\"e-con-inner\">\n<div class=\"elementor-element elementor-element-9493a3c elementor-widget elementor-widget-shortcode\" data-id=\"9493a3c\" data-element_type=\"widget\" data-widget_type=\"shortcode.default\">\n<div class=\"elementor-widget-container\"><\/div>\n<\/div>\n<\/div>\n<\/div>\n<\/div>\n<p><!--more--><\/p>\n<h4>Informaci\u00f3n adicional :<\/h4>\n<ul>\n<li><strong>Envase<\/strong>: Paquete de 50<\/li>\n<li><strong>Di\u00e1metro<\/strong>: 95 mm<\/li>\n<li><strong>Altura<\/strong>: 35 mm<\/li>\n<li><strong>Forma<\/strong>: Redonda<\/li>\n<li><strong>Material<\/strong>: rPET<\/li>\n<\/ul>\n<p>&nbsp;<\/p>\n<p><!--more--><\/p>\n<p>Esta tapa de c\u00fapula de pl\u00e1stico con orificio para paja tambi\u00e9n est\u00e1 disponible con travesa\u00f1o: <span style=\"color: #d12727;\"><a style=\"color: #d12727;\" href=\"https:\/\/www.csj-emballages.com\/es\/produit\/tapa-de-cupula-de-plastico-con-travesano-o95-por-50\/\">CVDOMCR500CC<\/a><\/span><\/p>\n<p>&nbsp;<\/p>\n<p><!--more--><\/p>\n<p><a href=\"\/?product_cat=pots-smoothies-diametre-95mm\">Ver el resto de nuestra gama de tarros para batidos en \u00d895 mm<\/a><\/p>\n<\/div>\n<\/div>\n<\/div>\n<\/div>\n<\/div>\n<\/div>\n<\/div>\n<\/div>\n<\/div>\n<\/div>\n","protected":false},"excerpt":{"rendered":"<p>Tapa de pl\u00e1stico Descripci\u00f3n de nuestra tapa de c\u00fapula de pl\u00e1stico con orificio \u00d895 por 50<\/p>\n","protected":false},"featured_media":193422,"template":"","meta":{"_acf_changed":false},"product_brand":[],"product_cat":[1150,1462,1795,2538,2551],"product_tag":[],"class_list":{"0":"post-20473","1":"product","2":"type-product","3":"status-publish","4":"has-post-thumbnail","6":"product_cat-envasado-de-alimentos","7":"product_cat-tazas-vasos-cubos-botellas","8":"product_cat-vasos-para-bebidas-frias","9":"product_cat-tarros-para-batidos","10":"product_cat-tarros-para-batidos-diametro-95-mm","12":"first","13":"instock","14":"taxable","15":"shipping-taxable","16":"purchasable","17":"product-type-simple"},"acf":[],"yoast_head":"<!-- This site is optimized with the Yoast SEO Premium plugin v26.6 (Yoast SEO v26.6) - https:\/\/yoast.com\/wordpress\/plugins\/seo\/ -->\n<title>Tapa de c\u00fapula de pl\u00e1stico con orificio \u00d895 por 50<\/title>\n<meta name=\"description\" content=\"Tapa de c\u00fapula de pl\u00e1stico \u00d895 con orificio, se vende en paquetes de 50. Ideal para bebidas para llevar con pajita, sujeci\u00f3n segura y presentaci\u00f3n ordenada.\" \/>\n<meta name=\"robots\" content=\"index, follow, max-snippet:-1, max-image-preview:large, max-video-preview:-1\" \/>\n<link rel=\"canonical\" href=\"https:\/\/www.csj-emballages.com\/es\/produit\/50-tapas-de-cupula-con-orificio-para-batidos-en-plastico-95-o\/\" \/>\n<meta property=\"og:locale\" content=\"es_ES\" \/>\n<meta property=\"og:type\" content=\"article\" \/>\n<meta property=\"og:title\" content=\"Tapa de c\u00fapula de pl\u00e1stico con orificio - \u00d895 mm\" \/>\n<meta property=\"og:description\" content=\"Descubra nuestra selecci\u00f3n de pr\u00e1cticas y vers\u00e1tiles tapas de pl\u00e1stico abombadas con agujeros. Perfecto para bebidas para llevar y eventos.\" \/>\n<meta property=\"og:url\" content=\"https:\/\/www.csj-emballages.com\/es\/produit\/50-tapas-de-cupula-con-orificio-para-batidos-en-plastico-95-o\/\" \/>\n<meta property=\"og:site_name\" content=\"CSJ Emballages\" \/>\n<meta property=\"article:publisher\" content=\"https:\/\/www.facebook.com\/csjemballages\" \/>\n<meta property=\"article:modified_time\" content=\"2026-04-05T00:10:38+00:00\" \/>\n<meta property=\"og:image\" content=\"https:\/\/www.csj-emballages.com\/wp-content\/uploads\/2024\/03\/CVDOMTR300CC.webp\" \/>\n\t<meta property=\"og:image:width\" content=\"800\" \/>\n\t<meta property=\"og:image:height\" content=\"800\" \/>\n\t<meta property=\"og:image:type\" content=\"image\/webp\" \/>\n<meta name=\"twitter:card\" content=\"summary_large_image\" \/>\n<meta name=\"twitter:title\" content=\"Tapa de c\u00fapula de pl\u00e1stico con orificio - \u00d895 mm\" \/>\n<meta name=\"twitter:description\" content=\"Descubra nuestra selecci\u00f3n de pr\u00e1cticas y vers\u00e1tiles tapas de pl\u00e1stico abombadas con agujeros. Perfecto para bebidas para llevar y eventos.\" \/>\n<meta name=\"twitter:label1\" content=\"Tiempo de lectura\" \/>\n\t<meta name=\"twitter:data1\" content=\"1 minuto\" \/>\n<script type=\"application\/ld+json\" class=\"yoast-schema-graph\">{\"@context\":\"https:\/\/schema.org\",\"@graph\":[{\"@type\":\"WebPage\",\"@id\":\"https:\/\/www.csj-emballages.com\/es\/produit\/50-tapas-de-cupula-con-orificio-para-batidos-en-plastico-95-o\/\",\"url\":\"https:\/\/www.csj-emballages.com\/es\/produit\/50-tapas-de-cupula-con-orificio-para-batidos-en-plastico-95-o\/\",\"name\":\"Tapa de c\u00fapula de pl\u00e1stico con orificio \u00d895 por 50\",\"isPartOf\":{\"@id\":\"https:\/\/www.csj-emballages.com\/es\/#website\"},\"primaryImageOfPage\":{\"@id\":\"https:\/\/www.csj-emballages.com\/es\/produit\/50-tapas-de-cupula-con-orificio-para-batidos-en-plastico-95-o\/#primaryimage\"},\"image\":{\"@id\":\"https:\/\/www.csj-emballages.com\/es\/produit\/50-tapas-de-cupula-con-orificio-para-batidos-en-plastico-95-o\/#primaryimage\"},\"thumbnailUrl\":\"https:\/\/www.csj-emballages.com\/wp-content\/uploads\/2024\/03\/CVDOMTR300CC.webp\",\"datePublished\":\"2024-03-01T15:54:35+00:00\",\"dateModified\":\"2026-04-05T00:10:38+00:00\",\"description\":\"Tapa de c\u00fapula de pl\u00e1stico \u00d895 con orificio, se vende en paquetes de 50. Ideal para bebidas para llevar con pajita, sujeci\u00f3n segura y presentaci\u00f3n ordenada.\",\"breadcrumb\":{\"@id\":\"https:\/\/www.csj-emballages.com\/es\/produit\/50-tapas-de-cupula-con-orificio-para-batidos-en-plastico-95-o\/#breadcrumb\"},\"inLanguage\":\"es\",\"potentialAction\":[{\"@type\":\"ReadAction\",\"target\":[\"https:\/\/www.csj-emballages.com\/es\/produit\/50-tapas-de-cupula-con-orificio-para-batidos-en-plastico-95-o\/\"]}]},{\"@type\":\"ImageObject\",\"inLanguage\":\"es\",\"@id\":\"https:\/\/www.csj-emballages.com\/es\/produit\/50-tapas-de-cupula-con-orificio-para-batidos-en-plastico-95-o\/#primaryimage\",\"url\":\"https:\/\/www.csj-emballages.com\/wp-content\/uploads\/2024\/03\/CVDOMTR300CC.webp\",\"contentUrl\":\"https:\/\/www.csj-emballages.com\/wp-content\/uploads\/2024\/03\/CVDOMTR300CC.webp\",\"width\":800,\"height\":800,\"caption\":\"Couvercle plastique\"},{\"@type\":\"BreadcrumbList\",\"@id\":\"https:\/\/www.csj-emballages.com\/es\/produit\/50-tapas-de-cupula-con-orificio-para-batidos-en-plastico-95-o\/#breadcrumb\",\"itemListElement\":[{\"@type\":\"ListItem\",\"position\":1,\"name\":\"Accueil\",\"item\":\"https:\/\/www.csj-emballages.com\/es\/universo-del-envasado-alimentario\/\"},{\"@type\":\"ListItem\",\"position\":2,\"name\":\"Tienda\",\"item\":\"https:\/\/www.csj-emballages.com\/tienda\/\"},{\"@type\":\"ListItem\",\"position\":3,\"name\":\"Tapa de c\u00fapula de pl\u00e1stico con orificio \u00d895 por 50\"}]},{\"@type\":\"WebSite\",\"@id\":\"https:\/\/www.csj-emballages.com\/es\/#website\",\"url\":\"https:\/\/www.csj-emballages.com\/es\/\",\"name\":\"CSJ Emballages\",\"description\":\"\",\"publisher\":{\"@id\":\"https:\/\/www.csj-emballages.com\/es\/#organization\"},\"potentialAction\":[{\"@type\":\"SearchAction\",\"target\":{\"@type\":\"EntryPoint\",\"urlTemplate\":\"https:\/\/www.csj-emballages.com\/es\/?s={search_term_string}\"},\"query-input\":{\"@type\":\"PropertyValueSpecification\",\"valueRequired\":true,\"valueName\":\"search_term_string\"}}],\"inLanguage\":\"es\"},{\"@type\":\"Organization\",\"@id\":\"https:\/\/www.csj-emballages.com\/es\/#Organization\/\",\"name\":\"CSJ Emballages\",\"url\":\"https:\/\/www.csj-emballages.com\/es\/\",\"logo\":{\"@type\":\"ImageObject\",\"inLanguage\":\"es\",\"@id\":\"https:\/\/www.csj-emballages.com\/es\/#\/schema\/logo\/image\/\",\"url\":\"https:\/\/www.csj-emballages.com\/wp-content\/uploads\/2023\/10\/logo_csj.webp\",\"contentUrl\":\"https:\/\/www.csj-emballages.com\/wp-content\/uploads\/2023\/10\/logo_csj.webp\",\"width\":250,\"height\":95,\"caption\":\"CSJ Emballages\"},\"image\":{\"@id\":\"https:\/\/www.csj-emballages.com\/es\/#\/schema\/logo\/image\/\"},\"sameAs\":[\"https:\/\/www.facebook.com\/csjemballages\"],\"address\":{\"@type\":\"PostalAddress\",\"streetAddress\":\"ZI La Lechere\",\"addressLocality\":\"Patornay\",\"postalCode\":\"39130\",\"addressCountry\":\"FR\"},\"contactPoint\":[{\"@type\":\"ContactPoint\",\"contactType\":\"Service client\",\"telephone\":\"0384254272\",\"email\":\"contact@csj-emballages.com\"}]}]}<\/script>\n<!-- \/ Yoast SEO Premium plugin. -->","yoast_head_json":{"title":"Tapa de c\u00fapula de pl\u00e1stico con orificio \u00d895 por 50","description":"Tapa de c\u00fapula de pl\u00e1stico \u00d895 con orificio, se vende en paquetes de 50. Ideal para bebidas para llevar con pajita, sujeci\u00f3n segura y presentaci\u00f3n ordenada.","robots":{"index":"index","follow":"follow","max-snippet":"max-snippet:-1","max-image-preview":"max-image-preview:large","max-video-preview":"max-video-preview:-1"},"canonical":"https:\/\/www.csj-emballages.com\/es\/produit\/50-tapas-de-cupula-con-orificio-para-batidos-en-plastico-95-o\/","og_locale":"es_ES","og_type":"article","og_title":"Tapa de c\u00fapula de pl\u00e1stico con orificio - \u00d895 mm","og_description":"Descubra nuestra selecci\u00f3n de pr\u00e1cticas y vers\u00e1tiles tapas de pl\u00e1stico abombadas con agujeros. Perfecto para bebidas para llevar y eventos.","og_url":"https:\/\/www.csj-emballages.com\/es\/produit\/50-tapas-de-cupula-con-orificio-para-batidos-en-plastico-95-o\/","og_site_name":"CSJ Emballages","article_publisher":"https:\/\/www.facebook.com\/csjemballages","article_modified_time":"2026-04-05T00:10:38+00:00","og_image":[{"width":800,"height":800,"url":"https:\/\/www.csj-emballages.com\/wp-content\/uploads\/2024\/03\/CVDOMTR300CC.webp","type":"image\/webp"}],"twitter_card":"summary_large_image","twitter_title":"Tapa de c\u00fapula de pl\u00e1stico con orificio - \u00d895 mm","twitter_description":"Descubra nuestra selecci\u00f3n de pr\u00e1cticas y vers\u00e1tiles tapas de pl\u00e1stico abombadas con agujeros. Perfecto para bebidas para llevar y eventos.","twitter_misc":{"Tiempo de lectura":"1 minuto"},"schema":{"@context":"https:\/\/schema.org","@graph":[{"@type":"WebPage","@id":"https:\/\/www.csj-emballages.com\/es\/produit\/50-tapas-de-cupula-con-orificio-para-batidos-en-plastico-95-o\/","url":"https:\/\/www.csj-emballages.com\/es\/produit\/50-tapas-de-cupula-con-orificio-para-batidos-en-plastico-95-o\/","name":"Tapa de c\u00fapula de pl\u00e1stico con orificio \u00d895 por 50","isPartOf":{"@id":"https:\/\/www.csj-emballages.com\/es\/#website"},"primaryImageOfPage":{"@id":"https:\/\/www.csj-emballages.com\/es\/produit\/50-tapas-de-cupula-con-orificio-para-batidos-en-plastico-95-o\/#primaryimage"},"image":{"@id":"https:\/\/www.csj-emballages.com\/es\/produit\/50-tapas-de-cupula-con-orificio-para-batidos-en-plastico-95-o\/#primaryimage"},"thumbnailUrl":"https:\/\/www.csj-emballages.com\/wp-content\/uploads\/2024\/03\/CVDOMTR300CC.webp","datePublished":"2024-03-01T15:54:35+00:00","dateModified":"2026-04-05T00:10:38+00:00","description":"Tapa de c\u00fapula de pl\u00e1stico \u00d895 con orificio, se vende en paquetes de 50. Ideal para bebidas para llevar con pajita, sujeci\u00f3n segura y presentaci\u00f3n ordenada.","breadcrumb":{"@id":"https:\/\/www.csj-emballages.com\/es\/produit\/50-tapas-de-cupula-con-orificio-para-batidos-en-plastico-95-o\/#breadcrumb"},"inLanguage":"es","potentialAction":[{"@type":"ReadAction","target":["https:\/\/www.csj-emballages.com\/es\/produit\/50-tapas-de-cupula-con-orificio-para-batidos-en-plastico-95-o\/"]}]},{"@type":"ImageObject","inLanguage":"es","@id":"https:\/\/www.csj-emballages.com\/es\/produit\/50-tapas-de-cupula-con-orificio-para-batidos-en-plastico-95-o\/#primaryimage","url":"https:\/\/www.csj-emballages.com\/wp-content\/uploads\/2024\/03\/CVDOMTR300CC.webp","contentUrl":"https:\/\/www.csj-emballages.com\/wp-content\/uploads\/2024\/03\/CVDOMTR300CC.webp","width":800,"height":800,"caption":"Couvercle plastique"},{"@type":"BreadcrumbList","@id":"https:\/\/www.csj-emballages.com\/es\/produit\/50-tapas-de-cupula-con-orificio-para-batidos-en-plastico-95-o\/#breadcrumb","itemListElement":[{"@type":"ListItem","position":1,"name":"Accueil","item":"https:\/\/www.csj-emballages.com\/es\/universo-del-envasado-alimentario\/"},{"@type":"ListItem","position":2,"name":"Tienda","item":"https:\/\/www.csj-emballages.com\/tienda\/"},{"@type":"ListItem","position":3,"name":"Tapa de c\u00fapula de pl\u00e1stico con orificio \u00d895 por 50"}]},{"@type":"WebSite","@id":"https:\/\/www.csj-emballages.com\/es\/#website","url":"https:\/\/www.csj-emballages.com\/es\/","name":"CSJ Emballages","description":"","publisher":{"@id":"https:\/\/www.csj-emballages.com\/es\/#organization"},"potentialAction":[{"@type":"SearchAction","target":{"@type":"EntryPoint","urlTemplate":"https:\/\/www.csj-emballages.com\/es\/?s={search_term_string}"},"query-input":{"@type":"PropertyValueSpecification","valueRequired":true,"valueName":"search_term_string"}}],"inLanguage":"es"},{"@type":"Organization","@id":"https:\/\/www.csj-emballages.com\/es\/#Organization\/","name":"CSJ Emballages","url":"https:\/\/www.csj-emballages.com\/es\/","logo":{"@type":"ImageObject","inLanguage":"es","@id":"https:\/\/www.csj-emballages.com\/es\/#\/schema\/logo\/image\/","url":"https:\/\/www.csj-emballages.com\/wp-content\/uploads\/2023\/10\/logo_csj.webp","contentUrl":"https:\/\/www.csj-emballages.com\/wp-content\/uploads\/2023\/10\/logo_csj.webp","width":250,"height":95,"caption":"CSJ Emballages"},"image":{"@id":"https:\/\/www.csj-emballages.com\/es\/#\/schema\/logo\/image\/"},"sameAs":["https:\/\/www.facebook.com\/csjemballages"],"address":{"@type":"PostalAddress","streetAddress":"ZI La Lechere","addressLocality":"Patornay","postalCode":"39130","addressCountry":"FR"},"contactPoint":[{"@type":"ContactPoint","contactType":"Service client","telephone":"0384254272","email":"contact@csj-emballages.com"}]}]}},"df_price":2.36,"df_sale_price":"","df_regular_price":2.36,"df_image_link":"https:\/\/www.csj-emballages.com\/wp-content\/uploads\/2024\/03\/CVDOMTR300CC-300x300.webp","tiered_pricing_type":"fixed","tiered_pricing_fixed_rules":[],"tiered_pricing_percentage_rules":[],"tiered_pricing_minimum":1,"tiered_pricing_roles_data":[],"_links":{"self":[{"href":"https:\/\/www.csj-emballages.com\/es\/wp-json\/wp\/v2\/product\/20473","targetHints":{"allow":["GET"]}}],"collection":[{"href":"https:\/\/www.csj-emballages.com\/es\/wp-json\/wp\/v2\/product"}],"about":[{"href":"https:\/\/www.csj-emballages.com\/es\/wp-json\/wp\/v2\/types\/product"}],"wp:featuredmedia":[{"embeddable":true,"href":"https:\/\/www.csj-emballages.com\/es\/wp-json\/wp\/v2\/media\/193422"}],"wp:attachment":[{"href":"https:\/\/www.csj-emballages.com\/es\/wp-json\/wp\/v2\/media?parent=20473"}],"wp:term":[{"taxonomy":"product_brand","embeddable":true,"href":"https:\/\/www.csj-emballages.com\/es\/wp-json\/wp\/v2\/product_brand?post=20473"},{"taxonomy":"product_cat","embeddable":true,"href":"https:\/\/www.csj-emballages.com\/es\/wp-json\/wp\/v2\/product_cat?post=20473"},{"taxonomy":"product_tag","embeddable":true,"href":"https:\/\/www.csj-emballages.com\/es\/wp-json\/wp\/v2\/product_tag?post=20473"}],"curies":[{"name":"wp","href":"https:\/\/api.w.org\/{rel}","templated":true}]}}