{"id":20462,"date":"2024-03-01T16:54:36","date_gmt":"2024-03-01T15:54:36","guid":{"rendered":"https:\/\/u15jnbdpoq.preview.infomaniak.website\/produit\/50-tapas-desechables-para-batidos-con-travesanos-de-78-o\/"},"modified":"2026-05-05T02:13:51","modified_gmt":"2026-05-05T00:13:51","slug":"50-tapas-desechables-para-batidos-con-travesanos-de-78-o","status":"publish","type":"product","link":"https:\/\/www.csj-emballages.com\/es\/produit\/50-tapas-desechables-para-batidos-con-travesanos-de-78-o\/","title":{"rendered":"Tapa plana de pl\u00e1stico con travesa\u00f1o 78 \u00d8 por 50"},"content":{"rendered":"<h2>Tapa de pl\u00e1stico<\/h2>\n<hr>\n<h3>  Descubra nuestra tapa plana de pl\u00e1stico con travesa\u00f1o de 78 \u00d8 por 50<\/h3>\n<p><!--more--><\/p>\n<p data-start=\"261\" data-end=\"677\">Cuando se sirve una bebida para llevar, cada detalle cuenta, y esta <strong data-start=\"327\" data-end=\"376\">tapa plana de pl\u00e1stico \u00d8 78 con pajita en cruz<\/strong> marca claramente la diferencia. De aspecto sencillo, ha sido dise\u00f1ada para que el servicio sea m\u00e1s r\u00e1pido y limpio. Gracias a su <g id=\"gid_1\">travesa\u00f1o central<\/g>, es f\u00e1cil introducir una pajita limitando las salpicaduras. El resultado: la bebida se mantiene en su sitio, incluso en movimiento.   <\/p>\n<p data-start=\"679\" data-end=\"1041\">Su di\u00e1metro <strong>de \u00d878<\/strong> mm encaja perfectamente en <span style=\"color: #d12727;\"><a style=\"color: #d12727;\" href=\"https:\/\/www.csj-emballages.com\/es\/categorie-produit\/envasado-de-alimentos\/catering-es\/tazas-vasos-cubos-botellas\/vasos-para-bebidas-frias\/tarros-para-batidos\/tarros-para-batidos-diametro-78-mm\/\">vasos de 78 mm de di\u00e1metro<\/a><\/span>di\u00e1metro de los vasos, garantizando un cierre limpio y seguro. Una vez colocada, la <g id=\"gid_3\">tapa<\/g> se sujeta firmemente sin deformarse, lo que tranquiliza tanto a los profesionales como a los clientes. Tanto si sirve un refresco, un zumo, una bebida fr\u00eda o un caf\u00e9 helado, la tapa acompa\u00f1a al vaso sin dificultar su sujeci\u00f3n.  <\/p>\n<p data-start=\"1043\" data-end=\"1373\">Su forma <strong>plana<\/strong> tambi\u00e9n facilita su apilamiento y almacenamiento. Ahorrar\u00e1 espacio detr\u00e1s del mostrador y trabajar\u00e1 de forma m\u00e1s eficiente durante turnos ajetreados. El <strong>pl\u00e1stico transparente<\/strong> tambi\u00e9n permite ver el contenido de un vistazo, lo que resulta pr\u00e1ctico para evitar errores de pedido y mantener una presentaci\u00f3n ordenada.  <\/p>\n<p data-start=\"1375\" data-end=\"1605\">Esta tapa, que se vende <strong data-start=\"1381\" data-end=\"1398\">en paquetes de 50 unidades<\/strong>, es ideal para bares, establecimientos de comida r\u00e1pida, food-trucks, bares o eventos puntuales. Le permite gestionar las ventas de comida para llevar sin excedentes innecesarios, al tiempo que garantiza un servicio fluido y organizado. <\/p>\n<p data-start=\"1607\" data-end=\"1812\">En resumen, esta <strong>tapa de pl\u00e1stico<\/strong> es un peque\u00f1o accesorio esencial que facilita el d\u00eda a d\u00eda. Discreta, eficaz y pr\u00e1ctica, es el complemento perfecto de sus tazas para un servicio limpio, r\u00e1pido y sin estr\u00e9s. <\/p>\n<p data-start=\"1607\" data-end=\"1812\">\n<p data-start=\"1607\" data-end=\"1812\"><!--more--><\/p>\n<h4 data-start=\"1607\" data-end=\"1812\">Ventajas :<\/h4>\n<ul>\n<li data-start=\"1840\" data-end=\"1874\"><strong>Pr\u00e1ctica cruz de<\/strong> paja.<\/li>\n<li data-start=\"1877\" data-end=\"1909\">Cierre estable y seguro.<\/li>\n<li data-start=\"1912\" data-end=\"1963\">Formato <strong>\u00d878<\/strong> compatible con muchas tazas.<\/li>\n<li data-start=\"1966\" data-end=\"2004\">Dise\u00f1o plano para un f\u00e1cil almacenamiento.<\/li>\n<li data-start=\"2007\" data-end=\"2033\">Pr\u00e1ctico paquete de <strong>50<\/strong>.<\/li>\n<\/ul>\n<p data-start=\"1607\" data-end=\"1812\">\n<p><!--more--><\/p>\n<h4>Informaci\u00f3n adicional :<\/h4>\n<ul>\n<li><strong>Envase<\/strong>: Paquete de 50<\/li>\n<li><strong>Di\u00e1metro<\/strong>: 78 mm<\/li>\n<li><strong>Altura<\/strong>: 6,5 mm<\/li>\n<li><strong>Forma<\/strong>: Redonda<\/li>\n<li><strong>Material<\/strong>: rPET<\/li>\n<\/ul>\n<p>&nbsp;<\/p>\n<p><!--more--><\/p>\n<p>Esta tapa plana de pl\u00e1stico con soporte para pajitas tambi\u00e9n est\u00e1 disponible sin soporte: <span style=\"color: #d12727;\"><a style=\"color: #d12727;\" href=\"https:\/\/www.csj-emballages.com\/es\/produit\/50-tapas-planas-desechables-para-batidos-sin-rejilla-78-o\/\">CVP300<\/a><\/span><\/p>\n<p>&nbsp;<\/p>\n<p><!--more--><\/p>\n<p><a href=\"https:\/\/www.csj-emballages.com\/es\/categorie-produit\/envasado-de-alimentos\/catering-es\/tazas-vasos-cubos-botellas\/vasos-para-bebidas-frias\/tarros-para-batidos\/tarros-para-batidos-diametro-78-mm\/\">Ver el resto de nuestra gama de tarros para batidos de 78 mm de di\u00e1metro<\/a><\/p>\n","protected":false},"excerpt":{"rendered":"<p>Tapa de pl\u00e1stico Descubra nuestra tapa plana de pl\u00e1stico con travesa\u00f1o de 78 \u00d8 por 50<\/p>\n","protected":false},"featured_media":193446,"template":"","meta":{"_acf_changed":false},"product_brand":[],"product_cat":[1150,1143,1324,1458,1462,1795,2538,2542],"product_tag":[],"class_list":{"0":"post-20462","1":"product","2":"type-product","3":"status-publish","4":"has-post-thumbnail","6":"product_cat-envasado-de-alimentos","7":"product_cat-carniceria-y-charcuteria","8":"product_cat-tazas-tarros-vasos","9":"product_cat-tazas-de-postre","10":"product_cat-tazas-vasos-cubos-botellas","11":"product_cat-vasos-para-bebidas-frias","12":"product_cat-tarros-para-batidos","13":"product_cat-tarros-para-batidos-diametro-78-mm","15":"first","16":"instock","17":"taxable","18":"shipping-taxable","19":"purchasable","20":"product-type-simple"},"acf":[],"yoast_head":"<!-- This site is optimized with the Yoast SEO Premium plugin v26.6 (Yoast SEO v26.6) - https:\/\/yoast.com\/wordpress\/plugins\/seo\/ -->\n<title>Tapa Pl\u00e1stica Plana con Cruz 78 \u00d8 por 50<\/title>\n<meta name=\"description\" content=\"Tapa plana de pl\u00e1stico \u00d878 con cruceta, se vende en paquetes de 50. Ideal para bebidas para llevar, sujeci\u00f3n segura y f\u00e1cil paso de la pajita.\" \/>\n<meta name=\"robots\" content=\"index, follow, max-snippet:-1, max-image-preview:large, max-video-preview:-1\" \/>\n<link rel=\"canonical\" href=\"https:\/\/www.csj-emballages.com\/es\/produit\/50-tapas-desechables-para-batidos-con-travesanos-de-78-o\/\" \/>\n<meta property=\"og:locale\" content=\"es_ES\" \/>\n<meta property=\"og:type\" content=\"article\" \/>\n<meta property=\"og:title\" content=\"Tapa plana de pl\u00e1stico con travesa\u00f1o 78 \u00d8 por 50\" \/>\n<meta property=\"og:description\" content=\"Tapa plana de pl\u00e1stico \u00d878 con cruceta, se vende en paquetes de 50. Ideal para bebidas para llevar, sujeci\u00f3n segura y f\u00e1cil paso de la pajita.\" \/>\n<meta property=\"og:url\" content=\"https:\/\/www.csj-emballages.com\/es\/produit\/50-tapas-desechables-para-batidos-con-travesanos-de-78-o\/\" \/>\n<meta property=\"og:site_name\" content=\"CSJ Emballages\" \/>\n<meta property=\"article:publisher\" content=\"https:\/\/www.facebook.com\/csjemballages\" \/>\n<meta property=\"article:modified_time\" content=\"2026-05-05T00:13:51+00:00\" \/>\n<meta property=\"og:image\" content=\"https:\/\/www.csj-emballages.com\/wp-content\/uploads\/2024\/03\/CVCR3001-e1733326130983.webp\" \/>\n\t<meta property=\"og:image:width\" content=\"800\" \/>\n\t<meta property=\"og:image:height\" content=\"877\" \/>\n\t<meta property=\"og:image:type\" content=\"image\/webp\" \/>\n<meta name=\"twitter:card\" content=\"summary_large_image\" \/>\n<meta name=\"twitter:label1\" content=\"Tiempo de lectura\" \/>\n\t<meta name=\"twitter:data1\" content=\"2 minutos\" \/>\n<script type=\"application\/ld+json\" class=\"yoast-schema-graph\">{\"@context\":\"https:\/\/schema.org\",\"@graph\":[{\"@type\":\"WebPage\",\"@id\":\"https:\/\/www.csj-emballages.com\/es\/produit\/50-tapas-desechables-para-batidos-con-travesanos-de-78-o\/\",\"url\":\"https:\/\/www.csj-emballages.com\/es\/produit\/50-tapas-desechables-para-batidos-con-travesanos-de-78-o\/\",\"name\":\"Tapa Pl\u00e1stica Plana con Cruz 78 \u00d8 por 50\",\"isPartOf\":{\"@id\":\"https:\/\/www.csj-emballages.com\/es\/#website\"},\"primaryImageOfPage\":{\"@id\":\"https:\/\/www.csj-emballages.com\/es\/produit\/50-tapas-desechables-para-batidos-con-travesanos-de-78-o\/#primaryimage\"},\"image\":{\"@id\":\"https:\/\/www.csj-emballages.com\/es\/produit\/50-tapas-desechables-para-batidos-con-travesanos-de-78-o\/#primaryimage\"},\"thumbnailUrl\":\"https:\/\/www.csj-emballages.com\/wp-content\/uploads\/2024\/03\/CVCR3001-e1733326130983.webp\",\"datePublished\":\"2024-03-01T15:54:36+00:00\",\"dateModified\":\"2026-05-05T00:13:51+00:00\",\"description\":\"Tapa plana de pl\u00e1stico \u00d878 con cruceta, se vende en paquetes de 50. Ideal para bebidas para llevar, sujeci\u00f3n segura y f\u00e1cil paso de la pajita.\",\"breadcrumb\":{\"@id\":\"https:\/\/www.csj-emballages.com\/es\/produit\/50-tapas-desechables-para-batidos-con-travesanos-de-78-o\/#breadcrumb\"},\"inLanguage\":\"es\",\"potentialAction\":[{\"@type\":\"ReadAction\",\"target\":[\"https:\/\/www.csj-emballages.com\/es\/produit\/50-tapas-desechables-para-batidos-con-travesanos-de-78-o\/\"]}]},{\"@type\":\"ImageObject\",\"inLanguage\":\"es\",\"@id\":\"https:\/\/www.csj-emballages.com\/es\/produit\/50-tapas-desechables-para-batidos-con-travesanos-de-78-o\/#primaryimage\",\"url\":\"https:\/\/www.csj-emballages.com\/wp-content\/uploads\/2024\/03\/CVCR3001-e1733326130983.webp\",\"contentUrl\":\"https:\/\/www.csj-emballages.com\/wp-content\/uploads\/2024\/03\/CVCR3001-e1733326130983.webp\",\"width\":800,\"height\":877,\"caption\":\"Couvercle Plastique\"},{\"@type\":\"BreadcrumbList\",\"@id\":\"https:\/\/www.csj-emballages.com\/es\/produit\/50-tapas-desechables-para-batidos-con-travesanos-de-78-o\/#breadcrumb\",\"itemListElement\":[{\"@type\":\"ListItem\",\"position\":1,\"name\":\"Accueil\",\"item\":\"https:\/\/www.csj-emballages.com\/es\/universo-del-envasado-alimentario\/\"},{\"@type\":\"ListItem\",\"position\":2,\"name\":\"Tienda\",\"item\":\"https:\/\/www.csj-emballages.com\/tienda\/\"},{\"@type\":\"ListItem\",\"position\":3,\"name\":\"Tapa plana de pl\u00e1stico con travesa\u00f1o 78 \u00d8 por 50\"}]},{\"@type\":\"WebSite\",\"@id\":\"https:\/\/www.csj-emballages.com\/es\/#website\",\"url\":\"https:\/\/www.csj-emballages.com\/es\/\",\"name\":\"CSJ Emballages\",\"description\":\"\",\"publisher\":{\"@id\":\"https:\/\/www.csj-emballages.com\/es\/#organization\"},\"potentialAction\":[{\"@type\":\"SearchAction\",\"target\":{\"@type\":\"EntryPoint\",\"urlTemplate\":\"https:\/\/www.csj-emballages.com\/es\/?s={search_term_string}\"},\"query-input\":{\"@type\":\"PropertyValueSpecification\",\"valueRequired\":true,\"valueName\":\"search_term_string\"}}],\"inLanguage\":\"es\"},{\"@type\":\"Organization\",\"@id\":\"https:\/\/www.csj-emballages.com\/es\/#Organization\/\",\"name\":\"CSJ Emballages\",\"url\":\"https:\/\/www.csj-emballages.com\/es\/\",\"logo\":{\"@type\":\"ImageObject\",\"inLanguage\":\"es\",\"@id\":\"https:\/\/www.csj-emballages.com\/es\/#\/schema\/logo\/image\/\",\"url\":\"https:\/\/www.csj-emballages.com\/wp-content\/uploads\/2023\/10\/logo_csj.webp\",\"contentUrl\":\"https:\/\/www.csj-emballages.com\/wp-content\/uploads\/2023\/10\/logo_csj.webp\",\"width\":250,\"height\":95,\"caption\":\"CSJ Emballages\"},\"image\":{\"@id\":\"https:\/\/www.csj-emballages.com\/es\/#\/schema\/logo\/image\/\"},\"sameAs\":[\"https:\/\/www.facebook.com\/csjemballages\"],\"address\":{\"@type\":\"PostalAddress\",\"streetAddress\":\"ZI La Lechere\",\"addressLocality\":\"Patornay\",\"postalCode\":\"39130\",\"addressCountry\":\"FR\"},\"contactPoint\":[{\"@type\":\"ContactPoint\",\"contactType\":\"Service client\",\"telephone\":\"0384254272\",\"email\":\"contact@csj-emballages.com\"}]}]}<\/script>\n<!-- \/ Yoast SEO Premium plugin. -->","yoast_head_json":{"title":"Tapa Pl\u00e1stica Plana con Cruz 78 \u00d8 por 50","description":"Tapa plana de pl\u00e1stico \u00d878 con cruceta, se vende en paquetes de 50. Ideal para bebidas para llevar, sujeci\u00f3n segura y f\u00e1cil paso de la pajita.","robots":{"index":"index","follow":"follow","max-snippet":"max-snippet:-1","max-image-preview":"max-image-preview:large","max-video-preview":"max-video-preview:-1"},"canonical":"https:\/\/www.csj-emballages.com\/es\/produit\/50-tapas-desechables-para-batidos-con-travesanos-de-78-o\/","og_locale":"es_ES","og_type":"article","og_title":"Tapa plana de pl\u00e1stico con travesa\u00f1o 78 \u00d8 por 50","og_description":"Tapa plana de pl\u00e1stico \u00d878 con cruceta, se vende en paquetes de 50. Ideal para bebidas para llevar, sujeci\u00f3n segura y f\u00e1cil paso de la pajita.","og_url":"https:\/\/www.csj-emballages.com\/es\/produit\/50-tapas-desechables-para-batidos-con-travesanos-de-78-o\/","og_site_name":"CSJ Emballages","article_publisher":"https:\/\/www.facebook.com\/csjemballages","article_modified_time":"2026-05-05T00:13:51+00:00","og_image":[{"width":800,"height":877,"url":"https:\/\/www.csj-emballages.com\/wp-content\/uploads\/2024\/03\/CVCR3001-e1733326130983.webp","type":"image\/webp"}],"twitter_card":"summary_large_image","twitter_misc":{"Tiempo de lectura":"2 minutos"},"schema":{"@context":"https:\/\/schema.org","@graph":[{"@type":"WebPage","@id":"https:\/\/www.csj-emballages.com\/es\/produit\/50-tapas-desechables-para-batidos-con-travesanos-de-78-o\/","url":"https:\/\/www.csj-emballages.com\/es\/produit\/50-tapas-desechables-para-batidos-con-travesanos-de-78-o\/","name":"Tapa Pl\u00e1stica Plana con Cruz 78 \u00d8 por 50","isPartOf":{"@id":"https:\/\/www.csj-emballages.com\/es\/#website"},"primaryImageOfPage":{"@id":"https:\/\/www.csj-emballages.com\/es\/produit\/50-tapas-desechables-para-batidos-con-travesanos-de-78-o\/#primaryimage"},"image":{"@id":"https:\/\/www.csj-emballages.com\/es\/produit\/50-tapas-desechables-para-batidos-con-travesanos-de-78-o\/#primaryimage"},"thumbnailUrl":"https:\/\/www.csj-emballages.com\/wp-content\/uploads\/2024\/03\/CVCR3001-e1733326130983.webp","datePublished":"2024-03-01T15:54:36+00:00","dateModified":"2026-05-05T00:13:51+00:00","description":"Tapa plana de pl\u00e1stico \u00d878 con cruceta, se vende en paquetes de 50. Ideal para bebidas para llevar, sujeci\u00f3n segura y f\u00e1cil paso de la pajita.","breadcrumb":{"@id":"https:\/\/www.csj-emballages.com\/es\/produit\/50-tapas-desechables-para-batidos-con-travesanos-de-78-o\/#breadcrumb"},"inLanguage":"es","potentialAction":[{"@type":"ReadAction","target":["https:\/\/www.csj-emballages.com\/es\/produit\/50-tapas-desechables-para-batidos-con-travesanos-de-78-o\/"]}]},{"@type":"ImageObject","inLanguage":"es","@id":"https:\/\/www.csj-emballages.com\/es\/produit\/50-tapas-desechables-para-batidos-con-travesanos-de-78-o\/#primaryimage","url":"https:\/\/www.csj-emballages.com\/wp-content\/uploads\/2024\/03\/CVCR3001-e1733326130983.webp","contentUrl":"https:\/\/www.csj-emballages.com\/wp-content\/uploads\/2024\/03\/CVCR3001-e1733326130983.webp","width":800,"height":877,"caption":"Couvercle Plastique"},{"@type":"BreadcrumbList","@id":"https:\/\/www.csj-emballages.com\/es\/produit\/50-tapas-desechables-para-batidos-con-travesanos-de-78-o\/#breadcrumb","itemListElement":[{"@type":"ListItem","position":1,"name":"Accueil","item":"https:\/\/www.csj-emballages.com\/es\/universo-del-envasado-alimentario\/"},{"@type":"ListItem","position":2,"name":"Tienda","item":"https:\/\/www.csj-emballages.com\/tienda\/"},{"@type":"ListItem","position":3,"name":"Tapa plana de pl\u00e1stico con travesa\u00f1o 78 \u00d8 por 50"}]},{"@type":"WebSite","@id":"https:\/\/www.csj-emballages.com\/es\/#website","url":"https:\/\/www.csj-emballages.com\/es\/","name":"CSJ Emballages","description":"","publisher":{"@id":"https:\/\/www.csj-emballages.com\/es\/#organization"},"potentialAction":[{"@type":"SearchAction","target":{"@type":"EntryPoint","urlTemplate":"https:\/\/www.csj-emballages.com\/es\/?s={search_term_string}"},"query-input":{"@type":"PropertyValueSpecification","valueRequired":true,"valueName":"search_term_string"}}],"inLanguage":"es"},{"@type":"Organization","@id":"https:\/\/www.csj-emballages.com\/es\/#Organization\/","name":"CSJ Emballages","url":"https:\/\/www.csj-emballages.com\/es\/","logo":{"@type":"ImageObject","inLanguage":"es","@id":"https:\/\/www.csj-emballages.com\/es\/#\/schema\/logo\/image\/","url":"https:\/\/www.csj-emballages.com\/wp-content\/uploads\/2023\/10\/logo_csj.webp","contentUrl":"https:\/\/www.csj-emballages.com\/wp-content\/uploads\/2023\/10\/logo_csj.webp","width":250,"height":95,"caption":"CSJ Emballages"},"image":{"@id":"https:\/\/www.csj-emballages.com\/es\/#\/schema\/logo\/image\/"},"sameAs":["https:\/\/www.facebook.com\/csjemballages"],"address":{"@type":"PostalAddress","streetAddress":"ZI La Lechere","addressLocality":"Patornay","postalCode":"39130","addressCountry":"FR"},"contactPoint":[{"@type":"ContactPoint","contactType":"Service client","telephone":"0384254272","email":"contact@csj-emballages.com"}]}]}},"df_price":2.16,"df_sale_price":"","df_regular_price":2.16,"df_image_link":"https:\/\/www.csj-emballages.com\/wp-content\/uploads\/2024\/03\/CVCR3001-274x300.webp","tiered_pricing_type":"fixed","tiered_pricing_fixed_rules":[],"tiered_pricing_percentage_rules":[],"tiered_pricing_minimum":1,"tiered_pricing_roles_data":[],"_links":{"self":[{"href":"https:\/\/www.csj-emballages.com\/es\/wp-json\/wp\/v2\/product\/20462","targetHints":{"allow":["GET"]}}],"collection":[{"href":"https:\/\/www.csj-emballages.com\/es\/wp-json\/wp\/v2\/product"}],"about":[{"href":"https:\/\/www.csj-emballages.com\/es\/wp-json\/wp\/v2\/types\/product"}],"wp:featuredmedia":[{"embeddable":true,"href":"https:\/\/www.csj-emballages.com\/es\/wp-json\/wp\/v2\/media\/193446"}],"wp:attachment":[{"href":"https:\/\/www.csj-emballages.com\/es\/wp-json\/wp\/v2\/media?parent=20462"}],"wp:term":[{"taxonomy":"product_brand","embeddable":true,"href":"https:\/\/www.csj-emballages.com\/es\/wp-json\/wp\/v2\/product_brand?post=20462"},{"taxonomy":"product_cat","embeddable":true,"href":"https:\/\/www.csj-emballages.com\/es\/wp-json\/wp\/v2\/product_cat?post=20462"},{"taxonomy":"product_tag","embeddable":true,"href":"https:\/\/www.csj-emballages.com\/es\/wp-json\/wp\/v2\/product_tag?post=20462"}],"curies":[{"name":"wp","href":"https:\/\/api.w.org\/{rel}","templated":true}]}}