{"id":20431,"date":"2024-03-01T16:54:39","date_gmt":"2024-03-01T15:54:39","guid":{"rendered":"https:\/\/u15jnbdpoq.preview.infomaniak.website\/produit\/50-cajas-infantiles-con-asa-17-x-16-x-10-cm\/"},"modified":"2026-04-03T02:15:12","modified_gmt":"2026-04-03T00:15:12","slug":"50-cajas-infantiles-con-asa-17-x-16-x-10-cm","status":"publish","type":"product","link":"https:\/\/www.csj-emballages.com\/es\/produit\/50-cajas-infantiles-con-asa-17-x-16-x-10-cm\/","title":{"rendered":"Fiambrera infantil con asa 17 x 16 x 10 cm, paquete de 50"},"content":{"rendered":"<h2 class=\"p1\">Fiambrera para ni\u00f1os<\/h2>\n<hr>\n<h3>Descripci\u00f3n de nuestra fiambrera infantil con asa 17 x 16 x 10 cm, paquete de 50<\/h3>\n<p><!--more--><\/p>\n<p data-start=\"215\" data-end=\"598\">Si buscas una forma sencilla y divertida de presentar la comida a los m\u00e1s peque\u00f1os, esta <strong data-start=\"315\" data-end=\"347\">fiambrera infantil con asa<\/strong> puede convertirse en tu mejor aliada. Con su tama\u00f1o compacto de <strong data-start=\"419\" data-end=\"438\">17 x 16 x 10 cm<\/strong>, ofrece el espacio justo para un men\u00fa completo: bocadillo, bebida peque\u00f1a, sorpresa, fruta, tarta&#8230; todo cabe f\u00e1cilmente. <\/p>\n<p data-start=\"600\" data-end=\"909\">Lo que realmente marca la diferencia es el <strong data-start=\"638\" data-end=\"658\">asa integrada<\/strong>. Permite a los ni\u00f1os llevar su comida como una peque\u00f1a bolsa, haciendo el momento mucho m\u00e1s divertido. Adem\u00e1s, nada m\u00e1s cogerlo, se ve que el objetivo es claro: hacer que la hora de la comida sea m\u00e1s pr\u00e1ctica y, sobre todo, m\u00e1s agradable para los ni\u00f1os.  <\/p>\n<p data-start=\"911\" data-end=\"1234\">Adem\u00e1s, se monta en cuesti\u00f3n de segundos, por lo que no tendr\u00e1 que perder tiempo durante los servicios m\u00e1s concurridos, especialmente si prepara muchos men\u00fas con antelaci\u00f3n. Con un <strong data-start=\"1087\" data-end=\"1100\">paquete de 50<\/strong>, tendr\u00e1s todo listo para cumplea\u00f1os, men\u00fas infantiles de fin de semana, actos escolares o incluso eventos al aire libre. <\/p>\n<p data-start=\"1236\" data-end=\"1612\">Adem\u00e1s, su formato r\u00edgido garantiza que se mantenga en su sitio: nada de fondos que se caen, nada de esquinas que se abren, todo se mantiene en su sitio. Los ni\u00f1os pueden dejarlo en el suelo, cogerlo, sacudirlo un poco&#8230; aguantar\u00e1. Tanto si es un restaurante como una guarder\u00eda, esta <strong data-start=\"315\" data-end=\"347\">fiambrera para ni\u00f1os<\/strong> a\u00f1ade un toque realmente pr\u00e1ctico.  <\/p>\n<p data-start=\"1614\" data-end=\"1786\">En resumen, es una <strong data-start=\"315\" data-end=\"347\">fiambrera para ni\u00f1os<\/strong> dise\u00f1ada para la vida real: f\u00e1cil de transportar, sencilla de llenar y lo suficientemente resistente como para acompa\u00f1ar las comidas de tus peque\u00f1os con una sonrisa.<\/p>\n<p data-start=\"1614\" data-end=\"1786\">\n<p><!--more--><\/p>\n<h4>Ventajas :<\/h4>\n<ul>\n<li data-start=\"1814\" data-end=\"1865\"><strong>El asa integrada<\/strong> es muy pr\u00e1ctica para los ni\u00f1os.<\/li>\n<li data-start=\"1868\" data-end=\"1906\">Tama\u00f1o perfecto para un men\u00fa completo.<\/li>\n<li data-start=\"1909\" data-end=\"1931\"><strong>Muy r\u00e1pido de montar<\/strong>.<\/li>\n<li data-start=\"1934\" data-end=\"1978\">Lote de <strong>50<\/strong> ideal para anticipar el servicio.<\/li>\n<li data-start=\"1981\" data-end=\"2005\">Cart\u00f3n s\u00f3lido y estable.<\/li>\n<\/ul>\n<p>&nbsp;<\/p>\n<p><!--more--><\/p>\n<h4>Informaci\u00f3n adicional :<\/h4>\n<ul>\n<li><strong>Envase<\/strong>: Paquete de 50<\/li>\n<li><strong>Dimensiones<\/strong>: 17 x 16 x 10 (L x A x A en cm)<\/li>\n<li><strong>Color<\/strong>: Azul \/ Decorado<\/li>\n<li><strong>Material<\/strong>: Cart\u00f3n<\/li>\n<\/ul>\n<h2><\/h2>\n<p><!--more--><\/p>\n<p><a href=\"https:\/\/www.csj-emballages.com\/es\/categorie-produit\/envasado-de-alimentos\/catering-es\/cajas-bandejas-bolsas-conos\/fiambreras-con-asas\/\">Ver el resto de nuestra gama de fiambreras con asas<\/a><\/p>\n","protected":false},"excerpt":{"rendered":"<p>Fiambrera para ni\u00f1os Descripci\u00f3n de nuestra fiambrera infantil con asa 17 x 16 x 10 cm, paquete de 50<\/p>\n","protected":false},"featured_media":230539,"template":"","meta":{"_acf_changed":false},"product_brand":[],"product_cat":[1179,2535],"product_tag":[],"class_list":{"0":"post-20431","1":"product","2":"type-product","3":"status-publish","4":"has-post-thumbnail","6":"product_cat-catering-es","7":"product_cat-fiambreras-con-asas","9":"first","10":"instock","11":"taxable","12":"shipping-taxable","13":"purchasable","14":"product-type-simple"},"acf":[],"yoast_head":"<!-- This site is optimized with the Yoast SEO Premium plugin v26.6 (Yoast SEO v26.6) - https:\/\/yoast.com\/wordpress\/plugins\/seo\/ -->\n<title>Fiambrera infantil con asa 17 x 16 x 10 cm, paquete de 50<\/title>\n<meta name=\"description\" content=\"Fiambrera infantil con asa 17 x 16 x 10 cm - Pr\u00e1ctica, ligera y colorida, ideal para men\u00fas para llevar o eventos infantiles. Paquete de 50 unidades.\" \/>\n<meta name=\"robots\" content=\"index, follow, max-snippet:-1, max-image-preview:large, max-video-preview:-1\" \/>\n<link rel=\"canonical\" href=\"https:\/\/www.csj-emballages.com\/es\/produit\/50-cajas-infantiles-con-asa-17-x-16-x-10-cm\/\" \/>\n<meta property=\"og:locale\" content=\"es_ES\" \/>\n<meta property=\"og:type\" content=\"article\" \/>\n<meta property=\"og:title\" content=\"Fiambrera infantil con asa 17 x 16 x 10 cm, paquete de 50\" \/>\n<meta property=\"og:description\" content=\"Fiambrera infantil con asa 17 x 16 x 10 cm - Pr\u00e1ctica, ligera y colorida, ideal para men\u00fas para llevar o eventos infantiles. Paquete de 50 unidades.\" \/>\n<meta property=\"og:url\" content=\"https:\/\/www.csj-emballages.com\/es\/produit\/50-cajas-infantiles-con-asa-17-x-16-x-10-cm\/\" \/>\n<meta property=\"og:site_name\" content=\"CSJ Emballages\" \/>\n<meta property=\"article:publisher\" content=\"https:\/\/www.facebook.com\/csjemballages\" \/>\n<meta property=\"article:modified_time\" content=\"2026-04-03T00:15:12+00:00\" \/>\n<meta property=\"og:image\" content=\"https:\/\/www.csj-emballages.com\/wp-content\/uploads\/2024\/03\/CPPKID-png.webp\" \/>\n\t<meta property=\"og:image:width\" content=\"800\" \/>\n\t<meta property=\"og:image:height\" content=\"800\" \/>\n\t<meta property=\"og:image:type\" content=\"image\/png\" \/>\n<meta name=\"twitter:card\" content=\"summary_large_image\" \/>\n<meta name=\"twitter:label1\" content=\"Tiempo de lectura\" \/>\n\t<meta name=\"twitter:data1\" content=\"2 minutos\" \/>\n<script type=\"application\/ld+json\" class=\"yoast-schema-graph\">{\"@context\":\"https:\/\/schema.org\",\"@graph\":[{\"@type\":\"WebPage\",\"@id\":\"https:\/\/www.csj-emballages.com\/es\/produit\/50-cajas-infantiles-con-asa-17-x-16-x-10-cm\/\",\"url\":\"https:\/\/www.csj-emballages.com\/es\/produit\/50-cajas-infantiles-con-asa-17-x-16-x-10-cm\/\",\"name\":\"Fiambrera infantil con asa 17 x 16 x 10 cm, paquete de 50\",\"isPartOf\":{\"@id\":\"https:\/\/www.csj-emballages.com\/es\/#website\"},\"primaryImageOfPage\":{\"@id\":\"https:\/\/www.csj-emballages.com\/es\/produit\/50-cajas-infantiles-con-asa-17-x-16-x-10-cm\/#primaryimage\"},\"image\":{\"@id\":\"https:\/\/www.csj-emballages.com\/es\/produit\/50-cajas-infantiles-con-asa-17-x-16-x-10-cm\/#primaryimage\"},\"thumbnailUrl\":\"https:\/\/www.csj-emballages.com\/wp-content\/uploads\/2024\/03\/CPPKID-png.webp\",\"datePublished\":\"2024-03-01T15:54:39+00:00\",\"dateModified\":\"2026-04-03T00:15:12+00:00\",\"description\":\"Fiambrera infantil con asa 17 x 16 x 10 cm - Pr\u00e1ctica, ligera y colorida, ideal para men\u00fas para llevar o eventos infantiles. Paquete de 50 unidades.\",\"breadcrumb\":{\"@id\":\"https:\/\/www.csj-emballages.com\/es\/produit\/50-cajas-infantiles-con-asa-17-x-16-x-10-cm\/#breadcrumb\"},\"inLanguage\":\"es\",\"potentialAction\":[{\"@type\":\"ReadAction\",\"target\":[\"https:\/\/www.csj-emballages.com\/es\/produit\/50-cajas-infantiles-con-asa-17-x-16-x-10-cm\/\"]}]},{\"@type\":\"ImageObject\",\"inLanguage\":\"es\",\"@id\":\"https:\/\/www.csj-emballages.com\/es\/produit\/50-cajas-infantiles-con-asa-17-x-16-x-10-cm\/#primaryimage\",\"url\":\"https:\/\/www.csj-emballages.com\/wp-content\/uploads\/2024\/03\/CPPKID-png.webp\",\"contentUrl\":\"https:\/\/www.csj-emballages.com\/wp-content\/uploads\/2024\/03\/CPPKID-png.webp\",\"width\":800,\"height\":800,\"caption\":\"boite repas enfant\"},{\"@type\":\"BreadcrumbList\",\"@id\":\"https:\/\/www.csj-emballages.com\/es\/produit\/50-cajas-infantiles-con-asa-17-x-16-x-10-cm\/#breadcrumb\",\"itemListElement\":[{\"@type\":\"ListItem\",\"position\":1,\"name\":\"Accueil\",\"item\":\"https:\/\/www.csj-emballages.com\/es\/universo-del-envasado-alimentario\/\"},{\"@type\":\"ListItem\",\"position\":2,\"name\":\"Tienda\",\"item\":\"https:\/\/www.csj-emballages.com\/tienda\/\"},{\"@type\":\"ListItem\",\"position\":3,\"name\":\"Fiambrera infantil con asa 17 x 16 x 10 cm, paquete de 50\"}]},{\"@type\":\"WebSite\",\"@id\":\"https:\/\/www.csj-emballages.com\/es\/#website\",\"url\":\"https:\/\/www.csj-emballages.com\/es\/\",\"name\":\"CSJ Emballages\",\"description\":\"\",\"publisher\":{\"@id\":\"https:\/\/www.csj-emballages.com\/es\/#organization\"},\"potentialAction\":[{\"@type\":\"SearchAction\",\"target\":{\"@type\":\"EntryPoint\",\"urlTemplate\":\"https:\/\/www.csj-emballages.com\/es\/?s={search_term_string}\"},\"query-input\":{\"@type\":\"PropertyValueSpecification\",\"valueRequired\":true,\"valueName\":\"search_term_string\"}}],\"inLanguage\":\"es\"},{\"@type\":\"Organization\",\"@id\":\"https:\/\/www.csj-emballages.com\/es\/#Organization\/\",\"name\":\"CSJ Emballages\",\"url\":\"https:\/\/www.csj-emballages.com\/es\/\",\"logo\":{\"@type\":\"ImageObject\",\"inLanguage\":\"es\",\"@id\":\"https:\/\/www.csj-emballages.com\/es\/#\/schema\/logo\/image\/\",\"url\":\"https:\/\/www.csj-emballages.com\/wp-content\/uploads\/2023\/10\/logo_csj.webp\",\"contentUrl\":\"https:\/\/www.csj-emballages.com\/wp-content\/uploads\/2023\/10\/logo_csj.webp\",\"width\":250,\"height\":95,\"caption\":\"CSJ Emballages\"},\"image\":{\"@id\":\"https:\/\/www.csj-emballages.com\/es\/#\/schema\/logo\/image\/\"},\"sameAs\":[\"https:\/\/www.facebook.com\/csjemballages\"],\"address\":{\"@type\":\"PostalAddress\",\"streetAddress\":\"ZI La Lechere\",\"addressLocality\":\"Patornay\",\"postalCode\":\"39130\",\"addressCountry\":\"FR\"},\"contactPoint\":[{\"@type\":\"ContactPoint\",\"contactType\":\"Service client\",\"telephone\":\"0384254272\",\"email\":\"contact@csj-emballages.com\"}]}]}<\/script>\n<!-- \/ Yoast SEO Premium plugin. -->","yoast_head_json":{"title":"Fiambrera infantil con asa 17 x 16 x 10 cm, paquete de 50","description":"Fiambrera infantil con asa 17 x 16 x 10 cm - Pr\u00e1ctica, ligera y colorida, ideal para men\u00fas para llevar o eventos infantiles. Paquete de 50 unidades.","robots":{"index":"index","follow":"follow","max-snippet":"max-snippet:-1","max-image-preview":"max-image-preview:large","max-video-preview":"max-video-preview:-1"},"canonical":"https:\/\/www.csj-emballages.com\/es\/produit\/50-cajas-infantiles-con-asa-17-x-16-x-10-cm\/","og_locale":"es_ES","og_type":"article","og_title":"Fiambrera infantil con asa 17 x 16 x 10 cm, paquete de 50","og_description":"Fiambrera infantil con asa 17 x 16 x 10 cm - Pr\u00e1ctica, ligera y colorida, ideal para men\u00fas para llevar o eventos infantiles. Paquete de 50 unidades.","og_url":"https:\/\/www.csj-emballages.com\/es\/produit\/50-cajas-infantiles-con-asa-17-x-16-x-10-cm\/","og_site_name":"CSJ Emballages","article_publisher":"https:\/\/www.facebook.com\/csjemballages","article_modified_time":"2026-04-03T00:15:12+00:00","og_image":[{"width":800,"height":800,"url":"https:\/\/www.csj-emballages.com\/wp-content\/uploads\/2024\/03\/CPPKID-png.webp","type":"image\/png"}],"twitter_card":"summary_large_image","twitter_misc":{"Tiempo de lectura":"2 minutos"},"schema":{"@context":"https:\/\/schema.org","@graph":[{"@type":"WebPage","@id":"https:\/\/www.csj-emballages.com\/es\/produit\/50-cajas-infantiles-con-asa-17-x-16-x-10-cm\/","url":"https:\/\/www.csj-emballages.com\/es\/produit\/50-cajas-infantiles-con-asa-17-x-16-x-10-cm\/","name":"Fiambrera infantil con asa 17 x 16 x 10 cm, paquete de 50","isPartOf":{"@id":"https:\/\/www.csj-emballages.com\/es\/#website"},"primaryImageOfPage":{"@id":"https:\/\/www.csj-emballages.com\/es\/produit\/50-cajas-infantiles-con-asa-17-x-16-x-10-cm\/#primaryimage"},"image":{"@id":"https:\/\/www.csj-emballages.com\/es\/produit\/50-cajas-infantiles-con-asa-17-x-16-x-10-cm\/#primaryimage"},"thumbnailUrl":"https:\/\/www.csj-emballages.com\/wp-content\/uploads\/2024\/03\/CPPKID-png.webp","datePublished":"2024-03-01T15:54:39+00:00","dateModified":"2026-04-03T00:15:12+00:00","description":"Fiambrera infantil con asa 17 x 16 x 10 cm - Pr\u00e1ctica, ligera y colorida, ideal para men\u00fas para llevar o eventos infantiles. Paquete de 50 unidades.","breadcrumb":{"@id":"https:\/\/www.csj-emballages.com\/es\/produit\/50-cajas-infantiles-con-asa-17-x-16-x-10-cm\/#breadcrumb"},"inLanguage":"es","potentialAction":[{"@type":"ReadAction","target":["https:\/\/www.csj-emballages.com\/es\/produit\/50-cajas-infantiles-con-asa-17-x-16-x-10-cm\/"]}]},{"@type":"ImageObject","inLanguage":"es","@id":"https:\/\/www.csj-emballages.com\/es\/produit\/50-cajas-infantiles-con-asa-17-x-16-x-10-cm\/#primaryimage","url":"https:\/\/www.csj-emballages.com\/wp-content\/uploads\/2024\/03\/CPPKID-png.webp","contentUrl":"https:\/\/www.csj-emballages.com\/wp-content\/uploads\/2024\/03\/CPPKID-png.webp","width":800,"height":800,"caption":"boite repas enfant"},{"@type":"BreadcrumbList","@id":"https:\/\/www.csj-emballages.com\/es\/produit\/50-cajas-infantiles-con-asa-17-x-16-x-10-cm\/#breadcrumb","itemListElement":[{"@type":"ListItem","position":1,"name":"Accueil","item":"https:\/\/www.csj-emballages.com\/es\/universo-del-envasado-alimentario\/"},{"@type":"ListItem","position":2,"name":"Tienda","item":"https:\/\/www.csj-emballages.com\/tienda\/"},{"@type":"ListItem","position":3,"name":"Fiambrera infantil con asa 17 x 16 x 10 cm, paquete de 50"}]},{"@type":"WebSite","@id":"https:\/\/www.csj-emballages.com\/es\/#website","url":"https:\/\/www.csj-emballages.com\/es\/","name":"CSJ Emballages","description":"","publisher":{"@id":"https:\/\/www.csj-emballages.com\/es\/#organization"},"potentialAction":[{"@type":"SearchAction","target":{"@type":"EntryPoint","urlTemplate":"https:\/\/www.csj-emballages.com\/es\/?s={search_term_string}"},"query-input":{"@type":"PropertyValueSpecification","valueRequired":true,"valueName":"search_term_string"}}],"inLanguage":"es"},{"@type":"Organization","@id":"https:\/\/www.csj-emballages.com\/es\/#Organization\/","name":"CSJ Emballages","url":"https:\/\/www.csj-emballages.com\/es\/","logo":{"@type":"ImageObject","inLanguage":"es","@id":"https:\/\/www.csj-emballages.com\/es\/#\/schema\/logo\/image\/","url":"https:\/\/www.csj-emballages.com\/wp-content\/uploads\/2023\/10\/logo_csj.webp","contentUrl":"https:\/\/www.csj-emballages.com\/wp-content\/uploads\/2023\/10\/logo_csj.webp","width":250,"height":95,"caption":"CSJ Emballages"},"image":{"@id":"https:\/\/www.csj-emballages.com\/es\/#\/schema\/logo\/image\/"},"sameAs":["https:\/\/www.facebook.com\/csjemballages"],"address":{"@type":"PostalAddress","streetAddress":"ZI La Lechere","addressLocality":"Patornay","postalCode":"39130","addressCountry":"FR"},"contactPoint":[{"@type":"ContactPoint","contactType":"Service client","telephone":"0384254272","email":"contact@csj-emballages.com"}]}]}},"df_price":15.42,"df_sale_price":"","df_regular_price":15.42,"df_image_link":"https:\/\/www.csj-emballages.com\/wp-content\/uploads\/2024\/03\/CPPKID-300x300.webp","tiered_pricing_type":"fixed","tiered_pricing_fixed_rules":[],"tiered_pricing_percentage_rules":[],"tiered_pricing_minimum":1,"tiered_pricing_roles_data":[],"_links":{"self":[{"href":"https:\/\/www.csj-emballages.com\/es\/wp-json\/wp\/v2\/product\/20431","targetHints":{"allow":["GET"]}}],"collection":[{"href":"https:\/\/www.csj-emballages.com\/es\/wp-json\/wp\/v2\/product"}],"about":[{"href":"https:\/\/www.csj-emballages.com\/es\/wp-json\/wp\/v2\/types\/product"}],"wp:featuredmedia":[{"embeddable":true,"href":"https:\/\/www.csj-emballages.com\/es\/wp-json\/wp\/v2\/media\/230539"}],"wp:attachment":[{"href":"https:\/\/www.csj-emballages.com\/es\/wp-json\/wp\/v2\/media?parent=20431"}],"wp:term":[{"taxonomy":"product_brand","embeddable":true,"href":"https:\/\/www.csj-emballages.com\/es\/wp-json\/wp\/v2\/product_brand?post=20431"},{"taxonomy":"product_cat","embeddable":true,"href":"https:\/\/www.csj-emballages.com\/es\/wp-json\/wp\/v2\/product_cat?post=20431"},{"taxonomy":"product_tag","embeddable":true,"href":"https:\/\/www.csj-emballages.com\/es\/wp-json\/wp\/v2\/product_tag?post=20431"}],"curies":[{"name":"wp","href":"https:\/\/api.w.org\/{rel}","templated":true}]}}