{"id":20400,"date":"2024-03-01T16:54:41","date_gmt":"2024-03-01T15:54:41","guid":{"rendered":"https:\/\/u15jnbdpoq.preview.infomaniak.website\/produit\/20-tapas-translucidas-para-bandejas-de-microondas-desechables-de-800-1000-ml\/"},"modified":"2026-04-11T02:12:34","modified_gmt":"2026-04-11T00:12:34","slug":"20-tapas-translucidas-para-bandejas-de-microondas-desechables-de-800-1000-ml","status":"publish","type":"product","link":"https:\/\/www.csj-emballages.com\/es\/produit\/20-tapas-translucidas-para-bandejas-de-microondas-desechables-de-800-1000-ml\/","title":{"rendered":"Tapa de pl\u00e1stico para bandejas de microondas de 800 \/ 1000 ml, paquete de 20"},"content":{"rendered":"<div>\n<h2 style=\"font-family: Roboto, sans-serif;\">Tapa de pl\u00e1stico<\/h2>\n<hr>\n<h3 style=\"font-family: Roboto, sans-serif;\"><span style=\"font-weight: bold;\">Descubre nuestra tapa de pl\u00e1stico para bandejas de microondas de 800 \/ 1000 ml, paquete de 20<\/span><\/h3>\n<p><!--more--><\/p>\n<p>La <strong>tapa de pl\u00e1stico<\/strong> para <strong>bandejas de microondas de 800\/1000 ml<\/strong> proporciona un pr\u00e1ctico cierre herm\u00e9tico, apto para <strong>microondas<\/strong>. Dise\u00f1ada para mantener el calor y la calidad de los alimentos, es perfecta para el uso diario en la cocina. Este paquete de <strong>20 tapas<\/strong> permite un uso flexible para tus comidas para llevar o preparaciones para microondas. Su dise\u00f1o es ideal para un uso r\u00e1pido y sencillo, a la vez que duradero y funcional.   <\/p>\n<p>&nbsp;<\/p>\n<\/div>\n<p><!--more--><\/p>\n<div>\n<p><strong>Un cierre de bot\u00f3n a presi\u00f3n totalmente herm\u00e9tico y seguro.<\/strong><\/p>\n<p>&nbsp;<\/p>\n<p><!--more--><\/p>\n<p style=\"margin: 0pt; font-family: Roboto, sans-serif;\">Tapa dise\u00f1ada para bandejas <span style=\"color: #d12727;\"><a style=\"color: #d12727;\" href=\"https:\/\/www.csj-emballages.com\/es\/produit\/40-cookipack-microondas-negro-bandejas-desechables-800-ml-material-pp\/\">COCINA800N<\/a><\/span> y <span style=\"color: #d12727;\"><a style=\"color: #d12727;\" href=\"https:\/\/www.csj-emballages.com\/es\/produit\/40-bandejas-cookipack-negras-desechables-para-microondas-1000-ml-material-pp\/\">COOK1000N<\/a><\/span><\/p>\n<p>&nbsp;<\/p>\n<p><!--more--><\/p>\n<h4 style=\"margin: 0pt; font-family: Roboto, sans-serif;\">Sus ventajas:<\/h4>\n<ul>\n<li><strong>Apto para microondas<\/strong>: permite calentar los alimentos de forma segura sin riesgo de fugas.<\/li>\n<li><strong>Pr\u00e1ctico<\/strong>: F\u00e1cil de poner y quitar, se adapta perfectamente a las bandejas de 800\/1000 ml.<\/li>\n<li><strong>Herm\u00e9tico<\/strong>: Garantiza un cierre herm\u00e9tico, manteniendo los alimentos frescos y evitando derrames.<\/li>\n<li><strong>Duradero y resistente<\/strong>: Dise\u00f1ado para soportar las altas temperaturas del microondas.<\/li>\n<\/ul>\n<p>&nbsp;<\/p>\n<p style=\"margin: 0pt; font-family: Roboto, sans-serif;\"><!--more--><\/p>\n<h4>Informaci\u00f3n adicional :<\/h4>\n<ul>\n<li><strong>Envase<\/strong>: Paquete de 20<\/li>\n<li><strong>Dimensiones<\/strong>: 215 x 170 x 20 (L x A x A en mm)<\/li>\n<li><strong>Compatibilidad<\/strong>: COOK800N \/ COOK1000N<\/li>\n<li><strong>Material<\/strong>: PP (polipropileno)<\/li>\n<li><strong>Temperatura de funcionamiento: <\/strong>0\u00b0C \/ +100\u00b0C<\/li>\n<\/ul>\n<h2><\/h2>\n<p><!--more--><\/p>\n<p><a href=\"https:\/\/www.csj-emballages.com\/es\/categorie-produit\/envasado-de-alimentos\/carniceria-y-charcuteria\/bandejas-latas-y-tarros\/bandejas-latas-tarros-de-comida\/bandejas-para-microondas-cookipack\/\">Ver el resto de nuestra gama de bandejas para microondas<\/a><\/p>\n<\/div>\n","protected":false},"excerpt":{"rendered":"<p>Tapa de pl\u00e1stico Descubre nuestra tapa de pl\u00e1stico para bandejas de microondas de 800 \/ 1000 ml, paquete de 20<\/p>\n","protected":false},"featured_media":214725,"template":"","meta":{"_acf_changed":false},"product_brand":[],"product_cat":[1143,1491,2357],"product_tag":[],"class_list":{"0":"post-20400","1":"product","2":"type-product","3":"status-publish","4":"has-post-thumbnail","6":"product_cat-carniceria-y-charcuteria","7":"product_cat-bandejas-latas-tarros-de-comida","8":"product_cat-bandejas-para-microondas-cookipack","10":"first","11":"instock","12":"taxable","13":"shipping-taxable","14":"purchasable","15":"product-type-simple"},"acf":[],"yoast_head":"<!-- This site is optimized with the Yoast SEO Premium plugin v26.6 (Yoast SEO v26.6) - https:\/\/yoast.com\/wordpress\/plugins\/seo\/ -->\n<title>Tapa de pl\u00e1stico para bandeja de microondas - 800 \/ 1000 ml<\/title>\n<meta name=\"description\" content=\"Pr\u00e1ctica tapa de pl\u00e1stico herm\u00e9tica para bandejas de microondas de 800\/1000 ml. Proporciona un cierre herm\u00e9tico para un calentamiento seguro.\" \/>\n<meta name=\"robots\" content=\"index, follow, max-snippet:-1, max-image-preview:large, max-video-preview:-1\" \/>\n<link rel=\"canonical\" href=\"https:\/\/www.csj-emballages.com\/es\/produit\/20-tapas-translucidas-para-bandejas-de-microondas-desechables-de-800-1000-ml\/\" \/>\n<meta property=\"og:locale\" content=\"es_ES\" \/>\n<meta property=\"og:type\" content=\"article\" \/>\n<meta property=\"og:title\" content=\"Tapa de pl\u00e1stico para bandejas de microondas de 800 \/ 1000 ml, paquete de 20\" \/>\n<meta property=\"og:description\" content=\"Pr\u00e1ctica tapa de pl\u00e1stico herm\u00e9tica para bandejas de microondas de 800\/1000 ml. Proporciona un cierre herm\u00e9tico para un calentamiento seguro.\" \/>\n<meta property=\"og:url\" content=\"https:\/\/www.csj-emballages.com\/es\/produit\/20-tapas-translucidas-para-bandejas-de-microondas-desechables-de-800-1000-ml\/\" \/>\n<meta property=\"og:site_name\" content=\"CSJ Emballages\" \/>\n<meta property=\"article:publisher\" content=\"https:\/\/www.facebook.com\/csjemballages\" \/>\n<meta property=\"article:modified_time\" content=\"2026-04-11T00:12:34+00:00\" \/>\n<meta property=\"og:image\" content=\"https:\/\/www.csj-emballages.com\/wp-content\/uploads\/2024\/03\/COVCOOK.webp\" \/>\n\t<meta property=\"og:image:width\" content=\"800\" \/>\n\t<meta property=\"og:image:height\" content=\"800\" \/>\n\t<meta property=\"og:image:type\" content=\"image\/webp\" \/>\n<meta name=\"twitter:card\" content=\"summary_large_image\" \/>\n<meta name=\"twitter:label1\" content=\"Tiempo de lectura\" \/>\n\t<meta name=\"twitter:data1\" content=\"1 minuto\" \/>\n<script type=\"application\/ld+json\" class=\"yoast-schema-graph\">{\"@context\":\"https:\/\/schema.org\",\"@graph\":[{\"@type\":\"WebPage\",\"@id\":\"https:\/\/www.csj-emballages.com\/es\/produit\/20-tapas-translucidas-para-bandejas-de-microondas-desechables-de-800-1000-ml\/\",\"url\":\"https:\/\/www.csj-emballages.com\/es\/produit\/20-tapas-translucidas-para-bandejas-de-microondas-desechables-de-800-1000-ml\/\",\"name\":\"Tapa de pl\u00e1stico para bandeja de microondas - 800 \/ 1000 ml\",\"isPartOf\":{\"@id\":\"https:\/\/www.csj-emballages.com\/es\/#website\"},\"primaryImageOfPage\":{\"@id\":\"https:\/\/www.csj-emballages.com\/es\/produit\/20-tapas-translucidas-para-bandejas-de-microondas-desechables-de-800-1000-ml\/#primaryimage\"},\"image\":{\"@id\":\"https:\/\/www.csj-emballages.com\/es\/produit\/20-tapas-translucidas-para-bandejas-de-microondas-desechables-de-800-1000-ml\/#primaryimage\"},\"thumbnailUrl\":\"https:\/\/www.csj-emballages.com\/wp-content\/uploads\/2024\/03\/COVCOOK.webp\",\"datePublished\":\"2024-03-01T15:54:41+00:00\",\"dateModified\":\"2026-04-11T00:12:34+00:00\",\"description\":\"Pr\u00e1ctica tapa de pl\u00e1stico herm\u00e9tica para bandejas de microondas de 800\/1000 ml. Proporciona un cierre herm\u00e9tico para un calentamiento seguro.\",\"breadcrumb\":{\"@id\":\"https:\/\/www.csj-emballages.com\/es\/produit\/20-tapas-translucidas-para-bandejas-de-microondas-desechables-de-800-1000-ml\/#breadcrumb\"},\"inLanguage\":\"es\",\"potentialAction\":[{\"@type\":\"ReadAction\",\"target\":[\"https:\/\/www.csj-emballages.com\/es\/produit\/20-tapas-translucidas-para-bandejas-de-microondas-desechables-de-800-1000-ml\/\"]}]},{\"@type\":\"ImageObject\",\"inLanguage\":\"es\",\"@id\":\"https:\/\/www.csj-emballages.com\/es\/produit\/20-tapas-translucidas-para-bandejas-de-microondas-desechables-de-800-1000-ml\/#primaryimage\",\"url\":\"https:\/\/www.csj-emballages.com\/wp-content\/uploads\/2024\/03\/COVCOOK.webp\",\"contentUrl\":\"https:\/\/www.csj-emballages.com\/wp-content\/uploads\/2024\/03\/COVCOOK.webp\",\"width\":800,\"height\":800,\"caption\":\"Couvercle plastique\"},{\"@type\":\"BreadcrumbList\",\"@id\":\"https:\/\/www.csj-emballages.com\/es\/produit\/20-tapas-translucidas-para-bandejas-de-microondas-desechables-de-800-1000-ml\/#breadcrumb\",\"itemListElement\":[{\"@type\":\"ListItem\",\"position\":1,\"name\":\"Accueil\",\"item\":\"https:\/\/www.csj-emballages.com\/es\/universo-del-envasado-alimentario\/\"},{\"@type\":\"ListItem\",\"position\":2,\"name\":\"Tienda\",\"item\":\"https:\/\/www.csj-emballages.com\/tienda\/\"},{\"@type\":\"ListItem\",\"position\":3,\"name\":\"Tapa de pl\u00e1stico para bandejas de microondas de 800 \/ 1000 ml, paquete de 20\"}]},{\"@type\":\"WebSite\",\"@id\":\"https:\/\/www.csj-emballages.com\/es\/#website\",\"url\":\"https:\/\/www.csj-emballages.com\/es\/\",\"name\":\"CSJ Emballages\",\"description\":\"\",\"publisher\":{\"@id\":\"https:\/\/www.csj-emballages.com\/es\/#organization\"},\"potentialAction\":[{\"@type\":\"SearchAction\",\"target\":{\"@type\":\"EntryPoint\",\"urlTemplate\":\"https:\/\/www.csj-emballages.com\/es\/?s={search_term_string}\"},\"query-input\":{\"@type\":\"PropertyValueSpecification\",\"valueRequired\":true,\"valueName\":\"search_term_string\"}}],\"inLanguage\":\"es\"},{\"@type\":\"Organization\",\"@id\":\"https:\/\/www.csj-emballages.com\/es\/#Organization\/\",\"name\":\"CSJ Emballages\",\"url\":\"https:\/\/www.csj-emballages.com\/es\/\",\"logo\":{\"@type\":\"ImageObject\",\"inLanguage\":\"es\",\"@id\":\"https:\/\/www.csj-emballages.com\/es\/#\/schema\/logo\/image\/\",\"url\":\"https:\/\/www.csj-emballages.com\/wp-content\/uploads\/2023\/10\/logo_csj.webp\",\"contentUrl\":\"https:\/\/www.csj-emballages.com\/wp-content\/uploads\/2023\/10\/logo_csj.webp\",\"width\":250,\"height\":95,\"caption\":\"CSJ Emballages\"},\"image\":{\"@id\":\"https:\/\/www.csj-emballages.com\/es\/#\/schema\/logo\/image\/\"},\"sameAs\":[\"https:\/\/www.facebook.com\/csjemballages\"],\"address\":{\"@type\":\"PostalAddress\",\"streetAddress\":\"ZI La Lechere\",\"addressLocality\":\"Patornay\",\"postalCode\":\"39130\",\"addressCountry\":\"FR\"},\"contactPoint\":[{\"@type\":\"ContactPoint\",\"contactType\":\"Service client\",\"telephone\":\"0384254272\",\"email\":\"contact@csj-emballages.com\"}]}]}<\/script>\n<!-- \/ Yoast SEO Premium plugin. -->","yoast_head_json":{"title":"Tapa de pl\u00e1stico para bandeja de microondas - 800 \/ 1000 ml","description":"Pr\u00e1ctica tapa de pl\u00e1stico herm\u00e9tica para bandejas de microondas de 800\/1000 ml. Proporciona un cierre herm\u00e9tico para un calentamiento seguro.","robots":{"index":"index","follow":"follow","max-snippet":"max-snippet:-1","max-image-preview":"max-image-preview:large","max-video-preview":"max-video-preview:-1"},"canonical":"https:\/\/www.csj-emballages.com\/es\/produit\/20-tapas-translucidas-para-bandejas-de-microondas-desechables-de-800-1000-ml\/","og_locale":"es_ES","og_type":"article","og_title":"Tapa de pl\u00e1stico para bandejas de microondas de 800 \/ 1000 ml, paquete de 20","og_description":"Pr\u00e1ctica tapa de pl\u00e1stico herm\u00e9tica para bandejas de microondas de 800\/1000 ml. Proporciona un cierre herm\u00e9tico para un calentamiento seguro.","og_url":"https:\/\/www.csj-emballages.com\/es\/produit\/20-tapas-translucidas-para-bandejas-de-microondas-desechables-de-800-1000-ml\/","og_site_name":"CSJ Emballages","article_publisher":"https:\/\/www.facebook.com\/csjemballages","article_modified_time":"2026-04-11T00:12:34+00:00","og_image":[{"width":800,"height":800,"url":"https:\/\/www.csj-emballages.com\/wp-content\/uploads\/2024\/03\/COVCOOK.webp","type":"image\/webp"}],"twitter_card":"summary_large_image","twitter_misc":{"Tiempo de lectura":"1 minuto"},"schema":{"@context":"https:\/\/schema.org","@graph":[{"@type":"WebPage","@id":"https:\/\/www.csj-emballages.com\/es\/produit\/20-tapas-translucidas-para-bandejas-de-microondas-desechables-de-800-1000-ml\/","url":"https:\/\/www.csj-emballages.com\/es\/produit\/20-tapas-translucidas-para-bandejas-de-microondas-desechables-de-800-1000-ml\/","name":"Tapa de pl\u00e1stico para bandeja de microondas - 800 \/ 1000 ml","isPartOf":{"@id":"https:\/\/www.csj-emballages.com\/es\/#website"},"primaryImageOfPage":{"@id":"https:\/\/www.csj-emballages.com\/es\/produit\/20-tapas-translucidas-para-bandejas-de-microondas-desechables-de-800-1000-ml\/#primaryimage"},"image":{"@id":"https:\/\/www.csj-emballages.com\/es\/produit\/20-tapas-translucidas-para-bandejas-de-microondas-desechables-de-800-1000-ml\/#primaryimage"},"thumbnailUrl":"https:\/\/www.csj-emballages.com\/wp-content\/uploads\/2024\/03\/COVCOOK.webp","datePublished":"2024-03-01T15:54:41+00:00","dateModified":"2026-04-11T00:12:34+00:00","description":"Pr\u00e1ctica tapa de pl\u00e1stico herm\u00e9tica para bandejas de microondas de 800\/1000 ml. Proporciona un cierre herm\u00e9tico para un calentamiento seguro.","breadcrumb":{"@id":"https:\/\/www.csj-emballages.com\/es\/produit\/20-tapas-translucidas-para-bandejas-de-microondas-desechables-de-800-1000-ml\/#breadcrumb"},"inLanguage":"es","potentialAction":[{"@type":"ReadAction","target":["https:\/\/www.csj-emballages.com\/es\/produit\/20-tapas-translucidas-para-bandejas-de-microondas-desechables-de-800-1000-ml\/"]}]},{"@type":"ImageObject","inLanguage":"es","@id":"https:\/\/www.csj-emballages.com\/es\/produit\/20-tapas-translucidas-para-bandejas-de-microondas-desechables-de-800-1000-ml\/#primaryimage","url":"https:\/\/www.csj-emballages.com\/wp-content\/uploads\/2024\/03\/COVCOOK.webp","contentUrl":"https:\/\/www.csj-emballages.com\/wp-content\/uploads\/2024\/03\/COVCOOK.webp","width":800,"height":800,"caption":"Couvercle plastique"},{"@type":"BreadcrumbList","@id":"https:\/\/www.csj-emballages.com\/es\/produit\/20-tapas-translucidas-para-bandejas-de-microondas-desechables-de-800-1000-ml\/#breadcrumb","itemListElement":[{"@type":"ListItem","position":1,"name":"Accueil","item":"https:\/\/www.csj-emballages.com\/es\/universo-del-envasado-alimentario\/"},{"@type":"ListItem","position":2,"name":"Tienda","item":"https:\/\/www.csj-emballages.com\/tienda\/"},{"@type":"ListItem","position":3,"name":"Tapa de pl\u00e1stico para bandejas de microondas de 800 \/ 1000 ml, paquete de 20"}]},{"@type":"WebSite","@id":"https:\/\/www.csj-emballages.com\/es\/#website","url":"https:\/\/www.csj-emballages.com\/es\/","name":"CSJ Emballages","description":"","publisher":{"@id":"https:\/\/www.csj-emballages.com\/es\/#organization"},"potentialAction":[{"@type":"SearchAction","target":{"@type":"EntryPoint","urlTemplate":"https:\/\/www.csj-emballages.com\/es\/?s={search_term_string}"},"query-input":{"@type":"PropertyValueSpecification","valueRequired":true,"valueName":"search_term_string"}}],"inLanguage":"es"},{"@type":"Organization","@id":"https:\/\/www.csj-emballages.com\/es\/#Organization\/","name":"CSJ Emballages","url":"https:\/\/www.csj-emballages.com\/es\/","logo":{"@type":"ImageObject","inLanguage":"es","@id":"https:\/\/www.csj-emballages.com\/es\/#\/schema\/logo\/image\/","url":"https:\/\/www.csj-emballages.com\/wp-content\/uploads\/2023\/10\/logo_csj.webp","contentUrl":"https:\/\/www.csj-emballages.com\/wp-content\/uploads\/2023\/10\/logo_csj.webp","width":250,"height":95,"caption":"CSJ Emballages"},"image":{"@id":"https:\/\/www.csj-emballages.com\/es\/#\/schema\/logo\/image\/"},"sameAs":["https:\/\/www.facebook.com\/csjemballages"],"address":{"@type":"PostalAddress","streetAddress":"ZI La Lechere","addressLocality":"Patornay","postalCode":"39130","addressCountry":"FR"},"contactPoint":[{"@type":"ContactPoint","contactType":"Service client","telephone":"0384254272","email":"contact@csj-emballages.com"}]}]}},"df_price":2.93,"df_sale_price":"","df_regular_price":2.93,"df_image_link":"https:\/\/www.csj-emballages.com\/wp-content\/uploads\/2024\/03\/COVCOOK-300x300.webp","tiered_pricing_type":"fixed","tiered_pricing_fixed_rules":[],"tiered_pricing_percentage_rules":[],"tiered_pricing_minimum":1,"tiered_pricing_roles_data":[],"_links":{"self":[{"href":"https:\/\/www.csj-emballages.com\/es\/wp-json\/wp\/v2\/product\/20400","targetHints":{"allow":["GET"]}}],"collection":[{"href":"https:\/\/www.csj-emballages.com\/es\/wp-json\/wp\/v2\/product"}],"about":[{"href":"https:\/\/www.csj-emballages.com\/es\/wp-json\/wp\/v2\/types\/product"}],"wp:featuredmedia":[{"embeddable":true,"href":"https:\/\/www.csj-emballages.com\/es\/wp-json\/wp\/v2\/media\/214725"}],"wp:attachment":[{"href":"https:\/\/www.csj-emballages.com\/es\/wp-json\/wp\/v2\/media?parent=20400"}],"wp:term":[{"taxonomy":"product_brand","embeddable":true,"href":"https:\/\/www.csj-emballages.com\/es\/wp-json\/wp\/v2\/product_brand?post=20400"},{"taxonomy":"product_cat","embeddable":true,"href":"https:\/\/www.csj-emballages.com\/es\/wp-json\/wp\/v2\/product_cat?post=20400"},{"taxonomy":"product_tag","embeddable":true,"href":"https:\/\/www.csj-emballages.com\/es\/wp-json\/wp\/v2\/product_tag?post=20400"}],"curies":[{"name":"wp","href":"https:\/\/api.w.org\/{rel}","templated":true}]}}