{"id":20379,"date":"2024-03-01T16:54:40","date_gmt":"2024-03-01T15:54:40","guid":{"rendered":"https:\/\/u15jnbdpoq.preview.infomaniak.website\/produit\/50-estuches-de-reposteria-blancos-con-asa-de-carton-12-x-10-x-7-cm\/"},"modified":"2026-04-28T02:14:05","modified_gmt":"2026-04-28T00:14:05","slug":"50-estuches-de-reposteria-blancos-con-asa-de-carton-12-x-10-x-7-cm","status":"publish","type":"product","link":"https:\/\/www.csj-emballages.com\/es\/produit\/50-estuches-de-reposteria-blancos-con-asa-de-carton-12-x-10-x-7-cm\/","title":{"rendered":"Estuche de pasteler\u00eda blanco con asa de cart\u00f3n 10,5 x 10,5 x 4,5 cm paquete de 50"},"content":{"rendered":"<h2>  Estuche de pasteler\u00eda<\/h2>\n<hr>\n<h3>Descripci\u00f3n de nuestro pastelero blanco con asa de cart\u00f3n 10,5 x 10,5 x 4,5 cm, paquete de 50<\/h3>\n<p><!--more--><\/p>\n<p>Los <strong>estuches de pasteler\u00eda de 10,5 x 10,5 x 4,5 cm con asa<\/strong> son ideales para transportar sus pasteles con total seguridad. Su tama\u00f1o los hace perfectos para porciones individuales o peque\u00f1as creaciones gourmet. Con una pr\u00e1ctica <strong>asa<\/strong> integrada, son f\u00e1ciles de transportar y c\u00f3modos de sujetar. Est\u00e1n fabricados en <strong>cart\u00f3n<\/strong> resistente, para que sus postres no sufran golpes ni se aplasten. Adem\u00e1s, su elegante <strong>color blanco<\/strong> aporta un toque de elegancia a la presentaci\u00f3n de sus productos. Muy pr\u00e1cticos para panader\u00edas, pasteler\u00edas o para eventos privados como bodas o cumplea\u00f1os. Adem\u00e1s, estos <strong>estuches de pasteler\u00eda<\/strong><strong> de 10,5&#215;10,5&#215;4,5 cm con asa<\/strong> son ligeros y f\u00e1ciles de montar, lo que le ahorrar\u00e1 tiempo a la hora de embalar. Su <strong>cart\u00f3n reciclable<\/strong> tambi\u00e9n los convierte en una opci\u00f3n ecorresponsable, ideal para profesionales concienciados con el medio ambiente.       <\/p>\n<p>&nbsp;<\/p>\n<p><!--more--><\/p>\n<p>Satisfecho con su calidad, \u00a1no querr\u00e1s prescindir de ellos!<\/p>\n<p>&nbsp;<\/p>\n<p><!--more--><\/p>\n<p><strong>Sus ventajas:<\/strong><\/p>\n<ul>\n<li><strong>F\u00e1cil de transportar<\/strong>: el asa integrada facilita el transporte seguro de los pasteles.<\/li>\n<li><strong>Montaje r\u00e1pido<\/strong>: f\u00e1ciles de montar, estas fundas para pasteler\u00eda ahorran tiempo a los profesionales.<\/li>\n<li><strong>Versatilidad<\/strong>: Adecuada para varios tipos de pasteler\u00eda, como pasteles, tartas y entremeses.<\/li>\n<li><strong>Pr\u00e1ctico para eventos<\/strong>: Ideal para bodas, cumplea\u00f1os y otros eventos.<\/li>\n<\/ul>\n<p>&nbsp;<\/p>\n<p><!--more--><\/p>\n<p>Disponible en varios tama\u00f1os: <span style=\"color: #d12727\"><a style=\"color: #d12727\" href=\"https:\/\/www.csj-emballages.com\/es\/produit\/50-estuches-de-reposteria-blancos-con-asa-16-x-18-x-7-cm\/\">16 x 18 x 7 cm<\/a><\/span> \/ <span style=\"color: #d12727\"><a style=\"color: #d12727\" href=\"https:\/\/www.csj-emballages.com\/es\/produit\/50-estuches-de-reposteria-blancos-con-asas-10-x-18-x-7-cm\/\">10 x 18 x 7 cm<\/a> <\/span>\/ <span style=\"color: #d12727\"><a style=\"color: #d12727\" href=\"https:\/\/www.csj-emballages.com\/es\/produit\/50-moldes-blancos-con-asas-20-x-18-x-7-cm\/\">20 x 18 x 7 cm<\/a><\/span><\/p>\n<p>&nbsp;<\/p>\n<p><!--more--><\/p>\n<p><a href=\"https:\/\/www.csj-emballages.com\/es\/categorie-produit\/envasado-de-alimentos\/panaderia-y-pasteleria\/cajas-es-3\/estuches-de-reposteria-con-asas\/estuches-de-reposteria-blancos\/\">Ver el resto de nuestra gama de estuches blancos para reposter\u00eda con asa<\/a><\/p>\n","protected":false},"excerpt":{"rendered":"<p>Estuche de pasteler\u00eda Descripci\u00f3n de nuestro pastelero blanco con asa de cart\u00f3n 10,5 x 10,5 x 4,5 cm, paquete de 50<\/p>\n","protected":false},"featured_media":224185,"template":"","meta":{"_acf_changed":false},"product_brand":[],"product_cat":[1150,1145,1232,2508],"product_tag":[],"class_list":{"0":"post-20379","1":"product","2":"type-product","3":"status-publish","4":"has-post-thumbnail","6":"product_cat-envasado-de-alimentos","7":"product_cat-panaderia-y-pasteleria","8":"product_cat-estuches-de-reposteria-con-asas","9":"product_cat-estuches-de-reposteria-blancos","11":"first","12":"instock","13":"taxable","14":"shipping-taxable","15":"purchasable","16":"product-type-simple"},"acf":[],"yoast_head":"<!-- This site is optimized with the Yoast SEO Premium plugin v26.6 (Yoast SEO v26.6) - https:\/\/yoast.com\/wordpress\/plugins\/seo\/ -->\n<title>Estuche de reposter\u00eda blanco con asa 10,5 x 10,5 x 4,5 cm<\/title>\n<meta name=\"description\" content=\"Estuche de pasteler\u00eda blanco con asa 10,5x10,5x4,5 cm: transporte pr\u00e1ctico, elegante, ecol\u00f3gico, perfecto para pasteler\u00eda y eventos.\" \/>\n<meta name=\"robots\" content=\"index, follow, max-snippet:-1, max-image-preview:large, max-video-preview:-1\" \/>\n<link rel=\"canonical\" href=\"https:\/\/www.csj-emballages.com\/es\/produit\/50-estuches-de-reposteria-blancos-con-asa-de-carton-12-x-10-x-7-cm\/\" \/>\n<meta property=\"og:locale\" content=\"es_ES\" \/>\n<meta property=\"og:type\" content=\"article\" \/>\n<meta property=\"og:title\" content=\"Estuche de pasteler\u00eda blanco con asa de cart\u00f3n 10,5 x 10,5 x 4,5 cm paquete de 50\" \/>\n<meta property=\"og:description\" content=\"Estuche de pasteler\u00eda blanco con asa 10,5x10,5x4,5 cm: transporte pr\u00e1ctico, elegante, ecol\u00f3gico, perfecto para pasteler\u00eda y eventos.\" \/>\n<meta property=\"og:url\" content=\"https:\/\/www.csj-emballages.com\/es\/produit\/50-estuches-de-reposteria-blancos-con-asa-de-carton-12-x-10-x-7-cm\/\" \/>\n<meta property=\"og:site_name\" content=\"CSJ Emballages\" \/>\n<meta property=\"article:publisher\" content=\"https:\/\/www.facebook.com\/csjemballages\" \/>\n<meta property=\"article:modified_time\" content=\"2026-04-28T00:14:05+00:00\" \/>\n<meta property=\"og:image\" content=\"https:\/\/www.csj-emballages.com\/wp-content\/uploads\/2024\/03\/caissette-poignee.webp\" \/>\n\t<meta property=\"og:image:width\" content=\"800\" \/>\n\t<meta property=\"og:image:height\" content=\"800\" \/>\n\t<meta property=\"og:image:type\" content=\"image\/webp\" \/>\n<meta name=\"twitter:card\" content=\"summary_large_image\" \/>\n<meta name=\"twitter:label1\" content=\"Tiempo de lectura\" \/>\n\t<meta name=\"twitter:data1\" content=\"1 minuto\" \/>\n<script type=\"application\/ld+json\" class=\"yoast-schema-graph\">{\"@context\":\"https:\/\/schema.org\",\"@graph\":[{\"@type\":\"WebPage\",\"@id\":\"https:\/\/www.csj-emballages.com\/es\/produit\/50-estuches-de-reposteria-blancos-con-asa-de-carton-12-x-10-x-7-cm\/\",\"url\":\"https:\/\/www.csj-emballages.com\/es\/produit\/50-estuches-de-reposteria-blancos-con-asa-de-carton-12-x-10-x-7-cm\/\",\"name\":\"Estuche de reposter\u00eda blanco con asa 10,5 x 10,5 x 4,5 cm\",\"isPartOf\":{\"@id\":\"https:\/\/www.csj-emballages.com\/es\/#website\"},\"primaryImageOfPage\":{\"@id\":\"https:\/\/www.csj-emballages.com\/es\/produit\/50-estuches-de-reposteria-blancos-con-asa-de-carton-12-x-10-x-7-cm\/#primaryimage\"},\"image\":{\"@id\":\"https:\/\/www.csj-emballages.com\/es\/produit\/50-estuches-de-reposteria-blancos-con-asa-de-carton-12-x-10-x-7-cm\/#primaryimage\"},\"thumbnailUrl\":\"https:\/\/www.csj-emballages.com\/wp-content\/uploads\/2024\/03\/caissette-poignee.webp\",\"datePublished\":\"2024-03-01T15:54:40+00:00\",\"dateModified\":\"2026-04-28T00:14:05+00:00\",\"description\":\"Estuche de pasteler\u00eda blanco con asa 10,5x10,5x4,5 cm: transporte pr\u00e1ctico, elegante, ecol\u00f3gico, perfecto para pasteler\u00eda y eventos.\",\"breadcrumb\":{\"@id\":\"https:\/\/www.csj-emballages.com\/es\/produit\/50-estuches-de-reposteria-blancos-con-asa-de-carton-12-x-10-x-7-cm\/#breadcrumb\"},\"inLanguage\":\"es\",\"potentialAction\":[{\"@type\":\"ReadAction\",\"target\":[\"https:\/\/www.csj-emballages.com\/es\/produit\/50-estuches-de-reposteria-blancos-con-asa-de-carton-12-x-10-x-7-cm\/\"]}]},{\"@type\":\"ImageObject\",\"inLanguage\":\"es\",\"@id\":\"https:\/\/www.csj-emballages.com\/es\/produit\/50-estuches-de-reposteria-blancos-con-asa-de-carton-12-x-10-x-7-cm\/#primaryimage\",\"url\":\"https:\/\/www.csj-emballages.com\/wp-content\/uploads\/2024\/03\/caissette-poignee.webp\",\"contentUrl\":\"https:\/\/www.csj-emballages.com\/wp-content\/uploads\/2024\/03\/caissette-poignee.webp\",\"width\":800,\"height\":800,\"caption\":\"Caissette p\u00e2tissi\u00e8re\"},{\"@type\":\"BreadcrumbList\",\"@id\":\"https:\/\/www.csj-emballages.com\/es\/produit\/50-estuches-de-reposteria-blancos-con-asa-de-carton-12-x-10-x-7-cm\/#breadcrumb\",\"itemListElement\":[{\"@type\":\"ListItem\",\"position\":1,\"name\":\"Accueil\",\"item\":\"https:\/\/www.csj-emballages.com\/es\/universo-del-envasado-alimentario\/\"},{\"@type\":\"ListItem\",\"position\":2,\"name\":\"Tienda\",\"item\":\"https:\/\/www.csj-emballages.com\/tienda\/\"},{\"@type\":\"ListItem\",\"position\":3,\"name\":\"Estuche de pasteler\u00eda blanco con asa de cart\u00f3n 10,5 x 10,5 x 4,5 cm paquete de 50\"}]},{\"@type\":\"WebSite\",\"@id\":\"https:\/\/www.csj-emballages.com\/es\/#website\",\"url\":\"https:\/\/www.csj-emballages.com\/es\/\",\"name\":\"CSJ Emballages\",\"description\":\"\",\"publisher\":{\"@id\":\"https:\/\/www.csj-emballages.com\/es\/#organization\"},\"potentialAction\":[{\"@type\":\"SearchAction\",\"target\":{\"@type\":\"EntryPoint\",\"urlTemplate\":\"https:\/\/www.csj-emballages.com\/es\/?s={search_term_string}\"},\"query-input\":{\"@type\":\"PropertyValueSpecification\",\"valueRequired\":true,\"valueName\":\"search_term_string\"}}],\"inLanguage\":\"es\"},{\"@type\":\"Organization\",\"@id\":\"https:\/\/www.csj-emballages.com\/es\/#Organization\/\",\"name\":\"CSJ Emballages\",\"url\":\"https:\/\/www.csj-emballages.com\/es\/\",\"logo\":{\"@type\":\"ImageObject\",\"inLanguage\":\"es\",\"@id\":\"https:\/\/www.csj-emballages.com\/es\/#\/schema\/logo\/image\/\",\"url\":\"https:\/\/www.csj-emballages.com\/wp-content\/uploads\/2023\/10\/logo_csj.webp\",\"contentUrl\":\"https:\/\/www.csj-emballages.com\/wp-content\/uploads\/2023\/10\/logo_csj.webp\",\"width\":250,\"height\":95,\"caption\":\"CSJ Emballages\"},\"image\":{\"@id\":\"https:\/\/www.csj-emballages.com\/es\/#\/schema\/logo\/image\/\"},\"sameAs\":[\"https:\/\/www.facebook.com\/csjemballages\"],\"address\":{\"@type\":\"PostalAddress\",\"streetAddress\":\"ZI La Lechere\",\"addressLocality\":\"Patornay\",\"postalCode\":\"39130\",\"addressCountry\":\"FR\"},\"contactPoint\":[{\"@type\":\"ContactPoint\",\"contactType\":\"Service client\",\"telephone\":\"0384254272\",\"email\":\"contact@csj-emballages.com\"}]}]}<\/script>\n<!-- \/ Yoast SEO Premium plugin. -->","yoast_head_json":{"title":"Estuche de reposter\u00eda blanco con asa 10,5 x 10,5 x 4,5 cm","description":"Estuche de pasteler\u00eda blanco con asa 10,5x10,5x4,5 cm: transporte pr\u00e1ctico, elegante, ecol\u00f3gico, perfecto para pasteler\u00eda y eventos.","robots":{"index":"index","follow":"follow","max-snippet":"max-snippet:-1","max-image-preview":"max-image-preview:large","max-video-preview":"max-video-preview:-1"},"canonical":"https:\/\/www.csj-emballages.com\/es\/produit\/50-estuches-de-reposteria-blancos-con-asa-de-carton-12-x-10-x-7-cm\/","og_locale":"es_ES","og_type":"article","og_title":"Estuche de pasteler\u00eda blanco con asa de cart\u00f3n 10,5 x 10,5 x 4,5 cm paquete de 50","og_description":"Estuche de pasteler\u00eda blanco con asa 10,5x10,5x4,5 cm: transporte pr\u00e1ctico, elegante, ecol\u00f3gico, perfecto para pasteler\u00eda y eventos.","og_url":"https:\/\/www.csj-emballages.com\/es\/produit\/50-estuches-de-reposteria-blancos-con-asa-de-carton-12-x-10-x-7-cm\/","og_site_name":"CSJ Emballages","article_publisher":"https:\/\/www.facebook.com\/csjemballages","article_modified_time":"2026-04-28T00:14:05+00:00","og_image":[{"width":800,"height":800,"url":"https:\/\/www.csj-emballages.com\/wp-content\/uploads\/2024\/03\/caissette-poignee.webp","type":"image\/webp"}],"twitter_card":"summary_large_image","twitter_misc":{"Tiempo de lectura":"1 minuto"},"schema":{"@context":"https:\/\/schema.org","@graph":[{"@type":"WebPage","@id":"https:\/\/www.csj-emballages.com\/es\/produit\/50-estuches-de-reposteria-blancos-con-asa-de-carton-12-x-10-x-7-cm\/","url":"https:\/\/www.csj-emballages.com\/es\/produit\/50-estuches-de-reposteria-blancos-con-asa-de-carton-12-x-10-x-7-cm\/","name":"Estuche de reposter\u00eda blanco con asa 10,5 x 10,5 x 4,5 cm","isPartOf":{"@id":"https:\/\/www.csj-emballages.com\/es\/#website"},"primaryImageOfPage":{"@id":"https:\/\/www.csj-emballages.com\/es\/produit\/50-estuches-de-reposteria-blancos-con-asa-de-carton-12-x-10-x-7-cm\/#primaryimage"},"image":{"@id":"https:\/\/www.csj-emballages.com\/es\/produit\/50-estuches-de-reposteria-blancos-con-asa-de-carton-12-x-10-x-7-cm\/#primaryimage"},"thumbnailUrl":"https:\/\/www.csj-emballages.com\/wp-content\/uploads\/2024\/03\/caissette-poignee.webp","datePublished":"2024-03-01T15:54:40+00:00","dateModified":"2026-04-28T00:14:05+00:00","description":"Estuche de pasteler\u00eda blanco con asa 10,5x10,5x4,5 cm: transporte pr\u00e1ctico, elegante, ecol\u00f3gico, perfecto para pasteler\u00eda y eventos.","breadcrumb":{"@id":"https:\/\/www.csj-emballages.com\/es\/produit\/50-estuches-de-reposteria-blancos-con-asa-de-carton-12-x-10-x-7-cm\/#breadcrumb"},"inLanguage":"es","potentialAction":[{"@type":"ReadAction","target":["https:\/\/www.csj-emballages.com\/es\/produit\/50-estuches-de-reposteria-blancos-con-asa-de-carton-12-x-10-x-7-cm\/"]}]},{"@type":"ImageObject","inLanguage":"es","@id":"https:\/\/www.csj-emballages.com\/es\/produit\/50-estuches-de-reposteria-blancos-con-asa-de-carton-12-x-10-x-7-cm\/#primaryimage","url":"https:\/\/www.csj-emballages.com\/wp-content\/uploads\/2024\/03\/caissette-poignee.webp","contentUrl":"https:\/\/www.csj-emballages.com\/wp-content\/uploads\/2024\/03\/caissette-poignee.webp","width":800,"height":800,"caption":"Caissette p\u00e2tissi\u00e8re"},{"@type":"BreadcrumbList","@id":"https:\/\/www.csj-emballages.com\/es\/produit\/50-estuches-de-reposteria-blancos-con-asa-de-carton-12-x-10-x-7-cm\/#breadcrumb","itemListElement":[{"@type":"ListItem","position":1,"name":"Accueil","item":"https:\/\/www.csj-emballages.com\/es\/universo-del-envasado-alimentario\/"},{"@type":"ListItem","position":2,"name":"Tienda","item":"https:\/\/www.csj-emballages.com\/tienda\/"},{"@type":"ListItem","position":3,"name":"Estuche de pasteler\u00eda blanco con asa de cart\u00f3n 10,5 x 10,5 x 4,5 cm paquete de 50"}]},{"@type":"WebSite","@id":"https:\/\/www.csj-emballages.com\/es\/#website","url":"https:\/\/www.csj-emballages.com\/es\/","name":"CSJ Emballages","description":"","publisher":{"@id":"https:\/\/www.csj-emballages.com\/es\/#organization"},"potentialAction":[{"@type":"SearchAction","target":{"@type":"EntryPoint","urlTemplate":"https:\/\/www.csj-emballages.com\/es\/?s={search_term_string}"},"query-input":{"@type":"PropertyValueSpecification","valueRequired":true,"valueName":"search_term_string"}}],"inLanguage":"es"},{"@type":"Organization","@id":"https:\/\/www.csj-emballages.com\/es\/#Organization\/","name":"CSJ Emballages","url":"https:\/\/www.csj-emballages.com\/es\/","logo":{"@type":"ImageObject","inLanguage":"es","@id":"https:\/\/www.csj-emballages.com\/es\/#\/schema\/logo\/image\/","url":"https:\/\/www.csj-emballages.com\/wp-content\/uploads\/2023\/10\/logo_csj.webp","contentUrl":"https:\/\/www.csj-emballages.com\/wp-content\/uploads\/2023\/10\/logo_csj.webp","width":250,"height":95,"caption":"CSJ Emballages"},"image":{"@id":"https:\/\/www.csj-emballages.com\/es\/#\/schema\/logo\/image\/"},"sameAs":["https:\/\/www.facebook.com\/csjemballages"],"address":{"@type":"PostalAddress","streetAddress":"ZI La Lechere","addressLocality":"Patornay","postalCode":"39130","addressCountry":"FR"},"contactPoint":[{"@type":"ContactPoint","contactType":"Service client","telephone":"0384254272","email":"contact@csj-emballages.com"}]}]}},"df_price":7.58,"df_sale_price":"","df_regular_price":7.58,"df_image_link":"https:\/\/www.csj-emballages.com\/wp-content\/uploads\/2024\/03\/caissette-poignee-300x300.webp","tiered_pricing_type":"fixed","tiered_pricing_fixed_rules":[],"tiered_pricing_percentage_rules":[],"tiered_pricing_minimum":1,"tiered_pricing_roles_data":[],"_links":{"self":[{"href":"https:\/\/www.csj-emballages.com\/es\/wp-json\/wp\/v2\/product\/20379","targetHints":{"allow":["GET"]}}],"collection":[{"href":"https:\/\/www.csj-emballages.com\/es\/wp-json\/wp\/v2\/product"}],"about":[{"href":"https:\/\/www.csj-emballages.com\/es\/wp-json\/wp\/v2\/types\/product"}],"wp:featuredmedia":[{"embeddable":true,"href":"https:\/\/www.csj-emballages.com\/es\/wp-json\/wp\/v2\/media\/224185"}],"wp:attachment":[{"href":"https:\/\/www.csj-emballages.com\/es\/wp-json\/wp\/v2\/media?parent=20379"}],"wp:term":[{"taxonomy":"product_brand","embeddable":true,"href":"https:\/\/www.csj-emballages.com\/es\/wp-json\/wp\/v2\/product_brand?post=20379"},{"taxonomy":"product_cat","embeddable":true,"href":"https:\/\/www.csj-emballages.com\/es\/wp-json\/wp\/v2\/product_cat?post=20379"},{"taxonomy":"product_tag","embeddable":true,"href":"https:\/\/www.csj-emballages.com\/es\/wp-json\/wp\/v2\/product_tag?post=20379"}],"curies":[{"name":"wp","href":"https:\/\/api.w.org\/{rel}","templated":true}]}}