{"id":20368,"date":"2024-03-01T16:54:41","date_gmt":"2024-03-01T15:54:41","guid":{"rendered":"https:\/\/u15jnbdpoq.preview.infomaniak.website\/produit\/25-vasos-de-postre-desechables-de-plastico-translucido-155-ml\/"},"modified":"2026-04-30T02:12:49","modified_gmt":"2026-04-30T00:12:49","slug":"25-vasos-de-postre-desechables-de-plastico-translucido-155-ml","status":"publish","type":"product","link":"https:\/\/www.csj-emballages.com\/es\/produit\/25-vasos-de-postre-desechables-de-plastico-translucido-155-ml\/","title":{"rendered":"Vaso de postre de pl\u00e1stico PP 155 ml \u00e0 25"},"content":{"rendered":"<h2>Taza de postre<\/h2>\n<hr>\n<h3>Descripci\u00f3n de nuestro vaso de postre de pl\u00e1stico PP 155 ml por 25<\/h3>\n<p><!--more--><\/p>\n<p data-start=\"306\" data-end=\"686\">Dale un toque elegante a tus postres con nuestro <strong data-start=\"361\" data-end=\"400\">vaso de postre de pl\u00e1stico PP de 155 ml<\/strong>. <strong data-start=\"413\" data-end=\"449\">Pr\u00e1ctico, resistente y transparente<\/strong>, es perfecto para exhibir todas sus creaciones dulces. Tanto si prepara una <strong data-start=\"544\" data-end=\"561\">mousse ligera<\/strong> como un <strong data-start=\"566\" data-end=\"587\">tiramis\u00fa gourmet<\/strong> o una <strong data-start=\"595\" data-end=\"623\">ensalada de fruta fresca<\/strong>, este recipiente realzar\u00e1 cada capa y cada color. <\/p>\n<p data-start=\"688\" data-end=\"1041\">Fabricado en <strong data-start=\"701\" data-end=\"723\">polipropileno (PP)<\/strong>, destaca por su <strong data-start=\"750\" data-end=\"782\">resistencia y flexibilidad<\/strong>. A diferencia de otros pl\u00e1sticos, el PP resiste mejor el calor y no se rompe con facilidad. Esto lo convierte en la <strong data-start=\"900\" data-end=\"939\">opci\u00f3n ideal para los profesionales<\/strong> de la restauraci\u00f3n, la pasteler\u00eda o el catering que buscan un producto fiable para el uso diario.  <\/p>\n<p data-start=\"1043\" data-end=\"1354\">Gracias a su <strong data-start=\"1054\" data-end=\"1078\">transparencia cristalina<\/strong>, sus postres destacar\u00e1n a primera vista. Y con su <strong data-start=\"1146\" data-end=\"1166\">tama\u00f1o de 155 ml<\/strong>, puede servir porciones perfectas: ni demasiado peque\u00f1as ni demasiado grandes. Es el tama\u00f1o ideal para degustaciones, buffets, eventos o incluso postres para llevar.  <\/p>\n<p data-start=\"1356\" data-end=\"1688\">Vendido <strong data-start=\"1363\" data-end=\"1380\">en paquetes de 25 unidades<\/strong>, este vaso de postre combina <strong data-start=\"1412\" data-end=\"1437\">practicidad y econom\u00eda<\/strong>. Su <strong data-start=\"1442\" data-end=\"1468\">c\u00f3modo agarre<\/strong>, su <strong data-start=\"1474\" data-end=\"1501\">dise\u00f1o sencillo y moderno<\/strong> y su <strong data-start=\"1508\" data-end=\"1534\">facilidad de uso<\/strong> la convierten en un producto imprescindible para cualquier ocasi\u00f3n. Adem\u00e1s, el PP es <strong data-start=\"1607\" data-end=\"1621\">reciclable<\/strong>, lo que lo convierte en una opci\u00f3n m\u00e1s respetuosa con el medio ambiente.  <\/p>\n<p data-start=\"1690\" data-end=\"1914\">En resumen, el <strong data-start=\"1704\" data-end=\"1743\">vaso de postre de pl\u00e1stico PP de 155 ml<\/strong> es el equilibrio perfecto entre <strong data-start=\"1775\" data-end=\"1826\">est\u00e9tica, durabilidad y facilidad de uso<\/strong>. \u00a1Una apuesta segura para todas sus presentaciones dulces, ya sean sencillas o refinadas! <\/p>\n<p data-start=\"1690\" data-end=\"1914\">\n<p data-start=\"1546\" data-end=\"1762\"><!--more--><\/p>\n<h4 data-start=\"1546\" data-end=\"1762\">Ventajas :<\/h4>\n<ul>\n<li data-start=\"1975\" data-end=\"2034\"><strong data-start=\"1975\" data-end=\"2003\">Transparente y elegante<\/strong>: para mostrar sus postres.<\/li>\n<li data-start=\"2037\" data-end=\"2087\"><strong data-start=\"2037\" data-end=\"2063\">Ligero pero resistente<\/strong>: f\u00e1cil de manejar.<\/li>\n<li data-start=\"2090\" data-end=\"2162\"><strong data-start=\"2090\" data-end=\"2119\">Pr\u00e1ctico formato de 155 ml<\/strong>: ideal para porciones individuales.<\/li>\n<li data-start=\"2165\" data-end=\"2215\"><strong data-start=\"2165\" data-end=\"2185\">Paquete de 25 tazas<\/strong>: econ\u00f3mico para profesionales.<\/li>\n<li data-start=\"2218\" data-end=\"2301\"><strong data-start=\"2218\" data-end=\"2252\">Adecuado para todo tipo de eventos<\/strong>: buffets, recepciones, catering, pasteler\u00edas.<\/li>\n<\/ul>\n<p>&nbsp;<\/p>\n<p><!--more--><\/p>\n<h4>Informaci\u00f3n adicional :<\/h4>\n<ul>\n<li><strong>Dimensiones<\/strong>: 95 x 57 (\u00d8 x A en mm).<\/li>\n<li><strong>Envases<\/strong>: Paquetes de 25<\/li>\n<li><strong>Volumen<\/strong>: 155 ml<\/li>\n<li><strong>Material<\/strong>: PP<\/li>\n<\/ul>\n<p>&nbsp;<\/p>\n<p><!--more--><\/p>\n<p>Encuentre aqu\u00ed las tapas que se venden por separado, compatibles con este cuenco de postre: <span style=\"color: #d12727;\"><a style=\"color: #d12727;\" href=\"https:\/\/www.csj-emballages.com\/produit\/50-couvercles-domes-jetables-pour-coupe-dessert-cp125\/\">DOMECP<\/a> <span style=\"color: #000000;\">\/<\/span> <a style=\"color: #d12727;\" href=\"https:\/\/www.csj-emballages.com\/es\/produit\/tapa-de-plastico-cuenco-de-postre-cp125-50-uds\/\">COUVCP<\/a><\/span><\/p>\n<p>&nbsp;<\/p>\n<p><!--more--><\/p>\n<p><a href=\"https:\/\/www.csj-emballages.com\/es\/categorie-produit\/envasado-de-alimentos\/carniceria-y-charcuteria\/tazas-tarros-vasos\/tazas-de-postre\/\">Descubre el resto de nuestra gama de cuencos de postre<\/a><\/p>\n","protected":false},"excerpt":{"rendered":"<p>Taza de postre Descripci\u00f3n de nuestro vaso de postre de pl\u00e1stico PP 155 ml por 25<\/p>\n","protected":false},"featured_media":218579,"template":"","meta":{"_acf_changed":false},"product_brand":[],"product_cat":[1143,1324,1458],"product_tag":[],"class_list":{"0":"post-20368","1":"product","2":"type-product","3":"status-publish","4":"has-post-thumbnail","6":"product_cat-carniceria-y-charcuteria","7":"product_cat-tazas-tarros-vasos","8":"product_cat-tazas-de-postre","10":"first","11":"instock","12":"taxable","13":"shipping-taxable","14":"purchasable","15":"product-type-simple"},"acf":[],"yoast_head":"<!-- This site is optimized with the Yoast SEO Premium plugin v26.6 (Yoast SEO v26.6) - https:\/\/yoast.com\/wordpress\/plugins\/seo\/ -->\n<title>Vaso de pl\u00e1stico para postres - 155 ml<\/title>\n<meta name=\"description\" content=\"Vaso de postre de 155 ml con tapa de pl\u00e1stico, ideal para presentar y transportar tus postres con total seguridad. Pr\u00e1ctico, elegante y herm\u00e9tico.\" \/>\n<meta name=\"robots\" content=\"index, follow, max-snippet:-1, max-image-preview:large, max-video-preview:-1\" \/>\n<link rel=\"canonical\" href=\"https:\/\/www.csj-emballages.com\/es\/produit\/25-vasos-de-postre-desechables-de-plastico-translucido-155-ml\/\" \/>\n<meta property=\"og:locale\" content=\"es_ES\" \/>\n<meta property=\"og:type\" content=\"article\" \/>\n<meta property=\"og:title\" content=\"Vaso de postre de pl\u00e1stico PP 155 ml \u00e0 25\" \/>\n<meta property=\"og:description\" content=\"Vaso de postre de 155 ml con tapa de pl\u00e1stico, ideal para presentar y transportar tus postres con total seguridad. Pr\u00e1ctico, elegante y herm\u00e9tico.\" \/>\n<meta property=\"og:url\" content=\"https:\/\/www.csj-emballages.com\/es\/produit\/25-vasos-de-postre-desechables-de-plastico-translucido-155-ml\/\" \/>\n<meta property=\"og:site_name\" content=\"CSJ Emballages\" \/>\n<meta property=\"article:publisher\" content=\"https:\/\/www.facebook.com\/csjemballages\" \/>\n<meta property=\"article:modified_time\" content=\"2026-04-30T00:12:49+00:00\" \/>\n<meta property=\"og:image\" content=\"https:\/\/www.csj-emballages.com\/wp-content\/uploads\/2024\/03\/CP-125-PP.webp\" \/>\n\t<meta property=\"og:image:width\" content=\"800\" \/>\n\t<meta property=\"og:image:height\" content=\"800\" \/>\n\t<meta property=\"og:image:type\" content=\"image\/webp\" \/>\n<meta name=\"twitter:card\" content=\"summary_large_image\" \/>\n<meta name=\"twitter:label1\" content=\"Tiempo de lectura\" \/>\n\t<meta name=\"twitter:data1\" content=\"2 minutos\" \/>\n<script type=\"application\/ld+json\" class=\"yoast-schema-graph\">{\"@context\":\"https:\/\/schema.org\",\"@graph\":[{\"@type\":\"WebPage\",\"@id\":\"https:\/\/www.csj-emballages.com\/es\/produit\/25-vasos-de-postre-desechables-de-plastico-translucido-155-ml\/\",\"url\":\"https:\/\/www.csj-emballages.com\/es\/produit\/25-vasos-de-postre-desechables-de-plastico-translucido-155-ml\/\",\"name\":\"Vaso de pl\u00e1stico para postres - 155 ml\",\"isPartOf\":{\"@id\":\"https:\/\/www.csj-emballages.com\/es\/#website\"},\"primaryImageOfPage\":{\"@id\":\"https:\/\/www.csj-emballages.com\/es\/produit\/25-vasos-de-postre-desechables-de-plastico-translucido-155-ml\/#primaryimage\"},\"image\":{\"@id\":\"https:\/\/www.csj-emballages.com\/es\/produit\/25-vasos-de-postre-desechables-de-plastico-translucido-155-ml\/#primaryimage\"},\"thumbnailUrl\":\"https:\/\/www.csj-emballages.com\/wp-content\/uploads\/2024\/03\/CP-125-PP.webp\",\"datePublished\":\"2024-03-01T15:54:41+00:00\",\"dateModified\":\"2026-04-30T00:12:49+00:00\",\"description\":\"Vaso de postre de 155 ml con tapa de pl\u00e1stico, ideal para presentar y transportar tus postres con total seguridad. Pr\u00e1ctico, elegante y herm\u00e9tico.\",\"breadcrumb\":{\"@id\":\"https:\/\/www.csj-emballages.com\/es\/produit\/25-vasos-de-postre-desechables-de-plastico-translucido-155-ml\/#breadcrumb\"},\"inLanguage\":\"es\",\"potentialAction\":[{\"@type\":\"ReadAction\",\"target\":[\"https:\/\/www.csj-emballages.com\/es\/produit\/25-vasos-de-postre-desechables-de-plastico-translucido-155-ml\/\"]}]},{\"@type\":\"ImageObject\",\"inLanguage\":\"es\",\"@id\":\"https:\/\/www.csj-emballages.com\/es\/produit\/25-vasos-de-postre-desechables-de-plastico-translucido-155-ml\/#primaryimage\",\"url\":\"https:\/\/www.csj-emballages.com\/wp-content\/uploads\/2024\/03\/CP-125-PP.webp\",\"contentUrl\":\"https:\/\/www.csj-emballages.com\/wp-content\/uploads\/2024\/03\/CP-125-PP.webp\",\"width\":800,\"height\":800,\"caption\":\"Coupe \u00e0 dessert\"},{\"@type\":\"BreadcrumbList\",\"@id\":\"https:\/\/www.csj-emballages.com\/es\/produit\/25-vasos-de-postre-desechables-de-plastico-translucido-155-ml\/#breadcrumb\",\"itemListElement\":[{\"@type\":\"ListItem\",\"position\":1,\"name\":\"Accueil\",\"item\":\"https:\/\/www.csj-emballages.com\/es\/universo-del-envasado-alimentario\/\"},{\"@type\":\"ListItem\",\"position\":2,\"name\":\"Tienda\",\"item\":\"https:\/\/www.csj-emballages.com\/tienda\/\"},{\"@type\":\"ListItem\",\"position\":3,\"name\":\"Vaso de postre de pl\u00e1stico PP 155 ml \u00e0 25\"}]},{\"@type\":\"WebSite\",\"@id\":\"https:\/\/www.csj-emballages.com\/es\/#website\",\"url\":\"https:\/\/www.csj-emballages.com\/es\/\",\"name\":\"CSJ Emballages\",\"description\":\"\",\"publisher\":{\"@id\":\"https:\/\/www.csj-emballages.com\/es\/#organization\"},\"potentialAction\":[{\"@type\":\"SearchAction\",\"target\":{\"@type\":\"EntryPoint\",\"urlTemplate\":\"https:\/\/www.csj-emballages.com\/es\/?s={search_term_string}\"},\"query-input\":{\"@type\":\"PropertyValueSpecification\",\"valueRequired\":true,\"valueName\":\"search_term_string\"}}],\"inLanguage\":\"es\"},{\"@type\":\"Organization\",\"@id\":\"https:\/\/www.csj-emballages.com\/es\/#Organization\/\",\"name\":\"CSJ Emballages\",\"url\":\"https:\/\/www.csj-emballages.com\/es\/\",\"logo\":{\"@type\":\"ImageObject\",\"inLanguage\":\"es\",\"@id\":\"https:\/\/www.csj-emballages.com\/es\/#\/schema\/logo\/image\/\",\"url\":\"https:\/\/www.csj-emballages.com\/wp-content\/uploads\/2023\/10\/logo_csj.webp\",\"contentUrl\":\"https:\/\/www.csj-emballages.com\/wp-content\/uploads\/2023\/10\/logo_csj.webp\",\"width\":250,\"height\":95,\"caption\":\"CSJ Emballages\"},\"image\":{\"@id\":\"https:\/\/www.csj-emballages.com\/es\/#\/schema\/logo\/image\/\"},\"sameAs\":[\"https:\/\/www.facebook.com\/csjemballages\"],\"address\":{\"@type\":\"PostalAddress\",\"streetAddress\":\"ZI La Lechere\",\"addressLocality\":\"Patornay\",\"postalCode\":\"39130\",\"addressCountry\":\"FR\"},\"contactPoint\":[{\"@type\":\"ContactPoint\",\"contactType\":\"Service client\",\"telephone\":\"0384254272\",\"email\":\"contact@csj-emballages.com\"}]}]}<\/script>\n<!-- \/ Yoast SEO Premium plugin. -->","yoast_head_json":{"title":"Vaso de pl\u00e1stico para postres - 155 ml","description":"Vaso de postre de 155 ml con tapa de pl\u00e1stico, ideal para presentar y transportar tus postres con total seguridad. Pr\u00e1ctico, elegante y herm\u00e9tico.","robots":{"index":"index","follow":"follow","max-snippet":"max-snippet:-1","max-image-preview":"max-image-preview:large","max-video-preview":"max-video-preview:-1"},"canonical":"https:\/\/www.csj-emballages.com\/es\/produit\/25-vasos-de-postre-desechables-de-plastico-translucido-155-ml\/","og_locale":"es_ES","og_type":"article","og_title":"Vaso de postre de pl\u00e1stico PP 155 ml \u00e0 25","og_description":"Vaso de postre de 155 ml con tapa de pl\u00e1stico, ideal para presentar y transportar tus postres con total seguridad. Pr\u00e1ctico, elegante y herm\u00e9tico.","og_url":"https:\/\/www.csj-emballages.com\/es\/produit\/25-vasos-de-postre-desechables-de-plastico-translucido-155-ml\/","og_site_name":"CSJ Emballages","article_publisher":"https:\/\/www.facebook.com\/csjemballages","article_modified_time":"2026-04-30T00:12:49+00:00","og_image":[{"width":800,"height":800,"url":"https:\/\/www.csj-emballages.com\/wp-content\/uploads\/2024\/03\/CP-125-PP.webp","type":"image\/webp"}],"twitter_card":"summary_large_image","twitter_misc":{"Tiempo de lectura":"2 minutos"},"schema":{"@context":"https:\/\/schema.org","@graph":[{"@type":"WebPage","@id":"https:\/\/www.csj-emballages.com\/es\/produit\/25-vasos-de-postre-desechables-de-plastico-translucido-155-ml\/","url":"https:\/\/www.csj-emballages.com\/es\/produit\/25-vasos-de-postre-desechables-de-plastico-translucido-155-ml\/","name":"Vaso de pl\u00e1stico para postres - 155 ml","isPartOf":{"@id":"https:\/\/www.csj-emballages.com\/es\/#website"},"primaryImageOfPage":{"@id":"https:\/\/www.csj-emballages.com\/es\/produit\/25-vasos-de-postre-desechables-de-plastico-translucido-155-ml\/#primaryimage"},"image":{"@id":"https:\/\/www.csj-emballages.com\/es\/produit\/25-vasos-de-postre-desechables-de-plastico-translucido-155-ml\/#primaryimage"},"thumbnailUrl":"https:\/\/www.csj-emballages.com\/wp-content\/uploads\/2024\/03\/CP-125-PP.webp","datePublished":"2024-03-01T15:54:41+00:00","dateModified":"2026-04-30T00:12:49+00:00","description":"Vaso de postre de 155 ml con tapa de pl\u00e1stico, ideal para presentar y transportar tus postres con total seguridad. Pr\u00e1ctico, elegante y herm\u00e9tico.","breadcrumb":{"@id":"https:\/\/www.csj-emballages.com\/es\/produit\/25-vasos-de-postre-desechables-de-plastico-translucido-155-ml\/#breadcrumb"},"inLanguage":"es","potentialAction":[{"@type":"ReadAction","target":["https:\/\/www.csj-emballages.com\/es\/produit\/25-vasos-de-postre-desechables-de-plastico-translucido-155-ml\/"]}]},{"@type":"ImageObject","inLanguage":"es","@id":"https:\/\/www.csj-emballages.com\/es\/produit\/25-vasos-de-postre-desechables-de-plastico-translucido-155-ml\/#primaryimage","url":"https:\/\/www.csj-emballages.com\/wp-content\/uploads\/2024\/03\/CP-125-PP.webp","contentUrl":"https:\/\/www.csj-emballages.com\/wp-content\/uploads\/2024\/03\/CP-125-PP.webp","width":800,"height":800,"caption":"Coupe \u00e0 dessert"},{"@type":"BreadcrumbList","@id":"https:\/\/www.csj-emballages.com\/es\/produit\/25-vasos-de-postre-desechables-de-plastico-translucido-155-ml\/#breadcrumb","itemListElement":[{"@type":"ListItem","position":1,"name":"Accueil","item":"https:\/\/www.csj-emballages.com\/es\/universo-del-envasado-alimentario\/"},{"@type":"ListItem","position":2,"name":"Tienda","item":"https:\/\/www.csj-emballages.com\/tienda\/"},{"@type":"ListItem","position":3,"name":"Vaso de postre de pl\u00e1stico PP 155 ml \u00e0 25"}]},{"@type":"WebSite","@id":"https:\/\/www.csj-emballages.com\/es\/#website","url":"https:\/\/www.csj-emballages.com\/es\/","name":"CSJ Emballages","description":"","publisher":{"@id":"https:\/\/www.csj-emballages.com\/es\/#organization"},"potentialAction":[{"@type":"SearchAction","target":{"@type":"EntryPoint","urlTemplate":"https:\/\/www.csj-emballages.com\/es\/?s={search_term_string}"},"query-input":{"@type":"PropertyValueSpecification","valueRequired":true,"valueName":"search_term_string"}}],"inLanguage":"es"},{"@type":"Organization","@id":"https:\/\/www.csj-emballages.com\/es\/#Organization\/","name":"CSJ Emballages","url":"https:\/\/www.csj-emballages.com\/es\/","logo":{"@type":"ImageObject","inLanguage":"es","@id":"https:\/\/www.csj-emballages.com\/es\/#\/schema\/logo\/image\/","url":"https:\/\/www.csj-emballages.com\/wp-content\/uploads\/2023\/10\/logo_csj.webp","contentUrl":"https:\/\/www.csj-emballages.com\/wp-content\/uploads\/2023\/10\/logo_csj.webp","width":250,"height":95,"caption":"CSJ Emballages"},"image":{"@id":"https:\/\/www.csj-emballages.com\/es\/#\/schema\/logo\/image\/"},"sameAs":["https:\/\/www.facebook.com\/csjemballages"],"address":{"@type":"PostalAddress","streetAddress":"ZI La Lechere","addressLocality":"Patornay","postalCode":"39130","addressCountry":"FR"},"contactPoint":[{"@type":"ContactPoint","contactType":"Service client","telephone":"0384254272","email":"contact@csj-emballages.com"}]}]}},"df_price":2.7,"df_sale_price":"","df_regular_price":2.7,"df_image_link":"https:\/\/www.csj-emballages.com\/wp-content\/uploads\/2024\/03\/CP-125-PP-300x300.webp","tiered_pricing_type":"fixed","tiered_pricing_fixed_rules":[],"tiered_pricing_percentage_rules":[],"tiered_pricing_minimum":1,"tiered_pricing_roles_data":[],"_links":{"self":[{"href":"https:\/\/www.csj-emballages.com\/es\/wp-json\/wp\/v2\/product\/20368","targetHints":{"allow":["GET"]}}],"collection":[{"href":"https:\/\/www.csj-emballages.com\/es\/wp-json\/wp\/v2\/product"}],"about":[{"href":"https:\/\/www.csj-emballages.com\/es\/wp-json\/wp\/v2\/types\/product"}],"wp:featuredmedia":[{"embeddable":true,"href":"https:\/\/www.csj-emballages.com\/es\/wp-json\/wp\/v2\/media\/218579"}],"wp:attachment":[{"href":"https:\/\/www.csj-emballages.com\/es\/wp-json\/wp\/v2\/media?parent=20368"}],"wp:term":[{"taxonomy":"product_brand","embeddable":true,"href":"https:\/\/www.csj-emballages.com\/es\/wp-json\/wp\/v2\/product_brand?post=20368"},{"taxonomy":"product_cat","embeddable":true,"href":"https:\/\/www.csj-emballages.com\/es\/wp-json\/wp\/v2\/product_cat?post=20368"},{"taxonomy":"product_tag","embeddable":true,"href":"https:\/\/www.csj-emballages.com\/es\/wp-json\/wp\/v2\/product_tag?post=20368"}],"curies":[{"name":"wp","href":"https:\/\/api.w.org\/{rel}","templated":true}]}}