{"id":20356,"date":"2024-03-01T16:54:40","date_gmt":"2024-03-01T15:54:40","guid":{"rendered":"https:\/\/u15jnbdpoq.preview.infomaniak.website\/produit\/50-estuches-de-reposteria-con-asas-de-colores-inspiracion-10-x-12-x-7-cm\/"},"modified":"2026-04-03T02:15:03","modified_gmt":"2026-04-03T00:15:03","slug":"50-estuches-de-reposteria-con-asas-de-colores-inspiracion-10-x-12-x-7-cm","status":"publish","type":"product","link":"https:\/\/www.csj-emballages.com\/es\/produit\/50-estuches-de-reposteria-con-asas-de-colores-inspiracion-10-x-12-x-7-cm\/","title":{"rendered":"50 estuches de reposter\u00eda con asas de colores Inspiraci\u00f3n 10 x 12 x 7 cm"},"content":{"rendered":"<h2>Estuches de reposter\u00eda Inspiration con asas de colores 10x12x7 cm &#8211; lote de 50<\/h2>\n<hr>\n<h3>Descripci\u00f3n del producto<\/h3>\n<p><!--more--><\/p>\n<p>Descubra nuestros estuches para reposter\u00eda Inspiration con asas de colores, ideales para realzar sus dulces creaciones. Cada estuche mide 10 x 12 x 7 cm, proporcionando el espacio perfecto para sus deliciosos pasteles. Destacan por su atractivo dise\u00f1o y sus vivos colores. Adem\u00e1s, su asa facilita el transporte de los dulces. Estos estuches no s\u00f3lo son pr\u00e1cticos, sino tambi\u00e9n est\u00e9ticos, por lo que puede utilizarlos para magdalenas, muffins o cupcakes. El uso de estas cajas har\u00e1 que sus creaciones destaquen en sus eventos.     <\/p>\n<p>Tambi\u00e9n son perfectas para fiestas de cumplea\u00f1os, bodas o reuniones familiares. Gracias a su colorido, aportan un toque elegante a cualquier ocasi\u00f3n. Adem\u00e1s, puedes combinarlos con el tema de tu decoraci\u00f3n. Esto crea una armon\u00eda visual muy apreciada.   <\/p>\n<p>En resumen, estos Estuches de Pasteler\u00eda Inspiration con asas de colores son una excelente elecci\u00f3n. Pr\u00e1cticas, atractivas y vers\u00e1tiles, satisfar\u00e1n todas sus necesidades. \u00a1No espere m\u00e1s para tenerlas en su cocina!  <\/p>\n<p>&nbsp;<\/p>\n<p><!--more--><\/p>\n<p>Su reposter\u00eda merece lucirse de forma divertida y creativa.<\/p>\n<p>&nbsp;<\/p>\n<p><!--more--><\/p>\n<p><strong>Sus ventajas:<\/strong><\/p>\n<ul>\n<li><strong>Practicidad<\/strong>: Las asas facilitan el transporte de tus pasteles.<\/li>\n<li><strong>Dise\u00f1o atractivo<\/strong>: Sus dise\u00f1os aportan un toque chic y elegante a cualquier evento.<\/li>\n<li><strong>Versatilidad<\/strong>: Perfecta para una gran variedad de pasteles, como magdalenas, muffins y cupcakes.<\/li>\n<li><strong>Higi\u00e9nicas<\/strong>: Protegen la boller\u00eda de la intemperie, garantizando su frescura.<\/li>\n<\/ul>\n<p>&nbsp;<\/p>\n<p><!--more--><\/p>\n<p>Este producto est\u00e1 disponible en varios tama\u00f1os: <span style=\"color: #d12727;\"><a style=\"color: #d12727;\" href=\"https:\/\/www.csj-emballages.com\/es\/produit\/50-estuches-de-reposteria-con-asas-de-colores-inspiracion-10-x-18-x-7-cm\/\">10 x 18 x 7 cm<\/a> <\/span>\/ <span style=\"color: #d12727;\"><a style=\"color: #d12727;\" href=\"https:\/\/www.csj-emballages.com\/de\/produit\/50-bunte-kuchenkisten-mit-griff-16-x-18-x-7-cm-inspiration\/\">16 x 18 x 7 cm<\/a><\/span><\/p>\n<p>&nbsp;<\/p>\n<p><!--more--><\/p>\n<p><a href=\"https:\/\/www.csj-emballages.com\/es\/categorie-produit\/envasado-de-alimentos\/panaderia-y-pasteleria\/cajas-es-3\/estuches-de-reposteria-con-asas\/estuches-de-reposteria-de-colores\/\">Ver el resto de nuestra gama de coloridos estuches de reposter\u00eda con asas<\/a><\/p>\n","protected":false},"excerpt":{"rendered":"<p>Estuches de reposter\u00eda Inspiration con asas de colores 10x12x7 cm &#8211; lote de 50 Descripci\u00f3n del producto<\/p>\n","protected":false},"featured_media":99284,"template":"","meta":{"_acf_changed":false},"product_brand":[],"product_cat":[1150,1145,1232,1234,1270],"product_tag":[],"class_list":{"0":"post-20356","1":"product","2":"type-product","3":"status-publish","4":"has-post-thumbnail","6":"product_cat-envasado-de-alimentos","7":"product_cat-panaderia-y-pasteleria","8":"product_cat-estuches-de-reposteria-con-asas","9":"product_cat-estuches-de-reposteria-de-colores","10":"product_cat-descuentos","12":"first","13":"instock","14":"sale","15":"taxable","16":"shipping-taxable","17":"purchasable","18":"product-type-simple"},"acf":[],"yoast_head":"<!-- This site is optimized with the Yoast SEO Premium plugin v26.6 (Yoast SEO v26.6) - https:\/\/yoast.com\/wordpress\/plugins\/seo\/ -->\n<title>Estuches de reposter\u00eda Inspiration \/ CSJ Emballages<\/title>\n<meta name=\"description\" content=\"Descubre nuestros estuches para reposter\u00eda Inspiration con asas de colores 10x12x7 cm, perfectos para transportar y realzar tu reposter\u00eda con elegancia.\" \/>\n<meta name=\"robots\" content=\"index, follow, max-snippet:-1, max-image-preview:large, max-video-preview:-1\" \/>\n<link rel=\"canonical\" href=\"https:\/\/www.csj-emballages.com\/es\/produit\/50-estuches-de-reposteria-con-asas-de-colores-inspiracion-10-x-12-x-7-cm\/\" \/>\n<meta property=\"og:locale\" content=\"es_ES\" \/>\n<meta property=\"og:type\" content=\"article\" \/>\n<meta property=\"og:title\" content=\"50 estuches de reposter\u00eda con asas de colores Inspiraci\u00f3n 10 x 12 x 7 cm\" \/>\n<meta property=\"og:description\" content=\"Descubre nuestros estuches para reposter\u00eda Inspiration con asas de colores 10x12x7 cm, perfectos para transportar y realzar tu reposter\u00eda con elegancia.\" \/>\n<meta property=\"og:url\" content=\"https:\/\/www.csj-emballages.com\/es\/produit\/50-estuches-de-reposteria-con-asas-de-colores-inspiracion-10-x-12-x-7-cm\/\" \/>\n<meta property=\"og:site_name\" content=\"CSJ Emballages\" \/>\n<meta property=\"article:publisher\" content=\"https:\/\/www.facebook.com\/csjemballages\" \/>\n<meta property=\"article:modified_time\" content=\"2026-04-03T00:15:03+00:00\" \/>\n<meta property=\"og:image\" content=\"https:\/\/www.csj-emballages.com\/wp-content\/uploads\/2024\/03\/boite-poignee-carton-imprimee-modele-inspiration-grossiste-csj-emballages-5-jpg-removebg-preview-e1727342416111.png\" \/>\n\t<meta property=\"og:image:width\" content=\"500\" \/>\n\t<meta property=\"og:image:height\" content=\"500\" \/>\n\t<meta property=\"og:image:type\" content=\"image\/png\" \/>\n<meta name=\"twitter:card\" content=\"summary_large_image\" \/>\n<meta name=\"twitter:label1\" content=\"Tiempo de lectura\" \/>\n\t<meta name=\"twitter:data1\" content=\"1 minuto\" \/>\n<script type=\"application\/ld+json\" class=\"yoast-schema-graph\">{\"@context\":\"https:\/\/schema.org\",\"@graph\":[{\"@type\":\"WebPage\",\"@id\":\"https:\/\/www.csj-emballages.com\/es\/produit\/50-estuches-de-reposteria-con-asas-de-colores-inspiracion-10-x-12-x-7-cm\/\",\"url\":\"https:\/\/www.csj-emballages.com\/es\/produit\/50-estuches-de-reposteria-con-asas-de-colores-inspiracion-10-x-12-x-7-cm\/\",\"name\":\"Estuches de reposter\u00eda Inspiration \/ CSJ Emballages\",\"isPartOf\":{\"@id\":\"https:\/\/www.csj-emballages.com\/es\/#website\"},\"primaryImageOfPage\":{\"@id\":\"https:\/\/www.csj-emballages.com\/es\/produit\/50-estuches-de-reposteria-con-asas-de-colores-inspiracion-10-x-12-x-7-cm\/#primaryimage\"},\"image\":{\"@id\":\"https:\/\/www.csj-emballages.com\/es\/produit\/50-estuches-de-reposteria-con-asas-de-colores-inspiracion-10-x-12-x-7-cm\/#primaryimage\"},\"thumbnailUrl\":\"https:\/\/www.csj-emballages.com\/wp-content\/uploads\/2024\/03\/boite-poignee-carton-imprimee-modele-inspiration-grossiste-csj-emballages-5-jpg-removebg-preview-e1727342416111.png\",\"datePublished\":\"2024-03-01T15:54:40+00:00\",\"dateModified\":\"2026-04-03T00:15:03+00:00\",\"description\":\"Descubre nuestros estuches para reposter\u00eda Inspiration con asas de colores 10x12x7 cm, perfectos para transportar y realzar tu reposter\u00eda con elegancia.\",\"breadcrumb\":{\"@id\":\"https:\/\/www.csj-emballages.com\/es\/produit\/50-estuches-de-reposteria-con-asas-de-colores-inspiracion-10-x-12-x-7-cm\/#breadcrumb\"},\"inLanguage\":\"es\",\"potentialAction\":[{\"@type\":\"ReadAction\",\"target\":[\"https:\/\/www.csj-emballages.com\/es\/produit\/50-estuches-de-reposteria-con-asas-de-colores-inspiracion-10-x-12-x-7-cm\/\"]}]},{\"@type\":\"ImageObject\",\"inLanguage\":\"es\",\"@id\":\"https:\/\/www.csj-emballages.com\/es\/produit\/50-estuches-de-reposteria-con-asas-de-colores-inspiracion-10-x-12-x-7-cm\/#primaryimage\",\"url\":\"https:\/\/www.csj-emballages.com\/wp-content\/uploads\/2024\/03\/boite-poignee-carton-imprimee-modele-inspiration-grossiste-csj-emballages-5-jpg-removebg-preview-e1727342416111.png\",\"contentUrl\":\"https:\/\/www.csj-emballages.com\/wp-content\/uploads\/2024\/03\/boite-poignee-carton-imprimee-modele-inspiration-grossiste-csj-emballages-5-jpg-removebg-preview-e1727342416111.png\",\"width\":500,\"height\":500,\"caption\":\"Caissettes p\u00e2tissi\u00e8res Inspiration\"},{\"@type\":\"BreadcrumbList\",\"@id\":\"https:\/\/www.csj-emballages.com\/es\/produit\/50-estuches-de-reposteria-con-asas-de-colores-inspiracion-10-x-12-x-7-cm\/#breadcrumb\",\"itemListElement\":[{\"@type\":\"ListItem\",\"position\":1,\"name\":\"Accueil\",\"item\":\"https:\/\/www.csj-emballages.com\/es\/universo-del-envasado-alimentario\/\"},{\"@type\":\"ListItem\",\"position\":2,\"name\":\"Tienda\",\"item\":\"https:\/\/www.csj-emballages.com\/tienda\/\"},{\"@type\":\"ListItem\",\"position\":3,\"name\":\"50 estuches de reposter\u00eda con asas de colores Inspiraci\u00f3n 10 x 12 x 7 cm\"}]},{\"@type\":\"WebSite\",\"@id\":\"https:\/\/www.csj-emballages.com\/es\/#website\",\"url\":\"https:\/\/www.csj-emballages.com\/es\/\",\"name\":\"CSJ Emballages\",\"description\":\"\",\"publisher\":{\"@id\":\"https:\/\/www.csj-emballages.com\/es\/#organization\"},\"potentialAction\":[{\"@type\":\"SearchAction\",\"target\":{\"@type\":\"EntryPoint\",\"urlTemplate\":\"https:\/\/www.csj-emballages.com\/es\/?s={search_term_string}\"},\"query-input\":{\"@type\":\"PropertyValueSpecification\",\"valueRequired\":true,\"valueName\":\"search_term_string\"}}],\"inLanguage\":\"es\"},{\"@type\":\"Organization\",\"@id\":\"https:\/\/www.csj-emballages.com\/es\/#Organization\/\",\"name\":\"CSJ Emballages\",\"url\":\"https:\/\/www.csj-emballages.com\/es\/\",\"logo\":{\"@type\":\"ImageObject\",\"inLanguage\":\"es\",\"@id\":\"https:\/\/www.csj-emballages.com\/es\/#\/schema\/logo\/image\/\",\"url\":\"https:\/\/www.csj-emballages.com\/wp-content\/uploads\/2023\/10\/logo_csj.webp\",\"contentUrl\":\"https:\/\/www.csj-emballages.com\/wp-content\/uploads\/2023\/10\/logo_csj.webp\",\"width\":250,\"height\":95,\"caption\":\"CSJ Emballages\"},\"image\":{\"@id\":\"https:\/\/www.csj-emballages.com\/es\/#\/schema\/logo\/image\/\"},\"sameAs\":[\"https:\/\/www.facebook.com\/csjemballages\"],\"address\":{\"@type\":\"PostalAddress\",\"streetAddress\":\"ZI La Lechere\",\"addressLocality\":\"Patornay\",\"postalCode\":\"39130\",\"addressCountry\":\"FR\"},\"contactPoint\":[{\"@type\":\"ContactPoint\",\"contactType\":\"Service client\",\"telephone\":\"0384254272\",\"email\":\"contact@csj-emballages.com\"}]}]}<\/script>\n<!-- \/ Yoast SEO Premium plugin. -->","yoast_head_json":{"title":"Estuches de reposter\u00eda Inspiration \/ CSJ Emballages","description":"Descubre nuestros estuches para reposter\u00eda Inspiration con asas de colores 10x12x7 cm, perfectos para transportar y realzar tu reposter\u00eda con elegancia.","robots":{"index":"index","follow":"follow","max-snippet":"max-snippet:-1","max-image-preview":"max-image-preview:large","max-video-preview":"max-video-preview:-1"},"canonical":"https:\/\/www.csj-emballages.com\/es\/produit\/50-estuches-de-reposteria-con-asas-de-colores-inspiracion-10-x-12-x-7-cm\/","og_locale":"es_ES","og_type":"article","og_title":"50 estuches de reposter\u00eda con asas de colores Inspiraci\u00f3n 10 x 12 x 7 cm","og_description":"Descubre nuestros estuches para reposter\u00eda Inspiration con asas de colores 10x12x7 cm, perfectos para transportar y realzar tu reposter\u00eda con elegancia.","og_url":"https:\/\/www.csj-emballages.com\/es\/produit\/50-estuches-de-reposteria-con-asas-de-colores-inspiracion-10-x-12-x-7-cm\/","og_site_name":"CSJ Emballages","article_publisher":"https:\/\/www.facebook.com\/csjemballages","article_modified_time":"2026-04-03T00:15:03+00:00","og_image":[{"width":500,"height":500,"url":"https:\/\/www.csj-emballages.com\/wp-content\/uploads\/2024\/03\/boite-poignee-carton-imprimee-modele-inspiration-grossiste-csj-emballages-5-jpg-removebg-preview-e1727342416111.png","type":"image\/png"}],"twitter_card":"summary_large_image","twitter_misc":{"Tiempo de lectura":"1 minuto"},"schema":{"@context":"https:\/\/schema.org","@graph":[{"@type":"WebPage","@id":"https:\/\/www.csj-emballages.com\/es\/produit\/50-estuches-de-reposteria-con-asas-de-colores-inspiracion-10-x-12-x-7-cm\/","url":"https:\/\/www.csj-emballages.com\/es\/produit\/50-estuches-de-reposteria-con-asas-de-colores-inspiracion-10-x-12-x-7-cm\/","name":"Estuches de reposter\u00eda Inspiration \/ CSJ Emballages","isPartOf":{"@id":"https:\/\/www.csj-emballages.com\/es\/#website"},"primaryImageOfPage":{"@id":"https:\/\/www.csj-emballages.com\/es\/produit\/50-estuches-de-reposteria-con-asas-de-colores-inspiracion-10-x-12-x-7-cm\/#primaryimage"},"image":{"@id":"https:\/\/www.csj-emballages.com\/es\/produit\/50-estuches-de-reposteria-con-asas-de-colores-inspiracion-10-x-12-x-7-cm\/#primaryimage"},"thumbnailUrl":"https:\/\/www.csj-emballages.com\/wp-content\/uploads\/2024\/03\/boite-poignee-carton-imprimee-modele-inspiration-grossiste-csj-emballages-5-jpg-removebg-preview-e1727342416111.png","datePublished":"2024-03-01T15:54:40+00:00","dateModified":"2026-04-03T00:15:03+00:00","description":"Descubre nuestros estuches para reposter\u00eda Inspiration con asas de colores 10x12x7 cm, perfectos para transportar y realzar tu reposter\u00eda con elegancia.","breadcrumb":{"@id":"https:\/\/www.csj-emballages.com\/es\/produit\/50-estuches-de-reposteria-con-asas-de-colores-inspiracion-10-x-12-x-7-cm\/#breadcrumb"},"inLanguage":"es","potentialAction":[{"@type":"ReadAction","target":["https:\/\/www.csj-emballages.com\/es\/produit\/50-estuches-de-reposteria-con-asas-de-colores-inspiracion-10-x-12-x-7-cm\/"]}]},{"@type":"ImageObject","inLanguage":"es","@id":"https:\/\/www.csj-emballages.com\/es\/produit\/50-estuches-de-reposteria-con-asas-de-colores-inspiracion-10-x-12-x-7-cm\/#primaryimage","url":"https:\/\/www.csj-emballages.com\/wp-content\/uploads\/2024\/03\/boite-poignee-carton-imprimee-modele-inspiration-grossiste-csj-emballages-5-jpg-removebg-preview-e1727342416111.png","contentUrl":"https:\/\/www.csj-emballages.com\/wp-content\/uploads\/2024\/03\/boite-poignee-carton-imprimee-modele-inspiration-grossiste-csj-emballages-5-jpg-removebg-preview-e1727342416111.png","width":500,"height":500,"caption":"Caissettes p\u00e2tissi\u00e8res Inspiration"},{"@type":"BreadcrumbList","@id":"https:\/\/www.csj-emballages.com\/es\/produit\/50-estuches-de-reposteria-con-asas-de-colores-inspiracion-10-x-12-x-7-cm\/#breadcrumb","itemListElement":[{"@type":"ListItem","position":1,"name":"Accueil","item":"https:\/\/www.csj-emballages.com\/es\/universo-del-envasado-alimentario\/"},{"@type":"ListItem","position":2,"name":"Tienda","item":"https:\/\/www.csj-emballages.com\/tienda\/"},{"@type":"ListItem","position":3,"name":"50 estuches de reposter\u00eda con asas de colores Inspiraci\u00f3n 10 x 12 x 7 cm"}]},{"@type":"WebSite","@id":"https:\/\/www.csj-emballages.com\/es\/#website","url":"https:\/\/www.csj-emballages.com\/es\/","name":"CSJ Emballages","description":"","publisher":{"@id":"https:\/\/www.csj-emballages.com\/es\/#organization"},"potentialAction":[{"@type":"SearchAction","target":{"@type":"EntryPoint","urlTemplate":"https:\/\/www.csj-emballages.com\/es\/?s={search_term_string}"},"query-input":{"@type":"PropertyValueSpecification","valueRequired":true,"valueName":"search_term_string"}}],"inLanguage":"es"},{"@type":"Organization","@id":"https:\/\/www.csj-emballages.com\/es\/#Organization\/","name":"CSJ Emballages","url":"https:\/\/www.csj-emballages.com\/es\/","logo":{"@type":"ImageObject","inLanguage":"es","@id":"https:\/\/www.csj-emballages.com\/es\/#\/schema\/logo\/image\/","url":"https:\/\/www.csj-emballages.com\/wp-content\/uploads\/2023\/10\/logo_csj.webp","contentUrl":"https:\/\/www.csj-emballages.com\/wp-content\/uploads\/2023\/10\/logo_csj.webp","width":250,"height":95,"caption":"CSJ Emballages"},"image":{"@id":"https:\/\/www.csj-emballages.com\/es\/#\/schema\/logo\/image\/"},"sameAs":["https:\/\/www.facebook.com\/csjemballages"],"address":{"@type":"PostalAddress","streetAddress":"ZI La Lechere","addressLocality":"Patornay","postalCode":"39130","addressCountry":"FR"},"contactPoint":[{"@type":"ContactPoint","contactType":"Service client","telephone":"0384254272","email":"contact@csj-emballages.com"}]}]}},"df_price":11.78,"df_sale_price":11.78,"df_regular_price":14.74,"df_image_link":"https:\/\/www.csj-emballages.com\/wp-content\/uploads\/2024\/03\/boite-poignee-carton-imprimee-modele-inspiration-grossiste-csj-emballages-5-jpg-removebg-preview-300x300.png","tiered_pricing_type":"fixed","tiered_pricing_fixed_rules":[],"tiered_pricing_percentage_rules":[],"tiered_pricing_minimum":1,"tiered_pricing_roles_data":[],"_links":{"self":[{"href":"https:\/\/www.csj-emballages.com\/es\/wp-json\/wp\/v2\/product\/20356","targetHints":{"allow":["GET"]}}],"collection":[{"href":"https:\/\/www.csj-emballages.com\/es\/wp-json\/wp\/v2\/product"}],"about":[{"href":"https:\/\/www.csj-emballages.com\/es\/wp-json\/wp\/v2\/types\/product"}],"wp:featuredmedia":[{"embeddable":true,"href":"https:\/\/www.csj-emballages.com\/es\/wp-json\/wp\/v2\/media\/99284"}],"wp:attachment":[{"href":"https:\/\/www.csj-emballages.com\/es\/wp-json\/wp\/v2\/media?parent=20356"}],"wp:term":[{"taxonomy":"product_brand","embeddable":true,"href":"https:\/\/www.csj-emballages.com\/es\/wp-json\/wp\/v2\/product_brand?post=20356"},{"taxonomy":"product_cat","embeddable":true,"href":"https:\/\/www.csj-emballages.com\/es\/wp-json\/wp\/v2\/product_cat?post=20356"},{"taxonomy":"product_tag","embeddable":true,"href":"https:\/\/www.csj-emballages.com\/es\/wp-json\/wp\/v2\/product_tag?post=20356"}],"curies":[{"name":"wp","href":"https:\/\/api.w.org\/{rel}","templated":true}]}}