{"id":20348,"date":"2024-03-01T16:54:44","date_gmt":"2024-03-01T15:54:44","guid":{"rendered":"https:\/\/u15jnbdpoq.preview.infomaniak.website\/produit\/100-tapas-para-tarros-redondos-de-pp-o101-mm\/"},"modified":"2026-05-08T02:12:41","modified_gmt":"2026-05-08T00:12:41","slug":"100-tapas-para-tarros-redondos-de-pp-o101-mm","status":"publish","type":"product","link":"https:\/\/www.csj-emballages.com\/es\/produit\/100-tapas-para-tarros-redondos-de-pp-o101-mm\/","title":{"rendered":"Tapas de pl\u00e1stico para tarros redondos de PP \u00d8101 mm por 100"},"content":{"rendered":"<h2>Tapa de pl\u00e1stico<\/h2>\n<hr>\n<h3>Descripci\u00f3n de nuestra tapa de pl\u00e1stico para tarros redondos de PP \u00d8101 mm por 100<\/h3>\n<p><!--more--><\/p>\n<p data-start=\"268\" data-end=\"628\">Un buen recipiente no sirve de nada sin una tapa fiable. Esta <strong data-start=\"329\" data-end=\"379\">tapa de pl\u00e1stico para tarros redondos de PP de \u00d8101 mm<\/strong> se ha dise\u00f1ado para que sus preparaciones sean seguras y f\u00e1ciles de usar todos los d\u00edas. Se adapta perfectamente a los tarros compatibles, garantizando un cierre limpio y seguro, ideal tanto para la venta para llevar como para el almacenamiento.  <\/p>\n<p data-start=\"630\" data-end=\"989\">Gracias a su dise\u00f1o en pl\u00e1stico <strong>PP<\/strong>, ofrece una buena resistencia y conserva su forma, incluso bajo una manipulaci\u00f3n repetida. Una vez colocada, la tapa se mantiene en su sitio, limitando las fugas y las sorpresas desagradables durante el transporte. Este es exactamente el tipo de detalle que ahorra tiempo en el servicio y evita devoluciones innecesarias de los clientes.  <\/p>\n<p data-start=\"991\" data-end=\"1313\">Su <strong>transparencia<\/strong> es tambi\u00e9n una verdadera ventaja. De un vistazo, se puede identificar el contenido del tarro, lo que facilita la organizaci\u00f3n en la cocina, en el mostrador o en una vitrina refrigerada. Asimismo, su perfil plano permite apilar f\u00e1cilmente los tarros cerrados, optimizando el espacio y haciendo que el almacenamiento sea m\u00e1s limpio y eficaz.  <\/p>\n<p data-start=\"1315\" data-end=\"1642\">Esta <strong>tapa<\/strong> es especialmente popular para salsas, guarniciones, postres, preparaciones fr\u00edas o calientes y cualquier otra cosa que necesite permanecer bien protegida hasta el momento de comer. Y tanto si es propietario de un restaurante, un servicio de catering, un snack bar o un food-truck, se adapta de forma natural a su rutina sin cambiar sus h\u00e1bitos. <\/p>\n<p data-start=\"1644\" data-end=\"1897\">En resumen, vendida <strong data-start=\"1650\" data-end=\"1668\">en paquetes de 100<\/strong> unidades, representa una soluci\u00f3n pr\u00e1ctica y econ\u00f3mica para asegurar sus <strong>porciones individuales<\/strong>. En resumen, esta tapa hace exactamente lo que se espera de ella: sella bien, facilita el servicio y ahorra problemas. <\/p>\n<p data-start=\"1644\" data-end=\"1897\">\n<p data-start=\"1644\" data-end=\"1897\"><!--more--><\/p>\n<h4 data-start=\"1644\" data-end=\"1897\">Ventajas :<\/h4>\n<ul>\n<li data-start=\"1925\" data-end=\"1962\">Compatible con <strong>macetas redondas de \u00d8101 mm<\/strong>.<\/li>\n<li data-start=\"1965\" data-end=\"1997\">Cierre fiable y seguro.<\/li>\n<li data-start=\"2000\" data-end=\"2025\"><strong>Pl\u00e1stico PP<\/strong> resistente.<\/li>\n<li data-start=\"2028\" data-end=\"2073\">Transparente para una r\u00e1pida identificaci\u00f3n.<\/li>\n<li data-start=\"2076\" data-end=\"2108\">Apilable y f\u00e1cil de almacenar.<\/li>\n<li data-start=\"2111\" data-end=\"2133\">Paquete de <strong>100 tapas<\/strong>.<\/li>\n<\/ul>\n<p>&nbsp;<\/p>\n<p><!--more--><\/p>\n<h4>Informaci\u00f3n adicional :<\/h4>\n<ul>\n<li><strong>Embalaje<\/strong>: Paquete de 100<\/li>\n<li><strong>Di\u00e1metro<\/strong>: \u00d8101 mm<\/li>\n<li><strong>Material<\/strong>: PP (Polipropileno)<\/li>\n<li><strong>Uso<\/strong>: C\u00e1lido<\/li>\n<\/ul>\n<p>&nbsp;<\/p>\n<p><!--more--><\/p>\n<p>Encuentre aqu\u00ed las ollas redondas compatibles con esta tapa: <span style=\"color: #d12727;\"><a style=\"color: #d12727;\" href=\"https:\/\/www.csj-emballages.com\/es\/produit\/100-tarros-redondos-pp-125-ml\/\">PTRPP125<\/a><\/span> \/ <span style=\"color: #d12727;\"><a style=\"color: #d12727;\" href=\"https:\/\/www.csj-emballages.com\/es\/produit\/100-tarros-redondos-pp-200-ml\/\">PTRPP200<\/a><\/span> \/ <span style=\"color: #d12727;\"><a style=\"color: #d12727;\" href=\"https:\/\/www.csj-emballages.com\/es\/produit\/100-tarros-redondos-pp-250-ml\/\">PTRPP250<\/a><\/span><\/p>\n<p>&nbsp;<\/p>\n<p><!--more--><\/p>\n<p><a href=\"\/?product_cat=pots-ronds-chauds-restauration\">Ver el resto de nuestra gama de ollas redondas de uso en caliente<\/a><\/p>\n<p>&nbsp;<\/p>\n","protected":false},"excerpt":{"rendered":"<p>Tapa de pl\u00e1stico Descripci\u00f3n de nuestra tapa de pl\u00e1stico para tarros redondos de PP \u00d8101 mm por 100<\/p>\n","protected":false},"featured_media":203620,"template":"","meta":{"_acf_changed":false},"product_brand":[],"product_cat":[1150,1143,1491,1492,1493,1179,1494,1495],"product_tag":[],"class_list":{"0":"post-20348","1":"product","2":"type-product","3":"status-publish","4":"has-post-thumbnail","6":"product_cat-envasado-de-alimentos","7":"product_cat-carniceria-y-charcuteria","8":"product_cat-bandejas-latas-tarros-de-comida","9":"product_cat-macetas-redondas","10":"product_cat-ollas-redondas-para-uso-en-caliente","11":"product_cat-catering-es","12":"product_cat-macetas-redondas-es","13":"product_cat-ollas-redondas-calientes","15":"first","16":"instock","17":"taxable","18":"shipping-taxable","19":"purchasable","20":"product-type-simple"},"acf":[],"yoast_head":"<!-- This site is optimized with the Yoast SEO Premium plugin v26.6 (Yoast SEO v26.6) - https:\/\/yoast.com\/wordpress\/plugins\/seo\/ -->\n<title>Tapa de pl\u00e1stico para tarros redondos de PP \u00d8101 mm<\/title>\n<meta name=\"description\" content=\"Descubra nuestras tapas de pl\u00e1stico para macetas redondas de PP. Le ofrecemos un paquete de 100 tapas de PP resistentes y herm\u00e9ticas.\" \/>\n<meta name=\"robots\" content=\"index, follow, max-snippet:-1, max-image-preview:large, max-video-preview:-1\" \/>\n<link rel=\"canonical\" href=\"https:\/\/www.csj-emballages.com\/es\/produit\/100-tapas-para-tarros-redondos-de-pp-o101-mm\/\" \/>\n<meta property=\"og:locale\" content=\"es_ES\" \/>\n<meta property=\"og:type\" content=\"article\" \/>\n<meta property=\"og:title\" content=\"Tapas de pl\u00e1stico para tarros redondos de PP \u00d8101 mm por 100\" \/>\n<meta property=\"og:description\" content=\"Descubra nuestras tapas de pl\u00e1stico para macetas redondas de PP. Le ofrecemos un paquete de 100 tapas de PP resistentes y herm\u00e9ticas.\" \/>\n<meta property=\"og:url\" content=\"https:\/\/www.csj-emballages.com\/es\/produit\/100-tapas-para-tarros-redondos-de-pp-o101-mm\/\" \/>\n<meta property=\"og:site_name\" content=\"CSJ Emballages\" \/>\n<meta property=\"article:publisher\" content=\"https:\/\/www.facebook.com\/csjemballages\" \/>\n<meta property=\"article:modified_time\" content=\"2026-05-08T00:12:41+00:00\" \/>\n<meta property=\"og:image\" content=\"https:\/\/www.csj-emballages.com\/wp-content\/uploads\/2024\/03\/COUV-POT-ROND-FROID.webp\" \/>\n\t<meta property=\"og:image:width\" content=\"800\" \/>\n\t<meta property=\"og:image:height\" content=\"800\" \/>\n\t<meta property=\"og:image:type\" content=\"image\/webp\" \/>\n<meta name=\"twitter:card\" content=\"summary_large_image\" \/>\n<meta name=\"twitter:label1\" content=\"Tiempo de lectura\" \/>\n\t<meta name=\"twitter:data1\" content=\"2 minutos\" \/>\n<script type=\"application\/ld+json\" class=\"yoast-schema-graph\">{\"@context\":\"https:\/\/schema.org\",\"@graph\":[{\"@type\":\"WebPage\",\"@id\":\"https:\/\/www.csj-emballages.com\/es\/produit\/100-tapas-para-tarros-redondos-de-pp-o101-mm\/\",\"url\":\"https:\/\/www.csj-emballages.com\/es\/produit\/100-tapas-para-tarros-redondos-de-pp-o101-mm\/\",\"name\":\"Tapa de pl\u00e1stico para tarros redondos de PP \u00d8101 mm\",\"isPartOf\":{\"@id\":\"https:\/\/www.csj-emballages.com\/es\/#website\"},\"primaryImageOfPage\":{\"@id\":\"https:\/\/www.csj-emballages.com\/es\/produit\/100-tapas-para-tarros-redondos-de-pp-o101-mm\/#primaryimage\"},\"image\":{\"@id\":\"https:\/\/www.csj-emballages.com\/es\/produit\/100-tapas-para-tarros-redondos-de-pp-o101-mm\/#primaryimage\"},\"thumbnailUrl\":\"https:\/\/www.csj-emballages.com\/wp-content\/uploads\/2024\/03\/COUV-POT-ROND-FROID.webp\",\"datePublished\":\"2024-03-01T15:54:44+00:00\",\"dateModified\":\"2026-05-08T00:12:41+00:00\",\"description\":\"Descubra nuestras tapas de pl\u00e1stico para macetas redondas de PP. Le ofrecemos un paquete de 100 tapas de PP resistentes y herm\u00e9ticas.\",\"breadcrumb\":{\"@id\":\"https:\/\/www.csj-emballages.com\/es\/produit\/100-tapas-para-tarros-redondos-de-pp-o101-mm\/#breadcrumb\"},\"inLanguage\":\"es\",\"potentialAction\":[{\"@type\":\"ReadAction\",\"target\":[\"https:\/\/www.csj-emballages.com\/es\/produit\/100-tapas-para-tarros-redondos-de-pp-o101-mm\/\"]}]},{\"@type\":\"ImageObject\",\"inLanguage\":\"es\",\"@id\":\"https:\/\/www.csj-emballages.com\/es\/produit\/100-tapas-para-tarros-redondos-de-pp-o101-mm\/#primaryimage\",\"url\":\"https:\/\/www.csj-emballages.com\/wp-content\/uploads\/2024\/03\/COUV-POT-ROND-FROID.webp\",\"contentUrl\":\"https:\/\/www.csj-emballages.com\/wp-content\/uploads\/2024\/03\/COUV-POT-ROND-FROID.webp\",\"width\":800,\"height\":800,\"caption\":\"Couvercle plastique\"},{\"@type\":\"BreadcrumbList\",\"@id\":\"https:\/\/www.csj-emballages.com\/es\/produit\/100-tapas-para-tarros-redondos-de-pp-o101-mm\/#breadcrumb\",\"itemListElement\":[{\"@type\":\"ListItem\",\"position\":1,\"name\":\"Accueil\",\"item\":\"https:\/\/www.csj-emballages.com\/es\/universo-del-envasado-alimentario\/\"},{\"@type\":\"ListItem\",\"position\":2,\"name\":\"Tienda\",\"item\":\"https:\/\/www.csj-emballages.com\/tienda\/\"},{\"@type\":\"ListItem\",\"position\":3,\"name\":\"Tapas de pl\u00e1stico para tarros redondos de PP \u00d8101 mm por 100\"}]},{\"@type\":\"WebSite\",\"@id\":\"https:\/\/www.csj-emballages.com\/es\/#website\",\"url\":\"https:\/\/www.csj-emballages.com\/es\/\",\"name\":\"CSJ Emballages\",\"description\":\"\",\"publisher\":{\"@id\":\"https:\/\/www.csj-emballages.com\/es\/#organization\"},\"potentialAction\":[{\"@type\":\"SearchAction\",\"target\":{\"@type\":\"EntryPoint\",\"urlTemplate\":\"https:\/\/www.csj-emballages.com\/es\/?s={search_term_string}\"},\"query-input\":{\"@type\":\"PropertyValueSpecification\",\"valueRequired\":true,\"valueName\":\"search_term_string\"}}],\"inLanguage\":\"es\"},{\"@type\":\"Organization\",\"@id\":\"https:\/\/www.csj-emballages.com\/es\/#Organization\/\",\"name\":\"CSJ Emballages\",\"url\":\"https:\/\/www.csj-emballages.com\/es\/\",\"logo\":{\"@type\":\"ImageObject\",\"inLanguage\":\"es\",\"@id\":\"https:\/\/www.csj-emballages.com\/es\/#\/schema\/logo\/image\/\",\"url\":\"https:\/\/www.csj-emballages.com\/wp-content\/uploads\/2023\/10\/logo_csj.webp\",\"contentUrl\":\"https:\/\/www.csj-emballages.com\/wp-content\/uploads\/2023\/10\/logo_csj.webp\",\"width\":250,\"height\":95,\"caption\":\"CSJ Emballages\"},\"image\":{\"@id\":\"https:\/\/www.csj-emballages.com\/es\/#\/schema\/logo\/image\/\"},\"sameAs\":[\"https:\/\/www.facebook.com\/csjemballages\"],\"address\":{\"@type\":\"PostalAddress\",\"streetAddress\":\"ZI La Lechere\",\"addressLocality\":\"Patornay\",\"postalCode\":\"39130\",\"addressCountry\":\"FR\"},\"contactPoint\":[{\"@type\":\"ContactPoint\",\"contactType\":\"Service client\",\"telephone\":\"0384254272\",\"email\":\"contact@csj-emballages.com\"}]}]}<\/script>\n<!-- \/ Yoast SEO Premium plugin. -->","yoast_head_json":{"title":"Tapa de pl\u00e1stico para tarros redondos de PP \u00d8101 mm","description":"Descubra nuestras tapas de pl\u00e1stico para macetas redondas de PP. Le ofrecemos un paquete de 100 tapas de PP resistentes y herm\u00e9ticas.","robots":{"index":"index","follow":"follow","max-snippet":"max-snippet:-1","max-image-preview":"max-image-preview:large","max-video-preview":"max-video-preview:-1"},"canonical":"https:\/\/www.csj-emballages.com\/es\/produit\/100-tapas-para-tarros-redondos-de-pp-o101-mm\/","og_locale":"es_ES","og_type":"article","og_title":"Tapas de pl\u00e1stico para tarros redondos de PP \u00d8101 mm por 100","og_description":"Descubra nuestras tapas de pl\u00e1stico para macetas redondas de PP. Le ofrecemos un paquete de 100 tapas de PP resistentes y herm\u00e9ticas.","og_url":"https:\/\/www.csj-emballages.com\/es\/produit\/100-tapas-para-tarros-redondos-de-pp-o101-mm\/","og_site_name":"CSJ Emballages","article_publisher":"https:\/\/www.facebook.com\/csjemballages","article_modified_time":"2026-05-08T00:12:41+00:00","og_image":[{"width":800,"height":800,"url":"https:\/\/www.csj-emballages.com\/wp-content\/uploads\/2024\/03\/COUV-POT-ROND-FROID.webp","type":"image\/webp"}],"twitter_card":"summary_large_image","twitter_misc":{"Tiempo de lectura":"2 minutos"},"schema":{"@context":"https:\/\/schema.org","@graph":[{"@type":"WebPage","@id":"https:\/\/www.csj-emballages.com\/es\/produit\/100-tapas-para-tarros-redondos-de-pp-o101-mm\/","url":"https:\/\/www.csj-emballages.com\/es\/produit\/100-tapas-para-tarros-redondos-de-pp-o101-mm\/","name":"Tapa de pl\u00e1stico para tarros redondos de PP \u00d8101 mm","isPartOf":{"@id":"https:\/\/www.csj-emballages.com\/es\/#website"},"primaryImageOfPage":{"@id":"https:\/\/www.csj-emballages.com\/es\/produit\/100-tapas-para-tarros-redondos-de-pp-o101-mm\/#primaryimage"},"image":{"@id":"https:\/\/www.csj-emballages.com\/es\/produit\/100-tapas-para-tarros-redondos-de-pp-o101-mm\/#primaryimage"},"thumbnailUrl":"https:\/\/www.csj-emballages.com\/wp-content\/uploads\/2024\/03\/COUV-POT-ROND-FROID.webp","datePublished":"2024-03-01T15:54:44+00:00","dateModified":"2026-05-08T00:12:41+00:00","description":"Descubra nuestras tapas de pl\u00e1stico para macetas redondas de PP. Le ofrecemos un paquete de 100 tapas de PP resistentes y herm\u00e9ticas.","breadcrumb":{"@id":"https:\/\/www.csj-emballages.com\/es\/produit\/100-tapas-para-tarros-redondos-de-pp-o101-mm\/#breadcrumb"},"inLanguage":"es","potentialAction":[{"@type":"ReadAction","target":["https:\/\/www.csj-emballages.com\/es\/produit\/100-tapas-para-tarros-redondos-de-pp-o101-mm\/"]}]},{"@type":"ImageObject","inLanguage":"es","@id":"https:\/\/www.csj-emballages.com\/es\/produit\/100-tapas-para-tarros-redondos-de-pp-o101-mm\/#primaryimage","url":"https:\/\/www.csj-emballages.com\/wp-content\/uploads\/2024\/03\/COUV-POT-ROND-FROID.webp","contentUrl":"https:\/\/www.csj-emballages.com\/wp-content\/uploads\/2024\/03\/COUV-POT-ROND-FROID.webp","width":800,"height":800,"caption":"Couvercle plastique"},{"@type":"BreadcrumbList","@id":"https:\/\/www.csj-emballages.com\/es\/produit\/100-tapas-para-tarros-redondos-de-pp-o101-mm\/#breadcrumb","itemListElement":[{"@type":"ListItem","position":1,"name":"Accueil","item":"https:\/\/www.csj-emballages.com\/es\/universo-del-envasado-alimentario\/"},{"@type":"ListItem","position":2,"name":"Tienda","item":"https:\/\/www.csj-emballages.com\/tienda\/"},{"@type":"ListItem","position":3,"name":"Tapas de pl\u00e1stico para tarros redondos de PP \u00d8101 mm por 100"}]},{"@type":"WebSite","@id":"https:\/\/www.csj-emballages.com\/es\/#website","url":"https:\/\/www.csj-emballages.com\/es\/","name":"CSJ Emballages","description":"","publisher":{"@id":"https:\/\/www.csj-emballages.com\/es\/#organization"},"potentialAction":[{"@type":"SearchAction","target":{"@type":"EntryPoint","urlTemplate":"https:\/\/www.csj-emballages.com\/es\/?s={search_term_string}"},"query-input":{"@type":"PropertyValueSpecification","valueRequired":true,"valueName":"search_term_string"}}],"inLanguage":"es"},{"@type":"Organization","@id":"https:\/\/www.csj-emballages.com\/es\/#Organization\/","name":"CSJ Emballages","url":"https:\/\/www.csj-emballages.com\/es\/","logo":{"@type":"ImageObject","inLanguage":"es","@id":"https:\/\/www.csj-emballages.com\/es\/#\/schema\/logo\/image\/","url":"https:\/\/www.csj-emballages.com\/wp-content\/uploads\/2023\/10\/logo_csj.webp","contentUrl":"https:\/\/www.csj-emballages.com\/wp-content\/uploads\/2023\/10\/logo_csj.webp","width":250,"height":95,"caption":"CSJ Emballages"},"image":{"@id":"https:\/\/www.csj-emballages.com\/es\/#\/schema\/logo\/image\/"},"sameAs":["https:\/\/www.facebook.com\/csjemballages"],"address":{"@type":"PostalAddress","streetAddress":"ZI La Lechere","addressLocality":"Patornay","postalCode":"39130","addressCountry":"FR"},"contactPoint":[{"@type":"ContactPoint","contactType":"Service client","telephone":"0384254272","email":"contact@csj-emballages.com"}]}]}},"df_price":3.8,"df_sale_price":"","df_regular_price":3.8,"df_image_link":"https:\/\/www.csj-emballages.com\/wp-content\/uploads\/2024\/03\/COUV-POT-ROND-FROID-300x300.webp","tiered_pricing_type":"fixed","tiered_pricing_fixed_rules":[],"tiered_pricing_percentage_rules":[],"tiered_pricing_minimum":1,"tiered_pricing_roles_data":[],"_links":{"self":[{"href":"https:\/\/www.csj-emballages.com\/es\/wp-json\/wp\/v2\/product\/20348","targetHints":{"allow":["GET"]}}],"collection":[{"href":"https:\/\/www.csj-emballages.com\/es\/wp-json\/wp\/v2\/product"}],"about":[{"href":"https:\/\/www.csj-emballages.com\/es\/wp-json\/wp\/v2\/types\/product"}],"wp:featuredmedia":[{"embeddable":true,"href":"https:\/\/www.csj-emballages.com\/es\/wp-json\/wp\/v2\/media\/203620"}],"wp:attachment":[{"href":"https:\/\/www.csj-emballages.com\/es\/wp-json\/wp\/v2\/media?parent=20348"}],"wp:term":[{"taxonomy":"product_brand","embeddable":true,"href":"https:\/\/www.csj-emballages.com\/es\/wp-json\/wp\/v2\/product_brand?post=20348"},{"taxonomy":"product_cat","embeddable":true,"href":"https:\/\/www.csj-emballages.com\/es\/wp-json\/wp\/v2\/product_cat?post=20348"},{"taxonomy":"product_tag","embeddable":true,"href":"https:\/\/www.csj-emballages.com\/es\/wp-json\/wp\/v2\/product_tag?post=20348"}],"curies":[{"name":"wp","href":"https:\/\/api.w.org\/{rel}","templated":true}]}}