{"id":20347,"date":"2024-03-01T16:54:42","date_gmt":"2024-03-01T15:54:42","guid":{"rendered":"https:\/\/u15jnbdpoq.preview.infomaniak.website\/produit\/20-tapas-de-plastico-para-ref-coadry20\/"},"modified":"2026-03-12T16:21:34","modified_gmt":"2026-03-12T15:21:34","slug":"20-tapas-de-plastico-para-ref-coadry20","status":"publish","type":"product","link":"https:\/\/www.csj-emballages.com\/es\/produit\/20-tapas-de-plastico-para-ref-coadry20\/","title":{"rendered":"Tapa de pl\u00e1stico para Coadry20, paquete de 20"},"content":{"rendered":"<h2>Tapa de pl\u00e1stico<\/h2>\n<hr>\n<h3>Descripci\u00f3n de nuestra tapa de pl\u00e1stico para Coadry20 por 20<\/h3>\n<p><!--more--><\/p>\n<p data-start=\"234\" data-end=\"568\">La <strong>tapa de pl\u00e1stico para vasito<\/strong> <strong><span style=\"color: #d12727;\"><a style=\"color: #d12727;\" href=\"https:\/\/www.csj-emballages.com\/es\/produit\/20-vasos-de-postre-coadry20-de-plastico-200-ml\/\">Coadry20<\/a><\/span><\/strong> est\u00e1 especialmente dise\u00f1ada para garantizar un cierre pr\u00e1ctico y seguro de los <strong>vasitos de 200 ml de la gama Coadry<\/strong>. En efecto, ideal para catering, pasteleros, restauradores y profesionales del sector eventos, protege eficazmente sus preparaciones preservando al mismo tiempo su cuidada presentaci\u00f3n. <\/p>\n<p data-start=\"570\" data-end=\"886\">Asimismo, fabricada en <strong>pl\u00e1stico transparente<\/strong> de calidad alimentaria, esta <strong>tapa<\/strong> permite conservar una visibilidad \u00f3ptima del contenido. Realza los <strong>postres, entrantes fr\u00edos, mousses, vasitos aperitivo o preparaciones gourmet<\/strong> protegi\u00e9ndolos de contaminaciones externas y riesgos de derrame. <\/p>\n<p data-start=\"888\" data-end=\"1155\">Adem\u00e1s, su dise\u00f1o garantiza un ajuste preciso en el <strong>vasito <span style=\"color: #d12727;\"><a style=\"color: #d12727;\" href=\"https:\/\/www.csj-emballages.com\/es\/produit\/20-vasos-de-postre-coadry20-de-plastico-200-ml\/\">Coadry20<\/a><\/span><\/strong>, asegurando una buena sujeci\u00f3n durante el transporte o el almacenamiento en vitrina refrigerada. Tambi\u00e9n, f\u00e1cil de colocar y retirar, simplifica el trabajo en el obrador y optimiza el servicio para llevar. <\/p>\n<p data-start=\"1157\" data-end=\"1317\">En resumen, vendida por lote de <strong>20 unidades<\/strong>, esta <strong>tapa<\/strong> constituye una excelente soluci\u00f3n.<\/p>\n<p>&nbsp;<\/p>\n<p><!--more--><\/p>\n<h4>Ventajas :<\/h4>\n<ul>\n<li data-start=\"1355\" data-end=\"1399\">Compatible con el vasito <strong><span style=\"color: #d12727;\"><a style=\"color: #d12727;\" href=\"https:\/\/www.csj-emballages.com\/es\/produit\/20-vasos-de-postre-coadry20-de-plastico-200-ml\/\">Coadry20<\/a><\/span><\/strong><strong> de 200 ml<\/strong>.<\/li>\n<li data-start=\"1490\" data-end=\"1534\">Protege las preparaciones durante el transporte.<\/li>\n<li data-start=\"1537\" data-end=\"1573\">Presentaci\u00f3n \u00f3ptima del contenido.<\/li>\n<li data-start=\"1576\" data-end=\"1609\">Apta para vitrinas refrigeradas.<\/li>\n<li data-start=\"1635\" data-end=\"1679\">Formato pr\u00e1ctico de <strong>20 tapas<\/strong>.<\/li>\n<\/ul>\n<p>&nbsp;<\/p>\n<p><!--more--><\/p>\n<h4>Informaci\u00f3n adicional :<\/h4>\n<ul>\n<li><strong>Dimensiones<\/strong>: 70 x 70 x 18 (L x A x A en mm).<\/li>\n<li><strong>Envase<\/strong>: Paquetes de 20<\/li>\n<li><strong>Material<\/strong>: PET<\/li>\n<\/ul>\n<p>&nbsp;<\/p>\n<p><!--more--><\/p>\n<p>Haz clic aqu\u00ed para encontrar el verrine compatible con este producto <span style=\"color: #d12727;\"><a style=\"color: #d12727;\" href=\"https:\/\/www.csj-emballages.com\/es\/produit\/20-vasos-de-postre-coadry20-de-plastico-200-ml\/\">VERCOADRY20<\/a><\/span><\/p>\n<p>&nbsp;<\/p>\n<p><!--more--><\/p>\n<p><a href=\"https:\/\/www.csj-emballages.com\/es\/categorie-produit\/envasado-de-alimentos\/carniceria-y-charcuteria\/tazas-tarros-vasos\/tazas-de-postre\/\">Descubre el resto de nuestra gama de cuencos de postre<\/a><\/p>\n","protected":false},"excerpt":{"rendered":"<p>Tapa de pl\u00e1stico Descripci\u00f3n de nuestra tapa de pl\u00e1stico para Coadry20 por 20<\/p>\n","protected":false},"featured_media":218698,"template":"","meta":{"_acf_changed":false},"product_brand":[],"product_cat":[1150,1143,1324,1458],"product_tag":[],"class_list":{"0":"post-20347","1":"product","2":"type-product","3":"status-publish","4":"has-post-thumbnail","6":"product_cat-envasado-de-alimentos","7":"product_cat-carniceria-y-charcuteria","8":"product_cat-tazas-tarros-vasos","9":"product_cat-tazas-de-postre","11":"first","12":"instock","13":"taxable","14":"shipping-taxable","15":"purchasable","16":"product-type-simple"},"acf":[],"yoast_head":"<!-- This site is optimized with the Yoast SEO Premium plugin v26.6 (Yoast SEO v26.6) - https:\/\/yoast.com\/wordpress\/plugins\/seo\/ -->\n<title>Tapa de pl\u00e1stico para Coadry20<\/title>\n<meta name=\"description\" content=\"Tapa de pl\u00e1stico para Coadry20, perfecta para un cierre herm\u00e9tico y seguro. Pr\u00e1ctica y resistente, ideal para el transporte.\" \/>\n<meta name=\"robots\" content=\"index, follow, max-snippet:-1, max-image-preview:large, max-video-preview:-1\" \/>\n<link rel=\"canonical\" href=\"https:\/\/www.csj-emballages.com\/es\/produit\/20-tapas-de-plastico-para-ref-coadry20\/\" \/>\n<meta property=\"og:locale\" content=\"es_ES\" \/>\n<meta property=\"og:type\" content=\"article\" \/>\n<meta property=\"og:title\" content=\"Tapa de pl\u00e1stico para Coadry20, paquete de 20\" \/>\n<meta property=\"og:description\" content=\"Tapa de pl\u00e1stico para Coadry20, perfecta para un cierre herm\u00e9tico y seguro. Pr\u00e1ctica y resistente, ideal para el transporte.\" \/>\n<meta property=\"og:url\" content=\"https:\/\/www.csj-emballages.com\/es\/produit\/20-tapas-de-plastico-para-ref-coadry20\/\" \/>\n<meta property=\"og:site_name\" content=\"CSJ Emballages\" \/>\n<meta property=\"article:publisher\" content=\"https:\/\/www.facebook.com\/csjemballages\" \/>\n<meta property=\"article:modified_time\" content=\"2026-03-12T15:21:34+00:00\" \/>\n<meta property=\"og:image\" content=\"https:\/\/www.csj-emballages.com\/wp-content\/uploads\/2024\/03\/COUV-COADRY-20.webp\" \/>\n\t<meta property=\"og:image:width\" content=\"800\" \/>\n\t<meta property=\"og:image:height\" content=\"800\" \/>\n\t<meta property=\"og:image:type\" content=\"image\/webp\" \/>\n<meta name=\"twitter:card\" content=\"summary_large_image\" \/>\n<meta name=\"twitter:label1\" content=\"Tiempo de lectura\" \/>\n\t<meta name=\"twitter:data1\" content=\"1 minuto\" \/>\n<script type=\"application\/ld+json\" class=\"yoast-schema-graph\">{\"@context\":\"https:\/\/schema.org\",\"@graph\":[{\"@type\":\"WebPage\",\"@id\":\"https:\/\/www.csj-emballages.com\/es\/produit\/20-tapas-de-plastico-para-ref-coadry20\/\",\"url\":\"https:\/\/www.csj-emballages.com\/es\/produit\/20-tapas-de-plastico-para-ref-coadry20\/\",\"name\":\"Tapa de pl\u00e1stico para Coadry20\",\"isPartOf\":{\"@id\":\"https:\/\/www.csj-emballages.com\/es\/#website\"},\"primaryImageOfPage\":{\"@id\":\"https:\/\/www.csj-emballages.com\/es\/produit\/20-tapas-de-plastico-para-ref-coadry20\/#primaryimage\"},\"image\":{\"@id\":\"https:\/\/www.csj-emballages.com\/es\/produit\/20-tapas-de-plastico-para-ref-coadry20\/#primaryimage\"},\"thumbnailUrl\":\"https:\/\/www.csj-emballages.com\/wp-content\/uploads\/2024\/03\/COUV-COADRY-20.webp\",\"datePublished\":\"2024-03-01T15:54:42+00:00\",\"dateModified\":\"2026-03-12T15:21:34+00:00\",\"description\":\"Tapa de pl\u00e1stico para Coadry20, perfecta para un cierre herm\u00e9tico y seguro. Pr\u00e1ctica y resistente, ideal para el transporte.\",\"breadcrumb\":{\"@id\":\"https:\/\/www.csj-emballages.com\/es\/produit\/20-tapas-de-plastico-para-ref-coadry20\/#breadcrumb\"},\"inLanguage\":\"es\",\"potentialAction\":[{\"@type\":\"ReadAction\",\"target\":[\"https:\/\/www.csj-emballages.com\/es\/produit\/20-tapas-de-plastico-para-ref-coadry20\/\"]}]},{\"@type\":\"ImageObject\",\"inLanguage\":\"es\",\"@id\":\"https:\/\/www.csj-emballages.com\/es\/produit\/20-tapas-de-plastico-para-ref-coadry20\/#primaryimage\",\"url\":\"https:\/\/www.csj-emballages.com\/wp-content\/uploads\/2024\/03\/COUV-COADRY-20.webp\",\"contentUrl\":\"https:\/\/www.csj-emballages.com\/wp-content\/uploads\/2024\/03\/COUV-COADRY-20.webp\",\"width\":800,\"height\":800,\"caption\":\"Couvercle plastique\"},{\"@type\":\"BreadcrumbList\",\"@id\":\"https:\/\/www.csj-emballages.com\/es\/produit\/20-tapas-de-plastico-para-ref-coadry20\/#breadcrumb\",\"itemListElement\":[{\"@type\":\"ListItem\",\"position\":1,\"name\":\"Accueil\",\"item\":\"https:\/\/www.csj-emballages.com\/es\/universo-del-envasado-alimentario\/\"},{\"@type\":\"ListItem\",\"position\":2,\"name\":\"Tienda\",\"item\":\"https:\/\/www.csj-emballages.com\/tienda\/\"},{\"@type\":\"ListItem\",\"position\":3,\"name\":\"Tapa de pl\u00e1stico para Coadry20, paquete de 20\"}]},{\"@type\":\"WebSite\",\"@id\":\"https:\/\/www.csj-emballages.com\/es\/#website\",\"url\":\"https:\/\/www.csj-emballages.com\/es\/\",\"name\":\"CSJ Emballages\",\"description\":\"\",\"publisher\":{\"@id\":\"https:\/\/www.csj-emballages.com\/es\/#organization\"},\"potentialAction\":[{\"@type\":\"SearchAction\",\"target\":{\"@type\":\"EntryPoint\",\"urlTemplate\":\"https:\/\/www.csj-emballages.com\/es\/?s={search_term_string}\"},\"query-input\":{\"@type\":\"PropertyValueSpecification\",\"valueRequired\":true,\"valueName\":\"search_term_string\"}}],\"inLanguage\":\"es\"},{\"@type\":\"Organization\",\"@id\":\"https:\/\/www.csj-emballages.com\/es\/#Organization\/\",\"name\":\"CSJ Emballages\",\"url\":\"https:\/\/www.csj-emballages.com\/es\/\",\"logo\":{\"@type\":\"ImageObject\",\"inLanguage\":\"es\",\"@id\":\"https:\/\/www.csj-emballages.com\/es\/#\/schema\/logo\/image\/\",\"url\":\"https:\/\/www.csj-emballages.com\/wp-content\/uploads\/2023\/10\/logo_csj.webp\",\"contentUrl\":\"https:\/\/www.csj-emballages.com\/wp-content\/uploads\/2023\/10\/logo_csj.webp\",\"width\":250,\"height\":95,\"caption\":\"CSJ Emballages\"},\"image\":{\"@id\":\"https:\/\/www.csj-emballages.com\/es\/#\/schema\/logo\/image\/\"},\"sameAs\":[\"https:\/\/www.facebook.com\/csjemballages\"],\"address\":{\"@type\":\"PostalAddress\",\"streetAddress\":\"ZI La Lechere\",\"addressLocality\":\"Patornay\",\"postalCode\":\"39130\",\"addressCountry\":\"FR\"},\"contactPoint\":[{\"@type\":\"ContactPoint\",\"contactType\":\"Service client\",\"telephone\":\"0384254272\",\"email\":\"contact@csj-emballages.com\"}]}]}<\/script>\n<!-- \/ Yoast SEO Premium plugin. -->","yoast_head_json":{"title":"Tapa de pl\u00e1stico para Coadry20","description":"Tapa de pl\u00e1stico para Coadry20, perfecta para un cierre herm\u00e9tico y seguro. Pr\u00e1ctica y resistente, ideal para el transporte.","robots":{"index":"index","follow":"follow","max-snippet":"max-snippet:-1","max-image-preview":"max-image-preview:large","max-video-preview":"max-video-preview:-1"},"canonical":"https:\/\/www.csj-emballages.com\/es\/produit\/20-tapas-de-plastico-para-ref-coadry20\/","og_locale":"es_ES","og_type":"article","og_title":"Tapa de pl\u00e1stico para Coadry20, paquete de 20","og_description":"Tapa de pl\u00e1stico para Coadry20, perfecta para un cierre herm\u00e9tico y seguro. Pr\u00e1ctica y resistente, ideal para el transporte.","og_url":"https:\/\/www.csj-emballages.com\/es\/produit\/20-tapas-de-plastico-para-ref-coadry20\/","og_site_name":"CSJ Emballages","article_publisher":"https:\/\/www.facebook.com\/csjemballages","article_modified_time":"2026-03-12T15:21:34+00:00","og_image":[{"width":800,"height":800,"url":"https:\/\/www.csj-emballages.com\/wp-content\/uploads\/2024\/03\/COUV-COADRY-20.webp","type":"image\/webp"}],"twitter_card":"summary_large_image","twitter_misc":{"Tiempo de lectura":"1 minuto"},"schema":{"@context":"https:\/\/schema.org","@graph":[{"@type":"WebPage","@id":"https:\/\/www.csj-emballages.com\/es\/produit\/20-tapas-de-plastico-para-ref-coadry20\/","url":"https:\/\/www.csj-emballages.com\/es\/produit\/20-tapas-de-plastico-para-ref-coadry20\/","name":"Tapa de pl\u00e1stico para Coadry20","isPartOf":{"@id":"https:\/\/www.csj-emballages.com\/es\/#website"},"primaryImageOfPage":{"@id":"https:\/\/www.csj-emballages.com\/es\/produit\/20-tapas-de-plastico-para-ref-coadry20\/#primaryimage"},"image":{"@id":"https:\/\/www.csj-emballages.com\/es\/produit\/20-tapas-de-plastico-para-ref-coadry20\/#primaryimage"},"thumbnailUrl":"https:\/\/www.csj-emballages.com\/wp-content\/uploads\/2024\/03\/COUV-COADRY-20.webp","datePublished":"2024-03-01T15:54:42+00:00","dateModified":"2026-03-12T15:21:34+00:00","description":"Tapa de pl\u00e1stico para Coadry20, perfecta para un cierre herm\u00e9tico y seguro. Pr\u00e1ctica y resistente, ideal para el transporte.","breadcrumb":{"@id":"https:\/\/www.csj-emballages.com\/es\/produit\/20-tapas-de-plastico-para-ref-coadry20\/#breadcrumb"},"inLanguage":"es","potentialAction":[{"@type":"ReadAction","target":["https:\/\/www.csj-emballages.com\/es\/produit\/20-tapas-de-plastico-para-ref-coadry20\/"]}]},{"@type":"ImageObject","inLanguage":"es","@id":"https:\/\/www.csj-emballages.com\/es\/produit\/20-tapas-de-plastico-para-ref-coadry20\/#primaryimage","url":"https:\/\/www.csj-emballages.com\/wp-content\/uploads\/2024\/03\/COUV-COADRY-20.webp","contentUrl":"https:\/\/www.csj-emballages.com\/wp-content\/uploads\/2024\/03\/COUV-COADRY-20.webp","width":800,"height":800,"caption":"Couvercle plastique"},{"@type":"BreadcrumbList","@id":"https:\/\/www.csj-emballages.com\/es\/produit\/20-tapas-de-plastico-para-ref-coadry20\/#breadcrumb","itemListElement":[{"@type":"ListItem","position":1,"name":"Accueil","item":"https:\/\/www.csj-emballages.com\/es\/universo-del-envasado-alimentario\/"},{"@type":"ListItem","position":2,"name":"Tienda","item":"https:\/\/www.csj-emballages.com\/tienda\/"},{"@type":"ListItem","position":3,"name":"Tapa de pl\u00e1stico para Coadry20, paquete de 20"}]},{"@type":"WebSite","@id":"https:\/\/www.csj-emballages.com\/es\/#website","url":"https:\/\/www.csj-emballages.com\/es\/","name":"CSJ Emballages","description":"","publisher":{"@id":"https:\/\/www.csj-emballages.com\/es\/#organization"},"potentialAction":[{"@type":"SearchAction","target":{"@type":"EntryPoint","urlTemplate":"https:\/\/www.csj-emballages.com\/es\/?s={search_term_string}"},"query-input":{"@type":"PropertyValueSpecification","valueRequired":true,"valueName":"search_term_string"}}],"inLanguage":"es"},{"@type":"Organization","@id":"https:\/\/www.csj-emballages.com\/es\/#Organization\/","name":"CSJ Emballages","url":"https:\/\/www.csj-emballages.com\/es\/","logo":{"@type":"ImageObject","inLanguage":"es","@id":"https:\/\/www.csj-emballages.com\/es\/#\/schema\/logo\/image\/","url":"https:\/\/www.csj-emballages.com\/wp-content\/uploads\/2023\/10\/logo_csj.webp","contentUrl":"https:\/\/www.csj-emballages.com\/wp-content\/uploads\/2023\/10\/logo_csj.webp","width":250,"height":95,"caption":"CSJ Emballages"},"image":{"@id":"https:\/\/www.csj-emballages.com\/es\/#\/schema\/logo\/image\/"},"sameAs":["https:\/\/www.facebook.com\/csjemballages"],"address":{"@type":"PostalAddress","streetAddress":"ZI La Lechere","addressLocality":"Patornay","postalCode":"39130","addressCountry":"FR"},"contactPoint":[{"@type":"ContactPoint","contactType":"Service client","telephone":"0384254272","email":"contact@csj-emballages.com"}]}]}},"df_price":2.02,"df_sale_price":"","df_regular_price":2.02,"df_image_link":"https:\/\/www.csj-emballages.com\/wp-content\/uploads\/2024\/03\/COUV-COADRY-20-300x300.webp","tiered_pricing_type":"fixed","tiered_pricing_fixed_rules":[],"tiered_pricing_percentage_rules":[],"tiered_pricing_minimum":1,"tiered_pricing_roles_data":[],"_links":{"self":[{"href":"https:\/\/www.csj-emballages.com\/es\/wp-json\/wp\/v2\/product\/20347","targetHints":{"allow":["GET"]}}],"collection":[{"href":"https:\/\/www.csj-emballages.com\/es\/wp-json\/wp\/v2\/product"}],"about":[{"href":"https:\/\/www.csj-emballages.com\/es\/wp-json\/wp\/v2\/types\/product"}],"wp:featuredmedia":[{"embeddable":true,"href":"https:\/\/www.csj-emballages.com\/es\/wp-json\/wp\/v2\/media\/218698"}],"wp:attachment":[{"href":"https:\/\/www.csj-emballages.com\/es\/wp-json\/wp\/v2\/media?parent=20347"}],"wp:term":[{"taxonomy":"product_brand","embeddable":true,"href":"https:\/\/www.csj-emballages.com\/es\/wp-json\/wp\/v2\/product_brand?post=20347"},{"taxonomy":"product_cat","embeddable":true,"href":"https:\/\/www.csj-emballages.com\/es\/wp-json\/wp\/v2\/product_cat?post=20347"},{"taxonomy":"product_tag","embeddable":true,"href":"https:\/\/www.csj-emballages.com\/es\/wp-json\/wp\/v2\/product_tag?post=20347"}],"curies":[{"name":"wp","href":"https:\/\/api.w.org\/{rel}","templated":true}]}}