{"id":20343,"date":"2024-03-01T16:54:45","date_gmt":"2024-03-01T15:54:45","guid":{"rendered":"https:\/\/u15jnbdpoq.preview.infomaniak.website\/produit\/50-tapas-bajas-de-plastico-para-bandejas-biodegradables-850-ml\/"},"modified":"2026-04-16T02:12:43","modified_gmt":"2026-04-16T00:12:43","slug":"50-tapas-bajas-de-plastico-para-bandejas-biodegradables-850-ml","status":"publish","type":"product","link":"https:\/\/www.csj-emballages.com\/es\/produit\/50-tapas-bajas-de-plastico-para-bandejas-biodegradables-850-ml\/","title":{"rendered":"Tapa de pl\u00e1stico para bandeja biodegradable, paquete de 50"},"content":{"rendered":"<h2 style=\"text-align: left;\">Tapa de pl\u00e1stico<\/h2>\n<hr>\n<div style=\"text-align: left;\">\n<h3>Descripci\u00f3n de nuestra tapa de pl\u00e1stico para bandejas biodegradables, paquete de 50<\/h3>\n<p><!--more--><\/p>\n<p>Esta <strong>tapa de pl\u00e1stico<\/strong> transparente est\u00e1 especialmente dise\u00f1ada para encajar perfectamente en la <span style=\"color: #d12727;\"><a style=\"color: #d12727;\" href=\"https:\/\/www.csj-emballages.com\/es\/produit\/50-bandejas-biodegradables-con-tapas-separadas-850-ml\/\">bandeja biodegradable KP710BIO<\/a><\/span>. Proporciona un cierre herm\u00e9tico para el transporte seguro de tus alimentos, tanto calientes como fr\u00edos. Gracias a su transparencia, la <strong>tapa<\/strong> ofrece una excelente visibilidad de los alimentos, resaltando tus preparaciones al tiempo que facilita su identificaci\u00f3n. Ideal para empresas de catering, restaurantes y comida para llevar, garantiza una presentaci\u00f3n cuidada y profesional.   <\/p>\n<p>F\u00e1cil de colocar y quitar, esta <strong>tapa<\/strong> es perfectamente compatible con las <strong>bandejas<\/strong> de bagazo <strong>biodegradables<\/strong>. Es f\u00e1cil de colocar y garantiza un cierre perfecto, al tiempo que preserva la frescura y la calidad de tus platos. <\/p>\n<p>&nbsp;<\/p>\n<p><!--more--><\/p>\n<h4><strong>Una elecci\u00f3n responsable<\/strong><\/h4>\n<p>Aunque est\u00e1 hecha de pl\u00e1stico, esta <strong>tapa<\/strong> est\u00e1 dise\u00f1ada para utilizarse con <strong>bandejas biodegradables<\/strong>, ofreciendo una soluci\u00f3n pr\u00e1ctica que cumple las normas alimentarias. Combina funcionalidad y compromiso ecol\u00f3gico uniendo estos dos productos complementarios. <\/p>\n<p>En resumen, envasada en paquetes de <strong>50 unidades<\/strong>, esta <strong>tapa<\/strong> es una opci\u00f3n econ\u00f3mica y pr\u00e1ctica para tus necesidades profesionales. A\u00f1\u00e1dela ahora a tus envases para obtener una soluci\u00f3n completa y eficaz. <\/p>\n<\/div>\n<div style=\"text-align: left;\">\n<div style=\"text-align: left;\">\n<div style=\"text-align: left;\">\n<p>&nbsp;<\/p>\n<div style=\"text-align: left;\">\n<p><!--more--><\/p>\n<div style=\"text-align: left;\">\n<h4>Informaci\u00f3n adicional :<\/h4>\n<div style=\"text-align: left;\">\n<ul>\n<li><strong>Dimensiones<\/strong>: 236,6 x 131,6 cm (L x A en mm)<\/li>\n<li><strong>Envase<\/strong>: Paquete de 50<\/li>\n<li><strong>Material<\/strong>: Pl\u00e1stico<\/li>\n<\/ul>\n<p>&nbsp;<\/p>\n<\/div>\n<\/div>\n<p><!--more--><\/p>\n<div style=\"text-align: left;\">\n<div style=\"text-align: left;\">\n<p>Encuentra aqu\u00ed la bandeja compatible con esta tapa: <span style=\"color: #d12727;\"><a style=\"color: #d12727;\" href=\"https:\/\/www.csj-emballages.com\/es\/produit\/50-bandejas-biodegradables-con-tapas-separadas-850-ml\/\">KP710BIO<\/a><\/span><\/p>\n<p>&nbsp;<\/p>\n<\/div>\n<\/div>\n<\/div>\n<\/div>\n<\/div>\n<\/div>\n<p><!--more--><\/p>\n<p><a href=\"https:\/\/www.csj-emballages.com\/es\/categorie-produit\/envasado-de-alimentos\/carniceria-y-charcuteria\/bandejas-latas-y-tarros\/bandejas-latas-tarros-de-comida\/bandejas-biodegradables\/\"><span style=\"font-style: italic; text-decoration: underline;\">Descubre el resto de nuestras bandejas biodegradables<\/span><\/a><\/p>\n","protected":false},"excerpt":{"rendered":"<p>Tapa de pl\u00e1stico Descripci\u00f3n de nuestra tapa de pl\u00e1stico para bandejas biodegradables, paquete de 50<\/p>\n","protected":false},"featured_media":239756,"template":"","meta":{"_acf_changed":false},"product_brand":[],"product_cat":[1143,1491,2477,1163,2478],"product_tag":[],"class_list":{"0":"post-20343","1":"product","2":"type-product","3":"status-publish","4":"has-post-thumbnail","6":"product_cat-carniceria-y-charcuteria","7":"product_cat-bandejas-latas-tarros-de-comida","8":"product_cat-bandejas-biodegradables","9":"product_cat-gama-ecologica","10":"product_cat-bandejas-ecologicas-es","12":"first","13":"instock","14":"taxable","15":"shipping-taxable","16":"purchasable","17":"product-type-simple"},"acf":[],"yoast_head":"<!-- This site is optimized with the Yoast SEO Premium plugin v26.6 (Yoast SEO v26.6) - https:\/\/yoast.com\/wordpress\/plugins\/seo\/ -->\n<title>Tapa de pl\u00e1stico para bandeja biodegradable KP710BIO<\/title>\n<meta name=\"description\" content=\"Tapa de pl\u00e1stico transparente para bandeja biodegradable KP710BIO. Herm\u00e9tico, pr\u00e1ctico y econ\u00f3mico, ideal para transportar.\" \/>\n<meta name=\"robots\" content=\"index, follow, max-snippet:-1, max-image-preview:large, max-video-preview:-1\" \/>\n<link rel=\"canonical\" href=\"https:\/\/www.csj-emballages.com\/es\/produit\/50-tapas-bajas-de-plastico-para-bandejas-biodegradables-850-ml\/\" \/>\n<meta property=\"og:locale\" content=\"es_ES\" \/>\n<meta property=\"og:type\" content=\"article\" \/>\n<meta property=\"og:title\" content=\"Tapa de pl\u00e1stico para bandeja biodegradable, paquete de 50\" \/>\n<meta property=\"og:description\" content=\"Tapa de pl\u00e1stico transparente para bandeja biodegradable KP710BIO. Herm\u00e9tico, pr\u00e1ctico y econ\u00f3mico, ideal para transportar.\" \/>\n<meta property=\"og:url\" content=\"https:\/\/www.csj-emballages.com\/es\/produit\/50-tapas-bajas-de-plastico-para-bandejas-biodegradables-850-ml\/\" \/>\n<meta property=\"og:site_name\" content=\"CSJ Emballages\" \/>\n<meta property=\"article:publisher\" content=\"https:\/\/www.facebook.com\/csjemballages\" \/>\n<meta property=\"article:modified_time\" content=\"2026-04-16T00:12:43+00:00\" \/>\n<meta property=\"og:image\" content=\"https:\/\/www.csj-emballages.com\/wp-content\/uploads\/2024\/03\/COUVKP710BIO.webp\" \/>\n\t<meta property=\"og:image:width\" content=\"800\" \/>\n\t<meta property=\"og:image:height\" content=\"800\" \/>\n\t<meta property=\"og:image:type\" content=\"image\/webp\" \/>\n<meta name=\"twitter:card\" content=\"summary_large_image\" \/>\n<meta name=\"twitter:label1\" content=\"Tiempo de lectura\" \/>\n\t<meta name=\"twitter:data1\" content=\"1 minuto\" \/>\n<script type=\"application\/ld+json\" class=\"yoast-schema-graph\">{\"@context\":\"https:\/\/schema.org\",\"@graph\":[{\"@type\":\"WebPage\",\"@id\":\"https:\/\/www.csj-emballages.com\/es\/produit\/50-tapas-bajas-de-plastico-para-bandejas-biodegradables-850-ml\/\",\"url\":\"https:\/\/www.csj-emballages.com\/es\/produit\/50-tapas-bajas-de-plastico-para-bandejas-biodegradables-850-ml\/\",\"name\":\"Tapa de pl\u00e1stico para bandeja biodegradable KP710BIO\",\"isPartOf\":{\"@id\":\"https:\/\/www.csj-emballages.com\/es\/#website\"},\"primaryImageOfPage\":{\"@id\":\"https:\/\/www.csj-emballages.com\/es\/produit\/50-tapas-bajas-de-plastico-para-bandejas-biodegradables-850-ml\/#primaryimage\"},\"image\":{\"@id\":\"https:\/\/www.csj-emballages.com\/es\/produit\/50-tapas-bajas-de-plastico-para-bandejas-biodegradables-850-ml\/#primaryimage\"},\"thumbnailUrl\":\"https:\/\/www.csj-emballages.com\/wp-content\/uploads\/2024\/03\/COUVKP710BIO.webp\",\"datePublished\":\"2024-03-01T15:54:45+00:00\",\"dateModified\":\"2026-04-16T00:12:43+00:00\",\"description\":\"Tapa de pl\u00e1stico transparente para bandeja biodegradable KP710BIO. Herm\u00e9tico, pr\u00e1ctico y econ\u00f3mico, ideal para transportar.\",\"breadcrumb\":{\"@id\":\"https:\/\/www.csj-emballages.com\/es\/produit\/50-tapas-bajas-de-plastico-para-bandejas-biodegradables-850-ml\/#breadcrumb\"},\"inLanguage\":\"es\",\"potentialAction\":[{\"@type\":\"ReadAction\",\"target\":[\"https:\/\/www.csj-emballages.com\/es\/produit\/50-tapas-bajas-de-plastico-para-bandejas-biodegradables-850-ml\/\"]}]},{\"@type\":\"ImageObject\",\"inLanguage\":\"es\",\"@id\":\"https:\/\/www.csj-emballages.com\/es\/produit\/50-tapas-bajas-de-plastico-para-bandejas-biodegradables-850-ml\/#primaryimage\",\"url\":\"https:\/\/www.csj-emballages.com\/wp-content\/uploads\/2024\/03\/COUVKP710BIO.webp\",\"contentUrl\":\"https:\/\/www.csj-emballages.com\/wp-content\/uploads\/2024\/03\/COUVKP710BIO.webp\",\"width\":800,\"height\":800,\"caption\":\"Couvercle plastique\"},{\"@type\":\"BreadcrumbList\",\"@id\":\"https:\/\/www.csj-emballages.com\/es\/produit\/50-tapas-bajas-de-plastico-para-bandejas-biodegradables-850-ml\/#breadcrumb\",\"itemListElement\":[{\"@type\":\"ListItem\",\"position\":1,\"name\":\"Accueil\",\"item\":\"https:\/\/www.csj-emballages.com\/es\/universo-del-envasado-alimentario\/\"},{\"@type\":\"ListItem\",\"position\":2,\"name\":\"Tienda\",\"item\":\"https:\/\/www.csj-emballages.com\/tienda\/\"},{\"@type\":\"ListItem\",\"position\":3,\"name\":\"Tapa de pl\u00e1stico para bandeja biodegradable, paquete de 50\"}]},{\"@type\":\"WebSite\",\"@id\":\"https:\/\/www.csj-emballages.com\/es\/#website\",\"url\":\"https:\/\/www.csj-emballages.com\/es\/\",\"name\":\"CSJ Emballages\",\"description\":\"\",\"publisher\":{\"@id\":\"https:\/\/www.csj-emballages.com\/es\/#organization\"},\"potentialAction\":[{\"@type\":\"SearchAction\",\"target\":{\"@type\":\"EntryPoint\",\"urlTemplate\":\"https:\/\/www.csj-emballages.com\/es\/?s={search_term_string}\"},\"query-input\":{\"@type\":\"PropertyValueSpecification\",\"valueRequired\":true,\"valueName\":\"search_term_string\"}}],\"inLanguage\":\"es\"},{\"@type\":\"Organization\",\"@id\":\"https:\/\/www.csj-emballages.com\/es\/#Organization\/\",\"name\":\"CSJ Emballages\",\"url\":\"https:\/\/www.csj-emballages.com\/es\/\",\"logo\":{\"@type\":\"ImageObject\",\"inLanguage\":\"es\",\"@id\":\"https:\/\/www.csj-emballages.com\/es\/#\/schema\/logo\/image\/\",\"url\":\"https:\/\/www.csj-emballages.com\/wp-content\/uploads\/2023\/10\/logo_csj.webp\",\"contentUrl\":\"https:\/\/www.csj-emballages.com\/wp-content\/uploads\/2023\/10\/logo_csj.webp\",\"width\":250,\"height\":95,\"caption\":\"CSJ Emballages\"},\"image\":{\"@id\":\"https:\/\/www.csj-emballages.com\/es\/#\/schema\/logo\/image\/\"},\"sameAs\":[\"https:\/\/www.facebook.com\/csjemballages\"],\"address\":{\"@type\":\"PostalAddress\",\"streetAddress\":\"ZI La Lechere\",\"addressLocality\":\"Patornay\",\"postalCode\":\"39130\",\"addressCountry\":\"FR\"},\"contactPoint\":[{\"@type\":\"ContactPoint\",\"contactType\":\"Service client\",\"telephone\":\"0384254272\",\"email\":\"contact@csj-emballages.com\"}]}]}<\/script>\n<!-- \/ Yoast SEO Premium plugin. -->","yoast_head_json":{"title":"Tapa de pl\u00e1stico para bandeja biodegradable KP710BIO","description":"Tapa de pl\u00e1stico transparente para bandeja biodegradable KP710BIO. Herm\u00e9tico, pr\u00e1ctico y econ\u00f3mico, ideal para transportar.","robots":{"index":"index","follow":"follow","max-snippet":"max-snippet:-1","max-image-preview":"max-image-preview:large","max-video-preview":"max-video-preview:-1"},"canonical":"https:\/\/www.csj-emballages.com\/es\/produit\/50-tapas-bajas-de-plastico-para-bandejas-biodegradables-850-ml\/","og_locale":"es_ES","og_type":"article","og_title":"Tapa de pl\u00e1stico para bandeja biodegradable, paquete de 50","og_description":"Tapa de pl\u00e1stico transparente para bandeja biodegradable KP710BIO. Herm\u00e9tico, pr\u00e1ctico y econ\u00f3mico, ideal para transportar.","og_url":"https:\/\/www.csj-emballages.com\/es\/produit\/50-tapas-bajas-de-plastico-para-bandejas-biodegradables-850-ml\/","og_site_name":"CSJ Emballages","article_publisher":"https:\/\/www.facebook.com\/csjemballages","article_modified_time":"2026-04-16T00:12:43+00:00","og_image":[{"width":800,"height":800,"url":"https:\/\/www.csj-emballages.com\/wp-content\/uploads\/2024\/03\/COUVKP710BIO.webp","type":"image\/webp"}],"twitter_card":"summary_large_image","twitter_misc":{"Tiempo de lectura":"1 minuto"},"schema":{"@context":"https:\/\/schema.org","@graph":[{"@type":"WebPage","@id":"https:\/\/www.csj-emballages.com\/es\/produit\/50-tapas-bajas-de-plastico-para-bandejas-biodegradables-850-ml\/","url":"https:\/\/www.csj-emballages.com\/es\/produit\/50-tapas-bajas-de-plastico-para-bandejas-biodegradables-850-ml\/","name":"Tapa de pl\u00e1stico para bandeja biodegradable KP710BIO","isPartOf":{"@id":"https:\/\/www.csj-emballages.com\/es\/#website"},"primaryImageOfPage":{"@id":"https:\/\/www.csj-emballages.com\/es\/produit\/50-tapas-bajas-de-plastico-para-bandejas-biodegradables-850-ml\/#primaryimage"},"image":{"@id":"https:\/\/www.csj-emballages.com\/es\/produit\/50-tapas-bajas-de-plastico-para-bandejas-biodegradables-850-ml\/#primaryimage"},"thumbnailUrl":"https:\/\/www.csj-emballages.com\/wp-content\/uploads\/2024\/03\/COUVKP710BIO.webp","datePublished":"2024-03-01T15:54:45+00:00","dateModified":"2026-04-16T00:12:43+00:00","description":"Tapa de pl\u00e1stico transparente para bandeja biodegradable KP710BIO. Herm\u00e9tico, pr\u00e1ctico y econ\u00f3mico, ideal para transportar.","breadcrumb":{"@id":"https:\/\/www.csj-emballages.com\/es\/produit\/50-tapas-bajas-de-plastico-para-bandejas-biodegradables-850-ml\/#breadcrumb"},"inLanguage":"es","potentialAction":[{"@type":"ReadAction","target":["https:\/\/www.csj-emballages.com\/es\/produit\/50-tapas-bajas-de-plastico-para-bandejas-biodegradables-850-ml\/"]}]},{"@type":"ImageObject","inLanguage":"es","@id":"https:\/\/www.csj-emballages.com\/es\/produit\/50-tapas-bajas-de-plastico-para-bandejas-biodegradables-850-ml\/#primaryimage","url":"https:\/\/www.csj-emballages.com\/wp-content\/uploads\/2024\/03\/COUVKP710BIO.webp","contentUrl":"https:\/\/www.csj-emballages.com\/wp-content\/uploads\/2024\/03\/COUVKP710BIO.webp","width":800,"height":800,"caption":"Couvercle plastique"},{"@type":"BreadcrumbList","@id":"https:\/\/www.csj-emballages.com\/es\/produit\/50-tapas-bajas-de-plastico-para-bandejas-biodegradables-850-ml\/#breadcrumb","itemListElement":[{"@type":"ListItem","position":1,"name":"Accueil","item":"https:\/\/www.csj-emballages.com\/es\/universo-del-envasado-alimentario\/"},{"@type":"ListItem","position":2,"name":"Tienda","item":"https:\/\/www.csj-emballages.com\/tienda\/"},{"@type":"ListItem","position":3,"name":"Tapa de pl\u00e1stico para bandeja biodegradable, paquete de 50"}]},{"@type":"WebSite","@id":"https:\/\/www.csj-emballages.com\/es\/#website","url":"https:\/\/www.csj-emballages.com\/es\/","name":"CSJ Emballages","description":"","publisher":{"@id":"https:\/\/www.csj-emballages.com\/es\/#organization"},"potentialAction":[{"@type":"SearchAction","target":{"@type":"EntryPoint","urlTemplate":"https:\/\/www.csj-emballages.com\/es\/?s={search_term_string}"},"query-input":{"@type":"PropertyValueSpecification","valueRequired":true,"valueName":"search_term_string"}}],"inLanguage":"es"},{"@type":"Organization","@id":"https:\/\/www.csj-emballages.com\/es\/#Organization\/","name":"CSJ Emballages","url":"https:\/\/www.csj-emballages.com\/es\/","logo":{"@type":"ImageObject","inLanguage":"es","@id":"https:\/\/www.csj-emballages.com\/es\/#\/schema\/logo\/image\/","url":"https:\/\/www.csj-emballages.com\/wp-content\/uploads\/2023\/10\/logo_csj.webp","contentUrl":"https:\/\/www.csj-emballages.com\/wp-content\/uploads\/2023\/10\/logo_csj.webp","width":250,"height":95,"caption":"CSJ Emballages"},"image":{"@id":"https:\/\/www.csj-emballages.com\/es\/#\/schema\/logo\/image\/"},"sameAs":["https:\/\/www.facebook.com\/csjemballages"],"address":{"@type":"PostalAddress","streetAddress":"ZI La Lechere","addressLocality":"Patornay","postalCode":"39130","addressCountry":"FR"},"contactPoint":[{"@type":"ContactPoint","contactType":"Service client","telephone":"0384254272","email":"contact@csj-emballages.com"}]}]}},"df_price":11.3,"df_sale_price":"","df_regular_price":11.3,"df_image_link":"https:\/\/www.csj-emballages.com\/wp-content\/uploads\/2024\/03\/COUVKP710BIO-300x300.webp","tiered_pricing_type":"fixed","tiered_pricing_fixed_rules":[],"tiered_pricing_percentage_rules":[],"tiered_pricing_minimum":1,"tiered_pricing_roles_data":[],"_links":{"self":[{"href":"https:\/\/www.csj-emballages.com\/es\/wp-json\/wp\/v2\/product\/20343","targetHints":{"allow":["GET"]}}],"collection":[{"href":"https:\/\/www.csj-emballages.com\/es\/wp-json\/wp\/v2\/product"}],"about":[{"href":"https:\/\/www.csj-emballages.com\/es\/wp-json\/wp\/v2\/types\/product"}],"wp:featuredmedia":[{"embeddable":true,"href":"https:\/\/www.csj-emballages.com\/es\/wp-json\/wp\/v2\/media\/239756"}],"wp:attachment":[{"href":"https:\/\/www.csj-emballages.com\/es\/wp-json\/wp\/v2\/media?parent=20343"}],"wp:term":[{"taxonomy":"product_brand","embeddable":true,"href":"https:\/\/www.csj-emballages.com\/es\/wp-json\/wp\/v2\/product_brand?post=20343"},{"taxonomy":"product_cat","embeddable":true,"href":"https:\/\/www.csj-emballages.com\/es\/wp-json\/wp\/v2\/product_cat?post=20343"},{"taxonomy":"product_tag","embeddable":true,"href":"https:\/\/www.csj-emballages.com\/es\/wp-json\/wp\/v2\/product_tag?post=20343"}],"curies":[{"name":"wp","href":"https:\/\/api.w.org\/{rel}","templated":true}]}}