{"id":20326,"date":"2024-03-01T16:54:43","date_gmt":"2024-03-01T15:54:43","guid":{"rendered":"https:\/\/u15jnbdpoq.preview.infomaniak.website\/produit\/50-tapas-planas-de-postre-sd5-sd8-ts5-tp9-tp5\/"},"modified":"2026-05-06T16:01:06","modified_gmt":"2026-05-06T14:01:06","slug":"50-tapas-planas-de-postre-sd5-sd8-ts5-tp9-tp5","status":"publish","type":"product","link":"https:\/\/www.csj-emballages.com\/es\/produit\/50-tapas-planas-de-postre-sd5-sd8-ts5-tp9-tp5\/","title":{"rendered":"Tapa de pl\u00e1stico para bol de postre SD8 \/ TP9 50 uds."},"content":{"rendered":"<h2>Tapa de pl\u00e1stico<\/h2>\n<hr>\n<h3>Descripci\u00f3n de nuestra tapa de pl\u00e1stico para recipiente de postre SD8 \/ TP9, paquete de 50<\/h3>\n<p><!--more--><\/p>\n<p data-start=\"239\" data-end=\"580\">La <strong>tapa de pl\u00e1stico para copa de postre <span style=\"color: #d12727;\"><a style=\"color: #d12727;\" href=\"https:\/\/www.csj-emballages.com\/es\/produit\/50-vasos-de-postre-de-plastico-cristal-desechables-236-ml\/\">SD8<\/a><\/span> \/ <span style=\"color: #d12727;\"><a style=\"color: #d12727;\" href=\"https:\/\/www.csj-emballages.com\/es\/produit\/50-tarrinas-de-plastico-cristal-desechables-para-helado-270-ml\/\">TP9<\/a><\/span><\/strong> est\u00e1 especialmente dise\u00f1ada para garantizar un cierre pr\u00e1ctico y seguro de sus copas de postre compatibles. Ideal para profesionales de la pasteler\u00eda, el catering, las panader\u00edas y la comida para llevar, protege eficazmente sus elaboraciones a la vez que las realza. <\/p>\n<p data-start=\"582\" data-end=\"871\">Fabricada en pl\u00e1stico transparente apto para uso alimentario, esta <strong>tapa<\/strong> ofrece una excelente visibilidad del contenido. Adem\u00e1s, permite presentar <strong>mousses, tiramis\u00fas, ensaladas de frutas, cremas de postre o verrines<\/strong> mientras las protege de contaminaciones externas y del riesgo de derrames. <\/p>\n<p data-start=\"873\" data-end=\"1136\">Asimismo, su dise\u00f1o garantiza un ajuste preciso en las <strong>copas <span style=\"color: #d12727;\"><a style=\"color: #d12727;\" href=\"https:\/\/www.csj-emballages.com\/es\/produit\/50-vasos-de-postre-de-plastico-cristal-desechables-236-ml\/\">SD8<\/a><\/span> y <span style=\"color: #d12727;\"><a style=\"color: #d12727;\" href=\"https:\/\/www.csj-emballages.com\/es\/produit\/50-tarrinas-de-plastico-cristal-desechables-para-helado-270-ml\/\">TP9<\/a><\/span><\/strong>, asegurando una buena sujeci\u00f3n durante el transporte o el almacenamiento en vitrina refrigerada. F\u00e1cil de encajar a presi\u00f3n y de retirar, simplifica el trabajo en el obrador y optimiza el servicio en el punto de venta. <\/p>\n<p data-start=\"1138\" data-end=\"1310\">Envasada en lote de <strong>50 unidades<\/strong>, esta <strong>tapa<\/strong> es una soluci\u00f3n pr\u00e1ctica y econ\u00f3mica para profesionales que buscan fiabilidad, higiene y una presentaci\u00f3n cuidada.<\/p>\n<p data-start=\"1138\" data-end=\"1310\">\n<p data-start=\"1138\" data-end=\"1310\"><!--more--><\/p>\n<h4 data-start=\"1138\" data-end=\"1310\">Ventajas :<\/h4>\n<ul>\n<li data-start=\"1348\" data-end=\"1387\">Compatible con las copas <strong><span style=\"color: #d12727;\"><a style=\"color: #d12727;\" href=\"https:\/\/www.csj-emballages.com\/es\/produit\/50-vasos-de-postre-de-plastico-cristal-desechables-236-ml\/\">SD8<\/a><\/span><\/strong> y <strong><span style=\"color: #d12727;\"><a style=\"color: #d12727;\" href=\"https:\/\/www.csj-emballages.com\/es\/produit\/50-tarrinas-de-plastico-cristal-desechables-para-helado-270-ml\/\">TP9<\/a><\/span><\/strong>.<\/li>\n<li data-start=\"1390\" data-end=\"1441\">Pl\u00e1stico transparente apto para el contacto alimentario.<\/li>\n<li data-start=\"1483\" data-end=\"1523\">Protege los postres durante el transporte.<\/li>\n<li data-start=\"1565\" data-end=\"1598\">Apta para vitrinas refrigeradas.<\/li>\n<li data-start=\"1601\" data-end=\"1634\">F\u00e1cil de encajar a presi\u00f3n y de manipular.<\/li>\n<li data-start=\"1637\" data-end=\"1681\">Acondicionamiento pr\u00e1ctico por <strong>50 tapas<\/strong>.<\/li>\n<\/ul>\n<p data-start=\"1138\" data-end=\"1310\">\n<p><!--more--><\/p>\n<h4>Informaci\u00f3n adicional :<\/h4>\n<ul>\n<li><strong>Dimensiones<\/strong>: 95 x 10 (\u00d8 x A en mm).<\/li>\n<li><strong>Envases<\/strong>: Paquetes de 50<\/li>\n<li><strong>Material<\/strong>: PET<\/li>\n<\/ul>\n<p>&nbsp;<\/p>\n<p><!--more--><\/p>\n<p>Encuentre aqu\u00ed las copas de postre, vendidas por separado, compatibles con este producto: <span style=\"color: #d12727;\"><a style=\"color: #d12727;\" href=\"https:\/\/www.csj-emballages.com\/es\/produit\/50-vasos-de-postre-de-plastico-cristal-desechables-236-ml\/\">SD8<\/a><\/span> \/ <span style=\"color: #d12727;\"><a style=\"color: #d12727;\" href=\"https:\/\/www.csj-emballages.com\/produit\/coupe-a-dessert-plastique-270-ml-par-50\/\">TP9<\/a><\/span><\/p>\n<p>&nbsp;<\/p>\n<p><!--more--><\/p>\n<p><a href=\"https:\/\/www.csj-emballages.com\/es\/categorie-produit\/envasado-de-alimentos\/carniceria-y-charcuteria\/tazas-tarros-vasos\/tazas-de-postre\/\">Descubre el resto de nuestra gama de cuencos de postre<\/a><\/p>\n","protected":false},"excerpt":{"rendered":"<p>Tapa de pl\u00e1stico Descripci\u00f3n de nuestra tapa de pl\u00e1stico para recipiente de postre SD8 \/ TP9, paquete de 50<\/p>\n","protected":false},"featured_media":218553,"template":"","meta":{"_acf_changed":false},"product_brand":[],"product_cat":[1150,1143,1324,1458],"product_tag":[],"class_list":{"0":"post-20326","1":"product","2":"type-product","3":"status-publish","4":"has-post-thumbnail","6":"product_cat-envasado-de-alimentos","7":"product_cat-carniceria-y-charcuteria","8":"product_cat-tazas-tarros-vasos","9":"product_cat-tazas-de-postre","11":"first","12":"instock","13":"taxable","14":"shipping-taxable","15":"purchasable","16":"product-type-simple"},"acf":[],"yoast_head":"<!-- This site is optimized with the Yoast SEO Premium plugin v26.6 (Yoast SEO v26.6) - https:\/\/yoast.com\/wordpress\/plugins\/seo\/ -->\n<title>Tapa de pl\u00e1stico para vaso de postre SD8 \/ TP9<\/title>\n<meta name=\"description\" content=\"Tapa de pl\u00e1stico para bol de postres SD8 \/ TP9, que ofrece un cierre herm\u00e9tico para proteger y transportar tus postres con total seguridad.\" \/>\n<meta name=\"robots\" content=\"index, follow, max-snippet:-1, max-image-preview:large, max-video-preview:-1\" \/>\n<link rel=\"canonical\" href=\"https:\/\/www.csj-emballages.com\/es\/produit\/50-tapas-planas-de-postre-sd5-sd8-ts5-tp9-tp5\/\" \/>\n<meta property=\"og:locale\" content=\"es_ES\" \/>\n<meta property=\"og:type\" content=\"article\" \/>\n<meta property=\"og:title\" content=\"Tapa de pl\u00e1stico para bol de postre SD8 \/ TP9 50 uds.\" \/>\n<meta property=\"og:description\" content=\"Tapa de pl\u00e1stico para bol de postres SD8 \/ TP9, que ofrece un cierre herm\u00e9tico para proteger y transportar tus postres con total seguridad.\" \/>\n<meta property=\"og:url\" content=\"https:\/\/www.csj-emballages.com\/es\/produit\/50-tapas-planas-de-postre-sd5-sd8-ts5-tp9-tp5\/\" \/>\n<meta property=\"og:site_name\" content=\"CSJ Emballages\" \/>\n<meta property=\"article:publisher\" content=\"https:\/\/www.facebook.com\/csjemballages\" \/>\n<meta property=\"article:modified_time\" content=\"2026-05-06T14:01:06+00:00\" \/>\n<meta property=\"og:image\" content=\"https:\/\/www.csj-emballages.com\/wp-content\/uploads\/2024\/03\/COUVSD8TP9.webp\" \/>\n\t<meta property=\"og:image:width\" content=\"800\" \/>\n\t<meta property=\"og:image:height\" content=\"800\" \/>\n\t<meta property=\"og:image:type\" content=\"image\/webp\" \/>\n<meta name=\"twitter:card\" content=\"summary_large_image\" \/>\n<meta name=\"twitter:label1\" content=\"Tiempo de lectura\" \/>\n\t<meta name=\"twitter:data1\" content=\"1 minuto\" \/>\n<script type=\"application\/ld+json\" class=\"yoast-schema-graph\">{\"@context\":\"https:\/\/schema.org\",\"@graph\":[{\"@type\":\"WebPage\",\"@id\":\"https:\/\/www.csj-emballages.com\/es\/produit\/50-tapas-planas-de-postre-sd5-sd8-ts5-tp9-tp5\/\",\"url\":\"https:\/\/www.csj-emballages.com\/es\/produit\/50-tapas-planas-de-postre-sd5-sd8-ts5-tp9-tp5\/\",\"name\":\"Tapa de pl\u00e1stico para vaso de postre SD8 \/ TP9\",\"isPartOf\":{\"@id\":\"https:\/\/www.csj-emballages.com\/es\/#website\"},\"primaryImageOfPage\":{\"@id\":\"https:\/\/www.csj-emballages.com\/es\/produit\/50-tapas-planas-de-postre-sd5-sd8-ts5-tp9-tp5\/#primaryimage\"},\"image\":{\"@id\":\"https:\/\/www.csj-emballages.com\/es\/produit\/50-tapas-planas-de-postre-sd5-sd8-ts5-tp9-tp5\/#primaryimage\"},\"thumbnailUrl\":\"https:\/\/www.csj-emballages.com\/wp-content\/uploads\/2024\/03\/COUVSD8TP9.webp\",\"datePublished\":\"2024-03-01T15:54:43+00:00\",\"dateModified\":\"2026-05-06T14:01:06+00:00\",\"description\":\"Tapa de pl\u00e1stico para bol de postres SD8 \/ TP9, que ofrece un cierre herm\u00e9tico para proteger y transportar tus postres con total seguridad.\",\"breadcrumb\":{\"@id\":\"https:\/\/www.csj-emballages.com\/es\/produit\/50-tapas-planas-de-postre-sd5-sd8-ts5-tp9-tp5\/#breadcrumb\"},\"inLanguage\":\"es\",\"potentialAction\":[{\"@type\":\"ReadAction\",\"target\":[\"https:\/\/www.csj-emballages.com\/es\/produit\/50-tapas-planas-de-postre-sd5-sd8-ts5-tp9-tp5\/\"]}]},{\"@type\":\"ImageObject\",\"inLanguage\":\"es\",\"@id\":\"https:\/\/www.csj-emballages.com\/es\/produit\/50-tapas-planas-de-postre-sd5-sd8-ts5-tp9-tp5\/#primaryimage\",\"url\":\"https:\/\/www.csj-emballages.com\/wp-content\/uploads\/2024\/03\/COUVSD8TP9.webp\",\"contentUrl\":\"https:\/\/www.csj-emballages.com\/wp-content\/uploads\/2024\/03\/COUVSD8TP9.webp\",\"width\":800,\"height\":800,\"caption\":\"Couvercle plastique\"},{\"@type\":\"BreadcrumbList\",\"@id\":\"https:\/\/www.csj-emballages.com\/es\/produit\/50-tapas-planas-de-postre-sd5-sd8-ts5-tp9-tp5\/#breadcrumb\",\"itemListElement\":[{\"@type\":\"ListItem\",\"position\":1,\"name\":\"Accueil\",\"item\":\"https:\/\/www.csj-emballages.com\/es\/universo-del-envasado-alimentario\/\"},{\"@type\":\"ListItem\",\"position\":2,\"name\":\"Tienda\",\"item\":\"https:\/\/www.csj-emballages.com\/tienda\/\"},{\"@type\":\"ListItem\",\"position\":3,\"name\":\"Tapa de pl\u00e1stico para bol de postre SD8 \/ TP9 50 uds.\"}]},{\"@type\":\"WebSite\",\"@id\":\"https:\/\/www.csj-emballages.com\/es\/#website\",\"url\":\"https:\/\/www.csj-emballages.com\/es\/\",\"name\":\"CSJ Emballages\",\"description\":\"\",\"publisher\":{\"@id\":\"https:\/\/www.csj-emballages.com\/es\/#organization\"},\"potentialAction\":[{\"@type\":\"SearchAction\",\"target\":{\"@type\":\"EntryPoint\",\"urlTemplate\":\"https:\/\/www.csj-emballages.com\/es\/?s={search_term_string}\"},\"query-input\":{\"@type\":\"PropertyValueSpecification\",\"valueRequired\":true,\"valueName\":\"search_term_string\"}}],\"inLanguage\":\"es\"},{\"@type\":\"Organization\",\"@id\":\"https:\/\/www.csj-emballages.com\/es\/#Organization\/\",\"name\":\"CSJ Emballages\",\"url\":\"https:\/\/www.csj-emballages.com\/es\/\",\"logo\":{\"@type\":\"ImageObject\",\"inLanguage\":\"es\",\"@id\":\"https:\/\/www.csj-emballages.com\/es\/#\/schema\/logo\/image\/\",\"url\":\"https:\/\/www.csj-emballages.com\/wp-content\/uploads\/2023\/10\/logo_csj.webp\",\"contentUrl\":\"https:\/\/www.csj-emballages.com\/wp-content\/uploads\/2023\/10\/logo_csj.webp\",\"width\":250,\"height\":95,\"caption\":\"CSJ Emballages\"},\"image\":{\"@id\":\"https:\/\/www.csj-emballages.com\/es\/#\/schema\/logo\/image\/\"},\"sameAs\":[\"https:\/\/www.facebook.com\/csjemballages\"],\"address\":{\"@type\":\"PostalAddress\",\"streetAddress\":\"ZI La Lechere\",\"addressLocality\":\"Patornay\",\"postalCode\":\"39130\",\"addressCountry\":\"FR\"},\"contactPoint\":[{\"@type\":\"ContactPoint\",\"contactType\":\"Service client\",\"telephone\":\"0384254272\",\"email\":\"contact@csj-emballages.com\"}]}]}<\/script>\n<!-- \/ Yoast SEO Premium plugin. -->","yoast_head_json":{"title":"Tapa de pl\u00e1stico para vaso de postre SD8 \/ TP9","description":"Tapa de pl\u00e1stico para bol de postres SD8 \/ TP9, que ofrece un cierre herm\u00e9tico para proteger y transportar tus postres con total seguridad.","robots":{"index":"index","follow":"follow","max-snippet":"max-snippet:-1","max-image-preview":"max-image-preview:large","max-video-preview":"max-video-preview:-1"},"canonical":"https:\/\/www.csj-emballages.com\/es\/produit\/50-tapas-planas-de-postre-sd5-sd8-ts5-tp9-tp5\/","og_locale":"es_ES","og_type":"article","og_title":"Tapa de pl\u00e1stico para bol de postre SD8 \/ TP9 50 uds.","og_description":"Tapa de pl\u00e1stico para bol de postres SD8 \/ TP9, que ofrece un cierre herm\u00e9tico para proteger y transportar tus postres con total seguridad.","og_url":"https:\/\/www.csj-emballages.com\/es\/produit\/50-tapas-planas-de-postre-sd5-sd8-ts5-tp9-tp5\/","og_site_name":"CSJ Emballages","article_publisher":"https:\/\/www.facebook.com\/csjemballages","article_modified_time":"2026-05-06T14:01:06+00:00","og_image":[{"width":800,"height":800,"url":"https:\/\/www.csj-emballages.com\/wp-content\/uploads\/2024\/03\/COUVSD8TP9.webp","type":"image\/webp"}],"twitter_card":"summary_large_image","twitter_misc":{"Tiempo de lectura":"1 minuto"},"schema":{"@context":"https:\/\/schema.org","@graph":[{"@type":"WebPage","@id":"https:\/\/www.csj-emballages.com\/es\/produit\/50-tapas-planas-de-postre-sd5-sd8-ts5-tp9-tp5\/","url":"https:\/\/www.csj-emballages.com\/es\/produit\/50-tapas-planas-de-postre-sd5-sd8-ts5-tp9-tp5\/","name":"Tapa de pl\u00e1stico para vaso de postre SD8 \/ TP9","isPartOf":{"@id":"https:\/\/www.csj-emballages.com\/es\/#website"},"primaryImageOfPage":{"@id":"https:\/\/www.csj-emballages.com\/es\/produit\/50-tapas-planas-de-postre-sd5-sd8-ts5-tp9-tp5\/#primaryimage"},"image":{"@id":"https:\/\/www.csj-emballages.com\/es\/produit\/50-tapas-planas-de-postre-sd5-sd8-ts5-tp9-tp5\/#primaryimage"},"thumbnailUrl":"https:\/\/www.csj-emballages.com\/wp-content\/uploads\/2024\/03\/COUVSD8TP9.webp","datePublished":"2024-03-01T15:54:43+00:00","dateModified":"2026-05-06T14:01:06+00:00","description":"Tapa de pl\u00e1stico para bol de postres SD8 \/ TP9, que ofrece un cierre herm\u00e9tico para proteger y transportar tus postres con total seguridad.","breadcrumb":{"@id":"https:\/\/www.csj-emballages.com\/es\/produit\/50-tapas-planas-de-postre-sd5-sd8-ts5-tp9-tp5\/#breadcrumb"},"inLanguage":"es","potentialAction":[{"@type":"ReadAction","target":["https:\/\/www.csj-emballages.com\/es\/produit\/50-tapas-planas-de-postre-sd5-sd8-ts5-tp9-tp5\/"]}]},{"@type":"ImageObject","inLanguage":"es","@id":"https:\/\/www.csj-emballages.com\/es\/produit\/50-tapas-planas-de-postre-sd5-sd8-ts5-tp9-tp5\/#primaryimage","url":"https:\/\/www.csj-emballages.com\/wp-content\/uploads\/2024\/03\/COUVSD8TP9.webp","contentUrl":"https:\/\/www.csj-emballages.com\/wp-content\/uploads\/2024\/03\/COUVSD8TP9.webp","width":800,"height":800,"caption":"Couvercle plastique"},{"@type":"BreadcrumbList","@id":"https:\/\/www.csj-emballages.com\/es\/produit\/50-tapas-planas-de-postre-sd5-sd8-ts5-tp9-tp5\/#breadcrumb","itemListElement":[{"@type":"ListItem","position":1,"name":"Accueil","item":"https:\/\/www.csj-emballages.com\/es\/universo-del-envasado-alimentario\/"},{"@type":"ListItem","position":2,"name":"Tienda","item":"https:\/\/www.csj-emballages.com\/tienda\/"},{"@type":"ListItem","position":3,"name":"Tapa de pl\u00e1stico para bol de postre SD8 \/ TP9 50 uds."}]},{"@type":"WebSite","@id":"https:\/\/www.csj-emballages.com\/es\/#website","url":"https:\/\/www.csj-emballages.com\/es\/","name":"CSJ Emballages","description":"","publisher":{"@id":"https:\/\/www.csj-emballages.com\/es\/#organization"},"potentialAction":[{"@type":"SearchAction","target":{"@type":"EntryPoint","urlTemplate":"https:\/\/www.csj-emballages.com\/es\/?s={search_term_string}"},"query-input":{"@type":"PropertyValueSpecification","valueRequired":true,"valueName":"search_term_string"}}],"inLanguage":"es"},{"@type":"Organization","@id":"https:\/\/www.csj-emballages.com\/es\/#Organization\/","name":"CSJ Emballages","url":"https:\/\/www.csj-emballages.com\/es\/","logo":{"@type":"ImageObject","inLanguage":"es","@id":"https:\/\/www.csj-emballages.com\/es\/#\/schema\/logo\/image\/","url":"https:\/\/www.csj-emballages.com\/wp-content\/uploads\/2023\/10\/logo_csj.webp","contentUrl":"https:\/\/www.csj-emballages.com\/wp-content\/uploads\/2023\/10\/logo_csj.webp","width":250,"height":95,"caption":"CSJ Emballages"},"image":{"@id":"https:\/\/www.csj-emballages.com\/es\/#\/schema\/logo\/image\/"},"sameAs":["https:\/\/www.facebook.com\/csjemballages"],"address":{"@type":"PostalAddress","streetAddress":"ZI La Lechere","addressLocality":"Patornay","postalCode":"39130","addressCountry":"FR"},"contactPoint":[{"@type":"ContactPoint","contactType":"Service client","telephone":"0384254272","email":"contact@csj-emballages.com"}]}]}},"df_price":1.72,"df_sale_price":"","df_regular_price":1.72,"df_image_link":"https:\/\/www.csj-emballages.com\/wp-content\/uploads\/2024\/03\/COUVSD8TP9-300x300.webp","tiered_pricing_type":"fixed","tiered_pricing_fixed_rules":[],"tiered_pricing_percentage_rules":[],"tiered_pricing_minimum":1,"tiered_pricing_roles_data":[],"_links":{"self":[{"href":"https:\/\/www.csj-emballages.com\/es\/wp-json\/wp\/v2\/product\/20326","targetHints":{"allow":["GET"]}}],"collection":[{"href":"https:\/\/www.csj-emballages.com\/es\/wp-json\/wp\/v2\/product"}],"about":[{"href":"https:\/\/www.csj-emballages.com\/es\/wp-json\/wp\/v2\/types\/product"}],"wp:featuredmedia":[{"embeddable":true,"href":"https:\/\/www.csj-emballages.com\/es\/wp-json\/wp\/v2\/media\/218553"}],"wp:attachment":[{"href":"https:\/\/www.csj-emballages.com\/es\/wp-json\/wp\/v2\/media?parent=20326"}],"wp:term":[{"taxonomy":"product_brand","embeddable":true,"href":"https:\/\/www.csj-emballages.com\/es\/wp-json\/wp\/v2\/product_brand?post=20326"},{"taxonomy":"product_cat","embeddable":true,"href":"https:\/\/www.csj-emballages.com\/es\/wp-json\/wp\/v2\/product_cat?post=20326"},{"taxonomy":"product_tag","embeddable":true,"href":"https:\/\/www.csj-emballages.com\/es\/wp-json\/wp\/v2\/product_tag?post=20326"}],"curies":[{"name":"wp","href":"https:\/\/api.w.org\/{rel}","templated":true}]}}