{"id":20316,"date":"2024-03-01T16:54:44","date_gmt":"2024-03-01T15:54:44","guid":{"rendered":"https:\/\/u15jnbdpoq.preview.infomaniak.website\/produit\/25-tapas-para-ollas-soperas-kraft-de-237-360-ml\/"},"modified":"2026-04-14T02:14:56","modified_gmt":"2026-04-14T00:14:56","slug":"25-tapas-para-ollas-soperas-kraft-de-237-360-ml","status":"publish","type":"product","link":"https:\/\/www.csj-emballages.com\/es\/produit\/25-tapas-para-ollas-soperas-kraft-de-237-360-ml\/","title":{"rendered":"Tapa de cart\u00f3n para olla sopera 237 \/ 360 ml, paquete de 25"},"content":{"rendered":"<h2>Tapa de cart\u00f3n<\/h2>\n<hr>\n<h3>Descubre nuestras tapas de cart\u00f3n para ollas soperas 237 \/ 360 ml, paquete de 25<\/h3>\n<p><!--more--><\/p>\n<p>La <strong>tapa de cart\u00f3n<\/strong> para <strong>ollas so<\/strong> peras es una soluci\u00f3n ideal para guardar tus preparaciones alimenticias. Dise\u00f1ada para adaptarse a <strong>ollas soperas de 237 a 360 ml<\/strong>, ofrece un cierre pr\u00e1ctico y seguro. Este producto es perfecto para uso profesional o personal. Garantiza la frescura y la temperatura de tus sopas, salsas u otras preparaciones.   <\/p>\n<p>Esta <strong>tapa para olla sopera<\/strong> es f\u00e1cil de usar. Se fija r\u00e1pida y firmemente a la olla, evitando derrames. Facilita el transporte de la comida, tanto caliente como fr\u00eda. Los propietarios de restaurantes, empresas de catering y entusiastas de la comida para llevar apreciar\u00e1n su practicidad y fiabilidad.   <\/p>\n<p>Fabricado con cart\u00f3n, este producto responde a la necesidad actual de envases respetuosos con el medio ambiente. Forma parte de un enfoque m\u00e1s respetuoso con el medio ambiente, sin dejar de ser asequible y eficaz. La <strong>tapa de cart\u00f3n<\/strong> es una sabia elecci\u00f3n para quienes buscan una soluci\u00f3n sostenible y econ\u00f3mica.  <\/p>\n<p>&nbsp;<\/p>\n<p><!--more--><\/p>\n<p>En conclusi\u00f3n, la <strong>tapa de cart\u00f3n<\/strong> para ollas soperas es una elecci\u00f3n modesta pero eficaz. Su dise\u00f1o pr\u00e1ctico y respetuoso con el medio ambiente la convierte en un aliado indispensable para el catering, las comidas para llevar o los eventos privados. Ofrece una experiencia sencilla y segura con este vers\u00e1til producto.  <\/p>\n<p>&nbsp;<\/p>\n<p><!--more--><\/p>\n<h4>Sus ventajas:<\/h4>\n<ul>\n<li><strong>Compatibilidad universal<\/strong>: se adapta a ollas soperas de 237 a 360 ml.<\/li>\n<li><strong>Pr\u00e1ctico<\/strong>: cierre r\u00e1pido y seguro para evitar derrames.<\/li>\n<li><strong>Versatilidad<\/strong>: adecuado para sopas, salsas y otras preparaciones alimentarias.<\/li>\n<li><strong>Respetuoso con el medio ambiente<\/strong>: fabricado con cart\u00f3n, una alternativa sostenible.<\/li>\n<li><strong>Mantenimiento de la temperatura<\/strong>: limita la p\u00e9rdida de calor para mantener tus platos calientes o fr\u00edos.<\/li>\n<\/ul>\n<p>&nbsp;<\/p>\n<p><!--more--><\/p>\n<p>Tapas dise\u00f1adas para diferentes tama\u00f1os de cart\u00f3n : <span style=\"color: #d12727;\"><a style=\"color: #d12727;\" href=\"https:\/\/www.csj-emballages.com\/produit\/25-pots-a-glace-jetables-kraft-237-ml\/\">237 ml<\/a><\/span> \/<span style=\"color: #d12727;\"><a style=\"color: #d12727;\" href=\"https:\/\/www.csj-emballages.com\/produit\/25-pots-a-soupe-jetables-carton-kraft-350-ml\/\">350 ml<\/a><\/span> \/ <span style=\"color: #d12727;\"><a style=\"color: #d12727;\" href=\"https:\/\/www.csj-emballages.com\/produit\/25-pots-a-soupe-avec-couvercle-jetables-kraft-450-ml\/\">450 ml<\/a><\/span><\/p>\n<p>&nbsp;<\/p>\n<p><!--more--><\/p>\n<h4>Informaci\u00f3n adicional :<\/h4>\n<ul>\n<li><strong>Dimensiones<\/strong>: \u00d890 mm + 15 mm (di\u00e1metro + altura)<\/li>\n<li><strong>Material<\/strong>: Cart\u00f3n<\/li>\n<li><strong>Envase<\/strong>: Paquete de 25 tapas<\/li>\n<li><strong>Color<\/strong>: Marr\u00f3n<\/li>\n<li><strong>Compatibilidad<\/strong>: de 237 a 360 ml<\/li>\n<\/ul>\n<p>&nbsp;<\/p>\n<p><!--more--><\/p>\n<p><a href=\"\/?product_cat=pots-kraft\">Ver el resto de nuestra gama de macetas de cart\u00f3n<\/a><\/p>\n","protected":false},"excerpt":{"rendered":"<p>Tapa de cart\u00f3n Descubre nuestras tapas de cart\u00f3n para ollas soperas 237 \/ 360 ml, paquete de 25<\/p>\n","protected":false},"featured_media":202784,"template":"","meta":{"_acf_changed":false},"product_brand":[],"product_cat":[1150,1179,3879,1277,8645],"product_tag":[],"class_list":{"0":"post-20316","1":"product","2":"type-product","3":"status-publish","4":"has-post-thumbnail","6":"product_cat-envasado-de-alimentos","7":"product_cat-catering-es","8":"product_cat-ollas-cuencos-portavasos","9":"product_cat-ollas-kraft","10":"product_cat-ollas-para-sopa","12":"first","13":"instock","14":"taxable","15":"shipping-taxable","16":"purchasable","17":"product-type-simple"},"acf":[],"yoast_head":"<!-- This site is optimized with the Yoast SEO Premium plugin v26.6 (Yoast SEO v26.6) - https:\/\/yoast.com\/wordpress\/plugins\/seo\/ -->\n<title>Tapa de cart\u00f3n para olla sopera Kraft - 237 \/ 360 ml<\/title>\n<meta name=\"description\" content=\"Descubre la tapa de cart\u00f3n para ollas soperas (237-360 ml): pr\u00e1ctica, ecol\u00f3gica e ideal para guardar tus alimentos. Se vende en paquetes de 25 unidades.\" \/>\n<meta name=\"robots\" content=\"index, follow, max-snippet:-1, max-image-preview:large, max-video-preview:-1\" \/>\n<link rel=\"canonical\" href=\"https:\/\/www.csj-emballages.com\/es\/produit\/25-tapas-para-ollas-soperas-kraft-de-237-360-ml\/\" \/>\n<meta property=\"og:locale\" content=\"es_ES\" \/>\n<meta property=\"og:type\" content=\"article\" \/>\n<meta property=\"og:title\" content=\"Tapa de cart\u00f3n para olla sopera 237 \/ 360 ml, paquete de 25\" \/>\n<meta property=\"og:description\" content=\"Descubre la tapa de cart\u00f3n para ollas soperas (237-360 ml): pr\u00e1ctica, ecol\u00f3gica e ideal para guardar tus alimentos. Se vende en paquetes de 25 unidades.\" \/>\n<meta property=\"og:url\" content=\"https:\/\/www.csj-emballages.com\/es\/produit\/25-tapas-para-ollas-soperas-kraft-de-237-360-ml\/\" \/>\n<meta property=\"og:site_name\" content=\"CSJ Emballages\" \/>\n<meta property=\"article:publisher\" content=\"https:\/\/www.facebook.com\/csjemballages\" \/>\n<meta property=\"article:modified_time\" content=\"2026-04-14T00:14:56+00:00\" \/>\n<meta property=\"og:image\" content=\"https:\/\/www.csj-emballages.com\/wp-content\/uploads\/2024\/03\/COUVPSA360.webp\" \/>\n\t<meta property=\"og:image:width\" content=\"800\" \/>\n\t<meta property=\"og:image:height\" content=\"800\" \/>\n\t<meta property=\"og:image:type\" content=\"image\/webp\" \/>\n<meta name=\"twitter:card\" content=\"summary_large_image\" \/>\n<meta name=\"twitter:label1\" content=\"Tiempo de lectura\" \/>\n\t<meta name=\"twitter:data1\" content=\"2 minutos\" \/>\n<script type=\"application\/ld+json\" class=\"yoast-schema-graph\">{\"@context\":\"https:\/\/schema.org\",\"@graph\":[{\"@type\":\"WebPage\",\"@id\":\"https:\/\/www.csj-emballages.com\/es\/produit\/25-tapas-para-ollas-soperas-kraft-de-237-360-ml\/\",\"url\":\"https:\/\/www.csj-emballages.com\/es\/produit\/25-tapas-para-ollas-soperas-kraft-de-237-360-ml\/\",\"name\":\"Tapa de cart\u00f3n para olla sopera Kraft - 237 \/ 360 ml\",\"isPartOf\":{\"@id\":\"https:\/\/www.csj-emballages.com\/es\/#website\"},\"primaryImageOfPage\":{\"@id\":\"https:\/\/www.csj-emballages.com\/es\/produit\/25-tapas-para-ollas-soperas-kraft-de-237-360-ml\/#primaryimage\"},\"image\":{\"@id\":\"https:\/\/www.csj-emballages.com\/es\/produit\/25-tapas-para-ollas-soperas-kraft-de-237-360-ml\/#primaryimage\"},\"thumbnailUrl\":\"https:\/\/www.csj-emballages.com\/wp-content\/uploads\/2024\/03\/COUVPSA360.webp\",\"datePublished\":\"2024-03-01T15:54:44+00:00\",\"dateModified\":\"2026-04-14T00:14:56+00:00\",\"description\":\"Descubre la tapa de cart\u00f3n para ollas soperas (237-360 ml): pr\u00e1ctica, ecol\u00f3gica e ideal para guardar tus alimentos. Se vende en paquetes de 25 unidades.\",\"breadcrumb\":{\"@id\":\"https:\/\/www.csj-emballages.com\/es\/produit\/25-tapas-para-ollas-soperas-kraft-de-237-360-ml\/#breadcrumb\"},\"inLanguage\":\"es\",\"potentialAction\":[{\"@type\":\"ReadAction\",\"target\":[\"https:\/\/www.csj-emballages.com\/es\/produit\/25-tapas-para-ollas-soperas-kraft-de-237-360-ml\/\"]}]},{\"@type\":\"ImageObject\",\"inLanguage\":\"es\",\"@id\":\"https:\/\/www.csj-emballages.com\/es\/produit\/25-tapas-para-ollas-soperas-kraft-de-237-360-ml\/#primaryimage\",\"url\":\"https:\/\/www.csj-emballages.com\/wp-content\/uploads\/2024\/03\/COUVPSA360.webp\",\"contentUrl\":\"https:\/\/www.csj-emballages.com\/wp-content\/uploads\/2024\/03\/COUVPSA360.webp\",\"width\":800,\"height\":800,\"caption\":\"couvercle carton\"},{\"@type\":\"BreadcrumbList\",\"@id\":\"https:\/\/www.csj-emballages.com\/es\/produit\/25-tapas-para-ollas-soperas-kraft-de-237-360-ml\/#breadcrumb\",\"itemListElement\":[{\"@type\":\"ListItem\",\"position\":1,\"name\":\"Accueil\",\"item\":\"https:\/\/www.csj-emballages.com\/es\/universo-del-envasado-alimentario\/\"},{\"@type\":\"ListItem\",\"position\":2,\"name\":\"Tienda\",\"item\":\"https:\/\/www.csj-emballages.com\/tienda\/\"},{\"@type\":\"ListItem\",\"position\":3,\"name\":\"Tapa de cart\u00f3n para olla sopera 237 \/ 360 ml, paquete de 25\"}]},{\"@type\":\"WebSite\",\"@id\":\"https:\/\/www.csj-emballages.com\/es\/#website\",\"url\":\"https:\/\/www.csj-emballages.com\/es\/\",\"name\":\"CSJ Emballages\",\"description\":\"\",\"publisher\":{\"@id\":\"https:\/\/www.csj-emballages.com\/es\/#organization\"},\"potentialAction\":[{\"@type\":\"SearchAction\",\"target\":{\"@type\":\"EntryPoint\",\"urlTemplate\":\"https:\/\/www.csj-emballages.com\/es\/?s={search_term_string}\"},\"query-input\":{\"@type\":\"PropertyValueSpecification\",\"valueRequired\":true,\"valueName\":\"search_term_string\"}}],\"inLanguage\":\"es\"},{\"@type\":\"Organization\",\"@id\":\"https:\/\/www.csj-emballages.com\/es\/#Organization\/\",\"name\":\"CSJ Emballages\",\"url\":\"https:\/\/www.csj-emballages.com\/es\/\",\"logo\":{\"@type\":\"ImageObject\",\"inLanguage\":\"es\",\"@id\":\"https:\/\/www.csj-emballages.com\/es\/#\/schema\/logo\/image\/\",\"url\":\"https:\/\/www.csj-emballages.com\/wp-content\/uploads\/2023\/10\/logo_csj.webp\",\"contentUrl\":\"https:\/\/www.csj-emballages.com\/wp-content\/uploads\/2023\/10\/logo_csj.webp\",\"width\":250,\"height\":95,\"caption\":\"CSJ Emballages\"},\"image\":{\"@id\":\"https:\/\/www.csj-emballages.com\/es\/#\/schema\/logo\/image\/\"},\"sameAs\":[\"https:\/\/www.facebook.com\/csjemballages\"],\"address\":{\"@type\":\"PostalAddress\",\"streetAddress\":\"ZI La Lechere\",\"addressLocality\":\"Patornay\",\"postalCode\":\"39130\",\"addressCountry\":\"FR\"},\"contactPoint\":[{\"@type\":\"ContactPoint\",\"contactType\":\"Service client\",\"telephone\":\"0384254272\",\"email\":\"contact@csj-emballages.com\"}]}]}<\/script>\n<!-- \/ Yoast SEO Premium plugin. -->","yoast_head_json":{"title":"Tapa de cart\u00f3n para olla sopera Kraft - 237 \/ 360 ml","description":"Descubre la tapa de cart\u00f3n para ollas soperas (237-360 ml): pr\u00e1ctica, ecol\u00f3gica e ideal para guardar tus alimentos. Se vende en paquetes de 25 unidades.","robots":{"index":"index","follow":"follow","max-snippet":"max-snippet:-1","max-image-preview":"max-image-preview:large","max-video-preview":"max-video-preview:-1"},"canonical":"https:\/\/www.csj-emballages.com\/es\/produit\/25-tapas-para-ollas-soperas-kraft-de-237-360-ml\/","og_locale":"es_ES","og_type":"article","og_title":"Tapa de cart\u00f3n para olla sopera 237 \/ 360 ml, paquete de 25","og_description":"Descubre la tapa de cart\u00f3n para ollas soperas (237-360 ml): pr\u00e1ctica, ecol\u00f3gica e ideal para guardar tus alimentos. Se vende en paquetes de 25 unidades.","og_url":"https:\/\/www.csj-emballages.com\/es\/produit\/25-tapas-para-ollas-soperas-kraft-de-237-360-ml\/","og_site_name":"CSJ Emballages","article_publisher":"https:\/\/www.facebook.com\/csjemballages","article_modified_time":"2026-04-14T00:14:56+00:00","og_image":[{"width":800,"height":800,"url":"https:\/\/www.csj-emballages.com\/wp-content\/uploads\/2024\/03\/COUVPSA360.webp","type":"image\/webp"}],"twitter_card":"summary_large_image","twitter_misc":{"Tiempo de lectura":"2 minutos"},"schema":{"@context":"https:\/\/schema.org","@graph":[{"@type":"WebPage","@id":"https:\/\/www.csj-emballages.com\/es\/produit\/25-tapas-para-ollas-soperas-kraft-de-237-360-ml\/","url":"https:\/\/www.csj-emballages.com\/es\/produit\/25-tapas-para-ollas-soperas-kraft-de-237-360-ml\/","name":"Tapa de cart\u00f3n para olla sopera Kraft - 237 \/ 360 ml","isPartOf":{"@id":"https:\/\/www.csj-emballages.com\/es\/#website"},"primaryImageOfPage":{"@id":"https:\/\/www.csj-emballages.com\/es\/produit\/25-tapas-para-ollas-soperas-kraft-de-237-360-ml\/#primaryimage"},"image":{"@id":"https:\/\/www.csj-emballages.com\/es\/produit\/25-tapas-para-ollas-soperas-kraft-de-237-360-ml\/#primaryimage"},"thumbnailUrl":"https:\/\/www.csj-emballages.com\/wp-content\/uploads\/2024\/03\/COUVPSA360.webp","datePublished":"2024-03-01T15:54:44+00:00","dateModified":"2026-04-14T00:14:56+00:00","description":"Descubre la tapa de cart\u00f3n para ollas soperas (237-360 ml): pr\u00e1ctica, ecol\u00f3gica e ideal para guardar tus alimentos. Se vende en paquetes de 25 unidades.","breadcrumb":{"@id":"https:\/\/www.csj-emballages.com\/es\/produit\/25-tapas-para-ollas-soperas-kraft-de-237-360-ml\/#breadcrumb"},"inLanguage":"es","potentialAction":[{"@type":"ReadAction","target":["https:\/\/www.csj-emballages.com\/es\/produit\/25-tapas-para-ollas-soperas-kraft-de-237-360-ml\/"]}]},{"@type":"ImageObject","inLanguage":"es","@id":"https:\/\/www.csj-emballages.com\/es\/produit\/25-tapas-para-ollas-soperas-kraft-de-237-360-ml\/#primaryimage","url":"https:\/\/www.csj-emballages.com\/wp-content\/uploads\/2024\/03\/COUVPSA360.webp","contentUrl":"https:\/\/www.csj-emballages.com\/wp-content\/uploads\/2024\/03\/COUVPSA360.webp","width":800,"height":800,"caption":"couvercle carton"},{"@type":"BreadcrumbList","@id":"https:\/\/www.csj-emballages.com\/es\/produit\/25-tapas-para-ollas-soperas-kraft-de-237-360-ml\/#breadcrumb","itemListElement":[{"@type":"ListItem","position":1,"name":"Accueil","item":"https:\/\/www.csj-emballages.com\/es\/universo-del-envasado-alimentario\/"},{"@type":"ListItem","position":2,"name":"Tienda","item":"https:\/\/www.csj-emballages.com\/tienda\/"},{"@type":"ListItem","position":3,"name":"Tapa de cart\u00f3n para olla sopera 237 \/ 360 ml, paquete de 25"}]},{"@type":"WebSite","@id":"https:\/\/www.csj-emballages.com\/es\/#website","url":"https:\/\/www.csj-emballages.com\/es\/","name":"CSJ Emballages","description":"","publisher":{"@id":"https:\/\/www.csj-emballages.com\/es\/#organization"},"potentialAction":[{"@type":"SearchAction","target":{"@type":"EntryPoint","urlTemplate":"https:\/\/www.csj-emballages.com\/es\/?s={search_term_string}"},"query-input":{"@type":"PropertyValueSpecification","valueRequired":true,"valueName":"search_term_string"}}],"inLanguage":"es"},{"@type":"Organization","@id":"https:\/\/www.csj-emballages.com\/es\/#Organization\/","name":"CSJ Emballages","url":"https:\/\/www.csj-emballages.com\/es\/","logo":{"@type":"ImageObject","inLanguage":"es","@id":"https:\/\/www.csj-emballages.com\/es\/#\/schema\/logo\/image\/","url":"https:\/\/www.csj-emballages.com\/wp-content\/uploads\/2023\/10\/logo_csj.webp","contentUrl":"https:\/\/www.csj-emballages.com\/wp-content\/uploads\/2023\/10\/logo_csj.webp","width":250,"height":95,"caption":"CSJ Emballages"},"image":{"@id":"https:\/\/www.csj-emballages.com\/es\/#\/schema\/logo\/image\/"},"sameAs":["https:\/\/www.facebook.com\/csjemballages"],"address":{"@type":"PostalAddress","streetAddress":"ZI La Lechere","addressLocality":"Patornay","postalCode":"39130","addressCountry":"FR"},"contactPoint":[{"@type":"ContactPoint","contactType":"Service client","telephone":"0384254272","email":"contact@csj-emballages.com"}]}]}},"df_price":2.66,"df_sale_price":"","df_regular_price":2.66,"df_image_link":"https:\/\/www.csj-emballages.com\/wp-content\/uploads\/2024\/03\/COUVPSA360-300x300.webp","tiered_pricing_type":"fixed","tiered_pricing_fixed_rules":[],"tiered_pricing_percentage_rules":[],"tiered_pricing_minimum":1,"tiered_pricing_roles_data":[],"_links":{"self":[{"href":"https:\/\/www.csj-emballages.com\/es\/wp-json\/wp\/v2\/product\/20316","targetHints":{"allow":["GET"]}}],"collection":[{"href":"https:\/\/www.csj-emballages.com\/es\/wp-json\/wp\/v2\/product"}],"about":[{"href":"https:\/\/www.csj-emballages.com\/es\/wp-json\/wp\/v2\/types\/product"}],"wp:featuredmedia":[{"embeddable":true,"href":"https:\/\/www.csj-emballages.com\/es\/wp-json\/wp\/v2\/media\/202784"}],"wp:attachment":[{"href":"https:\/\/www.csj-emballages.com\/es\/wp-json\/wp\/v2\/media?parent=20316"}],"wp:term":[{"taxonomy":"product_brand","embeddable":true,"href":"https:\/\/www.csj-emballages.com\/es\/wp-json\/wp\/v2\/product_brand?post=20316"},{"taxonomy":"product_cat","embeddable":true,"href":"https:\/\/www.csj-emballages.com\/es\/wp-json\/wp\/v2\/product_cat?post=20316"},{"taxonomy":"product_tag","embeddable":true,"href":"https:\/\/www.csj-emballages.com\/es\/wp-json\/wp\/v2\/product_tag?post=20316"}],"curies":[{"name":"wp","href":"https:\/\/api.w.org\/{rel}","templated":true}]}}