{"id":20303,"date":"2024-03-01T16:54:48","date_gmt":"2024-03-01T15:54:48","guid":{"rendered":"https:\/\/u15jnbdpoq.preview.infomaniak.website\/produit\/40-bandejas-cookipack-para-microondas-negras-600-ml-material-pp\/"},"modified":"2026-04-30T02:12:37","modified_gmt":"2026-04-30T00:12:37","slug":"40-bandejas-cookipack-para-microondas-negras-600-ml-material-pp","status":"publish","type":"product","link":"https:\/\/www.csj-emballages.com\/es\/produit\/40-bandejas-cookipack-para-microondas-negras-600-ml-material-pp\/","title":{"rendered":"Bandeja para microondas COOKIPACK, negra 600 ml, paquete de 40"},"content":{"rendered":"<div>\n<h2 style=\"font-family: Roboto, sans-serif;\">Bandeja para microondas<\/h2>\n<hr>\n<h3 style=\"font-family: Roboto, sans-serif;\"><span style=\"font-weight: bold;\">Descubre nuestra bandeja para microondas COOKIPACK negra de 600 ml por 40<\/span><\/h3>\n<p><!--more--><\/p>\n<p>La <strong>bandeja para microondas<\/strong> <strong>COOKIPACK<\/strong> <strong>negra de 600 ml<\/strong> es un producto pr\u00e1ctico para el uso diario. Dise\u00f1ada para recalentar f\u00e1cilmente las comidas, es ideal para comidas para llevar o platos precocinados. Adem\u00e1s de su capacidad de <strong>600 ml<\/strong>, esta <strong>bandeja de pl\u00e1stico<\/strong> resistente es apta para su uso en el microondas. Gracias a su tama\u00f1o, se adapta perfectamente a las raciones individuales, al tiempo que ofrece espacio suficiente para varios tipos de platos.   <\/p>\n<p>Cada <strong>bandeja negra<\/strong> est\u00e1 hecha de <strong>PP<\/strong> (polipropileno), lo que la hace duradera y estable. Son ideales para guardar tus platos en buenas condiciones, ya sea para uso personal o para servicios de comida r\u00e1pida. Gracias a su color <strong>negro<\/strong>, tambi\u00e9n da a tus platos una presentaci\u00f3n sobria y elegante.  <\/p>\n<p>&nbsp;<\/p>\n<p><!--more--><\/p>\n<h4><strong>Bandeja COOKIPACK: Soluci\u00f3n eficaz para las comidas diarias<\/strong><\/h4>\n<p>La <strong>bandeja para microondas<\/strong> <strong>COOKIPACK<\/strong> <strong>600 ml negra<\/strong> es una soluci\u00f3n sencilla y eficaz para quienes buscan una opci\u00f3n de almacenamiento pr\u00e1ctica y funcional. Este modelo es ideal para quienes necesitan preparar o recalentar comidas r\u00e1pidamente. Al optar por la <strong>bandeja de pl\u00e1stico<\/strong> <strong>COOKIPACK<\/strong>, eliges un producto f\u00e1cil de usar y asequible. S\u00f3lo tienes que llenar la <strong>bandeja negra<\/strong> con tu comida, meterla en el <strong>microondas<\/strong> y listo. Adem\u00e1s, es lo bastante <strong>resistente<\/strong> como para soportar el calor del <strong>microondas<\/strong>, lo que la hace pr\u00e1ctica y fiable para el uso diario.    <\/p>\n<p>En conclusi\u00f3n, la <strong>bandeja para microondas<\/strong> <strong>COOKIPACK<\/strong> <strong>negra de 600 ml<\/strong> es una opci\u00f3n ideal para quienes buscan un producto sencillo y eficaz. Ya sea para uso personal o profesional, esta <strong>bandeja de<\/strong> pl\u00e1stico satisfar\u00e1 tus necesidades. <\/p>\n<p>&nbsp;<\/p>\n<\/div>\n<p><!--more--><\/p>\n<p><strong><span style=\"color: #ff0000;\">*Las tapas se venden por separado<\/span><\/strong><\/p>\n<div>\n<p>&nbsp;<\/p>\n<\/div>\n<p><!--more--><\/p>\n<div>\n<p><strong>Un cierre de bot\u00f3n a presi\u00f3n totalmente herm\u00e9tico y seguro.<\/strong><\/p>\n<p>&nbsp;<\/p>\n<p><!--more--><\/p>\n<p style=\"margin: 0pt; font-family: Roboto, sans-serif;\"><span style=\"color: #d12727;\"><a style=\"color: #d12727;\" href=\"https:\/\/www.csj-emballages.com\/produit\/20-couvercles-translucides-pour-barquettes-400-600-ml\/\">Haz clic aqu\u00ed para encontrar la tapa dise\u00f1ada para esta bandeja<\/a><\/span><\/p>\n<p>&nbsp;<\/p>\n<p><!--more--><\/p>\n<h4 style=\"margin: 0pt; font-family: Roboto, sans-serif;\">Sus ventajas:<\/h4>\n<ul>\n<li><strong>Pr\u00e1ctico y f\u00e1cil de usar<\/strong>: llena la <strong>bandeja de pl\u00e1stico<\/strong> <strong>COOKIPACK<\/strong>, m\u00e9tela en el microondas y tendr\u00e1s un plato listo para comer en un santiam\u00e9n.<\/li>\n<li><strong>Ideal para comidas individuales<\/strong>: Con una capacidad de 600 ml, esta <strong>bandeja de pl\u00e1stico<\/strong> es perfecta para raciones individuales.<\/li>\n<li><strong>Apto para microondas<\/strong>: Dise\u00f1ado para soportar las altas temperaturas de los microondas.<\/li>\n<li><strong>Dise\u00f1o pr\u00e1ctico y elegante<\/strong>: El color negro y el dise\u00f1o sobrio de la <strong>bandeja de pl\u00e1stico<\/strong> le dan un aspecto moderno y refinado.<\/li>\n<\/ul>\n<p>&nbsp;<\/p>\n<p style=\"margin: 0pt; font-family: Roboto, sans-serif;\"><!--more--><\/p>\n<h4>Informaci\u00f3n adicional :<\/h4>\n<ul>\n<li><strong>Envase<\/strong>: Paquete de 40<\/li>\n<li><strong>Dimensiones<\/strong>: 190 x 140 x 48 (L x A x A en mm)<\/li>\n<li><strong>Volumen<\/strong>: 600 ml<\/li>\n<li><strong>Material<\/strong>: PP (polipropileno)<\/li>\n<li><strong>Temperatura de funcionamiento: <\/strong>0\u00b0C \/ +100\u00b0C<\/li>\n<\/ul>\n<h2><\/h2>\n<p><!--more--><\/p>\n<p><a href=\"https:\/\/www.csj-emballages.com\/es\/categorie-produit\/envasado-de-alimentos\/carniceria-y-charcuteria\/bandejas-latas-y-tarros\/bandejas-latas-tarros-de-comida\/bandejas-para-microondas-cookipack\/\">Ver el resto de nuestra gama de bandejas para microondas<\/a><\/p>\n<\/div>\n","protected":false},"excerpt":{"rendered":"<p>Bandeja para microondas Descubre nuestra bandeja para microondas COOKIPACK negra de 600 ml por 40<\/p>\n","protected":false},"featured_media":215333,"template":"","meta":{"_acf_changed":false},"product_brand":[],"product_cat":[1143,1491,2357],"product_tag":[],"class_list":{"0":"post-20303","1":"product","2":"type-product","3":"status-publish","4":"has-post-thumbnail","6":"product_cat-carniceria-y-charcuteria","7":"product_cat-bandejas-latas-tarros-de-comida","8":"product_cat-bandejas-para-microondas-cookipack","10":"first","11":"instock","12":"taxable","13":"shipping-taxable","14":"purchasable","15":"product-type-simple"},"acf":[],"yoast_head":"<!-- This site is optimized with the Yoast SEO Premium plugin v26.6 (Yoast SEO v26.6) - https:\/\/yoast.com\/wordpress\/plugins\/seo\/ -->\n<title>COOKIPACK Bandeja para microondas Negra - 600 ml<\/title>\n<meta name=\"description\" content=\"Descubre la pr\u00e1ctica y resistente bandeja para microondas COOKIPACK negra de 600 ml. Ideal para preparar comidas individuales.\" \/>\n<meta name=\"robots\" content=\"index, follow, max-snippet:-1, max-image-preview:large, max-video-preview:-1\" \/>\n<link rel=\"canonical\" href=\"https:\/\/www.csj-emballages.com\/es\/produit\/40-bandejas-cookipack-para-microondas-negras-600-ml-material-pp\/\" \/>\n<meta property=\"og:locale\" content=\"es_ES\" \/>\n<meta property=\"og:type\" content=\"article\" \/>\n<meta property=\"og:title\" content=\"Bandeja para microondas COOKIPACK, negra 600 ml, paquete de 40\" \/>\n<meta property=\"og:description\" content=\"Descubre la pr\u00e1ctica y resistente bandeja para microondas COOKIPACK negra de 600 ml. Ideal para preparar comidas individuales.\" \/>\n<meta property=\"og:url\" content=\"https:\/\/www.csj-emballages.com\/es\/produit\/40-bandejas-cookipack-para-microondas-negras-600-ml-material-pp\/\" \/>\n<meta property=\"og:site_name\" content=\"CSJ Emballages\" \/>\n<meta property=\"article:publisher\" content=\"https:\/\/www.facebook.com\/csjemballages\" \/>\n<meta property=\"article:modified_time\" content=\"2026-04-30T00:12:37+00:00\" \/>\n<meta property=\"og:image\" content=\"https:\/\/www.csj-emballages.com\/wp-content\/uploads\/2024\/03\/COOK1250N.webp\" \/>\n\t<meta property=\"og:image:width\" content=\"799\" \/>\n\t<meta property=\"og:image:height\" content=\"800\" \/>\n\t<meta property=\"og:image:type\" content=\"image\/webp\" \/>\n<meta name=\"twitter:card\" content=\"summary_large_image\" \/>\n<meta name=\"twitter:label1\" content=\"Tiempo de lectura\" \/>\n\t<meta name=\"twitter:data1\" content=\"2 minutos\" \/>\n<script type=\"application\/ld+json\" class=\"yoast-schema-graph\">{\"@context\":\"https:\/\/schema.org\",\"@graph\":[{\"@type\":\"WebPage\",\"@id\":\"https:\/\/www.csj-emballages.com\/es\/produit\/40-bandejas-cookipack-para-microondas-negras-600-ml-material-pp\/\",\"url\":\"https:\/\/www.csj-emballages.com\/es\/produit\/40-bandejas-cookipack-para-microondas-negras-600-ml-material-pp\/\",\"name\":\"COOKIPACK Bandeja para microondas Negra - 600 ml\",\"isPartOf\":{\"@id\":\"https:\/\/www.csj-emballages.com\/es\/#website\"},\"primaryImageOfPage\":{\"@id\":\"https:\/\/www.csj-emballages.com\/es\/produit\/40-bandejas-cookipack-para-microondas-negras-600-ml-material-pp\/#primaryimage\"},\"image\":{\"@id\":\"https:\/\/www.csj-emballages.com\/es\/produit\/40-bandejas-cookipack-para-microondas-negras-600-ml-material-pp\/#primaryimage\"},\"thumbnailUrl\":\"https:\/\/www.csj-emballages.com\/wp-content\/uploads\/2024\/03\/COOK1250N.webp\",\"datePublished\":\"2024-03-01T15:54:48+00:00\",\"dateModified\":\"2026-04-30T00:12:37+00:00\",\"description\":\"Descubre la pr\u00e1ctica y resistente bandeja para microondas COOKIPACK negra de 600 ml. Ideal para preparar comidas individuales.\",\"breadcrumb\":{\"@id\":\"https:\/\/www.csj-emballages.com\/es\/produit\/40-bandejas-cookipack-para-microondas-negras-600-ml-material-pp\/#breadcrumb\"},\"inLanguage\":\"es\",\"potentialAction\":[{\"@type\":\"ReadAction\",\"target\":[\"https:\/\/www.csj-emballages.com\/es\/produit\/40-bandejas-cookipack-para-microondas-negras-600-ml-material-pp\/\"]}]},{\"@type\":\"ImageObject\",\"inLanguage\":\"es\",\"@id\":\"https:\/\/www.csj-emballages.com\/es\/produit\/40-bandejas-cookipack-para-microondas-negras-600-ml-material-pp\/#primaryimage\",\"url\":\"https:\/\/www.csj-emballages.com\/wp-content\/uploads\/2024\/03\/COOK1250N.webp\",\"contentUrl\":\"https:\/\/www.csj-emballages.com\/wp-content\/uploads\/2024\/03\/COOK1250N.webp\",\"width\":799,\"height\":800,\"caption\":\"Barquette micro-ondes\"},{\"@type\":\"BreadcrumbList\",\"@id\":\"https:\/\/www.csj-emballages.com\/es\/produit\/40-bandejas-cookipack-para-microondas-negras-600-ml-material-pp\/#breadcrumb\",\"itemListElement\":[{\"@type\":\"ListItem\",\"position\":1,\"name\":\"Accueil\",\"item\":\"https:\/\/www.csj-emballages.com\/es\/universo-del-envasado-alimentario\/\"},{\"@type\":\"ListItem\",\"position\":2,\"name\":\"Tienda\",\"item\":\"https:\/\/www.csj-emballages.com\/tienda\/\"},{\"@type\":\"ListItem\",\"position\":3,\"name\":\"Bandeja para microondas COOKIPACK, negra 600 ml, paquete de 40\"}]},{\"@type\":\"WebSite\",\"@id\":\"https:\/\/www.csj-emballages.com\/es\/#website\",\"url\":\"https:\/\/www.csj-emballages.com\/es\/\",\"name\":\"CSJ Emballages\",\"description\":\"\",\"publisher\":{\"@id\":\"https:\/\/www.csj-emballages.com\/es\/#organization\"},\"potentialAction\":[{\"@type\":\"SearchAction\",\"target\":{\"@type\":\"EntryPoint\",\"urlTemplate\":\"https:\/\/www.csj-emballages.com\/es\/?s={search_term_string}\"},\"query-input\":{\"@type\":\"PropertyValueSpecification\",\"valueRequired\":true,\"valueName\":\"search_term_string\"}}],\"inLanguage\":\"es\"},{\"@type\":\"Organization\",\"@id\":\"https:\/\/www.csj-emballages.com\/es\/#Organization\/\",\"name\":\"CSJ Emballages\",\"url\":\"https:\/\/www.csj-emballages.com\/es\/\",\"logo\":{\"@type\":\"ImageObject\",\"inLanguage\":\"es\",\"@id\":\"https:\/\/www.csj-emballages.com\/es\/#\/schema\/logo\/image\/\",\"url\":\"https:\/\/www.csj-emballages.com\/wp-content\/uploads\/2023\/10\/logo_csj.webp\",\"contentUrl\":\"https:\/\/www.csj-emballages.com\/wp-content\/uploads\/2023\/10\/logo_csj.webp\",\"width\":250,\"height\":95,\"caption\":\"CSJ Emballages\"},\"image\":{\"@id\":\"https:\/\/www.csj-emballages.com\/es\/#\/schema\/logo\/image\/\"},\"sameAs\":[\"https:\/\/www.facebook.com\/csjemballages\"],\"address\":{\"@type\":\"PostalAddress\",\"streetAddress\":\"ZI La Lechere\",\"addressLocality\":\"Patornay\",\"postalCode\":\"39130\",\"addressCountry\":\"FR\"},\"contactPoint\":[{\"@type\":\"ContactPoint\",\"contactType\":\"Service client\",\"telephone\":\"0384254272\",\"email\":\"contact@csj-emballages.com\"}]}]}<\/script>\n<!-- \/ Yoast SEO Premium plugin. -->","yoast_head_json":{"title":"COOKIPACK Bandeja para microondas Negra - 600 ml","description":"Descubre la pr\u00e1ctica y resistente bandeja para microondas COOKIPACK negra de 600 ml. Ideal para preparar comidas individuales.","robots":{"index":"index","follow":"follow","max-snippet":"max-snippet:-1","max-image-preview":"max-image-preview:large","max-video-preview":"max-video-preview:-1"},"canonical":"https:\/\/www.csj-emballages.com\/es\/produit\/40-bandejas-cookipack-para-microondas-negras-600-ml-material-pp\/","og_locale":"es_ES","og_type":"article","og_title":"Bandeja para microondas COOKIPACK, negra 600 ml, paquete de 40","og_description":"Descubre la pr\u00e1ctica y resistente bandeja para microondas COOKIPACK negra de 600 ml. Ideal para preparar comidas individuales.","og_url":"https:\/\/www.csj-emballages.com\/es\/produit\/40-bandejas-cookipack-para-microondas-negras-600-ml-material-pp\/","og_site_name":"CSJ Emballages","article_publisher":"https:\/\/www.facebook.com\/csjemballages","article_modified_time":"2026-04-30T00:12:37+00:00","og_image":[{"width":799,"height":800,"url":"https:\/\/www.csj-emballages.com\/wp-content\/uploads\/2024\/03\/COOK1250N.webp","type":"image\/webp"}],"twitter_card":"summary_large_image","twitter_misc":{"Tiempo de lectura":"2 minutos"},"schema":{"@context":"https:\/\/schema.org","@graph":[{"@type":"WebPage","@id":"https:\/\/www.csj-emballages.com\/es\/produit\/40-bandejas-cookipack-para-microondas-negras-600-ml-material-pp\/","url":"https:\/\/www.csj-emballages.com\/es\/produit\/40-bandejas-cookipack-para-microondas-negras-600-ml-material-pp\/","name":"COOKIPACK Bandeja para microondas Negra - 600 ml","isPartOf":{"@id":"https:\/\/www.csj-emballages.com\/es\/#website"},"primaryImageOfPage":{"@id":"https:\/\/www.csj-emballages.com\/es\/produit\/40-bandejas-cookipack-para-microondas-negras-600-ml-material-pp\/#primaryimage"},"image":{"@id":"https:\/\/www.csj-emballages.com\/es\/produit\/40-bandejas-cookipack-para-microondas-negras-600-ml-material-pp\/#primaryimage"},"thumbnailUrl":"https:\/\/www.csj-emballages.com\/wp-content\/uploads\/2024\/03\/COOK1250N.webp","datePublished":"2024-03-01T15:54:48+00:00","dateModified":"2026-04-30T00:12:37+00:00","description":"Descubre la pr\u00e1ctica y resistente bandeja para microondas COOKIPACK negra de 600 ml. Ideal para preparar comidas individuales.","breadcrumb":{"@id":"https:\/\/www.csj-emballages.com\/es\/produit\/40-bandejas-cookipack-para-microondas-negras-600-ml-material-pp\/#breadcrumb"},"inLanguage":"es","potentialAction":[{"@type":"ReadAction","target":["https:\/\/www.csj-emballages.com\/es\/produit\/40-bandejas-cookipack-para-microondas-negras-600-ml-material-pp\/"]}]},{"@type":"ImageObject","inLanguage":"es","@id":"https:\/\/www.csj-emballages.com\/es\/produit\/40-bandejas-cookipack-para-microondas-negras-600-ml-material-pp\/#primaryimage","url":"https:\/\/www.csj-emballages.com\/wp-content\/uploads\/2024\/03\/COOK1250N.webp","contentUrl":"https:\/\/www.csj-emballages.com\/wp-content\/uploads\/2024\/03\/COOK1250N.webp","width":799,"height":800,"caption":"Barquette micro-ondes"},{"@type":"BreadcrumbList","@id":"https:\/\/www.csj-emballages.com\/es\/produit\/40-bandejas-cookipack-para-microondas-negras-600-ml-material-pp\/#breadcrumb","itemListElement":[{"@type":"ListItem","position":1,"name":"Accueil","item":"https:\/\/www.csj-emballages.com\/es\/universo-del-envasado-alimentario\/"},{"@type":"ListItem","position":2,"name":"Tienda","item":"https:\/\/www.csj-emballages.com\/tienda\/"},{"@type":"ListItem","position":3,"name":"Bandeja para microondas COOKIPACK, negra 600 ml, paquete de 40"}]},{"@type":"WebSite","@id":"https:\/\/www.csj-emballages.com\/es\/#website","url":"https:\/\/www.csj-emballages.com\/es\/","name":"CSJ Emballages","description":"","publisher":{"@id":"https:\/\/www.csj-emballages.com\/es\/#organization"},"potentialAction":[{"@type":"SearchAction","target":{"@type":"EntryPoint","urlTemplate":"https:\/\/www.csj-emballages.com\/es\/?s={search_term_string}"},"query-input":{"@type":"PropertyValueSpecification","valueRequired":true,"valueName":"search_term_string"}}],"inLanguage":"es"},{"@type":"Organization","@id":"https:\/\/www.csj-emballages.com\/es\/#Organization\/","name":"CSJ Emballages","url":"https:\/\/www.csj-emballages.com\/es\/","logo":{"@type":"ImageObject","inLanguage":"es","@id":"https:\/\/www.csj-emballages.com\/es\/#\/schema\/logo\/image\/","url":"https:\/\/www.csj-emballages.com\/wp-content\/uploads\/2023\/10\/logo_csj.webp","contentUrl":"https:\/\/www.csj-emballages.com\/wp-content\/uploads\/2023\/10\/logo_csj.webp","width":250,"height":95,"caption":"CSJ Emballages"},"image":{"@id":"https:\/\/www.csj-emballages.com\/es\/#\/schema\/logo\/image\/"},"sameAs":["https:\/\/www.facebook.com\/csjemballages"],"address":{"@type":"PostalAddress","streetAddress":"ZI La Lechere","addressLocality":"Patornay","postalCode":"39130","addressCountry":"FR"},"contactPoint":[{"@type":"ContactPoint","contactType":"Service client","telephone":"0384254272","email":"contact@csj-emballages.com"}]}]}},"df_price":6.74,"df_sale_price":"","df_regular_price":6.74,"df_image_link":"https:\/\/www.csj-emballages.com\/wp-content\/uploads\/2024\/03\/COOK1250N-300x300.webp","tiered_pricing_type":"fixed","tiered_pricing_fixed_rules":[],"tiered_pricing_percentage_rules":[],"tiered_pricing_minimum":1,"tiered_pricing_roles_data":[],"_links":{"self":[{"href":"https:\/\/www.csj-emballages.com\/es\/wp-json\/wp\/v2\/product\/20303","targetHints":{"allow":["GET"]}}],"collection":[{"href":"https:\/\/www.csj-emballages.com\/es\/wp-json\/wp\/v2\/product"}],"about":[{"href":"https:\/\/www.csj-emballages.com\/es\/wp-json\/wp\/v2\/types\/product"}],"wp:featuredmedia":[{"embeddable":true,"href":"https:\/\/www.csj-emballages.com\/es\/wp-json\/wp\/v2\/media\/215333"}],"wp:attachment":[{"href":"https:\/\/www.csj-emballages.com\/es\/wp-json\/wp\/v2\/media?parent=20303"}],"wp:term":[{"taxonomy":"product_brand","embeddable":true,"href":"https:\/\/www.csj-emballages.com\/es\/wp-json\/wp\/v2\/product_brand?post=20303"},{"taxonomy":"product_cat","embeddable":true,"href":"https:\/\/www.csj-emballages.com\/es\/wp-json\/wp\/v2\/product_cat?post=20303"},{"taxonomy":"product_tag","embeddable":true,"href":"https:\/\/www.csj-emballages.com\/es\/wp-json\/wp\/v2\/product_tag?post=20303"}],"curies":[{"name":"wp","href":"https:\/\/api.w.org\/{rel}","templated":true}]}}