{"id":20292,"date":"2024-03-01T16:54:45","date_gmt":"2024-03-01T15:54:45","guid":{"rendered":"https:\/\/u15jnbdpoq.preview.infomaniak.website\/produit\/50-tapas-para-vasos-de-aluminio-desechables-de-150-ml\/"},"modified":"2026-04-16T02:12:40","modified_gmt":"2026-04-16T00:12:40","slug":"50-tapas-para-vasos-de-aluminio-desechables-de-150-ml","status":"publish","type":"product","link":"https:\/\/www.csj-emballages.com\/es\/produit\/50-tapas-para-vasos-de-aluminio-desechables-de-150-ml\/","title":{"rendered":"Tapa de pl\u00e1stico para vaso GO125, pack de 50"},"content":{"rendered":"<h2 class=\"p1\">Tapa de pl\u00e1stico para vaso<\/h2>\n<hr>\n<h3>Descripci\u00f3n de nuestra tapa de pl\u00e1stico para vaso GO125, pack de 50<\/h3>\n<p><!--more--><\/p>\n<p data-start=\"229\" data-end=\"562\">La <strong>tapa para vaso de aluminio <span style=\"color: #d12727;\"><a style=\"color: #d12727;\" href=\"https:\/\/www.csj-emballages.com\/es\/produit\/100-vasos-de-aluminio-desechables-150-ml\/\">GO125<\/a><\/span><\/strong> es la soluci\u00f3n ideal para asegurar un cierre eficaz e higi\u00e9nico de sus recipientes alimentarios. En efecto, dise\u00f1ada especialmente para adaptarse perfectamente a los <strong>vasos de aluminio de 135 ml<\/strong>, garantiza una protecci\u00f3n \u00f3ptima de las preparaciones, facilitando su transporte y conservaci\u00f3n. <\/p>\n<p data-start=\"564\" data-end=\"1054\">Del mismo modo, fabricada en un <strong>material resistente<\/strong>, esta <strong>tapa<\/strong> permite preservar la frescura de los alimentos, limitar los riesgos de fugas y evitar las contaminaciones exteriores. Es particularmente adecuada para los profesionales de la <strong>restauraci\u00f3n, los negocios de alimentaci\u00f3n, los servicios de catering, las colectividades o incluso los servicios de comida para llevar<\/strong>. Gracias a su dise\u00f1o pr\u00e1ctico, se instala r\u00e1pidamente en el <strong>vaso<\/strong>, asegurando un ahorro de tiempo apreciable durante la preparaci\u00f3n de los pedidos.  <\/p>\n<p data-start=\"1056\" data-end=\"1383\">Esta <strong>tapa<\/strong> es perfectamente adecuada para los usos alimentarios corrientes, tales como el acondicionamiento de <strong>salsas, acompa\u00f1amientos, postres, porciones individuales o preparaciones calientes y fr\u00edas<\/strong>. Tambi\u00e9n permite una mejor organizaci\u00f3n en la cocina y en el escaparate, ofreciendo al mismo tiempo una presentaci\u00f3n limpia y profesional. <\/p>\n<p data-start=\"1385\" data-end=\"1731\">Acondicionado en lote de <strong>50 unidades<\/strong>, este formato es ideal para responder a las necesidades regulares de los profesionales. En resumen, asociado a un <strong>vaso de aluminio<\/strong>, constituye una soluci\u00f3n pr\u00e1ctica, fiable e higi\u00e9nica para el acondicionamiento alimentario. <\/p>\n<p data-start=\"1385\" data-end=\"1731\">\n<p><!--more--><\/p>\n<p><strong>Ventajas :<\/strong><\/p>\n<ul>\n<li data-start=\"1769\" data-end=\"1818\">Adaptaci\u00f3n perfecta a los vasos de aluminio <span style=\"color: #d12727;\"><a style=\"color: #d12727;\" href=\"https:\/\/www.csj-emballages.com\/es\/produit\/100-vasos-de-aluminio-desechables-150-ml\/\">GO125<\/a><\/span>.<\/li>\n<li data-start=\"1821\" data-end=\"1861\">Cierre eficaz que limita las fugas.<\/li>\n<li data-start=\"1903\" data-end=\"1935\"><strong>Colocaci\u00f3n r\u00e1pida<\/strong> y sencilla.<\/li>\n<li data-start=\"1987\" data-end=\"2020\">Formato econ\u00f3mico en lote de <strong>50.<\/strong><\/li>\n<li data-start=\"2023\" data-end=\"2074\">Ideal para la restauraci\u00f3n y la comida para llevar.<\/li>\n<\/ul>\n<p>&nbsp;<\/p>\n<p><!--more--><\/p>\n<h4>Informaci\u00f3n adicional :<\/h4>\n<ul>\n<li><strong>Envase<\/strong>: Paquete de 50<\/li>\n<li><strong>Dimensiones<\/strong>: \u00d880 x 10 mm (\u00d8 x h)<\/li>\n<li><strong>Material<\/strong>: Aluminio<\/li>\n<li><b>Temperatura de funcionamiento <\/b>: -20\u00b0C \/ +350\u00b0C<\/li>\n<\/ul>\n<p>&nbsp;<\/p>\n<p><!--more--><\/p>\n<p>Encuentre aqu\u00ed el vaso de aluminio compatible con esta tapa: <span style=\"color: #d12727;\"><a style=\"color: #d12727;\" href=\"https:\/\/www.csj-emballages.com\/es\/produit\/100-vasos-de-aluminio-desechables-150-ml\/\">GO125<\/a><\/span><\/p>\n<p>&nbsp;<\/p>\n<p><!--more--><\/p>\n<p><a href=\"https:\/\/www.csj-emballages.com\/es\/categorie-produit\/envasado-de-alimentos\/carniceria-y-charcuteria\/bandejas-latas-y-tarros\/bandejas-platos-moldes-bandejas-de-comida-tazas-ramequines-pasteles-de-carne-de-aluminio\/cubos-es\/\">Ver el resto de nuestra gama de cazos de aluminio<\/a><\/p>\n","protected":false},"excerpt":{"rendered":"<p>Tapa de pl\u00e1stico para vaso Descripci\u00f3n de nuestra tapa de pl\u00e1stico para vaso GO125, pack de 50<\/p>\n","protected":false},"featured_media":263477,"template":"","meta":{"_acf_changed":false},"product_brand":[],"product_cat":[1143,2006,2434],"product_tag":[],"class_list":{"0":"post-20292","1":"product","2":"type-product","3":"status-publish","4":"has-post-thumbnail","6":"product_cat-carniceria-y-charcuteria","7":"product_cat-bandejas-platos-moldes-bandejas-de-comida-tazas-ramequines-pasteles-de-carne-de-aluminio","8":"product_cat-cubos-es","10":"first","11":"instock","12":"taxable","13":"shipping-taxable","14":"purchasable","15":"product-type-simple"},"acf":[],"yoast_head":"<!-- This site is optimized with the Yoast SEO Premium plugin v26.6 (Yoast SEO v26.6) - https:\/\/yoast.com\/wordpress\/plugins\/seo\/ -->\n<title>Tapa de pl\u00e1stico para vaso GO125, pack de 50<\/title>\n<meta name=\"description\" content=\"Tapa para vaso de aluminio GO125, pack de 50. Cierre pr\u00e1ctico e higi\u00e9nico, ideal para salsas, postres y comida para llevar.\" \/>\n<meta name=\"robots\" content=\"index, follow, max-snippet:-1, max-image-preview:large, max-video-preview:-1\" \/>\n<link rel=\"canonical\" href=\"https:\/\/www.csj-emballages.com\/es\/produit\/50-tapas-para-vasos-de-aluminio-desechables-de-150-ml\/\" \/>\n<meta property=\"og:locale\" content=\"es_ES\" \/>\n<meta property=\"og:type\" content=\"article\" \/>\n<meta property=\"og:title\" content=\"Tapa de pl\u00e1stico para vaso GO125, pack de 50\" \/>\n<meta property=\"og:description\" content=\"Tapa para vaso de aluminio GO125, pack de 50. Cierre pr\u00e1ctico e higi\u00e9nico, ideal para salsas, postres y comida para llevar.\" \/>\n<meta property=\"og:url\" content=\"https:\/\/www.csj-emballages.com\/es\/produit\/50-tapas-para-vasos-de-aluminio-desechables-de-150-ml\/\" \/>\n<meta property=\"og:site_name\" content=\"CSJ Emballages\" \/>\n<meta property=\"article:publisher\" content=\"https:\/\/www.facebook.com\/csjemballages\" \/>\n<meta property=\"article:modified_time\" content=\"2026-04-16T00:12:40+00:00\" \/>\n<meta property=\"og:image\" content=\"https:\/\/www.csj-emballages.com\/wp-content\/uploads\/2024\/03\/COUVGO125-1.webp\" \/>\n\t<meta property=\"og:image:width\" content=\"800\" \/>\n\t<meta property=\"og:image:height\" content=\"800\" \/>\n\t<meta property=\"og:image:type\" content=\"image\/webp\" \/>\n<meta name=\"twitter:card\" content=\"summary_large_image\" \/>\n<meta name=\"twitter:label1\" content=\"Tiempo de lectura\" \/>\n\t<meta name=\"twitter:data1\" content=\"2 minutos\" \/>\n<script type=\"application\/ld+json\" class=\"yoast-schema-graph\">{\"@context\":\"https:\/\/schema.org\",\"@graph\":[{\"@type\":\"WebPage\",\"@id\":\"https:\/\/www.csj-emballages.com\/es\/produit\/50-tapas-para-vasos-de-aluminio-desechables-de-150-ml\/\",\"url\":\"https:\/\/www.csj-emballages.com\/es\/produit\/50-tapas-para-vasos-de-aluminio-desechables-de-150-ml\/\",\"name\":\"Tapa de pl\u00e1stico para vaso GO125, pack de 50\",\"isPartOf\":{\"@id\":\"https:\/\/www.csj-emballages.com\/es\/#website\"},\"primaryImageOfPage\":{\"@id\":\"https:\/\/www.csj-emballages.com\/es\/produit\/50-tapas-para-vasos-de-aluminio-desechables-de-150-ml\/#primaryimage\"},\"image\":{\"@id\":\"https:\/\/www.csj-emballages.com\/es\/produit\/50-tapas-para-vasos-de-aluminio-desechables-de-150-ml\/#primaryimage\"},\"thumbnailUrl\":\"https:\/\/www.csj-emballages.com\/wp-content\/uploads\/2024\/03\/COUVGO125-1.webp\",\"datePublished\":\"2024-03-01T15:54:45+00:00\",\"dateModified\":\"2026-04-16T00:12:40+00:00\",\"description\":\"Tapa para vaso de aluminio GO125, pack de 50. Cierre pr\u00e1ctico e higi\u00e9nico, ideal para salsas, postres y comida para llevar.\",\"breadcrumb\":{\"@id\":\"https:\/\/www.csj-emballages.com\/es\/produit\/50-tapas-para-vasos-de-aluminio-desechables-de-150-ml\/#breadcrumb\"},\"inLanguage\":\"es\",\"potentialAction\":[{\"@type\":\"ReadAction\",\"target\":[\"https:\/\/www.csj-emballages.com\/es\/produit\/50-tapas-para-vasos-de-aluminio-desechables-de-150-ml\/\"]}]},{\"@type\":\"ImageObject\",\"inLanguage\":\"es\",\"@id\":\"https:\/\/www.csj-emballages.com\/es\/produit\/50-tapas-para-vasos-de-aluminio-desechables-de-150-ml\/#primaryimage\",\"url\":\"https:\/\/www.csj-emballages.com\/wp-content\/uploads\/2024\/03\/COUVGO125-1.webp\",\"contentUrl\":\"https:\/\/www.csj-emballages.com\/wp-content\/uploads\/2024\/03\/COUVGO125-1.webp\",\"width\":800,\"height\":800,\"caption\":\"Couvercle pour godet aluminium\"},{\"@type\":\"BreadcrumbList\",\"@id\":\"https:\/\/www.csj-emballages.com\/es\/produit\/50-tapas-para-vasos-de-aluminio-desechables-de-150-ml\/#breadcrumb\",\"itemListElement\":[{\"@type\":\"ListItem\",\"position\":1,\"name\":\"Accueil\",\"item\":\"https:\/\/www.csj-emballages.com\/es\/universo-del-envasado-alimentario\/\"},{\"@type\":\"ListItem\",\"position\":2,\"name\":\"Tienda\",\"item\":\"https:\/\/www.csj-emballages.com\/tienda\/\"},{\"@type\":\"ListItem\",\"position\":3,\"name\":\"Tapa de pl\u00e1stico para vaso GO125, pack de 50\"}]},{\"@type\":\"WebSite\",\"@id\":\"https:\/\/www.csj-emballages.com\/es\/#website\",\"url\":\"https:\/\/www.csj-emballages.com\/es\/\",\"name\":\"CSJ Emballages\",\"description\":\"\",\"publisher\":{\"@id\":\"https:\/\/www.csj-emballages.com\/es\/#organization\"},\"potentialAction\":[{\"@type\":\"SearchAction\",\"target\":{\"@type\":\"EntryPoint\",\"urlTemplate\":\"https:\/\/www.csj-emballages.com\/es\/?s={search_term_string}\"},\"query-input\":{\"@type\":\"PropertyValueSpecification\",\"valueRequired\":true,\"valueName\":\"search_term_string\"}}],\"inLanguage\":\"es\"},{\"@type\":\"Organization\",\"@id\":\"https:\/\/www.csj-emballages.com\/es\/#Organization\/\",\"name\":\"CSJ Emballages\",\"url\":\"https:\/\/www.csj-emballages.com\/es\/\",\"logo\":{\"@type\":\"ImageObject\",\"inLanguage\":\"es\",\"@id\":\"https:\/\/www.csj-emballages.com\/es\/#\/schema\/logo\/image\/\",\"url\":\"https:\/\/www.csj-emballages.com\/wp-content\/uploads\/2023\/10\/logo_csj.webp\",\"contentUrl\":\"https:\/\/www.csj-emballages.com\/wp-content\/uploads\/2023\/10\/logo_csj.webp\",\"width\":250,\"height\":95,\"caption\":\"CSJ Emballages\"},\"image\":{\"@id\":\"https:\/\/www.csj-emballages.com\/es\/#\/schema\/logo\/image\/\"},\"sameAs\":[\"https:\/\/www.facebook.com\/csjemballages\"],\"address\":{\"@type\":\"PostalAddress\",\"streetAddress\":\"ZI La Lechere\",\"addressLocality\":\"Patornay\",\"postalCode\":\"39130\",\"addressCountry\":\"FR\"},\"contactPoint\":[{\"@type\":\"ContactPoint\",\"contactType\":\"Service client\",\"telephone\":\"0384254272\",\"email\":\"contact@csj-emballages.com\"}]}]}<\/script>\n<!-- \/ Yoast SEO Premium plugin. -->","yoast_head_json":{"title":"Tapa de pl\u00e1stico para vaso GO125, pack de 50","description":"Tapa para vaso de aluminio GO125, pack de 50. Cierre pr\u00e1ctico e higi\u00e9nico, ideal para salsas, postres y comida para llevar.","robots":{"index":"index","follow":"follow","max-snippet":"max-snippet:-1","max-image-preview":"max-image-preview:large","max-video-preview":"max-video-preview:-1"},"canonical":"https:\/\/www.csj-emballages.com\/es\/produit\/50-tapas-para-vasos-de-aluminio-desechables-de-150-ml\/","og_locale":"es_ES","og_type":"article","og_title":"Tapa de pl\u00e1stico para vaso GO125, pack de 50","og_description":"Tapa para vaso de aluminio GO125, pack de 50. Cierre pr\u00e1ctico e higi\u00e9nico, ideal para salsas, postres y comida para llevar.","og_url":"https:\/\/www.csj-emballages.com\/es\/produit\/50-tapas-para-vasos-de-aluminio-desechables-de-150-ml\/","og_site_name":"CSJ Emballages","article_publisher":"https:\/\/www.facebook.com\/csjemballages","article_modified_time":"2026-04-16T00:12:40+00:00","og_image":[{"width":800,"height":800,"url":"https:\/\/www.csj-emballages.com\/wp-content\/uploads\/2024\/03\/COUVGO125-1.webp","type":"image\/webp"}],"twitter_card":"summary_large_image","twitter_misc":{"Tiempo de lectura":"2 minutos"},"schema":{"@context":"https:\/\/schema.org","@graph":[{"@type":"WebPage","@id":"https:\/\/www.csj-emballages.com\/es\/produit\/50-tapas-para-vasos-de-aluminio-desechables-de-150-ml\/","url":"https:\/\/www.csj-emballages.com\/es\/produit\/50-tapas-para-vasos-de-aluminio-desechables-de-150-ml\/","name":"Tapa de pl\u00e1stico para vaso GO125, pack de 50","isPartOf":{"@id":"https:\/\/www.csj-emballages.com\/es\/#website"},"primaryImageOfPage":{"@id":"https:\/\/www.csj-emballages.com\/es\/produit\/50-tapas-para-vasos-de-aluminio-desechables-de-150-ml\/#primaryimage"},"image":{"@id":"https:\/\/www.csj-emballages.com\/es\/produit\/50-tapas-para-vasos-de-aluminio-desechables-de-150-ml\/#primaryimage"},"thumbnailUrl":"https:\/\/www.csj-emballages.com\/wp-content\/uploads\/2024\/03\/COUVGO125-1.webp","datePublished":"2024-03-01T15:54:45+00:00","dateModified":"2026-04-16T00:12:40+00:00","description":"Tapa para vaso de aluminio GO125, pack de 50. Cierre pr\u00e1ctico e higi\u00e9nico, ideal para salsas, postres y comida para llevar.","breadcrumb":{"@id":"https:\/\/www.csj-emballages.com\/es\/produit\/50-tapas-para-vasos-de-aluminio-desechables-de-150-ml\/#breadcrumb"},"inLanguage":"es","potentialAction":[{"@type":"ReadAction","target":["https:\/\/www.csj-emballages.com\/es\/produit\/50-tapas-para-vasos-de-aluminio-desechables-de-150-ml\/"]}]},{"@type":"ImageObject","inLanguage":"es","@id":"https:\/\/www.csj-emballages.com\/es\/produit\/50-tapas-para-vasos-de-aluminio-desechables-de-150-ml\/#primaryimage","url":"https:\/\/www.csj-emballages.com\/wp-content\/uploads\/2024\/03\/COUVGO125-1.webp","contentUrl":"https:\/\/www.csj-emballages.com\/wp-content\/uploads\/2024\/03\/COUVGO125-1.webp","width":800,"height":800,"caption":"Couvercle pour godet aluminium"},{"@type":"BreadcrumbList","@id":"https:\/\/www.csj-emballages.com\/es\/produit\/50-tapas-para-vasos-de-aluminio-desechables-de-150-ml\/#breadcrumb","itemListElement":[{"@type":"ListItem","position":1,"name":"Accueil","item":"https:\/\/www.csj-emballages.com\/es\/universo-del-envasado-alimentario\/"},{"@type":"ListItem","position":2,"name":"Tienda","item":"https:\/\/www.csj-emballages.com\/tienda\/"},{"@type":"ListItem","position":3,"name":"Tapa de pl\u00e1stico para vaso GO125, pack de 50"}]},{"@type":"WebSite","@id":"https:\/\/www.csj-emballages.com\/es\/#website","url":"https:\/\/www.csj-emballages.com\/es\/","name":"CSJ Emballages","description":"","publisher":{"@id":"https:\/\/www.csj-emballages.com\/es\/#organization"},"potentialAction":[{"@type":"SearchAction","target":{"@type":"EntryPoint","urlTemplate":"https:\/\/www.csj-emballages.com\/es\/?s={search_term_string}"},"query-input":{"@type":"PropertyValueSpecification","valueRequired":true,"valueName":"search_term_string"}}],"inLanguage":"es"},{"@type":"Organization","@id":"https:\/\/www.csj-emballages.com\/es\/#Organization\/","name":"CSJ Emballages","url":"https:\/\/www.csj-emballages.com\/es\/","logo":{"@type":"ImageObject","inLanguage":"es","@id":"https:\/\/www.csj-emballages.com\/es\/#\/schema\/logo\/image\/","url":"https:\/\/www.csj-emballages.com\/wp-content\/uploads\/2023\/10\/logo_csj.webp","contentUrl":"https:\/\/www.csj-emballages.com\/wp-content\/uploads\/2023\/10\/logo_csj.webp","width":250,"height":95,"caption":"CSJ Emballages"},"image":{"@id":"https:\/\/www.csj-emballages.com\/es\/#\/schema\/logo\/image\/"},"sameAs":["https:\/\/www.facebook.com\/csjemballages"],"address":{"@type":"PostalAddress","streetAddress":"ZI La Lechere","addressLocality":"Patornay","postalCode":"39130","addressCountry":"FR"},"contactPoint":[{"@type":"ContactPoint","contactType":"Service client","telephone":"0384254272","email":"contact@csj-emballages.com"}]}]}},"df_price":3.05,"df_sale_price":"","df_regular_price":3.05,"df_image_link":"https:\/\/www.csj-emballages.com\/wp-content\/uploads\/2024\/03\/COUVGO125-1-300x300.webp","tiered_pricing_type":"fixed","tiered_pricing_fixed_rules":[],"tiered_pricing_percentage_rules":[],"tiered_pricing_minimum":1,"tiered_pricing_roles_data":[],"_links":{"self":[{"href":"https:\/\/www.csj-emballages.com\/es\/wp-json\/wp\/v2\/product\/20292","targetHints":{"allow":["GET"]}}],"collection":[{"href":"https:\/\/www.csj-emballages.com\/es\/wp-json\/wp\/v2\/product"}],"about":[{"href":"https:\/\/www.csj-emballages.com\/es\/wp-json\/wp\/v2\/types\/product"}],"wp:featuredmedia":[{"embeddable":true,"href":"https:\/\/www.csj-emballages.com\/es\/wp-json\/wp\/v2\/media\/263477"}],"wp:attachment":[{"href":"https:\/\/www.csj-emballages.com\/es\/wp-json\/wp\/v2\/media?parent=20292"}],"wp:term":[{"taxonomy":"product_brand","embeddable":true,"href":"https:\/\/www.csj-emballages.com\/es\/wp-json\/wp\/v2\/product_brand?post=20292"},{"taxonomy":"product_cat","embeddable":true,"href":"https:\/\/www.csj-emballages.com\/es\/wp-json\/wp\/v2\/product_cat?post=20292"},{"taxonomy":"product_tag","embeddable":true,"href":"https:\/\/www.csj-emballages.com\/es\/wp-json\/wp\/v2\/product_tag?post=20292"}],"curies":[{"name":"wp","href":"https:\/\/api.w.org\/{rel}","templated":true}]}}